{"id":166076,"date":"2020-12-15T10:56:06","date_gmt":"2020-12-15T09:56:06","guid":{"rendered":"https:\/\/thetreecbd.com\/cbd\/cbd-ol-20-ohne-thc"},"modified":"2020-12-15T10:56:06","modified_gmt":"2020-12-15T09:56:06","slug":"cbd-ol-20-ohne-thc","status":"publish","type":"product","link":"https:\/\/thetreecbd.com\/de\/cbd\/cbd-ol-20-ohne-thc","title":{"rendered":"CBD-\u00d6l 20% Ohne THC"},"content":{"rendered":"<p data-start=\"97\" data-end=\"277\"><strong data-start=\"97\" data-end=\"116\">Das 20\u202f% CBD-\u00d6l<\/strong> wird auf Basis von Hanfsamen\u00f6l mit Breitbandextrakt aus Hanfbl\u00fcten hergestellt. Es enth\u00e4lt die meisten aktiven Bestandteile der Hanfpflanze, jedoch <strong data-start=\"265\" data-end=\"276\">0\u202f% THC<\/strong>.<\/p>\n<p data-start=\"279\" data-end=\"404\"><strong data-start=\"279\" data-end=\"333\">Dieses CBD-\u00d6l wurde ohne L\u00f6sungsmittel hergestellt<\/strong> \u2013 frei von Alkohol, Gasen oder anderen aggressiven Extraktionsmitteln.<\/p>\n<p data-start=\"406\" data-end=\"716\">So bewahrt das \u00d6l von <strong data-start=\"428\" data-end=\"444\">The Tree CBD<\/strong> die meisten Bestandteile und Eigenschaften der Hanfbl\u00fcte. Es liefert haupts\u00e4chlich <strong data-start=\"528\" data-end=\"554\">20\u202f% Cannabidiol (CBD)<\/strong> sowie geringere Mengen an <strong data-start=\"581\" data-end=\"603\">CBG, CBF, CBN, CBC<\/strong> und \u00fcber <strong data-start=\"613\" data-end=\"649\">40 nat\u00fcrlich vorkommende Terpene<\/strong> im Hanf. Diese L\u00f6sung enth\u00e4lt das <strong data-start=\"684\" data-end=\"703\">breite Spektrum<\/strong> der Pflanze.<\/p>\n<p data-start=\"718\" data-end=\"914\"><strong data-start=\"718\" data-end=\"760\">Unser \u00d6l stammt aus \u00f6kologischem Anbau<\/strong>, ist frei von Pestiziden und sch\u00e4dlichen Chemikalien und unterliegt strengsten Qualit\u00e4tskontrollen. Die Zutaten sind zu <strong data-start=\"881\" data-end=\"913\">100\u202f% pflanzlichen Ursprungs<\/strong>.<\/p>\n<p data-start=\"916\" data-end=\"1445\">Wenn du eine <strong data-start=\"929\" data-end=\"965\">hoch konzentrierte CBD-Dosierung<\/strong> brauchst, ist unsere <strong data-start=\"987\" data-end=\"1010\">20\u202f%-Formel perfekt<\/strong>. Sie wurde speziell f\u00fcr Personen entwickelt, die bereits Erfahrungen mit CBD gemacht haben. <strong data-start=\"1103\" data-end=\"1126\">Jede Flasche CBD-\u00d6l<\/strong> unterliegt einer strengen Qualit\u00e4tskontrolle und wird aus biologisch angebautem Hanf extrahiert. Dank eines <strong data-start=\"1235\" data-end=\"1298\">fortschrittlichen CO\u2082-Extraktions- und Reinigungsverfahrens<\/strong> und unabh\u00e4ngiger Labortests enth\u00e4lt jede Flasche <strong data-start=\"1348\" data-end=\"1368\">hochwertiges CBD<\/strong>, das frei von Nebenwirkungen, Zusatzstoffen und k\u00fcnstlichen Chemikalien ist.<\/p>\n<p data-start=\"1447\" data-end=\"1524\"><strong data-start=\"1447\" data-end=\"1477\">Dieses \u00d6l enth\u00e4lt kein THC<\/strong> und hat daher <strong data-start=\"1492\" data-end=\"1523\">keine psychoaktiven Effekte<\/strong>.<\/p>\n<p data-start=\"1531\" data-end=\"1566\"><strong data-start=\"1531\" data-end=\"1564\">Eigenschaften von 20\u202f% CBD-\u00d6l<\/strong><\/p>\n<ul data-start=\"1567\" data-end=\"1808\">\n<li data-start=\"1567\" data-end=\"1599\">\n<p data-start=\"1569\" data-end=\"1599\">\u00d6l auf Basis von Hanfsamen\u00f6l<\/p>\n<\/li>\n<li data-start=\"1600\" data-end=\"1648\">\n<p data-start=\"1602\" data-end=\"1648\"><strong data-start=\"1602\" data-end=\"1626\">20\u202f% CBD pro Tropfen<\/strong> (10\u202fmg pro Tropfen)<\/p>\n<\/li>\n<li data-start=\"1649\" data-end=\"1675\">\n<p data-start=\"1651\" data-end=\"1675\">10\u202fml Dosierfl\u00e4schchen<\/p>\n<\/li>\n<li data-start=\"1676\" data-end=\"1751\">\n<p data-start=\"1678\" data-end=\"1751\"><strong data-start=\"1678\" data-end=\"1700\">\u00d6kologischer Anbau<\/strong>, frei von Pestiziden und sch\u00e4dlichen Chemikalien<\/p>\n<\/li>\n<li data-start=\"1752\" data-end=\"1776\">\n<p data-start=\"1754\" data-end=\"1776\"><strong data-start=\"1754\" data-end=\"1774\">Enth\u00e4lt kein THC<\/strong><\/p>\n<\/li>\n<li data-start=\"1777\" data-end=\"1808\">\n<p data-start=\"1779\" data-end=\"1808\"><strong data-start=\"1779\" data-end=\"1808\">Zur \u00e4u\u00dferlichen Anwendung<\/strong><\/p>\n<\/li>\n<\/ul>\n<p data-start=\"1815\" data-end=\"1866\"><strong data-start=\"1815\" data-end=\"1832\">Inhaltsstoffe<\/strong><br data-start=\"1832\" data-end=\"1835\" \/>Hanfsamen\u00f6l und CO\u2082-Hanfextrakt<\/p>\n<p data-start=\"1873\" data-end=\"2091\"><strong data-start=\"1873\" data-end=\"1886\">CBD-Aroma<\/strong><br data-start=\"1886\" data-end=\"1889\" \/><strong data-start=\"1889\" data-end=\"1900\">Terpene<\/strong> finden sich in den meisten \u00e4therischen \u00d6len vieler Pflanzen, Blumen und Fr\u00fcchte. Sie sind verantwortlich f\u00fcr <strong data-start=\"2010\" data-end=\"2034\">Geruch und Geschmack<\/strong>. In Cannabis gibt es ein besonders breites Terpenprofil.<\/p>\n<p data-start=\"2093\" data-end=\"2275\">CBD-\u00d6le, die aus <strong data-start=\"2110\" data-end=\"2148\">hochwertigen Vollspektrumextrakten<\/strong> hergestellt werden, <strong data-start=\"2169\" data-end=\"2194\">riechen nach Cannabis<\/strong>. Das liegt daran, dass ein Gro\u00dfteil des Cannabisgeruchs von den Terpenen stammt.<\/p>\n<p data-start=\"2282\" data-end=\"2541\"><strong data-start=\"2282\" data-end=\"2296\">Zielgruppe<\/strong><br data-start=\"2296\" data-end=\"2299\" \/>CBD-\u00d6le mit einer Konzentration von <strong data-start=\"2335\" data-end=\"2343\">20\u202f%<\/strong> geh\u00f6ren zur <strong data-start=\"2356\" data-end=\"2382\">hochpotenten Kategorie<\/strong>, da der CBD-Gehalt sehr hoch ist. Sie sind ideal f\u00fcr Personen, die eine <strong data-start=\"2455\" data-end=\"2483\">intensive Wirkung suchen<\/strong> oder bereits viel Erfahrung mit diesem Cannabinoid haben.<\/p>\n<p data-start=\"2543\" data-end=\"2693\">Dieses \u00d6l ist besonders f\u00fcr Menschen geeignet, die <strong data-start=\"2594\" data-end=\"2643\">von den Vorteilen des CBD profitieren m\u00f6chten<\/strong>, aber ein <strong data-start=\"2654\" data-end=\"2681\">Produkt ohne THC-Anteil<\/strong> bevorzugen.<\/p>\n<p data-start=\"2700\" data-end=\"2969\"><strong data-start=\"2700\" data-end=\"2723\">Sicherheitshinweise<\/strong><br data-start=\"2723\" data-end=\"2726\" \/>Bitte beachte, dass das <strong data-start=\"2750\" data-end=\"2791\">20\u202f% Vollspektrum-CBD-\u00d6l von The Tree<\/strong> ein Produkt zur <strong data-start=\"2808\" data-end=\"2831\">topischen Anwendung<\/strong> ist. Es darf <strong data-start=\"2845\" data-end=\"2897\">nicht w\u00e4hrend der Schwangerschaft oder Stillzeit<\/strong> verwendet werden. <strong data-start=\"2916\" data-end=\"2969\">Au\u00dferhalb der Reichweite von Kindern aufbewahren.<\/strong><\/p>\n<p data-start=\"2971\" data-end=\"2999\"><strong data-start=\"2971\" data-end=\"2999\">Das \u00d6l enth\u00e4lt kein THC.<\/strong><\/p>\n<p data-start=\"3001\" data-end=\"3276\">Die bereitgestellten Inhalte dienen <strong data-start=\"3037\" data-end=\"3090\">ausschlie\u00dflich Informations- und Schulungszwecken<\/strong> und ersetzen in keiner Weise die medizinische Beratung durch einen Arzt oder Apotheker. Unsere Texte sind <strong data-start=\"3197\" data-end=\"3266\">nicht zur eigenst\u00e4ndigen Diagnose oder Behandlung von Krankheiten<\/strong> bestimmt.<\/p>\n<p data-start=\"3278\" data-end=\"3332\"><strong data-start=\"3278\" data-end=\"3302\">Kontaktiere uns gern<\/strong>, wenn du weitere Fragen hast.<\/p>\n<p data-start=\"3339\" data-end=\"3589\"><strong data-start=\"3339\" data-end=\"3351\">Lagerung<\/strong><br data-start=\"3351\" data-end=\"3354\" \/>Idealerweise sollte das <strong data-start=\"3378\" data-end=\"3401\">CBD-\u00d6l von The Tree<\/strong> an einem <strong data-start=\"3411\" data-end=\"3436\">k\u00fchlen, trockenen Ort<\/strong>, gesch\u00fctzt vor Licht und starken Ger\u00fcchen aufbewahrt werden, um jegliche Kontamination zu vermeiden. <strong data-start=\"3538\" data-end=\"3589\">Direkte Sonneneinstrahlung und Hitze vermeiden.<\/strong><\/p>\n<p data-start=\"3591\" data-end=\"3673\"><strong data-start=\"3591\" data-end=\"3619\">K\u00fchl und trocken lagern.<\/strong> <strong data-start=\"3620\" data-end=\"3673\">Au\u00dferhalb der Reichweite von Kindern aufbewahren.<\/strong><\/p>\n<p data-start=\"3675\" data-end=\"3763\"><strong data-start=\"3675\" data-end=\"3687\">Achtung:<\/strong> Die angegebene Haltbarkeit betr\u00e4gt <strong data-start=\"3723\" data-end=\"3763\">zwei Jahre bei sachgem\u00e4\u00dfer Lagerung.<\/strong><\/p>\n","protected":false},"excerpt":{"rendered":"<ul>\n<li><strong data-start=\"91\" data-end=\"123\">\u00d6l auf Basis von Hanfsamen\u00f6l<\/strong><\/li>\n<li><strong data-start=\"126\" data-end=\"150\">20\u202f% CBD pro Tropfen<\/strong> (10\u202fmg pro Tropfen)<\/li>\n<li><strong data-start=\"173\" data-end=\"199\">10\u202fml Dosierfl\u00e4schchen<\/strong><\/li>\n<li><strong data-start=\"202\" data-end=\"224\">\u00d6kologischer Anbau<\/strong>, frei von Pestiziden und sch\u00e4dlichen Chemikalien<\/li>\n<li><strong data-start=\"276\" data-end=\"296\">Enth\u00e4lt kein THC<\/strong><\/li>\n<li><strong data-start=\"299\" data-end=\"328\" data-is-last-node=\"\">Zur \u00e4u\u00dferlichen Anwendung<\/strong><\/li>\n<\/ul>\n","protected":false},"featured_media":166080,"template":"","meta":{"_acf_changed":false},"product_brand":[],"class_list":{"0":"post-166076","1":"product","2":"type-product","3":"status-publish","4":"has-post-thumbnail","6":"product_cat-breitband","7":"product_cat-cbd-ol","8":"product_cat-cbd-ole-mit-20","9":"product_cat-produkte-mit-20-cbd","11":"first","12":"outofstock","13":"taxable","14":"shipping-taxable","15":"purchasable","16":"product-type-simple"},"acf":[],"yoast_head":"<!-- This site is optimized with the Yoast SEO plugin v26.3 - https:\/\/yoast.com\/wordpress\/plugins\/seo\/ -->\n<title>CBD-\u00d6l 20% Ohne THC | The Tree CBD<\/title>\n<meta name=\"description\" content=\"20\u202f% CBD-\u00d6l mit Breitspektrum und MCT-\u00d6l, verursacht keine psychotropen Effekte und ist ideal zum Einschlafen. 20\u202f% CBD-\u00d6l ohne THC\" \/>\n<meta name=\"robots\" content=\"index, follow, max-snippet:-1, max-image-preview:large, max-video-preview:-1\" \/>\n<link rel=\"canonical\" href=\"https:\/\/thetreecbd.com\/de\/cbd\/cbd-ol-20-ohne-thc\" \/>\n<meta property=\"og:locale\" content=\"de_DE\" \/>\n<meta property=\"og:type\" content=\"article\" \/>\n<meta property=\"og:title\" content=\"CBD-\u00d6l 20% Ohne THC | The Tree CBD\" \/>\n<meta property=\"og:description\" content=\"20\u202f% CBD-\u00d6l mit Breitspektrum und MCT-\u00d6l, verursacht keine psychotropen Effekte und ist ideal zum Einschlafen. 20\u202f% CBD-\u00d6l ohne THC\" \/>\n<meta property=\"og:url\" content=\"https:\/\/thetreecbd.com\/de\/cbd\/cbd-ol-20-ohne-thc\" \/>\n<meta property=\"og:site_name\" content=\"The Tree CBD\" \/>\n<meta property=\"article:publisher\" content=\"https:\/\/www.facebook.com\/thetreeCBD\/\" \/>\n<meta property=\"og:image\" content=\"https:\/\/thetreecbd.com\/wp-content\/uploads\/2020\/12\/aceite-broad-spectrum-20_1.jpg\" \/>\n\t<meta property=\"og:image:width\" content=\"600\" \/>\n\t<meta property=\"og:image:height\" content=\"720\" \/>\n\t<meta property=\"og:image:type\" content=\"image\/jpeg\" \/>\n<meta name=\"twitter:card\" content=\"summary_large_image\" \/>\n<meta name=\"twitter:site\" content=\"@TheTreeCBD_EU\" \/>\n<meta name=\"twitter:label1\" content=\"Gesch\u00e4tzte Lesezeit\" \/>\n\t<meta name=\"twitter:data1\" content=\"2\u00a0Minuten\" \/>\n<script type=\"application\/ld+json\" class=\"yoast-schema-graph\">{\"@context\":\"https:\/\/schema.org\",\"@graph\":[{\"@type\":[\"WebPage\",\"ItemPage\"],\"@id\":\"https:\/\/thetreecbd.com\/de\/cbd\/cbd-ol-20-ohne-thc\",\"url\":\"https:\/\/thetreecbd.com\/de\/cbd\/cbd-ol-20-ohne-thc\",\"name\":\"CBD-\u00d6l 20% Ohne THC | The Tree CBD\",\"isPartOf\":{\"@id\":\"https:\/\/thetreecbd.com\/de#website\"},\"primaryImageOfPage\":{\"@id\":\"https:\/\/thetreecbd.com\/de\/cbd\/cbd-ol-20-ohne-thc#primaryimage\"},\"image\":{\"@id\":\"https:\/\/thetreecbd.com\/de\/cbd\/cbd-ol-20-ohne-thc#primaryimage\"},\"thumbnailUrl\":\"https:\/\/thetreecbd.com\/wp-content\/uploads\/2020\/12\/aceite-broad-spectrum-20_1.jpg\",\"datePublished\":\"2020-12-15T09:56:06+00:00\",\"description\":\"20\u202f% CBD-\u00d6l mit Breitspektrum und MCT-\u00d6l, verursacht keine psychotropen Effekte und ist ideal zum Einschlafen. 20\u202f% CBD-\u00d6l ohne THC\",\"breadcrumb\":{\"@id\":\"https:\/\/thetreecbd.com\/de\/cbd\/cbd-ol-20-ohne-thc#breadcrumb\"},\"inLanguage\":\"de\",\"potentialAction\":[{\"@type\":\"ReadAction\",\"target\":[\"https:\/\/thetreecbd.com\/de\/cbd\/cbd-ol-20-ohne-thc\"]}]},{\"@type\":\"ImageObject\",\"inLanguage\":\"de\",\"@id\":\"https:\/\/thetreecbd.com\/de\/cbd\/cbd-ol-20-ohne-thc#primaryimage\",\"url\":\"https:\/\/thetreecbd.com\/wp-content\/uploads\/2020\/12\/aceite-broad-spectrum-20_1.jpg\",\"contentUrl\":\"https:\/\/thetreecbd.com\/wp-content\/uploads\/2020\/12\/aceite-broad-spectrum-20_1.jpg\",\"width\":600,\"height\":720},{\"@type\":\"BreadcrumbList\",\"@id\":\"https:\/\/thetreecbd.com\/de\/cbd\/cbd-ol-20-ohne-thc#breadcrumb\",\"itemListElement\":[{\"@type\":\"ListItem\",\"position\":1,\"name\":\"The Tree\",\"item\":\"https:\/\/thetreecbd.com\/de\"},{\"@type\":\"ListItem\",\"position\":2,\"name\":\"CBD\",\"item\":\"https:\/\/thetreecbd.com\/es\/cbd\"},{\"@type\":\"ListItem\",\"position\":3,\"name\":\"CBD-\u00d6l\",\"item\":\"https:\/\/thetreecbd.com\/de\/cbd-ol\"},{\"@type\":\"ListItem\",\"position\":4,\"name\":\"Breitband-CBD-\u00d6l THC-frei\",\"item\":\"https:\/\/thetreecbd.com\/de\/cbd-ol\/breitband\"},{\"@type\":\"ListItem\",\"position\":5,\"name\":\"CBD-\u00d6l 20% Ohne THC\"}]},{\"@type\":\"WebSite\",\"@id\":\"https:\/\/thetreecbd.com\/de#website\",\"url\":\"https:\/\/thetreecbd.com\/de\",\"name\":\"The Tree CBD\",\"description\":\"Comprar CBD en Espa\u00f1a Online\",\"publisher\":{\"@id\":\"https:\/\/thetreecbd.com\/de#organization\"},\"potentialAction\":[{\"@type\":\"SearchAction\",\"target\":{\"@type\":\"EntryPoint\",\"urlTemplate\":\"https:\/\/thetreecbd.com\/de?s={search_term_string}\"},\"query-input\":{\"@type\":\"PropertyValueSpecification\",\"valueRequired\":true,\"valueName\":\"search_term_string\"}}],\"inLanguage\":\"de\"},{\"@type\":\"Organization\",\"@id\":\"https:\/\/thetreecbd.com\/de#organization\",\"name\":\"The Tree CBD\",\"url\":\"https:\/\/thetreecbd.com\/de\",\"logo\":{\"@type\":\"ImageObject\",\"inLanguage\":\"de\",\"@id\":\"https:\/\/thetreecbd.com\/de#\/schema\/logo\/image\/\",\"url\":\"https:\/\/thetreecbd.com\/wp-content\/uploads\/2022\/04\/logo-thetree.png\",\"contentUrl\":\"https:\/\/thetreecbd.com\/wp-content\/uploads\/2022\/04\/logo-thetree.png\",\"width\":172,\"height\":55,\"caption\":\"The Tree CBD\"},\"image\":{\"@id\":\"https:\/\/thetreecbd.com\/de#\/schema\/logo\/image\/\"},\"sameAs\":[\"https:\/\/www.facebook.com\/thetreeCBD\/\",\"https:\/\/x.com\/TheTreeCBD_EU\",\"https:\/\/www.instagram.com\/thetree.cbd\/\",\"https:\/\/es.trustpilot.com\/review\/thetreecbd.com\"]}]}<\/script>\n<!-- \/ Yoast SEO plugin. -->","yoast_head_json":{"title":"CBD-\u00d6l 20% Ohne THC | The Tree CBD","description":"20\u202f% CBD-\u00d6l mit Breitspektrum und MCT-\u00d6l, verursacht keine psychotropen Effekte und ist ideal zum Einschlafen. 20\u202f% CBD-\u00d6l ohne THC","robots":{"index":"index","follow":"follow","max-snippet":"max-snippet:-1","max-image-preview":"max-image-preview:large","max-video-preview":"max-video-preview:-1"},"canonical":"https:\/\/thetreecbd.com\/de\/cbd\/cbd-ol-20-ohne-thc","og_locale":"de_DE","og_type":"article","og_title":"CBD-\u00d6l 20% Ohne THC | The Tree CBD","og_description":"20\u202f% CBD-\u00d6l mit Breitspektrum und MCT-\u00d6l, verursacht keine psychotropen Effekte und ist ideal zum Einschlafen. 20\u202f% CBD-\u00d6l ohne THC","og_url":"https:\/\/thetreecbd.com\/de\/cbd\/cbd-ol-20-ohne-thc","og_site_name":"The Tree CBD","article_publisher":"https:\/\/www.facebook.com\/thetreeCBD\/","og_image":[{"width":600,"height":720,"url":"https:\/\/thetreecbd.com\/wp-content\/uploads\/2020\/12\/aceite-broad-spectrum-20_1.jpg","type":"image\/jpeg"}],"twitter_card":"summary_large_image","twitter_site":"@TheTreeCBD_EU","twitter_misc":{"Gesch\u00e4tzte Lesezeit":"2\u00a0Minuten"},"schema":{"@context":"https:\/\/schema.org","@graph":[{"@type":["WebPage","ItemPage"],"@id":"https:\/\/thetreecbd.com\/de\/cbd\/cbd-ol-20-ohne-thc","url":"https:\/\/thetreecbd.com\/de\/cbd\/cbd-ol-20-ohne-thc","name":"CBD-\u00d6l 20% Ohne THC | The Tree CBD","isPartOf":{"@id":"https:\/\/thetreecbd.com\/de#website"},"primaryImageOfPage":{"@id":"https:\/\/thetreecbd.com\/de\/cbd\/cbd-ol-20-ohne-thc#primaryimage"},"image":{"@id":"https:\/\/thetreecbd.com\/de\/cbd\/cbd-ol-20-ohne-thc#primaryimage"},"thumbnailUrl":"https:\/\/thetreecbd.com\/wp-content\/uploads\/2020\/12\/aceite-broad-spectrum-20_1.jpg","datePublished":"2020-12-15T09:56:06+00:00","description":"20\u202f% CBD-\u00d6l mit Breitspektrum und MCT-\u00d6l, verursacht keine psychotropen Effekte und ist ideal zum Einschlafen. 20\u202f% CBD-\u00d6l ohne THC","breadcrumb":{"@id":"https:\/\/thetreecbd.com\/de\/cbd\/cbd-ol-20-ohne-thc#breadcrumb"},"inLanguage":"de","potentialAction":[{"@type":"ReadAction","target":["https:\/\/thetreecbd.com\/de\/cbd\/cbd-ol-20-ohne-thc"]}]},{"@type":"ImageObject","inLanguage":"de","@id":"https:\/\/thetreecbd.com\/de\/cbd\/cbd-ol-20-ohne-thc#primaryimage","url":"https:\/\/thetreecbd.com\/wp-content\/uploads\/2020\/12\/aceite-broad-spectrum-20_1.jpg","contentUrl":"https:\/\/thetreecbd.com\/wp-content\/uploads\/2020\/12\/aceite-broad-spectrum-20_1.jpg","width":600,"height":720},{"@type":"BreadcrumbList","@id":"https:\/\/thetreecbd.com\/de\/cbd\/cbd-ol-20-ohne-thc#breadcrumb","itemListElement":[{"@type":"ListItem","position":1,"name":"The Tree","item":"https:\/\/thetreecbd.com\/de"},{"@type":"ListItem","position":2,"name":"CBD","item":"https:\/\/thetreecbd.com\/es\/cbd"},{"@type":"ListItem","position":3,"name":"CBD-\u00d6l","item":"https:\/\/thetreecbd.com\/de\/cbd-ol"},{"@type":"ListItem","position":4,"name":"Breitband-CBD-\u00d6l THC-frei","item":"https:\/\/thetreecbd.com\/de\/cbd-ol\/breitband"},{"@type":"ListItem","position":5,"name":"CBD-\u00d6l 20% Ohne THC"}]},{"@type":"WebSite","@id":"https:\/\/thetreecbd.com\/de#website","url":"https:\/\/thetreecbd.com\/de","name":"The Tree CBD","description":"Comprar CBD en Espa\u00f1a Online","publisher":{"@id":"https:\/\/thetreecbd.com\/de#organization"},"potentialAction":[{"@type":"SearchAction","target":{"@type":"EntryPoint","urlTemplate":"https:\/\/thetreecbd.com\/de?s={search_term_string}"},"query-input":{"@type":"PropertyValueSpecification","valueRequired":true,"valueName":"search_term_string"}}],"inLanguage":"de"},{"@type":"Organization","@id":"https:\/\/thetreecbd.com\/de#organization","name":"The Tree CBD","url":"https:\/\/thetreecbd.com\/de","logo":{"@type":"ImageObject","inLanguage":"de","@id":"https:\/\/thetreecbd.com\/de#\/schema\/logo\/image\/","url":"https:\/\/thetreecbd.com\/wp-content\/uploads\/2022\/04\/logo-thetree.png","contentUrl":"https:\/\/thetreecbd.com\/wp-content\/uploads\/2022\/04\/logo-thetree.png","width":172,"height":55,"caption":"The Tree CBD"},"image":{"@id":"https:\/\/thetreecbd.com\/de#\/schema\/logo\/image\/"},"sameAs":["https:\/\/www.facebook.com\/thetreeCBD\/","https:\/\/x.com\/TheTreeCBD_EU","https:\/\/www.instagram.com\/thetree.cbd\/","https:\/\/es.trustpilot.com\/review\/thetreecbd.com"]}]}},"_links":{"self":[{"href":"https:\/\/thetreecbd.com\/de\/wp-json\/wp\/v2\/product\/166076","targetHints":{"allow":["GET"]}}],"collection":[{"href":"https:\/\/thetreecbd.com\/de\/wp-json\/wp\/v2\/product"}],"about":[{"href":"https:\/\/thetreecbd.com\/de\/wp-json\/wp\/v2\/types\/product"}],"version-history":[{"count":0,"href":"https:\/\/thetreecbd.com\/de\/wp-json\/wp\/v2\/product\/166076\/revisions"}],"wp:featuredmedia":[{"embeddable":true,"href":"https:\/\/thetreecbd.com\/de\/wp-json\/wp\/v2\/media\/166080"}],"wp:attachment":[{"href":"https:\/\/thetreecbd.com\/de\/wp-json\/wp\/v2\/media?parent=166076"}],"wp:term":[{"taxonomy":"product_brand","embeddable":true,"href":"https:\/\/thetreecbd.com\/de\/wp-json\/wp\/v2\/product_brand?post=166076"}],"curies":[{"name":"wp","href":"https:\/\/api.w.org\/{rel}","templated":true}]}}