{"id":166087,"date":"2021-03-09T15:04:23","date_gmt":"2021-03-09T14:04:23","guid":{"rendered":"https:\/\/thetreecbd.com\/cbd\/5-cbd-ol-vollspektrum"},"modified":"2021-03-09T15:04:23","modified_gmt":"2021-03-09T14:04:23","slug":"5-cbd-ol-vollspektrum","status":"publish","type":"product","link":"https:\/\/thetreecbd.com\/de\/cbd\/5-cbd-ol-vollspektrum","title":{"rendered":"5\u202f% CBD-\u00d6l Vollspektrum"},"content":{"rendered":"<p data-start=\"107\" data-end=\"442\"><strong data-start=\"107\" data-end=\"138\">Das 5\u202f% CBD-Vollspektrum-\u00d6l<\/strong> wird aus Extrakt von Hanfbl\u00fcten hergestellt und enth\u00e4lt <strong data-start=\"195\" data-end=\"224\">alle aktiven Bestandteile<\/strong> der Hanfpflanze. Es bewahrt den nat\u00fcrlichen <strong data-start=\"269\" data-end=\"295\">THC-Gehalt der Pflanze<\/strong>, wobei dieser stets unter <strong data-start=\"322\" data-end=\"331\">0,2\u202f%<\/strong> liegt. Im Gegensatz dazu enth\u00e4lt das Breitspektrum-\u00d6l zwar die meisten Wirkstoffe des Hanfs, aber <strong data-start=\"430\" data-end=\"441\">0\u202f% THC<\/strong>.<\/p>\n<p data-start=\"444\" data-end=\"732\"><strong data-start=\"444\" data-end=\"498\">Dieses CBD-\u00d6l wurde ohne L\u00f6sungsmittel hergestellt<\/strong> \u2013 es ist frei von Alkoholen, Gasen oder anderen aggressiven Extraktionsmitteln. W\u00e4hrend das Breitspektrum-\u00d6l den THC-Gehalt der Pflanze nicht bewahrt, enth\u00e4lt dieses <strong data-start=\"665\" data-end=\"688\">Vollspektrum-CBD-\u00d6l<\/strong> das nat\u00fcrliche THC \u2013 <strong data-start=\"710\" data-end=\"731\">stets unter 0,2\u202f%<\/strong>.<\/p>\n<p data-start=\"739\" data-end=\"1124\"><strong data-start=\"739\" data-end=\"777\">Inhaltsstoffe und Aussehen des \u00d6ls<\/strong><br data-start=\"777\" data-end=\"780\" \/>Au\u00dferdem hat das <strong data-start=\"797\" data-end=\"824\">5\u202f% Vollspektrum-CBD-\u00d6l<\/strong> ein anderes Aussehen im Vergleich zum Breitspektrum-\u00d6l. Da es <strong data-start=\"887\" data-end=\"928\">alle Bestandteile der Pflanze enth\u00e4lt<\/strong> und gefiltert ist, hat es eine <strong data-start=\"960\" data-end=\"979\">goldgelbe Farbe<\/strong>, die an \u00d6l erinnert, und dennoch bleibt die Reinheit des \u00d6ls erhalten. Im Vergleich dazu ist das Breitspektrum-\u00d6l <strong data-start=\"1094\" data-end=\"1123\">durchsichtiger und heller<\/strong>.<\/p>\n<p data-start=\"1126\" data-end=\"1428\">So bewahrt das \u00d6l von <strong data-start=\"1148\" data-end=\"1164\">The Tree CBD<\/strong> alle Bestandteile und Eigenschaften der Hanfbl\u00fcte. Es enth\u00e4lt haupts\u00e4chlich <strong data-start=\"1241\" data-end=\"1266\">5\u202f% Cannabidiol (CBD)<\/strong> sowie geringe Mengen an <strong data-start=\"1291\" data-end=\"1313\">CBG, CBF, CBN, CBC<\/strong> und \u00fcber <strong data-start=\"1323\" data-end=\"1359\">40 nat\u00fcrlich vorkommende Terpene<\/strong> im Hanf. Diese L\u00f6sung enth\u00e4lt <strong data-start=\"1390\" data-end=\"1427\">das vollst\u00e4ndige Pflanzenspektrum<\/strong>.<\/p>\n<p data-start=\"1435\" data-end=\"1949\"><strong data-start=\"1435\" data-end=\"1462\">Warum dieses \u00d6l w\u00e4hlen?<\/strong><br data-start=\"1462\" data-end=\"1465\" \/>Wenn du eine <strong data-start=\"1478\" data-end=\"1501\">milde CBD-Dosierung<\/strong> ben\u00f6tigst, ist unsere <strong data-start=\"1524\" data-end=\"1546\">5\u202f%-Formel perfekt<\/strong>. Sie wurde speziell f\u00fcr Personen entwickelt, die <strong data-start=\"1596\" data-end=\"1632\">erste Erfahrungen mit CBD machen<\/strong> m\u00f6chten. <strong data-start=\"1642\" data-end=\"1658\">Jede Flasche<\/strong> unterliegt einer strengen Qualit\u00e4tskontrolle und wird aus \u00f6kologisch angebautem Hanf gewonnen. Dank <strong data-start=\"1759\" data-end=\"1809\">fortschrittlicher CO\u2082-Extraktion und Reinigung<\/strong> sowie <strong data-start=\"1816\" data-end=\"1838\">unabh\u00e4ngiger Tests<\/strong> enth\u00e4lt jede Flasche <strong data-start=\"1860\" data-end=\"1880\">hochwertiges CBD<\/strong>, frei von Nebenwirkungen, Zusatzstoffen und k\u00fcnstlichen Chemikalien.<\/p>\n<p data-start=\"1951\" data-end=\"2159\">Unser \u00d6l stammt aus <strong data-start=\"1971\" data-end=\"1993\">\u00f6kologischem Anbau<\/strong>, ist <strong data-start=\"1999\" data-end=\"2050\">frei von Pestiziden und sch\u00e4dlichen Chemikalien<\/strong>, unterliegt den <strong data-start=\"2067\" data-end=\"2101\">strengsten Qualit\u00e4tskontrollen<\/strong> und besteht zu <strong data-start=\"2117\" data-end=\"2158\">100\u202f% aus pflanzlichen Inhaltsstoffen<\/strong>.<\/p>\n<p data-start=\"2161\" data-end=\"2274\">Dieses \u00d6l enth\u00e4lt <strong data-start=\"2179\" data-end=\"2204\">weniger als 0,2\u202f% THC<\/strong>, hat <strong data-start=\"2210\" data-end=\"2240\">keine psychoaktive Wirkung<\/strong> und ist <strong data-start=\"2249\" data-end=\"2273\">in ganz Europa legal<\/strong>.<\/p>\n<p data-start=\"2281\" data-end=\"2328\"><strong data-start=\"2281\" data-end=\"2326\">Eigenschaften von 5\u202f% Vollspektrum-CBD-\u00d6l<\/strong><\/p>\n<ul data-start=\"2329\" data-end=\"2575\">\n<li data-start=\"2329\" data-end=\"2348\">\n<p data-start=\"2331\" data-end=\"2348\"><strong data-start=\"2331\" data-end=\"2346\">Hanfsamen\u00f6l<\/strong><\/p>\n<\/li>\n<li data-start=\"2349\" data-end=\"2398\">\n<p data-start=\"2351\" data-end=\"2398\"><strong data-start=\"2351\" data-end=\"2374\">5\u202f% CBD pro Tropfen<\/strong> (1,25\u202fmg pro Tropfen)<\/p>\n<\/li>\n<li data-start=\"2399\" data-end=\"2429\">\n<p data-start=\"2401\" data-end=\"2429\"><strong data-start=\"2401\" data-end=\"2427\">10\u202fml Dosierfl\u00e4schchen<\/strong><\/p>\n<\/li>\n<li data-start=\"2430\" data-end=\"2505\">\n<p data-start=\"2432\" data-end=\"2505\"><strong data-start=\"2432\" data-end=\"2454\">\u00d6kologischer Anbau<\/strong>, frei von Pestiziden und sch\u00e4dlichen Chemikalien<\/p>\n<\/li>\n<li data-start=\"2506\" data-end=\"2543\">\n<p data-start=\"2508\" data-end=\"2543\"><strong data-start=\"2508\" data-end=\"2541\">Enth\u00e4lt weniger als 0,2\u202f% THC<\/strong><\/p>\n<\/li>\n<li data-start=\"2544\" data-end=\"2575\">\n<p data-start=\"2546\" data-end=\"2575\"><strong data-start=\"2546\" data-end=\"2575\">Zur \u00e4u\u00dferlichen Anwendung<\/strong><\/p>\n<\/li>\n<\/ul>\n<p data-start=\"2582\" data-end=\"2662\"><strong data-start=\"2582\" data-end=\"2628\">Inhaltsstoffe des 5\u202f% Vollspektrum-CBD-\u00d6ls<\/strong><br data-start=\"2628\" data-end=\"2631\" \/>Hanfsamen\u00f6l und CO\u2082-Hanfextrakt<\/p>\n<p data-start=\"2669\" data-end=\"2886\"><strong data-start=\"2669\" data-end=\"2682\">CBD-Aroma<\/strong><br data-start=\"2682\" data-end=\"2685\" \/><strong data-start=\"2685\" data-end=\"2696\">Terpene<\/strong> sind in den meisten \u00e4therischen \u00d6len vieler Pflanzen, Blumen und Fr\u00fcchte enthalten und sind verantwortlich f\u00fcr <strong data-start=\"2808\" data-end=\"2832\">Geruch und Geschmack<\/strong>. In Cannabis finden wir ein <strong data-start=\"2861\" data-end=\"2885\">breites Terpenprofil<\/strong>.<\/p>\n<p data-start=\"2888\" data-end=\"3081\">CBD-\u00d6le, die aus <strong data-start=\"2905\" data-end=\"2943\">hochwertigen Vollspektrumextrakten<\/strong> hergestellt werden, <strong data-start=\"2964\" data-end=\"2989\">riechen nach Cannabis<\/strong>. Das liegt daran, dass der Gro\u00dfteil des Cannabisgeruchs auf die Terpene zur\u00fcckzuf\u00fchren ist.<\/p>\n<p data-start=\"3088\" data-end=\"3327\"><strong data-start=\"3088\" data-end=\"3102\">Zielgruppe<\/strong><br data-start=\"3102\" data-end=\"3105\" \/>CBD-\u00d6le mit <strong data-start=\"3117\" data-end=\"3135\">5\u202f% CBD-Gehalt<\/strong> enthalten 5\u202f% Cannabidiol bezogen auf das Gesamtprodukt. Dieser Gehalt gilt als <strong data-start=\"3216\" data-end=\"3227\">niedrig<\/strong> und ist daher ideal f\u00fcr <strong data-start=\"3252\" data-end=\"3266\">Einsteiger<\/strong>, die <strong data-start=\"3272\" data-end=\"3302\">erste entspannende Effekte<\/strong> von CBD erleben m\u00f6chten.<\/p>\n<p data-start=\"3334\" data-end=\"3602\"><strong data-start=\"3334\" data-end=\"3357\">Sicherheitshinweise<\/strong><br data-start=\"3357\" data-end=\"3360\" \/>Bitte beachte, dass das <strong data-start=\"3384\" data-end=\"3424\">5\u202f% Vollspektrum-CBD-\u00d6l von The Tree<\/strong> ein Produkt zur <strong data-start=\"3441\" data-end=\"3464\">topischen Anwendung<\/strong> ist. Es darf <strong data-start=\"3478\" data-end=\"3530\">nicht w\u00e4hrend der Schwangerschaft oder Stillzeit<\/strong> verwendet werden. <strong data-start=\"3549\" data-end=\"3602\">Au\u00dferhalb der Reichweite von Kindern aufbewahren.<\/strong><\/p>\n<p data-start=\"3604\" data-end=\"3885\">Die bereitgestellten Inhalte dienen <strong data-start=\"3640\" data-end=\"3693\">ausschlie\u00dflich Informations- und Schulungszwecken<\/strong> und ersetzen in keiner Weise die medizinische Beratung durch \u00c4rzt:innen oder Apotheker:innen. Unsere Texte sind <strong data-start=\"3806\" data-end=\"3875\">nicht zur eigenst\u00e4ndigen Diagnose oder Behandlung von Krankheiten<\/strong> bestimmt.<\/p>\n<p data-start=\"3887\" data-end=\"3942\"><strong data-start=\"3887\" data-end=\"3912\">Kontaktiere uns gerne<\/strong>, wenn du weitere Fragen hast.<\/p>\n<p data-start=\"3949\" data-end=\"4199\"><strong data-start=\"3949\" data-end=\"3961\">Lagerung<\/strong><br data-start=\"3961\" data-end=\"3964\" \/>Idealerweise sollte das <strong data-start=\"3988\" data-end=\"4011\">CBD-\u00d6l von The Tree<\/strong> an einem <strong data-start=\"4021\" data-end=\"4046\">k\u00fchlen, trockenen Ort<\/strong>, gesch\u00fctzt vor Licht und starken Ger\u00fcchen aufbewahrt werden, um jegliche Kontamination zu vermeiden. <strong data-start=\"4148\" data-end=\"4199\">Direkte Sonneneinstrahlung und Hitze vermeiden.<\/strong><\/p>\n<p data-start=\"4201\" data-end=\"4283\"><strong data-start=\"4201\" data-end=\"4229\">K\u00fchl und trocken lagern.<\/strong> <strong data-start=\"4230\" data-end=\"4283\">Au\u00dferhalb der Reichweite von Kindern aufbewahren.<\/strong><\/p>\n<p data-start=\"4285\" data-end=\"4383\"><strong data-start=\"4285\" data-end=\"4297\">Achtung:<\/strong> Die <strong data-start=\"4302\" data-end=\"4336\">Haltbarkeit betr\u00e4gt zwei Jahre<\/strong>, wenn das Produkt ordnungsgem\u00e4\u00df gelagert wird.<\/p>\n","protected":false},"excerpt":{"rendered":"<ul>\n<li>Hanfsamen\u00f6l<\/li>\n<li><strong>5\u202f% CBD<\/strong> pro Tropfen (1,25\u202fmg pro Tropfen)<\/li>\n<li><strong>10\u202fml<\/strong> Dosierfl\u00e4schchen<\/li>\n<li>\u00d6kologischer Anbau, frei von Pestiziden und sch\u00e4dlichen Chemikalien<\/li>\n<li>Enth\u00e4lt weniger als 0,2\u202f% THC<\/li>\n<li>Zur \u00e4u\u00dferlichen Anwendung<\/li>\n<\/ul>\n","protected":false},"featured_media":166090,"template":"","meta":{"_acf_changed":false},"product_brand":[],"class_list":{"0":"post-166087","1":"product","2":"type-product","3":"status-publish","4":"has-post-thumbnail","6":"product_cat-cbd-ol","7":"product_cat-cbd-ole-mit-5","8":"product_cat-cbd-sportler","9":"product_cat-produkte-mit-5-cbd","10":"product_cat-vollspektrum","12":"first","13":"instock","14":"taxable","15":"shipping-taxable","16":"purchasable","17":"product-type-simple"},"acf":[],"yoast_head":"<!-- This site is optimized with the Yoast SEO plugin v26.3 - https:\/\/yoast.com\/wordpress\/plugins\/seo\/ -->\n<title>5\u202f% CBD-\u00d6l Vollspektrum | The Tree CBD<\/title>\n<meta name=\"description\" content=\"5\u202f% CBD-Vollspektrum-\u00d6l. Hergestellt aus Hanfbl\u00fctenextrakt. Enth\u00e4lt alle aktiven Bestandteile des Hanfs und bewahrt den nat\u00fcrlichen THC-Gehalt.\" \/>\n<meta name=\"robots\" content=\"index, follow, max-snippet:-1, max-image-preview:large, max-video-preview:-1\" \/>\n<link rel=\"canonical\" href=\"https:\/\/thetreecbd.com\/de\/cbd\/5-cbd-ol-vollspektrum\" \/>\n<meta property=\"og:locale\" content=\"de_DE\" \/>\n<meta property=\"og:type\" content=\"article\" \/>\n<meta property=\"og:title\" content=\"5\u202f% CBD-\u00d6l Vollspektrum | The Tree CBD\" \/>\n<meta property=\"og:description\" content=\"5\u202f% CBD-Vollspektrum-\u00d6l. Hergestellt aus Hanfbl\u00fctenextrakt. Enth\u00e4lt alle aktiven Bestandteile des Hanfs und bewahrt den nat\u00fcrlichen THC-Gehalt.\" \/>\n<meta property=\"og:url\" content=\"https:\/\/thetreecbd.com\/de\/cbd\/5-cbd-ol-vollspektrum\" \/>\n<meta property=\"og:site_name\" content=\"The Tree CBD\" \/>\n<meta property=\"article:publisher\" content=\"https:\/\/www.facebook.com\/thetreeCBD\/\" \/>\n<meta property=\"og:image\" content=\"https:\/\/thetreecbd.com\/wp-content\/uploads\/2021\/03\/aceite-full-spectrum-5_1.jpg\" \/>\n\t<meta property=\"og:image:width\" content=\"600\" \/>\n\t<meta property=\"og:image:height\" content=\"720\" \/>\n\t<meta property=\"og:image:type\" content=\"image\/jpeg\" \/>\n<meta name=\"twitter:card\" content=\"summary_large_image\" \/>\n<meta name=\"twitter:site\" content=\"@TheTreeCBD_EU\" \/>\n<meta name=\"twitter:label1\" content=\"Gesch\u00e4tzte Lesezeit\" \/>\n\t<meta name=\"twitter:data1\" content=\"3\u00a0Minuten\" \/>\n<script type=\"application\/ld+json\" class=\"yoast-schema-graph\">{\"@context\":\"https:\/\/schema.org\",\"@graph\":[{\"@type\":[\"WebPage\",\"ItemPage\"],\"@id\":\"https:\/\/thetreecbd.com\/de\/cbd\/5-cbd-ol-vollspektrum\",\"url\":\"https:\/\/thetreecbd.com\/de\/cbd\/5-cbd-ol-vollspektrum\",\"name\":\"5\u202f% CBD-\u00d6l Vollspektrum | The Tree CBD\",\"isPartOf\":{\"@id\":\"https:\/\/thetreecbd.com\/de#website\"},\"primaryImageOfPage\":{\"@id\":\"https:\/\/thetreecbd.com\/de\/cbd\/5-cbd-ol-vollspektrum#primaryimage\"},\"image\":{\"@id\":\"https:\/\/thetreecbd.com\/de\/cbd\/5-cbd-ol-vollspektrum#primaryimage\"},\"thumbnailUrl\":\"https:\/\/thetreecbd.com\/wp-content\/uploads\/2021\/03\/aceite-full-spectrum-5_1.jpg\",\"datePublished\":\"2021-03-09T14:04:23+00:00\",\"description\":\"5\u202f% CBD-Vollspektrum-\u00d6l. Hergestellt aus Hanfbl\u00fctenextrakt. Enth\u00e4lt alle aktiven Bestandteile des Hanfs und bewahrt den nat\u00fcrlichen THC-Gehalt.\",\"breadcrumb\":{\"@id\":\"https:\/\/thetreecbd.com\/de\/cbd\/5-cbd-ol-vollspektrum#breadcrumb\"},\"inLanguage\":\"de\",\"potentialAction\":[{\"@type\":\"ReadAction\",\"target\":[\"https:\/\/thetreecbd.com\/de\/cbd\/5-cbd-ol-vollspektrum\"]}]},{\"@type\":\"ImageObject\",\"inLanguage\":\"de\",\"@id\":\"https:\/\/thetreecbd.com\/de\/cbd\/5-cbd-ol-vollspektrum#primaryimage\",\"url\":\"https:\/\/thetreecbd.com\/wp-content\/uploads\/2021\/03\/aceite-full-spectrum-5_1.jpg\",\"contentUrl\":\"https:\/\/thetreecbd.com\/wp-content\/uploads\/2021\/03\/aceite-full-spectrum-5_1.jpg\",\"width\":600,\"height\":720},{\"@type\":\"BreadcrumbList\",\"@id\":\"https:\/\/thetreecbd.com\/de\/cbd\/5-cbd-ol-vollspektrum#breadcrumb\",\"itemListElement\":[{\"@type\":\"ListItem\",\"position\":1,\"name\":\"The Tree\",\"item\":\"https:\/\/thetreecbd.com\/de\"},{\"@type\":\"ListItem\",\"position\":2,\"name\":\"CBD\",\"item\":\"https:\/\/thetreecbd.com\/es\/cbd\"},{\"@type\":\"ListItem\",\"position\":3,\"name\":\"CBD-\u00d6l\",\"item\":\"https:\/\/thetreecbd.com\/de\/cbd-ol\"},{\"@type\":\"ListItem\",\"position\":4,\"name\":\"CBD-\u00d6le mit 5\u202f%\",\"item\":\"https:\/\/thetreecbd.com\/de\/cbd-ol\/cbd-ole-mit-5\"},{\"@type\":\"ListItem\",\"position\":5,\"name\":\"5\u202f% CBD-\u00d6l Vollspektrum\"}]},{\"@type\":\"WebSite\",\"@id\":\"https:\/\/thetreecbd.com\/de#website\",\"url\":\"https:\/\/thetreecbd.com\/de\",\"name\":\"The Tree CBD\",\"description\":\"Comprar CBD en Espa\u00f1a Online\",\"publisher\":{\"@id\":\"https:\/\/thetreecbd.com\/de#organization\"},\"potentialAction\":[{\"@type\":\"SearchAction\",\"target\":{\"@type\":\"EntryPoint\",\"urlTemplate\":\"https:\/\/thetreecbd.com\/de?s={search_term_string}\"},\"query-input\":{\"@type\":\"PropertyValueSpecification\",\"valueRequired\":true,\"valueName\":\"search_term_string\"}}],\"inLanguage\":\"de\"},{\"@type\":\"Organization\",\"@id\":\"https:\/\/thetreecbd.com\/de#organization\",\"name\":\"The Tree CBD\",\"url\":\"https:\/\/thetreecbd.com\/de\",\"logo\":{\"@type\":\"ImageObject\",\"inLanguage\":\"de\",\"@id\":\"https:\/\/thetreecbd.com\/de#\/schema\/logo\/image\/\",\"url\":\"https:\/\/thetreecbd.com\/wp-content\/uploads\/2022\/04\/logo-thetree.png\",\"contentUrl\":\"https:\/\/thetreecbd.com\/wp-content\/uploads\/2022\/04\/logo-thetree.png\",\"width\":172,\"height\":55,\"caption\":\"The Tree CBD\"},\"image\":{\"@id\":\"https:\/\/thetreecbd.com\/de#\/schema\/logo\/image\/\"},\"sameAs\":[\"https:\/\/www.facebook.com\/thetreeCBD\/\",\"https:\/\/x.com\/TheTreeCBD_EU\",\"https:\/\/www.instagram.com\/thetree.cbd\/\",\"https:\/\/es.trustpilot.com\/review\/thetreecbd.com\"]}]}<\/script>\n<!-- \/ Yoast SEO plugin. -->","yoast_head_json":{"title":"5\u202f% CBD-\u00d6l Vollspektrum | The Tree CBD","description":"5\u202f% CBD-Vollspektrum-\u00d6l. Hergestellt aus Hanfbl\u00fctenextrakt. Enth\u00e4lt alle aktiven Bestandteile des Hanfs und bewahrt den nat\u00fcrlichen THC-Gehalt.","robots":{"index":"index","follow":"follow","max-snippet":"max-snippet:-1","max-image-preview":"max-image-preview:large","max-video-preview":"max-video-preview:-1"},"canonical":"https:\/\/thetreecbd.com\/de\/cbd\/5-cbd-ol-vollspektrum","og_locale":"de_DE","og_type":"article","og_title":"5\u202f% CBD-\u00d6l Vollspektrum | The Tree CBD","og_description":"5\u202f% CBD-Vollspektrum-\u00d6l. Hergestellt aus Hanfbl\u00fctenextrakt. Enth\u00e4lt alle aktiven Bestandteile des Hanfs und bewahrt den nat\u00fcrlichen THC-Gehalt.","og_url":"https:\/\/thetreecbd.com\/de\/cbd\/5-cbd-ol-vollspektrum","og_site_name":"The Tree CBD","article_publisher":"https:\/\/www.facebook.com\/thetreeCBD\/","og_image":[{"width":600,"height":720,"url":"https:\/\/thetreecbd.com\/wp-content\/uploads\/2021\/03\/aceite-full-spectrum-5_1.jpg","type":"image\/jpeg"}],"twitter_card":"summary_large_image","twitter_site":"@TheTreeCBD_EU","twitter_misc":{"Gesch\u00e4tzte Lesezeit":"3\u00a0Minuten"},"schema":{"@context":"https:\/\/schema.org","@graph":[{"@type":["WebPage","ItemPage"],"@id":"https:\/\/thetreecbd.com\/de\/cbd\/5-cbd-ol-vollspektrum","url":"https:\/\/thetreecbd.com\/de\/cbd\/5-cbd-ol-vollspektrum","name":"5\u202f% CBD-\u00d6l Vollspektrum | The Tree CBD","isPartOf":{"@id":"https:\/\/thetreecbd.com\/de#website"},"primaryImageOfPage":{"@id":"https:\/\/thetreecbd.com\/de\/cbd\/5-cbd-ol-vollspektrum#primaryimage"},"image":{"@id":"https:\/\/thetreecbd.com\/de\/cbd\/5-cbd-ol-vollspektrum#primaryimage"},"thumbnailUrl":"https:\/\/thetreecbd.com\/wp-content\/uploads\/2021\/03\/aceite-full-spectrum-5_1.jpg","datePublished":"2021-03-09T14:04:23+00:00","description":"5\u202f% CBD-Vollspektrum-\u00d6l. Hergestellt aus Hanfbl\u00fctenextrakt. Enth\u00e4lt alle aktiven Bestandteile des Hanfs und bewahrt den nat\u00fcrlichen THC-Gehalt.","breadcrumb":{"@id":"https:\/\/thetreecbd.com\/de\/cbd\/5-cbd-ol-vollspektrum#breadcrumb"},"inLanguage":"de","potentialAction":[{"@type":"ReadAction","target":["https:\/\/thetreecbd.com\/de\/cbd\/5-cbd-ol-vollspektrum"]}]},{"@type":"ImageObject","inLanguage":"de","@id":"https:\/\/thetreecbd.com\/de\/cbd\/5-cbd-ol-vollspektrum#primaryimage","url":"https:\/\/thetreecbd.com\/wp-content\/uploads\/2021\/03\/aceite-full-spectrum-5_1.jpg","contentUrl":"https:\/\/thetreecbd.com\/wp-content\/uploads\/2021\/03\/aceite-full-spectrum-5_1.jpg","width":600,"height":720},{"@type":"BreadcrumbList","@id":"https:\/\/thetreecbd.com\/de\/cbd\/5-cbd-ol-vollspektrum#breadcrumb","itemListElement":[{"@type":"ListItem","position":1,"name":"The Tree","item":"https:\/\/thetreecbd.com\/de"},{"@type":"ListItem","position":2,"name":"CBD","item":"https:\/\/thetreecbd.com\/es\/cbd"},{"@type":"ListItem","position":3,"name":"CBD-\u00d6l","item":"https:\/\/thetreecbd.com\/de\/cbd-ol"},{"@type":"ListItem","position":4,"name":"CBD-\u00d6le mit 5\u202f%","item":"https:\/\/thetreecbd.com\/de\/cbd-ol\/cbd-ole-mit-5"},{"@type":"ListItem","position":5,"name":"5\u202f% CBD-\u00d6l Vollspektrum"}]},{"@type":"WebSite","@id":"https:\/\/thetreecbd.com\/de#website","url":"https:\/\/thetreecbd.com\/de","name":"The Tree CBD","description":"Comprar CBD en Espa\u00f1a Online","publisher":{"@id":"https:\/\/thetreecbd.com\/de#organization"},"potentialAction":[{"@type":"SearchAction","target":{"@type":"EntryPoint","urlTemplate":"https:\/\/thetreecbd.com\/de?s={search_term_string}"},"query-input":{"@type":"PropertyValueSpecification","valueRequired":true,"valueName":"search_term_string"}}],"inLanguage":"de"},{"@type":"Organization","@id":"https:\/\/thetreecbd.com\/de#organization","name":"The Tree CBD","url":"https:\/\/thetreecbd.com\/de","logo":{"@type":"ImageObject","inLanguage":"de","@id":"https:\/\/thetreecbd.com\/de#\/schema\/logo\/image\/","url":"https:\/\/thetreecbd.com\/wp-content\/uploads\/2022\/04\/logo-thetree.png","contentUrl":"https:\/\/thetreecbd.com\/wp-content\/uploads\/2022\/04\/logo-thetree.png","width":172,"height":55,"caption":"The Tree CBD"},"image":{"@id":"https:\/\/thetreecbd.com\/de#\/schema\/logo\/image\/"},"sameAs":["https:\/\/www.facebook.com\/thetreeCBD\/","https:\/\/x.com\/TheTreeCBD_EU","https:\/\/www.instagram.com\/thetree.cbd\/","https:\/\/es.trustpilot.com\/review\/thetreecbd.com"]}]}},"_links":{"self":[{"href":"https:\/\/thetreecbd.com\/de\/wp-json\/wp\/v2\/product\/166087","targetHints":{"allow":["GET"]}}],"collection":[{"href":"https:\/\/thetreecbd.com\/de\/wp-json\/wp\/v2\/product"}],"about":[{"href":"https:\/\/thetreecbd.com\/de\/wp-json\/wp\/v2\/types\/product"}],"version-history":[{"count":0,"href":"https:\/\/thetreecbd.com\/de\/wp-json\/wp\/v2\/product\/166087\/revisions"}],"wp:featuredmedia":[{"embeddable":true,"href":"https:\/\/thetreecbd.com\/de\/wp-json\/wp\/v2\/media\/166090"}],"wp:attachment":[{"href":"https:\/\/thetreecbd.com\/de\/wp-json\/wp\/v2\/media?parent=166087"}],"wp:term":[{"taxonomy":"product_brand","embeddable":true,"href":"https:\/\/thetreecbd.com\/de\/wp-json\/wp\/v2\/product_brand?post=166087"}],"curies":[{"name":"wp","href":"https:\/\/api.w.org\/{rel}","templated":true}]}}