{"id":166102,"date":"2021-05-19T15:20:43","date_gmt":"2021-05-19T13:20:43","guid":{"rendered":"https:\/\/thetreecbd.com\/cbd\/5-cbd-rohol-raw"},"modified":"2021-05-19T15:20:43","modified_gmt":"2021-05-19T13:20:43","slug":"5-cbd-rohol-raw","status":"publish","type":"product","link":"https:\/\/thetreecbd.com\/de\/cbd\/5-cbd-rohol-raw","title":{"rendered":"5\u202f% CBD-Roh\u00f6l (Raw)"},"content":{"rendered":"<article class=\"text-token-text-primary w-full\" dir=\"auto\" data-testid=\"conversation-turn-22\" data-scroll-anchor=\"true\">\n<div class=\"text-base my-auto mx-auto py-5 [--thread-content-margin:--spacing(4)] @[37rem]:[--thread-content-margin:--spacing(6)] @[72rem]:[--thread-content-margin:--spacing(16)] px-(--thread-content-margin)\">\n<div class=\"[--thread-content-max-width:32rem] @[34rem]:[--thread-content-max-width:40rem] @[64rem]:[--thread-content-max-width:48rem] mx-auto flex max-w-(--thread-content-max-width) flex-1 text-base gap-4 md:gap-5 lg:gap-6 group\/turn-messages focus-visible:outline-hidden\" tabindex=\"-1\">\n<div class=\"group\/conversation-turn relative flex w-full min-w-0 flex-col agent-turn\">\n<div class=\"relative flex-col gap-1 md:gap-3\">\n<div class=\"flex max-w-full flex-col grow\">\n<div class=\"min-h-8 text-message relative flex w-full flex-col items-end gap-2 text-start break-words whitespace-normal [.text-message+&amp;]:mt-5\" dir=\"auto\" data-message-author-role=\"assistant\" data-message-id=\"fb75de54-a2e4-4236-a5b4-2c5160edc14a\" data-message-model-slug=\"gpt-4o\">\n<div class=\"flex w-full flex-col gap-1 empty:hidden first:pt-[3px]\">\n<div class=\"markdown prose dark:prose-invert w-full break-words dark\">\n<p data-start=\"163\" data-end=\"181\"><strong data-start=\"163\" data-end=\"181\">CBD-\u00d6l 5 % Raw<\/strong><\/p>\n<p data-start=\"183\" data-end=\"435\"><strong data-start=\"183\" data-end=\"205\">Das 5\u202f% CBD Raw \u00d6l<\/strong> wird auf Basis von <strong data-start=\"225\" data-end=\"240\">MCT-Kokos\u00f6l<\/strong> hergestellt. Das \u00d6l enth\u00e4lt <strong data-start=\"269\" data-end=\"298\">alle aktiven Bestandteile<\/strong> der Hanfpflanze. Im Gegensatz zu Breitspektrum- und Vollspektrum-\u00d6len ist dieses \u00d6l das <strong data-start=\"387\" data-end=\"407\">reinste der drei<\/strong>, da es <strong data-start=\"415\" data-end=\"430\">ungefiltert<\/strong> ist.<\/p>\n<p data-start=\"437\" data-end=\"728\"><strong data-start=\"437\" data-end=\"491\">Dieses CBD-\u00d6l wurde ohne L\u00f6sungsmittel hergestellt<\/strong>: frei von Alkohol, Gasen oder anderen aggressiveren L\u00f6sungsmitteln f\u00fcr die Extraktion. W\u00e4hrend das Breitspektrum-\u00d6l das THC der Pflanze nicht bewahrt, enth\u00e4lt dieses CBD Raw \u00d6l <strong data-start=\"669\" data-end=\"697\">wohl das THC der Pflanze<\/strong>, jedoch immer unter <strong data-start=\"718\" data-end=\"727\">0,2\u202f%<\/strong>.<\/p>\n<p data-start=\"730\" data-end=\"1169\"><strong data-start=\"730\" data-end=\"767\">Bestandteile und Aussehen des \u00d6ls<\/strong><br data-start=\"767\" data-end=\"770\" \/>Au\u00dferdem hat das <strong data-start=\"787\" data-end=\"805\">5\u202f% CBD Raw \u00d6l<\/strong> ein <strong data-start=\"810\" data-end=\"830\">anderes Aussehen<\/strong> als die Breitspektrum- und Vollspektrum-\u00d6le. Da es <strong data-start=\"882\" data-end=\"923\">alle Bestandteile der Pflanze bewahrt<\/strong> und <strong data-start=\"928\" data-end=\"943\">ungefiltert<\/strong> ist, hat es eine <strong data-start=\"961\" data-end=\"988\">dunkle und dichte Farbe<\/strong>, die die Reinheit des \u00d6ls beibeh\u00e4lt; im Vergleich zum Breitspektrum-\u00d6l, das ein <strong data-start=\"1069\" data-end=\"1101\">klareres und transparenteres<\/strong> \u00d6l ist, oder dem Vollspektrum-\u00d6l, das eine <strong data-start=\"1145\" data-end=\"1164\">goldgelbe Farbe<\/strong> hat.<\/p>\n<p data-start=\"1171\" data-end=\"1655\">Dar\u00fcber hinaus wird dieses \u00d6l auf Basis von <strong data-start=\"1215\" data-end=\"1225\">MCT-\u00d6l<\/strong> oder <strong data-start=\"1231\" data-end=\"1263\">mittelkettigen Triglyzeriden<\/strong> hergestellt \u2013 eine Art ges\u00e4ttigtes Fett, das in Kokos\u00f6l enthalten ist. Es ist eine der neuesten Entwicklungen als Basis f\u00fcr CBD-\u00d6l. <strong data-start=\"1396\" data-end=\"1459\">Cannabinoide werden in Fett und nicht in Wasser gespeichert<\/strong>, wenn sie abgebaut werden, das hei\u00dft, sie sind <strong data-start=\"1507\" data-end=\"1522\">fettl\u00f6slich<\/strong>. Daher <strong data-start=\"1530\" data-end=\"1563\">steigert sich die Wirksamkeit<\/strong> von Cannabinoiden, wenn sie zusammen mit Fett konsumiert werden \u2013 abh\u00e4ngig von der Fettart.<\/p>\n<p data-start=\"1657\" data-end=\"1941\">Auf diese Weise bewahrt das <strong data-start=\"1685\" data-end=\"1708\">CBD-\u00d6l von The Tree<\/strong> alle Bestandteile der Hanfbl\u00fcte und deren Eigenschaften, wobei es <strong data-start=\"1775\" data-end=\"1814\">haupts\u00e4chlich Cannabidiol (CBD) 5\u202f%<\/strong> enth\u00e4lt sowie kleinere Anteile von <strong data-start=\"1850\" data-end=\"1872\">CBG, CBF, CBN, CBC<\/strong> und <strong data-start=\"1877\" data-end=\"1924\">mehr als 40 nat\u00fcrlich vorkommenden Terpenen<\/strong> der Hanfpflanze.<\/p>\n<p data-start=\"1943\" data-end=\"2474\"><strong data-start=\"1943\" data-end=\"1970\">Warum dieses \u00d6l w\u00e4hlen?<\/strong><br data-start=\"1970\" data-end=\"1973\" \/>Wenn du eine <strong data-start=\"1986\" data-end=\"2005\">milde Dosis CBD<\/strong> brauchst, ist unsere 5\u202f%-Formel perfekt. Wir haben sie speziell f\u00fcr diejenigen entwickelt, die bereits <strong data-start=\"2109\" data-end=\"2134\">CBD ausprobiert haben<\/strong>. Jede Flasche CBD unterliegt <strong data-start=\"2164\" data-end=\"2196\">strengen Qualit\u00e4tskontrollen<\/strong> und wird aus <strong data-start=\"2210\" data-end=\"2240\">\u00f6kologisch angebautem Hanf<\/strong> extrahiert. Dank <strong data-start=\"2258\" data-end=\"2320\">fortschrittlicher CO\u2082-Extraktions- und Reinigungsverfahren<\/strong> sowie unabh\u00e4ngiger Tests enth\u00e4lt jede Flasche <strong data-start=\"2367\" data-end=\"2387\">hochwertiges CBD<\/strong>, frei von <strong data-start=\"2398\" data-end=\"2473\">unerw\u00fcnschten Nebenwirkungen, Zusatzstoffen und k\u00fcnstlichen Chemikalien<\/strong>.<\/p>\n<p data-start=\"2476\" data-end=\"2678\">Unser \u00d6l wird <strong data-start=\"2490\" data-end=\"2513\">\u00f6kologisch angebaut<\/strong>, ist <strong data-start=\"2519\" data-end=\"2570\">frei von Pestiziden und sch\u00e4dlichen Chemikalien<\/strong> und wird nach den strengsten Qualit\u00e4tskontrollen und mit <strong data-start=\"2628\" data-end=\"2665\">100\u202f% pflanzlichen Inhaltsstoffen<\/strong> hergestellt.<\/p>\n<p data-start=\"2680\" data-end=\"2793\">Dieses \u00d6l enth\u00e4lt <strong data-start=\"2698\" data-end=\"2723\">weniger als 0,2\u202f% THC<\/strong>, hat <strong data-start=\"2729\" data-end=\"2759\">keine psychoaktive Wirkung<\/strong> und ist <strong data-start=\"2768\" data-end=\"2792\">in ganz Europa legal<\/strong>.<\/p>\n<p data-start=\"2795\" data-end=\"3086\"><strong data-start=\"2795\" data-end=\"2832\">Eigenschaften des CBD-\u00d6ls 5 % Raw<\/strong><\/p>\n<ul>\n<li data-start=\"2795\" data-end=\"3086\">\u00d6l auf Basis von <strong>MCT-Kokos\u00f6l<\/strong><\/li>\n<li data-start=\"2795\" data-end=\"3086\"><strong>5\u202f% CBD<\/strong> pro Tropfen (1,25\u202fmg pro Tropfen)<\/li>\n<li data-start=\"2795\" data-end=\"3086\"><strong>10\u202fml<\/strong> Dosierfl\u00e4schchen<\/li>\n<li data-start=\"2795\" data-end=\"3086\">\u00d6kologischer Anbau, frei von Pestiziden und sch\u00e4dlichen Chemikalien<\/li>\n<li data-start=\"2795\" data-end=\"3086\">Enth\u00e4lt weniger als 0,2\u202f% THC<\/li>\n<li data-start=\"2795\" data-end=\"3086\">Zur \u00e4u\u00dferlichen Anwendung<\/li>\n<\/ul>\n<p data-start=\"3088\" data-end=\"3185\"><strong data-start=\"3088\" data-end=\"3125\">Inhaltsstoffe des CBD-\u00d6ls 5 % Raw<\/strong><br data-start=\"3125\" data-end=\"3128\" \/>\u00d6l auf Basis von <strong data-start=\"3145\" data-end=\"3160\">MCT-Kokos\u00f6l<\/strong> und <strong data-start=\"3165\" data-end=\"3184\">CO\u2082-Hanfextrakt<\/strong>.<\/p>\n<p data-start=\"3187\" data-end=\"3401\"><strong data-start=\"3187\" data-end=\"3200\">CBD-Aroma<\/strong><br data-start=\"3200\" data-end=\"3203\" \/><strong data-start=\"3203\" data-end=\"3214\">Terpene<\/strong> finden sich in den meisten \u00e4therischen \u00d6len vieler Pflanzen, Blumen und Fr\u00fcchte \u2013 sie sind verantwortlich f\u00fcr <strong data-start=\"3325\" data-end=\"3347\">Duft und Geschmack<\/strong>. In Cannabis finden wir ein <strong data-start=\"3376\" data-end=\"3400\">breites Terpenprofil<\/strong>.<\/p>\n<p data-start=\"3403\" data-end=\"3599\"><strong data-start=\"3403\" data-end=\"3414\">CBD-\u00d6le<\/strong>, die aus hochwertigen <strong data-start=\"3437\" data-end=\"3462\">Vollspektrumextrakten<\/strong> hergestellt werden, <strong data-start=\"3483\" data-end=\"3508\">riechen nach Cannabis<\/strong>. Das liegt daran, dass <strong data-start=\"3532\" data-end=\"3582\">ein Gro\u00dfteil des Cannabisgeruchs durch Terpene<\/strong> verursacht wird.<\/p>\n<p data-start=\"3601\" data-end=\"3874\"><strong data-start=\"3601\" data-end=\"3615\">Zielgruppe<\/strong><br data-start=\"3615\" data-end=\"3618\" \/>CBD-\u00d6le mit 5\u202f% Anteil enthalten, wie der Name schon sagt, eine <strong data-start=\"3682\" data-end=\"3711\">CBD-Konzentration von 5\u202f%<\/strong> des Gesamtprodukts. Dieser Anteil gilt als <strong data-start=\"3755\" data-end=\"3766\">niedrig<\/strong>, weshalb er <strong data-start=\"3779\" data-end=\"3873\">ideal f\u00fcr Personen ist, die die entspannende Wirkung von CBD erstmals ausprobieren m\u00f6chten<\/strong>.<\/p>\n<p data-start=\"3876\" data-end=\"4034\">Dieses <strong data-start=\"3883\" data-end=\"3893\">RAW-\u00d6l<\/strong> richtet sich an Personen, die <strong data-start=\"3924\" data-end=\"3954\">das reinste Produkt suchen<\/strong>, ohne Filterung oder Raffination, um alle <strong data-start=\"3997\" data-end=\"4021\">Vorteile der Pflanze<\/strong> zu erhalten.<\/p>\n<p data-start=\"4036\" data-end=\"4307\"><strong data-start=\"4036\" data-end=\"4059\">Sicherheitshinweise<\/strong><br data-start=\"4059\" data-end=\"4062\" \/>Bitte beachte, dass das <strong data-start=\"4086\" data-end=\"4125\">5\u202f% CBD-Vollspektrum\u00f6l von The Tree<\/strong> ein Produkt <strong data-start=\"4138\" data-end=\"4167\">zur \u00e4u\u00dferlichen Anwendung<\/strong> ist. Es sollte <strong data-start=\"4183\" data-end=\"4235\">nicht w\u00e4hrend der Schwangerschaft oder Stillzeit<\/strong> verwendet werden. <strong data-start=\"4254\" data-end=\"4307\">Au\u00dferhalb der Reichweite von Kindern aufbewahren.<\/strong><\/p>\n<p data-start=\"4309\" data-end=\"4582\">Die bereitgestellten Informationen dienen <strong data-start=\"4351\" data-end=\"4407\">ausschlie\u00dflich zu Informations- und Schulungszwecken<\/strong> und ersetzen <strong data-start=\"4421\" data-end=\"4455\">keinesfalls den \u00e4rztlichen Rat<\/strong> eines Arztes oder Apothekers. Unsere Texte sind <strong data-start=\"4504\" data-end=\"4573\">nicht zur eigenst\u00e4ndigen Diagnose oder Behandlung von Krankheiten<\/strong> gedacht.<\/p>\n<p data-start=\"4584\" data-end=\"4651\"><strong data-start=\"4584\" data-end=\"4621\">Z\u00f6gere nicht, uns zu kontaktieren<\/strong>, wenn du weitere Fragen hast.<\/p>\n<p data-start=\"4653\" data-end=\"4899\"><strong data-start=\"4653\" data-end=\"4665\">Lagerung<\/strong><br data-start=\"4665\" data-end=\"4668\" \/>Das <strong data-start=\"4672\" data-end=\"4695\">CBD-\u00d6l von The Tree<\/strong> sollte idealerweise <strong data-start=\"4716\" data-end=\"4736\">k\u00fchl und trocken<\/strong>, <strong data-start=\"4738\" data-end=\"4756\">lichtgesch\u00fctzt<\/strong> und <strong data-start=\"4761\" data-end=\"4790\">fern von starken Ger\u00fcchen<\/strong> gelagert werden, um jegliche Kontamination zu vermeiden. <strong data-start=\"4848\" data-end=\"4899\">Direkte Sonneneinstrahlung und Hitze vermeiden.<\/strong><\/p>\n<p data-start=\"4901\" data-end=\"4983\"><strong data-start=\"4901\" data-end=\"4929\">K\u00fchl und trocken lagern.<\/strong> <strong data-start=\"4930\" data-end=\"4983\">Au\u00dferhalb der Reichweite von Kindern aufbewahren.<\/strong><\/p>\n<p data-start=\"4985\" data-end=\"5081\" data-is-last-node=\"\" data-is-only-node=\"\"><strong data-start=\"4985\" data-end=\"4997\">Achtung:<\/strong> Die <strong data-start=\"5002\" data-end=\"5047\">angegebene Haltbarkeit betr\u00e4gt zwei Jahre<\/strong>, sofern es korrekt gelagert wird.<\/p>\n<\/div>\n<\/div>\n<\/div>\n<\/div>\n<div class=\"flex justify-start\"><\/div>\n<div class=\"mt-3 w-full empty:hidden\">\n<div class=\"text-center\"><\/div>\n<\/div>\n<\/div>\n<div class=\"absolute\">\n<div class=\"flex items-center justify-center\"><\/div>\n<\/div>\n<\/div>\n<\/div>\n<\/div>\n<\/article>\n<div class=\"pointer-events-none h-px w-px\" aria-hidden=\"true\" data-edge=\"true\"><\/div>\n","protected":false},"excerpt":{"rendered":"<ul>\n<li>\u00d6l auf Basis von <strong>MCT-Kokos\u00f6l<\/strong><\/li>\n<li><strong>5\u202f% CBD<\/strong> pro Tropfen (1,25\u202fmg pro Tropfen)<\/li>\n<li><strong>10\u202fml<\/strong> Dosierfl\u00e4schchen<\/li>\n<li>\u00d6kologischer Anbau, frei von Pestiziden und sch\u00e4dlichen Chemikalien<\/li>\n<li>Enth\u00e4lt weniger als 0,2\u202f% THC<\/li>\n<li>Zur \u00e4u\u00dferlichen Anwendung<\/li>\n<\/ul>\n","protected":false},"featured_media":166104,"template":"","meta":{"_acf_changed":false},"product_brand":[],"class_list":{"0":"post-166102","1":"product","2":"type-product","3":"status-publish","4":"has-post-thumbnail","6":"product_cat-cbd-ol","7":"product_cat-cbd-ole-mit-5","8":"product_cat-cbd-entzundungen","9":"product_cat-produkte-mit-5-cbd","10":"product_cat-rohes","12":"first","13":"instock","14":"taxable","15":"shipping-taxable","16":"purchasable","17":"product-type-simple"},"acf":[],"yoast_head":"<!-- This site is optimized with the Yoast SEO plugin v26.3 - https:\/\/yoast.com\/wordpress\/plugins\/seo\/ -->\n<title>5\u202f% CBD-Roh\u00f6l (Raw) | The Tree CBD<\/title>\n<meta name=\"description\" content=\"CBD-\u00d6l 5\u202f% Raw: das reinste \u00d6l. Auf MCT-Basis. Enth\u00e4lt alle in der Pflanze vorkommenden Bestandteile. Mit 100\u202f% pflanzlichen Inhaltsstoffen!\" \/>\n<meta name=\"robots\" content=\"index, follow, max-snippet:-1, max-image-preview:large, max-video-preview:-1\" \/>\n<link rel=\"canonical\" href=\"https:\/\/thetreecbd.com\/de\/cbd\/5-cbd-rohol-raw\" \/>\n<meta property=\"og:locale\" content=\"de_DE\" \/>\n<meta property=\"og:type\" content=\"article\" \/>\n<meta property=\"og:title\" content=\"5\u202f% CBD-Roh\u00f6l (Raw) | The Tree CBD\" \/>\n<meta property=\"og:description\" content=\"CBD-\u00d6l 5\u202f% Raw: das reinste \u00d6l. Auf MCT-Basis. Enth\u00e4lt alle in der Pflanze vorkommenden Bestandteile. Mit 100\u202f% pflanzlichen Inhaltsstoffen!\" \/>\n<meta property=\"og:url\" content=\"https:\/\/thetreecbd.com\/de\/cbd\/5-cbd-rohol-raw\" \/>\n<meta property=\"og:site_name\" content=\"The Tree CBD\" \/>\n<meta property=\"article:publisher\" content=\"https:\/\/www.facebook.com\/thetreeCBD\/\" \/>\n<meta property=\"og:image\" content=\"https:\/\/thetreecbd.com\/wp-content\/uploads\/2021\/05\/aceite-raw-spectrum-5_1.jpg\" \/>\n\t<meta property=\"og:image:width\" content=\"600\" \/>\n\t<meta property=\"og:image:height\" content=\"720\" \/>\n\t<meta property=\"og:image:type\" content=\"image\/jpeg\" \/>\n<meta name=\"twitter:card\" content=\"summary_large_image\" \/>\n<meta name=\"twitter:site\" content=\"@TheTreeCBD_EU\" \/>\n<meta name=\"twitter:label1\" content=\"Gesch\u00e4tzte Lesezeit\" \/>\n\t<meta name=\"twitter:data1\" content=\"3\u00a0Minuten\" \/>\n<script type=\"application\/ld+json\" class=\"yoast-schema-graph\">{\"@context\":\"https:\/\/schema.org\",\"@graph\":[{\"@type\":[\"WebPage\",\"ItemPage\"],\"@id\":\"https:\/\/thetreecbd.com\/de\/cbd\/5-cbd-rohol-raw\",\"url\":\"https:\/\/thetreecbd.com\/de\/cbd\/5-cbd-rohol-raw\",\"name\":\"5\u202f% CBD-Roh\u00f6l (Raw) | The Tree CBD\",\"isPartOf\":{\"@id\":\"https:\/\/thetreecbd.com\/de#website\"},\"primaryImageOfPage\":{\"@id\":\"https:\/\/thetreecbd.com\/de\/cbd\/5-cbd-rohol-raw#primaryimage\"},\"image\":{\"@id\":\"https:\/\/thetreecbd.com\/de\/cbd\/5-cbd-rohol-raw#primaryimage\"},\"thumbnailUrl\":\"https:\/\/thetreecbd.com\/wp-content\/uploads\/2021\/05\/aceite-raw-spectrum-5_1.jpg\",\"datePublished\":\"2021-05-19T13:20:43+00:00\",\"description\":\"CBD-\u00d6l 5\u202f% Raw: das reinste \u00d6l. Auf MCT-Basis. Enth\u00e4lt alle in der Pflanze vorkommenden Bestandteile. Mit 100\u202f% pflanzlichen Inhaltsstoffen!\",\"breadcrumb\":{\"@id\":\"https:\/\/thetreecbd.com\/de\/cbd\/5-cbd-rohol-raw#breadcrumb\"},\"inLanguage\":\"de\",\"potentialAction\":[{\"@type\":\"ReadAction\",\"target\":[\"https:\/\/thetreecbd.com\/de\/cbd\/5-cbd-rohol-raw\"]}]},{\"@type\":\"ImageObject\",\"inLanguage\":\"de\",\"@id\":\"https:\/\/thetreecbd.com\/de\/cbd\/5-cbd-rohol-raw#primaryimage\",\"url\":\"https:\/\/thetreecbd.com\/wp-content\/uploads\/2021\/05\/aceite-raw-spectrum-5_1.jpg\",\"contentUrl\":\"https:\/\/thetreecbd.com\/wp-content\/uploads\/2021\/05\/aceite-raw-spectrum-5_1.jpg\",\"width\":600,\"height\":720},{\"@type\":\"BreadcrumbList\",\"@id\":\"https:\/\/thetreecbd.com\/de\/cbd\/5-cbd-rohol-raw#breadcrumb\",\"itemListElement\":[{\"@type\":\"ListItem\",\"position\":1,\"name\":\"The Tree\",\"item\":\"https:\/\/thetreecbd.com\/de\"},{\"@type\":\"ListItem\",\"position\":2,\"name\":\"CBD\",\"item\":\"https:\/\/thetreecbd.com\/es\/cbd\"},{\"@type\":\"ListItem\",\"position\":3,\"name\":\"CBD-\u00d6l\",\"item\":\"https:\/\/thetreecbd.com\/de\/cbd-ol\"},{\"@type\":\"ListItem\",\"position\":4,\"name\":\"5\u202f% CBD-Roh\u00f6l (Raw)\"}]},{\"@type\":\"WebSite\",\"@id\":\"https:\/\/thetreecbd.com\/de#website\",\"url\":\"https:\/\/thetreecbd.com\/de\",\"name\":\"The Tree CBD\",\"description\":\"Comprar CBD en Espa\u00f1a Online\",\"publisher\":{\"@id\":\"https:\/\/thetreecbd.com\/de#organization\"},\"potentialAction\":[{\"@type\":\"SearchAction\",\"target\":{\"@type\":\"EntryPoint\",\"urlTemplate\":\"https:\/\/thetreecbd.com\/de?s={search_term_string}\"},\"query-input\":{\"@type\":\"PropertyValueSpecification\",\"valueRequired\":true,\"valueName\":\"search_term_string\"}}],\"inLanguage\":\"de\"},{\"@type\":\"Organization\",\"@id\":\"https:\/\/thetreecbd.com\/de#organization\",\"name\":\"The Tree CBD\",\"url\":\"https:\/\/thetreecbd.com\/de\",\"logo\":{\"@type\":\"ImageObject\",\"inLanguage\":\"de\",\"@id\":\"https:\/\/thetreecbd.com\/de#\/schema\/logo\/image\/\",\"url\":\"https:\/\/thetreecbd.com\/wp-content\/uploads\/2022\/04\/logo-thetree.png\",\"contentUrl\":\"https:\/\/thetreecbd.com\/wp-content\/uploads\/2022\/04\/logo-thetree.png\",\"width\":172,\"height\":55,\"caption\":\"The Tree CBD\"},\"image\":{\"@id\":\"https:\/\/thetreecbd.com\/de#\/schema\/logo\/image\/\"},\"sameAs\":[\"https:\/\/www.facebook.com\/thetreeCBD\/\",\"https:\/\/x.com\/TheTreeCBD_EU\",\"https:\/\/www.instagram.com\/thetree.cbd\/\",\"https:\/\/es.trustpilot.com\/review\/thetreecbd.com\"]}]}<\/script>\n<!-- \/ Yoast SEO plugin. -->","yoast_head_json":{"title":"5\u202f% CBD-Roh\u00f6l (Raw) | The Tree CBD","description":"CBD-\u00d6l 5\u202f% Raw: das reinste \u00d6l. Auf MCT-Basis. Enth\u00e4lt alle in der Pflanze vorkommenden Bestandteile. Mit 100\u202f% pflanzlichen Inhaltsstoffen!","robots":{"index":"index","follow":"follow","max-snippet":"max-snippet:-1","max-image-preview":"max-image-preview:large","max-video-preview":"max-video-preview:-1"},"canonical":"https:\/\/thetreecbd.com\/de\/cbd\/5-cbd-rohol-raw","og_locale":"de_DE","og_type":"article","og_title":"5\u202f% CBD-Roh\u00f6l (Raw) | The Tree CBD","og_description":"CBD-\u00d6l 5\u202f% Raw: das reinste \u00d6l. Auf MCT-Basis. Enth\u00e4lt alle in der Pflanze vorkommenden Bestandteile. Mit 100\u202f% pflanzlichen Inhaltsstoffen!","og_url":"https:\/\/thetreecbd.com\/de\/cbd\/5-cbd-rohol-raw","og_site_name":"The Tree CBD","article_publisher":"https:\/\/www.facebook.com\/thetreeCBD\/","og_image":[{"width":600,"height":720,"url":"https:\/\/thetreecbd.com\/wp-content\/uploads\/2021\/05\/aceite-raw-spectrum-5_1.jpg","type":"image\/jpeg"}],"twitter_card":"summary_large_image","twitter_site":"@TheTreeCBD_EU","twitter_misc":{"Gesch\u00e4tzte Lesezeit":"3\u00a0Minuten"},"schema":{"@context":"https:\/\/schema.org","@graph":[{"@type":["WebPage","ItemPage"],"@id":"https:\/\/thetreecbd.com\/de\/cbd\/5-cbd-rohol-raw","url":"https:\/\/thetreecbd.com\/de\/cbd\/5-cbd-rohol-raw","name":"5\u202f% CBD-Roh\u00f6l (Raw) | The Tree CBD","isPartOf":{"@id":"https:\/\/thetreecbd.com\/de#website"},"primaryImageOfPage":{"@id":"https:\/\/thetreecbd.com\/de\/cbd\/5-cbd-rohol-raw#primaryimage"},"image":{"@id":"https:\/\/thetreecbd.com\/de\/cbd\/5-cbd-rohol-raw#primaryimage"},"thumbnailUrl":"https:\/\/thetreecbd.com\/wp-content\/uploads\/2021\/05\/aceite-raw-spectrum-5_1.jpg","datePublished":"2021-05-19T13:20:43+00:00","description":"CBD-\u00d6l 5\u202f% Raw: das reinste \u00d6l. Auf MCT-Basis. Enth\u00e4lt alle in der Pflanze vorkommenden Bestandteile. Mit 100\u202f% pflanzlichen Inhaltsstoffen!","breadcrumb":{"@id":"https:\/\/thetreecbd.com\/de\/cbd\/5-cbd-rohol-raw#breadcrumb"},"inLanguage":"de","potentialAction":[{"@type":"ReadAction","target":["https:\/\/thetreecbd.com\/de\/cbd\/5-cbd-rohol-raw"]}]},{"@type":"ImageObject","inLanguage":"de","@id":"https:\/\/thetreecbd.com\/de\/cbd\/5-cbd-rohol-raw#primaryimage","url":"https:\/\/thetreecbd.com\/wp-content\/uploads\/2021\/05\/aceite-raw-spectrum-5_1.jpg","contentUrl":"https:\/\/thetreecbd.com\/wp-content\/uploads\/2021\/05\/aceite-raw-spectrum-5_1.jpg","width":600,"height":720},{"@type":"BreadcrumbList","@id":"https:\/\/thetreecbd.com\/de\/cbd\/5-cbd-rohol-raw#breadcrumb","itemListElement":[{"@type":"ListItem","position":1,"name":"The Tree","item":"https:\/\/thetreecbd.com\/de"},{"@type":"ListItem","position":2,"name":"CBD","item":"https:\/\/thetreecbd.com\/es\/cbd"},{"@type":"ListItem","position":3,"name":"CBD-\u00d6l","item":"https:\/\/thetreecbd.com\/de\/cbd-ol"},{"@type":"ListItem","position":4,"name":"5\u202f% CBD-Roh\u00f6l (Raw)"}]},{"@type":"WebSite","@id":"https:\/\/thetreecbd.com\/de#website","url":"https:\/\/thetreecbd.com\/de","name":"The Tree CBD","description":"Comprar CBD en Espa\u00f1a Online","publisher":{"@id":"https:\/\/thetreecbd.com\/de#organization"},"potentialAction":[{"@type":"SearchAction","target":{"@type":"EntryPoint","urlTemplate":"https:\/\/thetreecbd.com\/de?s={search_term_string}"},"query-input":{"@type":"PropertyValueSpecification","valueRequired":true,"valueName":"search_term_string"}}],"inLanguage":"de"},{"@type":"Organization","@id":"https:\/\/thetreecbd.com\/de#organization","name":"The Tree CBD","url":"https:\/\/thetreecbd.com\/de","logo":{"@type":"ImageObject","inLanguage":"de","@id":"https:\/\/thetreecbd.com\/de#\/schema\/logo\/image\/","url":"https:\/\/thetreecbd.com\/wp-content\/uploads\/2022\/04\/logo-thetree.png","contentUrl":"https:\/\/thetreecbd.com\/wp-content\/uploads\/2022\/04\/logo-thetree.png","width":172,"height":55,"caption":"The Tree CBD"},"image":{"@id":"https:\/\/thetreecbd.com\/de#\/schema\/logo\/image\/"},"sameAs":["https:\/\/www.facebook.com\/thetreeCBD\/","https:\/\/x.com\/TheTreeCBD_EU","https:\/\/www.instagram.com\/thetree.cbd\/","https:\/\/es.trustpilot.com\/review\/thetreecbd.com"]}]}},"_links":{"self":[{"href":"https:\/\/thetreecbd.com\/de\/wp-json\/wp\/v2\/product\/166102","targetHints":{"allow":["GET"]}}],"collection":[{"href":"https:\/\/thetreecbd.com\/de\/wp-json\/wp\/v2\/product"}],"about":[{"href":"https:\/\/thetreecbd.com\/de\/wp-json\/wp\/v2\/types\/product"}],"version-history":[{"count":0,"href":"https:\/\/thetreecbd.com\/de\/wp-json\/wp\/v2\/product\/166102\/revisions"}],"wp:featuredmedia":[{"embeddable":true,"href":"https:\/\/thetreecbd.com\/de\/wp-json\/wp\/v2\/media\/166104"}],"wp:attachment":[{"href":"https:\/\/thetreecbd.com\/de\/wp-json\/wp\/v2\/media?parent=166102"}],"wp:term":[{"taxonomy":"product_brand","embeddable":true,"href":"https:\/\/thetreecbd.com\/de\/wp-json\/wp\/v2\/product_brand?post=166102"}],"curies":[{"name":"wp","href":"https:\/\/api.w.org\/{rel}","templated":true}]}}