{"id":166106,"date":"2022-04-20T21:28:47","date_gmt":"2022-04-20T19:28:47","guid":{"rendered":"https:\/\/thetreecbd.com\/cbd\/cbd-ol-fur-haustiere-petly"},"modified":"2025-05-26T14:38:22","modified_gmt":"2025-05-26T12:38:22","slug":"cbd-ol-fur-haustiere-petly","status":"publish","type":"product","link":"https:\/\/thetreecbd.com\/de\/cbd\/cbd-ol-fur-haustiere-petly","title":{"rendered":"CBD-\u00d6l f\u00fcr Haustiere Petly"},"content":{"rendered":"<p data-start=\"96\" data-end=\"417\"><strong data-start=\"96\" data-end=\"226\">Dieses CBD-\u00d6l f\u00fcr Haustiere \u2013 Petly Oil von The Tree \u2013 ist ein speziell f\u00fcr das Wohlbefinden deines Haustiers entwickeltes \u00d6l.<\/strong> In einer Zeit, in der wir f\u00fcr uns selbst zunehmend nat\u00fcrliche Alternativen suchen, ist es nur logisch, dass wir uns auch f\u00fcr unsere pelzigen Freunde sichere und nat\u00fcrliche L\u00f6sungen w\u00fcnschen.<\/p>\n<p data-start=\"419\" data-end=\"555\"><strong data-start=\"419\" data-end=\"504\">Unser CBD Petly Oil von The Tree ist eine v\u00f6llig sichere CBD-L\u00f6sung f\u00fcr Haustiere<\/strong>, die sich als nat\u00fcrliche Behandlungsoption eignet.<\/p>\n<p data-start=\"557\" data-end=\"1410\"><strong data-start=\"557\" data-end=\"613\">Das CBD-\u00d6l von The Tree ist ein 100 % nat\u00fcrliches \u00d6l<\/strong>, hergestellt auf Basis von MCT-Kokos\u00f6l mit einem Breitspektrum-Extrakt aus Hanfbl\u00fcten. Dadurch enth\u00e4lt es die meisten aktiven Bestandteile des Hanfs, jedoch kein THC. Dieses CBD-\u00d6l wurde ohne L\u00f6sungsmittel hergestellt: Es ist frei von Alkoholen, Gasen oder anderen aggressiven L\u00f6sungsmitteln, die manchmal bei der Extraktion verwendet werden. Auf diese Weise bewahrt dieses Haustier\u00f6l von The Tree CBD die meisten Bestandteile der Hanfbl\u00fcte und deren Eigenschaften. Hanf ist reich an Antioxidantien, Vitamin E, Omega-3-Fetts\u00e4uren und gesunden Fetten. Es liefert haupts\u00e4chlich 3 % Cannabidiol (CBD) sowie kleinere Mengen an CBG, CBF, CBN, CBC und \u00fcber 150 nat\u00fcrlich vorkommende Cannabinoide. Diese L\u00f6sung enth\u00e4lt das breite Spektrum der Pflanze und alle nat\u00fcrlichen Eigenschaften pflanzlicher \u00d6le.<\/p>\n<p data-start=\"1412\" data-end=\"1919\"><strong data-start=\"1412\" data-end=\"1473\">Unser CBD-Haustier\u00f6l Petly ist durchsichtig und geruchlos<\/strong> und wurde speziell f\u00fcr Haustiere entwickelt. Jede Flasche CBD-\u00d6l durchl\u00e4uft eine strenge Qualit\u00e4tskontrolle und enth\u00e4lt keinerlei Zusatzstoffe, die die Nat\u00fcrlichkeit des Produkts beeintr\u00e4chtigen oder es f\u00fcr unsere vierbeinigen Freunde unsicher machen k\u00f6nnten. Dank fortschrittlicher CO\u2082-Extraktions- und Reinigungsverfahren enth\u00e4lt jede Flasche hochwertiges CBD \u2013 frei von unerw\u00fcnschten Nebenwirkungen, Zusatzstoffen und k\u00fcnstlichen Chemikalien.<\/p>\n<p data-start=\"1921\" data-end=\"2087\"><strong data-start=\"1921\" data-end=\"1989\">Unser CBD Petly Oil wird aus \u00f6kologisch angebautem Hanf gewonnen<\/strong>, der frei von Pestiziden und sch\u00e4dlichen Chemikalien ist \u2013 mit 100 % pflanzlichen Inhaltsstoffen.<\/p>\n<p data-start=\"2089\" data-end=\"2164\"><strong data-start=\"2089\" data-end=\"2164\">Dieses \u00d6l enth\u00e4lt kein THC und hat daher keine psychoaktiven Wirkungen.<\/strong><\/p>\n<p data-start=\"2171\" data-end=\"2397\"><strong data-start=\"2171\" data-end=\"2213\">Eigenschaften von CBD-Haustier\u00f6l Petly<\/strong><\/p>\n<ul>\n<li data-start=\"2171\" data-end=\"2397\">Basis aus MCT-Kokos\u00f6l<\/li>\n<li data-start=\"2171\" data-end=\"2397\">Hanfbl\u00fctenextrakt<\/li>\n<li data-start=\"2171\" data-end=\"2397\"><strong data-start=\"2260\" data-end=\"2304\">3 % CBD pro Tropfen (1,3 mg pro Tropfen)<\/strong><\/li>\n<li data-start=\"2171\" data-end=\"2397\">\u00d6kologischer Anbau, frei von Pestiziden und sch\u00e4dlichen Chemikalien<\/li>\n<li data-start=\"2171\" data-end=\"2397\"><strong data-start=\"2377\" data-end=\"2397\">Enth\u00e4lt kein THC<\/strong><\/li>\n<\/ul>\n<p data-start=\"2404\" data-end=\"2477\"><strong data-start=\"2404\" data-end=\"2442\">Inhaltsstoffe CBD-Haustier\u00f6l Petly<\/strong><br data-start=\"2442\" data-end=\"2445\" \/>MCT-Kokos\u00f6l und CO\u2082-Hanfextrakt.<\/p>\n<p data-start=\"2484\" data-end=\"2688\"><strong data-start=\"2484\" data-end=\"2497\">CBD-Aroma<\/strong><br data-start=\"2497\" data-end=\"2500\" \/>Terpene finden sich in den meisten \u00e4therischen \u00d6len vieler Pflanzen, Blumen und Fr\u00fcchte. Sie sind f\u00fcr Geruch und Geschmack verantwortlich. Auch Cannabis weist ein breites Terpenprofil auf.<\/p>\n<p data-start=\"2690\" data-end=\"2795\"><strong data-start=\"2690\" data-end=\"2728\">Petly Oil ist vollkommen geruchlos<\/strong>, damit dein Haustier bei der Anwendung keine Abneigung entwickelt.<\/p>\n<p data-start=\"2802\" data-end=\"2984\"><strong data-start=\"2802\" data-end=\"2816\">Zielgruppe<\/strong><br data-start=\"2816\" data-end=\"2819\" \/><strong data-start=\"2819\" data-end=\"2865\">The Tree pr\u00e4sentiert sein neues Haustier\u00f6l<\/strong> mit einer ausgewogenen und wohltuenden CBD-Dosierung \u2013 ganz gleich, welche Rasse dein Haustier hat, es wird es lieben.<\/p>\n<p data-start=\"2986\" data-end=\"3115\">Ideal f\u00fcr Menschen mit Haustieren, die unter <strong data-start=\"3031\" data-end=\"3082\">Angstzust\u00e4nden, Schmerzen, Arthrose, Hautjucken<\/strong> oder anderen Beschwerden leiden.<\/p>\n<p data-start=\"3117\" data-end=\"3382\">Die richtige Dosierung ist hierbei besonders wichtig. Es wird empfohlen, einen Tierarzt oder Experten zu konsultieren, um CBD korrekt in die Behandlung deines Haustieres zu integrieren \u2013 mit dem Ziel, die richtige Menge zu geben, ohne Nebenwirkungen zu verursachen.<\/p>\n<p data-start=\"3389\" data-end=\"3635\"><strong data-start=\"3389\" data-end=\"3412\">Sicherheitshinweise<\/strong><br data-start=\"3412\" data-end=\"3415\" \/>Bitte beachte, dass das <strong data-start=\"3439\" data-end=\"3469\">CBD Petly Oil von The Tree<\/strong> ein <strong data-start=\"3474\" data-end=\"3495\">topisches Produkt<\/strong> ist. Es sollte <strong data-start=\"3511\" data-end=\"3563\">nicht w\u00e4hrend der Schwangerschaft oder Stillzeit<\/strong> verwendet werden. <strong data-start=\"3582\" data-end=\"3635\">Au\u00dferhalb der Reichweite von Kindern aufbewahren.<\/strong><\/p>\n<p data-start=\"3637\" data-end=\"3665\"><strong data-start=\"3637\" data-end=\"3665\">Das \u00d6l enth\u00e4lt kein THC.<\/strong><\/p>\n<p data-start=\"3667\" data-end=\"3942\">Die bereitgestellten Informationen dienen ausschlie\u00dflich zu <strong data-start=\"3727\" data-end=\"3765\">Schulungs- und Informationszwecken<\/strong> und ersetzen <strong data-start=\"3779\" data-end=\"3814\">nicht die medizinische Beratung<\/strong> eines Arztes oder Apothekers. Unsere Texte sind <strong data-start=\"3863\" data-end=\"3932\">nicht zur eigenst\u00e4ndigen Diagnose oder Behandlung von Krankheiten<\/strong> bestimmt.<\/p>\n<p data-start=\"3944\" data-end=\"3998\">Z\u00f6gere nicht, uns bei weiteren Fragen zu kontaktieren.<\/p>\n<p data-start=\"4005\" data-end=\"4262\"><strong data-start=\"4005\" data-end=\"4017\">Lagerung<\/strong><br data-start=\"4017\" data-end=\"4020\" \/>Das <strong data-start=\"4024\" data-end=\"4054\">CBD Petly Oil von The Tree<\/strong> sollte idealerweise <strong data-start=\"4075\" data-end=\"4109\">an einem k\u00fchlen, trockenen Ort<\/strong>, gesch\u00fctzt vor Licht und starken Ger\u00fcchen, aufbewahrt werden, um jede Art von Verunreinigung zu vermeiden. <strong data-start=\"4217\" data-end=\"4262\">Direktes Sonnenlicht und Hitze vermeiden.<\/strong><\/p>\n<p data-start=\"4264\" data-end=\"4342\"><strong data-start=\"4264\" data-end=\"4342\">K\u00fchl und trocken lagern. Au\u00dferhalb der Reichweite von Kindern aufbewahren.<\/strong><\/p>\n<p data-start=\"4344\" data-end=\"4432\"><strong data-start=\"4344\" data-end=\"4356\">Achtung:<\/strong> Die angegebene Haltbarkeit betr\u00e4gt <strong data-start=\"4392\" data-end=\"4431\">zwei Jahre bei sachgem\u00e4\u00dfer Lagerung<\/strong>.<\/p>\n","protected":false},"excerpt":{"rendered":"<ul>\n<li>Basis aus MCT-Kokos\u00f6l<\/li>\n<li>Hanfbl\u00fctenextrakt<\/li>\n<li>3 % CBD pro Tropfen (1,3 mg pro Tropfen)<\/li>\n<li>\u00d6kologischer Anbau, frei von Pestiziden und sch\u00e4dlichen Chemikalien<\/li>\n<li>Enth\u00e4lt kein THC<\/li>\n<\/ul>\n","protected":false},"featured_media":178382,"template":"","meta":{"_acf_changed":false},"product_brand":[],"class_list":{"0":"post-166106","1":"product","2":"type-product","3":"status-publish","4":"has-post-thumbnail","6":"product_cat-cbd-haustiere","8":"first","9":"instock","10":"featured","11":"taxable","12":"shipping-taxable","13":"purchasable","14":"product-type-simple"},"acf":[],"yoast_head":"<!-- This site is optimized with the Yoast SEO plugin v26.3 - https:\/\/yoast.com\/wordpress\/plugins\/seo\/ -->\n<title>CBD-\u00d6l f\u00fcr Haustiere Petly | The Tree CBD<\/title>\n<meta name=\"description\" content=\"The Tree CBD bringt dir ein CBD-\u00d6l f\u00fcr Haustiere mit 3 % CBD \u2013 die perfekte Konzentration f\u00fcr kleine und gro\u00dfe Tiere. Entdecke Petly.\" \/>\n<meta name=\"robots\" content=\"index, follow, max-snippet:-1, max-image-preview:large, max-video-preview:-1\" \/>\n<link rel=\"canonical\" href=\"https:\/\/thetreecbd.com\/de\/cbd\/cbd-ol-fur-haustiere-petly\" \/>\n<meta property=\"og:locale\" content=\"de_DE\" \/>\n<meta property=\"og:type\" content=\"article\" \/>\n<meta property=\"og:title\" content=\"CBD-\u00d6l f\u00fcr Haustiere Petly | The Tree CBD\" \/>\n<meta property=\"og:description\" content=\"The Tree CBD bringt dir ein CBD-\u00d6l f\u00fcr Haustiere mit 3 % CBD \u2013 die perfekte Konzentration f\u00fcr kleine und gro\u00dfe Tiere. Entdecke Petly.\" \/>\n<meta property=\"og:url\" content=\"https:\/\/thetreecbd.com\/de\/cbd\/cbd-ol-fur-haustiere-petly\" \/>\n<meta property=\"og:site_name\" content=\"The Tree CBD\" \/>\n<meta property=\"article:publisher\" content=\"https:\/\/www.facebook.com\/thetreeCBD\/\" \/>\n<meta property=\"article:modified_time\" content=\"2025-05-26T12:38:22+00:00\" \/>\n<meta property=\"og:image\" content=\"https:\/\/thetreecbd.com\/wp-content\/uploads\/2022\/04\/aceite-mascotas-1.jpg\" \/>\n\t<meta property=\"og:image:width\" content=\"600\" \/>\n\t<meta property=\"og:image:height\" content=\"720\" \/>\n\t<meta property=\"og:image:type\" content=\"image\/jpeg\" \/>\n<meta name=\"twitter:card\" content=\"summary_large_image\" \/>\n<meta name=\"twitter:site\" content=\"@TheTreeCBD_EU\" \/>\n<meta name=\"twitter:label1\" content=\"Gesch\u00e4tzte Lesezeit\" \/>\n\t<meta name=\"twitter:data1\" content=\"3\u00a0Minuten\" \/>\n<script type=\"application\/ld+json\" class=\"yoast-schema-graph\">{\"@context\":\"https:\/\/schema.org\",\"@graph\":[{\"@type\":[\"WebPage\",\"ItemPage\"],\"@id\":\"https:\/\/thetreecbd.com\/de\/cbd\/cbd-ol-fur-haustiere-petly\",\"url\":\"https:\/\/thetreecbd.com\/de\/cbd\/cbd-ol-fur-haustiere-petly\",\"name\":\"CBD-\u00d6l f\u00fcr Haustiere Petly | The Tree CBD\",\"isPartOf\":{\"@id\":\"https:\/\/thetreecbd.com\/de#website\"},\"primaryImageOfPage\":{\"@id\":\"https:\/\/thetreecbd.com\/de\/cbd\/cbd-ol-fur-haustiere-petly#primaryimage\"},\"image\":{\"@id\":\"https:\/\/thetreecbd.com\/de\/cbd\/cbd-ol-fur-haustiere-petly#primaryimage\"},\"thumbnailUrl\":\"https:\/\/thetreecbd.com\/wp-content\/uploads\/2022\/04\/Petly3-thetree.jpg\",\"datePublished\":\"2022-04-20T19:28:47+00:00\",\"dateModified\":\"2025-05-26T12:38:22+00:00\",\"description\":\"The Tree CBD bringt dir ein CBD-\u00d6l f\u00fcr Haustiere mit 3 % CBD \u2013 die perfekte Konzentration f\u00fcr kleine und gro\u00dfe Tiere. Entdecke Petly.\",\"breadcrumb\":{\"@id\":\"https:\/\/thetreecbd.com\/de\/cbd\/cbd-ol-fur-haustiere-petly#breadcrumb\"},\"inLanguage\":\"de\",\"potentialAction\":[{\"@type\":\"ReadAction\",\"target\":[\"https:\/\/thetreecbd.com\/de\/cbd\/cbd-ol-fur-haustiere-petly\"]}]},{\"@type\":\"ImageObject\",\"inLanguage\":\"de\",\"@id\":\"https:\/\/thetreecbd.com\/de\/cbd\/cbd-ol-fur-haustiere-petly#primaryimage\",\"url\":\"https:\/\/thetreecbd.com\/wp-content\/uploads\/2022\/04\/Petly3-thetree.jpg\",\"contentUrl\":\"https:\/\/thetreecbd.com\/wp-content\/uploads\/2022\/04\/Petly3-thetree.jpg\",\"width\":1080,\"height\":1350},{\"@type\":\"BreadcrumbList\",\"@id\":\"https:\/\/thetreecbd.com\/de\/cbd\/cbd-ol-fur-haustiere-petly#breadcrumb\",\"itemListElement\":[{\"@type\":\"ListItem\",\"position\":1,\"name\":\"The Tree\",\"item\":\"https:\/\/thetreecbd.com\/de\"},{\"@type\":\"ListItem\",\"position\":2,\"name\":\"CBD\",\"item\":\"https:\/\/thetreecbd.com\/es\/cbd\"},{\"@type\":\"ListItem\",\"position\":3,\"name\":\"CBD-Bl\u00fcten kaufen\",\"item\":\"https:\/\/thetreecbd.com\/de\/bluten\"},{\"@type\":\"ListItem\",\"position\":4,\"name\":\"CBD-\u00d6l f\u00fcr Haustiere Petly\"}]},{\"@type\":\"WebSite\",\"@id\":\"https:\/\/thetreecbd.com\/de#website\",\"url\":\"https:\/\/thetreecbd.com\/de\",\"name\":\"The Tree CBD\",\"description\":\"Comprar CBD en Espa\u00f1a Online\",\"publisher\":{\"@id\":\"https:\/\/thetreecbd.com\/de#organization\"},\"potentialAction\":[{\"@type\":\"SearchAction\",\"target\":{\"@type\":\"EntryPoint\",\"urlTemplate\":\"https:\/\/thetreecbd.com\/de?s={search_term_string}\"},\"query-input\":{\"@type\":\"PropertyValueSpecification\",\"valueRequired\":true,\"valueName\":\"search_term_string\"}}],\"inLanguage\":\"de\"},{\"@type\":\"Organization\",\"@id\":\"https:\/\/thetreecbd.com\/de#organization\",\"name\":\"The Tree CBD\",\"url\":\"https:\/\/thetreecbd.com\/de\",\"logo\":{\"@type\":\"ImageObject\",\"inLanguage\":\"de\",\"@id\":\"https:\/\/thetreecbd.com\/de#\/schema\/logo\/image\/\",\"url\":\"https:\/\/thetreecbd.com\/wp-content\/uploads\/2022\/04\/logo-thetree.png\",\"contentUrl\":\"https:\/\/thetreecbd.com\/wp-content\/uploads\/2022\/04\/logo-thetree.png\",\"width\":172,\"height\":55,\"caption\":\"The Tree CBD\"},\"image\":{\"@id\":\"https:\/\/thetreecbd.com\/de#\/schema\/logo\/image\/\"},\"sameAs\":[\"https:\/\/www.facebook.com\/thetreeCBD\/\",\"https:\/\/x.com\/TheTreeCBD_EU\",\"https:\/\/www.instagram.com\/thetree.cbd\/\",\"https:\/\/es.trustpilot.com\/review\/thetreecbd.com\"]}]}<\/script>\n<!-- \/ Yoast SEO plugin. -->","yoast_head_json":{"title":"CBD-\u00d6l f\u00fcr Haustiere Petly | The Tree CBD","description":"The Tree CBD bringt dir ein CBD-\u00d6l f\u00fcr Haustiere mit 3 % CBD \u2013 die perfekte Konzentration f\u00fcr kleine und gro\u00dfe Tiere. Entdecke Petly.","robots":{"index":"index","follow":"follow","max-snippet":"max-snippet:-1","max-image-preview":"max-image-preview:large","max-video-preview":"max-video-preview:-1"},"canonical":"https:\/\/thetreecbd.com\/de\/cbd\/cbd-ol-fur-haustiere-petly","og_locale":"de_DE","og_type":"article","og_title":"CBD-\u00d6l f\u00fcr Haustiere Petly | The Tree CBD","og_description":"The Tree CBD bringt dir ein CBD-\u00d6l f\u00fcr Haustiere mit 3 % CBD \u2013 die perfekte Konzentration f\u00fcr kleine und gro\u00dfe Tiere. Entdecke Petly.","og_url":"https:\/\/thetreecbd.com\/de\/cbd\/cbd-ol-fur-haustiere-petly","og_site_name":"The Tree CBD","article_publisher":"https:\/\/www.facebook.com\/thetreeCBD\/","article_modified_time":"2025-05-26T12:38:22+00:00","og_image":[{"width":600,"height":720,"url":"https:\/\/thetreecbd.com\/wp-content\/uploads\/2022\/04\/aceite-mascotas-1.jpg","type":"image\/jpeg"}],"twitter_card":"summary_large_image","twitter_site":"@TheTreeCBD_EU","twitter_misc":{"Gesch\u00e4tzte Lesezeit":"3\u00a0Minuten"},"schema":{"@context":"https:\/\/schema.org","@graph":[{"@type":["WebPage","ItemPage"],"@id":"https:\/\/thetreecbd.com\/de\/cbd\/cbd-ol-fur-haustiere-petly","url":"https:\/\/thetreecbd.com\/de\/cbd\/cbd-ol-fur-haustiere-petly","name":"CBD-\u00d6l f\u00fcr Haustiere Petly | The Tree CBD","isPartOf":{"@id":"https:\/\/thetreecbd.com\/de#website"},"primaryImageOfPage":{"@id":"https:\/\/thetreecbd.com\/de\/cbd\/cbd-ol-fur-haustiere-petly#primaryimage"},"image":{"@id":"https:\/\/thetreecbd.com\/de\/cbd\/cbd-ol-fur-haustiere-petly#primaryimage"},"thumbnailUrl":"https:\/\/thetreecbd.com\/wp-content\/uploads\/2022\/04\/Petly3-thetree.jpg","datePublished":"2022-04-20T19:28:47+00:00","dateModified":"2025-05-26T12:38:22+00:00","description":"The Tree CBD bringt dir ein CBD-\u00d6l f\u00fcr Haustiere mit 3 % CBD \u2013 die perfekte Konzentration f\u00fcr kleine und gro\u00dfe Tiere. Entdecke Petly.","breadcrumb":{"@id":"https:\/\/thetreecbd.com\/de\/cbd\/cbd-ol-fur-haustiere-petly#breadcrumb"},"inLanguage":"de","potentialAction":[{"@type":"ReadAction","target":["https:\/\/thetreecbd.com\/de\/cbd\/cbd-ol-fur-haustiere-petly"]}]},{"@type":"ImageObject","inLanguage":"de","@id":"https:\/\/thetreecbd.com\/de\/cbd\/cbd-ol-fur-haustiere-petly#primaryimage","url":"https:\/\/thetreecbd.com\/wp-content\/uploads\/2022\/04\/Petly3-thetree.jpg","contentUrl":"https:\/\/thetreecbd.com\/wp-content\/uploads\/2022\/04\/Petly3-thetree.jpg","width":1080,"height":1350},{"@type":"BreadcrumbList","@id":"https:\/\/thetreecbd.com\/de\/cbd\/cbd-ol-fur-haustiere-petly#breadcrumb","itemListElement":[{"@type":"ListItem","position":1,"name":"The Tree","item":"https:\/\/thetreecbd.com\/de"},{"@type":"ListItem","position":2,"name":"CBD","item":"https:\/\/thetreecbd.com\/es\/cbd"},{"@type":"ListItem","position":3,"name":"CBD-Bl\u00fcten kaufen","item":"https:\/\/thetreecbd.com\/de\/bluten"},{"@type":"ListItem","position":4,"name":"CBD-\u00d6l f\u00fcr Haustiere Petly"}]},{"@type":"WebSite","@id":"https:\/\/thetreecbd.com\/de#website","url":"https:\/\/thetreecbd.com\/de","name":"The Tree CBD","description":"Comprar CBD en Espa\u00f1a Online","publisher":{"@id":"https:\/\/thetreecbd.com\/de#organization"},"potentialAction":[{"@type":"SearchAction","target":{"@type":"EntryPoint","urlTemplate":"https:\/\/thetreecbd.com\/de?s={search_term_string}"},"query-input":{"@type":"PropertyValueSpecification","valueRequired":true,"valueName":"search_term_string"}}],"inLanguage":"de"},{"@type":"Organization","@id":"https:\/\/thetreecbd.com\/de#organization","name":"The Tree CBD","url":"https:\/\/thetreecbd.com\/de","logo":{"@type":"ImageObject","inLanguage":"de","@id":"https:\/\/thetreecbd.com\/de#\/schema\/logo\/image\/","url":"https:\/\/thetreecbd.com\/wp-content\/uploads\/2022\/04\/logo-thetree.png","contentUrl":"https:\/\/thetreecbd.com\/wp-content\/uploads\/2022\/04\/logo-thetree.png","width":172,"height":55,"caption":"The Tree CBD"},"image":{"@id":"https:\/\/thetreecbd.com\/de#\/schema\/logo\/image\/"},"sameAs":["https:\/\/www.facebook.com\/thetreeCBD\/","https:\/\/x.com\/TheTreeCBD_EU","https:\/\/www.instagram.com\/thetree.cbd\/","https:\/\/es.trustpilot.com\/review\/thetreecbd.com"]}]}},"_links":{"self":[{"href":"https:\/\/thetreecbd.com\/de\/wp-json\/wp\/v2\/product\/166106","targetHints":{"allow":["GET"]}}],"collection":[{"href":"https:\/\/thetreecbd.com\/de\/wp-json\/wp\/v2\/product"}],"about":[{"href":"https:\/\/thetreecbd.com\/de\/wp-json\/wp\/v2\/types\/product"}],"version-history":[{"count":0,"href":"https:\/\/thetreecbd.com\/de\/wp-json\/wp\/v2\/product\/166106\/revisions"}],"wp:featuredmedia":[{"embeddable":true,"href":"https:\/\/thetreecbd.com\/de\/wp-json\/wp\/v2\/media\/178382"}],"wp:attachment":[{"href":"https:\/\/thetreecbd.com\/de\/wp-json\/wp\/v2\/media?parent=166106"}],"wp:term":[{"taxonomy":"product_brand","embeddable":true,"href":"https:\/\/thetreecbd.com\/de\/wp-json\/wp\/v2\/product_brand?post=166106"}],"curies":[{"name":"wp","href":"https:\/\/api.w.org\/{rel}","templated":true}]}}