{"id":166109,"date":"2021-03-09T15:17:58","date_gmt":"2021-03-09T14:17:58","guid":{"rendered":"https:\/\/thetreecbd.com\/cbd\/cbd-ol-10-vollspektrum"},"modified":"2025-11-21T12:10:26","modified_gmt":"2025-11-21T11:10:26","slug":"cbd-ol-10-vollspektrum","status":"publish","type":"product","link":"https:\/\/thetreecbd.com\/de\/cbd\/cbd-ol-10-vollspektrum","title":{"rendered":"CBD-\u00d6l 10 % Vollspektrum"},"content":{"rendered":"<article class=\"text-token-text-primary w-full\" dir=\"auto\" data-testid=\"conversation-turn-38\" data-scroll-anchor=\"true\">\n<div class=\"text-base my-auto mx-auto py-5 [--thread-content-margin:--spacing(4)] @[37rem]:[--thread-content-margin:--spacing(6)] @[72rem]:[--thread-content-margin:--spacing(16)] px-(--thread-content-margin)\">\n<div class=\"[--thread-content-max-width:32rem] @[34rem]:[--thread-content-max-width:40rem] @[64rem]:[--thread-content-max-width:48rem] mx-auto flex max-w-(--thread-content-max-width) flex-1 text-base gap-4 md:gap-5 lg:gap-6 group\/turn-messages focus-visible:outline-hidden\" tabindex=\"-1\">\n<div class=\"group\/conversation-turn relative flex w-full min-w-0 flex-col agent-turn\">\n<div class=\"relative flex-col gap-1 md:gap-3\">\n<div class=\"flex max-w-full flex-col grow\">\n<div class=\"min-h-8 text-message relative flex w-full flex-col items-end gap-2 text-start break-words whitespace-normal [.text-message+&amp;]:mt-5\" dir=\"auto\" data-message-author-role=\"assistant\" data-message-id=\"fc0fde55-429e-46cd-986d-961f26f67434\" data-message-model-slug=\"gpt-4-1-mini\">\n<div class=\"flex w-full flex-col gap-1 empty:hidden first:pt-[3px]\">\n<div class=\"markdown prose dark:prose-invert w-full break-words dark\">\n<p data-start=\"0\" data-end=\"28\"><strong data-start=\"0\" data-end=\"28\">CBD-\u00d6l 10 % Vollspektrum<\/strong><\/p>\n<p data-start=\"30\" data-end=\"250\">Das 10 % Vollspektrum CBD-\u00d6l wird aus Hanfbl\u00fctenextrakt hergestellt und enth\u00e4lt alle aktiven Komponenten des Hanfs. Im Gegensatz zum Breitband\u00f6l, das die meisten aktiven Hanfbestandteile enth\u00e4lt, jedoch 0 % THC aufweist.<\/p>\n<p data-start=\"252\" data-end=\"566\">Dieses CBD-\u00d6l wurde ohne L\u00f6sungsmittel hergestellt: frei von Alkoholen, Gasen oder anderen aggressiveren L\u00f6sungsmitteln, die manchmal bei der Extraktion verwendet werden. W\u00e4hrend das Breitband\u00f6l kein THC aus der Pflanze enth\u00e4lt, bewahrt dieses Vollspektrum-CBD-\u00d6l das THC der Pflanze, allerdings stets unter 0,2 %.<\/p>\n<p data-start=\"568\" data-end=\"906\"><strong data-start=\"568\" data-end=\"608\">Zusammensetzung und Aussehen des \u00d6ls<\/strong><br data-start=\"608\" data-end=\"611\" \/>Das 10 % Vollspektrum-CBD-\u00d6l hat zudem ein anderes Aussehen als das Breitband\u00f6l. Da es alle Bestandteile der Pflanze bewahrt und gefiltert ist, ist seine Farbe goldgelb, \u00e4hnlich wie \u00d6l, und beh\u00e4lt dennoch die Reinheit des \u00d6ls bei \u2013 im Vergleich zum Breitband\u00f6l, das transparenter und klarer ist.<\/p>\n<p data-start=\"908\" data-end=\"1200\">So bewahrt das The Tree CBD-\u00d6l alle Bestandteile der Hanfbl\u00fcte und ihre Eigenschaften, liefert haupts\u00e4chlich Cannabidiol (CBD) 10 % sowie kleinere Anteile von CBG, CBF, CBN, CBC und mehr als 40 nat\u00fcrlich im Hanf vorkommende Terpene. Diese L\u00f6sung enth\u00e4lt das vollst\u00e4ndige Spektrum der Pflanze.<\/p>\n<p data-start=\"1202\" data-end=\"1688\"><strong data-start=\"1202\" data-end=\"1229\">Warum dieses \u00d6l w\u00e4hlen?<\/strong><br data-start=\"1229\" data-end=\"1232\" \/>Wenn du eine milde CBD-Dosis brauchst, ist unsere 10 % Formel perfekt. Sie wurde speziell f\u00fcr diejenigen entwickelt, die CBD bereits ausprobiert haben. Jede Flasche CBD unterliegt strengen Qualit\u00e4tskontrollen und wird aus \u00f6kologisch angebautem Hanf extrahiert. Dank fortschrittlicher CO\u2082-Extraktions- und Reinigungsverfahren sowie unabh\u00e4ngiger Tests enth\u00e4lt jede Flasche hochwertiges CBD, frei von Nebenwirkungen, Zusatzstoffen und k\u00fcnstlichen Chemikalien.<\/p>\n<p data-start=\"1690\" data-end=\"1874\">Unser \u00d6l wird \u00f6kologisch angebaut, ist frei von Pestiziden und sch\u00e4dlichen Chemikalien und unterliegt den strengsten Qualit\u00e4tskontrollen. Die Zutaten sind 100 % pflanzlichen Ursprungs.<\/p>\n<p data-start=\"1876\" data-end=\"1980\">Dieses \u00d6l enth\u00e4lt weniger als 0,2 % THC, hat keine psychoaktiven Wirkungen und ist in ganz Europa legal.<\/p>\n<p data-start=\"1982\" data-end=\"2031\"><strong data-start=\"1982\" data-end=\"2029\">Eigenschaften des 10 % Vollspektrum CBD-\u00d6ls<\/strong><\/p>\n<ul data-start=\"2032\" data-end=\"2251\">\n<li data-start=\"2032\" data-end=\"2047\">\n<p data-start=\"2034\" data-end=\"2047\">Hanfsamen\u00f6l<\/p>\n<\/li>\n<li data-start=\"2048\" data-end=\"2091\">\n<p data-start=\"2050\" data-end=\"2091\">10 % CBD pro Tropfen (5 mg pro Tropfen)<\/p>\n<\/li>\n<li data-start=\"2092\" data-end=\"2115\">\n<p data-start=\"2094\" data-end=\"2115\">10 ml Dosierflasche<\/p>\n<\/li>\n<li data-start=\"2116\" data-end=\"2187\">\n<p data-start=\"2118\" data-end=\"2187\">\u00d6kologischer Anbau, frei von Pestiziden und sch\u00e4dlichen Chemikalien<\/p>\n<\/li>\n<li data-start=\"2188\" data-end=\"2221\">\n<p data-start=\"2190\" data-end=\"2221\">Enth\u00e4lt weniger als 0,2 % THC<\/p>\n<\/li>\n<li data-start=\"2222\" data-end=\"2251\">\n<p data-start=\"2224\" data-end=\"2251\">Zur \u00e4u\u00dferlichen Anwendung<\/p>\n<\/li>\n<\/ul>\n<p data-start=\"2253\" data-end=\"2302\"><strong data-start=\"2253\" data-end=\"2300\">Inhaltsstoffe des 10 % Vollspektrum CBD-\u00d6ls<\/strong><\/p>\n<ul data-start=\"2303\" data-end=\"2357\">\n<li data-start=\"2303\" data-end=\"2357\">\n<p data-start=\"2305\" data-end=\"2357\">Hanfsamen\u00f6l und Hanfextrakt mittels CO\u2082-Extraktion<\/p>\n<\/li>\n<\/ul>\n<p data-start=\"2359\" data-end=\"2558\"><strong data-start=\"2359\" data-end=\"2372\">CBD-Aroma<\/strong><br data-start=\"2372\" data-end=\"2375\" \/>Terpene findet man in den meisten \u00e4therischen \u00d6len vieler Pflanzen, Blumen und Fr\u00fcchte. Sie sind f\u00fcr Geruch und Geschmack verantwortlich. Im Cannabis gibt es ein breites Terpenprofil.<\/p>\n<p data-start=\"2560\" data-end=\"2691\">Hochwertige CBD-\u00d6le aus Vollspektrum-Extrakten riechen nach Marihuana, da der Gro\u00dfteil des Cannabisgeruchs von den Terpenen stammt.<\/p>\n<p data-start=\"2693\" data-end=\"2906\"><strong data-start=\"2693\" data-end=\"2707\">Zielgruppe<\/strong><br data-start=\"2707\" data-end=\"2710\" \/>Die 10 % CBD-\u00d6le enthalten, wie der Name sagt, 10 % CBD im Gesamtprodukt. Diese Konzentration ist die gebr\u00e4uchlichste f\u00fcr Menschen mit etwas Erfahrung mit diesem Cannabinoid und wirkt mittelstark.<\/p>\n<p data-start=\"2908\" data-end=\"3128\"><strong data-start=\"2908\" data-end=\"2931\">Sicherheitshinweise<\/strong><br data-start=\"2931\" data-end=\"2934\" \/>Bitte beachten: Das 10 % Vollspektrum CBD-\u00d6l von The Tree ist ein Produkt zur \u00e4u\u00dferlichen Anwendung. Es darf w\u00e4hrend Schwangerschaft und Stillzeit nicht verwendet werden. Von Kindern fernhalten.<\/p>\n<p data-start=\"3130\" data-end=\"3384\">Die bereitgestellten Informationen dienen ausschlie\u00dflich zu Informations- und Schulungszwecken und ersetzen keinesfalls den Rat eines Arztes oder Apothekers. Unsere Texte sind nicht f\u00fcr die eigenst\u00e4ndige Diagnose oder Behandlung von Krankheiten bestimmt.<\/p>\n<p data-start=\"3386\" data-end=\"3424\">Bei Fragen kontaktieren Sie uns gerne.<\/p>\n<p data-start=\"3426\" data-end=\"3649\"><strong data-start=\"3426\" data-end=\"3438\">Lagerung<\/strong><br data-start=\"3438\" data-end=\"3441\" \/>Idealerweise sollte das The Tree CBD-\u00d6l an einem k\u00fchlen, trockenen Ort, gesch\u00fctzt vor Licht und starken Ger\u00fcchen gelagert werden, um Kontamination zu vermeiden. Direkte Sonneneinstrahlung und Hitze vermeiden.<\/p>\n<p data-start=\"3651\" data-end=\"3725\">K\u00fchl und trocken lagern. Au\u00dferhalb der Reichweite von Kindern aufbewahren.<\/p>\n<p data-start=\"3727\" data-end=\"3805\" data-is-last-node=\"\" data-is-only-node=\"\">Hinweis: Die angegebene Haltbarkeit betr\u00e4gt bei richtiger Lagerung zwei Jahre.<\/p>\n<\/div>\n<\/div>\n<\/div>\n<\/div>\n<div class=\"flex justify-start\"><\/div>\n<div class=\"mt-3 w-full empty:hidden\">\n<div class=\"text-center\"><\/div>\n<\/div>\n<\/div>\n<div class=\"absolute\">\n<div class=\"flex items-center justify-center\"><\/div>\n<\/div>\n<\/div>\n<\/div>\n<\/div>\n<\/article>\n<div class=\"pointer-events-none h-px w-px\" aria-hidden=\"true\" data-edge=\"true\"><\/div>\n","protected":false},"excerpt":{"rendered":"<ul>\n<li>Hanfsamen\u00f6l.<\/li>\n<li><strong>10 % CBD<\/strong> pro Tropfen (5 mg pro Tropfen).<\/li>\n<li><strong>10 ml<\/strong> Dosierflasche.<\/li>\n<li>\u00d6kologischer Anbau, frei von Pestiziden und sch\u00e4dlichen Chemikalien.<\/li>\n<li>Enth\u00e4lt weniger als 0,2 % THC.<\/li>\n<li>Zur \u00e4u\u00dferlichen Anwendung.<\/li>\n<\/ul>\n","protected":false},"featured_media":178364,"template":"","meta":{"_acf_changed":false},"product_brand":[],"class_list":{"0":"post-166109","1":"product","2":"type-product","3":"status-publish","4":"has-post-thumbnail","6":"product_cat-black-friday-cbd","7":"product_cat-cbd-ol","8":"product_cat-cbd-ole-mit-10","9":"product_cat-cbd-sportler","10":"product_cat-produkte-mit-10-cbd","11":"product_cat-vollspektrum","13":"first","14":"instock","15":"taxable","16":"shipping-taxable","17":"purchasable","18":"product-type-simple"},"acf":[],"yoast_head":"<!-- This site is optimized with the Yoast SEO plugin v26.3 - https:\/\/yoast.com\/wordpress\/plugins\/seo\/ -->\n<title>CBD-\u00d6l 10 % Vollspektrum | The Tree CBD<\/title>\n<meta name=\"description\" content=\"CBD-\u00d6l 10 % Full Spectrum mit allen Pflanzenbestandteilen und weniger als 0,2 % THC. Vollspektrum-CBD-\u00d6l. 100 % pflanzliche Inhaltsstoffe.\" \/>\n<meta name=\"robots\" content=\"index, follow, max-snippet:-1, max-image-preview:large, max-video-preview:-1\" \/>\n<link rel=\"canonical\" href=\"https:\/\/thetreecbd.com\/de\/cbd\/cbd-ol-10-vollspektrum\" \/>\n<meta property=\"og:locale\" content=\"de_DE\" \/>\n<meta property=\"og:type\" content=\"article\" \/>\n<meta property=\"og:title\" content=\"CBD-\u00d6l 10 % Vollspektrum | The Tree CBD\" \/>\n<meta property=\"og:description\" content=\"CBD-\u00d6l 10 % Full Spectrum mit allen Pflanzenbestandteilen und weniger als 0,2 % THC. Vollspektrum-CBD-\u00d6l. 100 % pflanzliche Inhaltsstoffe.\" \/>\n<meta property=\"og:url\" content=\"https:\/\/thetreecbd.com\/de\/cbd\/cbd-ol-10-vollspektrum\" \/>\n<meta property=\"og:site_name\" content=\"The Tree CBD\" \/>\n<meta property=\"article:publisher\" content=\"https:\/\/www.facebook.com\/thetreeCBD\/\" \/>\n<meta property=\"article:modified_time\" content=\"2025-11-21T11:10:26+00:00\" \/>\n<meta property=\"og:image\" content=\"https:\/\/thetreecbd.com\/wp-content\/uploads\/2021\/03\/Oil10-thetree.jpg\" \/>\n\t<meta property=\"og:image:width\" content=\"1080\" \/>\n\t<meta property=\"og:image:height\" content=\"1350\" \/>\n\t<meta property=\"og:image:type\" content=\"image\/jpeg\" \/>\n<meta name=\"twitter:card\" content=\"summary_large_image\" \/>\n<meta name=\"twitter:site\" content=\"@TheTreeCBD_EU\" \/>\n<meta name=\"twitter:label1\" content=\"Gesch\u00e4tzte Lesezeit\" \/>\n\t<meta name=\"twitter:data1\" content=\"3\u00a0Minuten\" \/>\n<script type=\"application\/ld+json\" class=\"yoast-schema-graph\">{\"@context\":\"https:\/\/schema.org\",\"@graph\":[{\"@type\":[\"WebPage\",\"ItemPage\"],\"@id\":\"https:\/\/thetreecbd.com\/de\/cbd\/cbd-ol-10-vollspektrum\",\"url\":\"https:\/\/thetreecbd.com\/de\/cbd\/cbd-ol-10-vollspektrum\",\"name\":\"CBD-\u00d6l 10 % Vollspektrum | The Tree CBD\",\"isPartOf\":{\"@id\":\"https:\/\/thetreecbd.com\/de#website\"},\"primaryImageOfPage\":{\"@id\":\"https:\/\/thetreecbd.com\/de\/cbd\/cbd-ol-10-vollspektrum#primaryimage\"},\"image\":{\"@id\":\"https:\/\/thetreecbd.com\/de\/cbd\/cbd-ol-10-vollspektrum#primaryimage\"},\"thumbnailUrl\":\"https:\/\/thetreecbd.com\/wp-content\/uploads\/2021\/03\/Oil10-thetree.jpg\",\"datePublished\":\"2021-03-09T14:17:58+00:00\",\"dateModified\":\"2025-11-21T11:10:26+00:00\",\"description\":\"CBD-\u00d6l 10 % Full Spectrum mit allen Pflanzenbestandteilen und weniger als 0,2 % THC. Vollspektrum-CBD-\u00d6l. 100 % pflanzliche Inhaltsstoffe.\",\"breadcrumb\":{\"@id\":\"https:\/\/thetreecbd.com\/de\/cbd\/cbd-ol-10-vollspektrum#breadcrumb\"},\"inLanguage\":\"de\",\"potentialAction\":[{\"@type\":\"ReadAction\",\"target\":[\"https:\/\/thetreecbd.com\/de\/cbd\/cbd-ol-10-vollspektrum\"]}]},{\"@type\":\"ImageObject\",\"inLanguage\":\"de\",\"@id\":\"https:\/\/thetreecbd.com\/de\/cbd\/cbd-ol-10-vollspektrum#primaryimage\",\"url\":\"https:\/\/thetreecbd.com\/wp-content\/uploads\/2021\/03\/Oil10-thetree.jpg\",\"contentUrl\":\"https:\/\/thetreecbd.com\/wp-content\/uploads\/2021\/03\/Oil10-thetree.jpg\",\"width\":1080,\"height\":1350},{\"@type\":\"BreadcrumbList\",\"@id\":\"https:\/\/thetreecbd.com\/de\/cbd\/cbd-ol-10-vollspektrum#breadcrumb\",\"itemListElement\":[{\"@type\":\"ListItem\",\"position\":1,\"name\":\"The Tree\",\"item\":\"https:\/\/thetreecbd.com\/de\"},{\"@type\":\"ListItem\",\"position\":2,\"name\":\"CBD\",\"item\":\"https:\/\/thetreecbd.com\/es\/cbd\"},{\"@type\":\"ListItem\",\"position\":3,\"name\":\"CBD-\u00d6l\",\"item\":\"https:\/\/thetreecbd.com\/de\/cbd-ol\"},{\"@type\":\"ListItem\",\"position\":4,\"name\":\"CBD-\u00d6le mit 10\u202f%\",\"item\":\"https:\/\/thetreecbd.com\/de\/cbd-ol\/cbd-ole-mit-10\"},{\"@type\":\"ListItem\",\"position\":5,\"name\":\"CBD-\u00d6l 10 % Vollspektrum\"}]},{\"@type\":\"WebSite\",\"@id\":\"https:\/\/thetreecbd.com\/de#website\",\"url\":\"https:\/\/thetreecbd.com\/de\",\"name\":\"The Tree CBD\",\"description\":\"Comprar CBD en Espa\u00f1a Online\",\"publisher\":{\"@id\":\"https:\/\/thetreecbd.com\/de#organization\"},\"potentialAction\":[{\"@type\":\"SearchAction\",\"target\":{\"@type\":\"EntryPoint\",\"urlTemplate\":\"https:\/\/thetreecbd.com\/de?s={search_term_string}\"},\"query-input\":{\"@type\":\"PropertyValueSpecification\",\"valueRequired\":true,\"valueName\":\"search_term_string\"}}],\"inLanguage\":\"de\"},{\"@type\":\"Organization\",\"@id\":\"https:\/\/thetreecbd.com\/de#organization\",\"name\":\"The Tree CBD\",\"url\":\"https:\/\/thetreecbd.com\/de\",\"logo\":{\"@type\":\"ImageObject\",\"inLanguage\":\"de\",\"@id\":\"https:\/\/thetreecbd.com\/de#\/schema\/logo\/image\/\",\"url\":\"https:\/\/thetreecbd.com\/wp-content\/uploads\/2022\/04\/logo-thetree.png\",\"contentUrl\":\"https:\/\/thetreecbd.com\/wp-content\/uploads\/2022\/04\/logo-thetree.png\",\"width\":172,\"height\":55,\"caption\":\"The Tree CBD\"},\"image\":{\"@id\":\"https:\/\/thetreecbd.com\/de#\/schema\/logo\/image\/\"},\"sameAs\":[\"https:\/\/www.facebook.com\/thetreeCBD\/\",\"https:\/\/x.com\/TheTreeCBD_EU\",\"https:\/\/www.instagram.com\/thetree.cbd\/\",\"https:\/\/es.trustpilot.com\/review\/thetreecbd.com\"]}]}<\/script>\n<!-- \/ Yoast SEO plugin. -->","yoast_head_json":{"title":"CBD-\u00d6l 10 % Vollspektrum | The Tree CBD","description":"CBD-\u00d6l 10 % Full Spectrum mit allen Pflanzenbestandteilen und weniger als 0,2 % THC. Vollspektrum-CBD-\u00d6l. 100 % pflanzliche Inhaltsstoffe.","robots":{"index":"index","follow":"follow","max-snippet":"max-snippet:-1","max-image-preview":"max-image-preview:large","max-video-preview":"max-video-preview:-1"},"canonical":"https:\/\/thetreecbd.com\/de\/cbd\/cbd-ol-10-vollspektrum","og_locale":"de_DE","og_type":"article","og_title":"CBD-\u00d6l 10 % Vollspektrum | The Tree CBD","og_description":"CBD-\u00d6l 10 % Full Spectrum mit allen Pflanzenbestandteilen und weniger als 0,2 % THC. Vollspektrum-CBD-\u00d6l. 100 % pflanzliche Inhaltsstoffe.","og_url":"https:\/\/thetreecbd.com\/de\/cbd\/cbd-ol-10-vollspektrum","og_site_name":"The Tree CBD","article_publisher":"https:\/\/www.facebook.com\/thetreeCBD\/","article_modified_time":"2025-11-21T11:10:26+00:00","og_image":[{"width":1080,"height":1350,"url":"https:\/\/thetreecbd.com\/wp-content\/uploads\/2021\/03\/Oil10-thetree.jpg","type":"image\/jpeg"}],"twitter_card":"summary_large_image","twitter_site":"@TheTreeCBD_EU","twitter_misc":{"Gesch\u00e4tzte Lesezeit":"3\u00a0Minuten"},"schema":{"@context":"https:\/\/schema.org","@graph":[{"@type":["WebPage","ItemPage"],"@id":"https:\/\/thetreecbd.com\/de\/cbd\/cbd-ol-10-vollspektrum","url":"https:\/\/thetreecbd.com\/de\/cbd\/cbd-ol-10-vollspektrum","name":"CBD-\u00d6l 10 % Vollspektrum | The Tree CBD","isPartOf":{"@id":"https:\/\/thetreecbd.com\/de#website"},"primaryImageOfPage":{"@id":"https:\/\/thetreecbd.com\/de\/cbd\/cbd-ol-10-vollspektrum#primaryimage"},"image":{"@id":"https:\/\/thetreecbd.com\/de\/cbd\/cbd-ol-10-vollspektrum#primaryimage"},"thumbnailUrl":"https:\/\/thetreecbd.com\/wp-content\/uploads\/2021\/03\/Oil10-thetree.jpg","datePublished":"2021-03-09T14:17:58+00:00","dateModified":"2025-11-21T11:10:26+00:00","description":"CBD-\u00d6l 10 % Full Spectrum mit allen Pflanzenbestandteilen und weniger als 0,2 % THC. Vollspektrum-CBD-\u00d6l. 100 % pflanzliche Inhaltsstoffe.","breadcrumb":{"@id":"https:\/\/thetreecbd.com\/de\/cbd\/cbd-ol-10-vollspektrum#breadcrumb"},"inLanguage":"de","potentialAction":[{"@type":"ReadAction","target":["https:\/\/thetreecbd.com\/de\/cbd\/cbd-ol-10-vollspektrum"]}]},{"@type":"ImageObject","inLanguage":"de","@id":"https:\/\/thetreecbd.com\/de\/cbd\/cbd-ol-10-vollspektrum#primaryimage","url":"https:\/\/thetreecbd.com\/wp-content\/uploads\/2021\/03\/Oil10-thetree.jpg","contentUrl":"https:\/\/thetreecbd.com\/wp-content\/uploads\/2021\/03\/Oil10-thetree.jpg","width":1080,"height":1350},{"@type":"BreadcrumbList","@id":"https:\/\/thetreecbd.com\/de\/cbd\/cbd-ol-10-vollspektrum#breadcrumb","itemListElement":[{"@type":"ListItem","position":1,"name":"The Tree","item":"https:\/\/thetreecbd.com\/de"},{"@type":"ListItem","position":2,"name":"CBD","item":"https:\/\/thetreecbd.com\/es\/cbd"},{"@type":"ListItem","position":3,"name":"CBD-\u00d6l","item":"https:\/\/thetreecbd.com\/de\/cbd-ol"},{"@type":"ListItem","position":4,"name":"CBD-\u00d6le mit 10\u202f%","item":"https:\/\/thetreecbd.com\/de\/cbd-ol\/cbd-ole-mit-10"},{"@type":"ListItem","position":5,"name":"CBD-\u00d6l 10 % Vollspektrum"}]},{"@type":"WebSite","@id":"https:\/\/thetreecbd.com\/de#website","url":"https:\/\/thetreecbd.com\/de","name":"The Tree CBD","description":"Comprar CBD en Espa\u00f1a Online","publisher":{"@id":"https:\/\/thetreecbd.com\/de#organization"},"potentialAction":[{"@type":"SearchAction","target":{"@type":"EntryPoint","urlTemplate":"https:\/\/thetreecbd.com\/de?s={search_term_string}"},"query-input":{"@type":"PropertyValueSpecification","valueRequired":true,"valueName":"search_term_string"}}],"inLanguage":"de"},{"@type":"Organization","@id":"https:\/\/thetreecbd.com\/de#organization","name":"The Tree CBD","url":"https:\/\/thetreecbd.com\/de","logo":{"@type":"ImageObject","inLanguage":"de","@id":"https:\/\/thetreecbd.com\/de#\/schema\/logo\/image\/","url":"https:\/\/thetreecbd.com\/wp-content\/uploads\/2022\/04\/logo-thetree.png","contentUrl":"https:\/\/thetreecbd.com\/wp-content\/uploads\/2022\/04\/logo-thetree.png","width":172,"height":55,"caption":"The Tree CBD"},"image":{"@id":"https:\/\/thetreecbd.com\/de#\/schema\/logo\/image\/"},"sameAs":["https:\/\/www.facebook.com\/thetreeCBD\/","https:\/\/x.com\/TheTreeCBD_EU","https:\/\/www.instagram.com\/thetree.cbd\/","https:\/\/es.trustpilot.com\/review\/thetreecbd.com"]}]}},"_links":{"self":[{"href":"https:\/\/thetreecbd.com\/de\/wp-json\/wp\/v2\/product\/166109","targetHints":{"allow":["GET"]}}],"collection":[{"href":"https:\/\/thetreecbd.com\/de\/wp-json\/wp\/v2\/product"}],"about":[{"href":"https:\/\/thetreecbd.com\/de\/wp-json\/wp\/v2\/types\/product"}],"version-history":[{"count":0,"href":"https:\/\/thetreecbd.com\/de\/wp-json\/wp\/v2\/product\/166109\/revisions"}],"wp:featuredmedia":[{"embeddable":true,"href":"https:\/\/thetreecbd.com\/de\/wp-json\/wp\/v2\/media\/178364"}],"wp:attachment":[{"href":"https:\/\/thetreecbd.com\/de\/wp-json\/wp\/v2\/media?parent=166109"}],"wp:term":[{"taxonomy":"product_brand","embeddable":true,"href":"https:\/\/thetreecbd.com\/de\/wp-json\/wp\/v2\/product_brand?post=166109"}],"curies":[{"name":"wp","href":"https:\/\/api.w.org\/{rel}","templated":true}]}}