{"id":166119,"date":"2021-03-09T15:53:29","date_gmt":"2021-03-09T14:53:29","guid":{"rendered":"https:\/\/thetreecbd.com\/cbd\/cbd-ol-20-full-spectrum"},"modified":"2021-03-09T15:53:29","modified_gmt":"2021-03-09T14:53:29","slug":"cbd-ol-20-full-spectrum","status":"publish","type":"product","link":"https:\/\/thetreecbd.com\/de\/cbd\/cbd-ol-20-full-spectrum","title":{"rendered":"CBD-\u00d6l 20 % Full Spectrum"},"content":{"rendered":"<p data-start=\"0\" data-end=\"226\">Das CBD-\u00d6l 20 % Full Spectrum wird aus Hanfbl\u00fctenextrakt hergestellt und enth\u00e4lt alle aktiven Bestandteile des Hanfs. Im Gegensatz zum Broad-Spectrum-\u00d6l, das die meisten aktiven Hanfbestandteile enth\u00e4lt, aber 0 % THC aufweist.<\/p>\n<p data-start=\"228\" data-end=\"515\">Dieses CBD-\u00d6l wurde ohne L\u00f6sungsmittel hergestellt: frei von Alkoholen, Gasen oder anderen aggressiveren L\u00f6sungsmitteln zur Extraktion. W\u00e4hrend das Broad-Spectrum-\u00d6l das THC der Pflanze nicht bewahrt, enth\u00e4lt dieses Full-Spectrum-CBD-\u00d6l das THC der Pflanze, allerdings stets unter 0,2 %.<\/p>\n<p data-start=\"517\" data-end=\"881\"><strong data-start=\"517\" data-end=\"562\">Bestandteile und Erscheinungsbild des \u00d6ls<\/strong><br data-start=\"562\" data-end=\"565\" \/>Au\u00dferdem unterscheidet sich das 20 % Full Spectrum CBD-\u00d6l auch im Aussehen vom Broad-Spectrum-\u00d6l. Da alle Bestandteile der Pflanze erhalten bleiben und es gefiltert ist, hat es eine goldgelbe Farbe, \u00e4hnlich wie \u00d6l, beh\u00e4lt dabei aber die Reinheit; im Vergleich zum Broad-Spectrum-\u00d6l, das klarer und transparenter ist.<\/p>\n<p data-start=\"883\" data-end=\"1185\">So bewahrt das The Tree CBD-\u00d6l alle Bestandteile der Hanfbl\u00fcte und deren Eigenschaften und liefert haupts\u00e4chlich Cannabidiol (CBD) 20 %, sowie geringere Anteile von CBG, CBF, CBN, CBC und mehr als 40 Terpenen, die nat\u00fcrlich im Hanf vorkommen. Diese L\u00f6sung enth\u00e4lt das vollst\u00e4ndige Spektrum der Pflanze.<\/p>\n<p data-start=\"1187\" data-end=\"1673\"><strong data-start=\"1187\" data-end=\"1214\">Warum dieses \u00d6l w\u00e4hlen?<\/strong><br data-start=\"1214\" data-end=\"1217\" \/>Wenn du eine intensive CBD-Dosis brauchst, ist unsere 20%-Formel perfekt. Wir haben sie speziell f\u00fcr diejenigen entwickelt, die bereits Erfahrung mit CBD haben. Jede Flasche CBD unterliegt einer strengen Qualit\u00e4tskontrolle und wird aus \u00f6kologisch angebautem Hanf gewonnen. Dank fortschrittlicher CO\u2082-Extraktion und Reinigung sowie unabh\u00e4ngigen Tests enth\u00e4lt jede Flasche hochwertiges CBD, frei von Nebenwirkungen, Zusatzstoffen und k\u00fcnstlichen Chemikalien.<\/p>\n<p data-start=\"1675\" data-end=\"1856\">Unser \u00d6l wird \u00f6kologisch angebaut, ist frei von Pestiziden und sch\u00e4dlichen Chemikalien, unterliegt strengen Qualit\u00e4tskontrollen und besteht zu 100 % aus pflanzlichen Inhaltsstoffen.<\/p>\n<p data-start=\"1858\" data-end=\"1960\">Dieses \u00d6l enth\u00e4lt weniger als 0,2 % THC, hat keine psychoaktiven Effekte und ist in ganz Europa legal.<\/p>\n<p data-start=\"1962\" data-end=\"2012\"><strong data-start=\"1962\" data-end=\"2010\">Eigenschaften des 20 % Full Spectrum CBD-\u00d6ls<\/strong><\/p>\n<ul data-start=\"2013\" data-end=\"2231\">\n<li data-start=\"2013\" data-end=\"2028\">\n<p data-start=\"2015\" data-end=\"2028\">Hanfsamen\u00f6l<\/p>\n<\/li>\n<li data-start=\"2029\" data-end=\"2073\">\n<p data-start=\"2031\" data-end=\"2073\">20 % CBD pro Tropfen (10 mg pro Tropfen)<\/p>\n<\/li>\n<li data-start=\"2074\" data-end=\"2097\">\n<p data-start=\"2076\" data-end=\"2097\">10 ml Dosierflasche<\/p>\n<\/li>\n<li data-start=\"2098\" data-end=\"2169\">\n<p data-start=\"2100\" data-end=\"2169\">\u00d6kologischer Anbau, frei von Pestiziden und sch\u00e4dlichen Chemikalien<\/p>\n<\/li>\n<li data-start=\"2170\" data-end=\"2203\">\n<p data-start=\"2172\" data-end=\"2203\">Enth\u00e4lt weniger als 0,2 % THC<\/p>\n<\/li>\n<li data-start=\"2204\" data-end=\"2231\">\n<p data-start=\"2206\" data-end=\"2231\">Zur \u00e4u\u00dferlichen Anwendung<\/p>\n<\/li>\n<\/ul>\n<p data-start=\"2233\" data-end=\"2283\"><strong data-start=\"2233\" data-end=\"2281\">Inhaltsstoffe des 20 % Full Spectrum CBD-\u00d6ls<\/strong><\/p>\n<ul data-start=\"2284\" data-end=\"2317\">\n<li data-start=\"2284\" data-end=\"2317\">\n<p data-start=\"2286\" data-end=\"2317\">Hanfsamen\u00f6l und Hanfextrakt CO\u2082<\/p>\n<\/li>\n<\/ul>\n<p data-start=\"2319\" data-end=\"2521\"><strong data-start=\"2319\" data-end=\"2332\">CBD-Aroma<\/strong><br data-start=\"2332\" data-end=\"2335\" \/>Terpene finden sich in den meisten \u00e4therischen \u00d6len vieler Pflanzen, Blumen und Fr\u00fcchte und sind verantwortlich f\u00fcr Geruch und Geschmack. Cannabis besitzt ein umfangreiches Terpenprofil.<\/p>\n<p data-start=\"2523\" data-end=\"2656\">CBD-\u00d6le aus hochwertigen Full-Spectrum-Extrakten riechen nach Marihuana, da der Gro\u00dfteil des Cannabisgeruchs von den Terpenen stammt.<\/p>\n<p data-start=\"2658\" data-end=\"2851\"><strong data-start=\"2658\" data-end=\"2672\">Zielgruppe<\/strong><br data-start=\"2672\" data-end=\"2675\" \/>20 % CBD-\u00d6le sind hochdosiert, da der CBD-Anteil sehr hoch ist. Sie sind ideal f\u00fcr Personen, die eine intensive Wirkung suchen oder viel Erfahrung mit diesem Cannabinoid haben.<\/p>\n<p data-start=\"2853\" data-end=\"3099\"><strong data-start=\"2853\" data-end=\"2876\">Sicherheitshinweise<\/strong><br data-start=\"2876\" data-end=\"2879\" \/>Beachte, dass das 20 % Full Spectrum CBD-\u00d6l von The Tree ein Produkt zur \u00e4u\u00dferlichen Anwendung ist. Es darf nicht w\u00e4hrend Schwangerschaft oder Stillzeit verwendet werden. Au\u00dferhalb der Reichweite von Kindern aufbewahren.<\/p>\n<p data-start=\"3101\" data-end=\"3365\">Die bereitgestellten Informationen dienen nur zu Informations- und Schulungszwecken und ersetzen keinesfalls die medizinische Beratung durch einen Arzt oder Apotheker. Unsere Texte sind nicht f\u00fcr die eigenst\u00e4ndige Diagnose oder Behandlung von Krankheiten bestimmt.<\/p>\n<p data-start=\"3367\" data-end=\"3421\">Bei weiteren Fragen z\u00f6gere nicht, uns zu kontaktieren.<\/p>\n<p data-start=\"3423\" data-end=\"3655\"><strong data-start=\"3423\" data-end=\"3435\">Lagerung<\/strong><br data-start=\"3435\" data-end=\"3438\" \/>Ideal sollte das CBD-\u00d6l von The Tree an einem k\u00fchlen, trockenen Ort, gesch\u00fctzt vor Licht und starken Ger\u00fcchen, aufbewahrt werden, um jegliche Kontamination zu vermeiden. Direkte Sonneneinstrahlung und Hitze vermeiden.<\/p>\n<p data-start=\"3657\" data-end=\"3745\">An einem k\u00fchlen, trockenen Ort lagern. Au\u00dferhalb der Reichweite von Kindern aufbewahren.<\/p>\n<p data-start=\"3747\" data-end=\"3829\" data-is-last-node=\"\" data-is-only-node=\"\"><strong data-start=\"3747\" data-end=\"3759\">Hinweis:<\/strong> Die angegebene Haltbarkeit betr\u00e4gt zwei Jahre bei korrekter Lagerung.<\/p>\n","protected":false},"excerpt":{"rendered":"<ul>\n<li>Hanf-Samen\u00f6l.<\/li>\n<li><strong>20 % CBD<\/strong> pro Tropfen (10 mg pro Tropfen).<\/li>\n<li><strong>10 ml<\/strong> Dosierflasche.<\/li>\n<li>\u00d6kologischer Anbau, frei von Pestiziden und sch\u00e4dlichen Chemikalien.<\/li>\n<li>Enth\u00e4lt weniger als 0,2 % THC.<\/li>\n<li>Zur \u00e4u\u00dferlichen Anwendung.<\/li>\n<\/ul>\n","protected":false},"featured_media":166078,"template":"","meta":{"_acf_changed":false},"product_brand":[],"class_list":{"0":"post-166119","1":"product","2":"type-product","3":"status-publish","4":"has-post-thumbnail","6":"product_cat-cbd-ol","7":"product_cat-cbd-ole-mit-20","8":"product_cat-cbd-schmerzen","9":"product_cat-produkte-mit-20-cbd","10":"product_cat-vollspektrum","12":"first","13":"outofstock","14":"taxable","15":"shipping-taxable","16":"purchasable","17":"product-type-simple"},"acf":[],"yoast_head":"<!-- This site is optimized with the Yoast SEO plugin v26.3 - https:\/\/yoast.com\/wordpress\/plugins\/seo\/ -->\n<title>CBD-\u00d6l 20 % Full Spectrum | The Tree CBD<\/title>\n<meta name=\"description\" content=\"CBD-\u00d6l 20 % Full Spectrum. Hergestellt mit Hanfbl\u00fctenextrakt. Mit allen aktiven Hanfbestandteilen. 100 % pflanzliche Inhaltsstoffe.\" \/>\n<meta name=\"robots\" content=\"index, follow, max-snippet:-1, max-image-preview:large, max-video-preview:-1\" \/>\n<link rel=\"canonical\" href=\"https:\/\/thetreecbd.com\/de\/cbd\/cbd-ol-20-full-spectrum\" \/>\n<meta property=\"og:locale\" content=\"de_DE\" \/>\n<meta property=\"og:type\" content=\"article\" \/>\n<meta property=\"og:title\" content=\"CBD-\u00d6l 20 % Full Spectrum | The Tree CBD\" \/>\n<meta property=\"og:description\" content=\"CBD-\u00d6l 20 % Full Spectrum. Hergestellt mit Hanfbl\u00fctenextrakt. Mit allen aktiven Hanfbestandteilen. 100 % pflanzliche Inhaltsstoffe.\" \/>\n<meta property=\"og:url\" content=\"https:\/\/thetreecbd.com\/de\/cbd\/cbd-ol-20-full-spectrum\" \/>\n<meta property=\"og:site_name\" content=\"The Tree CBD\" \/>\n<meta property=\"article:publisher\" content=\"https:\/\/www.facebook.com\/thetreeCBD\/\" \/>\n<meta property=\"og:image\" content=\"https:\/\/thetreecbd.com\/wp-content\/uploads\/2020\/12\/aceite-full-spectrum-20_1.jpg\" \/>\n\t<meta property=\"og:image:width\" content=\"600\" \/>\n\t<meta property=\"og:image:height\" content=\"720\" \/>\n\t<meta property=\"og:image:type\" content=\"image\/jpeg\" \/>\n<meta name=\"twitter:card\" content=\"summary_large_image\" \/>\n<meta name=\"twitter:site\" content=\"@TheTreeCBD_EU\" \/>\n<meta name=\"twitter:label1\" content=\"Gesch\u00e4tzte Lesezeit\" \/>\n\t<meta name=\"twitter:data1\" content=\"3\u00a0Minuten\" \/>\n<script type=\"application\/ld+json\" class=\"yoast-schema-graph\">{\"@context\":\"https:\/\/schema.org\",\"@graph\":[{\"@type\":[\"WebPage\",\"ItemPage\"],\"@id\":\"https:\/\/thetreecbd.com\/de\/cbd\/cbd-ol-20-full-spectrum\",\"url\":\"https:\/\/thetreecbd.com\/de\/cbd\/cbd-ol-20-full-spectrum\",\"name\":\"CBD-\u00d6l 20 % Full Spectrum | The Tree CBD\",\"isPartOf\":{\"@id\":\"https:\/\/thetreecbd.com\/de#website\"},\"primaryImageOfPage\":{\"@id\":\"https:\/\/thetreecbd.com\/de\/cbd\/cbd-ol-20-full-spectrum#primaryimage\"},\"image\":{\"@id\":\"https:\/\/thetreecbd.com\/de\/cbd\/cbd-ol-20-full-spectrum#primaryimage\"},\"thumbnailUrl\":\"https:\/\/thetreecbd.com\/wp-content\/uploads\/2020\/12\/aceite-full-spectrum-20_1.jpg\",\"datePublished\":\"2021-03-09T14:53:29+00:00\",\"description\":\"CBD-\u00d6l 20 % Full Spectrum. Hergestellt mit Hanfbl\u00fctenextrakt. Mit allen aktiven Hanfbestandteilen. 100 % pflanzliche Inhaltsstoffe.\",\"breadcrumb\":{\"@id\":\"https:\/\/thetreecbd.com\/de\/cbd\/cbd-ol-20-full-spectrum#breadcrumb\"},\"inLanguage\":\"de\",\"potentialAction\":[{\"@type\":\"ReadAction\",\"target\":[\"https:\/\/thetreecbd.com\/de\/cbd\/cbd-ol-20-full-spectrum\"]}]},{\"@type\":\"ImageObject\",\"inLanguage\":\"de\",\"@id\":\"https:\/\/thetreecbd.com\/de\/cbd\/cbd-ol-20-full-spectrum#primaryimage\",\"url\":\"https:\/\/thetreecbd.com\/wp-content\/uploads\/2020\/12\/aceite-full-spectrum-20_1.jpg\",\"contentUrl\":\"https:\/\/thetreecbd.com\/wp-content\/uploads\/2020\/12\/aceite-full-spectrum-20_1.jpg\",\"width\":600,\"height\":720},{\"@type\":\"BreadcrumbList\",\"@id\":\"https:\/\/thetreecbd.com\/de\/cbd\/cbd-ol-20-full-spectrum#breadcrumb\",\"itemListElement\":[{\"@type\":\"ListItem\",\"position\":1,\"name\":\"The Tree\",\"item\":\"https:\/\/thetreecbd.com\/de\"},{\"@type\":\"ListItem\",\"position\":2,\"name\":\"CBD\",\"item\":\"https:\/\/thetreecbd.com\/es\/cbd\"},{\"@type\":\"ListItem\",\"position\":3,\"name\":\"CBD-\u00d6l\",\"item\":\"https:\/\/thetreecbd.com\/de\/cbd-ol\"},{\"@type\":\"ListItem\",\"position\":4,\"name\":\"CBD-\u00d6le mit 20\u202f%\",\"item\":\"https:\/\/thetreecbd.com\/de\/cbd-ol\/cbd-ole-mit-20\"},{\"@type\":\"ListItem\",\"position\":5,\"name\":\"CBD-\u00d6l 20 % Full Spectrum\"}]},{\"@type\":\"WebSite\",\"@id\":\"https:\/\/thetreecbd.com\/de#website\",\"url\":\"https:\/\/thetreecbd.com\/de\",\"name\":\"The Tree CBD\",\"description\":\"Comprar CBD en Espa\u00f1a Online\",\"publisher\":{\"@id\":\"https:\/\/thetreecbd.com\/de#organization\"},\"potentialAction\":[{\"@type\":\"SearchAction\",\"target\":{\"@type\":\"EntryPoint\",\"urlTemplate\":\"https:\/\/thetreecbd.com\/de?s={search_term_string}\"},\"query-input\":{\"@type\":\"PropertyValueSpecification\",\"valueRequired\":true,\"valueName\":\"search_term_string\"}}],\"inLanguage\":\"de\"},{\"@type\":\"Organization\",\"@id\":\"https:\/\/thetreecbd.com\/de#organization\",\"name\":\"The Tree CBD\",\"url\":\"https:\/\/thetreecbd.com\/de\",\"logo\":{\"@type\":\"ImageObject\",\"inLanguage\":\"de\",\"@id\":\"https:\/\/thetreecbd.com\/de#\/schema\/logo\/image\/\",\"url\":\"https:\/\/thetreecbd.com\/wp-content\/uploads\/2022\/04\/logo-thetree.png\",\"contentUrl\":\"https:\/\/thetreecbd.com\/wp-content\/uploads\/2022\/04\/logo-thetree.png\",\"width\":172,\"height\":55,\"caption\":\"The Tree CBD\"},\"image\":{\"@id\":\"https:\/\/thetreecbd.com\/de#\/schema\/logo\/image\/\"},\"sameAs\":[\"https:\/\/www.facebook.com\/thetreeCBD\/\",\"https:\/\/x.com\/TheTreeCBD_EU\",\"https:\/\/www.instagram.com\/thetree.cbd\/\",\"https:\/\/es.trustpilot.com\/review\/thetreecbd.com\"]}]}<\/script>\n<!-- \/ Yoast SEO plugin. -->","yoast_head_json":{"title":"CBD-\u00d6l 20 % Full Spectrum | The Tree CBD","description":"CBD-\u00d6l 20 % Full Spectrum. Hergestellt mit Hanfbl\u00fctenextrakt. Mit allen aktiven Hanfbestandteilen. 100 % pflanzliche Inhaltsstoffe.","robots":{"index":"index","follow":"follow","max-snippet":"max-snippet:-1","max-image-preview":"max-image-preview:large","max-video-preview":"max-video-preview:-1"},"canonical":"https:\/\/thetreecbd.com\/de\/cbd\/cbd-ol-20-full-spectrum","og_locale":"de_DE","og_type":"article","og_title":"CBD-\u00d6l 20 % Full Spectrum | The Tree CBD","og_description":"CBD-\u00d6l 20 % Full Spectrum. Hergestellt mit Hanfbl\u00fctenextrakt. Mit allen aktiven Hanfbestandteilen. 100 % pflanzliche Inhaltsstoffe.","og_url":"https:\/\/thetreecbd.com\/de\/cbd\/cbd-ol-20-full-spectrum","og_site_name":"The Tree CBD","article_publisher":"https:\/\/www.facebook.com\/thetreeCBD\/","og_image":[{"width":600,"height":720,"url":"https:\/\/thetreecbd.com\/wp-content\/uploads\/2020\/12\/aceite-full-spectrum-20_1.jpg","type":"image\/jpeg"}],"twitter_card":"summary_large_image","twitter_site":"@TheTreeCBD_EU","twitter_misc":{"Gesch\u00e4tzte Lesezeit":"3\u00a0Minuten"},"schema":{"@context":"https:\/\/schema.org","@graph":[{"@type":["WebPage","ItemPage"],"@id":"https:\/\/thetreecbd.com\/de\/cbd\/cbd-ol-20-full-spectrum","url":"https:\/\/thetreecbd.com\/de\/cbd\/cbd-ol-20-full-spectrum","name":"CBD-\u00d6l 20 % Full Spectrum | The Tree CBD","isPartOf":{"@id":"https:\/\/thetreecbd.com\/de#website"},"primaryImageOfPage":{"@id":"https:\/\/thetreecbd.com\/de\/cbd\/cbd-ol-20-full-spectrum#primaryimage"},"image":{"@id":"https:\/\/thetreecbd.com\/de\/cbd\/cbd-ol-20-full-spectrum#primaryimage"},"thumbnailUrl":"https:\/\/thetreecbd.com\/wp-content\/uploads\/2020\/12\/aceite-full-spectrum-20_1.jpg","datePublished":"2021-03-09T14:53:29+00:00","description":"CBD-\u00d6l 20 % Full Spectrum. Hergestellt mit Hanfbl\u00fctenextrakt. Mit allen aktiven Hanfbestandteilen. 100 % pflanzliche Inhaltsstoffe.","breadcrumb":{"@id":"https:\/\/thetreecbd.com\/de\/cbd\/cbd-ol-20-full-spectrum#breadcrumb"},"inLanguage":"de","potentialAction":[{"@type":"ReadAction","target":["https:\/\/thetreecbd.com\/de\/cbd\/cbd-ol-20-full-spectrum"]}]},{"@type":"ImageObject","inLanguage":"de","@id":"https:\/\/thetreecbd.com\/de\/cbd\/cbd-ol-20-full-spectrum#primaryimage","url":"https:\/\/thetreecbd.com\/wp-content\/uploads\/2020\/12\/aceite-full-spectrum-20_1.jpg","contentUrl":"https:\/\/thetreecbd.com\/wp-content\/uploads\/2020\/12\/aceite-full-spectrum-20_1.jpg","width":600,"height":720},{"@type":"BreadcrumbList","@id":"https:\/\/thetreecbd.com\/de\/cbd\/cbd-ol-20-full-spectrum#breadcrumb","itemListElement":[{"@type":"ListItem","position":1,"name":"The Tree","item":"https:\/\/thetreecbd.com\/de"},{"@type":"ListItem","position":2,"name":"CBD","item":"https:\/\/thetreecbd.com\/es\/cbd"},{"@type":"ListItem","position":3,"name":"CBD-\u00d6l","item":"https:\/\/thetreecbd.com\/de\/cbd-ol"},{"@type":"ListItem","position":4,"name":"CBD-\u00d6le mit 20\u202f%","item":"https:\/\/thetreecbd.com\/de\/cbd-ol\/cbd-ole-mit-20"},{"@type":"ListItem","position":5,"name":"CBD-\u00d6l 20 % Full Spectrum"}]},{"@type":"WebSite","@id":"https:\/\/thetreecbd.com\/de#website","url":"https:\/\/thetreecbd.com\/de","name":"The Tree CBD","description":"Comprar CBD en Espa\u00f1a Online","publisher":{"@id":"https:\/\/thetreecbd.com\/de#organization"},"potentialAction":[{"@type":"SearchAction","target":{"@type":"EntryPoint","urlTemplate":"https:\/\/thetreecbd.com\/de?s={search_term_string}"},"query-input":{"@type":"PropertyValueSpecification","valueRequired":true,"valueName":"search_term_string"}}],"inLanguage":"de"},{"@type":"Organization","@id":"https:\/\/thetreecbd.com\/de#organization","name":"The Tree CBD","url":"https:\/\/thetreecbd.com\/de","logo":{"@type":"ImageObject","inLanguage":"de","@id":"https:\/\/thetreecbd.com\/de#\/schema\/logo\/image\/","url":"https:\/\/thetreecbd.com\/wp-content\/uploads\/2022\/04\/logo-thetree.png","contentUrl":"https:\/\/thetreecbd.com\/wp-content\/uploads\/2022\/04\/logo-thetree.png","width":172,"height":55,"caption":"The Tree CBD"},"image":{"@id":"https:\/\/thetreecbd.com\/de#\/schema\/logo\/image\/"},"sameAs":["https:\/\/www.facebook.com\/thetreeCBD\/","https:\/\/x.com\/TheTreeCBD_EU","https:\/\/www.instagram.com\/thetree.cbd\/","https:\/\/es.trustpilot.com\/review\/thetreecbd.com"]}]}},"_links":{"self":[{"href":"https:\/\/thetreecbd.com\/de\/wp-json\/wp\/v2\/product\/166119","targetHints":{"allow":["GET"]}}],"collection":[{"href":"https:\/\/thetreecbd.com\/de\/wp-json\/wp\/v2\/product"}],"about":[{"href":"https:\/\/thetreecbd.com\/de\/wp-json\/wp\/v2\/types\/product"}],"version-history":[{"count":0,"href":"https:\/\/thetreecbd.com\/de\/wp-json\/wp\/v2\/product\/166119\/revisions"}],"wp:featuredmedia":[{"embeddable":true,"href":"https:\/\/thetreecbd.com\/de\/wp-json\/wp\/v2\/media\/166078"}],"wp:attachment":[{"href":"https:\/\/thetreecbd.com\/de\/wp-json\/wp\/v2\/media?parent=166119"}],"wp:term":[{"taxonomy":"product_brand","embeddable":true,"href":"https:\/\/thetreecbd.com\/de\/wp-json\/wp\/v2\/product_brand?post=166119"}],"curies":[{"name":"wp","href":"https:\/\/api.w.org\/{rel}","templated":true}]}}