{"id":166124,"date":"2023-03-03T14:23:07","date_gmt":"2023-03-03T13:23:07","guid":{"rendered":"https:\/\/thetreecbd.com\/cbd\/cbd-ol-30-full-spectrum"},"modified":"2025-07-11T11:28:32","modified_gmt":"2025-07-11T09:28:32","slug":"cbd-ol-30-full-spectrum","status":"publish","type":"product","link":"https:\/\/thetreecbd.com\/de\/cbd\/cbd-ol-30-full-spectrum","title":{"rendered":"CBD-\u00d6l 30 % Full Spectrum"},"content":{"rendered":"<hr \/>\n<p>Hier ist die \u00dcbersetzung des Textes ins <b>Deutsche<\/b>:<\/p>\n<hr \/>\n<p>The Tree CBD bietet Ihnen dieses CBD-\u00d6l mit einer <b>CBD-Konzentration von 30%, der h\u00f6chsten in der CBD-\u00d6llinie von The Tree CBD.<\/b> Dieses CBD-\u00d6l ist ein <b>Vollspektrum-\u00d6l<\/b>, was bedeutet, dass es alle in der Pflanze vorhandenen Cannabinoide bewahrt, einschlie\u00dflich THC, obwohl Letzteres in diesem CBD-\u00d6l zu weniger als 0,2% vorhanden ist.<\/p>\n<p><b>Bestandteile und Aussehen des 30% Vollspektrum-\u00d6ls<\/b> Das 30% Vollspektrum-\u00d6l hat ein <b>viskoses Aussehen<\/b> aufgrund seiner hohen CBD-Konzentration. Da es alle Bestandteile der Pflanze bewahrt und gefiltert wurde, ist seine <b>Farbe goldgelb<\/b>, was die Reinheit des \u00d6ls unterstreicht. Dies unterscheidet es deutlich von einem Breitband-\u00d6l, das immer transparenter, klarer und weniger viskos ist. Auf diese Weise bewahrt das \u00d6l von The Tree CBD alle Bestandteile der Hanfbl\u00fcte und ihre Eigenschaften, <b>wobei es haupts\u00e4chlich Cannabidiol (CBD) zu 30%<\/b> und kleinere Anteile von CBG, CBF, CBN, CBC sowie \u00fcber 40 nat\u00fcrlich im Hanf vorkommende Terpene liefert. Diese L\u00f6sung enth\u00e4lt das vollst\u00e4ndige Spektrum der Pflanze.<\/p>\n<p><b>Warum dieses \u00d6l w\u00e4hlen?<\/b> Das 30%ige \u00d6l ist f\u00fcr <b>erfahrene Anwender, die CBD t\u00e4glich verwenden<\/b>. Wenn Sie Ihre ideale Menge bereits kennen, ist die 30%ige \u00d6lkonzentration die <b>beste Option, um maximale Wirksamkeit bei minimalem Tropfenverbrauch zu erzielen<\/b>. Wenn Sie ein t\u00e4glicher Anwender sind, ist das <b>CBD 30% Vollspektrum-\u00d6l<\/b> zudem die wirtschaftlichste L\u00f6sung, wenn man die Kosten pro Milligramm CBD berechnet. Unser \u00d6l wird <b>biologisch angebaut<\/b>, ist frei von Pestiziden, sch\u00e4dlichen Chemikalien und unterliegt strengsten Qualit\u00e4tskontrollen, mit <b>100% pflanzlichen Inhaltsstoffen<\/b>. Jede CBD-Flasche unterliegt einer strengen Qualit\u00e4tskontrolle und wird aus biologisch angebautem Hanf gewonnen. Dank ausgekl\u00fcgelter CO\u2082-Extraktions- und Reinigungsprozesse und unabh\u00e4ngiger Tests enth\u00e4lt jede Flasche hochwertiges CBD und ist <b>frei von unerw\u00fcnschten Nebenwirkungen, Zusatzstoffen und k\u00fcnstlichen Chemikalien<\/b>. Dieses \u00d6l enth\u00e4lt weniger als 0,2% THC, hat <b>keine psychoaktiven Wirkungen und ist in ganz Europa legal.<\/b><\/p>\n<p><b>Eigenschaften des CBD 30% Vollspektrum-\u00d6ls<\/b><\/p>\n<ul>\n<li>Hanfsamen\u00f6l.<\/li>\n<li><b>30% CBD pro Tropfen (15 mg pro Tropfen)<\/b>.<\/li>\n<li>10 ml Dosierflasche.<\/li>\n<li>Biologischer Anbau, frei von Pestiziden und sch\u00e4dlichen Chemikalien.<\/li>\n<li>Enth\u00e4lt weniger als 0,2% THC.<\/li>\n<li><b>Topische Anwendung<\/b>.<\/li>\n<\/ul>\n<p><b>Inhaltsstoffe des CBD 30% Vollspektrum-\u00d6ls<\/b><\/p>\n<ul>\n<li>Hanfsamen\u00f6l und CO2-Hanfextrakt.<\/li>\n<\/ul>\n<p><b>CBD-Aroma<\/b> Terpene finden sich in den meisten \u00e4therischen \u00d6len vieler Pflanzen, Blumen und Fr\u00fcchte; sie sind f\u00fcr Geruch und Geschmack verantwortlich. In Cannabis finden wir ein breites Terpenprofil. CBD-\u00d6le, die aus hochwertigen Vollspektrum-Extrakten hergestellt werden, <b>riechen nach Marihuana<\/b>. Dies liegt daran, dass der Gro\u00dfteil des Cannabisgeruchs auf Terpene zur\u00fcckzuf\u00fchren ist.<\/p>\n<p><b>Zielgruppe<\/b> CBD-\u00d6le mit einer Konzentration von 30% sind <b>hochwirksam<\/b>, da der enthaltene CBD-Anteil recht hoch ist. Sie sind ideal f\u00fcr Personen, die eine <b>intensive Wirkung<\/b> suchen oder viel Erfahrung im Umgang mit diesem Cannabinoid haben.<\/p>\n<p><b>Sicherheitsinformationen<\/b> Bitte beachten Sie, dass das 30%ige Vollspektrum-CBD-\u00d6l von The Tree ein Produkt zur <b>topischen Anwendung<\/b> ist. Es sollte <b>nicht w\u00e4hrend der Schwangerschaft oder Stillzeit verwendet werden<\/b>. Au\u00dferhalb der Reichweite von Kindern aufbewahren. Der bereitgestellte Inhalt dient ausschlie\u00dflich Informations- und Schulungszwecken und ersetzt in keiner Weise die medizinische Beratung durch einen Arzt oder Apotheker. Unsere Texte sind nicht zur eigenst\u00e4ndigen Diagnose und Behandlung von Krankheiten bestimmt. Z\u00f6gern Sie nicht, uns bei weiteren Fragen zu kontaktieren.<\/p>\n<p><b>Lagerung<\/b> Idealerweise sollte das CBD-\u00d6l von The Tree an einem <b>k\u00fchlen, trockenen Ort, gesch\u00fctzt vor Licht und starken Ger\u00fcchen<\/b> gelagert werden, um jegliche Art von Verunreinigung zu vermeiden. Direkte Sonneneinstrahlung und Hitze vermeiden. K\u00fchl und trocken lagern. Au\u00dferhalb der Reichweite von Kindern aufbewahren. <b>Achtung<\/b>: Die angegebene Haltbarkeit betr\u00e4gt zwei Jahre bei korrekter Lagerung.<\/p>\n","protected":false},"excerpt":{"rendered":"<ul>\n<li>Hanfsamen\u00f6l.<\/li>\n<li><strong>30 % CBD<\/strong> pro Tropfen (15 mg pro Tropfen).<\/li>\n<li><strong>10 ml<\/strong> Dosierflasche.<\/li>\n<li>\u00d6kologischer Anbau, frei von Pestiziden und sch\u00e4dlichen Chemikalien.<\/li>\n<li>Enth\u00e4lt weniger als 0,2 % THC.<\/li>\n<li>Zur \u00e4u\u00dferlichen Anwendung.<\/li>\n<\/ul>\n","protected":false},"featured_media":178370,"template":"","meta":{"_acf_changed":false},"product_brand":[],"class_list":{"0":"post-166124","1":"product","2":"type-product","3":"status-publish","4":"has-post-thumbnail","6":"product_cat-cbd-ol","7":"product_cat-vollspektrum","9":"first","10":"outofstock","11":"taxable","12":"shipping-taxable","13":"purchasable","14":"product-type-simple"},"acf":[],"yoast_head":"<!-- This site is optimized with the Yoast SEO plugin v26.3 - https:\/\/yoast.com\/wordpress\/plugins\/seo\/ -->\n<title>CBD-\u00d6l 30 % Full Spectrum | The Tree CBD<\/title>\n<meta name=\"description\" content=\"CBD-\u00d6l 30 % Full Spectrum. Hergestellt mit Hanfbl\u00fctenextrakt. Mit allen aktiven Bestandteilen der Hanfpflanze. 100 % pflanzliche Inhaltsstoffe.\" \/>\n<meta name=\"robots\" content=\"index, follow, max-snippet:-1, max-image-preview:large, max-video-preview:-1\" \/>\n<link rel=\"canonical\" href=\"https:\/\/thetreecbd.com\/de\/cbd\/cbd-ol-30-full-spectrum\" \/>\n<meta property=\"og:locale\" content=\"de_DE\" \/>\n<meta property=\"og:type\" content=\"article\" \/>\n<meta property=\"og:title\" content=\"CBD-\u00d6l 30 % Full Spectrum | The Tree CBD\" \/>\n<meta property=\"og:description\" content=\"CBD-\u00d6l 30 % Full Spectrum. Hergestellt mit Hanfbl\u00fctenextrakt. Mit allen aktiven Bestandteilen der Hanfpflanze. 100 % pflanzliche Inhaltsstoffe.\" \/>\n<meta property=\"og:url\" content=\"https:\/\/thetreecbd.com\/de\/cbd\/cbd-ol-30-full-spectrum\" \/>\n<meta property=\"og:site_name\" content=\"The Tree CBD\" \/>\n<meta property=\"article:publisher\" content=\"https:\/\/www.facebook.com\/thetreeCBD\/\" \/>\n<meta property=\"article:modified_time\" content=\"2025-07-11T09:28:32+00:00\" \/>\n<meta property=\"og:image\" content=\"https:\/\/thetreecbd.com\/wp-content\/uploads\/2023\/03\/Oil30-thetree.jpg\" \/>\n\t<meta property=\"og:image:width\" content=\"1080\" \/>\n\t<meta property=\"og:image:height\" content=\"1350\" \/>\n\t<meta property=\"og:image:type\" content=\"image\/jpeg\" \/>\n<meta name=\"twitter:card\" content=\"summary_large_image\" \/>\n<meta name=\"twitter:site\" content=\"@TheTreeCBD_EU\" \/>\n<meta name=\"twitter:label1\" content=\"Gesch\u00e4tzte Lesezeit\" \/>\n\t<meta name=\"twitter:data1\" content=\"3\u00a0Minuten\" \/>\n<script type=\"application\/ld+json\" class=\"yoast-schema-graph\">{\"@context\":\"https:\/\/schema.org\",\"@graph\":[{\"@type\":[\"WebPage\",\"ItemPage\"],\"@id\":\"https:\/\/thetreecbd.com\/de\/cbd\/cbd-ol-30-full-spectrum\",\"url\":\"https:\/\/thetreecbd.com\/de\/cbd\/cbd-ol-30-full-spectrum\",\"name\":\"CBD-\u00d6l 30 % Full Spectrum | The Tree CBD\",\"isPartOf\":{\"@id\":\"https:\/\/thetreecbd.com\/de#website\"},\"primaryImageOfPage\":{\"@id\":\"https:\/\/thetreecbd.com\/de\/cbd\/cbd-ol-30-full-spectrum#primaryimage\"},\"image\":{\"@id\":\"https:\/\/thetreecbd.com\/de\/cbd\/cbd-ol-30-full-spectrum#primaryimage\"},\"thumbnailUrl\":\"https:\/\/thetreecbd.com\/wp-content\/uploads\/2023\/03\/Oil30-thetree.jpg\",\"datePublished\":\"2023-03-03T13:23:07+00:00\",\"dateModified\":\"2025-07-11T09:28:32+00:00\",\"description\":\"CBD-\u00d6l 30 % Full Spectrum. Hergestellt mit Hanfbl\u00fctenextrakt. Mit allen aktiven Bestandteilen der Hanfpflanze. 100 % pflanzliche Inhaltsstoffe.\",\"breadcrumb\":{\"@id\":\"https:\/\/thetreecbd.com\/de\/cbd\/cbd-ol-30-full-spectrum#breadcrumb\"},\"inLanguage\":\"de\",\"potentialAction\":[{\"@type\":\"ReadAction\",\"target\":[\"https:\/\/thetreecbd.com\/de\/cbd\/cbd-ol-30-full-spectrum\"]}]},{\"@type\":\"ImageObject\",\"inLanguage\":\"de\",\"@id\":\"https:\/\/thetreecbd.com\/de\/cbd\/cbd-ol-30-full-spectrum#primaryimage\",\"url\":\"https:\/\/thetreecbd.com\/wp-content\/uploads\/2023\/03\/Oil30-thetree.jpg\",\"contentUrl\":\"https:\/\/thetreecbd.com\/wp-content\/uploads\/2023\/03\/Oil30-thetree.jpg\",\"width\":1080,\"height\":1350},{\"@type\":\"BreadcrumbList\",\"@id\":\"https:\/\/thetreecbd.com\/de\/cbd\/cbd-ol-30-full-spectrum#breadcrumb\",\"itemListElement\":[{\"@type\":\"ListItem\",\"position\":1,\"name\":\"The Tree\",\"item\":\"https:\/\/thetreecbd.com\/de\"},{\"@type\":\"ListItem\",\"position\":2,\"name\":\"CBD\",\"item\":\"https:\/\/thetreecbd.com\/es\/cbd\"},{\"@type\":\"ListItem\",\"position\":3,\"name\":\"CBD-\u00d6l\",\"item\":\"https:\/\/thetreecbd.com\/de\/cbd-ol\"},{\"@type\":\"ListItem\",\"position\":4,\"name\":\"Vollspektrum-CBD-\u00d6l\",\"item\":\"https:\/\/thetreecbd.com\/de\/cbd-ol\/vollspektrum\"},{\"@type\":\"ListItem\",\"position\":5,\"name\":\"CBD-\u00d6l 30 % Full Spectrum\"}]},{\"@type\":\"WebSite\",\"@id\":\"https:\/\/thetreecbd.com\/de#website\",\"url\":\"https:\/\/thetreecbd.com\/de\",\"name\":\"The Tree CBD\",\"description\":\"Comprar CBD en Espa\u00f1a Online\",\"publisher\":{\"@id\":\"https:\/\/thetreecbd.com\/de#organization\"},\"potentialAction\":[{\"@type\":\"SearchAction\",\"target\":{\"@type\":\"EntryPoint\",\"urlTemplate\":\"https:\/\/thetreecbd.com\/de?s={search_term_string}\"},\"query-input\":{\"@type\":\"PropertyValueSpecification\",\"valueRequired\":true,\"valueName\":\"search_term_string\"}}],\"inLanguage\":\"de\"},{\"@type\":\"Organization\",\"@id\":\"https:\/\/thetreecbd.com\/de#organization\",\"name\":\"The Tree CBD\",\"url\":\"https:\/\/thetreecbd.com\/de\",\"logo\":{\"@type\":\"ImageObject\",\"inLanguage\":\"de\",\"@id\":\"https:\/\/thetreecbd.com\/de#\/schema\/logo\/image\/\",\"url\":\"https:\/\/thetreecbd.com\/wp-content\/uploads\/2022\/04\/logo-thetree.png\",\"contentUrl\":\"https:\/\/thetreecbd.com\/wp-content\/uploads\/2022\/04\/logo-thetree.png\",\"width\":172,\"height\":55,\"caption\":\"The Tree CBD\"},\"image\":{\"@id\":\"https:\/\/thetreecbd.com\/de#\/schema\/logo\/image\/\"},\"sameAs\":[\"https:\/\/www.facebook.com\/thetreeCBD\/\",\"https:\/\/x.com\/TheTreeCBD_EU\",\"https:\/\/www.instagram.com\/thetree.cbd\/\",\"https:\/\/es.trustpilot.com\/review\/thetreecbd.com\"]}]}<\/script>\n<!-- \/ Yoast SEO plugin. -->","yoast_head_json":{"title":"CBD-\u00d6l 30 % Full Spectrum | The Tree CBD","description":"CBD-\u00d6l 30 % Full Spectrum. Hergestellt mit Hanfbl\u00fctenextrakt. Mit allen aktiven Bestandteilen der Hanfpflanze. 100 % pflanzliche Inhaltsstoffe.","robots":{"index":"index","follow":"follow","max-snippet":"max-snippet:-1","max-image-preview":"max-image-preview:large","max-video-preview":"max-video-preview:-1"},"canonical":"https:\/\/thetreecbd.com\/de\/cbd\/cbd-ol-30-full-spectrum","og_locale":"de_DE","og_type":"article","og_title":"CBD-\u00d6l 30 % Full Spectrum | The Tree CBD","og_description":"CBD-\u00d6l 30 % Full Spectrum. Hergestellt mit Hanfbl\u00fctenextrakt. Mit allen aktiven Bestandteilen der Hanfpflanze. 100 % pflanzliche Inhaltsstoffe.","og_url":"https:\/\/thetreecbd.com\/de\/cbd\/cbd-ol-30-full-spectrum","og_site_name":"The Tree CBD","article_publisher":"https:\/\/www.facebook.com\/thetreeCBD\/","article_modified_time":"2025-07-11T09:28:32+00:00","og_image":[{"width":1080,"height":1350,"url":"https:\/\/thetreecbd.com\/wp-content\/uploads\/2023\/03\/Oil30-thetree.jpg","type":"image\/jpeg"}],"twitter_card":"summary_large_image","twitter_site":"@TheTreeCBD_EU","twitter_misc":{"Gesch\u00e4tzte Lesezeit":"3\u00a0Minuten"},"schema":{"@context":"https:\/\/schema.org","@graph":[{"@type":["WebPage","ItemPage"],"@id":"https:\/\/thetreecbd.com\/de\/cbd\/cbd-ol-30-full-spectrum","url":"https:\/\/thetreecbd.com\/de\/cbd\/cbd-ol-30-full-spectrum","name":"CBD-\u00d6l 30 % Full Spectrum | The Tree CBD","isPartOf":{"@id":"https:\/\/thetreecbd.com\/de#website"},"primaryImageOfPage":{"@id":"https:\/\/thetreecbd.com\/de\/cbd\/cbd-ol-30-full-spectrum#primaryimage"},"image":{"@id":"https:\/\/thetreecbd.com\/de\/cbd\/cbd-ol-30-full-spectrum#primaryimage"},"thumbnailUrl":"https:\/\/thetreecbd.com\/wp-content\/uploads\/2023\/03\/Oil30-thetree.jpg","datePublished":"2023-03-03T13:23:07+00:00","dateModified":"2025-07-11T09:28:32+00:00","description":"CBD-\u00d6l 30 % Full Spectrum. Hergestellt mit Hanfbl\u00fctenextrakt. Mit allen aktiven Bestandteilen der Hanfpflanze. 100 % pflanzliche Inhaltsstoffe.","breadcrumb":{"@id":"https:\/\/thetreecbd.com\/de\/cbd\/cbd-ol-30-full-spectrum#breadcrumb"},"inLanguage":"de","potentialAction":[{"@type":"ReadAction","target":["https:\/\/thetreecbd.com\/de\/cbd\/cbd-ol-30-full-spectrum"]}]},{"@type":"ImageObject","inLanguage":"de","@id":"https:\/\/thetreecbd.com\/de\/cbd\/cbd-ol-30-full-spectrum#primaryimage","url":"https:\/\/thetreecbd.com\/wp-content\/uploads\/2023\/03\/Oil30-thetree.jpg","contentUrl":"https:\/\/thetreecbd.com\/wp-content\/uploads\/2023\/03\/Oil30-thetree.jpg","width":1080,"height":1350},{"@type":"BreadcrumbList","@id":"https:\/\/thetreecbd.com\/de\/cbd\/cbd-ol-30-full-spectrum#breadcrumb","itemListElement":[{"@type":"ListItem","position":1,"name":"The Tree","item":"https:\/\/thetreecbd.com\/de"},{"@type":"ListItem","position":2,"name":"CBD","item":"https:\/\/thetreecbd.com\/es\/cbd"},{"@type":"ListItem","position":3,"name":"CBD-\u00d6l","item":"https:\/\/thetreecbd.com\/de\/cbd-ol"},{"@type":"ListItem","position":4,"name":"Vollspektrum-CBD-\u00d6l","item":"https:\/\/thetreecbd.com\/de\/cbd-ol\/vollspektrum"},{"@type":"ListItem","position":5,"name":"CBD-\u00d6l 30 % Full Spectrum"}]},{"@type":"WebSite","@id":"https:\/\/thetreecbd.com\/de#website","url":"https:\/\/thetreecbd.com\/de","name":"The Tree CBD","description":"Comprar CBD en Espa\u00f1a Online","publisher":{"@id":"https:\/\/thetreecbd.com\/de#organization"},"potentialAction":[{"@type":"SearchAction","target":{"@type":"EntryPoint","urlTemplate":"https:\/\/thetreecbd.com\/de?s={search_term_string}"},"query-input":{"@type":"PropertyValueSpecification","valueRequired":true,"valueName":"search_term_string"}}],"inLanguage":"de"},{"@type":"Organization","@id":"https:\/\/thetreecbd.com\/de#organization","name":"The Tree CBD","url":"https:\/\/thetreecbd.com\/de","logo":{"@type":"ImageObject","inLanguage":"de","@id":"https:\/\/thetreecbd.com\/de#\/schema\/logo\/image\/","url":"https:\/\/thetreecbd.com\/wp-content\/uploads\/2022\/04\/logo-thetree.png","contentUrl":"https:\/\/thetreecbd.com\/wp-content\/uploads\/2022\/04\/logo-thetree.png","width":172,"height":55,"caption":"The Tree CBD"},"image":{"@id":"https:\/\/thetreecbd.com\/de#\/schema\/logo\/image\/"},"sameAs":["https:\/\/www.facebook.com\/thetreeCBD\/","https:\/\/x.com\/TheTreeCBD_EU","https:\/\/www.instagram.com\/thetree.cbd\/","https:\/\/es.trustpilot.com\/review\/thetreecbd.com"]}]}},"_links":{"self":[{"href":"https:\/\/thetreecbd.com\/de\/wp-json\/wp\/v2\/product\/166124","targetHints":{"allow":["GET"]}}],"collection":[{"href":"https:\/\/thetreecbd.com\/de\/wp-json\/wp\/v2\/product"}],"about":[{"href":"https:\/\/thetreecbd.com\/de\/wp-json\/wp\/v2\/types\/product"}],"version-history":[{"count":0,"href":"https:\/\/thetreecbd.com\/de\/wp-json\/wp\/v2\/product\/166124\/revisions"}],"wp:featuredmedia":[{"embeddable":true,"href":"https:\/\/thetreecbd.com\/de\/wp-json\/wp\/v2\/media\/178370"}],"wp:attachment":[{"href":"https:\/\/thetreecbd.com\/de\/wp-json\/wp\/v2\/media?parent=166124"}],"wp:term":[{"taxonomy":"product_brand","embeddable":true,"href":"https:\/\/thetreecbd.com\/de\/wp-json\/wp\/v2\/product_brand?post=166124"}],"curies":[{"name":"wp","href":"https:\/\/api.w.org\/{rel}","templated":true}]}}