{"id":166127,"date":"2023-06-22T16:40:41","date_gmt":"2023-06-22T14:40:41","guid":{"rendered":"https:\/\/thetreecbd.com\/cbd\/night-time-oil-15-cbn-cbd-ol"},"modified":"2025-07-07T11:05:44","modified_gmt":"2025-07-07T09:05:44","slug":"night-time-oil-15-cbn-cbd-ol","status":"publish","type":"product","link":"https:\/\/thetreecbd.com\/de\/cbd\/night-time-oil-15-cbn-cbd-ol","title":{"rendered":"Night Time Oil 15 %: CBN + CBD-\u00d6l zum Schlafen. Mit Passionsblume und Heidelbeer-Aroma."},"content":{"rendered":"<p data-start=\"72\" data-end=\"417\"><strong data-start=\"72\" data-end=\"129\">The Tree CBD pr\u00e4sentiert Ihnen dieses Night Time Oil:<\/strong> CBD- und CBN-\u00d6l, ideal zum Schlafen. Das 15 % Full Spectrum CBD + CBN \u00d6l wird aus Hanfbl\u00fctenextrakt hergestellt und enth\u00e4lt alle aktiven Bestandteile des Hanfs. Um die Wirkung zu verst\u00e4rken, haben wir Passionsblume und Heidelbeer-Aroma hinzugef\u00fcgt, um das Anwendererlebnis zu verbessern.<\/p>\n<p data-start=\"419\" data-end=\"684\">Dieses CBD-\u00d6l wird ohne L\u00f6sungsmittel hergestellt: frei von Alkoholen, Gasen oder anderen aggressiveren Extraktionsmitteln. W\u00e4hrend das Broad Spectrum \u00d6l kein THC aus der Pflanze enth\u00e4lt, beh\u00e4lt dieses Full Spectrum CBD-\u00d6l das THC bei, allerdings stets unter 0,2 %.<\/p>\n<p data-start=\"686\" data-end=\"1004\">Au\u00dferdem hat das 15 % Full Spectrum CBD-\u00d6l auch ein anderes Aussehen als das Broad Spectrum \u00d6l. Da es alle Pflanzenbestandteile beh\u00e4lt und gefiltert ist, ist seine Farbe golden-gelb, \u00e4hnlich wie \u00d6l, und bewahrt dennoch die Reinheit; im Vergleich zum Broad Spectrum \u00d6l, das klarer, transparenter und weniger viskos ist.<\/p>\n<p data-start=\"1006\" data-end=\"1301\">So bewahrt das The Tree CBD-\u00d6l alle Komponenten der Hanfbl\u00fcte und ihre Eigenschaften und liefert haupts\u00e4chlich Cannabidiol (CBD) 15 %, sowie geringere Mengen von CBG, CBF, CBN, CBC und \u00fcber 40 Terpenen, die nat\u00fcrlich im Hanf vorkommen. Diese L\u00f6sung enth\u00e4lt das vollst\u00e4ndige Spektrum der Pflanze.<\/p>\n<h3 data-start=\"1308\" data-end=\"1346\">Komponenten und Aussehen des \u00d6ls<\/h3>\n<p data-start=\"1347\" data-end=\"1530\">Das Night Time Oil ist ein innovatives Produkt von The Tree CBD und enth\u00e4lt verschiedene Bestandteile, die das Erlebnis f\u00fcr den Nutzer verbessern und \u00fcberraschende Ergebnisse liefern.<\/p>\n<p data-start=\"1532\" data-end=\"1711\">Zun\u00e4chst handelt es sich um ein Full Spectrum \u00d6l, das alle aktiven Bestandteile der Pflanze enth\u00e4lt. Einerseits ist CBD enthalten, der Hauptwirkstoff der anderen The Tree CBD \u00d6le.<\/p>\n<h3 data-start=\"1718\" data-end=\"1751\">CBD und seine Eigenschaften<\/h3>\n<p data-start=\"1752\" data-end=\"2109\">CBD bietet angstl\u00f6sende Eigenschaften, die helfen k\u00f6nnen, Stress und situative Angstzust\u00e4nde zu reduzieren (laut Studie: Wright, M., Di Ciano, P., &amp; Brands, B. (2020). Use of cannabidiol for the treatment of anxiety: a short synthesis of pre-clinical and clinical evidence. <em data-start=\"2026\" data-end=\"2061\">Cannabis and cannabinoid research<\/em>, 5(3), 191-196. doi.org\/10.1089\/can.2019.0052).<\/p>\n<p data-start=\"2111\" data-end=\"2293\">Dank dieser angstl\u00f6senden Wirkung kann CBD dabei helfen, den Schlaf zu verbessern, da es Stress- und Angstwerte senkt, was zu besserer Entspannung und folglich besserem Schlaf f\u00fchrt.<\/p>\n<h3 data-start=\"2300\" data-end=\"2333\">CBN und seine Eigenschaften<\/h3>\n<p data-start=\"2334\" data-end=\"2549\">Cannabinol, bekannt als CBN, ist ein weiterer organischer Cannabinoid in der Cannabispflanze. Im Gegensatz zu CBD ist CBN ein Minor Cannabinoid, da es in kleineren Mengen vorkommt und schwieriger zu extrahieren ist.<\/p>\n<p data-start=\"2551\" data-end=\"2665\">CBN hat keine psychoaktive Wirkung, ist f\u00fcr den Menschen v\u00f6llig ungef\u00e4hrlich und zeigt interessante Eigenschaften.<\/p>\n<p data-start=\"2667\" data-end=\"2838\">Wie die meisten Cannabinoide beeinflusst CBN den menschlichen K\u00f6rper durch Interaktion mit den Rezeptoren des Endocannabinoid-Systems (ECS), das bei S\u00e4ugetieren existiert.<\/p>\n<p data-start=\"2840\" data-end=\"3208\">Das ECS reguliert viele physiologische Prozesse, wie Appetit, Schlaf, Panikzust\u00e4nde, Immunsystem und mehr (laut Studie: Kim, H. Y., Ahn, S. H., Yang, I. J., Park, S. Y., &amp; Kim, K. (2020). Effect of Hataedock treatment on epidermal structure maintenance through intervention in the endocannabinoid system. <em data-start=\"3145\" data-end=\"3200\">Evidence-Based Complementary and Alternative Medicine<\/em>, 2020).<\/p>\n<p data-start=\"3210\" data-end=\"3401\">Obwohl die Studien noch vorl\u00e4ufig sind und weitere Forschung n\u00f6tig ist, deuten erste Ergebnisse darauf hin, dass CBN bei der Regulierung wichtiger Prozesse wie Schlaf und Appetit helfen kann.<\/p>\n<p data-start=\"3403\" data-end=\"3508\">Eine weitere wichtige Entdeckung: CBN erzeugt keine psychoaktiven Effekte trotz seiner Beziehung zum THC.<\/p>\n<h3 data-start=\"3515\" data-end=\"3557\">Warum dieses \u00d6l zum Schlafen w\u00e4hlen?<\/h3>\n<p data-start=\"3558\" data-end=\"3636\">Das Leben ist voller Ablenkungen, die uns oft den erholsamen Schlaf verwehren.<\/p>\n<p data-start=\"3638\" data-end=\"3754\">Das Night Time Oil mit CBN und Passionsblume hilft dank der Passionsblumen-Infusion, die Einschlafzeit zu verk\u00fcrzen.<\/p>\n<p data-start=\"3756\" data-end=\"3912\">Obwohl Passionsblume ein nat\u00fcrlich im K\u00f6rper produziertes Hormon ist, k\u00f6nnen viele Faktoren die Produktion st\u00f6ren \u2013 hier kann dieses \u00d6l sehr hilfreich sein.<\/p>\n<h3 data-start=\"3919\" data-end=\"3973\">Eigenschaften des Night Time Oil mit CBD und CBN<\/h3>\n<ul data-start=\"3974\" data-end=\"4254\">\n<li data-start=\"3974\" data-end=\"3984\">\n<p data-start=\"3976\" data-end=\"3984\">MCT-\u00d6l<\/p>\n<\/li>\n<li data-start=\"3985\" data-end=\"4028\">\n<p data-start=\"3987\" data-end=\"4028\">10 % CBD pro Tropfen (5 mg pro Tropfen)<\/p>\n<\/li>\n<li data-start=\"4029\" data-end=\"4073\">\n<p data-start=\"4031\" data-end=\"4073\">5 % CBN pro Tropfen (2,5 mg pro Tropfen)<\/p>\n<\/li>\n<li data-start=\"4074\" data-end=\"4101\">\n<p data-start=\"4076\" data-end=\"4101\">Passionsblumen-Infusion<\/p>\n<\/li>\n<li data-start=\"4102\" data-end=\"4122\">\n<p data-start=\"4104\" data-end=\"4122\">Heidelbeer-Aroma<\/p>\n<\/li>\n<li data-start=\"4123\" data-end=\"4146\">\n<p data-start=\"4125\" data-end=\"4146\">10 ml Dosierflasche<\/p>\n<\/li>\n<li data-start=\"4147\" data-end=\"4218\">\n<p data-start=\"4149\" data-end=\"4218\">\u00d6kologischer Anbau, frei von Pestiziden und sch\u00e4dlichen Chemikalien<\/p>\n<\/li>\n<li data-start=\"4219\" data-end=\"4252\">\n<p data-start=\"4221\" data-end=\"4252\">Enth\u00e4lt weniger als 0,2 % THC<\/p>\n<\/li>\n<\/ul>\n<h3 data-start=\"4260\" data-end=\"4314\">Inhaltsstoffe des Night Time Oil mit CBD und CBN<\/h3>\n<p data-start=\"4315\" data-end=\"4368\">MCT-\u00d6l, CBD, CBN, Heidelbeer-Aroma und Passionsblume.<\/p>\n<h3 data-start=\"4375\" data-end=\"4397\">Heidelbeer-Aroma<\/h3>\n<p data-start=\"4398\" data-end=\"4504\">Obwohl manche es als scharf beschreiben, ist Heidelbeer-Aroma keineswegs stark, sondern angenehm und mild.<\/p>\n<p data-start=\"4506\" data-end=\"4619\">In der Aromatherapie wird es genutzt, um eine ruhige Atmosph\u00e4re zu schaffen, die entspanntes Einschlafen f\u00f6rdert.<\/p>\n<h3 data-start=\"4626\" data-end=\"4642\">Zielgruppe<\/h3>\n<p data-start=\"4643\" data-end=\"4745\">Das Night Time Oil mit CBD und CBN ist f\u00fcr Nutzer gedacht, die ihre Schlafqualit\u00e4t verbessern m\u00f6chten.<\/p>\n<p data-start=\"4747\" data-end=\"4895\">Die Konzentration von CBD und CBN ist hoch und empfohlen f\u00fcr Personen mit Erfahrung im Umgang mit diesen Cannabinoiden. Die Wirkung ist mittelstark.<\/p>\n<h3 data-start=\"4902\" data-end=\"4927\">Sicherheitshinweise<\/h3>\n<p data-start=\"4928\" data-end=\"5142\">Beachten Sie, dass das Night Time Oil von The Tree ein Produkt zur \u00e4u\u00dferlichen Anwendung ist. Es darf nicht w\u00e4hrend Schwangerschaft oder Stillzeit verwendet werden. Au\u00dferhalb der Reichweite von Kindern aufbewahren.<\/p>\n<p data-start=\"5144\" data-end=\"5394\">Die bereitgestellten Informationen dienen ausschlie\u00dflich zu Informations- und Schulungszwecken und ersetzen keinesfalls \u00e4rztlichen oder pharmazeutischen Rat. Unsere Texte sind nicht zur eigenst\u00e4ndigen Diagnose oder Behandlung von Krankheiten gedacht.<\/p>\n<p data-start=\"5396\" data-end=\"5436\">Bei Fragen wenden Sie sich gerne an uns.<\/p>\n<h3 data-start=\"5443\" data-end=\"5457\">Lagerung<\/h3>\n<p data-start=\"5458\" data-end=\"5664\">Das The Tree CBD \u00d6l sollte idealerweise an einem k\u00fchlen, trockenen Ort, gesch\u00fctzt vor Licht und starken Ger\u00fcchen, gelagert werden, um Kontamination zu vermeiden. Direkte Sonneneinstrahlung und Hitze meiden.<\/p>\n<p data-start=\"5666\" data-end=\"5754\">An einem k\u00fchlen, trockenen Ort aufbewahren. Au\u00dferhalb der Reichweite von Kindern lagern.<\/p>\n<p data-start=\"5756\" data-end=\"5834\">Achtung: Die angegebene Haltbarkeit betr\u00e4gt zwei Jahre bei korrekter Lagerung.<\/p>\n","protected":false},"excerpt":{"rendered":"<ul>\n<li data-start=\"72\" data-end=\"332\"><strong>MCT-\u00d6l<\/strong><\/li>\n<li data-start=\"72\" data-end=\"332\"><strong>10 % CBD pro Tropfen (5 mg pro Tropfen)<\/strong><\/li>\n<li data-start=\"72\" data-end=\"332\"><strong>5 % CBN pro Tropfen (2,5 mg pro Tropfen)<\/strong><\/li>\n<li data-start=\"72\" data-end=\"332\"><strong>Passionsblumen-Infusion<\/strong><\/li>\n<li data-start=\"72\" data-end=\"332\"><strong>Heidelbeer-Aroma<\/strong><\/li>\n<li data-start=\"72\" data-end=\"332\">10 ml Dosierflasche<\/li>\n<li data-start=\"72\" data-end=\"332\">\u00d6kologischer Anbau, frei von Pestiziden und sch\u00e4dlichen Chemikalien<\/li>\n<li data-start=\"72\" data-end=\"332\">Enth\u00e4lt weniger als 0,2 % THC<\/li>\n<\/ul>\n","protected":false},"featured_media":178376,"template":"","meta":{"_acf_changed":false},"product_brand":[],"class_list":{"0":"post-166127","1":"product","2":"type-product","3":"status-publish","4":"has-post-thumbnail","6":"product_cat-cbd-ol","7":"product_cat-cbd-ole-mit-10","8":"product_cat-cbd-ole-mit-20","9":"product_cat-produkte-mit-10-cbd","10":"product_cat-produkte-mit-20-cbd","11":"product_cat-vollspektrum","13":"first","14":"outofstock","15":"taxable","16":"shipping-taxable","17":"purchasable","18":"product-type-simple"},"acf":[],"yoast_head":"<!-- This site is optimized with the Yoast SEO plugin v26.3 - https:\/\/yoast.com\/wordpress\/plugins\/seo\/ -->\n<title>Night Time Oil 15 %: CBN + CBD-\u00d6l zum Schlafen. Mit Passionsblume und Heidelbeer-Aroma. | The Tree CBD<\/title>\n<meta name=\"description\" content=\"15 % CBD- und CBN-\u00d6l Full Spectrum. Hergestellt aus Hanfbl\u00fctenextrakt. Mit allen aktiven Bestandteilen des Hanfs. Zutaten zu 100 % pflanzlichen Ursprungs.\" \/>\n<meta name=\"robots\" content=\"index, follow, max-snippet:-1, max-image-preview:large, max-video-preview:-1\" \/>\n<link rel=\"canonical\" href=\"https:\/\/thetreecbd.com\/de\/cbd\/night-time-oil-15-cbn-cbd-ol\" \/>\n<meta property=\"og:locale\" content=\"de_DE\" \/>\n<meta property=\"og:type\" content=\"article\" \/>\n<meta property=\"og:title\" content=\"Night Time Oil 15 %: CBN + CBD-\u00d6l zum Schlafen. Mit Passionsblume und Heidelbeer-Aroma. | The Tree CBD\" \/>\n<meta property=\"og:description\" content=\"15 % CBD- und CBN-\u00d6l Full Spectrum. Hergestellt aus Hanfbl\u00fctenextrakt. Mit allen aktiven Bestandteilen des Hanfs. Zutaten zu 100 % pflanzlichen Ursprungs.\" \/>\n<meta property=\"og:url\" content=\"https:\/\/thetreecbd.com\/de\/cbd\/night-time-oil-15-cbn-cbd-ol\" \/>\n<meta property=\"og:site_name\" content=\"The Tree CBD\" \/>\n<meta property=\"article:publisher\" content=\"https:\/\/www.facebook.com\/thetreeCBD\/\" \/>\n<meta property=\"article:modified_time\" content=\"2025-07-07T09:05:44+00:00\" \/>\n<meta property=\"og:image\" content=\"https:\/\/thetreecbd.com\/wp-content\/uploads\/2023\/06\/NightTime-15-thetree.jpg\" \/>\n\t<meta property=\"og:image:width\" content=\"1080\" \/>\n\t<meta property=\"og:image:height\" content=\"1350\" \/>\n\t<meta property=\"og:image:type\" content=\"image\/jpeg\" \/>\n<meta name=\"twitter:card\" content=\"summary_large_image\" \/>\n<meta name=\"twitter:site\" content=\"@TheTreeCBD_EU\" \/>\n<meta name=\"twitter:label1\" content=\"Gesch\u00e4tzte Lesezeit\" \/>\n\t<meta name=\"twitter:data1\" content=\"4\u00a0Minuten\" \/>\n<script type=\"application\/ld+json\" class=\"yoast-schema-graph\">{\"@context\":\"https:\/\/schema.org\",\"@graph\":[{\"@type\":[\"WebPage\",\"ItemPage\"],\"@id\":\"https:\/\/thetreecbd.com\/de\/cbd\/night-time-oil-15-cbn-cbd-ol\",\"url\":\"https:\/\/thetreecbd.com\/de\/cbd\/night-time-oil-15-cbn-cbd-ol\",\"name\":\"Night Time Oil 15 %: CBN + CBD-\u00d6l zum Schlafen. Mit Passionsblume und Heidelbeer-Aroma. | The Tree CBD\",\"isPartOf\":{\"@id\":\"https:\/\/thetreecbd.com\/de#website\"},\"primaryImageOfPage\":{\"@id\":\"https:\/\/thetreecbd.com\/de\/cbd\/night-time-oil-15-cbn-cbd-ol#primaryimage\"},\"image\":{\"@id\":\"https:\/\/thetreecbd.com\/de\/cbd\/night-time-oil-15-cbn-cbd-ol#primaryimage\"},\"thumbnailUrl\":\"https:\/\/thetreecbd.com\/wp-content\/uploads\/2023\/06\/NightTime-15-thetree.jpg\",\"datePublished\":\"2023-06-22T14:40:41+00:00\",\"dateModified\":\"2025-07-07T09:05:44+00:00\",\"description\":\"15 % CBD- und CBN-\u00d6l Full Spectrum. Hergestellt aus Hanfbl\u00fctenextrakt. Mit allen aktiven Bestandteilen des Hanfs. Zutaten zu 100 % pflanzlichen Ursprungs.\",\"breadcrumb\":{\"@id\":\"https:\/\/thetreecbd.com\/de\/cbd\/night-time-oil-15-cbn-cbd-ol#breadcrumb\"},\"inLanguage\":\"de\",\"potentialAction\":[{\"@type\":\"ReadAction\",\"target\":[\"https:\/\/thetreecbd.com\/de\/cbd\/night-time-oil-15-cbn-cbd-ol\"]}]},{\"@type\":\"ImageObject\",\"inLanguage\":\"de\",\"@id\":\"https:\/\/thetreecbd.com\/de\/cbd\/night-time-oil-15-cbn-cbd-ol#primaryimage\",\"url\":\"https:\/\/thetreecbd.com\/wp-content\/uploads\/2023\/06\/NightTime-15-thetree.jpg\",\"contentUrl\":\"https:\/\/thetreecbd.com\/wp-content\/uploads\/2023\/06\/NightTime-15-thetree.jpg\",\"width\":1080,\"height\":1350},{\"@type\":\"BreadcrumbList\",\"@id\":\"https:\/\/thetreecbd.com\/de\/cbd\/night-time-oil-15-cbn-cbd-ol#breadcrumb\",\"itemListElement\":[{\"@type\":\"ListItem\",\"position\":1,\"name\":\"The Tree\",\"item\":\"https:\/\/thetreecbd.com\/de\"},{\"@type\":\"ListItem\",\"position\":2,\"name\":\"CBD\",\"item\":\"https:\/\/thetreecbd.com\/es\/cbd\"},{\"@type\":\"ListItem\",\"position\":3,\"name\":\"CBD-\u00d6l\",\"item\":\"https:\/\/thetreecbd.com\/de\/cbd-ol\"},{\"@type\":\"ListItem\",\"position\":4,\"name\":\"CBD-\u00d6le mit 10\u202f%\",\"item\":\"https:\/\/thetreecbd.com\/de\/cbd-ol\/cbd-ole-mit-10\"},{\"@type\":\"ListItem\",\"position\":5,\"name\":\"Night Time Oil 15 %: CBN + CBD-\u00d6l zum Schlafen. Mit Passionsblume und Heidelbeer-Aroma.\"}]},{\"@type\":\"WebSite\",\"@id\":\"https:\/\/thetreecbd.com\/de#website\",\"url\":\"https:\/\/thetreecbd.com\/de\",\"name\":\"The Tree CBD\",\"description\":\"Comprar CBD en Espa\u00f1a Online\",\"publisher\":{\"@id\":\"https:\/\/thetreecbd.com\/de#organization\"},\"potentialAction\":[{\"@type\":\"SearchAction\",\"target\":{\"@type\":\"EntryPoint\",\"urlTemplate\":\"https:\/\/thetreecbd.com\/de?s={search_term_string}\"},\"query-input\":{\"@type\":\"PropertyValueSpecification\",\"valueRequired\":true,\"valueName\":\"search_term_string\"}}],\"inLanguage\":\"de\"},{\"@type\":\"Organization\",\"@id\":\"https:\/\/thetreecbd.com\/de#organization\",\"name\":\"The Tree CBD\",\"url\":\"https:\/\/thetreecbd.com\/de\",\"logo\":{\"@type\":\"ImageObject\",\"inLanguage\":\"de\",\"@id\":\"https:\/\/thetreecbd.com\/de#\/schema\/logo\/image\/\",\"url\":\"https:\/\/thetreecbd.com\/wp-content\/uploads\/2022\/04\/logo-thetree.png\",\"contentUrl\":\"https:\/\/thetreecbd.com\/wp-content\/uploads\/2022\/04\/logo-thetree.png\",\"width\":172,\"height\":55,\"caption\":\"The Tree CBD\"},\"image\":{\"@id\":\"https:\/\/thetreecbd.com\/de#\/schema\/logo\/image\/\"},\"sameAs\":[\"https:\/\/www.facebook.com\/thetreeCBD\/\",\"https:\/\/x.com\/TheTreeCBD_EU\",\"https:\/\/www.instagram.com\/thetree.cbd\/\",\"https:\/\/es.trustpilot.com\/review\/thetreecbd.com\"]}]}<\/script>\n<!-- \/ Yoast SEO plugin. -->","yoast_head_json":{"title":"Night Time Oil 15 %: CBN + CBD-\u00d6l zum Schlafen. Mit Passionsblume und Heidelbeer-Aroma. | The Tree CBD","description":"15 % CBD- und CBN-\u00d6l Full Spectrum. Hergestellt aus Hanfbl\u00fctenextrakt. Mit allen aktiven Bestandteilen des Hanfs. Zutaten zu 100 % pflanzlichen Ursprungs.","robots":{"index":"index","follow":"follow","max-snippet":"max-snippet:-1","max-image-preview":"max-image-preview:large","max-video-preview":"max-video-preview:-1"},"canonical":"https:\/\/thetreecbd.com\/de\/cbd\/night-time-oil-15-cbn-cbd-ol","og_locale":"de_DE","og_type":"article","og_title":"Night Time Oil 15 %: CBN + CBD-\u00d6l zum Schlafen. Mit Passionsblume und Heidelbeer-Aroma. | The Tree CBD","og_description":"15 % CBD- und CBN-\u00d6l Full Spectrum. Hergestellt aus Hanfbl\u00fctenextrakt. Mit allen aktiven Bestandteilen des Hanfs. Zutaten zu 100 % pflanzlichen Ursprungs.","og_url":"https:\/\/thetreecbd.com\/de\/cbd\/night-time-oil-15-cbn-cbd-ol","og_site_name":"The Tree CBD","article_publisher":"https:\/\/www.facebook.com\/thetreeCBD\/","article_modified_time":"2025-07-07T09:05:44+00:00","og_image":[{"width":1080,"height":1350,"url":"https:\/\/thetreecbd.com\/wp-content\/uploads\/2023\/06\/NightTime-15-thetree.jpg","type":"image\/jpeg"}],"twitter_card":"summary_large_image","twitter_site":"@TheTreeCBD_EU","twitter_misc":{"Gesch\u00e4tzte Lesezeit":"4\u00a0Minuten"},"schema":{"@context":"https:\/\/schema.org","@graph":[{"@type":["WebPage","ItemPage"],"@id":"https:\/\/thetreecbd.com\/de\/cbd\/night-time-oil-15-cbn-cbd-ol","url":"https:\/\/thetreecbd.com\/de\/cbd\/night-time-oil-15-cbn-cbd-ol","name":"Night Time Oil 15 %: CBN + CBD-\u00d6l zum Schlafen. Mit Passionsblume und Heidelbeer-Aroma. | The Tree CBD","isPartOf":{"@id":"https:\/\/thetreecbd.com\/de#website"},"primaryImageOfPage":{"@id":"https:\/\/thetreecbd.com\/de\/cbd\/night-time-oil-15-cbn-cbd-ol#primaryimage"},"image":{"@id":"https:\/\/thetreecbd.com\/de\/cbd\/night-time-oil-15-cbn-cbd-ol#primaryimage"},"thumbnailUrl":"https:\/\/thetreecbd.com\/wp-content\/uploads\/2023\/06\/NightTime-15-thetree.jpg","datePublished":"2023-06-22T14:40:41+00:00","dateModified":"2025-07-07T09:05:44+00:00","description":"15 % CBD- und CBN-\u00d6l Full Spectrum. Hergestellt aus Hanfbl\u00fctenextrakt. Mit allen aktiven Bestandteilen des Hanfs. Zutaten zu 100 % pflanzlichen Ursprungs.","breadcrumb":{"@id":"https:\/\/thetreecbd.com\/de\/cbd\/night-time-oil-15-cbn-cbd-ol#breadcrumb"},"inLanguage":"de","potentialAction":[{"@type":"ReadAction","target":["https:\/\/thetreecbd.com\/de\/cbd\/night-time-oil-15-cbn-cbd-ol"]}]},{"@type":"ImageObject","inLanguage":"de","@id":"https:\/\/thetreecbd.com\/de\/cbd\/night-time-oil-15-cbn-cbd-ol#primaryimage","url":"https:\/\/thetreecbd.com\/wp-content\/uploads\/2023\/06\/NightTime-15-thetree.jpg","contentUrl":"https:\/\/thetreecbd.com\/wp-content\/uploads\/2023\/06\/NightTime-15-thetree.jpg","width":1080,"height":1350},{"@type":"BreadcrumbList","@id":"https:\/\/thetreecbd.com\/de\/cbd\/night-time-oil-15-cbn-cbd-ol#breadcrumb","itemListElement":[{"@type":"ListItem","position":1,"name":"The Tree","item":"https:\/\/thetreecbd.com\/de"},{"@type":"ListItem","position":2,"name":"CBD","item":"https:\/\/thetreecbd.com\/es\/cbd"},{"@type":"ListItem","position":3,"name":"CBD-\u00d6l","item":"https:\/\/thetreecbd.com\/de\/cbd-ol"},{"@type":"ListItem","position":4,"name":"CBD-\u00d6le mit 10\u202f%","item":"https:\/\/thetreecbd.com\/de\/cbd-ol\/cbd-ole-mit-10"},{"@type":"ListItem","position":5,"name":"Night Time Oil 15 %: CBN + CBD-\u00d6l zum Schlafen. Mit Passionsblume und Heidelbeer-Aroma."}]},{"@type":"WebSite","@id":"https:\/\/thetreecbd.com\/de#website","url":"https:\/\/thetreecbd.com\/de","name":"The Tree CBD","description":"Comprar CBD en Espa\u00f1a Online","publisher":{"@id":"https:\/\/thetreecbd.com\/de#organization"},"potentialAction":[{"@type":"SearchAction","target":{"@type":"EntryPoint","urlTemplate":"https:\/\/thetreecbd.com\/de?s={search_term_string}"},"query-input":{"@type":"PropertyValueSpecification","valueRequired":true,"valueName":"search_term_string"}}],"inLanguage":"de"},{"@type":"Organization","@id":"https:\/\/thetreecbd.com\/de#organization","name":"The Tree CBD","url":"https:\/\/thetreecbd.com\/de","logo":{"@type":"ImageObject","inLanguage":"de","@id":"https:\/\/thetreecbd.com\/de#\/schema\/logo\/image\/","url":"https:\/\/thetreecbd.com\/wp-content\/uploads\/2022\/04\/logo-thetree.png","contentUrl":"https:\/\/thetreecbd.com\/wp-content\/uploads\/2022\/04\/logo-thetree.png","width":172,"height":55,"caption":"The Tree CBD"},"image":{"@id":"https:\/\/thetreecbd.com\/de#\/schema\/logo\/image\/"},"sameAs":["https:\/\/www.facebook.com\/thetreeCBD\/","https:\/\/x.com\/TheTreeCBD_EU","https:\/\/www.instagram.com\/thetree.cbd\/","https:\/\/es.trustpilot.com\/review\/thetreecbd.com"]}]}},"_links":{"self":[{"href":"https:\/\/thetreecbd.com\/de\/wp-json\/wp\/v2\/product\/166127","targetHints":{"allow":["GET"]}}],"collection":[{"href":"https:\/\/thetreecbd.com\/de\/wp-json\/wp\/v2\/product"}],"about":[{"href":"https:\/\/thetreecbd.com\/de\/wp-json\/wp\/v2\/types\/product"}],"version-history":[{"count":0,"href":"https:\/\/thetreecbd.com\/de\/wp-json\/wp\/v2\/product\/166127\/revisions"}],"wp:featuredmedia":[{"embeddable":true,"href":"https:\/\/thetreecbd.com\/de\/wp-json\/wp\/v2\/media\/178376"}],"wp:attachment":[{"href":"https:\/\/thetreecbd.com\/de\/wp-json\/wp\/v2\/media?parent=166127"}],"wp:term":[{"taxonomy":"product_brand","embeddable":true,"href":"https:\/\/thetreecbd.com\/de\/wp-json\/wp\/v2\/product_brand?post=166127"}],"curies":[{"name":"wp","href":"https:\/\/api.w.org\/{rel}","templated":true}]}}