{"id":166131,"date":"2021-05-19T15:30:28","date_gmt":"2021-05-19T13:30:28","guid":{"rendered":"https:\/\/thetreecbd.com\/cbd\/cbd-ol-10-raw"},"modified":"2021-05-19T15:30:28","modified_gmt":"2021-05-19T13:30:28","slug":"cbd-ol-10-raw","status":"publish","type":"product","link":"https:\/\/thetreecbd.com\/de\/cbd\/cbd-ol-10-raw","title":{"rendered":"CBD-\u00d6l 10 % Raw"},"content":{"rendered":"<p data-start=\"74\" data-end=\"324\"><strong data-start=\"74\" data-end=\"140\">Das 10% Raw CBD-\u00d6l wird auf Basis von MCT-Kokos\u00f6l hergestellt.<\/strong><br data-start=\"140\" data-end=\"143\" \/>Das \u00d6l enth\u00e4lt alle aktiven Bestandteile der Hanfpflanze. Im Gegensatz zu Broad-Spectrum- und Full-Spectrum-\u00d6len ist dieses \u00d6l das reinste der drei Varianten, da es ungefiltert ist.<\/p>\n<p data-start=\"326\" data-end=\"595\"><strong data-start=\"326\" data-end=\"381\">Dieses CBD-\u00d6l wurde ohne L\u00f6sungsmittel hergestellt:<\/strong><br data-start=\"381\" data-end=\"384\" \/>Es ist frei von Alkoholen, Gasen oder anderen aggressiven Extraktionsmitteln. W\u00e4hrend das Broad-Spectrum-\u00d6l kein THC der Pflanze enth\u00e4lt, bewahrt dieses Raw-CBD-\u00d6l das THC der Pflanze \u2013 jedoch stets unter 0,2\u202f%.<\/p>\n<h3 data-start=\"602\" data-end=\"648\"><strong data-start=\"606\" data-end=\"646\">Zusammensetzung und Aussehen des \u00d6ls<\/strong><\/h3>\n<p data-start=\"649\" data-end=\"1019\">Das 10% Raw CBD-\u00d6l unterscheidet sich auch optisch von den Broad-Spectrum- und Full-Spectrum-\u00d6len. Da es alle Bestandteile der Pflanze bewahrt und ungefiltert ist, hat es eine dunkle und dichte Farbe, was die Reinheit des \u00d6ls unterstreicht. Im Vergleich dazu ist das Broad-Spectrum-\u00d6l transparenter und klarer, w\u00e4hrend das Full-Spectrum-\u00d6l eine goldgelbe Farbe aufweist.<\/p>\n<p data-start=\"1021\" data-end=\"1421\">Dar\u00fcber hinaus basiert dieses \u00d6l auf MCT-\u00d6l (mittelkettige Triglyzeride), eine Art ges\u00e4ttigter Fetts\u00e4uren, die in Kokos\u00f6l vorkommen. Es handelt sich um eine der neuesten Entwicklungen als Tr\u00e4ger\u00f6l f\u00fcr CBD. Cannabinoide sind fettl\u00f6slich, d.\u202fh. sie werden in Fett gespeichert und nicht in Wasser, weshalb ihre Wirksamkeit in Verbindung mit Fett erh\u00f6ht wird \u2013 allerdings abh\u00e4ngig von der Art des Fettes.<\/p>\n<p data-start=\"1423\" data-end=\"1680\">Auf diese Weise bewahrt das \u00d6l von The Tree CBD alle Bestandteile und Eigenschaften der Hanfbl\u00fcte und liefert vor allem <strong data-start=\"1543\" data-end=\"1569\">10\u202f% Cannabidiol (CBD)<\/strong> sowie kleinere Mengen an <strong data-start=\"1595\" data-end=\"1617\">CBG, CBF, CBN, CBC<\/strong> und \u00fcber <strong data-start=\"1627\" data-end=\"1663\">40 nat\u00fcrlich vorkommende Terpene<\/strong> der Hanfpflanze.<\/p>\n<h3 data-start=\"1687\" data-end=\"1720\"><strong data-start=\"1691\" data-end=\"1718\">Warum dieses \u00d6l w\u00e4hlen?<\/strong><\/h3>\n<p data-start=\"1721\" data-end=\"2198\">Wenn du eine milde CBD-Dosierung ben\u00f6tigst, ist unsere 10\u202f%-Formel ideal. Sie ist speziell f\u00fcr Personen entwickelt, die bereits Erfahrungen mit CBD gesammelt haben. Jede Flasche CBD unterliegt strengen Qualit\u00e4tskontrollen und wird aus biologisch angebautem Hanf extrahiert. Dank ausgefeilter CO\u2082-Extraktions- und Reinigungsverfahren sowie unabh\u00e4ngiger Laboranalysen enth\u00e4lt jede Flasche hochwertiges CBD \u2013 <strong data-start=\"2127\" data-end=\"2198\">frei von Nebenwirkungen, Zusatzstoffen und k\u00fcnstlichen Chemikalien.<\/strong><\/p>\n<p data-start=\"2200\" data-end=\"2385\">Unser \u00d6l wird \u00f6kologisch angebaut, <strong data-start=\"2235\" data-end=\"2286\">frei von Pestiziden und sch\u00e4dlichen Chemikalien<\/strong>, unter Einhaltung der strengsten Qualit\u00e4tsstandards und <strong data-start=\"2343\" data-end=\"2385\">mit 100\u202f% pflanzlichen Inhaltsstoffen.<\/strong><\/p>\n<p data-start=\"2387\" data-end=\"2500\"><strong data-start=\"2387\" data-end=\"2430\">Dieses \u00d6l enth\u00e4lt weniger als 0,2\u202f% THC<\/strong>, hat <strong data-start=\"2436\" data-end=\"2466\">keine psychoaktive Wirkung<\/strong> und ist <strong data-start=\"2475\" data-end=\"2500\">in ganz Europa legal.<\/strong><\/p>\n<h3 data-start=\"2507\" data-end=\"2546\"><strong data-start=\"2511\" data-end=\"2544\">Merkmale des 10\u202f% Raw CBD-\u00d6ls<\/strong><\/h3>\n<ul data-start=\"2547\" data-end=\"2771\">\n<li data-start=\"2547\" data-end=\"2572\">\n<p data-start=\"2549\" data-end=\"2572\">Tr\u00e4ger\u00f6l: MCT-Kokos\u00f6l<\/p>\n<\/li>\n<li data-start=\"2573\" data-end=\"2616\">\n<p data-start=\"2575\" data-end=\"2616\">10\u202f% CBD pro Tropfen (5\u202fmg pro Tropfen)<\/p>\n<\/li>\n<li data-start=\"2617\" data-end=\"2640\">\n<p data-start=\"2619\" data-end=\"2640\">10\u202fml Dosierflasche<\/p>\n<\/li>\n<li data-start=\"2641\" data-end=\"2712\">\n<p data-start=\"2643\" data-end=\"2712\">Biologischer Anbau, frei von Pestiziden und sch\u00e4dlichen Chemikalien<\/p>\n<\/li>\n<li data-start=\"2713\" data-end=\"2746\">\n<p data-start=\"2715\" data-end=\"2746\">Enth\u00e4lt weniger als 0,2\u202f% THC<\/p>\n<\/li>\n<li data-start=\"2747\" data-end=\"2771\">\n<p data-start=\"2749\" data-end=\"2771\"><strong data-start=\"2749\" data-end=\"2771\">Topische Anwendung<\/strong><\/p>\n<\/li>\n<\/ul>\n<h3 data-start=\"2778\" data-end=\"2822\"><strong data-start=\"2782\" data-end=\"2820\">Inhaltsstoffe des 10\u202f% Raw CBD-\u00d6ls<\/strong><\/h3>\n<p data-start=\"2823\" data-end=\"2859\">MCT-Kokos\u00f6l und CO\u2082-Extrakt aus Hanf<\/p>\n<h3 data-start=\"2866\" data-end=\"2885\"><strong data-start=\"2870\" data-end=\"2883\">CBD-Aroma<\/strong><\/h3>\n<p data-start=\"2886\" data-end=\"3063\">Terpene sind in den \u00e4therischen \u00d6len vieler Pflanzen, Blumen und Fr\u00fcchte enthalten und f\u00fcr Geruch und Geschmack verantwortlich. Cannabis weist ein vielf\u00e4ltiges Terpenprofil auf.<\/p>\n<p data-start=\"3065\" data-end=\"3229\"><strong data-start=\"3065\" data-end=\"3139\">CBD-\u00d6le aus hochwertigen Vollspektrum-Extrakten riechen nach Cannabis.<\/strong> Der Gro\u00dfteil des typischen Cannabisduftes ist auf die enthaltenen Terpene zur\u00fcckzuf\u00fchren.<\/p>\n<h3 data-start=\"3236\" data-end=\"3256\"><strong data-start=\"3240\" data-end=\"3254\">Zielgruppe<\/strong><\/h3>\n<p data-start=\"3257\" data-end=\"3414\">CBD-\u00d6le mit 10\u202f% CBD-Gehalt sind ideal f\u00fcr Nutzer*innen, die bereits Erfahrung mit diesem Cannabinoid haben. <strong data-start=\"3366\" data-end=\"3414\">Die Wirkung wird als mittelstark eingestuft.<\/strong><\/p>\n<p data-start=\"3416\" data-end=\"3584\"><strong data-start=\"3416\" data-end=\"3495\">Dieses RAW-\u00d6l richtet sich an alle, die ein m\u00f6glichst reines Produkt suchen<\/strong>, das <strong data-start=\"3501\" data-end=\"3537\">ungefiltert und nicht raffiniert<\/strong> ist, um alle Vorteile der Pflanze zu erhalten.<\/p>\n<h3 data-start=\"3591\" data-end=\"3625\"><strong data-start=\"3595\" data-end=\"3623\">Sicherheitsinformationen<\/strong><\/h3>\n<p data-start=\"3626\" data-end=\"3862\">Bitte beachte, dass das 10\u202f% Full Spectrum CBD-\u00d6l von The Tree ein Produkt zur <strong data-start=\"3705\" data-end=\"3728\">topischen Anwendung<\/strong> ist. Es darf <strong data-start=\"3742\" data-end=\"3804\">nicht w\u00e4hrend der Schwangerschaft oder Stillzeit verwendet<\/strong> werden. Au\u00dferhalb der Reichweite von Kindern aufbewahren.<\/p>\n<p data-start=\"3864\" data-end=\"4131\">Die bereitgestellten Informationen dienen nur zu Informations- und Schulungszwecken und ersetzen keinesfalls die medizinische Beratung durch \u00c4rzt<em data-start=\"4009\" data-end=\"4031\">innen oder Apotheker<\/em>innen. Unsere Texte sind nicht zur eigenst\u00e4ndigen Diagnose oder Behandlung von Krankheiten bestimmt.<\/p>\n<p data-start=\"4133\" data-end=\"4188\"><strong data-start=\"4133\" data-end=\"4158\">Kontaktiere uns gerne<\/strong>, wenn du weitere Fragen hast.<\/p>\n<h3 data-start=\"4195\" data-end=\"4213\"><strong data-start=\"4199\" data-end=\"4211\">Lagerung<\/strong><\/h3>\n<p data-start=\"4214\" data-end=\"4446\">Idealerweise sollte das CBD-\u00d6l von The Tree an einem <strong data-start=\"4267\" data-end=\"4292\">k\u00fchlen, trockenen Ort<\/strong>, <strong data-start=\"4294\" data-end=\"4338\">vor Licht und starken Ger\u00fcchen gesch\u00fctzt<\/strong> aufbewahrt werden, um jegliche Verunreinigung zu vermeiden. Direkte Sonneneinstrahlung und Hitze vermeiden.<\/p>\n<p data-start=\"4448\" data-end=\"4526\"><strong data-start=\"4448\" data-end=\"4526\">K\u00fchl und trocken lagern. Au\u00dferhalb der Reichweite von Kindern aufbewahren.<\/strong><\/p>\n<p data-start=\"4528\" data-end=\"4616\"><strong data-start=\"4528\" data-end=\"4540\">Hinweis:<\/strong> Die angegebene Haltbarkeit betr\u00e4gt <strong data-start=\"4576\" data-end=\"4590\">zwei Jahre<\/strong> bei sachgem\u00e4\u00dfer Lagerung.<\/p>\n","protected":false},"excerpt":{"rendered":"<ul>\n<li>\u00d6l auf Basis von <strong>MCT-Kokos\u00f6l<\/strong><\/li>\n<li><strong>10\u202f% CBD<\/strong> pro Tropfen (5\u202fmg pro Tropfen)<\/li>\n<li><strong>10\u202fml<\/strong> Dosierflasche<\/li>\n<li>Biologischer Anbau, frei von Pestiziden und sch\u00e4dlichen Chemikalien<\/li>\n<li>Enth\u00e4lt weniger als 0,2\u202f% THC<\/li>\n<li>Topische Anwendung<\/li>\n<\/ul>\n","protected":false},"featured_media":166133,"template":"","meta":{"_acf_changed":false},"product_brand":[],"class_list":{"0":"post-166131","1":"product","2":"type-product","3":"status-publish","4":"has-post-thumbnail","6":"product_cat-cbd-ol","7":"product_cat-cbd-ole-mit-10","8":"product_cat-cbd-sportler","9":"product_cat-cbd-entzundungen","10":"product_cat-produkte-mit-10-cbd","11":"product_cat-rohes","13":"first","14":"instock","15":"featured","16":"taxable","17":"shipping-taxable","18":"purchasable","19":"product-type-simple"},"acf":[],"yoast_head":"<!-- This site is optimized with the Yoast SEO plugin v26.3 - https:\/\/yoast.com\/wordpress\/plugins\/seo\/ -->\n<title>CBD-\u00d6l 10 % Raw | The Tree CBD<\/title>\n<meta name=\"description\" content=\"CBD-\u00d6l 10\u202f% Raw: das reinste \u00d6l. Mit MCT-Basis, enth\u00e4lt alle in der Pflanze enthaltenen Wirkstoffe. Mit 100\u202f% pflanzlichen Inhaltsstoffen!\" \/>\n<meta name=\"robots\" content=\"index, follow, max-snippet:-1, max-image-preview:large, max-video-preview:-1\" \/>\n<link rel=\"canonical\" href=\"https:\/\/thetreecbd.com\/de\/cbd\/cbd-ol-10-raw\" \/>\n<meta property=\"og:locale\" content=\"de_DE\" \/>\n<meta property=\"og:type\" content=\"article\" \/>\n<meta property=\"og:title\" content=\"CBD-\u00d6l 10 % Raw | The Tree CBD\" \/>\n<meta property=\"og:description\" content=\"CBD-\u00d6l 10\u202f% Raw: das reinste \u00d6l. Mit MCT-Basis, enth\u00e4lt alle in der Pflanze enthaltenen Wirkstoffe. Mit 100\u202f% pflanzlichen Inhaltsstoffen!\" \/>\n<meta property=\"og:url\" content=\"https:\/\/thetreecbd.com\/de\/cbd\/cbd-ol-10-raw\" \/>\n<meta property=\"og:site_name\" content=\"The Tree CBD\" \/>\n<meta property=\"article:publisher\" content=\"https:\/\/www.facebook.com\/thetreeCBD\/\" \/>\n<meta property=\"og:image\" content=\"https:\/\/thetreecbd.com\/wp-content\/uploads\/2021\/05\/aceite-raw-spectrum-10_1.jpg\" \/>\n\t<meta property=\"og:image:width\" content=\"600\" \/>\n\t<meta property=\"og:image:height\" content=\"720\" \/>\n\t<meta property=\"og:image:type\" content=\"image\/jpeg\" \/>\n<meta name=\"twitter:card\" content=\"summary_large_image\" \/>\n<meta name=\"twitter:site\" content=\"@TheTreeCBD_EU\" \/>\n<meta name=\"twitter:label1\" content=\"Gesch\u00e4tzte Lesezeit\" \/>\n\t<meta name=\"twitter:data1\" content=\"3\u00a0Minuten\" \/>\n<script type=\"application\/ld+json\" class=\"yoast-schema-graph\">{\"@context\":\"https:\/\/schema.org\",\"@graph\":[{\"@type\":[\"WebPage\",\"ItemPage\"],\"@id\":\"https:\/\/thetreecbd.com\/de\/cbd\/cbd-ol-10-raw\",\"url\":\"https:\/\/thetreecbd.com\/de\/cbd\/cbd-ol-10-raw\",\"name\":\"CBD-\u00d6l 10 % Raw | The Tree CBD\",\"isPartOf\":{\"@id\":\"https:\/\/thetreecbd.com\/de#website\"},\"primaryImageOfPage\":{\"@id\":\"https:\/\/thetreecbd.com\/de\/cbd\/cbd-ol-10-raw#primaryimage\"},\"image\":{\"@id\":\"https:\/\/thetreecbd.com\/de\/cbd\/cbd-ol-10-raw#primaryimage\"},\"thumbnailUrl\":\"https:\/\/thetreecbd.com\/wp-content\/uploads\/2021\/05\/aceite-raw-spectrum-10_1.jpg\",\"datePublished\":\"2021-05-19T13:30:28+00:00\",\"description\":\"CBD-\u00d6l 10\u202f% Raw: das reinste \u00d6l. Mit MCT-Basis, enth\u00e4lt alle in der Pflanze enthaltenen Wirkstoffe. Mit 100\u202f% pflanzlichen Inhaltsstoffen!\",\"breadcrumb\":{\"@id\":\"https:\/\/thetreecbd.com\/de\/cbd\/cbd-ol-10-raw#breadcrumb\"},\"inLanguage\":\"de\",\"potentialAction\":[{\"@type\":\"ReadAction\",\"target\":[\"https:\/\/thetreecbd.com\/de\/cbd\/cbd-ol-10-raw\"]}]},{\"@type\":\"ImageObject\",\"inLanguage\":\"de\",\"@id\":\"https:\/\/thetreecbd.com\/de\/cbd\/cbd-ol-10-raw#primaryimage\",\"url\":\"https:\/\/thetreecbd.com\/wp-content\/uploads\/2021\/05\/aceite-raw-spectrum-10_1.jpg\",\"contentUrl\":\"https:\/\/thetreecbd.com\/wp-content\/uploads\/2021\/05\/aceite-raw-spectrum-10_1.jpg\",\"width\":600,\"height\":720},{\"@type\":\"BreadcrumbList\",\"@id\":\"https:\/\/thetreecbd.com\/de\/cbd\/cbd-ol-10-raw#breadcrumb\",\"itemListElement\":[{\"@type\":\"ListItem\",\"position\":1,\"name\":\"The Tree\",\"item\":\"https:\/\/thetreecbd.com\/de\"},{\"@type\":\"ListItem\",\"position\":2,\"name\":\"CBD\",\"item\":\"https:\/\/thetreecbd.com\/es\/cbd\"},{\"@type\":\"ListItem\",\"position\":3,\"name\":\"CBD-\u00d6l\",\"item\":\"https:\/\/thetreecbd.com\/de\/cbd-ol\"},{\"@type\":\"ListItem\",\"position\":4,\"name\":\"CBD-\u00d6le mit 10\u202f%\",\"item\":\"https:\/\/thetreecbd.com\/de\/cbd-ol\/cbd-ole-mit-10\"},{\"@type\":\"ListItem\",\"position\":5,\"name\":\"CBD-\u00d6l 10 % Raw\"}]},{\"@type\":\"WebSite\",\"@id\":\"https:\/\/thetreecbd.com\/de#website\",\"url\":\"https:\/\/thetreecbd.com\/de\",\"name\":\"The Tree CBD\",\"description\":\"Comprar CBD en Espa\u00f1a Online\",\"publisher\":{\"@id\":\"https:\/\/thetreecbd.com\/de#organization\"},\"potentialAction\":[{\"@type\":\"SearchAction\",\"target\":{\"@type\":\"EntryPoint\",\"urlTemplate\":\"https:\/\/thetreecbd.com\/de?s={search_term_string}\"},\"query-input\":{\"@type\":\"PropertyValueSpecification\",\"valueRequired\":true,\"valueName\":\"search_term_string\"}}],\"inLanguage\":\"de\"},{\"@type\":\"Organization\",\"@id\":\"https:\/\/thetreecbd.com\/de#organization\",\"name\":\"The Tree CBD\",\"url\":\"https:\/\/thetreecbd.com\/de\",\"logo\":{\"@type\":\"ImageObject\",\"inLanguage\":\"de\",\"@id\":\"https:\/\/thetreecbd.com\/de#\/schema\/logo\/image\/\",\"url\":\"https:\/\/thetreecbd.com\/wp-content\/uploads\/2022\/04\/logo-thetree.png\",\"contentUrl\":\"https:\/\/thetreecbd.com\/wp-content\/uploads\/2022\/04\/logo-thetree.png\",\"width\":172,\"height\":55,\"caption\":\"The Tree CBD\"},\"image\":{\"@id\":\"https:\/\/thetreecbd.com\/de#\/schema\/logo\/image\/\"},\"sameAs\":[\"https:\/\/www.facebook.com\/thetreeCBD\/\",\"https:\/\/x.com\/TheTreeCBD_EU\",\"https:\/\/www.instagram.com\/thetree.cbd\/\",\"https:\/\/es.trustpilot.com\/review\/thetreecbd.com\"]}]}<\/script>\n<!-- \/ Yoast SEO plugin. -->","yoast_head_json":{"title":"CBD-\u00d6l 10 % Raw | The Tree CBD","description":"CBD-\u00d6l 10\u202f% Raw: das reinste \u00d6l. Mit MCT-Basis, enth\u00e4lt alle in der Pflanze enthaltenen Wirkstoffe. Mit 100\u202f% pflanzlichen Inhaltsstoffen!","robots":{"index":"index","follow":"follow","max-snippet":"max-snippet:-1","max-image-preview":"max-image-preview:large","max-video-preview":"max-video-preview:-1"},"canonical":"https:\/\/thetreecbd.com\/de\/cbd\/cbd-ol-10-raw","og_locale":"de_DE","og_type":"article","og_title":"CBD-\u00d6l 10 % Raw | The Tree CBD","og_description":"CBD-\u00d6l 10\u202f% Raw: das reinste \u00d6l. Mit MCT-Basis, enth\u00e4lt alle in der Pflanze enthaltenen Wirkstoffe. Mit 100\u202f% pflanzlichen Inhaltsstoffen!","og_url":"https:\/\/thetreecbd.com\/de\/cbd\/cbd-ol-10-raw","og_site_name":"The Tree CBD","article_publisher":"https:\/\/www.facebook.com\/thetreeCBD\/","og_image":[{"width":600,"height":720,"url":"https:\/\/thetreecbd.com\/wp-content\/uploads\/2021\/05\/aceite-raw-spectrum-10_1.jpg","type":"image\/jpeg"}],"twitter_card":"summary_large_image","twitter_site":"@TheTreeCBD_EU","twitter_misc":{"Gesch\u00e4tzte Lesezeit":"3\u00a0Minuten"},"schema":{"@context":"https:\/\/schema.org","@graph":[{"@type":["WebPage","ItemPage"],"@id":"https:\/\/thetreecbd.com\/de\/cbd\/cbd-ol-10-raw","url":"https:\/\/thetreecbd.com\/de\/cbd\/cbd-ol-10-raw","name":"CBD-\u00d6l 10 % Raw | The Tree CBD","isPartOf":{"@id":"https:\/\/thetreecbd.com\/de#website"},"primaryImageOfPage":{"@id":"https:\/\/thetreecbd.com\/de\/cbd\/cbd-ol-10-raw#primaryimage"},"image":{"@id":"https:\/\/thetreecbd.com\/de\/cbd\/cbd-ol-10-raw#primaryimage"},"thumbnailUrl":"https:\/\/thetreecbd.com\/wp-content\/uploads\/2021\/05\/aceite-raw-spectrum-10_1.jpg","datePublished":"2021-05-19T13:30:28+00:00","description":"CBD-\u00d6l 10\u202f% Raw: das reinste \u00d6l. Mit MCT-Basis, enth\u00e4lt alle in der Pflanze enthaltenen Wirkstoffe. Mit 100\u202f% pflanzlichen Inhaltsstoffen!","breadcrumb":{"@id":"https:\/\/thetreecbd.com\/de\/cbd\/cbd-ol-10-raw#breadcrumb"},"inLanguage":"de","potentialAction":[{"@type":"ReadAction","target":["https:\/\/thetreecbd.com\/de\/cbd\/cbd-ol-10-raw"]}]},{"@type":"ImageObject","inLanguage":"de","@id":"https:\/\/thetreecbd.com\/de\/cbd\/cbd-ol-10-raw#primaryimage","url":"https:\/\/thetreecbd.com\/wp-content\/uploads\/2021\/05\/aceite-raw-spectrum-10_1.jpg","contentUrl":"https:\/\/thetreecbd.com\/wp-content\/uploads\/2021\/05\/aceite-raw-spectrum-10_1.jpg","width":600,"height":720},{"@type":"BreadcrumbList","@id":"https:\/\/thetreecbd.com\/de\/cbd\/cbd-ol-10-raw#breadcrumb","itemListElement":[{"@type":"ListItem","position":1,"name":"The Tree","item":"https:\/\/thetreecbd.com\/de"},{"@type":"ListItem","position":2,"name":"CBD","item":"https:\/\/thetreecbd.com\/es\/cbd"},{"@type":"ListItem","position":3,"name":"CBD-\u00d6l","item":"https:\/\/thetreecbd.com\/de\/cbd-ol"},{"@type":"ListItem","position":4,"name":"CBD-\u00d6le mit 10\u202f%","item":"https:\/\/thetreecbd.com\/de\/cbd-ol\/cbd-ole-mit-10"},{"@type":"ListItem","position":5,"name":"CBD-\u00d6l 10 % Raw"}]},{"@type":"WebSite","@id":"https:\/\/thetreecbd.com\/de#website","url":"https:\/\/thetreecbd.com\/de","name":"The Tree CBD","description":"Comprar CBD en Espa\u00f1a Online","publisher":{"@id":"https:\/\/thetreecbd.com\/de#organization"},"potentialAction":[{"@type":"SearchAction","target":{"@type":"EntryPoint","urlTemplate":"https:\/\/thetreecbd.com\/de?s={search_term_string}"},"query-input":{"@type":"PropertyValueSpecification","valueRequired":true,"valueName":"search_term_string"}}],"inLanguage":"de"},{"@type":"Organization","@id":"https:\/\/thetreecbd.com\/de#organization","name":"The Tree CBD","url":"https:\/\/thetreecbd.com\/de","logo":{"@type":"ImageObject","inLanguage":"de","@id":"https:\/\/thetreecbd.com\/de#\/schema\/logo\/image\/","url":"https:\/\/thetreecbd.com\/wp-content\/uploads\/2022\/04\/logo-thetree.png","contentUrl":"https:\/\/thetreecbd.com\/wp-content\/uploads\/2022\/04\/logo-thetree.png","width":172,"height":55,"caption":"The Tree CBD"},"image":{"@id":"https:\/\/thetreecbd.com\/de#\/schema\/logo\/image\/"},"sameAs":["https:\/\/www.facebook.com\/thetreeCBD\/","https:\/\/x.com\/TheTreeCBD_EU","https:\/\/www.instagram.com\/thetree.cbd\/","https:\/\/es.trustpilot.com\/review\/thetreecbd.com"]}]}},"_links":{"self":[{"href":"https:\/\/thetreecbd.com\/de\/wp-json\/wp\/v2\/product\/166131","targetHints":{"allow":["GET"]}}],"collection":[{"href":"https:\/\/thetreecbd.com\/de\/wp-json\/wp\/v2\/product"}],"about":[{"href":"https:\/\/thetreecbd.com\/de\/wp-json\/wp\/v2\/types\/product"}],"version-history":[{"count":0,"href":"https:\/\/thetreecbd.com\/de\/wp-json\/wp\/v2\/product\/166131\/revisions"}],"wp:featuredmedia":[{"embeddable":true,"href":"https:\/\/thetreecbd.com\/de\/wp-json\/wp\/v2\/media\/166133"}],"wp:attachment":[{"href":"https:\/\/thetreecbd.com\/de\/wp-json\/wp\/v2\/media?parent=166131"}],"wp:term":[{"taxonomy":"product_brand","embeddable":true,"href":"https:\/\/thetreecbd.com\/de\/wp-json\/wp\/v2\/product_brand?post=166131"}],"curies":[{"name":"wp","href":"https:\/\/api.w.org\/{rel}","templated":true}]}}