{"id":166134,"date":"2022-11-02T12:01:23","date_gmt":"2022-11-02T11:01:23","guid":{"rendered":"https:\/\/thetreecbd.com\/cbd\/cbg-ol-mit-5"},"modified":"2022-11-02T12:01:23","modified_gmt":"2022-11-02T11:01:23","slug":"cbg-ol-mit-5","status":"publish","type":"product","link":"https:\/\/thetreecbd.com\/de\/cbd\/cbg-ol-mit-5","title":{"rendered":"CBG-\u00d6l mit 5\u202f%"},"content":{"rendered":"<h3 data-start=\"83\" data-end=\"99\">Was ist CBG?<\/h3>\n<p data-start=\"101\" data-end=\"761\">Cannabigerol oder CBG ist eine nicht-psychoaktive Verbindung, die dem Cannabidiol (CBD) sehr \u00e4hnlich ist. Beide geh\u00f6ren zur gleichen Gruppe von Cannabinoiden und besitzen laut einer im Jahr 2018 von Navarro G, Varani K und Reyes-Resina I durchgef\u00fchrten Studie entz\u00fcndungshemmende, regenerierende, antitumorale und antimikrobielle Eigenschaften. In dieser Studie wird au\u00dferdem nahegelegt, dass CBG Eigenschaften besitzt, die helfen k\u00f6nnen, den kognitiven und neurologischen Abbau zu verlangsamen. Eine weitere Studie der McMaster University aus dem Jahr 2020 legt nahe, dass CBG die Geweberegeneration im Dickdarm beschleunigen und Entz\u00fcndungen reduzieren kann.<\/p>\n<p data-start=\"763\" data-end=\"1110\">Wie aus diesen Studien hervorgeht, kann CBG zur Behandlung von Stimmungsschwankungen und Schlafst\u00f6rungen beitragen. Es wirkt neuroprotektiv, kann die Knochenheilung f\u00f6rdern, Hautreizungen aufgrund seiner antibakteriellen Wirkung lindern und hat das Potenzial, ein hervorragendes nat\u00fcrliches Schmerzmittel zu sein \u2013 neben vielen weiteren Vorteilen.<\/p>\n<h3 data-start=\"1112\" data-end=\"1141\">CBG + CBD f\u00fcr ein Tages\u00f6l<\/h3>\n<p data-start=\"1143\" data-end=\"1495\">CBG ist ein Cannabinoid, das erheblich zur Linderung beitragen kann, ohne so stark zu entspannen wie ein reines CBD-\u00d6l, das ein sehr vielseitiger Wirkstoff ist. Dank des CBG-Gehalts ist dieses \u00d6l ideal f\u00fcr den Tagesgebrauch, da es helfen kann, die Konzentration zu verbessern und Schmerzen zu lindern \u2013 ohne die sedierende Wirkung eines reinen CBD-\u00d6ls.<\/p>\n<p data-start=\"1497\" data-end=\"2045\">Bei The Tree legen wir gr\u00f6\u00dften Wert auf Reinheit und Sicherheit. Deshalb verwenden wir ausschlie\u00dflich hochwertig angebauten Hanf aus Europa, der \u00f6kologisch und ohne Pestizide, sch\u00e4dliche Chemikalien oder andere Verunreinigungen kultiviert wird \u2013 unter strengsten Qualit\u00e4tskontrollen und mit 100\u202f% pflanzlichen Inhaltsstoffen. Unsere CBG-Produkte enthalten nur wertvolle Verbindungen, was wir durch sichere und verantwortungsvolle Prozesse vom Samen bis zur Flasche gew\u00e4hrleisten \u2013 inklusive CO\u2082-Extraktion, Reinigung und unabh\u00e4ngiger Laboranalysen.<\/p>\n<p data-start=\"2047\" data-end=\"2403\">Unser CBG-\u00d6l mit 5\u202f% Wirkstoffgehalt ist ein Vollspektrum\u00f6l, das alle nat\u00fcrlichen Bestandteile der Hanfpflanze bewahrt. Im Vergleich zu anderen \u00d6len ist es dichter und tr\u00fcber in der Farbe. W\u00e4hrend Breitspektrum\u00f6le kein THC enthalten, bewahrt dieses CBG-Vollspektrum\u00f6l den THC-Gehalt der Pflanze \u2013 nat\u00fcrlich stets unter dem gesetzlichen Grenzwert von 0,2\u202f%.<\/p>\n<h3 data-start=\"2405\" data-end=\"2442\">CBG \u00d6l 5\u202f% \u2013 f\u00fcr Einsteiger ideal<\/h3>\n<p data-start=\"2444\" data-end=\"2695\">Wie der Name schon sagt, enth\u00e4lt das CBG-\u00d6l einen Gehalt von 5\u202f% Cannabigerol in der Gesamtformel. Diese Konzentration gilt als niedrig und ist daher ideal f\u00fcr Personen, die mit den entspannenden Eigenschaften von CBG erste Erfahrungen machen m\u00f6chten.<\/p>\n<h3 data-start=\"2702\" data-end=\"2734\">Eigenschaften von CBG \u00d6l 5\u202f%<\/h3>\n<ul data-start=\"2736\" data-end=\"2976\">\n<li data-start=\"2736\" data-end=\"2761\">\n<p data-start=\"2738\" data-end=\"2761\">Hanfsamen\u00f6l als Basis<\/p>\n<\/li>\n<li data-start=\"2762\" data-end=\"2806\">\n<p data-start=\"2764\" data-end=\"2806\">5\u202f% CBG pro Tropfen (2,5\u202fmg pro Tropfen)<\/p>\n<\/li>\n<li data-start=\"2807\" data-end=\"2840\">\n<p data-start=\"2809\" data-end=\"2840\">10\u202fml Flasche mit Dosierhilfe<\/p>\n<\/li>\n<li data-start=\"2841\" data-end=\"2912\">\n<p data-start=\"2843\" data-end=\"2912\">\u00d6kologischer Anbau, frei von Pestiziden und sch\u00e4dlichen Chemikalien<\/p>\n<\/li>\n<li data-start=\"2913\" data-end=\"2946\">\n<p data-start=\"2915\" data-end=\"2946\">Enth\u00e4lt weniger als 0,2\u202f% THC<\/p>\n<\/li>\n<li data-start=\"2947\" data-end=\"2976\">\n<p data-start=\"2949\" data-end=\"2976\">Zur \u00e4u\u00dferlichen Anwendung<\/p>\n<\/li>\n<\/ul>\n<h3 data-start=\"2983\" data-end=\"3000\">Inhaltsstoffe<\/h3>\n<p data-start=\"3002\" data-end=\"3034\">Hanfsamen\u00f6l und CO\u2082-Hanfextrakt.<\/p>\n<h3 data-start=\"3041\" data-end=\"3054\">CBD-Aroma<\/h3>\n<p data-start=\"3056\" data-end=\"3282\">Terpene sind in den meisten \u00e4therischen \u00d6len von Pflanzen, Blumen und Fr\u00fcchten enthalten und verleihen ihnen ihren charakteristischen Geruch und Geschmack. Auch Cannabis besitzt ein reiches Terpenprofil. Das Aroma ist neutral.<\/p>\n<h3 data-start=\"3289\" data-end=\"3303\">Verpackung<\/h3>\n<p data-start=\"3305\" data-end=\"3434\">Das CBG-\u00d6l 5\u202f% von The Tree wird in einer speziell entworfenen Verpackung geliefert, die das Produkt vor Licht und W\u00e4rme sch\u00fctzt.<\/p>\n<h3 data-start=\"3441\" data-end=\"3451\">Format<\/h3>\n<p data-start=\"3453\" data-end=\"3503\">Erh\u00e4ltlich in einer 10\u202fml Glasflasche mit Pipette.<\/p>\n<h3 data-start=\"3510\" data-end=\"3522\">Lagerung<\/h3>\n<p data-start=\"3524\" data-end=\"3831\">Das CBG-\u00d6l 5\u202f% von The Tree sollte idealerweise k\u00fchl, trocken und lichtgesch\u00fctzt sowie fern von intensiven Ger\u00fcchen aufbewahrt werden, um jegliche Verunreinigung zu vermeiden. Direkte Sonneneinstrahlung und Hitze sind zu vermeiden.<br data-start=\"3755\" data-end=\"3758\" \/><strong data-start=\"3758\" data-end=\"3770\">Hinweis:<\/strong> Die Haltbarkeit betr\u00e4gt bei sachgem\u00e4\u00dfer Lagerung zwei Jahre.<\/p>\n<h3 data-start=\"3838\" data-end=\"3875\">F\u00fcr wen ist das Produkt geeignet?<\/h3>\n<p data-start=\"3877\" data-end=\"4069\">The Tree bringt sein neues CBG-\u00d6l 5\u202f% f\u00fcr alle Personen \u00fcber 18 Jahre auf den Markt. Sein einzigartiges Aroma macht es selbst f\u00fcr Skeptiker interessant, die die Welt des CBG entdecken m\u00f6chten.<\/p>\n<h3 data-start=\"4076\" data-end=\"4098\">Sicherheitshinweis<\/h3>\n<p data-start=\"4100\" data-end=\"4322\">Bitte beachten Sie, dass das CBG-\u00d6l 5\u202f% von The Tree ein Produkt zur \u00e4u\u00dferlichen Anwendung ist. Es sollte nicht w\u00e4hrend der Schwangerschaft oder Stillzeit verwendet werden. Au\u00dferhalb der Reichweite von Kindern aufbewahren.<\/p>\n<p data-start=\"4324\" data-end=\"4433\">Das \u00d6l kann eine geringe Menge THC enthalten, liegt aber selbstverst\u00e4ndlich unter dem EU-Grenzwert von 0,2\u202f%.<\/p>\n<p data-start=\"4435\" data-end=\"4717\">Die bereitgestellten Informationen dienen ausschlie\u00dflich zu Informations- und Schulungszwecken und ersetzen in keiner Weise die medizinische Beratung durch \u00c4rzt:innen oder Apotheker:innen. Unsere Texte sind nicht zur eigenst\u00e4ndigen Diagnose oder Behandlung von Krankheiten bestimmt.<\/p>\n<p data-start=\"4719\" data-end=\"4777\">Z\u00f6gern Sie nicht, uns bei weiteren Fragen zu kontaktieren.<\/p>\n","protected":false},"excerpt":{"rendered":"<ul>\n<li>Hanfsamen\u00f6l als Basis<\/li>\n<li>5\u202f% CBG pro Tropfen (2,5\u202fmg pro Tropfen)<\/li>\n<li>10\u202fml Flasche mit Dosierhilfe<\/li>\n<li>\u00d6kologischer Anbau, frei von Pestiziden und sch\u00e4dlichen Chemikalien<\/li>\n<li>Enth\u00e4lt weniger als 0,2\u202f% THC<\/li>\n<li>Zur \u00e4u\u00dferlichen Anwendung<\/li>\n<\/ul>\n","protected":false},"featured_media":166135,"template":"","meta":{"_acf_changed":false},"product_brand":[],"class_list":{"0":"post-166134","1":"product","2":"type-product","3":"status-publish","4":"has-post-thumbnail","6":"product_cat-cbd-ol","7":"product_cat-cbd-ole-mit-5","8":"product_cat-cbg-ole","9":"product_cat-produkte-mit-5-cbd","11":"first","12":"outofstock","13":"taxable","14":"shipping-taxable","15":"purchasable","16":"product-type-simple"},"acf":[],"yoast_head":"<!-- This site is optimized with the Yoast SEO plugin v26.3 - https:\/\/yoast.com\/wordpress\/plugins\/seo\/ -->\n<title>CBG-\u00d6l mit 5\u202f% | The Tree CBD<\/title>\n<meta name=\"description\" content=\"Entdecke das CBG-\u00d6l mit 5\u202f%. Aus \u00f6kologischem Anbau, frei von Pestiziden und sch\u00e4dlichen Chemikalien. Probiere Cannabigerol mit weniger als 0,20\u202f% THC.\" \/>\n<meta name=\"robots\" content=\"index, follow, max-snippet:-1, max-image-preview:large, max-video-preview:-1\" \/>\n<link rel=\"canonical\" href=\"https:\/\/thetreecbd.com\/de\/cbd\/cbg-ol-mit-5\" \/>\n<meta property=\"og:locale\" content=\"de_DE\" \/>\n<meta property=\"og:type\" content=\"article\" \/>\n<meta property=\"og:title\" content=\"CBG-\u00d6l mit 5\u202f% | The Tree CBD\" \/>\n<meta property=\"og:description\" content=\"Entdecke das CBG-\u00d6l mit 5\u202f%. Aus \u00f6kologischem Anbau, frei von Pestiziden und sch\u00e4dlichen Chemikalien. Probiere Cannabigerol mit weniger als 0,20\u202f% THC.\" \/>\n<meta property=\"og:url\" content=\"https:\/\/thetreecbd.com\/de\/cbd\/cbg-ol-mit-5\" \/>\n<meta property=\"og:site_name\" content=\"The Tree CBD\" \/>\n<meta property=\"article:publisher\" content=\"https:\/\/www.facebook.com\/thetreeCBD\/\" \/>\n<meta property=\"og:image\" content=\"https:\/\/thetreecbd.com\/wp-content\/uploads\/2023\/02\/aceite-cbg-5.png\" \/>\n\t<meta property=\"og:image:width\" content=\"600\" \/>\n\t<meta property=\"og:image:height\" content=\"720\" \/>\n\t<meta property=\"og:image:type\" content=\"image\/png\" \/>\n<meta name=\"twitter:card\" content=\"summary_large_image\" \/>\n<meta name=\"twitter:site\" content=\"@TheTreeCBD_EU\" \/>\n<meta name=\"twitter:label1\" content=\"Gesch\u00e4tzte Lesezeit\" \/>\n\t<meta name=\"twitter:data1\" content=\"3\u00a0Minuten\" \/>\n<script type=\"application\/ld+json\" class=\"yoast-schema-graph\">{\"@context\":\"https:\/\/schema.org\",\"@graph\":[{\"@type\":[\"WebPage\",\"ItemPage\"],\"@id\":\"https:\/\/thetreecbd.com\/de\/cbd\/cbg-ol-mit-5\",\"url\":\"https:\/\/thetreecbd.com\/de\/cbd\/cbg-ol-mit-5\",\"name\":\"CBG-\u00d6l mit 5\u202f% | The Tree CBD\",\"isPartOf\":{\"@id\":\"https:\/\/thetreecbd.com\/de#website\"},\"primaryImageOfPage\":{\"@id\":\"https:\/\/thetreecbd.com\/de\/cbd\/cbg-ol-mit-5#primaryimage\"},\"image\":{\"@id\":\"https:\/\/thetreecbd.com\/de\/cbd\/cbg-ol-mit-5#primaryimage\"},\"thumbnailUrl\":\"https:\/\/thetreecbd.com\/wp-content\/uploads\/2023\/02\/aceite-cbg-5.png\",\"datePublished\":\"2022-11-02T11:01:23+00:00\",\"description\":\"Entdecke das CBG-\u00d6l mit 5\u202f%. Aus \u00f6kologischem Anbau, frei von Pestiziden und sch\u00e4dlichen Chemikalien. Probiere Cannabigerol mit weniger als 0,20\u202f% THC.\",\"breadcrumb\":{\"@id\":\"https:\/\/thetreecbd.com\/de\/cbd\/cbg-ol-mit-5#breadcrumb\"},\"inLanguage\":\"de\",\"potentialAction\":[{\"@type\":\"ReadAction\",\"target\":[\"https:\/\/thetreecbd.com\/de\/cbd\/cbg-ol-mit-5\"]}]},{\"@type\":\"ImageObject\",\"inLanguage\":\"de\",\"@id\":\"https:\/\/thetreecbd.com\/de\/cbd\/cbg-ol-mit-5#primaryimage\",\"url\":\"https:\/\/thetreecbd.com\/wp-content\/uploads\/2023\/02\/aceite-cbg-5.png\",\"contentUrl\":\"https:\/\/thetreecbd.com\/wp-content\/uploads\/2023\/02\/aceite-cbg-5.png\",\"width\":600,\"height\":720},{\"@type\":\"BreadcrumbList\",\"@id\":\"https:\/\/thetreecbd.com\/de\/cbd\/cbg-ol-mit-5#breadcrumb\",\"itemListElement\":[{\"@type\":\"ListItem\",\"position\":1,\"name\":\"The Tree\",\"item\":\"https:\/\/thetreecbd.com\/de\"},{\"@type\":\"ListItem\",\"position\":2,\"name\":\"CBD\",\"item\":\"https:\/\/thetreecbd.com\/es\/cbd\"},{\"@type\":\"ListItem\",\"position\":3,\"name\":\"CBD-\u00d6l\",\"item\":\"https:\/\/thetreecbd.com\/de\/cbd-ol\"},{\"@type\":\"ListItem\",\"position\":4,\"name\":\"CBG-\u00d6l mit 5\u202f%\"}]},{\"@type\":\"WebSite\",\"@id\":\"https:\/\/thetreecbd.com\/de#website\",\"url\":\"https:\/\/thetreecbd.com\/de\",\"name\":\"The Tree CBD\",\"description\":\"Comprar CBD en Espa\u00f1a Online\",\"publisher\":{\"@id\":\"https:\/\/thetreecbd.com\/de#organization\"},\"potentialAction\":[{\"@type\":\"SearchAction\",\"target\":{\"@type\":\"EntryPoint\",\"urlTemplate\":\"https:\/\/thetreecbd.com\/de?s={search_term_string}\"},\"query-input\":{\"@type\":\"PropertyValueSpecification\",\"valueRequired\":true,\"valueName\":\"search_term_string\"}}],\"inLanguage\":\"de\"},{\"@type\":\"Organization\",\"@id\":\"https:\/\/thetreecbd.com\/de#organization\",\"name\":\"The Tree CBD\",\"url\":\"https:\/\/thetreecbd.com\/de\",\"logo\":{\"@type\":\"ImageObject\",\"inLanguage\":\"de\",\"@id\":\"https:\/\/thetreecbd.com\/de#\/schema\/logo\/image\/\",\"url\":\"https:\/\/thetreecbd.com\/wp-content\/uploads\/2022\/04\/logo-thetree.png\",\"contentUrl\":\"https:\/\/thetreecbd.com\/wp-content\/uploads\/2022\/04\/logo-thetree.png\",\"width\":172,\"height\":55,\"caption\":\"The Tree CBD\"},\"image\":{\"@id\":\"https:\/\/thetreecbd.com\/de#\/schema\/logo\/image\/\"},\"sameAs\":[\"https:\/\/www.facebook.com\/thetreeCBD\/\",\"https:\/\/x.com\/TheTreeCBD_EU\",\"https:\/\/www.instagram.com\/thetree.cbd\/\",\"https:\/\/es.trustpilot.com\/review\/thetreecbd.com\"]}]}<\/script>\n<!-- \/ Yoast SEO plugin. -->","yoast_head_json":{"title":"CBG-\u00d6l mit 5\u202f% | The Tree CBD","description":"Entdecke das CBG-\u00d6l mit 5\u202f%. Aus \u00f6kologischem Anbau, frei von Pestiziden und sch\u00e4dlichen Chemikalien. Probiere Cannabigerol mit weniger als 0,20\u202f% THC.","robots":{"index":"index","follow":"follow","max-snippet":"max-snippet:-1","max-image-preview":"max-image-preview:large","max-video-preview":"max-video-preview:-1"},"canonical":"https:\/\/thetreecbd.com\/de\/cbd\/cbg-ol-mit-5","og_locale":"de_DE","og_type":"article","og_title":"CBG-\u00d6l mit 5\u202f% | The Tree CBD","og_description":"Entdecke das CBG-\u00d6l mit 5\u202f%. Aus \u00f6kologischem Anbau, frei von Pestiziden und sch\u00e4dlichen Chemikalien. Probiere Cannabigerol mit weniger als 0,20\u202f% THC.","og_url":"https:\/\/thetreecbd.com\/de\/cbd\/cbg-ol-mit-5","og_site_name":"The Tree CBD","article_publisher":"https:\/\/www.facebook.com\/thetreeCBD\/","og_image":[{"width":600,"height":720,"url":"https:\/\/thetreecbd.com\/wp-content\/uploads\/2023\/02\/aceite-cbg-5.png","type":"image\/png"}],"twitter_card":"summary_large_image","twitter_site":"@TheTreeCBD_EU","twitter_misc":{"Gesch\u00e4tzte Lesezeit":"3\u00a0Minuten"},"schema":{"@context":"https:\/\/schema.org","@graph":[{"@type":["WebPage","ItemPage"],"@id":"https:\/\/thetreecbd.com\/de\/cbd\/cbg-ol-mit-5","url":"https:\/\/thetreecbd.com\/de\/cbd\/cbg-ol-mit-5","name":"CBG-\u00d6l mit 5\u202f% | The Tree CBD","isPartOf":{"@id":"https:\/\/thetreecbd.com\/de#website"},"primaryImageOfPage":{"@id":"https:\/\/thetreecbd.com\/de\/cbd\/cbg-ol-mit-5#primaryimage"},"image":{"@id":"https:\/\/thetreecbd.com\/de\/cbd\/cbg-ol-mit-5#primaryimage"},"thumbnailUrl":"https:\/\/thetreecbd.com\/wp-content\/uploads\/2023\/02\/aceite-cbg-5.png","datePublished":"2022-11-02T11:01:23+00:00","description":"Entdecke das CBG-\u00d6l mit 5\u202f%. Aus \u00f6kologischem Anbau, frei von Pestiziden und sch\u00e4dlichen Chemikalien. Probiere Cannabigerol mit weniger als 0,20\u202f% THC.","breadcrumb":{"@id":"https:\/\/thetreecbd.com\/de\/cbd\/cbg-ol-mit-5#breadcrumb"},"inLanguage":"de","potentialAction":[{"@type":"ReadAction","target":["https:\/\/thetreecbd.com\/de\/cbd\/cbg-ol-mit-5"]}]},{"@type":"ImageObject","inLanguage":"de","@id":"https:\/\/thetreecbd.com\/de\/cbd\/cbg-ol-mit-5#primaryimage","url":"https:\/\/thetreecbd.com\/wp-content\/uploads\/2023\/02\/aceite-cbg-5.png","contentUrl":"https:\/\/thetreecbd.com\/wp-content\/uploads\/2023\/02\/aceite-cbg-5.png","width":600,"height":720},{"@type":"BreadcrumbList","@id":"https:\/\/thetreecbd.com\/de\/cbd\/cbg-ol-mit-5#breadcrumb","itemListElement":[{"@type":"ListItem","position":1,"name":"The Tree","item":"https:\/\/thetreecbd.com\/de"},{"@type":"ListItem","position":2,"name":"CBD","item":"https:\/\/thetreecbd.com\/es\/cbd"},{"@type":"ListItem","position":3,"name":"CBD-\u00d6l","item":"https:\/\/thetreecbd.com\/de\/cbd-ol"},{"@type":"ListItem","position":4,"name":"CBG-\u00d6l mit 5\u202f%"}]},{"@type":"WebSite","@id":"https:\/\/thetreecbd.com\/de#website","url":"https:\/\/thetreecbd.com\/de","name":"The Tree CBD","description":"Comprar CBD en Espa\u00f1a Online","publisher":{"@id":"https:\/\/thetreecbd.com\/de#organization"},"potentialAction":[{"@type":"SearchAction","target":{"@type":"EntryPoint","urlTemplate":"https:\/\/thetreecbd.com\/de?s={search_term_string}"},"query-input":{"@type":"PropertyValueSpecification","valueRequired":true,"valueName":"search_term_string"}}],"inLanguage":"de"},{"@type":"Organization","@id":"https:\/\/thetreecbd.com\/de#organization","name":"The Tree CBD","url":"https:\/\/thetreecbd.com\/de","logo":{"@type":"ImageObject","inLanguage":"de","@id":"https:\/\/thetreecbd.com\/de#\/schema\/logo\/image\/","url":"https:\/\/thetreecbd.com\/wp-content\/uploads\/2022\/04\/logo-thetree.png","contentUrl":"https:\/\/thetreecbd.com\/wp-content\/uploads\/2022\/04\/logo-thetree.png","width":172,"height":55,"caption":"The Tree CBD"},"image":{"@id":"https:\/\/thetreecbd.com\/de#\/schema\/logo\/image\/"},"sameAs":["https:\/\/www.facebook.com\/thetreeCBD\/","https:\/\/x.com\/TheTreeCBD_EU","https:\/\/www.instagram.com\/thetree.cbd\/","https:\/\/es.trustpilot.com\/review\/thetreecbd.com"]}]}},"_links":{"self":[{"href":"https:\/\/thetreecbd.com\/de\/wp-json\/wp\/v2\/product\/166134","targetHints":{"allow":["GET"]}}],"collection":[{"href":"https:\/\/thetreecbd.com\/de\/wp-json\/wp\/v2\/product"}],"about":[{"href":"https:\/\/thetreecbd.com\/de\/wp-json\/wp\/v2\/types\/product"}],"version-history":[{"count":0,"href":"https:\/\/thetreecbd.com\/de\/wp-json\/wp\/v2\/product\/166134\/revisions"}],"wp:featuredmedia":[{"embeddable":true,"href":"https:\/\/thetreecbd.com\/de\/wp-json\/wp\/v2\/media\/166135"}],"wp:attachment":[{"href":"https:\/\/thetreecbd.com\/de\/wp-json\/wp\/v2\/media?parent=166134"}],"wp:term":[{"taxonomy":"product_brand","embeddable":true,"href":"https:\/\/thetreecbd.com\/de\/wp-json\/wp\/v2\/product_brand?post=166134"}],"curies":[{"name":"wp","href":"https:\/\/api.w.org\/{rel}","templated":true}]}}