{"id":166229,"date":"2022-11-02T17:33:03","date_gmt":"2022-11-02T16:33:03","guid":{"rendered":"https:\/\/thetreecbd.com\/cbd\/cbg-ol-mit-10"},"modified":"2022-11-02T17:33:03","modified_gmt":"2022-11-02T16:33:03","slug":"cbg-ol-mit-10","status":"publish","type":"product","link":"https:\/\/thetreecbd.com\/de\/cbd\/cbg-ol-mit-10","title":{"rendered":"CBG-\u00d6l mit 10\u202f%"},"content":{"rendered":"<p data-start=\"101\" data-end=\"841\"><strong data-start=\"101\" data-end=\"117\">Was ist CBG?<\/strong><br data-start=\"117\" data-end=\"120\" \/>Cannabigerol oder CBG ist eine nicht-psychoaktive Verbindung, die zur gleichen Gruppe von Cannabinoiden wie Cannabidiol (CBD) geh\u00f6rt und entz\u00fcndungshemmende, regenerierende, antitumorale und antimikrobielle Eigenschaften besitzt, unter anderem.<br data-start=\"364\" data-end=\"367\" \/>Laut einer Studie aus dem Jahr 2018 hilft CBG, den kognitiven und geistigen Abbau zu verlangsamen. Im Jahr 2020 erschien eine weitere Studie, die zeigt, dass CBG die Regeneration des Gewebes im Dickdarm beschleunigt und Entz\u00fcndungen reduziert. CBG kann helfen, Stimmungsschwankungen, Schlafst\u00f6rungen und Knochenregeneration zu behandeln, wirkt als nat\u00fcrliches Schmerzmittel und hilft dank seiner antibakteriellen Eigenschaften, Hautreizungen bei Hauterkrankungen zu lindern.<\/p>\n<p data-start=\"843\" data-end=\"1274\"><strong data-start=\"843\" data-end=\"879\">CBG + CBD f\u00fcr ein \u00d6l f\u00fcr den Tag<\/strong><br data-start=\"879\" data-end=\"882\" \/>W\u00e4hrend CBD ein sehr vielseitiges Cannabinoid ist, kann CBG gezielter eine Linderung hervorrufen. Ein reines CBD-\u00d6l hingegen kann eher eine entspannende Wirkung oder eine Stimmungsverbesserung hervorrufen. Dieses CBG-\u00d6l ist ideal f\u00fcr den t\u00e4glichen Gebrauch geeignet, da es helfen kann, die Konzentration zu verbessern und Schmerzen zu lindern, ohne dabei eine einschl\u00e4fernde Wirkung zu haben.<\/p>\n<p data-start=\"1276\" data-end=\"1862\">Bei <strong data-start=\"1280\" data-end=\"1292\">The Tree<\/strong> verwenden wir als Rohstoff ausschlie\u00dflich den besten in Europa biologisch angebauten Hanf, frei von Pestiziden, sch\u00e4dlichen Chemikalien und anderen Verunreinigungen. Wir folgen den strengsten Qualit\u00e4tskontrollen und setzen ausschlie\u00dflich auf 100\u202f% pflanzliche Inhaltsstoffe. Unsere CBG-Produkte enthalten nur wertvolle Verbindungen. Wir garantieren die Qualit\u00e4t unseres Produkts durch sichere und verantwortungsbewusste Verfahren \u2013 vom Samen bis zur Flasche \u2013 dank fortschrittlicher CO\u2082-Extraktion, sorgf\u00e4ltiger Reinigung und unabh\u00e4ngiger Tests jeder einzelnen Flasche.<\/p>\n<p data-start=\"1864\" data-end=\"2140\">Das <strong data-start=\"1868\" data-end=\"1903\">10\u202f% CBG-\u00d6l mit vollem Spektrum<\/strong> bewahrt alle Bestandteile der Pflanze und weist eine etwas dichtere und tr\u00fcbere Farbe auf als andere \u00d6le. Dieses CBG-\u00d6l mit vollem Spektrum enth\u00e4lt das nat\u00fcrliche THC der Pflanze, jedoch immer unter dem gesetzlichen Grenzwert von 0,2\u202f%.<\/p>\n<p data-start=\"2142\" data-end=\"2372\"><strong data-start=\"2142\" data-end=\"2162\">CBG-\u00d6le mit 10\u202f%<\/strong> enthalten zus\u00e4tzlich 10\u202f% CBD des Gesamtprodukts. Diese CBG-Konzentration ist am h\u00e4ufigsten bei Personen, die bereits Erfahrung mit diesem Cannabinoid haben, da sie eine mittlere Intensit\u00e4t der Wirkung bietet.<\/p>\n<p data-start=\"2379\" data-end=\"2427\"><strong data-start=\"2379\" data-end=\"2412\">Eigenschaften von CBG-\u00d6l 10\u202f%<\/strong><\/p>\n<ul>\n<li data-start=\"2379\" data-end=\"2427\">Hanfsamen\u00f6l.<\/li>\n<li data-start=\"2429\" data-end=\"2469\">10\u202f% CBG pro Tropfen (5\u202fmg pro Tropfen).<\/li>\n<li data-start=\"2471\" data-end=\"2495\">Dosierflasche mit 10\u202fml.<\/li>\n<li data-start=\"2497\" data-end=\"2565\">Biologischer Anbau, frei von Pestiziden und sch\u00e4dlichen Chemikalien.<\/li>\n<li data-start=\"2567\" data-end=\"2597\">Enth\u00e4lt weniger als 0,2\u202f% THC.<\/li>\n<li data-start=\"2599\" data-end=\"2625\">Zur \u00e4u\u00dferlichen Anwendung.<\/li>\n<\/ul>\n<p data-start=\"2632\" data-end=\"2684\"><strong data-start=\"2632\" data-end=\"2649\">Inhaltsstoffe<\/strong><br data-start=\"2649\" data-end=\"2652\" \/>Hanfsamen\u00f6l und CO\u2082-Hanfextrakt.<\/p>\n<p data-start=\"2691\" data-end=\"2915\"><strong data-start=\"2691\" data-end=\"2704\">CBD-Aroma<\/strong><br data-start=\"2704\" data-end=\"2707\" \/>Terpene sind in den meisten \u00e4therischen \u00d6len von Pflanzen, Blumen und Fr\u00fcchten enthalten. Sie sind verantwortlich f\u00fcr Geruch und Geschmack. In Cannabis finden wir ein breites Terpenprofil. <strong data-start=\"2896\" data-end=\"2915\">Neutraler Duft.<\/strong><\/p>\n<p data-start=\"2922\" data-end=\"3079\"><strong data-start=\"2922\" data-end=\"2936\">Verpackung<\/strong><br data-start=\"2936\" data-end=\"2939\" \/>Das <strong data-start=\"2943\" data-end=\"2971\">10\u202f% CBG-\u00d6l von The Tree<\/strong> wird in einer speziell entworfenen Schachtel geliefert, die den Flascheninhalt vor Licht und W\u00e4rme sch\u00fctzt.<\/p>\n<p data-start=\"3086\" data-end=\"3191\"><strong data-start=\"3086\" data-end=\"3096\">Format<\/strong><br data-start=\"3096\" data-end=\"3099\" \/>Das <strong data-start=\"3103\" data-end=\"3131\">10\u202f% CBG-\u00d6l von The Tree<\/strong> wird in einer 10ml-Glasflasche mit Dosieraufsatz geliefert.<\/p>\n<p data-start=\"3198\" data-end=\"3438\"><strong data-start=\"3198\" data-end=\"3210\">Lagerung<\/strong><br data-start=\"3210\" data-end=\"3213\" \/>Idealerweise sollte das <strong data-start=\"3237\" data-end=\"3265\">10\u202f% CBG-\u00d6l von The Tree<\/strong> an einem k\u00fchlen, trockenen Ort gelagert werden, fern von Licht und starken Ger\u00fcchen, um jegliche Kontamination zu vermeiden. Direkte Sonneneinstrahlung und Hitze vermeiden.<\/p>\n<p data-start=\"3440\" data-end=\"3513\"><strong data-start=\"3440\" data-end=\"3452\">Hinweis:<\/strong> Die Haltbarkeit betr\u00e4gt zwei Jahre bei sachgem\u00e4\u00dfer Lagerung.<\/p>\n<p data-start=\"3520\" data-end=\"3737\"><strong data-start=\"3520\" data-end=\"3548\">F\u00fcr wen ist es geeignet?<\/strong><br data-start=\"3548\" data-end=\"3551\" \/>Das <strong data-start=\"3555\" data-end=\"3570\">10\u202f% CBG-\u00d6l<\/strong> kann von allen Personen \u00fcber 18 Jahren verwendet werden, mit einigen Ausnahmen. Sein einzigartiges Aroma macht selbst Skeptiker neugierig auf diese neue Welt des CBD.<\/p>\n<p data-start=\"3744\" data-end=\"3908\"><strong data-start=\"3744\" data-end=\"3772\">Sicherheitsinformationen<\/strong><br data-start=\"3772\" data-end=\"3775\" \/>Dieses \u00d6l sollte nicht w\u00e4hrend der Schwangerschaft oder Stillzeit verwendet werden. Au\u00dferhalb der Reichweite von Kindern aufbewahren.<\/p>\n<p data-start=\"3910\" data-end=\"4024\">Das \u00d6l kann eine geringe Menge THC enthalten. Selbstverst\u00e4ndlich liegt diese unter dem EU-Grenzwert von 0,2\u202f% THC.<\/p>\n<p data-start=\"4026\" data-end=\"4218\">Diese Informationen ersetzen nicht die medizinische Beratung durch \u00c4rzt:innen oder Apotheker:innen. Unsere Texte sind nicht zur eigenst\u00e4ndigen Diagnose oder Behandlung von Krankheiten gedacht.<\/p>\n<p data-start=\"4220\" data-end=\"4295\"><strong data-start=\"4220\" data-end=\"4295\">Das 10\u202f% CBG-\u00d6l von The Tree ist ein Produkt zur \u00e4u\u00dferlichen Anwendung.<\/strong><\/p>\n<p data-start=\"4297\" data-end=\"4366\">Z\u00f6gern Sie nicht, uns zu kontaktieren, wenn Sie weitere Fragen haben.<\/p>\n","protected":false},"excerpt":{"rendered":"<ul>\n<li>Hanfsamen\u00f6l.<\/li>\n<li>10\u202f% CBG pro Tropfen (5\u202fmg pro Tropfen).<\/li>\n<li>Dosierflasche mit 10\u202fml.<\/li>\n<li>Biologischer Anbau, frei von Pestiziden und sch\u00e4dlichen Chemikalien.<\/li>\n<li>Enth\u00e4lt weniger als 0,2\u202f% THC.<\/li>\n<li>Zur \u00e4u\u00dferlichen Anwendung.<\/li>\n<\/ul>\n","protected":false},"featured_media":166230,"template":"","meta":{"_acf_changed":false},"product_brand":[],"class_list":{"0":"post-166229","1":"product","2":"type-product","3":"status-publish","4":"has-post-thumbnail","6":"product_cat-cbd-ol","7":"product_cat-cbd-ole-mit-10","8":"product_cat-cbg-ole","9":"product_cat-produkte-mit-10-cbd","11":"first","12":"outofstock","13":"taxable","14":"shipping-taxable","15":"purchasable","16":"product-type-simple"},"acf":[],"yoast_head":"<!-- This site is optimized with the Yoast SEO plugin v26.3 - https:\/\/yoast.com\/wordpress\/plugins\/seo\/ -->\n<title>CBG-\u00d6l mit 10\u202f% | The Tree CBD<\/title>\n<meta name=\"description\" content=\"CBG-\u00d6l mit 10\u202f% und weniger als 0,20\u202f% THC. Biologischer Anbau, frei von Pestiziden und sch\u00e4dlichen Chemikalien. Probiere das Cannabigerol von The Tree!\" \/>\n<meta name=\"robots\" content=\"index, follow, max-snippet:-1, max-image-preview:large, max-video-preview:-1\" \/>\n<link rel=\"canonical\" href=\"https:\/\/thetreecbd.com\/de\/cbd\/cbg-ol-mit-10\" \/>\n<meta property=\"og:locale\" content=\"de_DE\" \/>\n<meta property=\"og:type\" content=\"article\" \/>\n<meta property=\"og:title\" content=\"CBG-\u00d6l mit 10\u202f% | The Tree CBD\" \/>\n<meta property=\"og:description\" content=\"CBG-\u00d6l mit 10\u202f% und weniger als 0,20\u202f% THC. Biologischer Anbau, frei von Pestiziden und sch\u00e4dlichen Chemikalien. Probiere das Cannabigerol von The Tree!\" \/>\n<meta property=\"og:url\" content=\"https:\/\/thetreecbd.com\/de\/cbd\/cbg-ol-mit-10\" \/>\n<meta property=\"og:site_name\" content=\"The Tree CBD\" \/>\n<meta property=\"article:publisher\" content=\"https:\/\/www.facebook.com\/thetreeCBD\/\" \/>\n<meta property=\"og:image\" content=\"https:\/\/thetreecbd.com\/wp-content\/uploads\/2023\/02\/aceite-cbg-10.png\" \/>\n\t<meta property=\"og:image:width\" content=\"600\" \/>\n\t<meta property=\"og:image:height\" content=\"720\" \/>\n\t<meta property=\"og:image:type\" content=\"image\/png\" \/>\n<meta name=\"twitter:card\" content=\"summary_large_image\" \/>\n<meta name=\"twitter:site\" content=\"@TheTreeCBD_EU\" \/>\n<meta name=\"twitter:label1\" content=\"Gesch\u00e4tzte Lesezeit\" \/>\n\t<meta name=\"twitter:data1\" content=\"3\u00a0Minuten\" \/>\n<script type=\"application\/ld+json\" class=\"yoast-schema-graph\">{\"@context\":\"https:\/\/schema.org\",\"@graph\":[{\"@type\":[\"WebPage\",\"ItemPage\"],\"@id\":\"https:\/\/thetreecbd.com\/de\/cbd\/cbg-ol-mit-10\",\"url\":\"https:\/\/thetreecbd.com\/de\/cbd\/cbg-ol-mit-10\",\"name\":\"CBG-\u00d6l mit 10\u202f% | The Tree CBD\",\"isPartOf\":{\"@id\":\"https:\/\/thetreecbd.com\/de#website\"},\"primaryImageOfPage\":{\"@id\":\"https:\/\/thetreecbd.com\/de\/cbd\/cbg-ol-mit-10#primaryimage\"},\"image\":{\"@id\":\"https:\/\/thetreecbd.com\/de\/cbd\/cbg-ol-mit-10#primaryimage\"},\"thumbnailUrl\":\"https:\/\/thetreecbd.com\/wp-content\/uploads\/2023\/02\/aceite-cbg-10.png\",\"datePublished\":\"2022-11-02T16:33:03+00:00\",\"description\":\"CBG-\u00d6l mit 10\u202f% und weniger als 0,20\u202f% THC. Biologischer Anbau, frei von Pestiziden und sch\u00e4dlichen Chemikalien. Probiere das Cannabigerol von The Tree!\",\"breadcrumb\":{\"@id\":\"https:\/\/thetreecbd.com\/de\/cbd\/cbg-ol-mit-10#breadcrumb\"},\"inLanguage\":\"de\",\"potentialAction\":[{\"@type\":\"ReadAction\",\"target\":[\"https:\/\/thetreecbd.com\/de\/cbd\/cbg-ol-mit-10\"]}]},{\"@type\":\"ImageObject\",\"inLanguage\":\"de\",\"@id\":\"https:\/\/thetreecbd.com\/de\/cbd\/cbg-ol-mit-10#primaryimage\",\"url\":\"https:\/\/thetreecbd.com\/wp-content\/uploads\/2023\/02\/aceite-cbg-10.png\",\"contentUrl\":\"https:\/\/thetreecbd.com\/wp-content\/uploads\/2023\/02\/aceite-cbg-10.png\",\"width\":600,\"height\":720},{\"@type\":\"BreadcrumbList\",\"@id\":\"https:\/\/thetreecbd.com\/de\/cbd\/cbg-ol-mit-10#breadcrumb\",\"itemListElement\":[{\"@type\":\"ListItem\",\"position\":1,\"name\":\"The Tree\",\"item\":\"https:\/\/thetreecbd.com\/de\"},{\"@type\":\"ListItem\",\"position\":2,\"name\":\"CBD\",\"item\":\"https:\/\/thetreecbd.com\/es\/cbd\"},{\"@type\":\"ListItem\",\"position\":3,\"name\":\"CBD-\u00d6l\",\"item\":\"https:\/\/thetreecbd.com\/de\/cbd-ol\"},{\"@type\":\"ListItem\",\"position\":4,\"name\":\"CBG-\u00d6l mit 10\u202f%\"}]},{\"@type\":\"WebSite\",\"@id\":\"https:\/\/thetreecbd.com\/de#website\",\"url\":\"https:\/\/thetreecbd.com\/de\",\"name\":\"The Tree CBD\",\"description\":\"Comprar CBD en Espa\u00f1a Online\",\"publisher\":{\"@id\":\"https:\/\/thetreecbd.com\/de#organization\"},\"potentialAction\":[{\"@type\":\"SearchAction\",\"target\":{\"@type\":\"EntryPoint\",\"urlTemplate\":\"https:\/\/thetreecbd.com\/de?s={search_term_string}\"},\"query-input\":{\"@type\":\"PropertyValueSpecification\",\"valueRequired\":true,\"valueName\":\"search_term_string\"}}],\"inLanguage\":\"de\"},{\"@type\":\"Organization\",\"@id\":\"https:\/\/thetreecbd.com\/de#organization\",\"name\":\"The Tree CBD\",\"url\":\"https:\/\/thetreecbd.com\/de\",\"logo\":{\"@type\":\"ImageObject\",\"inLanguage\":\"de\",\"@id\":\"https:\/\/thetreecbd.com\/de#\/schema\/logo\/image\/\",\"url\":\"https:\/\/thetreecbd.com\/wp-content\/uploads\/2022\/04\/logo-thetree.png\",\"contentUrl\":\"https:\/\/thetreecbd.com\/wp-content\/uploads\/2022\/04\/logo-thetree.png\",\"width\":172,\"height\":55,\"caption\":\"The Tree CBD\"},\"image\":{\"@id\":\"https:\/\/thetreecbd.com\/de#\/schema\/logo\/image\/\"},\"sameAs\":[\"https:\/\/www.facebook.com\/thetreeCBD\/\",\"https:\/\/x.com\/TheTreeCBD_EU\",\"https:\/\/www.instagram.com\/thetree.cbd\/\",\"https:\/\/es.trustpilot.com\/review\/thetreecbd.com\"]}]}<\/script>\n<!-- \/ Yoast SEO plugin. -->","yoast_head_json":{"title":"CBG-\u00d6l mit 10\u202f% | The Tree CBD","description":"CBG-\u00d6l mit 10\u202f% und weniger als 0,20\u202f% THC. Biologischer Anbau, frei von Pestiziden und sch\u00e4dlichen Chemikalien. Probiere das Cannabigerol von The Tree!","robots":{"index":"index","follow":"follow","max-snippet":"max-snippet:-1","max-image-preview":"max-image-preview:large","max-video-preview":"max-video-preview:-1"},"canonical":"https:\/\/thetreecbd.com\/de\/cbd\/cbg-ol-mit-10","og_locale":"de_DE","og_type":"article","og_title":"CBG-\u00d6l mit 10\u202f% | The Tree CBD","og_description":"CBG-\u00d6l mit 10\u202f% und weniger als 0,20\u202f% THC. Biologischer Anbau, frei von Pestiziden und sch\u00e4dlichen Chemikalien. Probiere das Cannabigerol von The Tree!","og_url":"https:\/\/thetreecbd.com\/de\/cbd\/cbg-ol-mit-10","og_site_name":"The Tree CBD","article_publisher":"https:\/\/www.facebook.com\/thetreeCBD\/","og_image":[{"width":600,"height":720,"url":"https:\/\/thetreecbd.com\/wp-content\/uploads\/2023\/02\/aceite-cbg-10.png","type":"image\/png"}],"twitter_card":"summary_large_image","twitter_site":"@TheTreeCBD_EU","twitter_misc":{"Gesch\u00e4tzte Lesezeit":"3\u00a0Minuten"},"schema":{"@context":"https:\/\/schema.org","@graph":[{"@type":["WebPage","ItemPage"],"@id":"https:\/\/thetreecbd.com\/de\/cbd\/cbg-ol-mit-10","url":"https:\/\/thetreecbd.com\/de\/cbd\/cbg-ol-mit-10","name":"CBG-\u00d6l mit 10\u202f% | The Tree CBD","isPartOf":{"@id":"https:\/\/thetreecbd.com\/de#website"},"primaryImageOfPage":{"@id":"https:\/\/thetreecbd.com\/de\/cbd\/cbg-ol-mit-10#primaryimage"},"image":{"@id":"https:\/\/thetreecbd.com\/de\/cbd\/cbg-ol-mit-10#primaryimage"},"thumbnailUrl":"https:\/\/thetreecbd.com\/wp-content\/uploads\/2023\/02\/aceite-cbg-10.png","datePublished":"2022-11-02T16:33:03+00:00","description":"CBG-\u00d6l mit 10\u202f% und weniger als 0,20\u202f% THC. Biologischer Anbau, frei von Pestiziden und sch\u00e4dlichen Chemikalien. Probiere das Cannabigerol von The Tree!","breadcrumb":{"@id":"https:\/\/thetreecbd.com\/de\/cbd\/cbg-ol-mit-10#breadcrumb"},"inLanguage":"de","potentialAction":[{"@type":"ReadAction","target":["https:\/\/thetreecbd.com\/de\/cbd\/cbg-ol-mit-10"]}]},{"@type":"ImageObject","inLanguage":"de","@id":"https:\/\/thetreecbd.com\/de\/cbd\/cbg-ol-mit-10#primaryimage","url":"https:\/\/thetreecbd.com\/wp-content\/uploads\/2023\/02\/aceite-cbg-10.png","contentUrl":"https:\/\/thetreecbd.com\/wp-content\/uploads\/2023\/02\/aceite-cbg-10.png","width":600,"height":720},{"@type":"BreadcrumbList","@id":"https:\/\/thetreecbd.com\/de\/cbd\/cbg-ol-mit-10#breadcrumb","itemListElement":[{"@type":"ListItem","position":1,"name":"The Tree","item":"https:\/\/thetreecbd.com\/de"},{"@type":"ListItem","position":2,"name":"CBD","item":"https:\/\/thetreecbd.com\/es\/cbd"},{"@type":"ListItem","position":3,"name":"CBD-\u00d6l","item":"https:\/\/thetreecbd.com\/de\/cbd-ol"},{"@type":"ListItem","position":4,"name":"CBG-\u00d6l mit 10\u202f%"}]},{"@type":"WebSite","@id":"https:\/\/thetreecbd.com\/de#website","url":"https:\/\/thetreecbd.com\/de","name":"The Tree CBD","description":"Comprar CBD en Espa\u00f1a Online","publisher":{"@id":"https:\/\/thetreecbd.com\/de#organization"},"potentialAction":[{"@type":"SearchAction","target":{"@type":"EntryPoint","urlTemplate":"https:\/\/thetreecbd.com\/de?s={search_term_string}"},"query-input":{"@type":"PropertyValueSpecification","valueRequired":true,"valueName":"search_term_string"}}],"inLanguage":"de"},{"@type":"Organization","@id":"https:\/\/thetreecbd.com\/de#organization","name":"The Tree CBD","url":"https:\/\/thetreecbd.com\/de","logo":{"@type":"ImageObject","inLanguage":"de","@id":"https:\/\/thetreecbd.com\/de#\/schema\/logo\/image\/","url":"https:\/\/thetreecbd.com\/wp-content\/uploads\/2022\/04\/logo-thetree.png","contentUrl":"https:\/\/thetreecbd.com\/wp-content\/uploads\/2022\/04\/logo-thetree.png","width":172,"height":55,"caption":"The Tree CBD"},"image":{"@id":"https:\/\/thetreecbd.com\/de#\/schema\/logo\/image\/"},"sameAs":["https:\/\/www.facebook.com\/thetreeCBD\/","https:\/\/x.com\/TheTreeCBD_EU","https:\/\/www.instagram.com\/thetree.cbd\/","https:\/\/es.trustpilot.com\/review\/thetreecbd.com"]}]}},"_links":{"self":[{"href":"https:\/\/thetreecbd.com\/de\/wp-json\/wp\/v2\/product\/166229","targetHints":{"allow":["GET"]}}],"collection":[{"href":"https:\/\/thetreecbd.com\/de\/wp-json\/wp\/v2\/product"}],"about":[{"href":"https:\/\/thetreecbd.com\/de\/wp-json\/wp\/v2\/types\/product"}],"version-history":[{"count":0,"href":"https:\/\/thetreecbd.com\/de\/wp-json\/wp\/v2\/product\/166229\/revisions"}],"wp:featuredmedia":[{"embeddable":true,"href":"https:\/\/thetreecbd.com\/de\/wp-json\/wp\/v2\/media\/166230"}],"wp:attachment":[{"href":"https:\/\/thetreecbd.com\/de\/wp-json\/wp\/v2\/media?parent=166229"}],"wp:term":[{"taxonomy":"product_brand","embeddable":true,"href":"https:\/\/thetreecbd.com\/de\/wp-json\/wp\/v2\/product_brand?post=166229"}],"curies":[{"name":"wp","href":"https:\/\/api.w.org\/{rel}","templated":true}]}}