{"id":166233,"date":"2022-11-02T17:53:22","date_gmt":"2022-11-02T16:53:22","guid":{"rendered":"https:\/\/thetreecbd.com\/cbd\/cbg-ol-mit-20"},"modified":"2025-07-14T15:50:47","modified_gmt":"2025-07-14T13:50:47","slug":"cbg-ol-mit-20","status":"publish","type":"product","link":"https:\/\/thetreecbd.com\/de\/cbd\/cbg-ol-mit-20","title":{"rendered":"CBG-\u00d6l mit 20\u202f%"},"content":{"rendered":"<p data-start=\"125\" data-end=\"920\"><strong data-start=\"125\" data-end=\"237\">CBG-\u00d6l oder Cannabigerol ist eine nicht-psychoaktive Verbindung, die dem Cannabidiol (CBD) sehr \u00e4hnlich ist.<\/strong><br data-start=\"237\" data-end=\"240\" \/>CBG besitzt zahlreiche Eigenschaften wie entz\u00fcndungshemmende, regenerierende, antitumorale und antimikrobielle Wirkungen.<br data-start=\"361\" data-end=\"364\" \/>CBG hat laut einer Studie aus dem Jahr 2018 Eigenschaften, die helfen, den kognitiven und geistigen Abbau zu verlangsamen. Weitere Studien aus dem Jahr 2020 zeigen, dass CBG die Regeneration des Gewebes im Dickdarm beschleunigt und Entz\u00fcndungen reduziert. CBG kann helfen, Stimmungsschwankungen, Schlafst\u00f6rungen und Knochenerholung zu behandeln, Hautreizungen bei Hauterkrankungen zu lindern (dank seiner antibakteriellen Eigenschaften) und dient als nat\u00fcrliches Schmerzmittel \u2013 unter anderem.<br data-start=\"857\" data-end=\"860\" \/><strong data-start=\"860\" data-end=\"920\">CBD und CBG geh\u00f6ren zur selben Gruppe von Cannabinoiden.<\/strong><\/p>\n<p data-start=\"927\" data-end=\"1338\"><strong data-start=\"927\" data-end=\"963\">CBG + CBD f\u00fcr ein \u00d6l f\u00fcr den Tag<\/strong><br data-start=\"963\" data-end=\"966\" \/>Jeder Cannabinoid ist unterschiedlich und hat jeweils spezifische Eigenschaften.<br data-start=\"1046\" data-end=\"1049\" \/>CBD ist ein sehr vielseitiges Cannabinoid, das in vielen Bereichen unterst\u00fctzen kann \u2013 etwa bei Hautproblemen, allgemeinem Wohlbefinden, Konzentration, Schlaf, Stimmung oder Linderung.<br data-start=\"1233\" data-end=\"1236\" \/>CBG hingegen besitzt spezifischere Eigenschaften, die vor allem bei Schmerzlinderung hilfreich sind.<\/p>\n<p data-start=\"1340\" data-end=\"1608\">Die Kombination aus CBD und CBG ergibt ein optimales \u00d6l f\u00fcr den t\u00e4glichen Gebrauch. Es kann bei Schmerzen, Konzentrationsproblemen und Stimmungsschwankungen unterst\u00fctzen, ohne dabei so entspannend zu wirken wie reines CBD oder in Kombination mit anderen Cannabinoiden.<\/p>\n<p data-start=\"1615\" data-end=\"2195\"><strong data-start=\"1615\" data-end=\"1684\">Bei The Tree legen wir h\u00f6chsten Wert auf Reinheit und Sicherheit.<\/strong><br data-start=\"1684\" data-end=\"1687\" \/>Deshalb verwenden wir als Rohstoff ausschlie\u00dflich den besten in Europa biologisch angebauten Hanf \u2013 frei von Pestiziden, sch\u00e4dlichen Chemikalien und anderen Verunreinigungen.<br data-start=\"1861\" data-end=\"1864\" \/>Wir folgen den strengsten Qualit\u00e4tsstandards und verwenden 100\u202f% pflanzliche Inhaltsstoffe. Unsere Verfahren \u2013 von der Saat bis zur Flasche \u2013 sind sicher und verantwortungsvoll, mit CO\u2082-Extraktion und aufwendiger Reinigung. Jede Flasche wird zudem unabh\u00e4ngig gepr\u00fcft.<br data-start=\"2131\" data-end=\"2134\" \/><strong data-start=\"2134\" data-end=\"2195\">Unsere CBG-Produkte enthalten nur wertvolle Bestandteile.<\/strong><\/p>\n<p data-start=\"2202\" data-end=\"2551\"><strong data-start=\"2202\" data-end=\"2388\">Unser 20\u202f% CBG-\u00d6l mit vollem Spektrum ist ein neuroprotektives Pr\u00e4parat, das alle Bestandteile der Pflanze bewahrt und im Vergleich zu anderen \u00d6len eine etwas tr\u00fcbere Farbe aufweist.<\/strong><br data-start=\"2388\" data-end=\"2391\" \/>W\u00e4hrend Breitband\u00f6le kein THC enthalten, bewahrt das CBG-Vollspektrum\u00f6l die nat\u00fcrlichen Spuren von THC \u2013 selbstverst\u00e4ndlich stets unter dem Grenzwert von 0,2\u202f%.<\/p>\n<p data-start=\"2553\" data-end=\"2747\"><strong data-start=\"2553\" data-end=\"2614\">CBG-\u00d6le mit einer Konzentration von 20\u202f% sind hochwirksam<\/strong>, da der Anteil an CBG sehr hoch ist.<br data-start=\"2651\" data-end=\"2654\" \/>Sie sind ideal f\u00fcr erfahrene Anwender:innen oder Personen, die eine intensive Wirkung suchen.<\/p>\n<p data-start=\"2754\" data-end=\"3030\"><strong data-start=\"2754\" data-end=\"2787\">Eigenschaften von CBG-\u00d6l 20\u202f%<\/strong><br data-start=\"2787\" data-end=\"2790\" \/><strong data-start=\"2790\" data-end=\"2806\">Hanfsamen\u00f6l.<\/strong><br data-start=\"2806\" data-end=\"2809\" \/><strong data-start=\"2809\" data-end=\"2854\">20\u202f% CBG pro Tropfen (10\u202fmg pro Tropfen).<\/strong><br data-start=\"2854\" data-end=\"2857\" \/><strong data-start=\"2857\" data-end=\"2885\">Dosierflasche mit 10\u202fml.<\/strong><br data-start=\"2885\" data-end=\"2888\" \/><strong data-start=\"2888\" data-end=\"2960\">Biologischer Anbau, frei von Pestiziden und sch\u00e4dlichen Chemikalien.<\/strong><br data-start=\"2960\" data-end=\"2963\" \/><strong data-start=\"2963\" data-end=\"2997\">Enth\u00e4lt weniger als 0,2\u202f% THC.<\/strong><br data-start=\"2997\" data-end=\"3000\" \/><strong data-start=\"3000\" data-end=\"3030\">Zur \u00e4u\u00dferlichen Anwendung.<\/strong><\/p>\n<p data-start=\"3037\" data-end=\"3089\"><strong data-start=\"3037\" data-end=\"3054\">Inhaltsstoffe<\/strong><br data-start=\"3054\" data-end=\"3057\" \/>Hanfsamen\u00f6l und CO\u2082-Hanfextrakt.<\/p>\n<p data-start=\"3096\" data-end=\"3323\"><strong data-start=\"3096\" data-end=\"3109\">CBD-Aroma<\/strong><br data-start=\"3109\" data-end=\"3112\" \/>Terpene sind in den meisten \u00e4therischen \u00d6len von Pflanzen, Blumen und Fr\u00fcchten enthalten und f\u00fcr deren Geruch und Geschmack verantwortlich.<br data-start=\"3251\" data-end=\"3254\" \/>Auch Cannabis weist ein breites Terpenprofil auf. <strong data-start=\"3304\" data-end=\"3323\">Neutraler Duft.<\/strong><\/p>\n<hr data-start=\"3325\" data-end=\"3328\" \/>\n<p data-start=\"3330\" data-end=\"3487\"><strong data-start=\"3330\" data-end=\"3344\">Verpackung<\/strong><br data-start=\"3344\" data-end=\"3347\" \/>Das <strong data-start=\"3351\" data-end=\"3379\">CBG 20\u202f%-\u00d6l von The Tree<\/strong> wird in einer speziell gestalteten Schachtel geliefert, die den Flascheninhalt vor Licht und W\u00e4rme sch\u00fctzt.<\/p>\n<p data-start=\"3494\" data-end=\"3600\"><strong data-start=\"3494\" data-end=\"3504\">Format<\/strong><br data-start=\"3504\" data-end=\"3507\" \/>Das <strong data-start=\"3511\" data-end=\"3539\">CBG 20\u202f%-\u00d6l von The Tree<\/strong> wird in einer 10\u202fml-Glasflasche mit Dosieraufsatz geliefert.<\/p>\n<p data-start=\"3607\" data-end=\"3855\"><strong data-start=\"3607\" data-end=\"3619\">Lagerung<\/strong><br data-start=\"3619\" data-end=\"3622\" \/>Idealerweise sollte das <strong data-start=\"3646\" data-end=\"3674\">CBG 20\u202f%-\u00d6l von The Tree<\/strong> an einem k\u00fchlen, trockenen Ort aufbewahrt werden \u2013 gesch\u00fctzt vor Licht und starken Ger\u00fcchen, um jegliche Kontamination zu vermeiden. Direkte Sonneneinstrahlung und Hitze vermeiden.<\/p>\n<p data-start=\"3857\" data-end=\"3930\"><strong data-start=\"3857\" data-end=\"3869\">Hinweis:<\/strong> Die Haltbarkeit betr\u00e4gt zwei Jahre bei sachgem\u00e4\u00dfer Lagerung.<\/p>\n<p data-start=\"3937\" data-end=\"4143\"><strong data-start=\"3937\" data-end=\"3965\">F\u00fcr wen ist es geeignet?<\/strong><br data-start=\"3965\" data-end=\"3968\" \/>Das <strong data-start=\"3972\" data-end=\"4000\">CBG 20\u202f%-\u00d6l von The Tree<\/strong> ist f\u00fcr alle Personen \u00fcber 18\u202fJahren bestimmt. Sein einzigartiges Aroma macht viele neugierig, die neu in die Welt von CBD einsteigen m\u00f6chten.<\/p>\n<p data-start=\"4150\" data-end=\"4387\"><strong data-start=\"4150\" data-end=\"4178\">Sicherheitsinformationen<\/strong><br data-start=\"4178\" data-end=\"4181\" \/>Das <strong data-start=\"4185\" data-end=\"4213\">CBG 20\u202f%-\u00d6l von The Tree<\/strong> ist ein Produkt zur \u00e4u\u00dferlichen Anwendung.<br data-start=\"4256\" data-end=\"4259\" \/>Es sollte nicht w\u00e4hrend der Schwangerschaft oder Stillzeit verwendet werden.<br data-start=\"4335\" data-end=\"4338\" \/>Au\u00dferhalb der Reichweite von Kindern aufbewahren.<\/p>\n<p data-start=\"4389\" data-end=\"4507\">Das \u00d6l kann Spuren von THC enthalten \u2013 selbstverst\u00e4ndlich immer unter dem gesetzlichen Grenzwert der EU von 0,2\u202f% THC.<\/p>\n<p data-start=\"4509\" data-end=\"4809\">Die auf dieser Seite bereitgestellten Informationen dienen ausschlie\u00dflich zu Informations- und Schulungszwecken und ersetzen keinesfalls die \u00e4rztliche Beratung durch eine:n Mediziner:in oder Apotheker:in.<br data-start=\"4713\" data-end=\"4716\" \/>Unsere Texte sind nicht zur eigenst\u00e4ndigen Diagnose oder Behandlung von Krankheiten bestimmt.<\/p>\n<p data-start=\"4811\" data-end=\"4884\"><strong data-start=\"4811\" data-end=\"4884\">Z\u00f6gern Sie nicht, uns zu kontaktieren, wenn Sie weitere Fragen haben.<\/strong><\/p>\n","protected":false},"excerpt":{"rendered":"<ul>\n<li>Hanfsamen\u00f6l.<\/li>\n<li>20\u202f% CBG pro Tropfen (5\u202fmg pro Tropfen).<\/li>\n<li>Dosierflasche mit 10\u202fml.<\/li>\n<li>Biologischer Anbau, frei von Pestiziden und sch\u00e4dlichen Chemikalien.<\/li>\n<li>Enth\u00e4lt weniger als 0,2\u202f% THC.<\/li>\n<li>Zur \u00e4u\u00dferlichen Anwendung.<\/li>\n<\/ul>\n","protected":false},"featured_media":178352,"template":"","meta":{"_acf_changed":false},"product_brand":[],"class_list":{"0":"post-166233","1":"product","2":"type-product","3":"status-publish","4":"has-post-thumbnail","6":"product_cat-cbd-ol","7":"product_cat-cbd-ole-mit-20","8":"product_cat-cbd-entzundungen","9":"product_cat-cbg-ole","10":"product_cat-produkte-mit-20-cbd","12":"first","13":"outofstock","14":"taxable","15":"shipping-taxable","16":"purchasable","17":"product-type-simple"},"acf":[],"yoast_head":"<!-- This site is optimized with the Yoast SEO plugin v26.3 - https:\/\/yoast.com\/wordpress\/plugins\/seo\/ -->\n<title>CBG-\u00d6l mit 20\u202f% | The Tree CBD<\/title>\n<meta name=\"description\" content=\"Probiere das CBG-\u00d6l mit 20\u202f% CBG und weniger als 0,20\u202f% THC. Biologischer Anbau, frei von Pestiziden und sch\u00e4dlichen Chemikalien. Das beste Cannabigerol von The Tree.\" \/>\n<meta name=\"robots\" content=\"index, follow, max-snippet:-1, max-image-preview:large, max-video-preview:-1\" \/>\n<link rel=\"canonical\" href=\"https:\/\/thetreecbd.com\/de\/cbd\/cbg-ol-mit-20\" \/>\n<meta property=\"og:locale\" content=\"de_DE\" \/>\n<meta property=\"og:type\" content=\"article\" \/>\n<meta property=\"og:title\" content=\"CBG-\u00d6l mit 20\u202f% | The Tree CBD\" \/>\n<meta property=\"og:description\" content=\"Probiere das CBG-\u00d6l mit 20\u202f% CBG und weniger als 0,20\u202f% THC. Biologischer Anbau, frei von Pestiziden und sch\u00e4dlichen Chemikalien. Das beste Cannabigerol von The Tree.\" \/>\n<meta property=\"og:url\" content=\"https:\/\/thetreecbd.com\/de\/cbd\/cbg-ol-mit-20\" \/>\n<meta property=\"og:site_name\" content=\"The Tree CBD\" \/>\n<meta property=\"article:publisher\" content=\"https:\/\/www.facebook.com\/thetreeCBD\/\" \/>\n<meta property=\"article:modified_time\" content=\"2025-07-14T13:50:47+00:00\" \/>\n<meta property=\"og:image\" content=\"https:\/\/thetreecbd.com\/wp-content\/uploads\/2021\/03\/full-spec-20-thetree.jpg\" \/>\n\t<meta property=\"og:image:width\" content=\"1080\" \/>\n\t<meta property=\"og:image:height\" content=\"1350\" \/>\n\t<meta property=\"og:image:type\" content=\"image\/jpeg\" \/>\n<meta name=\"twitter:card\" content=\"summary_large_image\" \/>\n<meta name=\"twitter:site\" content=\"@TheTreeCBD_EU\" \/>\n<meta name=\"twitter:label1\" content=\"Gesch\u00e4tzte Lesezeit\" \/>\n\t<meta name=\"twitter:data1\" content=\"3\u00a0Minuten\" \/>\n<script type=\"application\/ld+json\" class=\"yoast-schema-graph\">{\"@context\":\"https:\/\/schema.org\",\"@graph\":[{\"@type\":[\"WebPage\",\"ItemPage\"],\"@id\":\"https:\/\/thetreecbd.com\/de\/cbd\/cbg-ol-mit-20\",\"url\":\"https:\/\/thetreecbd.com\/de\/cbd\/cbg-ol-mit-20\",\"name\":\"CBG-\u00d6l mit 20\u202f% | The Tree CBD\",\"isPartOf\":{\"@id\":\"https:\/\/thetreecbd.com\/de#website\"},\"primaryImageOfPage\":{\"@id\":\"https:\/\/thetreecbd.com\/de\/cbd\/cbg-ol-mit-20#primaryimage\"},\"image\":{\"@id\":\"https:\/\/thetreecbd.com\/de\/cbd\/cbg-ol-mit-20#primaryimage\"},\"thumbnailUrl\":\"https:\/\/thetreecbd.com\/wp-content\/uploads\/2021\/03\/full-spec-20-thetree.jpg\",\"datePublished\":\"2022-11-02T16:53:22+00:00\",\"dateModified\":\"2025-07-14T13:50:47+00:00\",\"description\":\"Probiere das CBG-\u00d6l mit 20\u202f% CBG und weniger als 0,20\u202f% THC. Biologischer Anbau, frei von Pestiziden und sch\u00e4dlichen Chemikalien. Das beste Cannabigerol von The Tree.\",\"breadcrumb\":{\"@id\":\"https:\/\/thetreecbd.com\/de\/cbd\/cbg-ol-mit-20#breadcrumb\"},\"inLanguage\":\"de\",\"potentialAction\":[{\"@type\":\"ReadAction\",\"target\":[\"https:\/\/thetreecbd.com\/de\/cbd\/cbg-ol-mit-20\"]}]},{\"@type\":\"ImageObject\",\"inLanguage\":\"de\",\"@id\":\"https:\/\/thetreecbd.com\/de\/cbd\/cbg-ol-mit-20#primaryimage\",\"url\":\"https:\/\/thetreecbd.com\/wp-content\/uploads\/2021\/03\/full-spec-20-thetree.jpg\",\"contentUrl\":\"https:\/\/thetreecbd.com\/wp-content\/uploads\/2021\/03\/full-spec-20-thetree.jpg\",\"width\":1080,\"height\":1350},{\"@type\":\"BreadcrumbList\",\"@id\":\"https:\/\/thetreecbd.com\/de\/cbd\/cbg-ol-mit-20#breadcrumb\",\"itemListElement\":[{\"@type\":\"ListItem\",\"position\":1,\"name\":\"The Tree\",\"item\":\"https:\/\/thetreecbd.com\/de\"},{\"@type\":\"ListItem\",\"position\":2,\"name\":\"CBD\",\"item\":\"https:\/\/thetreecbd.com\/es\/cbd\"},{\"@type\":\"ListItem\",\"position\":3,\"name\":\"CBD-\u00d6l\",\"item\":\"https:\/\/thetreecbd.com\/de\/cbd-ol\"},{\"@type\":\"ListItem\",\"position\":4,\"name\":\"CBD-\u00d6le mit 20\u202f%\",\"item\":\"https:\/\/thetreecbd.com\/de\/cbd-ol\/cbd-ole-mit-20\"},{\"@type\":\"ListItem\",\"position\":5,\"name\":\"CBG-\u00d6l mit 20\u202f%\"}]},{\"@type\":\"WebSite\",\"@id\":\"https:\/\/thetreecbd.com\/de#website\",\"url\":\"https:\/\/thetreecbd.com\/de\",\"name\":\"The Tree CBD\",\"description\":\"Comprar CBD en Espa\u00f1a Online\",\"publisher\":{\"@id\":\"https:\/\/thetreecbd.com\/de#organization\"},\"potentialAction\":[{\"@type\":\"SearchAction\",\"target\":{\"@type\":\"EntryPoint\",\"urlTemplate\":\"https:\/\/thetreecbd.com\/de?s={search_term_string}\"},\"query-input\":{\"@type\":\"PropertyValueSpecification\",\"valueRequired\":true,\"valueName\":\"search_term_string\"}}],\"inLanguage\":\"de\"},{\"@type\":\"Organization\",\"@id\":\"https:\/\/thetreecbd.com\/de#organization\",\"name\":\"The Tree CBD\",\"url\":\"https:\/\/thetreecbd.com\/de\",\"logo\":{\"@type\":\"ImageObject\",\"inLanguage\":\"de\",\"@id\":\"https:\/\/thetreecbd.com\/de#\/schema\/logo\/image\/\",\"url\":\"https:\/\/thetreecbd.com\/wp-content\/uploads\/2022\/04\/logo-thetree.png\",\"contentUrl\":\"https:\/\/thetreecbd.com\/wp-content\/uploads\/2022\/04\/logo-thetree.png\",\"width\":172,\"height\":55,\"caption\":\"The Tree CBD\"},\"image\":{\"@id\":\"https:\/\/thetreecbd.com\/de#\/schema\/logo\/image\/\"},\"sameAs\":[\"https:\/\/www.facebook.com\/thetreeCBD\/\",\"https:\/\/x.com\/TheTreeCBD_EU\",\"https:\/\/www.instagram.com\/thetree.cbd\/\",\"https:\/\/es.trustpilot.com\/review\/thetreecbd.com\"]}]}<\/script>\n<!-- \/ Yoast SEO plugin. -->","yoast_head_json":{"title":"CBG-\u00d6l mit 20\u202f% | The Tree CBD","description":"Probiere das CBG-\u00d6l mit 20\u202f% CBG und weniger als 0,20\u202f% THC. Biologischer Anbau, frei von Pestiziden und sch\u00e4dlichen Chemikalien. Das beste Cannabigerol von The Tree.","robots":{"index":"index","follow":"follow","max-snippet":"max-snippet:-1","max-image-preview":"max-image-preview:large","max-video-preview":"max-video-preview:-1"},"canonical":"https:\/\/thetreecbd.com\/de\/cbd\/cbg-ol-mit-20","og_locale":"de_DE","og_type":"article","og_title":"CBG-\u00d6l mit 20\u202f% | The Tree CBD","og_description":"Probiere das CBG-\u00d6l mit 20\u202f% CBG und weniger als 0,20\u202f% THC. Biologischer Anbau, frei von Pestiziden und sch\u00e4dlichen Chemikalien. Das beste Cannabigerol von The Tree.","og_url":"https:\/\/thetreecbd.com\/de\/cbd\/cbg-ol-mit-20","og_site_name":"The Tree CBD","article_publisher":"https:\/\/www.facebook.com\/thetreeCBD\/","article_modified_time":"2025-07-14T13:50:47+00:00","og_image":[{"width":1080,"height":1350,"url":"https:\/\/thetreecbd.com\/wp-content\/uploads\/2021\/03\/full-spec-20-thetree.jpg","type":"image\/jpeg"}],"twitter_card":"summary_large_image","twitter_site":"@TheTreeCBD_EU","twitter_misc":{"Gesch\u00e4tzte Lesezeit":"3\u00a0Minuten"},"schema":{"@context":"https:\/\/schema.org","@graph":[{"@type":["WebPage","ItemPage"],"@id":"https:\/\/thetreecbd.com\/de\/cbd\/cbg-ol-mit-20","url":"https:\/\/thetreecbd.com\/de\/cbd\/cbg-ol-mit-20","name":"CBG-\u00d6l mit 20\u202f% | The Tree CBD","isPartOf":{"@id":"https:\/\/thetreecbd.com\/de#website"},"primaryImageOfPage":{"@id":"https:\/\/thetreecbd.com\/de\/cbd\/cbg-ol-mit-20#primaryimage"},"image":{"@id":"https:\/\/thetreecbd.com\/de\/cbd\/cbg-ol-mit-20#primaryimage"},"thumbnailUrl":"https:\/\/thetreecbd.com\/wp-content\/uploads\/2021\/03\/full-spec-20-thetree.jpg","datePublished":"2022-11-02T16:53:22+00:00","dateModified":"2025-07-14T13:50:47+00:00","description":"Probiere das CBG-\u00d6l mit 20\u202f% CBG und weniger als 0,20\u202f% THC. Biologischer Anbau, frei von Pestiziden und sch\u00e4dlichen Chemikalien. Das beste Cannabigerol von The Tree.","breadcrumb":{"@id":"https:\/\/thetreecbd.com\/de\/cbd\/cbg-ol-mit-20#breadcrumb"},"inLanguage":"de","potentialAction":[{"@type":"ReadAction","target":["https:\/\/thetreecbd.com\/de\/cbd\/cbg-ol-mit-20"]}]},{"@type":"ImageObject","inLanguage":"de","@id":"https:\/\/thetreecbd.com\/de\/cbd\/cbg-ol-mit-20#primaryimage","url":"https:\/\/thetreecbd.com\/wp-content\/uploads\/2021\/03\/full-spec-20-thetree.jpg","contentUrl":"https:\/\/thetreecbd.com\/wp-content\/uploads\/2021\/03\/full-spec-20-thetree.jpg","width":1080,"height":1350},{"@type":"BreadcrumbList","@id":"https:\/\/thetreecbd.com\/de\/cbd\/cbg-ol-mit-20#breadcrumb","itemListElement":[{"@type":"ListItem","position":1,"name":"The Tree","item":"https:\/\/thetreecbd.com\/de"},{"@type":"ListItem","position":2,"name":"CBD","item":"https:\/\/thetreecbd.com\/es\/cbd"},{"@type":"ListItem","position":3,"name":"CBD-\u00d6l","item":"https:\/\/thetreecbd.com\/de\/cbd-ol"},{"@type":"ListItem","position":4,"name":"CBD-\u00d6le mit 20\u202f%","item":"https:\/\/thetreecbd.com\/de\/cbd-ol\/cbd-ole-mit-20"},{"@type":"ListItem","position":5,"name":"CBG-\u00d6l mit 20\u202f%"}]},{"@type":"WebSite","@id":"https:\/\/thetreecbd.com\/de#website","url":"https:\/\/thetreecbd.com\/de","name":"The Tree CBD","description":"Comprar CBD en Espa\u00f1a Online","publisher":{"@id":"https:\/\/thetreecbd.com\/de#organization"},"potentialAction":[{"@type":"SearchAction","target":{"@type":"EntryPoint","urlTemplate":"https:\/\/thetreecbd.com\/de?s={search_term_string}"},"query-input":{"@type":"PropertyValueSpecification","valueRequired":true,"valueName":"search_term_string"}}],"inLanguage":"de"},{"@type":"Organization","@id":"https:\/\/thetreecbd.com\/de#organization","name":"The Tree CBD","url":"https:\/\/thetreecbd.com\/de","logo":{"@type":"ImageObject","inLanguage":"de","@id":"https:\/\/thetreecbd.com\/de#\/schema\/logo\/image\/","url":"https:\/\/thetreecbd.com\/wp-content\/uploads\/2022\/04\/logo-thetree.png","contentUrl":"https:\/\/thetreecbd.com\/wp-content\/uploads\/2022\/04\/logo-thetree.png","width":172,"height":55,"caption":"The Tree CBD"},"image":{"@id":"https:\/\/thetreecbd.com\/de#\/schema\/logo\/image\/"},"sameAs":["https:\/\/www.facebook.com\/thetreeCBD\/","https:\/\/x.com\/TheTreeCBD_EU","https:\/\/www.instagram.com\/thetree.cbd\/","https:\/\/es.trustpilot.com\/review\/thetreecbd.com"]}]}},"_links":{"self":[{"href":"https:\/\/thetreecbd.com\/de\/wp-json\/wp\/v2\/product\/166233","targetHints":{"allow":["GET"]}}],"collection":[{"href":"https:\/\/thetreecbd.com\/de\/wp-json\/wp\/v2\/product"}],"about":[{"href":"https:\/\/thetreecbd.com\/de\/wp-json\/wp\/v2\/types\/product"}],"version-history":[{"count":0,"href":"https:\/\/thetreecbd.com\/de\/wp-json\/wp\/v2\/product\/166233\/revisions"}],"wp:featuredmedia":[{"embeddable":true,"href":"https:\/\/thetreecbd.com\/de\/wp-json\/wp\/v2\/media\/178352"}],"wp:attachment":[{"href":"https:\/\/thetreecbd.com\/de\/wp-json\/wp\/v2\/media?parent=166233"}],"wp:term":[{"taxonomy":"product_brand","embeddable":true,"href":"https:\/\/thetreecbd.com\/de\/wp-json\/wp\/v2\/product_brand?post=166233"}],"curies":[{"name":"wp","href":"https:\/\/api.w.org\/{rel}","templated":true}]}}