{"id":166237,"date":"2021-12-03T14:52:30","date_gmt":"2021-12-03T13:52:30","guid":{"rendered":"https:\/\/thetreecbd.com\/cbd\/cbd-spray-mini-litschi"},"modified":"2021-12-03T14:52:30","modified_gmt":"2021-12-03T13:52:30","slug":"cbd-spray-mini-litschi","status":"publish","type":"product","link":"https:\/\/thetreecbd.com\/de\/cbd\/cbd-spray-mini-litschi","title":{"rendered":"CBD Spray Mini Litschi"},"content":{"rendered":"<p data-start=\"74\" data-end=\"320\"><strong data-start=\"74\" data-end=\"142\">CBD Spray Mini Litschi: Ein kleines Format f\u00fcr gro\u00dfe Entspannung<\/strong><br data-start=\"142\" data-end=\"145\" \/>Das <strong data-start=\"149\" data-end=\"167\">CBD Spray Mini<\/strong> ist dein bester Begleiter, um CBD \u00fcberallhin mitzunehmen. Ob in der Hosen- oder Handtasche \u2013 es hat die perfekte Gr\u00f6\u00dfe, um dich \u00fcberallhin zu begleiten.<\/p>\n<p data-start=\"322\" data-end=\"511\">Dieses <strong data-start=\"329\" data-end=\"361\">CBD Spray 10\u202f% Full Spectrum<\/strong> basiert auf <strong data-start=\"374\" data-end=\"437\">MCT-\u00d6l mit einem Extrakt aus Hanfbl\u00fcten mit vollem Spektrum<\/strong>, was bedeutet, dass es alle aktiven Bestandteile der Hanfpflanze enth\u00e4lt.<\/p>\n<p data-start=\"513\" data-end=\"696\">Die ausgezeichnete Magistralformel enth\u00e4lt <strong data-start=\"556\" data-end=\"583\">100\u202f% nat\u00fcrliche Aromen<\/strong>, die den starken, erdigen Geschmack von CBD \u00fcberdecken \u2013 ein Geschmack, den viele Konsumenten vermeiden m\u00f6chten.<\/p>\n<p data-start=\"698\" data-end=\"818\">Das CBD-\u00d6l wurde <strong data-start=\"715\" data-end=\"748\">l\u00f6sungsmittelfrei hergestellt<\/strong>: frei von Alkohol, Gasen oder anderen aggressiven Extraktionsmitteln.<\/p>\n<p data-start=\"820\" data-end=\"1150\">So bewahrt das <strong data-start=\"835\" data-end=\"870\">CBD Spray Mini von The Tree CBD<\/strong> die meisten Bestandteile und Eigenschaften der Hanfbl\u00fcte. Es enth\u00e4lt haupts\u00e4chlich <strong data-start=\"954\" data-end=\"980\">10\u202f% Cannabidiol (CBD)<\/strong> sowie geringe Mengen an <strong data-start=\"1005\" data-end=\"1042\">CBG, CBF, CBN, CBC, THC (&lt;\u202f0,2\u202f%)<\/strong> und mehr als <strong data-start=\"1056\" data-end=\"1092\">40 nat\u00fcrlich vorkommende Terpene<\/strong>. Diese L\u00f6sung enth\u00e4lt das <strong data-start=\"1119\" data-end=\"1137\">volle Spektrum<\/strong> der Pflanze.<\/p>\n<p data-start=\"1152\" data-end=\"1374\">Das CBD-\u00d6l von The Tree wird <strong data-start=\"1181\" data-end=\"1204\">\u00f6kologisch angebaut<\/strong>, ist <strong data-start=\"1210\" data-end=\"1261\">frei von Pestiziden und sch\u00e4dlichen Chemikalien<\/strong>, wird nach den strengsten Qualit\u00e4tskontrollen hergestellt und besteht aus <strong data-start=\"1336\" data-end=\"1373\">100\u202f% pflanzlichen Inhaltsstoffen<\/strong>.<\/p>\n<p data-start=\"1376\" data-end=\"1502\">Es wird in einer <strong data-start=\"1393\" data-end=\"1424\">Spr\u00fchflasche mit Applikator<\/strong> geliefert \u2013 eine diskrete und einfache Art, CBD in den Alltag zu integrieren.<\/p>\n<p data-start=\"1504\" data-end=\"1738\">Das <strong data-start=\"1508\" data-end=\"1539\">CBD Spray Mini von The Tree<\/strong> kommt im praktischen <strong data-start=\"1561\" data-end=\"1578\">2,5-ml-Format<\/strong>, perfekt f\u00fcr unterwegs. Es eignet sich auch ideal f\u00fcr alle, die CBD zum ersten Mal ausprobieren m\u00f6chten, ohne gleich in ein gro\u00dfes 10-ml-Format zu investieren.<\/p>\n<p data-start=\"1745\" data-end=\"1791\"><strong data-start=\"1745\" data-end=\"1789\">Eigenschaften des CBD Spray Mini Litschi<\/strong><\/p>\n<ul data-start=\"1792\" data-end=\"2051\">\n<li data-start=\"1792\" data-end=\"1825\">\n<p data-start=\"1794\" data-end=\"1825\"><strong data-start=\"1794\" data-end=\"1823\">CBD-Spray mit MCT-Kokos\u00f6l<\/strong><\/p>\n<\/li>\n<li data-start=\"1826\" data-end=\"1873\">\n<p data-start=\"1828\" data-end=\"1873\"><strong data-start=\"1828\" data-end=\"1871\">10\u202f% CBD pro Tropfen (5\u202fmg pro Tropfen)<\/strong><\/p>\n<\/li>\n<li data-start=\"1874\" data-end=\"1913\">\n<p data-start=\"1876\" data-end=\"1913\"><strong data-start=\"1876\" data-end=\"1911\">Dosierflasche mit 2,5\u202fml Inhalt<\/strong><\/p>\n<\/li>\n<li data-start=\"1914\" data-end=\"1936\">\n<p data-start=\"1916\" data-end=\"1936\"><strong data-start=\"1916\" data-end=\"1934\">Aroma: Litschi<\/strong><\/p>\n<\/li>\n<li data-start=\"1937\" data-end=\"2012\">\n<p data-start=\"1939\" data-end=\"2012\"><strong data-start=\"1939\" data-end=\"2010\">Biologischer Anbau, frei von Pestiziden und sch\u00e4dlichen Chemikalien<\/strong><\/p>\n<\/li>\n<li data-start=\"2013\" data-end=\"2051\">\n<p data-start=\"2015\" data-end=\"2051\"><strong data-start=\"2015\" data-end=\"2051\">Enth\u00e4lt Spuren von THC (&lt;\u202f0,2\u202f%)<\/strong><\/p>\n<\/li>\n<\/ul>\n<p data-start=\"2058\" data-end=\"2178\"><strong data-start=\"2058\" data-end=\"2090\">Inhaltsstoffe des CBD Sprays<\/strong><br data-start=\"2090\" data-end=\"2093\" \/>Extrakt aus <em data-start=\"2105\" data-end=\"2125\">Cannabis Sativa L.<\/em>, MCT-\u00d6l (auf Kokosbasis), Terpene und Litschi-Aroma.<\/p>\n<p data-start=\"2185\" data-end=\"2413\"><strong data-start=\"2185\" data-end=\"2198\">CBD-Aroma<\/strong><br data-start=\"2198\" data-end=\"2201\" \/><strong data-start=\"2201\" data-end=\"2212\">Litschi<\/strong>: Die s\u00fc\u00df-s\u00e4uerliche Fruchtigkeit der Litschifrucht kombiniert mit <strong data-start=\"2279\" data-end=\"2291\">10\u202f% CBD<\/strong> in einem handlichen Format. Diese Kombination sorgt f\u00fcr eine sanfte, nat\u00fcrliche und tiefe Entspannung in jeder Situation.<\/p>\n<p data-start=\"2420\" data-end=\"2755\"><strong data-start=\"2420\" data-end=\"2434\">Zielgruppe<\/strong><br data-start=\"2434\" data-end=\"2437\" \/>Ob <strong data-start=\"2440\" data-end=\"2482\">CBD-Einsteiger oder erfahrene Anwender<\/strong> \u2013 mit unserem neuen <strong data-start=\"2503\" data-end=\"2542\">CBD Spray in der 2,5\u202fml-Glasflasche<\/strong> hast du immer eine Extraportion Entspannung dabei. Erh\u00e4ltlich mit <strong data-start=\"2609\" data-end=\"2645\">Aromen Mango, Litschi oder Minze<\/strong>, ideal f\u00fcr alle, die den nat\u00fcrlichen Hanfgeschmack nicht m\u00f6gen oder einfach etwas Neues ausprobieren m\u00f6chten.<\/p>\n<p data-start=\"2757\" data-end=\"2912\">Alle unsere <strong data-start=\"2769\" data-end=\"2802\">CBD Sprays sind Full Spectrum<\/strong> und mit dem besten <strong data-start=\"2822\" data-end=\"2858\">CBD-\u00d6l auf MCT-Basis aus Kokos\u00f6l<\/strong> formuliert. <strong data-start=\"2871\" data-end=\"2912\">100\u202f% vegan, zucker- und laktosefrei.<\/strong><\/p>\n<p data-start=\"2914\" data-end=\"2997\">Dieses \u00d6l enth\u00e4lt weniger als <strong data-start=\"2944\" data-end=\"2957\">0,2\u202f% THC<\/strong> und hat <strong data-start=\"2966\" data-end=\"2996\">keine psychoaktive Wirkung<\/strong>.<\/p>\n<p data-start=\"3004\" data-end=\"3365\"><strong data-start=\"3004\" data-end=\"3027\">Sicherheitshinweise<\/strong><br data-start=\"3027\" data-end=\"3030\" \/>Dieses Produkt sollte <strong data-start=\"3052\" data-end=\"3121\">w\u00e4hrend der Schwangerschaft oder Stillzeit nicht verwendet werden<\/strong>. <strong data-start=\"3123\" data-end=\"3176\">Au\u00dferhalb der Reichweite von Kindern aufbewahren.<\/strong> Bitte beachten Sie m\u00f6gliche Wechselwirkungen mit Medikamenten und insbesondere mit <strong data-start=\"3260\" data-end=\"3287\">psychotropen Substanzen<\/strong>! Wenden Sie sich f\u00fcr detaillierte Informationen an Ihren Arzt oder Apotheker.<\/p>\n<p data-start=\"3367\" data-end=\"3495\">Unsere <strong data-start=\"3374\" data-end=\"3408\">CBD Sprays mit vollem Spektrum<\/strong> k\u00f6nnen <strong data-start=\"3416\" data-end=\"3444\">Spuren von THC enthalten<\/strong>, jedoch <strong data-start=\"3453\" data-end=\"3494\">unterhalb des EU-Grenzwerts von 0,2\u202f%<\/strong>.<\/p>\n<p data-start=\"3497\" data-end=\"3771\">Die bereitgestellten Inhalte dienen <strong data-start=\"3533\" data-end=\"3586\">ausschlie\u00dflich Informations- und Schulungszwecken<\/strong> und ersetzen <strong data-start=\"3600\" data-end=\"3673\">keinesfalls die medizinische Beratung durch einen Arzt oder Apotheker<\/strong>. Unsere Texte sind <strong data-start=\"3693\" data-end=\"3762\">nicht zur eigenst\u00e4ndigen Diagnose oder Behandlung von Krankheiten<\/strong> gedacht.<\/p>\n<p data-start=\"3773\" data-end=\"3837\">Bitte z\u00f6gern Sie nicht, uns bei weiteren Fragen zu kontaktieren.<\/p>\n<p data-start=\"3844\" data-end=\"4046\"><strong data-start=\"3844\" data-end=\"3856\">Lagerung<\/strong><br data-start=\"3856\" data-end=\"3859\" \/>Das <strong data-start=\"3863\" data-end=\"3881\">CBD Spray Mini<\/strong> sollte <strong data-start=\"3889\" data-end=\"3925\">k\u00fchl, trocken und lichtgesch\u00fctzt<\/strong> aufbewahrt werden. <strong data-start=\"3945\" data-end=\"3996\">Direkte Sonneneinstrahlung und Hitze vermeiden.<\/strong> Au\u00dferhalb der Reichweite von Kindern aufbewahren.<\/p>\n<p data-start=\"4048\" data-end=\"4066\"><strong data-start=\"4048\" data-end=\"4063\">Haltbarkeit<\/strong>:<\/p>\n<ul data-start=\"4067\" data-end=\"4143\">\n<li data-start=\"4067\" data-end=\"4100\">\n<p data-start=\"4069\" data-end=\"4100\">Nach dem \u00d6ffnen: <strong data-start=\"4086\" data-end=\"4098\">6 Monate<\/strong><\/p>\n<\/li>\n<li data-start=\"4101\" data-end=\"4143\">\n<p data-start=\"4103\" data-end=\"4143\">Unge\u00f6ffnet: <strong data-start=\"4115\" data-end=\"4141\">12 Monate ab Kaufdatum<\/strong><\/p>\n<\/li>\n<\/ul>\n<p data-start=\"4145\" data-end=\"4215\"><strong data-start=\"4145\" data-end=\"4156\">Hinweis<\/strong>: Die angegebene Haltbarkeit gilt bei sachgem\u00e4\u00dfer Lagerung.<\/p>\n","protected":false},"excerpt":{"rendered":"<ul>\n<li data-start=\"72\" data-end=\"313\"><strong data-start=\"72\" data-end=\"101\">CBD-Spray mit MCT-Kokos\u00f6l<\/strong><\/li>\n<li data-start=\"72\" data-end=\"313\"><strong>10\u202f% CBD<\/strong> pro Tropfen (5\u202fmg pro Tropfen).<\/li>\n<li data-start=\"72\" data-end=\"313\">Dosierflasche mit <strong>2,5\u202fml<\/strong> Inhalt.<\/li>\n<li data-start=\"72\" data-end=\"313\">Aroma: Litschi<\/li>\n<li data-start=\"72\" data-end=\"313\">Biologischer Anbau, frei von Pestiziden und sch\u00e4dlichen Chemikalien.<\/li>\n<li data-start=\"72\" data-end=\"313\">Enth\u00e4lt Spuren von THC (weniger als 0,2\u202f%).<\/li>\n<\/ul>\n","protected":false},"featured_media":166238,"template":"","meta":{"_acf_changed":false},"product_brand":[],"class_list":{"0":"post-166237","1":"product","2":"type-product","3":"status-publish","4":"has-post-thumbnail","6":"product_cat-cbd-spray","7":"product_cat-produkte-mit-10-cbd","9":"first","10":"outofstock","11":"taxable","12":"shipping-taxable","13":"purchasable","14":"product-type-simple"},"acf":[],"yoast_head":"<!-- This site is optimized with the Yoast SEO plugin v26.3 - https:\/\/yoast.com\/wordpress\/plugins\/seo\/ -->\n<title>CBD Spray Mini Litschi | The Tree CBD<\/title>\n<meta name=\"description\" content=\"Das CBD Mini Litschi Spray mit 10\u202f% CBD ist dein bester Begleiter, um deine Dosis Entspannung immer dabei zu haben. Litschi CBD Spray Full Spectrum, 100\u202f% nat\u00fcrlich.\" \/>\n<meta name=\"robots\" content=\"index, follow, max-snippet:-1, max-image-preview:large, max-video-preview:-1\" \/>\n<link rel=\"canonical\" href=\"https:\/\/thetreecbd.com\/de\/cbd\/cbd-spray-mini-litschi\" \/>\n<meta property=\"og:locale\" content=\"de_DE\" \/>\n<meta property=\"og:type\" content=\"article\" \/>\n<meta property=\"og:title\" content=\"CBD Spray Mini Litschi | The Tree CBD\" \/>\n<meta property=\"og:description\" content=\"Das CBD Mini Litschi Spray mit 10\u202f% CBD ist dein bester Begleiter, um deine Dosis Entspannung immer dabei zu haben. Litschi CBD Spray Full Spectrum, 100\u202f% nat\u00fcrlich.\" \/>\n<meta property=\"og:url\" content=\"https:\/\/thetreecbd.com\/de\/cbd\/cbd-spray-mini-litschi\" \/>\n<meta property=\"og:site_name\" content=\"The Tree CBD\" \/>\n<meta property=\"article:publisher\" content=\"https:\/\/www.facebook.com\/thetreeCBD\/\" \/>\n<meta property=\"og:image\" content=\"https:\/\/thetreecbd.com\/wp-content\/uploads\/2021\/12\/spay-cdb-lichi.jpg\" \/>\n\t<meta property=\"og:image:width\" content=\"600\" \/>\n\t<meta property=\"og:image:height\" content=\"720\" \/>\n\t<meta property=\"og:image:type\" content=\"image\/jpeg\" \/>\n<meta name=\"twitter:card\" content=\"summary_large_image\" \/>\n<meta name=\"twitter:site\" content=\"@TheTreeCBD_EU\" \/>\n<meta name=\"twitter:label1\" content=\"Gesch\u00e4tzte Lesezeit\" \/>\n\t<meta name=\"twitter:data1\" content=\"3\u00a0Minuten\" \/>\n<script type=\"application\/ld+json\" class=\"yoast-schema-graph\">{\"@context\":\"https:\/\/schema.org\",\"@graph\":[{\"@type\":[\"WebPage\",\"ItemPage\"],\"@id\":\"https:\/\/thetreecbd.com\/de\/cbd\/cbd-spray-mini-litschi\",\"url\":\"https:\/\/thetreecbd.com\/de\/cbd\/cbd-spray-mini-litschi\",\"name\":\"CBD Spray Mini Litschi | The Tree CBD\",\"isPartOf\":{\"@id\":\"https:\/\/thetreecbd.com\/de#website\"},\"primaryImageOfPage\":{\"@id\":\"https:\/\/thetreecbd.com\/de\/cbd\/cbd-spray-mini-litschi#primaryimage\"},\"image\":{\"@id\":\"https:\/\/thetreecbd.com\/de\/cbd\/cbd-spray-mini-litschi#primaryimage\"},\"thumbnailUrl\":\"https:\/\/thetreecbd.com\/wp-content\/uploads\/2021\/12\/spay-cdb-lichi.jpg\",\"datePublished\":\"2021-12-03T13:52:30+00:00\",\"description\":\"Das CBD Mini Litschi Spray mit 10\u202f% CBD ist dein bester Begleiter, um deine Dosis Entspannung immer dabei zu haben. Litschi CBD Spray Full Spectrum, 100\u202f% nat\u00fcrlich.\",\"breadcrumb\":{\"@id\":\"https:\/\/thetreecbd.com\/de\/cbd\/cbd-spray-mini-litschi#breadcrumb\"},\"inLanguage\":\"de\",\"potentialAction\":[{\"@type\":\"ReadAction\",\"target\":[\"https:\/\/thetreecbd.com\/de\/cbd\/cbd-spray-mini-litschi\"]}]},{\"@type\":\"ImageObject\",\"inLanguage\":\"de\",\"@id\":\"https:\/\/thetreecbd.com\/de\/cbd\/cbd-spray-mini-litschi#primaryimage\",\"url\":\"https:\/\/thetreecbd.com\/wp-content\/uploads\/2021\/12\/spay-cdb-lichi.jpg\",\"contentUrl\":\"https:\/\/thetreecbd.com\/wp-content\/uploads\/2021\/12\/spay-cdb-lichi.jpg\",\"width\":600,\"height\":720},{\"@type\":\"BreadcrumbList\",\"@id\":\"https:\/\/thetreecbd.com\/de\/cbd\/cbd-spray-mini-litschi#breadcrumb\",\"itemListElement\":[{\"@type\":\"ListItem\",\"position\":1,\"name\":\"The Tree\",\"item\":\"https:\/\/thetreecbd.com\/de\"},{\"@type\":\"ListItem\",\"position\":2,\"name\":\"CBD\",\"item\":\"https:\/\/thetreecbd.com\/es\/cbd\"},{\"@type\":\"ListItem\",\"position\":3,\"name\":\"CBD-Bl\u00fcten kaufen\",\"item\":\"https:\/\/thetreecbd.com\/de\/bluten\"},{\"@type\":\"ListItem\",\"position\":4,\"name\":\"CBD Spray Mini Litschi\"}]},{\"@type\":\"WebSite\",\"@id\":\"https:\/\/thetreecbd.com\/de#website\",\"url\":\"https:\/\/thetreecbd.com\/de\",\"name\":\"The Tree CBD\",\"description\":\"Comprar CBD en Espa\u00f1a Online\",\"publisher\":{\"@id\":\"https:\/\/thetreecbd.com\/de#organization\"},\"potentialAction\":[{\"@type\":\"SearchAction\",\"target\":{\"@type\":\"EntryPoint\",\"urlTemplate\":\"https:\/\/thetreecbd.com\/de?s={search_term_string}\"},\"query-input\":{\"@type\":\"PropertyValueSpecification\",\"valueRequired\":true,\"valueName\":\"search_term_string\"}}],\"inLanguage\":\"de\"},{\"@type\":\"Organization\",\"@id\":\"https:\/\/thetreecbd.com\/de#organization\",\"name\":\"The Tree CBD\",\"url\":\"https:\/\/thetreecbd.com\/de\",\"logo\":{\"@type\":\"ImageObject\",\"inLanguage\":\"de\",\"@id\":\"https:\/\/thetreecbd.com\/de#\/schema\/logo\/image\/\",\"url\":\"https:\/\/thetreecbd.com\/wp-content\/uploads\/2022\/04\/logo-thetree.png\",\"contentUrl\":\"https:\/\/thetreecbd.com\/wp-content\/uploads\/2022\/04\/logo-thetree.png\",\"width\":172,\"height\":55,\"caption\":\"The Tree CBD\"},\"image\":{\"@id\":\"https:\/\/thetreecbd.com\/de#\/schema\/logo\/image\/\"},\"sameAs\":[\"https:\/\/www.facebook.com\/thetreeCBD\/\",\"https:\/\/x.com\/TheTreeCBD_EU\",\"https:\/\/www.instagram.com\/thetree.cbd\/\",\"https:\/\/es.trustpilot.com\/review\/thetreecbd.com\"]}]}<\/script>\n<!-- \/ Yoast SEO plugin. -->","yoast_head_json":{"title":"CBD Spray Mini Litschi | The Tree CBD","description":"Das CBD Mini Litschi Spray mit 10\u202f% CBD ist dein bester Begleiter, um deine Dosis Entspannung immer dabei zu haben. Litschi CBD Spray Full Spectrum, 100\u202f% nat\u00fcrlich.","robots":{"index":"index","follow":"follow","max-snippet":"max-snippet:-1","max-image-preview":"max-image-preview:large","max-video-preview":"max-video-preview:-1"},"canonical":"https:\/\/thetreecbd.com\/de\/cbd\/cbd-spray-mini-litschi","og_locale":"de_DE","og_type":"article","og_title":"CBD Spray Mini Litschi | The Tree CBD","og_description":"Das CBD Mini Litschi Spray mit 10\u202f% CBD ist dein bester Begleiter, um deine Dosis Entspannung immer dabei zu haben. Litschi CBD Spray Full Spectrum, 100\u202f% nat\u00fcrlich.","og_url":"https:\/\/thetreecbd.com\/de\/cbd\/cbd-spray-mini-litschi","og_site_name":"The Tree CBD","article_publisher":"https:\/\/www.facebook.com\/thetreeCBD\/","og_image":[{"width":600,"height":720,"url":"https:\/\/thetreecbd.com\/wp-content\/uploads\/2021\/12\/spay-cdb-lichi.jpg","type":"image\/jpeg"}],"twitter_card":"summary_large_image","twitter_site":"@TheTreeCBD_EU","twitter_misc":{"Gesch\u00e4tzte Lesezeit":"3\u00a0Minuten"},"schema":{"@context":"https:\/\/schema.org","@graph":[{"@type":["WebPage","ItemPage"],"@id":"https:\/\/thetreecbd.com\/de\/cbd\/cbd-spray-mini-litschi","url":"https:\/\/thetreecbd.com\/de\/cbd\/cbd-spray-mini-litschi","name":"CBD Spray Mini Litschi | The Tree CBD","isPartOf":{"@id":"https:\/\/thetreecbd.com\/de#website"},"primaryImageOfPage":{"@id":"https:\/\/thetreecbd.com\/de\/cbd\/cbd-spray-mini-litschi#primaryimage"},"image":{"@id":"https:\/\/thetreecbd.com\/de\/cbd\/cbd-spray-mini-litschi#primaryimage"},"thumbnailUrl":"https:\/\/thetreecbd.com\/wp-content\/uploads\/2021\/12\/spay-cdb-lichi.jpg","datePublished":"2021-12-03T13:52:30+00:00","description":"Das CBD Mini Litschi Spray mit 10\u202f% CBD ist dein bester Begleiter, um deine Dosis Entspannung immer dabei zu haben. Litschi CBD Spray Full Spectrum, 100\u202f% nat\u00fcrlich.","breadcrumb":{"@id":"https:\/\/thetreecbd.com\/de\/cbd\/cbd-spray-mini-litschi#breadcrumb"},"inLanguage":"de","potentialAction":[{"@type":"ReadAction","target":["https:\/\/thetreecbd.com\/de\/cbd\/cbd-spray-mini-litschi"]}]},{"@type":"ImageObject","inLanguage":"de","@id":"https:\/\/thetreecbd.com\/de\/cbd\/cbd-spray-mini-litschi#primaryimage","url":"https:\/\/thetreecbd.com\/wp-content\/uploads\/2021\/12\/spay-cdb-lichi.jpg","contentUrl":"https:\/\/thetreecbd.com\/wp-content\/uploads\/2021\/12\/spay-cdb-lichi.jpg","width":600,"height":720},{"@type":"BreadcrumbList","@id":"https:\/\/thetreecbd.com\/de\/cbd\/cbd-spray-mini-litschi#breadcrumb","itemListElement":[{"@type":"ListItem","position":1,"name":"The Tree","item":"https:\/\/thetreecbd.com\/de"},{"@type":"ListItem","position":2,"name":"CBD","item":"https:\/\/thetreecbd.com\/es\/cbd"},{"@type":"ListItem","position":3,"name":"CBD-Bl\u00fcten kaufen","item":"https:\/\/thetreecbd.com\/de\/bluten"},{"@type":"ListItem","position":4,"name":"CBD Spray Mini Litschi"}]},{"@type":"WebSite","@id":"https:\/\/thetreecbd.com\/de#website","url":"https:\/\/thetreecbd.com\/de","name":"The Tree CBD","description":"Comprar CBD en Espa\u00f1a Online","publisher":{"@id":"https:\/\/thetreecbd.com\/de#organization"},"potentialAction":[{"@type":"SearchAction","target":{"@type":"EntryPoint","urlTemplate":"https:\/\/thetreecbd.com\/de?s={search_term_string}"},"query-input":{"@type":"PropertyValueSpecification","valueRequired":true,"valueName":"search_term_string"}}],"inLanguage":"de"},{"@type":"Organization","@id":"https:\/\/thetreecbd.com\/de#organization","name":"The Tree CBD","url":"https:\/\/thetreecbd.com\/de","logo":{"@type":"ImageObject","inLanguage":"de","@id":"https:\/\/thetreecbd.com\/de#\/schema\/logo\/image\/","url":"https:\/\/thetreecbd.com\/wp-content\/uploads\/2022\/04\/logo-thetree.png","contentUrl":"https:\/\/thetreecbd.com\/wp-content\/uploads\/2022\/04\/logo-thetree.png","width":172,"height":55,"caption":"The Tree CBD"},"image":{"@id":"https:\/\/thetreecbd.com\/de#\/schema\/logo\/image\/"},"sameAs":["https:\/\/www.facebook.com\/thetreeCBD\/","https:\/\/x.com\/TheTreeCBD_EU","https:\/\/www.instagram.com\/thetree.cbd\/","https:\/\/es.trustpilot.com\/review\/thetreecbd.com"]}]}},"_links":{"self":[{"href":"https:\/\/thetreecbd.com\/de\/wp-json\/wp\/v2\/product\/166237","targetHints":{"allow":["GET"]}}],"collection":[{"href":"https:\/\/thetreecbd.com\/de\/wp-json\/wp\/v2\/product"}],"about":[{"href":"https:\/\/thetreecbd.com\/de\/wp-json\/wp\/v2\/types\/product"}],"version-history":[{"count":0,"href":"https:\/\/thetreecbd.com\/de\/wp-json\/wp\/v2\/product\/166237\/revisions"}],"wp:featuredmedia":[{"embeddable":true,"href":"https:\/\/thetreecbd.com\/de\/wp-json\/wp\/v2\/media\/166238"}],"wp:attachment":[{"href":"https:\/\/thetreecbd.com\/de\/wp-json\/wp\/v2\/media?parent=166237"}],"wp:term":[{"taxonomy":"product_brand","embeddable":true,"href":"https:\/\/thetreecbd.com\/de\/wp-json\/wp\/v2\/product_brand?post=166237"}],"curies":[{"name":"wp","href":"https:\/\/api.w.org\/{rel}","templated":true}]}}