{"id":166241,"date":"2021-12-03T13:20:36","date_gmt":"2021-12-03T12:20:36","guid":{"rendered":"https:\/\/thetreecbd.com\/cbd\/spray-cbd-mini-mango"},"modified":"2021-12-03T13:20:36","modified_gmt":"2021-12-03T12:20:36","slug":"spray-cbd-mini-mango","status":"publish","type":"product","link":"https:\/\/thetreecbd.com\/de\/cbd\/spray-cbd-mini-mango","title":{"rendered":"Spray CBD Mini Mango"},"content":{"rendered":"<p class=\"whitespace-normal break-words\">Dieses <strong>CBD-Spray 10% Vollspektrum<\/strong> ist auf <strong>MCT-\u00d6l-Basis<\/strong> mit Vollspektrum-Extrakt aus <strong>Hanfbl\u00fcten<\/strong> hergestellt, wodurch es alle aktiven Komponenten des Hanfs enth\u00e4lt.<\/p>\n<p class=\"whitespace-normal break-words\">Seine gro\u00dfartige Magistralformel f\u00fcgt 100% nat\u00fcrliche Aromen hinzu, die den starken und erdigen Geschmack des CBD \u00fcberdecken, den viele Verbraucher vermeiden m\u00f6chten.<\/p>\n<p class=\"whitespace-normal break-words\">Sein CBD-\u00d6l wurde <strong>ohne L\u00f6sungsmittel<\/strong> hergestellt: frei von Alkoholen, Gasen oder anderen aggressiveren L\u00f6sungsmitteln f\u00fcr die Extraktion.<\/p>\n<p class=\"whitespace-normal break-words\">Auf diese Weise bewahrt dieses CBD Mini-Spray von The Tree CBD die meisten Komponenten der Hanfbl\u00fcte und ihre Eigenschaften und liefert haupts\u00e4chlich Cannabidiol (CBD) 10% sowie kleinere Anteile von CBG, CBF, CBN, CBC, THC (weniger als 0,2%) und mehr als 40 Terpene, die nat\u00fcrlich im Hanf vorhanden sind. Diese L\u00f6sung enth\u00e4lt das <strong>vollst\u00e4ndige Spektrum<\/strong> der Pflanze.<\/p>\n<p class=\"whitespace-normal break-words\">Das \u00d6l des CBD-Sprays von The Tree ist <strong>\u00f6kologisch angebaut<\/strong>, frei von Pestiziden, sch\u00e4dlichen Chemikalien und folgt den strengsten Qualit\u00e4tskontrollen mit <strong>100% pflanzlichen Inhaltsstoffen<\/strong>.<\/p>\n<p class=\"whitespace-normal break-words\">Es kommt in einer Flasche mit einem Applikator oben. Es ist zum Spr\u00fchen konzipiert und ist eine ziemlich einfache und diskrete Art, CBD in Ihren Alltag zu transportieren.<\/p>\n<p class=\"whitespace-normal break-words\">Das CBD Mini-Spray von The Tree kommt in einem praktischen 2,5 ml Format, das es ideal macht, um es \u00fcberall hin mitzunehmen. Es ist auch ein ideales Format f\u00fcr diejenigen, die CBD zum ersten Mal ausprobieren m\u00f6chten und nicht viel Geld f\u00fcr ein gro\u00dfes 10ml Format ausgeben wollen.<\/p>\n<p class=\"whitespace-normal break-words\"><strong>Eigenschaften des CBD Mini-Sprays Mango<\/strong><\/p>\n<ul class=\"[&amp;:not(:last-child)_ul]:pb-1 [&amp;:not(:last-child)_ol]:pb-1 list-disc space-y-1.5 pl-7\">\n<li class=\"whitespace-normal break-words\"><strong>CBD-Spray mit MCT-Kokos\u00f6l<\/strong><\/li>\n<li class=\"whitespace-normal break-words\"><strong>10% CBD<\/strong> pro Tropfen (5mg pro Tropfen).<\/li>\n<li class=\"whitespace-normal break-words\">Dosierflasche <strong>2,5 ml.<\/strong><\/li>\n<li class=\"whitespace-normal break-words\">Mango-Aroma<\/li>\n<li class=\"whitespace-normal break-words\">\u00d6kologischer Anbau, frei von Pestiziden und sch\u00e4dlichen Chemikalien.<\/li>\n<li class=\"whitespace-normal break-words\">Enth\u00e4lt Spuren von THC (weniger als 0,2%)<\/li>\n<\/ul>\n<p class=\"whitespace-normal break-words\"><strong>Inhaltsstoffe CBD-Spray<\/strong> Cannabis Sativa L-Extrakt, MCT-\u00d6l (Kokos\u00f6l-Basis), Terpene und Mango-Aroma.<\/p>\n<p class=\"whitespace-normal break-words\"><strong>CBD-Aroma<\/strong> <strong>Mango<\/strong>: Die tropische S\u00fc\u00dfe der Mango kombiniert mit 10% hochwertigem CBD gibt Ihnen sofort sommerliche Vibes und bringt Sie zur\u00fcck zu sonnigen Tagen.<\/p>\n<p class=\"whitespace-normal break-words\"><strong>Zielgruppe<\/strong> Ob f\u00fcr CBD-Anf\u00e4nger oder -Experten, mit unserem neuen CBD-Spray in einer 2,5 ml Glas-Sprayflasche haben Sie immer die extra Portion Entspannung bei sich. Au\u00dferdem kommen sie mit Mango-, Litschi- oder Minz-Aroma f\u00fcr all diejenigen, die das nat\u00fcrliche Hanf-Aroma nicht m\u00f6gen oder etwas anderes ausprobieren m\u00f6chten.<\/p>\n<p class=\"whitespace-normal break-words\">Alle unsere CBD-Sprays sind Vollspektrum und mit dem besten MCT-basierten CBD-\u00d6l aus Kokos\u00f6l formuliert. 100% vegan, ohne Zucker oder Laktose.<\/p>\n<p class=\"whitespace-normal break-words\">Dieses \u00d6l <strong>enth\u00e4lt weniger als 0,2% THC<\/strong>, daher hat es keine psychoaktiven Effekte.<\/p>\n<p class=\"whitespace-normal break-words\"><strong>Sicherheitsinformationen<\/strong> Das Produkt sollte nicht w\u00e4hrend der Schwangerschaft oder Stillzeit verwendet werden. Au\u00dferhalb der Reichweite von Kindern aufbewahren. Beachten Sie bitte, dass es Wechselwirkungen mit Medikamenten und bestimmten psychotropen Arzneimitteln geben kann! F\u00fcr detaillierte Informationen wenden Sie sich an Ihren Arzt oder Apotheker.<\/p>\n<p class=\"whitespace-normal break-words\">Unsere Vollspektrum CBD-Sprays k\u00f6nnen eine gewisse Menge THC enthalten. Nat\u00fcrlich liegt dies unter dem EU-Grenzwert von 0,2% THC.<\/p>\n<p class=\"whitespace-normal break-words\">Der bereitgestellte Inhalt dient nur zu Informations- und Bildungszwecken und ersetzt in keiner Weise den medizinischen Rat eines Arztes oder Apothekers. Unsere Texte sind nicht f\u00fcr die eigenst\u00e4ndige Diagnose und Behandlung von Krankheiten bestimmt.<\/p>\n<p class=\"whitespace-normal break-words\">Z\u00f6gern Sie nicht, uns zu kontaktieren, wenn Sie weitere Fragen haben.<\/p>\n<p class=\"whitespace-normal break-words\"><strong>Lagerung<\/strong> Idealerweise sollte das CBD Mini-Spray an einem k\u00fchlen und trockenen Ort, gesch\u00fctzt vor Licht, gelagert werden. Vermeiden Sie direktes Sonnenlicht und Hitze. Au\u00dferhalb der Reichweite von Kindern aufbewahren.<\/p>\n<p class=\"whitespace-normal break-words\">Das Produkt hat eine Haltbarkeit von 6 Monaten nach dem \u00d6ffnen. Unge\u00f6ffnet 12 Monate nach dem Kauf.<\/p>\n<p class=\"whitespace-normal break-words\">Achtung: Die angegebene Haltbarkeit gilt bei ordnungsgem\u00e4\u00dfer Lagerung.<\/p>\n","protected":false},"excerpt":{"rendered":"<ul>\n<li class=\"whitespace-normal break-words\"><strong>CBD-Spray mit MCT-Kokos\u00f6l<\/strong><\/li>\n<li class=\"whitespace-normal break-words\"><strong>10% CBD<\/strong> pro Tropfen (5mg pro Tropfen).<\/li>\n<li class=\"whitespace-normal break-words\">Dosierflasche <strong>2,5 ml.<\/strong><\/li>\n<li class=\"whitespace-normal break-words\">Mango-Aroma<\/li>\n<li class=\"whitespace-normal break-words\">\u00d6kologischer Anbau, frei von Pestiziden und sch\u00e4dlichen Chemikalien.<\/li>\n<li class=\"whitespace-normal break-words\">Enth\u00e4lt Spuren von THC (weniger als 0,2%)<\/li>\n<\/ul>\n","protected":false},"featured_media":166249,"template":"","meta":{"_acf_changed":false},"product_brand":[],"class_list":{"0":"post-166241","1":"product","2":"type-product","3":"status-publish","4":"has-post-thumbnail","6":"product_cat-cbd-spray","7":"product_cat-produkte-mit-10-cbd","9":"first","10":"outofstock","11":"sale","12":"taxable","13":"shipping-taxable","14":"purchasable","15":"product-type-simple"},"acf":[],"yoast_head":"<!-- This site is optimized with the Yoast SEO plugin v26.3 - https:\/\/yoast.com\/wordpress\/plugins\/seo\/ -->\n<title>Spray CBD Mini Mango | The Tree CBD<\/title>\n<meta name=\"description\" content=\"Das CBD Mini-Spray Mango mit 10% CBD ist Ihr bester Verb\u00fcndeter, um Ihre Entspannungsdosis mit sich zu f\u00fchren. Mango CBD-Spray Vollspektrum 100% nat\u00fcrlich\" \/>\n<meta name=\"robots\" content=\"index, follow, max-snippet:-1, max-image-preview:large, max-video-preview:-1\" \/>\n<link rel=\"canonical\" href=\"https:\/\/thetreecbd.com\/de\/cbd\/spray-cbd-mini-mango\" \/>\n<meta property=\"og:locale\" content=\"de_DE\" \/>\n<meta property=\"og:type\" content=\"article\" \/>\n<meta property=\"og:title\" content=\"Spray CBD Mini Mango | The Tree CBD\" \/>\n<meta property=\"og:description\" content=\"Das CBD Mini-Spray Mango mit 10% CBD ist Ihr bester Verb\u00fcndeter, um Ihre Entspannungsdosis mit sich zu f\u00fchren. Mango CBD-Spray Vollspektrum 100% nat\u00fcrlich\" \/>\n<meta property=\"og:url\" content=\"https:\/\/thetreecbd.com\/de\/cbd\/spray-cbd-mini-mango\" \/>\n<meta property=\"og:site_name\" content=\"The Tree CBD\" \/>\n<meta property=\"article:publisher\" content=\"https:\/\/www.facebook.com\/thetreeCBD\/\" \/>\n<meta property=\"og:image\" content=\"https:\/\/thetreecbd.com\/wp-content\/uploads\/2021\/12\/spay-cdb-mango.jpg\" \/>\n\t<meta property=\"og:image:width\" content=\"600\" \/>\n\t<meta property=\"og:image:height\" content=\"720\" \/>\n\t<meta property=\"og:image:type\" content=\"image\/jpeg\" \/>\n<meta name=\"twitter:card\" content=\"summary_large_image\" \/>\n<meta name=\"twitter:site\" content=\"@TheTreeCBD_EU\" \/>\n<meta name=\"twitter:label1\" content=\"Gesch\u00e4tzte Lesezeit\" \/>\n\t<meta name=\"twitter:data1\" content=\"3\u00a0Minuten\" \/>\n<script type=\"application\/ld+json\" class=\"yoast-schema-graph\">{\"@context\":\"https:\/\/schema.org\",\"@graph\":[{\"@type\":[\"WebPage\",\"ItemPage\"],\"@id\":\"https:\/\/thetreecbd.com\/de\/cbd\/spray-cbd-mini-mango\",\"url\":\"https:\/\/thetreecbd.com\/de\/cbd\/spray-cbd-mini-mango\",\"name\":\"Spray CBD Mini Mango | The Tree CBD\",\"isPartOf\":{\"@id\":\"https:\/\/thetreecbd.com\/de#website\"},\"primaryImageOfPage\":{\"@id\":\"https:\/\/thetreecbd.com\/de\/cbd\/spray-cbd-mini-mango#primaryimage\"},\"image\":{\"@id\":\"https:\/\/thetreecbd.com\/de\/cbd\/spray-cbd-mini-mango#primaryimage\"},\"thumbnailUrl\":\"https:\/\/thetreecbd.com\/wp-content\/uploads\/2021\/12\/spay-cdb-mango.jpg\",\"datePublished\":\"2021-12-03T12:20:36+00:00\",\"description\":\"Das CBD Mini-Spray Mango mit 10% CBD ist Ihr bester Verb\u00fcndeter, um Ihre Entspannungsdosis mit sich zu f\u00fchren. Mango CBD-Spray Vollspektrum 100% nat\u00fcrlich\",\"breadcrumb\":{\"@id\":\"https:\/\/thetreecbd.com\/de\/cbd\/spray-cbd-mini-mango#breadcrumb\"},\"inLanguage\":\"de\",\"potentialAction\":[{\"@type\":\"ReadAction\",\"target\":[\"https:\/\/thetreecbd.com\/de\/cbd\/spray-cbd-mini-mango\"]}]},{\"@type\":\"ImageObject\",\"inLanguage\":\"de\",\"@id\":\"https:\/\/thetreecbd.com\/de\/cbd\/spray-cbd-mini-mango#primaryimage\",\"url\":\"https:\/\/thetreecbd.com\/wp-content\/uploads\/2021\/12\/spay-cdb-mango.jpg\",\"contentUrl\":\"https:\/\/thetreecbd.com\/wp-content\/uploads\/2021\/12\/spay-cdb-mango.jpg\",\"width\":600,\"height\":720},{\"@type\":\"BreadcrumbList\",\"@id\":\"https:\/\/thetreecbd.com\/de\/cbd\/spray-cbd-mini-mango#breadcrumb\",\"itemListElement\":[{\"@type\":\"ListItem\",\"position\":1,\"name\":\"The Tree\",\"item\":\"https:\/\/thetreecbd.com\/de\"},{\"@type\":\"ListItem\",\"position\":2,\"name\":\"CBD\",\"item\":\"https:\/\/thetreecbd.com\/es\/cbd\"},{\"@type\":\"ListItem\",\"position\":3,\"name\":\"CBD-Bl\u00fcten kaufen\",\"item\":\"https:\/\/thetreecbd.com\/de\/bluten\"},{\"@type\":\"ListItem\",\"position\":4,\"name\":\"Spray CBD Mini Mango\"}]},{\"@type\":\"WebSite\",\"@id\":\"https:\/\/thetreecbd.com\/de#website\",\"url\":\"https:\/\/thetreecbd.com\/de\",\"name\":\"The Tree CBD\",\"description\":\"Comprar CBD en Espa\u00f1a Online\",\"publisher\":{\"@id\":\"https:\/\/thetreecbd.com\/de#organization\"},\"potentialAction\":[{\"@type\":\"SearchAction\",\"target\":{\"@type\":\"EntryPoint\",\"urlTemplate\":\"https:\/\/thetreecbd.com\/de?s={search_term_string}\"},\"query-input\":{\"@type\":\"PropertyValueSpecification\",\"valueRequired\":true,\"valueName\":\"search_term_string\"}}],\"inLanguage\":\"de\"},{\"@type\":\"Organization\",\"@id\":\"https:\/\/thetreecbd.com\/de#organization\",\"name\":\"The Tree CBD\",\"url\":\"https:\/\/thetreecbd.com\/de\",\"logo\":{\"@type\":\"ImageObject\",\"inLanguage\":\"de\",\"@id\":\"https:\/\/thetreecbd.com\/de#\/schema\/logo\/image\/\",\"url\":\"https:\/\/thetreecbd.com\/wp-content\/uploads\/2022\/04\/logo-thetree.png\",\"contentUrl\":\"https:\/\/thetreecbd.com\/wp-content\/uploads\/2022\/04\/logo-thetree.png\",\"width\":172,\"height\":55,\"caption\":\"The Tree CBD\"},\"image\":{\"@id\":\"https:\/\/thetreecbd.com\/de#\/schema\/logo\/image\/\"},\"sameAs\":[\"https:\/\/www.facebook.com\/thetreeCBD\/\",\"https:\/\/x.com\/TheTreeCBD_EU\",\"https:\/\/www.instagram.com\/thetree.cbd\/\",\"https:\/\/es.trustpilot.com\/review\/thetreecbd.com\"]}]}<\/script>\n<!-- \/ Yoast SEO plugin. -->","yoast_head_json":{"title":"Spray CBD Mini Mango | The Tree CBD","description":"Das CBD Mini-Spray Mango mit 10% CBD ist Ihr bester Verb\u00fcndeter, um Ihre Entspannungsdosis mit sich zu f\u00fchren. Mango CBD-Spray Vollspektrum 100% nat\u00fcrlich","robots":{"index":"index","follow":"follow","max-snippet":"max-snippet:-1","max-image-preview":"max-image-preview:large","max-video-preview":"max-video-preview:-1"},"canonical":"https:\/\/thetreecbd.com\/de\/cbd\/spray-cbd-mini-mango","og_locale":"de_DE","og_type":"article","og_title":"Spray CBD Mini Mango | The Tree CBD","og_description":"Das CBD Mini-Spray Mango mit 10% CBD ist Ihr bester Verb\u00fcndeter, um Ihre Entspannungsdosis mit sich zu f\u00fchren. Mango CBD-Spray Vollspektrum 100% nat\u00fcrlich","og_url":"https:\/\/thetreecbd.com\/de\/cbd\/spray-cbd-mini-mango","og_site_name":"The Tree CBD","article_publisher":"https:\/\/www.facebook.com\/thetreeCBD\/","og_image":[{"width":600,"height":720,"url":"https:\/\/thetreecbd.com\/wp-content\/uploads\/2021\/12\/spay-cdb-mango.jpg","type":"image\/jpeg"}],"twitter_card":"summary_large_image","twitter_site":"@TheTreeCBD_EU","twitter_misc":{"Gesch\u00e4tzte Lesezeit":"3\u00a0Minuten"},"schema":{"@context":"https:\/\/schema.org","@graph":[{"@type":["WebPage","ItemPage"],"@id":"https:\/\/thetreecbd.com\/de\/cbd\/spray-cbd-mini-mango","url":"https:\/\/thetreecbd.com\/de\/cbd\/spray-cbd-mini-mango","name":"Spray CBD Mini Mango | The Tree CBD","isPartOf":{"@id":"https:\/\/thetreecbd.com\/de#website"},"primaryImageOfPage":{"@id":"https:\/\/thetreecbd.com\/de\/cbd\/spray-cbd-mini-mango#primaryimage"},"image":{"@id":"https:\/\/thetreecbd.com\/de\/cbd\/spray-cbd-mini-mango#primaryimage"},"thumbnailUrl":"https:\/\/thetreecbd.com\/wp-content\/uploads\/2021\/12\/spay-cdb-mango.jpg","datePublished":"2021-12-03T12:20:36+00:00","description":"Das CBD Mini-Spray Mango mit 10% CBD ist Ihr bester Verb\u00fcndeter, um Ihre Entspannungsdosis mit sich zu f\u00fchren. Mango CBD-Spray Vollspektrum 100% nat\u00fcrlich","breadcrumb":{"@id":"https:\/\/thetreecbd.com\/de\/cbd\/spray-cbd-mini-mango#breadcrumb"},"inLanguage":"de","potentialAction":[{"@type":"ReadAction","target":["https:\/\/thetreecbd.com\/de\/cbd\/spray-cbd-mini-mango"]}]},{"@type":"ImageObject","inLanguage":"de","@id":"https:\/\/thetreecbd.com\/de\/cbd\/spray-cbd-mini-mango#primaryimage","url":"https:\/\/thetreecbd.com\/wp-content\/uploads\/2021\/12\/spay-cdb-mango.jpg","contentUrl":"https:\/\/thetreecbd.com\/wp-content\/uploads\/2021\/12\/spay-cdb-mango.jpg","width":600,"height":720},{"@type":"BreadcrumbList","@id":"https:\/\/thetreecbd.com\/de\/cbd\/spray-cbd-mini-mango#breadcrumb","itemListElement":[{"@type":"ListItem","position":1,"name":"The Tree","item":"https:\/\/thetreecbd.com\/de"},{"@type":"ListItem","position":2,"name":"CBD","item":"https:\/\/thetreecbd.com\/es\/cbd"},{"@type":"ListItem","position":3,"name":"CBD-Bl\u00fcten kaufen","item":"https:\/\/thetreecbd.com\/de\/bluten"},{"@type":"ListItem","position":4,"name":"Spray CBD Mini Mango"}]},{"@type":"WebSite","@id":"https:\/\/thetreecbd.com\/de#website","url":"https:\/\/thetreecbd.com\/de","name":"The Tree CBD","description":"Comprar CBD en Espa\u00f1a Online","publisher":{"@id":"https:\/\/thetreecbd.com\/de#organization"},"potentialAction":[{"@type":"SearchAction","target":{"@type":"EntryPoint","urlTemplate":"https:\/\/thetreecbd.com\/de?s={search_term_string}"},"query-input":{"@type":"PropertyValueSpecification","valueRequired":true,"valueName":"search_term_string"}}],"inLanguage":"de"},{"@type":"Organization","@id":"https:\/\/thetreecbd.com\/de#organization","name":"The Tree CBD","url":"https:\/\/thetreecbd.com\/de","logo":{"@type":"ImageObject","inLanguage":"de","@id":"https:\/\/thetreecbd.com\/de#\/schema\/logo\/image\/","url":"https:\/\/thetreecbd.com\/wp-content\/uploads\/2022\/04\/logo-thetree.png","contentUrl":"https:\/\/thetreecbd.com\/wp-content\/uploads\/2022\/04\/logo-thetree.png","width":172,"height":55,"caption":"The Tree CBD"},"image":{"@id":"https:\/\/thetreecbd.com\/de#\/schema\/logo\/image\/"},"sameAs":["https:\/\/www.facebook.com\/thetreeCBD\/","https:\/\/x.com\/TheTreeCBD_EU","https:\/\/www.instagram.com\/thetree.cbd\/","https:\/\/es.trustpilot.com\/review\/thetreecbd.com"]}]}},"_links":{"self":[{"href":"https:\/\/thetreecbd.com\/de\/wp-json\/wp\/v2\/product\/166241","targetHints":{"allow":["GET"]}}],"collection":[{"href":"https:\/\/thetreecbd.com\/de\/wp-json\/wp\/v2\/product"}],"about":[{"href":"https:\/\/thetreecbd.com\/de\/wp-json\/wp\/v2\/types\/product"}],"version-history":[{"count":0,"href":"https:\/\/thetreecbd.com\/de\/wp-json\/wp\/v2\/product\/166241\/revisions"}],"wp:featuredmedia":[{"embeddable":true,"href":"https:\/\/thetreecbd.com\/de\/wp-json\/wp\/v2\/media\/166249"}],"wp:attachment":[{"href":"https:\/\/thetreecbd.com\/de\/wp-json\/wp\/v2\/media?parent=166241"}],"wp:term":[{"taxonomy":"product_brand","embeddable":true,"href":"https:\/\/thetreecbd.com\/de\/wp-json\/wp\/v2\/product_brand?post=166241"}],"curies":[{"name":"wp","href":"https:\/\/api.w.org\/{rel}","templated":true}]}}