{"id":166255,"date":"2019-08-09T07:30:29","date_gmt":"2019-08-09T05:30:29","guid":{"rendered":"https:\/\/thetreecbd.com\/cbd\/after-sun-cbd-mit-aloe-vera"},"modified":"2019-08-09T07:30:29","modified_gmt":"2019-08-09T05:30:29","slug":"after-sun-cbd-mit-aloe-vera","status":"publish","type":"product","link":"https:\/\/thetreecbd.com\/de\/cbd\/after-sun-cbd-mit-aloe-vera","title":{"rendered":"After Sun CBD mit Aloe Vera"},"content":{"rendered":"<p class=\"whitespace-normal break-words\">Das <strong>After Sun CBD<\/strong> <strong>Aloe Vera<\/strong> mit Ringelblume und Arnika bietet eine beruhigende Wirkung f\u00fcr Haut, die l\u00e4ngere Zeit der Sonne ausgesetzt war. Vermeiden Sie m\u00f6gliche Hautsch\u00e4den mit diesem vollkommen nat\u00fcrlichen Produkt, das speziell entwickelt wurde, um die Hautgesundheit zu bewahren.<\/p>\n<p class=\"whitespace-normal break-words\">W\u00e4hrend Aloe Vera hydratisiert, gl\u00e4ttet, regeneriert und abgestorbene Hautzellen entfernt, lindert Ringelblume die durch Sonneneinstrahlung verursachten Entz\u00fcndungsprozesse, Arnika stimuliert die Blutzirkulation und beschleunigt die Heilungsprozesse, und schlie\u00dflich hilft CBD dabei, <strong>Schmerzen zu reduzieren<\/strong> und <strong>Schwellungen zu lindern<\/strong>, unterst\u00fctzt die <strong>Zellregeneration<\/strong> und tr\u00e4gt gleichzeitig dazu bei, <strong>die Entstehung von Falten<\/strong> und unerw\u00fcnschten Flecken dank seiner gro\u00dfartigen feuchtigkeitsspendenden Eigenschaften zu <strong>vermeiden<\/strong>.<\/p>\n<p class=\"whitespace-normal break-words\">The Tree CBD bietet Ihnen Kosmetikprodukte, die bei der Hautpflege helfen, wie das After Sun CBD oder den Sportbalsam. Produkte, die dazu beitragen, dass Ihre Haut hydratisierter und gepflegter ist.<\/p>\n<p class=\"whitespace-normal break-words\"><strong>Eigenschaften<\/strong> After Sun auf CBD-, Aloe Vera-, Ringelblumen- und Arnika-Basis, das eine beruhigende Wirkung f\u00fcr Haut bietet, die l\u00e4ngere Zeit der Sonne ausgesetzt war. Vermeiden Sie m\u00f6gliche Hautsch\u00e4den mit diesem vollkommen nat\u00fcrlichen Produkt, das speziell entwickelt wurde, um die Hautgesundheit zu bewahren.<\/p>\n<p class=\"whitespace-normal break-words\"><strong>Inhaltsstoffe des After Sun CBD Aloe Vera<\/strong> Wasser, Alcohol Denat., Helianthus Annuus Samen\u00f6l, Glycerin, Propylenglykol, Cyclopentasiloxan, Dicaprylylether, Glycine Soja \u00d6l, Cetylalkohol, Glycerylstearat, Arnica Montana Bl\u00fctenextrakt, Harpagophytum Procumbens Wurzelextrakt, Phenoxyethanol, Carbomer, Hanfsamen\u00f6l, PEG-75 Stearat, Pfefferminz\u00f6l, Triethanolamin, Xanthangummi, Allantoin, Hypericum Perforatum Extrakt, Panthenol, Ceteth-20, Steareth-20, Cannabidiol, Calendula Officinalis Bl\u00fctenextrakt, Citrus Limon Schalen\u00f6l, Ethylhexylglycerin, Kaliumsorbat, Eugenia Caryophyllus Blatt\u00f6l, Melaleuca Leucadendron Cajuputi Blatt\u00f6l, Tocopherylacetat, Tocopherol, Zimtalkohol, D-Limonen, Eugenol und Linalool<\/p>\n<p class=\"whitespace-normal break-words\"><strong>Zielgruppe<\/strong> Das After Sun CBD von The Tree CBD ist und kann von einer gro\u00dfen Bandbreite von Menschen und f\u00fcr verschiedene Zwecke verwendet werden. Hier ist eine Liste von Gelegenheiten und Zielen, die Ihnen helfen zu sehen, ob dieses Produkt f\u00fcr Sie geeignet sein k\u00f6nnte:<\/p>\n<ul class=\"[&amp;:not(:last-child)_ul]:pb-1 [&amp;:not(:last-child)_ol]:pb-1 list-disc space-y-1.5 pl-7\">\n<li class=\"whitespace-normal break-words\">Verbessern Sie Ihre Br\u00e4une. Ihre Haut wird von gereizt und rot zu einer ausgezeichneten Br\u00e4une \u00fcbergehen.<\/li>\n<li class=\"whitespace-normal break-words\">Hilft dabei, die Br\u00e4une zu erhalten und ihre Dauer l\u00e4nger zu verl\u00e4ngern.<\/li>\n<li class=\"whitespace-normal break-words\">Sie sind eine gro\u00dfe Hilfe gegen Insektenstiche.<\/li>\n<li class=\"whitespace-normal break-words\">K\u00f6nnen von Personen mit empfindlicher Haut verwendet werden.<\/li>\n<li class=\"whitespace-normal break-words\">Sie sind perfekte Produkte zur Behandlung von Sonnenbrand.<\/li>\n<li class=\"whitespace-normal break-words\">Ideal f\u00fcr andere Beschwerden, die eine dermatologische Behandlung ben\u00f6tigen.<\/li>\n<\/ul>\n<p class=\"whitespace-normal break-words\"><strong>Sicherheitsinformationen<\/strong> Hat eine Haltbarkeit von bis zu 12 Monaten nach dem \u00d6ffnen. Nicht einnehmen oder einatmen.<\/p>\n<p class=\"whitespace-normal break-words\"><strong>Lagerung<\/strong> An einem trockenen Ort bei einer Temperatur zwischen 8 und 25 Grad lagern. Vor direkter Sonneneinstrahlung und Hitze sch\u00fctzen.<\/p>\n","protected":false},"excerpt":{"rendered":"<div data-test-render-count=\"3\">\n<div class=\"mb-1 mt-1\">\n<div class=\"group  relative  inline-flex  gap-2  bg-bg-300  rounded-xl  pl-2.5  py-2.5  break-words  text-text-100  transition-all  max-w-[75ch]  flex-col pr-6\">\n<div class=\"absolute bottom-0 right-2 pointer-events-none\">\n<div class=\"rounded-lg transition min-w-max pointer-events-auto translate-y-4 bg-bg-300\/90 backdrop-blur-sm translate-x-1 group-hover:translate-x-0.5 border-0.5 border-border-300 p-0.5 shadow-sm opacity-0 group-hover:opacity-100\">\n<div class=\"text-text-300 flex items-stretch justify-between\">\n<div class=\"flex items-center gap-0.5\">After Sun auf CBD-, Aloe Vera-, Ringelblumen- und Arnika-Basis, das eine beruhigende Wirkung f\u00fcr Haut bietet, die l\u00e4ngere Zeit der Sonne ausgesetzt war. Vermeiden Sie m\u00f6gliche Hautsch\u00e4den mit diesem vollkommen nat\u00fcrlichen Produkt, das speziell entwickelt wurde, um die Hautgesundheit zu bewahren.<\/div>\n<\/div>\n<\/div>\n<\/div>\n<\/div>\n<\/div>\n<\/div>\n","protected":false},"featured_media":166258,"template":"","meta":{"_acf_changed":false},"product_brand":[],"class_list":{"0":"post-166255","1":"product","2":"type-product","3":"status-publish","4":"has-post-thumbnail","6":"product_cat-cbd-cremes","7":"product_cat-cbd-kosmetik","8":"product_cat-cbd-fur-die-hautpflege","10":"first","11":"outofstock","12":"taxable","13":"shipping-taxable","14":"purchasable","15":"product-type-simple"},"acf":[],"yoast_head":"<!-- This site is optimized with the Yoast SEO plugin v26.3 - https:\/\/yoast.com\/wordpress\/plugins\/seo\/ -->\n<title>After Sun CBD mit Aloe Vera | The Tree CBD<\/title>\n<meta name=\"description\" content=\"After Sun CBD mit Aloe Vera, Ringelblume und Arnika. Beruhigende Wirkung f\u00fcr die Haut, die l\u00e4ngere Zeit der Sonne ausgesetzt war. Das Beste von CBD f\u00fcr deine Haut.\" \/>\n<meta name=\"robots\" content=\"index, follow, max-snippet:-1, max-image-preview:large, max-video-preview:-1\" \/>\n<link rel=\"canonical\" href=\"https:\/\/thetreecbd.com\/de\/cbd\/after-sun-cbd-mit-aloe-vera\" \/>\n<meta property=\"og:locale\" content=\"de_DE\" \/>\n<meta property=\"og:type\" content=\"article\" \/>\n<meta property=\"og:title\" content=\"After Sun CBD mit Aloe Vera | The Tree CBD\" \/>\n<meta property=\"og:description\" content=\"After Sun CBD mit Aloe Vera, Ringelblume und Arnika. Beruhigende Wirkung f\u00fcr die Haut, die l\u00e4ngere Zeit der Sonne ausgesetzt war. Das Beste von CBD f\u00fcr deine Haut.\" \/>\n<meta property=\"og:url\" content=\"https:\/\/thetreecbd.com\/de\/cbd\/after-sun-cbd-mit-aloe-vera\" \/>\n<meta property=\"og:site_name\" content=\"The Tree CBD\" \/>\n<meta property=\"article:publisher\" content=\"https:\/\/www.facebook.com\/thetreeCBD\/\" \/>\n<meta property=\"og:image\" content=\"https:\/\/thetreecbd.com\/wp-content\/uploads\/2019\/08\/after-sun-cbd.png\" \/>\n\t<meta property=\"og:image:width\" content=\"600\" \/>\n\t<meta property=\"og:image:height\" content=\"720\" \/>\n\t<meta property=\"og:image:type\" content=\"image\/png\" \/>\n<meta name=\"twitter:card\" content=\"summary_large_image\" \/>\n<meta name=\"twitter:site\" content=\"@TheTreeCBD_EU\" \/>\n<meta name=\"twitter:label1\" content=\"Gesch\u00e4tzte Lesezeit\" \/>\n\t<meta name=\"twitter:data1\" content=\"2\u00a0Minuten\" \/>\n<script type=\"application\/ld+json\" class=\"yoast-schema-graph\">{\"@context\":\"https:\/\/schema.org\",\"@graph\":[{\"@type\":[\"WebPage\",\"ItemPage\"],\"@id\":\"https:\/\/thetreecbd.com\/de\/cbd\/after-sun-cbd-mit-aloe-vera\",\"url\":\"https:\/\/thetreecbd.com\/de\/cbd\/after-sun-cbd-mit-aloe-vera\",\"name\":\"After Sun CBD mit Aloe Vera | The Tree CBD\",\"isPartOf\":{\"@id\":\"https:\/\/thetreecbd.com\/de#website\"},\"primaryImageOfPage\":{\"@id\":\"https:\/\/thetreecbd.com\/de\/cbd\/after-sun-cbd-mit-aloe-vera#primaryimage\"},\"image\":{\"@id\":\"https:\/\/thetreecbd.com\/de\/cbd\/after-sun-cbd-mit-aloe-vera#primaryimage\"},\"thumbnailUrl\":\"https:\/\/thetreecbd.com\/wp-content\/uploads\/2019\/08\/after-sun-cbd.png\",\"datePublished\":\"2019-08-09T05:30:29+00:00\",\"description\":\"After Sun CBD mit Aloe Vera, Ringelblume und Arnika. Beruhigende Wirkung f\u00fcr die Haut, die l\u00e4ngere Zeit der Sonne ausgesetzt war. Das Beste von CBD f\u00fcr deine Haut.\",\"breadcrumb\":{\"@id\":\"https:\/\/thetreecbd.com\/de\/cbd\/after-sun-cbd-mit-aloe-vera#breadcrumb\"},\"inLanguage\":\"de\",\"potentialAction\":[{\"@type\":\"ReadAction\",\"target\":[\"https:\/\/thetreecbd.com\/de\/cbd\/after-sun-cbd-mit-aloe-vera\"]}]},{\"@type\":\"ImageObject\",\"inLanguage\":\"de\",\"@id\":\"https:\/\/thetreecbd.com\/de\/cbd\/after-sun-cbd-mit-aloe-vera#primaryimage\",\"url\":\"https:\/\/thetreecbd.com\/wp-content\/uploads\/2019\/08\/after-sun-cbd.png\",\"contentUrl\":\"https:\/\/thetreecbd.com\/wp-content\/uploads\/2019\/08\/after-sun-cbd.png\",\"width\":600,\"height\":720},{\"@type\":\"BreadcrumbList\",\"@id\":\"https:\/\/thetreecbd.com\/de\/cbd\/after-sun-cbd-mit-aloe-vera#breadcrumb\",\"itemListElement\":[{\"@type\":\"ListItem\",\"position\":1,\"name\":\"The Tree\",\"item\":\"https:\/\/thetreecbd.com\/de\"},{\"@type\":\"ListItem\",\"position\":2,\"name\":\"CBD\",\"item\":\"https:\/\/thetreecbd.com\/es\/cbd\"},{\"@type\":\"ListItem\",\"position\":3,\"name\":\"CBD-Kosmetik\",\"item\":\"https:\/\/thetreecbd.com\/de\/cbd-kosmetik\"},{\"@type\":\"ListItem\",\"position\":4,\"name\":\"After Sun CBD mit Aloe Vera\"}]},{\"@type\":\"WebSite\",\"@id\":\"https:\/\/thetreecbd.com\/de#website\",\"url\":\"https:\/\/thetreecbd.com\/de\",\"name\":\"The Tree CBD\",\"description\":\"Comprar CBD en Espa\u00f1a Online\",\"publisher\":{\"@id\":\"https:\/\/thetreecbd.com\/de#organization\"},\"potentialAction\":[{\"@type\":\"SearchAction\",\"target\":{\"@type\":\"EntryPoint\",\"urlTemplate\":\"https:\/\/thetreecbd.com\/de?s={search_term_string}\"},\"query-input\":{\"@type\":\"PropertyValueSpecification\",\"valueRequired\":true,\"valueName\":\"search_term_string\"}}],\"inLanguage\":\"de\"},{\"@type\":\"Organization\",\"@id\":\"https:\/\/thetreecbd.com\/de#organization\",\"name\":\"The Tree CBD\",\"url\":\"https:\/\/thetreecbd.com\/de\",\"logo\":{\"@type\":\"ImageObject\",\"inLanguage\":\"de\",\"@id\":\"https:\/\/thetreecbd.com\/de#\/schema\/logo\/image\/\",\"url\":\"https:\/\/thetreecbd.com\/wp-content\/uploads\/2022\/04\/logo-thetree.png\",\"contentUrl\":\"https:\/\/thetreecbd.com\/wp-content\/uploads\/2022\/04\/logo-thetree.png\",\"width\":172,\"height\":55,\"caption\":\"The Tree CBD\"},\"image\":{\"@id\":\"https:\/\/thetreecbd.com\/de#\/schema\/logo\/image\/\"},\"sameAs\":[\"https:\/\/www.facebook.com\/thetreeCBD\/\",\"https:\/\/x.com\/TheTreeCBD_EU\",\"https:\/\/www.instagram.com\/thetree.cbd\/\",\"https:\/\/es.trustpilot.com\/review\/thetreecbd.com\"]}]}<\/script>\n<!-- \/ Yoast SEO plugin. -->","yoast_head_json":{"title":"After Sun CBD mit Aloe Vera | The Tree CBD","description":"After Sun CBD mit Aloe Vera, Ringelblume und Arnika. Beruhigende Wirkung f\u00fcr die Haut, die l\u00e4ngere Zeit der Sonne ausgesetzt war. Das Beste von CBD f\u00fcr deine Haut.","robots":{"index":"index","follow":"follow","max-snippet":"max-snippet:-1","max-image-preview":"max-image-preview:large","max-video-preview":"max-video-preview:-1"},"canonical":"https:\/\/thetreecbd.com\/de\/cbd\/after-sun-cbd-mit-aloe-vera","og_locale":"de_DE","og_type":"article","og_title":"After Sun CBD mit Aloe Vera | The Tree CBD","og_description":"After Sun CBD mit Aloe Vera, Ringelblume und Arnika. Beruhigende Wirkung f\u00fcr die Haut, die l\u00e4ngere Zeit der Sonne ausgesetzt war. Das Beste von CBD f\u00fcr deine Haut.","og_url":"https:\/\/thetreecbd.com\/de\/cbd\/after-sun-cbd-mit-aloe-vera","og_site_name":"The Tree CBD","article_publisher":"https:\/\/www.facebook.com\/thetreeCBD\/","og_image":[{"width":600,"height":720,"url":"https:\/\/thetreecbd.com\/wp-content\/uploads\/2019\/08\/after-sun-cbd.png","type":"image\/png"}],"twitter_card":"summary_large_image","twitter_site":"@TheTreeCBD_EU","twitter_misc":{"Gesch\u00e4tzte Lesezeit":"2\u00a0Minuten"},"schema":{"@context":"https:\/\/schema.org","@graph":[{"@type":["WebPage","ItemPage"],"@id":"https:\/\/thetreecbd.com\/de\/cbd\/after-sun-cbd-mit-aloe-vera","url":"https:\/\/thetreecbd.com\/de\/cbd\/after-sun-cbd-mit-aloe-vera","name":"After Sun CBD mit Aloe Vera | The Tree CBD","isPartOf":{"@id":"https:\/\/thetreecbd.com\/de#website"},"primaryImageOfPage":{"@id":"https:\/\/thetreecbd.com\/de\/cbd\/after-sun-cbd-mit-aloe-vera#primaryimage"},"image":{"@id":"https:\/\/thetreecbd.com\/de\/cbd\/after-sun-cbd-mit-aloe-vera#primaryimage"},"thumbnailUrl":"https:\/\/thetreecbd.com\/wp-content\/uploads\/2019\/08\/after-sun-cbd.png","datePublished":"2019-08-09T05:30:29+00:00","description":"After Sun CBD mit Aloe Vera, Ringelblume und Arnika. Beruhigende Wirkung f\u00fcr die Haut, die l\u00e4ngere Zeit der Sonne ausgesetzt war. Das Beste von CBD f\u00fcr deine Haut.","breadcrumb":{"@id":"https:\/\/thetreecbd.com\/de\/cbd\/after-sun-cbd-mit-aloe-vera#breadcrumb"},"inLanguage":"de","potentialAction":[{"@type":"ReadAction","target":["https:\/\/thetreecbd.com\/de\/cbd\/after-sun-cbd-mit-aloe-vera"]}]},{"@type":"ImageObject","inLanguage":"de","@id":"https:\/\/thetreecbd.com\/de\/cbd\/after-sun-cbd-mit-aloe-vera#primaryimage","url":"https:\/\/thetreecbd.com\/wp-content\/uploads\/2019\/08\/after-sun-cbd.png","contentUrl":"https:\/\/thetreecbd.com\/wp-content\/uploads\/2019\/08\/after-sun-cbd.png","width":600,"height":720},{"@type":"BreadcrumbList","@id":"https:\/\/thetreecbd.com\/de\/cbd\/after-sun-cbd-mit-aloe-vera#breadcrumb","itemListElement":[{"@type":"ListItem","position":1,"name":"The Tree","item":"https:\/\/thetreecbd.com\/de"},{"@type":"ListItem","position":2,"name":"CBD","item":"https:\/\/thetreecbd.com\/es\/cbd"},{"@type":"ListItem","position":3,"name":"CBD-Kosmetik","item":"https:\/\/thetreecbd.com\/de\/cbd-kosmetik"},{"@type":"ListItem","position":4,"name":"After Sun CBD mit Aloe Vera"}]},{"@type":"WebSite","@id":"https:\/\/thetreecbd.com\/de#website","url":"https:\/\/thetreecbd.com\/de","name":"The Tree CBD","description":"Comprar CBD en Espa\u00f1a Online","publisher":{"@id":"https:\/\/thetreecbd.com\/de#organization"},"potentialAction":[{"@type":"SearchAction","target":{"@type":"EntryPoint","urlTemplate":"https:\/\/thetreecbd.com\/de?s={search_term_string}"},"query-input":{"@type":"PropertyValueSpecification","valueRequired":true,"valueName":"search_term_string"}}],"inLanguage":"de"},{"@type":"Organization","@id":"https:\/\/thetreecbd.com\/de#organization","name":"The Tree CBD","url":"https:\/\/thetreecbd.com\/de","logo":{"@type":"ImageObject","inLanguage":"de","@id":"https:\/\/thetreecbd.com\/de#\/schema\/logo\/image\/","url":"https:\/\/thetreecbd.com\/wp-content\/uploads\/2022\/04\/logo-thetree.png","contentUrl":"https:\/\/thetreecbd.com\/wp-content\/uploads\/2022\/04\/logo-thetree.png","width":172,"height":55,"caption":"The Tree CBD"},"image":{"@id":"https:\/\/thetreecbd.com\/de#\/schema\/logo\/image\/"},"sameAs":["https:\/\/www.facebook.com\/thetreeCBD\/","https:\/\/x.com\/TheTreeCBD_EU","https:\/\/www.instagram.com\/thetree.cbd\/","https:\/\/es.trustpilot.com\/review\/thetreecbd.com"]}]}},"_links":{"self":[{"href":"https:\/\/thetreecbd.com\/de\/wp-json\/wp\/v2\/product\/166255","targetHints":{"allow":["GET"]}}],"collection":[{"href":"https:\/\/thetreecbd.com\/de\/wp-json\/wp\/v2\/product"}],"about":[{"href":"https:\/\/thetreecbd.com\/de\/wp-json\/wp\/v2\/types\/product"}],"version-history":[{"count":0,"href":"https:\/\/thetreecbd.com\/de\/wp-json\/wp\/v2\/product\/166255\/revisions"}],"wp:featuredmedia":[{"embeddable":true,"href":"https:\/\/thetreecbd.com\/de\/wp-json\/wp\/v2\/media\/166258"}],"wp:attachment":[{"href":"https:\/\/thetreecbd.com\/de\/wp-json\/wp\/v2\/media?parent=166255"}],"wp:term":[{"taxonomy":"product_brand","embeddable":true,"href":"https:\/\/thetreecbd.com\/de\/wp-json\/wp\/v2\/product_brand?post=166255"}],"curies":[{"name":"wp","href":"https:\/\/api.w.org\/{rel}","templated":true}]}}