{"id":166259,"date":"2022-04-04T08:47:28","date_gmt":"2022-04-04T06:47:28","guid":{"rendered":"https:\/\/thetreecbd.com\/cbd\/cbd-sonnenschutzcreme-lsf30"},"modified":"2022-04-04T08:47:28","modified_gmt":"2022-04-04T06:47:28","slug":"cbd-sonnenschutzcreme-lsf30","status":"publish","type":"product","link":"https:\/\/thetreecbd.com\/de\/cbd\/cbd-sonnenschutzcreme-lsf30","title":{"rendered":"CBD Sonnenschutzcreme LSF30"},"content":{"rendered":"<p data-start=\"103\" data-end=\"339\"><strong data-start=\"103\" data-end=\"198\">The Tree CBD bringt dir einen der Essentials f\u00fcr diesen Sommer: die CBD Sonnencreme LSF 30.<\/strong><br data-start=\"198\" data-end=\"201\" \/>Eine Creme mit hohem Schutz, die die Hautpflege garantiert, dank der Vorteile, die CBD bietet, vorausgesetzt, sie wird richtig angewendet.<\/p>\n<p data-start=\"341\" data-end=\"907\">Cannabidiol ist ein nat\u00fcrlicher Inhaltsstoff mit vielen Vorteilen. Immer mehr Kosmetikprodukte integrieren diesen nat\u00fcrlichen Wirkstoff, da er zahlreiche Vorteile bietet: Schutz, Feuchtigkeit und Pflege der Haut. Die Sonnencreme von The Tree CBD enth\u00e4lt die ideale Zutat, damit du den Sommer genie\u00dfen kannst, ohne dich zu verbrennen und gleichzeitig deine Haut pflegst. Dieser nat\u00fcrliche Hanfextrakt besitzt entz\u00fcndungshemmende, antioxidative und feuchtigkeitsspendende Eigenschaften, die dir helfen, dich vor Hitze zu sch\u00fctzen und den Sommer sorgenfrei zu genie\u00dfen.<\/p>\n<p data-start=\"909\" data-end=\"1059\"><strong data-start=\"909\" data-end=\"926\">Eigenschaften<\/strong><br data-start=\"926\" data-end=\"929\" \/>Eine Creme mit hohem Schutz, die die Hautpflege garantiert, dank der Vorteile von CBD, vorausgesetzt, sie wird richtig angewendet.<\/p>\n<p data-start=\"1061\" data-end=\"1273\">Die Formel enth\u00e4lt insgesamt drei wesentliche Wirkstoffe, die unserer Haut die besten sch\u00fctzenden, feuchtigkeitsspendenden und n\u00e4hrenden Effekte verleihen: Hanfsamen\u00f6l, liposomale Sonnenschutzfilter, Cannabidiol.<\/p>\n<p data-start=\"1275\" data-end=\"2104\"><strong data-start=\"1275\" data-end=\"1292\">Inhaltsstoffe<\/strong><br data-start=\"1292\" data-end=\"1295\" \/>WASSER, CAPRYLIC\/CAPRIC GLYCERIDES, TRIHEPTANOIN, COCO-CAPRYLATE\/CAPRATE, ZINKOXID, GLYCERYL STEARATE CITRATE, GLYCERIN, SIMMONDSIA CHINENSIS SEED OIL, ETHYLHEXYL TRIAZONE, DIETHYLAMINO, HYDROXYBENZOYL HEXYL BENZOATE, PRUNUS ARMENIACA KERN\u00d6L, TRIETHYL CITRATE, ALUMINIUMHYDROXID, STEARINS\u00c4URE, TITANDIOXID, ISONONYL ISONONANOATE, CANNABIS SATIVA SEED OIL, HYDROGENIERTE KOCO-GLYCERIDE, BENZYLALKOHOL, OLEA EUROPAEA \u00d6L UNSAPONIFIZIERBARE BESTANDTEILE, CETEARYLALKOHOL, SUCROSE POLYSTEARATE, JOJOBA ESTER, POLYHYDROXYSTEARINS\u00c4URE, GLYCERYL CAPRYLAT, SODIUM GLUCONATE, XANTHANGUMMI, SODIUM CITRATE, CANNABIDIOL \u2013 ABGELEITET AUS EXTRAKT ODER TINKTUR ODER HARZ VON CANNABIS, TOCOPHEROL, DEHYDROAZETESSIGS\u00c4URE, HELIANTHUS ANNUUS SAMEN\u00d6L, SODIUM HYALURONAT, DENATURIERTER ALKOHOL, TASMANNIA LANCEOLATA FRUCHTEXTRAKT.<\/p>\n<p data-start=\"2106\" data-end=\"2338\"><strong data-start=\"2106\" data-end=\"2120\">Zielgruppe<\/strong><br data-start=\"2120\" data-end=\"2123\" \/>Jede Person ab sechs Monaten sollte t\u00e4glich Sonnenschutz verwenden. Selbst Menschen, die in Innenr\u00e4umen arbeiten und nur kurz UV-Strahlung ausgesetzt sind. Au\u00dferdem blockieren die meisten Fenster keine UVA-Strahlen.<\/p>\n<p data-start=\"2340\" data-end=\"2621\">Die entz\u00fcndungshemmenden Eigenschaften von CBD machen es zu einem ausgezeichneten Verb\u00fcndeten zur Vorbeugung von Sonnenbrand. Zudem hilft CBD durch seine antioxidative Wirkung, die Hautalterung zu bek\u00e4mpfen, da es das Auftreten feiner Linien, Falten und Hauterschlaffung verz\u00f6gert.<\/p>\n<p data-start=\"2623\" data-end=\"2723\"><strong data-start=\"2623\" data-end=\"2646\">Sicherheitshinweise<\/strong><br data-start=\"2646\" data-end=\"2649\" \/>Haltbarkeit: bis zu 12 Monate nach \u00d6ffnung. Nicht einnehmen oder einatmen.<\/p>\n<p data-start=\"2725\" data-end=\"2866\"><strong data-start=\"2725\" data-end=\"2737\">Lagerung<\/strong><br data-start=\"2737\" data-end=\"2740\" \/>An einem trockenen Ort bei einer Temperatur zwischen 8 und 25 Grad lagern. Vor direkter Sonneneinstrahlung und Hitze sch\u00fctzen.<\/p>\n","protected":false},"excerpt":{"rendered":"<p data-start=\"81\" data-end=\"212\">Eine Creme mit hohem Schutz, die die Hautpflege garantiert, dank der Vorteile von CBD \u2013 vorausgesetzt, sie wird richtig angewendet.<\/p>\n<p data-start=\"214\" data-end=\"429\">Die Formel enth\u00e4lt insgesamt drei wesentliche Wirkstoffe, die unserer Haut die besten sch\u00fctzenden, feuchtigkeitsspendenden und n\u00e4hrenden Effekte verleihen: Hanfsamen\u00f6l, liposomale Sonnenschutzfilter und Cannabidiol.<\/p>\n","protected":false},"featured_media":166264,"template":"","meta":{"_acf_changed":false},"product_brand":[],"class_list":{"0":"post-166259","1":"product","2":"type-product","3":"status-publish","4":"has-post-thumbnail","6":"product_cat-cbd-cremes","7":"product_cat-cbd-kosmetik","8":"product_cat-cbd-fur-die-hautpflege","10":"first","11":"outofstock","12":"taxable","13":"shipping-taxable","14":"purchasable","15":"product-type-simple"},"acf":[],"yoast_head":"<!-- This site is optimized with the Yoast SEO plugin v26.3 - https:\/\/yoast.com\/wordpress\/plugins\/seo\/ -->\n<title>CBD Sonnenschutzcreme LSF30 | The Tree CBD<\/title>\n<meta name=\"description\" content=\"Die CBD Sonnencreme SPF 30 bietet alle Vorteile von CBD f\u00fcr den besten Schutz und die beste Feuchtigkeitspflege deiner Haut. Entdecke CBD f\u00fcr deine Haut.\" \/>\n<meta name=\"robots\" content=\"index, follow, max-snippet:-1, max-image-preview:large, max-video-preview:-1\" \/>\n<link rel=\"canonical\" href=\"https:\/\/thetreecbd.com\/de\/cbd\/cbd-sonnenschutzcreme-lsf30\" \/>\n<meta property=\"og:locale\" content=\"de_DE\" \/>\n<meta property=\"og:type\" content=\"article\" \/>\n<meta property=\"og:title\" content=\"CBD Sonnenschutzcreme LSF30 | The Tree CBD\" \/>\n<meta property=\"og:description\" content=\"Die CBD Sonnencreme SPF 30 bietet alle Vorteile von CBD f\u00fcr den besten Schutz und die beste Feuchtigkeitspflege deiner Haut. Entdecke CBD f\u00fcr deine Haut.\" \/>\n<meta property=\"og:url\" content=\"https:\/\/thetreecbd.com\/de\/cbd\/cbd-sonnenschutzcreme-lsf30\" \/>\n<meta property=\"og:site_name\" content=\"The Tree CBD\" \/>\n<meta property=\"article:publisher\" content=\"https:\/\/www.facebook.com\/thetreeCBD\/\" \/>\n<meta property=\"og:image\" content=\"https:\/\/thetreecbd.com\/wp-content\/uploads\/2022\/04\/cosmetica-cremas-crema-solar.jpg\" \/>\n\t<meta property=\"og:image:width\" content=\"600\" \/>\n\t<meta property=\"og:image:height\" content=\"720\" \/>\n\t<meta property=\"og:image:type\" content=\"image\/jpeg\" \/>\n<meta name=\"twitter:card\" content=\"summary_large_image\" \/>\n<meta name=\"twitter:site\" content=\"@TheTreeCBD_EU\" \/>\n<meta name=\"twitter:label1\" content=\"Gesch\u00e4tzte Lesezeit\" \/>\n\t<meta name=\"twitter:data1\" content=\"2\u00a0Minuten\" \/>\n<script type=\"application\/ld+json\" class=\"yoast-schema-graph\">{\"@context\":\"https:\/\/schema.org\",\"@graph\":[{\"@type\":[\"WebPage\",\"ItemPage\"],\"@id\":\"https:\/\/thetreecbd.com\/de\/cbd\/cbd-sonnenschutzcreme-lsf30\",\"url\":\"https:\/\/thetreecbd.com\/de\/cbd\/cbd-sonnenschutzcreme-lsf30\",\"name\":\"CBD Sonnenschutzcreme LSF30 | The Tree CBD\",\"isPartOf\":{\"@id\":\"https:\/\/thetreecbd.com\/de#website\"},\"primaryImageOfPage\":{\"@id\":\"https:\/\/thetreecbd.com\/de\/cbd\/cbd-sonnenschutzcreme-lsf30#primaryimage\"},\"image\":{\"@id\":\"https:\/\/thetreecbd.com\/de\/cbd\/cbd-sonnenschutzcreme-lsf30#primaryimage\"},\"thumbnailUrl\":\"https:\/\/thetreecbd.com\/wp-content\/uploads\/2022\/04\/cosmetica-cremas-crema-solar.jpg\",\"datePublished\":\"2022-04-04T06:47:28+00:00\",\"description\":\"Die CBD Sonnencreme SPF 30 bietet alle Vorteile von CBD f\u00fcr den besten Schutz und die beste Feuchtigkeitspflege deiner Haut. Entdecke CBD f\u00fcr deine Haut.\",\"breadcrumb\":{\"@id\":\"https:\/\/thetreecbd.com\/de\/cbd\/cbd-sonnenschutzcreme-lsf30#breadcrumb\"},\"inLanguage\":\"de\",\"potentialAction\":[{\"@type\":\"ReadAction\",\"target\":[\"https:\/\/thetreecbd.com\/de\/cbd\/cbd-sonnenschutzcreme-lsf30\"]}]},{\"@type\":\"ImageObject\",\"inLanguage\":\"de\",\"@id\":\"https:\/\/thetreecbd.com\/de\/cbd\/cbd-sonnenschutzcreme-lsf30#primaryimage\",\"url\":\"https:\/\/thetreecbd.com\/wp-content\/uploads\/2022\/04\/cosmetica-cremas-crema-solar.jpg\",\"contentUrl\":\"https:\/\/thetreecbd.com\/wp-content\/uploads\/2022\/04\/cosmetica-cremas-crema-solar.jpg\",\"width\":600,\"height\":720},{\"@type\":\"BreadcrumbList\",\"@id\":\"https:\/\/thetreecbd.com\/de\/cbd\/cbd-sonnenschutzcreme-lsf30#breadcrumb\",\"itemListElement\":[{\"@type\":\"ListItem\",\"position\":1,\"name\":\"The Tree\",\"item\":\"https:\/\/thetreecbd.com\/de\"},{\"@type\":\"ListItem\",\"position\":2,\"name\":\"CBD\",\"item\":\"https:\/\/thetreecbd.com\/es\/cbd\"},{\"@type\":\"ListItem\",\"position\":3,\"name\":\"CBD-Kosmetik\",\"item\":\"https:\/\/thetreecbd.com\/de\/cbd-kosmetik\"},{\"@type\":\"ListItem\",\"position\":4,\"name\":\"CBD Sonnenschutzcreme LSF30\"}]},{\"@type\":\"WebSite\",\"@id\":\"https:\/\/thetreecbd.com\/de#website\",\"url\":\"https:\/\/thetreecbd.com\/de\",\"name\":\"The Tree CBD\",\"description\":\"Comprar CBD en Espa\u00f1a Online\",\"publisher\":{\"@id\":\"https:\/\/thetreecbd.com\/de#organization\"},\"potentialAction\":[{\"@type\":\"SearchAction\",\"target\":{\"@type\":\"EntryPoint\",\"urlTemplate\":\"https:\/\/thetreecbd.com\/de?s={search_term_string}\"},\"query-input\":{\"@type\":\"PropertyValueSpecification\",\"valueRequired\":true,\"valueName\":\"search_term_string\"}}],\"inLanguage\":\"de\"},{\"@type\":\"Organization\",\"@id\":\"https:\/\/thetreecbd.com\/de#organization\",\"name\":\"The Tree CBD\",\"url\":\"https:\/\/thetreecbd.com\/de\",\"logo\":{\"@type\":\"ImageObject\",\"inLanguage\":\"de\",\"@id\":\"https:\/\/thetreecbd.com\/de#\/schema\/logo\/image\/\",\"url\":\"https:\/\/thetreecbd.com\/wp-content\/uploads\/2022\/04\/logo-thetree.png\",\"contentUrl\":\"https:\/\/thetreecbd.com\/wp-content\/uploads\/2022\/04\/logo-thetree.png\",\"width\":172,\"height\":55,\"caption\":\"The Tree CBD\"},\"image\":{\"@id\":\"https:\/\/thetreecbd.com\/de#\/schema\/logo\/image\/\"},\"sameAs\":[\"https:\/\/www.facebook.com\/thetreeCBD\/\",\"https:\/\/x.com\/TheTreeCBD_EU\",\"https:\/\/www.instagram.com\/thetree.cbd\/\",\"https:\/\/es.trustpilot.com\/review\/thetreecbd.com\"]}]}<\/script>\n<!-- \/ Yoast SEO plugin. -->","yoast_head_json":{"title":"CBD Sonnenschutzcreme LSF30 | The Tree CBD","description":"Die CBD Sonnencreme SPF 30 bietet alle Vorteile von CBD f\u00fcr den besten Schutz und die beste Feuchtigkeitspflege deiner Haut. Entdecke CBD f\u00fcr deine Haut.","robots":{"index":"index","follow":"follow","max-snippet":"max-snippet:-1","max-image-preview":"max-image-preview:large","max-video-preview":"max-video-preview:-1"},"canonical":"https:\/\/thetreecbd.com\/de\/cbd\/cbd-sonnenschutzcreme-lsf30","og_locale":"de_DE","og_type":"article","og_title":"CBD Sonnenschutzcreme LSF30 | The Tree CBD","og_description":"Die CBD Sonnencreme SPF 30 bietet alle Vorteile von CBD f\u00fcr den besten Schutz und die beste Feuchtigkeitspflege deiner Haut. Entdecke CBD f\u00fcr deine Haut.","og_url":"https:\/\/thetreecbd.com\/de\/cbd\/cbd-sonnenschutzcreme-lsf30","og_site_name":"The Tree CBD","article_publisher":"https:\/\/www.facebook.com\/thetreeCBD\/","og_image":[{"width":600,"height":720,"url":"https:\/\/thetreecbd.com\/wp-content\/uploads\/2022\/04\/cosmetica-cremas-crema-solar.jpg","type":"image\/jpeg"}],"twitter_card":"summary_large_image","twitter_site":"@TheTreeCBD_EU","twitter_misc":{"Gesch\u00e4tzte Lesezeit":"2\u00a0Minuten"},"schema":{"@context":"https:\/\/schema.org","@graph":[{"@type":["WebPage","ItemPage"],"@id":"https:\/\/thetreecbd.com\/de\/cbd\/cbd-sonnenschutzcreme-lsf30","url":"https:\/\/thetreecbd.com\/de\/cbd\/cbd-sonnenschutzcreme-lsf30","name":"CBD Sonnenschutzcreme LSF30 | The Tree CBD","isPartOf":{"@id":"https:\/\/thetreecbd.com\/de#website"},"primaryImageOfPage":{"@id":"https:\/\/thetreecbd.com\/de\/cbd\/cbd-sonnenschutzcreme-lsf30#primaryimage"},"image":{"@id":"https:\/\/thetreecbd.com\/de\/cbd\/cbd-sonnenschutzcreme-lsf30#primaryimage"},"thumbnailUrl":"https:\/\/thetreecbd.com\/wp-content\/uploads\/2022\/04\/cosmetica-cremas-crema-solar.jpg","datePublished":"2022-04-04T06:47:28+00:00","description":"Die CBD Sonnencreme SPF 30 bietet alle Vorteile von CBD f\u00fcr den besten Schutz und die beste Feuchtigkeitspflege deiner Haut. Entdecke CBD f\u00fcr deine Haut.","breadcrumb":{"@id":"https:\/\/thetreecbd.com\/de\/cbd\/cbd-sonnenschutzcreme-lsf30#breadcrumb"},"inLanguage":"de","potentialAction":[{"@type":"ReadAction","target":["https:\/\/thetreecbd.com\/de\/cbd\/cbd-sonnenschutzcreme-lsf30"]}]},{"@type":"ImageObject","inLanguage":"de","@id":"https:\/\/thetreecbd.com\/de\/cbd\/cbd-sonnenschutzcreme-lsf30#primaryimage","url":"https:\/\/thetreecbd.com\/wp-content\/uploads\/2022\/04\/cosmetica-cremas-crema-solar.jpg","contentUrl":"https:\/\/thetreecbd.com\/wp-content\/uploads\/2022\/04\/cosmetica-cremas-crema-solar.jpg","width":600,"height":720},{"@type":"BreadcrumbList","@id":"https:\/\/thetreecbd.com\/de\/cbd\/cbd-sonnenschutzcreme-lsf30#breadcrumb","itemListElement":[{"@type":"ListItem","position":1,"name":"The Tree","item":"https:\/\/thetreecbd.com\/de"},{"@type":"ListItem","position":2,"name":"CBD","item":"https:\/\/thetreecbd.com\/es\/cbd"},{"@type":"ListItem","position":3,"name":"CBD-Kosmetik","item":"https:\/\/thetreecbd.com\/de\/cbd-kosmetik"},{"@type":"ListItem","position":4,"name":"CBD Sonnenschutzcreme LSF30"}]},{"@type":"WebSite","@id":"https:\/\/thetreecbd.com\/de#website","url":"https:\/\/thetreecbd.com\/de","name":"The Tree CBD","description":"Comprar CBD en Espa\u00f1a Online","publisher":{"@id":"https:\/\/thetreecbd.com\/de#organization"},"potentialAction":[{"@type":"SearchAction","target":{"@type":"EntryPoint","urlTemplate":"https:\/\/thetreecbd.com\/de?s={search_term_string}"},"query-input":{"@type":"PropertyValueSpecification","valueRequired":true,"valueName":"search_term_string"}}],"inLanguage":"de"},{"@type":"Organization","@id":"https:\/\/thetreecbd.com\/de#organization","name":"The Tree CBD","url":"https:\/\/thetreecbd.com\/de","logo":{"@type":"ImageObject","inLanguage":"de","@id":"https:\/\/thetreecbd.com\/de#\/schema\/logo\/image\/","url":"https:\/\/thetreecbd.com\/wp-content\/uploads\/2022\/04\/logo-thetree.png","contentUrl":"https:\/\/thetreecbd.com\/wp-content\/uploads\/2022\/04\/logo-thetree.png","width":172,"height":55,"caption":"The Tree CBD"},"image":{"@id":"https:\/\/thetreecbd.com\/de#\/schema\/logo\/image\/"},"sameAs":["https:\/\/www.facebook.com\/thetreeCBD\/","https:\/\/x.com\/TheTreeCBD_EU","https:\/\/www.instagram.com\/thetree.cbd\/","https:\/\/es.trustpilot.com\/review\/thetreecbd.com"]}]}},"_links":{"self":[{"href":"https:\/\/thetreecbd.com\/de\/wp-json\/wp\/v2\/product\/166259","targetHints":{"allow":["GET"]}}],"collection":[{"href":"https:\/\/thetreecbd.com\/de\/wp-json\/wp\/v2\/product"}],"about":[{"href":"https:\/\/thetreecbd.com\/de\/wp-json\/wp\/v2\/types\/product"}],"version-history":[{"count":0,"href":"https:\/\/thetreecbd.com\/de\/wp-json\/wp\/v2\/product\/166259\/revisions"}],"wp:featuredmedia":[{"embeddable":true,"href":"https:\/\/thetreecbd.com\/de\/wp-json\/wp\/v2\/media\/166264"}],"wp:attachment":[{"href":"https:\/\/thetreecbd.com\/de\/wp-json\/wp\/v2\/media?parent=166259"}],"wp:term":[{"taxonomy":"product_brand","embeddable":true,"href":"https:\/\/thetreecbd.com\/de\/wp-json\/wp\/v2\/product_brand?post=166259"}],"curies":[{"name":"wp","href":"https:\/\/api.w.org\/{rel}","templated":true}]}}