{"id":166265,"date":"2021-04-30T12:39:54","date_gmt":"2021-04-30T10:39:54","guid":{"rendered":"https:\/\/thetreecbd.com\/cbd\/cbd-lippenbalsam-50-mg-cannabidiol"},"modified":"2021-04-30T12:39:54","modified_gmt":"2021-04-30T10:39:54","slug":"cbd-lippenbalsam-50-mg-cannabidiol","status":"publish","type":"product","link":"https:\/\/thetreecbd.com\/de\/cbd\/cbd-lippenbalsam-50-mg-cannabidiol","title":{"rendered":"CBD-Lippenbalsam: 50 mg Cannabidiol"},"content":{"rendered":"<p data-start=\"95\" data-end=\"252\"><strong data-start=\"95\" data-end=\"112\">Eigenschaften<\/strong><br data-start=\"112\" data-end=\"115\" \/>The Tree CBD pr\u00e4sentiert seinen CBD-Lippenbalsam, der speziell f\u00fcr die Pflege empfindlicher, trockener oder rissiger Lippen geeignet ist.<\/p>\n<p data-start=\"254\" data-end=\"820\">Der Lippenbalsam von The Tree CBD ist eine Salbe mit 50 mg CBD (Cannabidiol) in einem praktischen und hygienischen Stick-Format, das alle Vorteile von Cannabidiol in kosmetischer Anwendung bietet. Ein Balsam, der auf nat\u00fcrlichen Inhaltsstoffen wie Hanfsamen\u00f6l, Kakaobutter, Rizinus\u00f6l und Bienenwachs basiert und sich f\u00fcr die t\u00e4gliche Lippenpflege zu jeder Jahreszeit eignet. Die regelm\u00e4\u00dfige Anwendung sch\u00fctzt die Lippen vor den h\u00e4ufigsten \u00e4u\u00dferen Einfl\u00fcssen wie extremen Temperaturen, Trockenheit oder typischen Beschwerden wie Herpes oder eingerissenen Mundwinkeln.<\/p>\n<p data-start=\"822\" data-end=\"1046\">Ein nat\u00fcrliches Produkt ohne Parabene oder k\u00fcnstliche Farbstoffe, frei von Toxinen und Schwermetallen, das deine Lippen auf nat\u00fcrliche Weise sch\u00fctzt. Die regelm\u00e4\u00dfige Anwendung h\u00e4lt deine Lippen weich, gesund und geschmeidig.<\/p>\n<p data-start=\"1048\" data-end=\"1336\">Der CBD-Lippenbalsam ist au\u00dferdem ideal, um die Lippen vor Sonne, K\u00e4lte und Umweltverschmutzung zu sch\u00fctzen. Er wirkt feuchtigkeitsspendend, beruhigend, reizlindernd und entz\u00fcndungshemmend \u2013 perfekt f\u00fcr empfindliche und gereizte Lippenpartien. Ideal f\u00fcr die Anwendung tags\u00fcber und nachts.<\/p>\n<p data-start=\"1338\" data-end=\"1374\"><strong data-start=\"1338\" data-end=\"1372\">Vorteile des CBD-Lippenbalsams<\/strong><\/p>\n<ul data-start=\"1375\" data-end=\"1938\">\n<li data-start=\"1375\" data-end=\"1502\">\n<p data-start=\"1377\" data-end=\"1502\">Repariert trockene Stellen: Spendet Leuchtkraft, N\u00e4hrstoffe und hilft, besch\u00e4digte Lippen zu beruhigen und zu regenerieren.<\/p>\n<\/li>\n<li data-start=\"1503\" data-end=\"1638\">\n<p data-start=\"1505\" data-end=\"1638\">Reduziert Schmerzen und Entz\u00fcndungen: Dank der Vorteile von Cannabidiol hilft er, Schmerzen und Schwellungen der Lippen zu lindern.<\/p>\n<\/li>\n<li data-start=\"1639\" data-end=\"1800\">\n<p data-start=\"1641\" data-end=\"1800\">Sch\u00fctzt deine Lippen: Hilft, Sch\u00e4den durch K\u00e4lte oder trockene Haut zu reduzieren, spendet Feuchtigkeit und sch\u00fctzt vor Umweltverschmutzung und Hautalterung.<\/p>\n<\/li>\n<li data-start=\"1801\" data-end=\"1938\">\n<p data-start=\"1803\" data-end=\"1938\">N\u00e4hrt und sorgt f\u00fcr hohe Absorption: CBD zusammen mit Rizinus\u00f6l und Bienenwachs sorgt f\u00fcr intensive Feuchtigkeit und schnelle Aufnahme.<\/p>\n<\/li>\n<\/ul>\n<p data-start=\"1940\" data-end=\"2467\"><strong data-start=\"1940\" data-end=\"1957\">Inhaltsstoffe<\/strong><br data-start=\"1957\" data-end=\"1960\" \/>AQUA, CAPRYLIC\/CAPRIC GLYCERIDES, GLYCERYL STEARATE CITRATE, GLYCERIN, CETEARYL ALCOHOL, MENTHACTYLATE, BUTYROSPERMUM PARKII BUTTER, CANNABIS SATIVA SEED OIL, PRUNUS ARMENIACA KERNEL, GAULTHERIA PROCUMBENS LEAF OIL, GLYCERYL CAPRYLATE, PALMITIC ACID, STEARIC ACID, ORBIGNYA OLEIFERA GUM, POTASSIUM SORBATE, SODIUM GLUCONATE, CAPSAICIN, CANNABIS SATIVA LEAF EXTRACT, TOCOPHEROL, CUPRESSUS SEMPERVIRENS OIL, THYMUS VULGARIS FLOWER\/LEAF OIL, LAVANDULA ANGUSTIFOLIA, CETEARYL SULFATE, HELIANTHUS ANNUUS SEED OIL<\/p>\n<p data-start=\"2469\" data-end=\"2764\"><strong data-start=\"2469\" data-end=\"2483\">Zielgruppe<\/strong><br data-start=\"2483\" data-end=\"2486\" \/>Die Verwendung des Lippenpflegers wird f\u00fcr alle Altersgruppen und Geschlechter ganzj\u00e4hrig empfohlen, um die Lippen im Winter vor K\u00e4lte und im Fr\u00fchjahr\/Sommer vor UV-Strahlung zu sch\u00fctzen. So bleiben die Lippen in einem optimalen Zustand und ihr Erscheinungsbild wird verbessert.<\/p>\n<p data-start=\"2766\" data-end=\"2890\"><strong data-start=\"2766\" data-end=\"2794\">Sicherheitsinformationen<\/strong><br data-start=\"2794\" data-end=\"2797\" \/>Haltbarkeit: Bis zu 12 Monate nach \u00d6ffnung. Au\u00dferhalb der Reichweite von Kindern aufbewahren.<\/p>\n<p data-start=\"2892\" data-end=\"3033\"><strong data-start=\"2892\" data-end=\"2908\">Aufbewahrung<\/strong><br data-start=\"2908\" data-end=\"2911\" \/>An einem trockenen Ort bei Temperaturen zwischen 8 und 25 Grad lagern. Vor direkter Sonneneinstrahlung und Hitze sch\u00fctzen.<\/p>\n","protected":false},"excerpt":{"rendered":"<p data-start=\"105\" data-end=\"291\">The Tree CBD pr\u00e4sentiert seinen CBD-Lippenbalsam, der speziell f\u00fcr die Pflege deiner Lippen entwickelt wurde \u2013 insbesondere f\u00fcr empfindliche, trockene oder zu Rissen neigende Lippen.<\/p>\n<p data-start=\"293\" data-end=\"865\">Der Lippenbalsam von The Tree CBD ist eine Salbe mit 50 mg CBD (Cannabidiol) in einem praktischen und hygienischen Stick-Format, die alle Vorteile von Cannabidiol in der kosmetischen Anwendung vereint. Der Balsam basiert auf nat\u00fcrlichen Inhaltsstoffen wie Hanfsamen\u00f6l, Kakaobutter, Rizinus\u00f6l und Bienenwachs und ist f\u00fcr die t\u00e4gliche Lippenpflege zu jeder Jahreszeit geeignet. Durch regelm\u00e4\u00dfige Anwendung sch\u00fctzt er deine Lippen vor den h\u00e4ufigsten \u00e4u\u00dferen Einfl\u00fcssen wie extremen Temperaturen, Trockenheit oder typischen Reizungen wie Herpes oder eingerissenen Mundwinkeln.<\/p>\n<p data-start=\"867\" data-end=\"1088\">Ein nat\u00fcrliches Produkt ohne Parabene oder k\u00fcnstliche Farbstoffe, frei von Toxinen und Schwermetallen, das deine Lippen auf sanfte Weise sch\u00fctzt. Die kontinuierliche Anwendung h\u00e4lt deine Lippen weich, gesund und gl\u00e4nzend.<\/p>\n<p data-start=\"1090\" data-end=\"1392\">Der CBD-Lippenbalsam eignet sich auch hervorragend zur Bek\u00e4mpfung von Sonne, K\u00e4lte und Umweltverschmutzung \u2013 dank seiner feuchtigkeitsspendenden, beruhigenden, reizlindernden und entz\u00fcndungshemmenden Wirkung auf empfindliche oder gereizte Lippenpartien. Ideal f\u00fcr die Anwendung am Tag und in der Nacht.<\/p>\n","protected":false},"featured_media":166269,"template":"","meta":{"_acf_changed":false},"product_brand":[],"class_list":{"0":"post-166265","1":"product","2":"type-product","3":"status-publish","4":"has-post-thumbnail","6":"product_cat-cbd-kosmetik","7":"product_cat-cbd-fur-die-hautpflege","8":"product_cat-topische-cbd-kosmetikprodukte","10":"first","11":"instock","12":"taxable","13":"shipping-taxable","14":"purchasable","15":"product-type-simple"},"acf":[],"yoast_head":"<!-- This site is optimized with the Yoast SEO plugin v26.3 - https:\/\/yoast.com\/wordpress\/plugins\/seo\/ -->\n<title>CBD-Lippenbalsam: 50 mg Cannabidiol | The Tree CBD<\/title>\n<meta name=\"description\" content=\"Der Lip Balm mit 50 mg CBD pflegt deine Lippen \u2013 besonders empfindliche und trockene \u2013 dank der wohltuenden Eigenschaften des Cannabidiols. Probier ihn aus!\" \/>\n<meta name=\"robots\" content=\"index, follow, max-snippet:-1, max-image-preview:large, max-video-preview:-1\" \/>\n<link rel=\"canonical\" href=\"https:\/\/thetreecbd.com\/de\/cbd\/cbd-lippenbalsam-50-mg-cannabidiol\" \/>\n<meta property=\"og:locale\" content=\"de_DE\" \/>\n<meta property=\"og:type\" content=\"article\" \/>\n<meta property=\"og:title\" content=\"CBD-Lippenbalsam: 50 mg Cannabidiol | The Tree CBD\" \/>\n<meta property=\"og:description\" content=\"Der Lip Balm mit 50 mg CBD pflegt deine Lippen \u2013 besonders empfindliche und trockene \u2013 dank der wohltuenden Eigenschaften des Cannabidiols. Probier ihn aus!\" \/>\n<meta property=\"og:url\" content=\"https:\/\/thetreecbd.com\/de\/cbd\/cbd-lippenbalsam-50-mg-cannabidiol\" \/>\n<meta property=\"og:site_name\" content=\"The Tree CBD\" \/>\n<meta property=\"article:publisher\" content=\"https:\/\/www.facebook.com\/thetreeCBD\/\" \/>\n<meta property=\"og:image\" content=\"https:\/\/thetreecbd.com\/wp-content\/uploads\/2021\/04\/lip-balm.jpg\" \/>\n\t<meta property=\"og:image:width\" content=\"600\" \/>\n\t<meta property=\"og:image:height\" content=\"720\" \/>\n\t<meta property=\"og:image:type\" content=\"image\/jpeg\" \/>\n<meta name=\"twitter:card\" content=\"summary_large_image\" \/>\n<meta name=\"twitter:site\" content=\"@TheTreeCBD_EU\" \/>\n<meta name=\"twitter:label1\" content=\"Gesch\u00e4tzte Lesezeit\" \/>\n\t<meta name=\"twitter:data1\" content=\"2\u00a0Minuten\" \/>\n<script type=\"application\/ld+json\" class=\"yoast-schema-graph\">{\"@context\":\"https:\/\/schema.org\",\"@graph\":[{\"@type\":[\"WebPage\",\"ItemPage\"],\"@id\":\"https:\/\/thetreecbd.com\/de\/cbd\/cbd-lippenbalsam-50-mg-cannabidiol\",\"url\":\"https:\/\/thetreecbd.com\/de\/cbd\/cbd-lippenbalsam-50-mg-cannabidiol\",\"name\":\"CBD-Lippenbalsam: 50 mg Cannabidiol | The Tree CBD\",\"isPartOf\":{\"@id\":\"https:\/\/thetreecbd.com\/de#website\"},\"primaryImageOfPage\":{\"@id\":\"https:\/\/thetreecbd.com\/de\/cbd\/cbd-lippenbalsam-50-mg-cannabidiol#primaryimage\"},\"image\":{\"@id\":\"https:\/\/thetreecbd.com\/de\/cbd\/cbd-lippenbalsam-50-mg-cannabidiol#primaryimage\"},\"thumbnailUrl\":\"https:\/\/thetreecbd.com\/wp-content\/uploads\/2021\/04\/lip-balm.jpg\",\"datePublished\":\"2021-04-30T10:39:54+00:00\",\"description\":\"Der Lip Balm mit 50 mg CBD pflegt deine Lippen \u2013 besonders empfindliche und trockene \u2013 dank der wohltuenden Eigenschaften des Cannabidiols. Probier ihn aus!\",\"breadcrumb\":{\"@id\":\"https:\/\/thetreecbd.com\/de\/cbd\/cbd-lippenbalsam-50-mg-cannabidiol#breadcrumb\"},\"inLanguage\":\"de\",\"potentialAction\":[{\"@type\":\"ReadAction\",\"target\":[\"https:\/\/thetreecbd.com\/de\/cbd\/cbd-lippenbalsam-50-mg-cannabidiol\"]}]},{\"@type\":\"ImageObject\",\"inLanguage\":\"de\",\"@id\":\"https:\/\/thetreecbd.com\/de\/cbd\/cbd-lippenbalsam-50-mg-cannabidiol#primaryimage\",\"url\":\"https:\/\/thetreecbd.com\/wp-content\/uploads\/2021\/04\/lip-balm.jpg\",\"contentUrl\":\"https:\/\/thetreecbd.com\/wp-content\/uploads\/2021\/04\/lip-balm.jpg\",\"width\":600,\"height\":720},{\"@type\":\"BreadcrumbList\",\"@id\":\"https:\/\/thetreecbd.com\/de\/cbd\/cbd-lippenbalsam-50-mg-cannabidiol#breadcrumb\",\"itemListElement\":[{\"@type\":\"ListItem\",\"position\":1,\"name\":\"The Tree\",\"item\":\"https:\/\/thetreecbd.com\/de\"},{\"@type\":\"ListItem\",\"position\":2,\"name\":\"CBD\",\"item\":\"https:\/\/thetreecbd.com\/es\/cbd\"},{\"@type\":\"ListItem\",\"position\":3,\"name\":\"CBD-Kosmetik\",\"item\":\"https:\/\/thetreecbd.com\/de\/cbd-kosmetik\"},{\"@type\":\"ListItem\",\"position\":4,\"name\":\"CBD-Lippenbalsam: 50 mg Cannabidiol\"}]},{\"@type\":\"WebSite\",\"@id\":\"https:\/\/thetreecbd.com\/de#website\",\"url\":\"https:\/\/thetreecbd.com\/de\",\"name\":\"The Tree CBD\",\"description\":\"Comprar CBD en Espa\u00f1a Online\",\"publisher\":{\"@id\":\"https:\/\/thetreecbd.com\/de#organization\"},\"potentialAction\":[{\"@type\":\"SearchAction\",\"target\":{\"@type\":\"EntryPoint\",\"urlTemplate\":\"https:\/\/thetreecbd.com\/de?s={search_term_string}\"},\"query-input\":{\"@type\":\"PropertyValueSpecification\",\"valueRequired\":true,\"valueName\":\"search_term_string\"}}],\"inLanguage\":\"de\"},{\"@type\":\"Organization\",\"@id\":\"https:\/\/thetreecbd.com\/de#organization\",\"name\":\"The Tree CBD\",\"url\":\"https:\/\/thetreecbd.com\/de\",\"logo\":{\"@type\":\"ImageObject\",\"inLanguage\":\"de\",\"@id\":\"https:\/\/thetreecbd.com\/de#\/schema\/logo\/image\/\",\"url\":\"https:\/\/thetreecbd.com\/wp-content\/uploads\/2022\/04\/logo-thetree.png\",\"contentUrl\":\"https:\/\/thetreecbd.com\/wp-content\/uploads\/2022\/04\/logo-thetree.png\",\"width\":172,\"height\":55,\"caption\":\"The Tree CBD\"},\"image\":{\"@id\":\"https:\/\/thetreecbd.com\/de#\/schema\/logo\/image\/\"},\"sameAs\":[\"https:\/\/www.facebook.com\/thetreeCBD\/\",\"https:\/\/x.com\/TheTreeCBD_EU\",\"https:\/\/www.instagram.com\/thetree.cbd\/\",\"https:\/\/es.trustpilot.com\/review\/thetreecbd.com\"]}]}<\/script>\n<!-- \/ Yoast SEO plugin. -->","yoast_head_json":{"title":"CBD-Lippenbalsam: 50 mg Cannabidiol | The Tree CBD","description":"Der Lip Balm mit 50 mg CBD pflegt deine Lippen \u2013 besonders empfindliche und trockene \u2013 dank der wohltuenden Eigenschaften des Cannabidiols. Probier ihn aus!","robots":{"index":"index","follow":"follow","max-snippet":"max-snippet:-1","max-image-preview":"max-image-preview:large","max-video-preview":"max-video-preview:-1"},"canonical":"https:\/\/thetreecbd.com\/de\/cbd\/cbd-lippenbalsam-50-mg-cannabidiol","og_locale":"de_DE","og_type":"article","og_title":"CBD-Lippenbalsam: 50 mg Cannabidiol | The Tree CBD","og_description":"Der Lip Balm mit 50 mg CBD pflegt deine Lippen \u2013 besonders empfindliche und trockene \u2013 dank der wohltuenden Eigenschaften des Cannabidiols. Probier ihn aus!","og_url":"https:\/\/thetreecbd.com\/de\/cbd\/cbd-lippenbalsam-50-mg-cannabidiol","og_site_name":"The Tree CBD","article_publisher":"https:\/\/www.facebook.com\/thetreeCBD\/","og_image":[{"width":600,"height":720,"url":"https:\/\/thetreecbd.com\/wp-content\/uploads\/2021\/04\/lip-balm.jpg","type":"image\/jpeg"}],"twitter_card":"summary_large_image","twitter_site":"@TheTreeCBD_EU","twitter_misc":{"Gesch\u00e4tzte Lesezeit":"2\u00a0Minuten"},"schema":{"@context":"https:\/\/schema.org","@graph":[{"@type":["WebPage","ItemPage"],"@id":"https:\/\/thetreecbd.com\/de\/cbd\/cbd-lippenbalsam-50-mg-cannabidiol","url":"https:\/\/thetreecbd.com\/de\/cbd\/cbd-lippenbalsam-50-mg-cannabidiol","name":"CBD-Lippenbalsam: 50 mg Cannabidiol | The Tree CBD","isPartOf":{"@id":"https:\/\/thetreecbd.com\/de#website"},"primaryImageOfPage":{"@id":"https:\/\/thetreecbd.com\/de\/cbd\/cbd-lippenbalsam-50-mg-cannabidiol#primaryimage"},"image":{"@id":"https:\/\/thetreecbd.com\/de\/cbd\/cbd-lippenbalsam-50-mg-cannabidiol#primaryimage"},"thumbnailUrl":"https:\/\/thetreecbd.com\/wp-content\/uploads\/2021\/04\/lip-balm.jpg","datePublished":"2021-04-30T10:39:54+00:00","description":"Der Lip Balm mit 50 mg CBD pflegt deine Lippen \u2013 besonders empfindliche und trockene \u2013 dank der wohltuenden Eigenschaften des Cannabidiols. Probier ihn aus!","breadcrumb":{"@id":"https:\/\/thetreecbd.com\/de\/cbd\/cbd-lippenbalsam-50-mg-cannabidiol#breadcrumb"},"inLanguage":"de","potentialAction":[{"@type":"ReadAction","target":["https:\/\/thetreecbd.com\/de\/cbd\/cbd-lippenbalsam-50-mg-cannabidiol"]}]},{"@type":"ImageObject","inLanguage":"de","@id":"https:\/\/thetreecbd.com\/de\/cbd\/cbd-lippenbalsam-50-mg-cannabidiol#primaryimage","url":"https:\/\/thetreecbd.com\/wp-content\/uploads\/2021\/04\/lip-balm.jpg","contentUrl":"https:\/\/thetreecbd.com\/wp-content\/uploads\/2021\/04\/lip-balm.jpg","width":600,"height":720},{"@type":"BreadcrumbList","@id":"https:\/\/thetreecbd.com\/de\/cbd\/cbd-lippenbalsam-50-mg-cannabidiol#breadcrumb","itemListElement":[{"@type":"ListItem","position":1,"name":"The Tree","item":"https:\/\/thetreecbd.com\/de"},{"@type":"ListItem","position":2,"name":"CBD","item":"https:\/\/thetreecbd.com\/es\/cbd"},{"@type":"ListItem","position":3,"name":"CBD-Kosmetik","item":"https:\/\/thetreecbd.com\/de\/cbd-kosmetik"},{"@type":"ListItem","position":4,"name":"CBD-Lippenbalsam: 50 mg Cannabidiol"}]},{"@type":"WebSite","@id":"https:\/\/thetreecbd.com\/de#website","url":"https:\/\/thetreecbd.com\/de","name":"The Tree CBD","description":"Comprar CBD en Espa\u00f1a Online","publisher":{"@id":"https:\/\/thetreecbd.com\/de#organization"},"potentialAction":[{"@type":"SearchAction","target":{"@type":"EntryPoint","urlTemplate":"https:\/\/thetreecbd.com\/de?s={search_term_string}"},"query-input":{"@type":"PropertyValueSpecification","valueRequired":true,"valueName":"search_term_string"}}],"inLanguage":"de"},{"@type":"Organization","@id":"https:\/\/thetreecbd.com\/de#organization","name":"The Tree CBD","url":"https:\/\/thetreecbd.com\/de","logo":{"@type":"ImageObject","inLanguage":"de","@id":"https:\/\/thetreecbd.com\/de#\/schema\/logo\/image\/","url":"https:\/\/thetreecbd.com\/wp-content\/uploads\/2022\/04\/logo-thetree.png","contentUrl":"https:\/\/thetreecbd.com\/wp-content\/uploads\/2022\/04\/logo-thetree.png","width":172,"height":55,"caption":"The Tree CBD"},"image":{"@id":"https:\/\/thetreecbd.com\/de#\/schema\/logo\/image\/"},"sameAs":["https:\/\/www.facebook.com\/thetreeCBD\/","https:\/\/x.com\/TheTreeCBD_EU","https:\/\/www.instagram.com\/thetree.cbd\/","https:\/\/es.trustpilot.com\/review\/thetreecbd.com"]}]}},"_links":{"self":[{"href":"https:\/\/thetreecbd.com\/de\/wp-json\/wp\/v2\/product\/166265","targetHints":{"allow":["GET"]}}],"collection":[{"href":"https:\/\/thetreecbd.com\/de\/wp-json\/wp\/v2\/product"}],"about":[{"href":"https:\/\/thetreecbd.com\/de\/wp-json\/wp\/v2\/types\/product"}],"version-history":[{"count":0,"href":"https:\/\/thetreecbd.com\/de\/wp-json\/wp\/v2\/product\/166265\/revisions"}],"wp:featuredmedia":[{"embeddable":true,"href":"https:\/\/thetreecbd.com\/de\/wp-json\/wp\/v2\/media\/166269"}],"wp:attachment":[{"href":"https:\/\/thetreecbd.com\/de\/wp-json\/wp\/v2\/media?parent=166265"}],"wp:term":[{"taxonomy":"product_brand","embeddable":true,"href":"https:\/\/thetreecbd.com\/de\/wp-json\/wp\/v2\/product_brand?post=166265"}],"curies":[{"name":"wp","href":"https:\/\/api.w.org\/{rel}","templated":true}]}}