{"id":166270,"date":"2019-11-18T12:50:01","date_gmt":"2019-11-18T11:50:01","guid":{"rendered":"https:\/\/thetreecbd.com\/cbd\/sportbalsam-mit-cbd-kalte-und-warmeeffekt"},"modified":"2019-11-18T12:50:01","modified_gmt":"2019-11-18T11:50:01","slug":"sportbalsam-mit-cbd-kalte-und-warmeeffekt","status":"publish","type":"product","link":"https:\/\/thetreecbd.com\/de\/cbd\/sportbalsam-mit-cbd-kalte-und-warmeeffekt","title":{"rendered":"Sportbalsam mit CBD. K\u00e4lte- und W\u00e4rmeeffekt"},"content":{"rendered":"<p data-start=\"74\" data-end=\"123\"><strong data-start=\"74\" data-end=\"123\">Sportbalsam mit CBD \u2013 K\u00e4lte- und W\u00e4rmewirkung<\/strong><\/p>\n<p data-start=\"125\" data-end=\"501\">Der Sportbalsam mit CBD und K\u00e4lte-W\u00e4rme-Effekt ist ein innovatives Produkt zur Hautpflege und zur Nutzung der Vorteile von CBD. Er sorgt f\u00fcr eine schnelle und wirksame Schmerzlinderung, lindert Gelenkbeschwerden und hilft dank seiner pflanzlichen Wirkstoffe, Muskelverspannungen zu l\u00f6sen. Die cremige Textur und der angenehme Minzduft machen die Anwendung besonders wohltuend.<\/p>\n<p data-start=\"503\" data-end=\"717\">Dar\u00fcber hinaus sch\u00fctzt, hydratisiert, n\u00e4hrt und beruhigt dieser Balsam die Haut mit seiner nat\u00fcrlichen entz\u00fcndungshemmenden Wirkung. Er wirkt revitalisierend und schmerzlindernd und ist f\u00fcr alle Hauttypen geeignet.<\/p>\n<p data-start=\"719\" data-end=\"1017\">Der Balsam enth\u00e4lt CBD-Extrakt, ist angereichert mit Hanfbl\u00fctenextrakt-\u00d6l, das reich an CBD ist, und weist einen hohen Gehalt an Phytocannabinoiden auf \u2013 haupts\u00e4chlich Cannabidiol (CBD), aber auch geringere Mengen an CBG, CBN, CBC und mehr als 40 weitere nat\u00fcrlich im Hanf vorkommende Cannabinoide.<\/p>\n<p data-start=\"1019\" data-end=\"1188\">Unser CBD-Extrakt wird mit h\u00f6chsten Qualit\u00e4tsstandards hergestellt \u2013 durch CO\u2082-Kaltextraktion, um m\u00f6glichst viele Wirkstoffe und Eigenschaften der Hanfbl\u00fcte zu erhalten.<\/p>\n<p data-start=\"1195\" data-end=\"1214\"><strong data-start=\"1195\" data-end=\"1212\">Eigenschaften<\/strong><\/p>\n<ul data-start=\"1215\" data-end=\"1589\">\n<li data-start=\"1215\" data-end=\"1288\">\n<p data-start=\"1217\" data-end=\"1288\">Hergestellt mit CBD-Extrakt und angereichert mit Hanfbl\u00fctenextrakt-\u00d6l<\/p>\n<\/li>\n<li data-start=\"1289\" data-end=\"1380\">\n<p data-start=\"1291\" data-end=\"1380\">Hoher Gehalt an Phytocannabinoiden: CBD, CBG, CBN, CBC und \u00fcber 40 weitere Cannabinoide<\/p>\n<\/li>\n<li data-start=\"1381\" data-end=\"1417\">\n<p data-start=\"1383\" data-end=\"1417\">Sofortige Linderung, 24h-Wirkung<\/p>\n<\/li>\n<li data-start=\"1418\" data-end=\"1456\">\n<p data-start=\"1420\" data-end=\"1456\">Beugt vorzeitiger Hautalterung vor<\/p>\n<\/li>\n<li data-start=\"1457\" data-end=\"1494\">\n<p data-start=\"1459\" data-end=\"1494\">Entz\u00fcndungshemmende Eigenschaften<\/p>\n<\/li>\n<li data-start=\"1495\" data-end=\"1545\">\n<p data-start=\"1497\" data-end=\"1545\">Frischegef\u00fchl in beanspruchten Muskelbereichen<\/p>\n<\/li>\n<li data-start=\"1546\" data-end=\"1589\">\n<p data-start=\"1548\" data-end=\"1589\">Leichte Textur mit schneller Absorption<\/p>\n<\/li>\n<\/ul>\n<p data-start=\"1596\" data-end=\"2235\"><strong data-start=\"1596\" data-end=\"1613\">Inhaltsstoffe<\/strong><br data-start=\"1613\" data-end=\"1616\" \/>Aqua, Alcohol Denat., Aloe Barbadensis Leaf Juice, Helianthus Annuus Seed Oil, Glycerin, Propylene Glycol, Cyclopentasiloxane, Dicaprylyl Ether, Glycine Soja Oil, Cetyl Alcohol, Glyceryl Stearate, Arnica Montana Flower Extract, Harpagophytum Procumbens Root Extract, Phenoxyethanol, Hemp Seed Oil, PEG-75 Shea Butter Glycerides, Triethanolamine, Xanthan Gum, Hypericum Extract, Panthenol, Ceteth-20, Steareth-20, Cannabidiol, Potassium Sorbate, Calendula Officinalis Flower Extract, Ethylhexylglycerin, Tocopheryl Acetate, Citric Acid, Sodium Benzoate, Sodium Sulfite, Tocopherol, Parfum, Anisyl Alcohol, Benzyl Alcohol<\/p>\n<p data-start=\"2242\" data-end=\"2617\"><strong data-start=\"2242\" data-end=\"2256\">Zielgruppe<\/strong><br data-start=\"2256\" data-end=\"2259\" \/>CBD eignet sich besonders f\u00fcr Sportler, die ihre Regenerationszeit verk\u00fcrzen m\u00f6chten. Sportliche Aktivit\u00e4ten stellen eine gro\u00dfe Belastung f\u00fcr den K\u00f6rper dar \u2013 Gelenke, Sehnen und Muskeln k\u00f6nnen \u00fcberbeansprucht werden und kleine Verletzungen erleiden. Die Erholungszeit bestimmt, wie schnell ein Athlet wieder trainieren oder an Wettk\u00e4mpfen teilnehmen kann.<\/p>\n<p data-start=\"2619\" data-end=\"2730\">Sportler nutzen CBD zur Linderung von Entz\u00fcndungen, chronischen Schmerzen, \u00dcbelkeit oder zur Muskelentspannung.<\/p>\n<p data-start=\"2737\" data-end=\"2940\"><strong data-start=\"2737\" data-end=\"2759\">Sicherheitshinweis<\/strong><br data-start=\"2759\" data-end=\"2762\" \/>\u00c4hnlich wie andere Muskelbalsame (z.\u202fB. Tiger Balm) kann unser Produkt ein Brennen und eine R\u00f6tung der Haut verursachen \u2013 dies ist auf Inhaltsstoffe wie Menthol zur\u00fcckzuf\u00fchren.<\/p>\n<p data-start=\"2942\" data-end=\"2990\">Haltbarkeit: bis zu 12 Monate nach dem \u00d6ffnen.<\/p>\n<p data-start=\"2997\" data-end=\"3121\"><strong data-start=\"2997\" data-end=\"3009\">Lagerung<\/strong><br data-start=\"3009\" data-end=\"3012\" \/>Trocken und bei Temperaturen zwischen 8 und 25\u202f\u00b0C lagern. Vor direkter Sonneneinstrahlung und Hitze sch\u00fctzen.<\/p>\n<p data-start=\"2997\" data-end=\"3121\">\n","protected":false},"excerpt":{"rendered":"<p>Dieser Balsam wird aus CBD-Extrakt hergestellt und mit einem \u00d6l aus Hanfbl\u00fctenextrakt angereichert, das reich an CBD ist. Er weist einen hohen Gehalt an Phytocannabinoiden auf \u2013 haupts\u00e4chlich Cannabidiol (CBD), daneben kleinere Mengen an CBG, CBN, CBC sowie \u00fcber 40 weitere nat\u00fcrlich im Hanf vorkommende Cannabinoide.<\/p>\n","protected":false},"featured_media":166275,"template":"","meta":{"_acf_changed":false},"product_brand":[],"class_list":{"0":"post-166270","1":"product","2":"type-product","3":"status-publish","4":"has-post-thumbnail","6":"product_cat-cbd-angebote","7":"product_cat-cbd-kosmetik","8":"product_cat-cbd-sportler","9":"product_cat-cbd-entzundungen","10":"product_cat-cbd-schmerzen","11":"product_cat-topische-cbd-kosmetikprodukte","13":"first","14":"instock","15":"sale","16":"featured","17":"taxable","18":"shipping-taxable","19":"purchasable","20":"product-type-simple"},"acf":[],"yoast_head":"<!-- This site is optimized with the Yoast SEO plugin v26.3 - https:\/\/yoast.com\/wordpress\/plugins\/seo\/ -->\n<title>Sportbalsam mit CBD. K\u00e4lte- und W\u00e4rmeeffekt | The Tree CBD<\/title>\n<meta name=\"description\" content=\"Sportbalsam mit CBD und K\u00e4lte-W\u00e4rme-Effekt. Lindert Schmerzen schnell und effektiv dank der aktiven Inhaltsstoffe von Cannabidiol (CBD). Sofortige Linderung.\" \/>\n<meta name=\"robots\" content=\"index, follow, max-snippet:-1, max-image-preview:large, max-video-preview:-1\" \/>\n<link rel=\"canonical\" href=\"https:\/\/thetreecbd.com\/de\/cbd\/sportbalsam-mit-cbd-kalte-und-warmeeffekt\" \/>\n<meta property=\"og:locale\" content=\"de_DE\" \/>\n<meta property=\"og:type\" content=\"article\" \/>\n<meta property=\"og:title\" content=\"Sportbalsam mit CBD. K\u00e4lte- und W\u00e4rmeeffekt | The Tree CBD\" \/>\n<meta property=\"og:description\" content=\"Sportbalsam mit CBD und K\u00e4lte-W\u00e4rme-Effekt. Lindert Schmerzen schnell und effektiv dank der aktiven Inhaltsstoffe von Cannabidiol (CBD). Sofortige Linderung.\" \/>\n<meta property=\"og:url\" content=\"https:\/\/thetreecbd.com\/de\/cbd\/sportbalsam-mit-cbd-kalte-und-warmeeffekt\" \/>\n<meta property=\"og:site_name\" content=\"The Tree CBD\" \/>\n<meta property=\"article:publisher\" content=\"https:\/\/www.facebook.com\/thetreeCBD\/\" \/>\n<meta property=\"og:image\" content=\"https:\/\/thetreecbd.com\/wp-content\/uploads\/2019\/11\/balm-sport-new.png\" \/>\n\t<meta property=\"og:image:width\" content=\"762\" \/>\n\t<meta property=\"og:image:height\" content=\"870\" \/>\n\t<meta property=\"og:image:type\" content=\"image\/png\" \/>\n<meta name=\"twitter:card\" content=\"summary_large_image\" \/>\n<meta name=\"twitter:site\" content=\"@TheTreeCBD_EU\" \/>\n<meta name=\"twitter:label1\" content=\"Gesch\u00e4tzte Lesezeit\" \/>\n\t<meta name=\"twitter:data1\" content=\"2\u00a0Minuten\" \/>\n<script type=\"application\/ld+json\" class=\"yoast-schema-graph\">{\"@context\":\"https:\/\/schema.org\",\"@graph\":[{\"@type\":[\"WebPage\",\"ItemPage\"],\"@id\":\"https:\/\/thetreecbd.com\/de\/cbd\/sportbalsam-mit-cbd-kalte-und-warmeeffekt\",\"url\":\"https:\/\/thetreecbd.com\/de\/cbd\/sportbalsam-mit-cbd-kalte-und-warmeeffekt\",\"name\":\"Sportbalsam mit CBD. K\u00e4lte- und W\u00e4rmeeffekt | The Tree CBD\",\"isPartOf\":{\"@id\":\"https:\/\/thetreecbd.com\/de#website\"},\"primaryImageOfPage\":{\"@id\":\"https:\/\/thetreecbd.com\/de\/cbd\/sportbalsam-mit-cbd-kalte-und-warmeeffekt#primaryimage\"},\"image\":{\"@id\":\"https:\/\/thetreecbd.com\/de\/cbd\/sportbalsam-mit-cbd-kalte-und-warmeeffekt#primaryimage\"},\"thumbnailUrl\":\"https:\/\/thetreecbd.com\/wp-content\/uploads\/2019\/11\/balm-sport-new.png\",\"datePublished\":\"2019-11-18T11:50:01+00:00\",\"description\":\"Sportbalsam mit CBD und K\u00e4lte-W\u00e4rme-Effekt. Lindert Schmerzen schnell und effektiv dank der aktiven Inhaltsstoffe von Cannabidiol (CBD). Sofortige Linderung.\",\"breadcrumb\":{\"@id\":\"https:\/\/thetreecbd.com\/de\/cbd\/sportbalsam-mit-cbd-kalte-und-warmeeffekt#breadcrumb\"},\"inLanguage\":\"de\",\"potentialAction\":[{\"@type\":\"ReadAction\",\"target\":[\"https:\/\/thetreecbd.com\/de\/cbd\/sportbalsam-mit-cbd-kalte-und-warmeeffekt\"]}]},{\"@type\":\"ImageObject\",\"inLanguage\":\"de\",\"@id\":\"https:\/\/thetreecbd.com\/de\/cbd\/sportbalsam-mit-cbd-kalte-und-warmeeffekt#primaryimage\",\"url\":\"https:\/\/thetreecbd.com\/wp-content\/uploads\/2019\/11\/balm-sport-new.png\",\"contentUrl\":\"https:\/\/thetreecbd.com\/wp-content\/uploads\/2019\/11\/balm-sport-new.png\",\"width\":762,\"height\":870},{\"@type\":\"BreadcrumbList\",\"@id\":\"https:\/\/thetreecbd.com\/de\/cbd\/sportbalsam-mit-cbd-kalte-und-warmeeffekt#breadcrumb\",\"itemListElement\":[{\"@type\":\"ListItem\",\"position\":1,\"name\":\"The Tree\",\"item\":\"https:\/\/thetreecbd.com\/de\"},{\"@type\":\"ListItem\",\"position\":2,\"name\":\"CBD\",\"item\":\"https:\/\/thetreecbd.com\/es\/cbd\"},{\"@type\":\"ListItem\",\"position\":3,\"name\":\"CBD-Kosmetik\",\"item\":\"https:\/\/thetreecbd.com\/de\/cbd-kosmetik\"},{\"@type\":\"ListItem\",\"position\":4,\"name\":\"Topische CBD-Kosmetikprodukte\",\"item\":\"https:\/\/thetreecbd.com\/de\/cbd-kosmetik\/topische-cbd-kosmetikprodukte\"},{\"@type\":\"ListItem\",\"position\":5,\"name\":\"Sportbalsam mit CBD. K\u00e4lte- und W\u00e4rmeeffekt\"}]},{\"@type\":\"WebSite\",\"@id\":\"https:\/\/thetreecbd.com\/de#website\",\"url\":\"https:\/\/thetreecbd.com\/de\",\"name\":\"The Tree CBD\",\"description\":\"Comprar CBD en Espa\u00f1a Online\",\"publisher\":{\"@id\":\"https:\/\/thetreecbd.com\/de#organization\"},\"potentialAction\":[{\"@type\":\"SearchAction\",\"target\":{\"@type\":\"EntryPoint\",\"urlTemplate\":\"https:\/\/thetreecbd.com\/de?s={search_term_string}\"},\"query-input\":{\"@type\":\"PropertyValueSpecification\",\"valueRequired\":true,\"valueName\":\"search_term_string\"}}],\"inLanguage\":\"de\"},{\"@type\":\"Organization\",\"@id\":\"https:\/\/thetreecbd.com\/de#organization\",\"name\":\"The Tree CBD\",\"url\":\"https:\/\/thetreecbd.com\/de\",\"logo\":{\"@type\":\"ImageObject\",\"inLanguage\":\"de\",\"@id\":\"https:\/\/thetreecbd.com\/de#\/schema\/logo\/image\/\",\"url\":\"https:\/\/thetreecbd.com\/wp-content\/uploads\/2022\/04\/logo-thetree.png\",\"contentUrl\":\"https:\/\/thetreecbd.com\/wp-content\/uploads\/2022\/04\/logo-thetree.png\",\"width\":172,\"height\":55,\"caption\":\"The Tree CBD\"},\"image\":{\"@id\":\"https:\/\/thetreecbd.com\/de#\/schema\/logo\/image\/\"},\"sameAs\":[\"https:\/\/www.facebook.com\/thetreeCBD\/\",\"https:\/\/x.com\/TheTreeCBD_EU\",\"https:\/\/www.instagram.com\/thetree.cbd\/\",\"https:\/\/es.trustpilot.com\/review\/thetreecbd.com\"]}]}<\/script>\n<!-- \/ Yoast SEO plugin. -->","yoast_head_json":{"title":"Sportbalsam mit CBD. K\u00e4lte- und W\u00e4rmeeffekt | The Tree CBD","description":"Sportbalsam mit CBD und K\u00e4lte-W\u00e4rme-Effekt. Lindert Schmerzen schnell und effektiv dank der aktiven Inhaltsstoffe von Cannabidiol (CBD). Sofortige Linderung.","robots":{"index":"index","follow":"follow","max-snippet":"max-snippet:-1","max-image-preview":"max-image-preview:large","max-video-preview":"max-video-preview:-1"},"canonical":"https:\/\/thetreecbd.com\/de\/cbd\/sportbalsam-mit-cbd-kalte-und-warmeeffekt","og_locale":"de_DE","og_type":"article","og_title":"Sportbalsam mit CBD. K\u00e4lte- und W\u00e4rmeeffekt | The Tree CBD","og_description":"Sportbalsam mit CBD und K\u00e4lte-W\u00e4rme-Effekt. Lindert Schmerzen schnell und effektiv dank der aktiven Inhaltsstoffe von Cannabidiol (CBD). Sofortige Linderung.","og_url":"https:\/\/thetreecbd.com\/de\/cbd\/sportbalsam-mit-cbd-kalte-und-warmeeffekt","og_site_name":"The Tree CBD","article_publisher":"https:\/\/www.facebook.com\/thetreeCBD\/","og_image":[{"width":762,"height":870,"url":"https:\/\/thetreecbd.com\/wp-content\/uploads\/2019\/11\/balm-sport-new.png","type":"image\/png"}],"twitter_card":"summary_large_image","twitter_site":"@TheTreeCBD_EU","twitter_misc":{"Gesch\u00e4tzte Lesezeit":"2\u00a0Minuten"},"schema":{"@context":"https:\/\/schema.org","@graph":[{"@type":["WebPage","ItemPage"],"@id":"https:\/\/thetreecbd.com\/de\/cbd\/sportbalsam-mit-cbd-kalte-und-warmeeffekt","url":"https:\/\/thetreecbd.com\/de\/cbd\/sportbalsam-mit-cbd-kalte-und-warmeeffekt","name":"Sportbalsam mit CBD. K\u00e4lte- und W\u00e4rmeeffekt | The Tree CBD","isPartOf":{"@id":"https:\/\/thetreecbd.com\/de#website"},"primaryImageOfPage":{"@id":"https:\/\/thetreecbd.com\/de\/cbd\/sportbalsam-mit-cbd-kalte-und-warmeeffekt#primaryimage"},"image":{"@id":"https:\/\/thetreecbd.com\/de\/cbd\/sportbalsam-mit-cbd-kalte-und-warmeeffekt#primaryimage"},"thumbnailUrl":"https:\/\/thetreecbd.com\/wp-content\/uploads\/2019\/11\/balm-sport-new.png","datePublished":"2019-11-18T11:50:01+00:00","description":"Sportbalsam mit CBD und K\u00e4lte-W\u00e4rme-Effekt. Lindert Schmerzen schnell und effektiv dank der aktiven Inhaltsstoffe von Cannabidiol (CBD). Sofortige Linderung.","breadcrumb":{"@id":"https:\/\/thetreecbd.com\/de\/cbd\/sportbalsam-mit-cbd-kalte-und-warmeeffekt#breadcrumb"},"inLanguage":"de","potentialAction":[{"@type":"ReadAction","target":["https:\/\/thetreecbd.com\/de\/cbd\/sportbalsam-mit-cbd-kalte-und-warmeeffekt"]}]},{"@type":"ImageObject","inLanguage":"de","@id":"https:\/\/thetreecbd.com\/de\/cbd\/sportbalsam-mit-cbd-kalte-und-warmeeffekt#primaryimage","url":"https:\/\/thetreecbd.com\/wp-content\/uploads\/2019\/11\/balm-sport-new.png","contentUrl":"https:\/\/thetreecbd.com\/wp-content\/uploads\/2019\/11\/balm-sport-new.png","width":762,"height":870},{"@type":"BreadcrumbList","@id":"https:\/\/thetreecbd.com\/de\/cbd\/sportbalsam-mit-cbd-kalte-und-warmeeffekt#breadcrumb","itemListElement":[{"@type":"ListItem","position":1,"name":"The Tree","item":"https:\/\/thetreecbd.com\/de"},{"@type":"ListItem","position":2,"name":"CBD","item":"https:\/\/thetreecbd.com\/es\/cbd"},{"@type":"ListItem","position":3,"name":"CBD-Kosmetik","item":"https:\/\/thetreecbd.com\/de\/cbd-kosmetik"},{"@type":"ListItem","position":4,"name":"Topische CBD-Kosmetikprodukte","item":"https:\/\/thetreecbd.com\/de\/cbd-kosmetik\/topische-cbd-kosmetikprodukte"},{"@type":"ListItem","position":5,"name":"Sportbalsam mit CBD. K\u00e4lte- und W\u00e4rmeeffekt"}]},{"@type":"WebSite","@id":"https:\/\/thetreecbd.com\/de#website","url":"https:\/\/thetreecbd.com\/de","name":"The Tree CBD","description":"Comprar CBD en Espa\u00f1a Online","publisher":{"@id":"https:\/\/thetreecbd.com\/de#organization"},"potentialAction":[{"@type":"SearchAction","target":{"@type":"EntryPoint","urlTemplate":"https:\/\/thetreecbd.com\/de?s={search_term_string}"},"query-input":{"@type":"PropertyValueSpecification","valueRequired":true,"valueName":"search_term_string"}}],"inLanguage":"de"},{"@type":"Organization","@id":"https:\/\/thetreecbd.com\/de#organization","name":"The Tree CBD","url":"https:\/\/thetreecbd.com\/de","logo":{"@type":"ImageObject","inLanguage":"de","@id":"https:\/\/thetreecbd.com\/de#\/schema\/logo\/image\/","url":"https:\/\/thetreecbd.com\/wp-content\/uploads\/2022\/04\/logo-thetree.png","contentUrl":"https:\/\/thetreecbd.com\/wp-content\/uploads\/2022\/04\/logo-thetree.png","width":172,"height":55,"caption":"The Tree CBD"},"image":{"@id":"https:\/\/thetreecbd.com\/de#\/schema\/logo\/image\/"},"sameAs":["https:\/\/www.facebook.com\/thetreeCBD\/","https:\/\/x.com\/TheTreeCBD_EU","https:\/\/www.instagram.com\/thetree.cbd\/","https:\/\/es.trustpilot.com\/review\/thetreecbd.com"]}]}},"_links":{"self":[{"href":"https:\/\/thetreecbd.com\/de\/wp-json\/wp\/v2\/product\/166270","targetHints":{"allow":["GET"]}}],"collection":[{"href":"https:\/\/thetreecbd.com\/de\/wp-json\/wp\/v2\/product"}],"about":[{"href":"https:\/\/thetreecbd.com\/de\/wp-json\/wp\/v2\/types\/product"}],"version-history":[{"count":0,"href":"https:\/\/thetreecbd.com\/de\/wp-json\/wp\/v2\/product\/166270\/revisions"}],"wp:featuredmedia":[{"embeddable":true,"href":"https:\/\/thetreecbd.com\/de\/wp-json\/wp\/v2\/media\/166275"}],"wp:attachment":[{"href":"https:\/\/thetreecbd.com\/de\/wp-json\/wp\/v2\/media?parent=166270"}],"wp:term":[{"taxonomy":"product_brand","embeddable":true,"href":"https:\/\/thetreecbd.com\/de\/wp-json\/wp\/v2\/product_brand?post=166270"}],"curies":[{"name":"wp","href":"https:\/\/api.w.org\/{rel}","templated":true}]}}