{"id":166286,"date":"2023-10-13T12:06:37","date_gmt":"2023-10-13T10:06:37","guid":{"rendered":"https:\/\/thetreecbd.com\/cbd\/packs-cbd-pax-plus"},"modified":"2025-07-04T17:04:53","modified_gmt":"2025-07-04T15:04:53","slug":"packs-cbd-pax-plus","status":"publish","type":"product","link":"https:\/\/thetreecbd.com\/de\/cbd\/packs-cbd-pax-plus","title":{"rendered":"PAX PLUS Set: CBD-Vaporizer + 12 g CBD"},"content":{"rendered":"<h2>Alem\u00e1n<\/h2>\n<p>&nbsp;<\/p>\n<p>Der <b>PAX PLUS CBD Pack<\/b> ist jetzt bei The Tree CBD erh\u00e4ltlich. Damit Sie ihn bei The Tree CBD genie\u00dfen k\u00f6nnen, wird der PAX 3 mit <b>zwei Beuteln CBD-Bl\u00fcten als Geschenk<\/b> geliefert. Die im Paket enthaltenen Beutel sind ein <b>2g-Beutel Zkittlez<\/b> und ein <b>10g-Beutel mit kleinen Green Cure Bl\u00fcten<\/b>, so haben Sie alles bereit, um den PAX PLUS CBD zu genie\u00dfen.<\/p>\n<p>&nbsp;<\/p>\n<h3>PACK PAX PLUS erh\u00e4ltlich in 4 Farben:<\/h3>\n<p>&nbsp;<\/p>\n<ul>\n<li><b>Onyx<\/b> (1 Beutel 2 Gramm Zkittlez + 1 Beutel 10 Gramm kleine Green Cure Bl\u00fcten)<\/li>\n<li><b>Sage<\/b> (1 Beutel 2 Gramm Zkittlez + 1 Beutel 10 Gramm kleine Green Cure Bl\u00fcten)<\/li>\n<li><b>Eldeberry<\/b> (1 Beutel 2 Gramm Zkittlez + 1 Beutel 10 Gramm kleine Green Cure Bl\u00fcten)<\/li>\n<li><b>Periwinkle<\/b> (1 Beutel 2 Gramm Zkittlez + 1 Beutel 10 Gramm kleine Green Cure Bl\u00fcten)<\/li>\n<\/ul>\n<p>Dieser kompakte Vaporizer hat ein sehr elegantes und sch\u00f6nes Design, ist gleichzeitig sehr kompakt und effizient und l\u00e4sst sich dank seiner polierten eloxierten Aluminiumoberfl\u00e4che unauff\u00e4llig in der Tasche oder im Rucksack tragen.<\/p>\n<p>&nbsp;<\/p>\n<h3>Erfahrungsmodi des PACK PAX PLUS<\/h3>\n<p>&nbsp;<\/p>\n<ul>\n<li><b>STEALTH<\/b> &#8211; Temp-Profile: 175\u00b0C &#8211; 180\u00b0C. In diesem Modus bleiben Sie unauff\u00e4llig mit unglaublichem Geschmack und maximaler Diskretion. Reduziert sichtbaren Dampf, dimmt LEDs und Vibrationseinstellungen f\u00fcr maximale Diskretion. Reduziert Dampfwolken und Geruch f\u00fcr ein geschmackvolleres Erlebnis.<\/li>\n<li><b>EFFICIENCY<\/b> &#8211; Temp-Profile: 180\u00b0C &#8211; 215\u00b0C. Holen Sie das Beste aus Ihrer Pflanze heraus. Erleben Sie das PAX-Gef\u00fchl, ohne einen Tropfen zu verschwenden. Erh\u00f6ht die Temperatur im Laufe der Zeit schrittweise, um das Maximum aus Ihrer Sitzung herauszuholen, ohne einen Tropfen zu verschwenden. Extrahiert jeden letzten Tropfen, ohne Ihren PAX manuell einstellen zu m\u00fcssen.<\/li>\n<li><b>FLAVOUR<\/b> \u2013 Temperaturbereich 190\u00b0C &#8211; 205\u00b0C. K\u00f6stlicher Geschmack w\u00e4hrend Ihrer gesamten Session mit diesen Temperaturprofilen im mittleren Bereich, die sich w\u00e4hrend Ihrer Session anpassen. Holen Sie die gr\u00f6\u00dfte Menge an Cannabinoiden aus der Pflanze. Dieser Modus gleicht die Heizzyklen aus, um sowohl Cannabinoide als auch Terpene gleichm\u00e4\u00dfig gleichzeitig zu extrahieren.<\/li>\n<li><b>BOOST<\/b> &#8211; Temperaturbereich 215\u00b0C &#8211; 220\u00b0C. F\u00fcr Konzentrate oder wenn Sie einen sofortigen Schub ben\u00f6tigen, ist Ihr PAX bereit. H\u00e4lt die Temperatur im Bereitschaftsmodus l\u00e4nger, h\u00e4lt alles hei\u00df und bereit (im Gegensatz zu den anderen Modi, die schneller abk\u00fchlen). Gr\u00f6\u00dfere Dampfwolken und jedes Mal gro\u00dfe Z\u00fcge.<\/li>\n<\/ul>\n<p>Im Gegensatz zum PAX MINI enth\u00e4lt der PAX PLUS ein Zubeh\u00f6rteil, mit dem Konzentrate verdampft werden k\u00f6nnen, wodurch dichte und geschmackvolle Dampfwolken entstehen, wie sie beim Verdampfen von Cannabisbl\u00fcten erzielt werden. Dieses Zubeh\u00f6r befindet sich im Deckel der Kammer und funktioniert wie ein elektronischer Nagel, der die vom Ger\u00e4t erzeugte W\u00e4rme nutzt.<\/p>\n<p>Seine Autonomie betr\u00e4gt ca. 2,5 Stunden und er wird \u00fcber USB mit einem Dock aufgeladen. 4 kreuzf\u00f6rmige LED-Leuchten zeigen die gew\u00e4hlte Temperatur, den Ladezustand und ob er heizt oder bereit ist, mit einem Farbcode an. Beim Laden leuchtet ein Segment f\u00fcr 25%, zwei f\u00fcr 50%, 3 f\u00fcr 75% und alle 4 f\u00fcr 100%. Es zeigt auch an, dass das Ger\u00e4t heizt, indem zwei lila Segmente leuchten, die alle vier gr\u00fcn werden, wenn es bereit ist. Mit dem Einschaltknopf k\u00f6nnen Sie die Temperatur zwischen 4 Positionen nach Ihrem Geschmack einstellen, einschlie\u00dflich eines Heizmodus f\u00fcr Harz. Die Bedienung dieses Cannabis-Vaporizers ist sehr einfach: einfach die Kammer mit zerkleinertem Kraut oder Harz f\u00fcllen, durch Dr\u00fccken des oberen Knopfes einschalten, 15 Sekunden warten, bis er sich erw\u00e4rmt hat, und fertig, Sie k\u00f6nnen inhalieren. Er ist aus lebensmittelechten Materialien gefertigt und hat eine 10-j\u00e4hrige Herstellergarantie, die seine enorme Qualit\u00e4t belegt. Au\u00dferdem verf\u00fcgt er \u00fcber Vibrationsfeedback und Beschleunigungsmesser f\u00fcr mehr Komfort und Energieeinsparung. Als zus\u00e4tzliche Neuheit verf\u00fcgt er \u00fcber Bluetooth-Konnektivit\u00e4t, mit der Sie die Temperatur des Ger\u00e4ts, den Batteriestand und andere Optionen von Ihrem Telefon aus steuern k\u00f6nnen.<\/p>\n<p>&nbsp;<\/p>\n<h3>Merkmale des PAX PLUS CBD Packs<\/h3>\n<p>&nbsp;<\/p>\n<ul>\n<li>Tragbarer Vaporizer, kompatibel mit Kraut und Konzentraten<\/li>\n<li>1 Beutel 2 Gramm Zkittlez + 1 Beutel 10 Gramm kleine Green Cure Bl\u00fcten<\/li>\n<li><b>3D-Gitter:<\/b> f\u00fcr einfache Extraktion und Reinigung (NEU)<\/li>\n<li><b>Standard-Heizkammerdeckel:<\/b> f\u00fcr volle Kapazit\u00e4t (0,5 g)<\/li>\n<li><b>Flaches Mundst\u00fcck:<\/b> f\u00fcr mehr Diskretion.<\/li>\n<li><b>Erh\u00f6htes Mundst\u00fcck:<\/b> f\u00fcr mehr Komfort.<\/li>\n<li><b>Ladekabel:<\/b> f\u00fcr einfaches Laden mit magnetischem Zubeh\u00f6r.<\/li>\n<li><b>Drahtb\u00fcrste:<\/b> zur Reinigung des Ger\u00e4ts.<\/li>\n<\/ul>\n<p>&nbsp;<\/p>\n<h3>Bestandteile des PAX PLUS CBD Packs<\/h3>\n<p>&nbsp;<\/p>\n<ul>\n<li><b>Bl\u00fctenbeutel:<\/b> 1 Beutel 2 Gramm Zkittlez + 1 Beutel 10 Gramm kleine Green Cure Bl\u00fcten<\/li>\n<li><b>Pax PLUS Komplettset mit:<\/b> Pax PLUS mit 4 w\u00e4hlbaren Temperaturen, Zubeh\u00f6r f\u00fcr Konzentrate, 2 Mundst\u00fccke, 2 Ofendeckel, Konzentratdeckel, Multifunktionswerkzeug, Wartungskit, Ladekabel und 3 3D-Gitter.<\/li>\n<\/ul>\n<p>&nbsp;<\/p>\n<h3>Zielgruppe<\/h3>\n<p>&nbsp;<\/p>\n<p>Dieses Pack von The Tree CBD ist ideal f\u00fcr alle, die das Einatmen sch\u00e4dlicher Substanzen f\u00fcr unsere Gesundheit vermeiden m\u00f6chten und uns erm\u00f6glicht, ihre medizinischen Eigenschaften zu genie\u00dfen.<\/p>\n<p>Es sorgt auch f\u00fcr ein gewisses Ma\u00df an Sauberkeit, da dieser Vaporizer Dampf und keinen Rauch erzeugt, wodurch das Aroma der Pflanze viel sauberer ist und einen nicht so invasiven Geruch hinterl\u00e4sst wie der Rauch der Verbrennung.<\/p>\n<hr \/>\n<p>&nbsp;<\/p>\n<h3>Sicherheitsinformationen<\/h3>\n<p>&nbsp;<\/p>\n<p>Bitte beachten Sie, dass PAX PLUS eine <b>eingeschr\u00e4nkte Garantie von einem Jahr ab dem Datum des Einzelhandelskaufs durch den urspr\u00fcnglichen K\u00e4ufer<\/b> hat.<\/p>\n<p>PAX Labs garantiert PAX PLUS nur gegen Sch\u00e4den, die durch PAX Era Pods verursacht werden, und Material- und Verarbeitungsfehler bei normalem Gebrauch, entweder im Geh\u00e4use, f\u00fcr 1 Jahr ab dem Datum des Einzelhandelskaufs von PAX oder von autorisierten PAX-H\u00e4ndlern durch den urspr\u00fcnglichen K\u00e4ufer (die \u201eeingeschr\u00e4nkte Garantie\u201c). Diese eingeschr\u00e4nkte Garantie ist NICHT auf nachfolgende K\u00e4ufer \u00fcbertragbar. Die Garantie gilt nicht, wenn Sie \u00fcber einen nicht autorisierten Wiederverk\u00e4ufer oder einen Drittanbieter wie eBay oder Craigslist kaufen.<\/p>\n<hr \/>\n<p>&nbsp;<\/p>\n<h3>Lagerung<\/h3>\n<p>&nbsp;<\/p>\n<p>Die Aufbewahrung und Reinigung Ihres PAX PLUS ist f\u00fcr den t\u00e4glichen Betrieb wichtig.<\/p>\n<p>Wenn Ihr PAX PLUS verschmutzt ist, bemerken Sie ein Gurgeln, oder Sie k\u00f6nnten Schwierigkeiten beim Saugen haben, wenn sich die Farbe der Kammer ebenfalls verdunkeln k\u00f6nnte, was ebenfalls auf eine Harzansammlung hindeutet.<\/p>\n<p>Wenn Sie diese Situationen erleben, sollten Sie Ihren PAX PLUS Vaporizer unbedingt reinigen. Tats\u00e4chlich muss die Reinigung des PAX PLUS ein regelm\u00e4\u00dfiger Bestandteil Ihrer Vaping-Routine sein, um all diese Probleme von vornherein zu vermeiden.<\/p>\n<p data-start=\"5739\" data-end=\"5871\">\n","protected":false},"excerpt":{"rendered":"<h3>Merkmale des PAX PLUS CBD Packs<\/h3>\n<p>&nbsp;<\/p>\n<ul>\n<li>Tragbarer Vaporizer, kompatibel mit Kraut und Konzentraten<\/li>\n<li>1 Beutel 2 Gramm Zkittlez + 1 Beutel 10 Gramm kleine Green Cure Bl\u00fcten<\/li>\n<li><b>3D-Gitter:<\/b> f\u00fcr einfache Extraktion und Reinigung (NEU)<\/li>\n<li><b>Standard-Heizkammerdeckel:<\/b> f\u00fcr volle Kapazit\u00e4t (0,5 g)<\/li>\n<li><b>Flaches Mundst\u00fcck:<\/b> f\u00fcr mehr Diskretion.<\/li>\n<li><b>Erh\u00f6htes Mundst\u00fcck:<\/b> f\u00fcr mehr Komfort.<\/li>\n<li><b>Ladekabel:<\/b> f\u00fcr einfaches Laden mit magnetischem Zubeh\u00f6r.<\/li>\n<li><b>Drahtb\u00fcrste:<\/b> zur Reinigung des Ger\u00e4ts.<\/li>\n<\/ul>\n","protected":false},"featured_media":166295,"template":"","meta":{"_acf_changed":false},"product_brand":[],"class_list":{"0":"post-166286","1":"product","2":"type-product","3":"status-publish","4":"has-post-thumbnail","6":"product_cat-cbd-pakete","7":"product_cat-cbd-vaporizer","8":"product_cat-vaporizer-fur-cbd-bluten","10":"first","11":"outofstock","12":"taxable","13":"shipping-taxable","14":"purchasable","15":"product-type-variable","16":"has-default-attributes"},"acf":[],"yoast_head":"<!-- This site is optimized with the Yoast SEO plugin v26.3 - https:\/\/yoast.com\/wordpress\/plugins\/seo\/ -->\n<title>PAX PLUS Set: CBD-Vaporizer + 12 g CBD | The Tree CBD<\/title>\n<meta name=\"description\" content=\"PAX PLUS CBD Set: Komplettes CBD-Vaporizer-Kit + 2 g Beutel Zkittlez + 10 g Beutel kleine Bl\u00fcten Green Cure. In ganz Europa legal.\" \/>\n<meta name=\"robots\" content=\"index, follow, max-snippet:-1, max-image-preview:large, max-video-preview:-1\" \/>\n<link rel=\"canonical\" href=\"https:\/\/thetreecbd.com\/de\/cbd\/packs-cbd-pax-plus\" \/>\n<meta property=\"og:locale\" content=\"de_DE\" \/>\n<meta property=\"og:type\" content=\"article\" \/>\n<meta property=\"og:title\" content=\"PAX PLUS Set: CBD-Vaporizer + 12 g CBD | The Tree CBD\" \/>\n<meta property=\"og:description\" content=\"PAX PLUS CBD Set: Komplettes CBD-Vaporizer-Kit + 2 g Beutel Zkittlez + 10 g Beutel kleine Bl\u00fcten Green Cure. In ganz Europa legal.\" \/>\n<meta property=\"og:url\" content=\"https:\/\/thetreecbd.com\/de\/cbd\/packs-cbd-pax-plus\" \/>\n<meta property=\"og:site_name\" content=\"The Tree CBD\" \/>\n<meta property=\"article:publisher\" content=\"https:\/\/www.facebook.com\/thetreeCBD\/\" \/>\n<meta property=\"article:modified_time\" content=\"2025-07-04T15:04:53+00:00\" \/>\n<meta property=\"og:image\" content=\"https:\/\/thetreecbd.com\/wp-content\/uploads\/2023\/11\/pax-pack-plus.png\" \/>\n\t<meta property=\"og:image:width\" content=\"600\" \/>\n\t<meta property=\"og:image:height\" content=\"720\" \/>\n\t<meta property=\"og:image:type\" content=\"image\/png\" \/>\n<meta name=\"twitter:card\" content=\"summary_large_image\" \/>\n<meta name=\"twitter:site\" content=\"@TheTreeCBD_EU\" \/>\n<meta name=\"twitter:label1\" content=\"Gesch\u00e4tzte Lesezeit\" \/>\n\t<meta name=\"twitter:data1\" content=\"5\u00a0Minuten\" \/>\n<script type=\"application\/ld+json\" class=\"yoast-schema-graph\">{\"@context\":\"https:\/\/schema.org\",\"@graph\":[{\"@type\":[\"WebPage\",\"ItemPage\"],\"@id\":\"https:\/\/thetreecbd.com\/de\/cbd\/packs-cbd-pax-plus\",\"url\":\"https:\/\/thetreecbd.com\/de\/cbd\/packs-cbd-pax-plus\",\"name\":\"PAX PLUS Set: CBD-Vaporizer + 12 g CBD | The Tree CBD\",\"isPartOf\":{\"@id\":\"https:\/\/thetreecbd.com\/de#website\"},\"primaryImageOfPage\":{\"@id\":\"https:\/\/thetreecbd.com\/de\/cbd\/packs-cbd-pax-plus#primaryimage\"},\"image\":{\"@id\":\"https:\/\/thetreecbd.com\/de\/cbd\/packs-cbd-pax-plus#primaryimage\"},\"thumbnailUrl\":\"https:\/\/thetreecbd.com\/wp-content\/uploads\/2023\/11\/pax-pack-plus.png\",\"datePublished\":\"2023-10-13T10:06:37+00:00\",\"dateModified\":\"2025-07-04T15:04:53+00:00\",\"description\":\"PAX PLUS CBD Set: Komplettes CBD-Vaporizer-Kit + 2 g Beutel Zkittlez + 10 g Beutel kleine Bl\u00fcten Green Cure. In ganz Europa legal.\",\"breadcrumb\":{\"@id\":\"https:\/\/thetreecbd.com\/de\/cbd\/packs-cbd-pax-plus#breadcrumb\"},\"inLanguage\":\"de\",\"potentialAction\":[{\"@type\":\"ReadAction\",\"target\":[\"https:\/\/thetreecbd.com\/de\/cbd\/packs-cbd-pax-plus\"]}]},{\"@type\":\"ImageObject\",\"inLanguage\":\"de\",\"@id\":\"https:\/\/thetreecbd.com\/de\/cbd\/packs-cbd-pax-plus#primaryimage\",\"url\":\"https:\/\/thetreecbd.com\/wp-content\/uploads\/2023\/11\/pax-pack-plus.png\",\"contentUrl\":\"https:\/\/thetreecbd.com\/wp-content\/uploads\/2023\/11\/pax-pack-plus.png\",\"width\":600,\"height\":720},{\"@type\":\"BreadcrumbList\",\"@id\":\"https:\/\/thetreecbd.com\/de\/cbd\/packs-cbd-pax-plus#breadcrumb\",\"itemListElement\":[{\"@type\":\"ListItem\",\"position\":1,\"name\":\"The Tree\",\"item\":\"https:\/\/thetreecbd.com\/de\"},{\"@type\":\"ListItem\",\"position\":2,\"name\":\"CBD\",\"item\":\"https:\/\/thetreecbd.com\/es\/cbd\"},{\"@type\":\"ListItem\",\"position\":3,\"name\":\"CBD-Vaporizer\",\"item\":\"https:\/\/thetreecbd.com\/de\/cbd-vaporizer\"},{\"@type\":\"ListItem\",\"position\":4,\"name\":\"PAX PLUS Set: CBD-Vaporizer + 12 g CBD\"}]},{\"@type\":\"WebSite\",\"@id\":\"https:\/\/thetreecbd.com\/de#website\",\"url\":\"https:\/\/thetreecbd.com\/de\",\"name\":\"The Tree CBD\",\"description\":\"Comprar CBD en Espa\u00f1a Online\",\"publisher\":{\"@id\":\"https:\/\/thetreecbd.com\/de#organization\"},\"potentialAction\":[{\"@type\":\"SearchAction\",\"target\":{\"@type\":\"EntryPoint\",\"urlTemplate\":\"https:\/\/thetreecbd.com\/de?s={search_term_string}\"},\"query-input\":{\"@type\":\"PropertyValueSpecification\",\"valueRequired\":true,\"valueName\":\"search_term_string\"}}],\"inLanguage\":\"de\"},{\"@type\":\"Organization\",\"@id\":\"https:\/\/thetreecbd.com\/de#organization\",\"name\":\"The Tree CBD\",\"url\":\"https:\/\/thetreecbd.com\/de\",\"logo\":{\"@type\":\"ImageObject\",\"inLanguage\":\"de\",\"@id\":\"https:\/\/thetreecbd.com\/de#\/schema\/logo\/image\/\",\"url\":\"https:\/\/thetreecbd.com\/wp-content\/uploads\/2022\/04\/logo-thetree.png\",\"contentUrl\":\"https:\/\/thetreecbd.com\/wp-content\/uploads\/2022\/04\/logo-thetree.png\",\"width\":172,\"height\":55,\"caption\":\"The Tree CBD\"},\"image\":{\"@id\":\"https:\/\/thetreecbd.com\/de#\/schema\/logo\/image\/\"},\"sameAs\":[\"https:\/\/www.facebook.com\/thetreeCBD\/\",\"https:\/\/x.com\/TheTreeCBD_EU\",\"https:\/\/www.instagram.com\/thetree.cbd\/\",\"https:\/\/es.trustpilot.com\/review\/thetreecbd.com\"]}]}<\/script>\n<!-- \/ Yoast SEO plugin. -->","yoast_head_json":{"title":"PAX PLUS Set: CBD-Vaporizer + 12 g CBD | The Tree CBD","description":"PAX PLUS CBD Set: Komplettes CBD-Vaporizer-Kit + 2 g Beutel Zkittlez + 10 g Beutel kleine Bl\u00fcten Green Cure. In ganz Europa legal.","robots":{"index":"index","follow":"follow","max-snippet":"max-snippet:-1","max-image-preview":"max-image-preview:large","max-video-preview":"max-video-preview:-1"},"canonical":"https:\/\/thetreecbd.com\/de\/cbd\/packs-cbd-pax-plus","og_locale":"de_DE","og_type":"article","og_title":"PAX PLUS Set: CBD-Vaporizer + 12 g CBD | The Tree CBD","og_description":"PAX PLUS CBD Set: Komplettes CBD-Vaporizer-Kit + 2 g Beutel Zkittlez + 10 g Beutel kleine Bl\u00fcten Green Cure. In ganz Europa legal.","og_url":"https:\/\/thetreecbd.com\/de\/cbd\/packs-cbd-pax-plus","og_site_name":"The Tree CBD","article_publisher":"https:\/\/www.facebook.com\/thetreeCBD\/","article_modified_time":"2025-07-04T15:04:53+00:00","og_image":[{"width":600,"height":720,"url":"https:\/\/thetreecbd.com\/wp-content\/uploads\/2023\/11\/pax-pack-plus.png","type":"image\/png"}],"twitter_card":"summary_large_image","twitter_site":"@TheTreeCBD_EU","twitter_misc":{"Gesch\u00e4tzte Lesezeit":"5\u00a0Minuten"},"schema":{"@context":"https:\/\/schema.org","@graph":[{"@type":["WebPage","ItemPage"],"@id":"https:\/\/thetreecbd.com\/de\/cbd\/packs-cbd-pax-plus","url":"https:\/\/thetreecbd.com\/de\/cbd\/packs-cbd-pax-plus","name":"PAX PLUS Set: CBD-Vaporizer + 12 g CBD | The Tree CBD","isPartOf":{"@id":"https:\/\/thetreecbd.com\/de#website"},"primaryImageOfPage":{"@id":"https:\/\/thetreecbd.com\/de\/cbd\/packs-cbd-pax-plus#primaryimage"},"image":{"@id":"https:\/\/thetreecbd.com\/de\/cbd\/packs-cbd-pax-plus#primaryimage"},"thumbnailUrl":"https:\/\/thetreecbd.com\/wp-content\/uploads\/2023\/11\/pax-pack-plus.png","datePublished":"2023-10-13T10:06:37+00:00","dateModified":"2025-07-04T15:04:53+00:00","description":"PAX PLUS CBD Set: Komplettes CBD-Vaporizer-Kit + 2 g Beutel Zkittlez + 10 g Beutel kleine Bl\u00fcten Green Cure. In ganz Europa legal.","breadcrumb":{"@id":"https:\/\/thetreecbd.com\/de\/cbd\/packs-cbd-pax-plus#breadcrumb"},"inLanguage":"de","potentialAction":[{"@type":"ReadAction","target":["https:\/\/thetreecbd.com\/de\/cbd\/packs-cbd-pax-plus"]}]},{"@type":"ImageObject","inLanguage":"de","@id":"https:\/\/thetreecbd.com\/de\/cbd\/packs-cbd-pax-plus#primaryimage","url":"https:\/\/thetreecbd.com\/wp-content\/uploads\/2023\/11\/pax-pack-plus.png","contentUrl":"https:\/\/thetreecbd.com\/wp-content\/uploads\/2023\/11\/pax-pack-plus.png","width":600,"height":720},{"@type":"BreadcrumbList","@id":"https:\/\/thetreecbd.com\/de\/cbd\/packs-cbd-pax-plus#breadcrumb","itemListElement":[{"@type":"ListItem","position":1,"name":"The Tree","item":"https:\/\/thetreecbd.com\/de"},{"@type":"ListItem","position":2,"name":"CBD","item":"https:\/\/thetreecbd.com\/es\/cbd"},{"@type":"ListItem","position":3,"name":"CBD-Vaporizer","item":"https:\/\/thetreecbd.com\/de\/cbd-vaporizer"},{"@type":"ListItem","position":4,"name":"PAX PLUS Set: CBD-Vaporizer + 12 g CBD"}]},{"@type":"WebSite","@id":"https:\/\/thetreecbd.com\/de#website","url":"https:\/\/thetreecbd.com\/de","name":"The Tree CBD","description":"Comprar CBD en Espa\u00f1a Online","publisher":{"@id":"https:\/\/thetreecbd.com\/de#organization"},"potentialAction":[{"@type":"SearchAction","target":{"@type":"EntryPoint","urlTemplate":"https:\/\/thetreecbd.com\/de?s={search_term_string}"},"query-input":{"@type":"PropertyValueSpecification","valueRequired":true,"valueName":"search_term_string"}}],"inLanguage":"de"},{"@type":"Organization","@id":"https:\/\/thetreecbd.com\/de#organization","name":"The Tree CBD","url":"https:\/\/thetreecbd.com\/de","logo":{"@type":"ImageObject","inLanguage":"de","@id":"https:\/\/thetreecbd.com\/de#\/schema\/logo\/image\/","url":"https:\/\/thetreecbd.com\/wp-content\/uploads\/2022\/04\/logo-thetree.png","contentUrl":"https:\/\/thetreecbd.com\/wp-content\/uploads\/2022\/04\/logo-thetree.png","width":172,"height":55,"caption":"The Tree CBD"},"image":{"@id":"https:\/\/thetreecbd.com\/de#\/schema\/logo\/image\/"},"sameAs":["https:\/\/www.facebook.com\/thetreeCBD\/","https:\/\/x.com\/TheTreeCBD_EU","https:\/\/www.instagram.com\/thetree.cbd\/","https:\/\/es.trustpilot.com\/review\/thetreecbd.com"]}]}},"_links":{"self":[{"href":"https:\/\/thetreecbd.com\/de\/wp-json\/wp\/v2\/product\/166286","targetHints":{"allow":["GET"]}}],"collection":[{"href":"https:\/\/thetreecbd.com\/de\/wp-json\/wp\/v2\/product"}],"about":[{"href":"https:\/\/thetreecbd.com\/de\/wp-json\/wp\/v2\/types\/product"}],"version-history":[{"count":0,"href":"https:\/\/thetreecbd.com\/de\/wp-json\/wp\/v2\/product\/166286\/revisions"}],"wp:featuredmedia":[{"embeddable":true,"href":"https:\/\/thetreecbd.com\/de\/wp-json\/wp\/v2\/media\/166295"}],"wp:attachment":[{"href":"https:\/\/thetreecbd.com\/de\/wp-json\/wp\/v2\/media?parent=166286"}],"wp:term":[{"taxonomy":"product_brand","embeddable":true,"href":"https:\/\/thetreecbd.com\/de\/wp-json\/wp\/v2\/product_brand?post=166286"}],"curies":[{"name":"wp","href":"https:\/\/api.w.org\/{rel}","templated":true}]}}