{"id":166300,"date":"2023-03-29T11:11:21","date_gmt":"2023-03-29T09:11:21","guid":{"rendered":"https:\/\/thetreecbd.com\/cbd\/vaporesso-gtx-go80-fur-cbd"},"modified":"2025-07-28T12:32:53","modified_gmt":"2025-07-28T10:32:53","slug":"vaporesso-gtx-go80-fur-cbd","status":"publish","type":"product","link":"https:\/\/thetreecbd.com\/de\/cbd\/vaporesso-gtx-go80-fur-cbd","title":{"rendered":"Vaporesso GTX GO80 f\u00fcr CBD"},"content":{"rendered":"<p data-start=\"50\" data-end=\"142\"><strong data-start=\"50\" data-end=\"142\">The Tree CBD stellt vor: Vaporesso GTX GO80 \u2013 wiederaufladbarer Vape f\u00fcr deine E-Liquids<\/strong><\/p>\n<p data-start=\"144\" data-end=\"360\">Das Vaporesso GTX GO80 Pod Kit ist ein erfrischendes Upgrade eines Stift-Style Vapes mit einem magnetischen GTX POD 26\/22, der sofortiges Dampfen erm\u00f6glicht \u2013 ideal, um die CBD-E-Liquids von The Tree CBD zu genie\u00dfen.<\/p>\n<p data-start=\"362\" data-end=\"601\">Der Pod verf\u00fcgt \u00fcber ein Top-Fill-System und die auslaufsichere SSS-Technologie, die das Bef\u00fcllen einfach und unkompliziert macht. Die SSS-Technologie schafft eine Barriere gegen Auslaufen, sodass du das ganze Liquid optimal nutzen kannst.<\/p>\n<p data-start=\"603\" data-end=\"845\">Der GTX GO unterst\u00fctzt die neue GTX Coil Serie. Mit einem einfach einstellbaren Luftstrom, einem eingebauten 3000mAh Akku, einer maximalen Leistung von 80W und Schnellladefunktion \u00fcber USB Typ-C bietet der GTX GO ein komplettes Dampferlebnis.<\/p>\n<p data-start=\"847\" data-end=\"1028\">Der GTX GO ist der erste Stift-Style Vape mit USB-C Schnellladung. Seine kompakte Gr\u00f6\u00dfe und Form liegen angenehm in der Hand, sind diskret und perfekt, um ihn jederzeit mitzunehmen.<\/p>\n<p data-start=\"1030\" data-end=\"1192\">Wir wissen, dass das Bef\u00fcllen oft ein Thema ist \u2013 das Vaporesso GTX GO80 Pod Kit erleichtert das Nachf\u00fcllen durch die SSS-Technologie, die sicher und einfach ist.<\/p>\n<p data-start=\"1194\" data-end=\"1446\"><strong data-start=\"1194\" data-end=\"1214\">Magnetischer Pod<\/strong><br data-start=\"1214\" data-end=\"1217\" \/>Die Vaporesso SSS Leak-Resistant Technologie verst\u00e4rkt diesen gro\u00dfartigen Pod, um das Auslaufen von E-Liquid zu verhindern. Die magnetische Verbindung sorgt zudem f\u00fcr eine einfache und 100% sichere Befestigung des GTX Pods 26\/22.<\/p>\n<p data-start=\"1448\" data-end=\"1615\"><strong data-start=\"1448\" data-end=\"1475\">Regulierbarer Luftstrom<\/strong><br data-start=\"1475\" data-end=\"1478\" \/>Der magnetische Pod erlaubt eine pr\u00e4zise Einstellung des Luftstroms, sodass du die Dampfmenge ganz nach deinem Geschmack anpassen kannst.<\/p>\n<p data-start=\"1617\" data-end=\"1848\"><strong data-start=\"1617\" data-end=\"1651\">3000mAh Akku mit Schnellladung<\/strong><br data-start=\"1651\" data-end=\"1654\" \/>Ein weiteres Highlight des GTX GO 80 ist der 3000mAh Akku mit USB-C-Anschluss. Dadurch kannst du dein Ger\u00e4t schnell wieder aufladen und hast es immer einsatzbereit \u2013 auch bei intensiver Nutzung.<\/p>\n<p data-start=\"1855\" data-end=\"1910\"><strong data-start=\"1855\" data-end=\"1908\">Technische Daten des Vaporesso GTX GO80 Pod Kits:<\/strong><\/p>\n<ul data-start=\"1911\" data-end=\"2275\">\n<li data-start=\"1911\" data-end=\"1955\">\n<p data-start=\"1913\" data-end=\"1955\">Wiederaufladbarer Vape f\u00fcr CBD-E-Liquids<\/p>\n<\/li>\n<li data-start=\"1956\" data-end=\"1975\">\n<p data-start=\"1958\" data-end=\"1975\">Top-Fill-System<\/p>\n<\/li>\n<li data-start=\"1976\" data-end=\"2027\">\n<p data-start=\"1978\" data-end=\"2027\">Magnetischer Pod mit pr\u00e4ziser Luftstromregelung<\/p>\n<\/li>\n<li data-start=\"2028\" data-end=\"2051\">\n<p data-start=\"2030\" data-end=\"2051\">Ein-Klick-Bedienung<\/p>\n<\/li>\n<li data-start=\"2052\" data-end=\"2080\">\n<p data-start=\"2054\" data-end=\"2080\">Kompatibel mit GTX Coils<\/p>\n<\/li>\n<li data-start=\"2081\" data-end=\"2115\">\n<p data-start=\"2083\" data-end=\"2115\">Auslaufsichere SSS-Technologie<\/p>\n<\/li>\n<li data-start=\"2116\" data-end=\"2140\">\n<p data-start=\"2118\" data-end=\"2140\">Gr\u00f6\u00dfe: 22 x 110,3 mm<\/p>\n<\/li>\n<li data-start=\"2141\" data-end=\"2169\">\n<p data-start=\"2143\" data-end=\"2169\">Akku: 3000mAh integriert<\/p>\n<\/li>\n<li data-start=\"2170\" data-end=\"2193\">\n<p data-start=\"2172\" data-end=\"2193\">Tankkapazit\u00e4t: 2 ml<\/p>\n<\/li>\n<li data-start=\"2194\" data-end=\"2229\">\n<p data-start=\"2196\" data-end=\"2229\">Garantiert THC- und nikotinfrei<\/p>\n<\/li>\n<li data-start=\"2230\" data-end=\"2275\">\n<p data-start=\"2232\" data-end=\"2275\">Frei von Alkohol und tierischen Extrakten<\/p>\n<\/li>\n<\/ul>\n<p data-start=\"2282\" data-end=\"2301\"><strong data-start=\"2282\" data-end=\"2299\">Lieferumfang:<\/strong><\/p>\n<ul data-start=\"2302\" data-end=\"2455\">\n<li data-start=\"2302\" data-end=\"2333\">\n<p data-start=\"2304\" data-end=\"2333\">1x Vaporesso GTX GO 80 Akku<\/p>\n<\/li>\n<li data-start=\"2334\" data-end=\"2358\">\n<p data-start=\"2336\" data-end=\"2358\">1x GTX Pod 22 (2 ml)<\/p>\n<\/li>\n<li data-start=\"2359\" data-end=\"2384\">\n<p data-start=\"2361\" data-end=\"2384\">1x GTX 0,6\u03a9 Mesh Coil<\/p>\n<\/li>\n<li data-start=\"2385\" data-end=\"2407\">\n<p data-start=\"2387\" data-end=\"2407\">1x USB Typ-C Kabel<\/p>\n<\/li>\n<li data-start=\"2408\" data-end=\"2428\">\n<p data-start=\"2410\" data-end=\"2428\">1x Garantiekarte<\/p>\n<\/li>\n<li data-start=\"2429\" data-end=\"2455\">\n<p data-start=\"2431\" data-end=\"2455\">1x Bedienungsanleitung<\/p>\n<\/li>\n<\/ul>\n<p data-start=\"2462\" data-end=\"2668\"><strong data-start=\"2462\" data-end=\"2484\">Design und Format:<\/strong><br data-start=\"2484\" data-end=\"2487\" \/>Das GTX GO80 Pod Kit hat das Format eines E-Zigaretten-Stifts. Das Gummi- und Metallgeh\u00e4use, zusammen mit Form und Gr\u00f6\u00dfe, sorgt f\u00fcr einen angenehmen Griff und liegt gut in der Hand.<\/p>\n<p data-start=\"2675\" data-end=\"2994\"><strong data-start=\"2675\" data-end=\"2688\">Lagerung:<\/strong><br data-start=\"2688\" data-end=\"2691\" \/>Idealerweise sollte das Vaporesso GTX GO80 Pod Kit an einem k\u00fchlen, trockenen Ort, gesch\u00fctzt vor Licht und starken Ger\u00fcchen aufbewahrt werden, um Kontaminationen zu vermeiden. Direkte Sonneneinstrahlung und Hitze sollten vermieden werden. F\u00fcr weitere Details siehe Pflege- und Lagerhinweise im Handbuch.<\/p>\n<p data-start=\"3001\" data-end=\"3102\"><strong data-start=\"3001\" data-end=\"3029\">F\u00fcr wen ist es geeignet?<\/strong><br data-start=\"3029\" data-end=\"3032\" \/>Das Vaporesso GTX GO80 Pod Kit ist f\u00fcr Personen ab 18 Jahren geeignet.<\/p>\n<p data-start=\"3109\" data-end=\"3401\"><strong data-start=\"3109\" data-end=\"3133\">Sicherheitshinweise:<\/strong><br data-start=\"3133\" data-end=\"3136\" \/>Bitte beachte, dass das Vaporesso GTX GO80 Pod Kit ein dekoratives und sammelw\u00fcrdiges Produkt ist. Es sollte nicht w\u00e4hrend Schwangerschaft oder Stillzeit verwendet werden. Au\u00dferhalb der Reichweite von Kindern aufbewahren. Die Nutzung ist nur f\u00fcr Erwachsene erlaubt.<\/p>\n","protected":false},"excerpt":{"rendered":"<p data-start=\"113\" data-end=\"168\">Wiederaufladbarer Vape f\u00fcr E-Liquid<br data-start=\"148\" data-end=\"151\" \/>Top-Fill-System<\/p>\n<p data-start=\"170\" data-end=\"221\">Magnetische Kapsel mit pr\u00e4ziser Luftstromregelung<\/p>\n<p data-start=\"223\" data-end=\"254\">Hoch kompatibel mit GTX-Coils<\/p>\n<p data-start=\"256\" data-end=\"291\">SSS-Technologie f\u00fcr Auslaufschutz<\/p>\n<p data-start=\"293\" data-end=\"315\">Gr\u00f6\u00dfe: 22 x 110,3 mm<\/p>\n<p data-start=\"317\" data-end=\"344\">Akku: 3000 mAh integriert<\/p>\n<p data-start=\"346\" data-end=\"365\" data-is-last-node=\"\" data-is-only-node=\"\">Tankkapazit\u00e4t: 2 ml<\/p>\n","protected":false},"featured_media":166301,"template":"","meta":{"_acf_changed":false},"product_brand":[],"class_list":{"0":"post-166300","1":"product","2":"type-product","3":"status-publish","4":"has-post-thumbnail","6":"product_cat-cbd-vaporizer","7":"product_cat-wiederaufladbare-cbd-vapes","9":"first","10":"instock","11":"taxable","12":"shipping-taxable","13":"purchasable","14":"product-type-simple"},"acf":[],"yoast_head":"<!-- This site is optimized with the Yoast SEO plugin v26.3 - https:\/\/yoast.com\/wordpress\/plugins\/seo\/ -->\n<title>Vaporesso GTX GO80 f\u00fcr CBD | The Tree CBD<\/title>\n<meta name=\"description\" content=\"Genie\u00dfe das beste CBD-E-Liquid mit diesem einfach nachf\u00fcllbaren und auslaufsicheren CBD-Pod dank der SSS-Technologie. 2 ml Fassungsverm\u00f6gen und h\u00f6chste Qualit\u00e4t.e a fugas gracias a la tecnolog\u00eda SSS. Capacidad de 2ml y m\u00e1xima calidad.\" \/>\n<meta name=\"robots\" content=\"index, follow, max-snippet:-1, max-image-preview:large, max-video-preview:-1\" \/>\n<link rel=\"canonical\" href=\"https:\/\/thetreecbd.com\/de\/cbd\/vaporesso-gtx-go80-fur-cbd\" \/>\n<meta property=\"og:locale\" content=\"de_DE\" \/>\n<meta property=\"og:type\" content=\"article\" \/>\n<meta property=\"og:title\" content=\"Vaporesso GTX GO80 f\u00fcr CBD | The Tree CBD\" \/>\n<meta property=\"og:description\" content=\"Genie\u00dfe das beste CBD-E-Liquid mit diesem einfach nachf\u00fcllbaren und auslaufsicheren CBD-Pod dank der SSS-Technologie. 2 ml Fassungsverm\u00f6gen und h\u00f6chste Qualit\u00e4t.e a fugas gracias a la tecnolog\u00eda SSS. Capacidad de 2ml y m\u00e1xima calidad.\" \/>\n<meta property=\"og:url\" content=\"https:\/\/thetreecbd.com\/de\/cbd\/vaporesso-gtx-go80-fur-cbd\" \/>\n<meta property=\"og:site_name\" content=\"The Tree CBD\" \/>\n<meta property=\"article:publisher\" content=\"https:\/\/www.facebook.com\/thetreeCBD\/\" \/>\n<meta property=\"article:modified_time\" content=\"2025-07-28T10:32:53+00:00\" \/>\n<meta property=\"og:image\" content=\"https:\/\/thetreecbd.com\/wp-content\/uploads\/2023\/11\/vaporesso-cbd.png\" \/>\n\t<meta property=\"og:image:width\" content=\"600\" \/>\n\t<meta property=\"og:image:height\" content=\"720\" \/>\n\t<meta property=\"og:image:type\" content=\"image\/png\" \/>\n<meta name=\"twitter:card\" content=\"summary_large_image\" \/>\n<meta name=\"twitter:site\" content=\"@TheTreeCBD_EU\" \/>\n<meta name=\"twitter:label1\" content=\"Gesch\u00e4tzte Lesezeit\" \/>\n\t<meta name=\"twitter:data1\" content=\"2\u00a0Minuten\" \/>\n<script type=\"application\/ld+json\" class=\"yoast-schema-graph\">{\"@context\":\"https:\/\/schema.org\",\"@graph\":[{\"@type\":[\"WebPage\",\"ItemPage\"],\"@id\":\"https:\/\/thetreecbd.com\/de\/cbd\/vaporesso-gtx-go80-fur-cbd\",\"url\":\"https:\/\/thetreecbd.com\/de\/cbd\/vaporesso-gtx-go80-fur-cbd\",\"name\":\"Vaporesso GTX GO80 f\u00fcr CBD | The Tree CBD\",\"isPartOf\":{\"@id\":\"https:\/\/thetreecbd.com\/de#website\"},\"primaryImageOfPage\":{\"@id\":\"https:\/\/thetreecbd.com\/de\/cbd\/vaporesso-gtx-go80-fur-cbd#primaryimage\"},\"image\":{\"@id\":\"https:\/\/thetreecbd.com\/de\/cbd\/vaporesso-gtx-go80-fur-cbd#primaryimage\"},\"thumbnailUrl\":\"https:\/\/thetreecbd.com\/wp-content\/uploads\/2023\/11\/vaporesso-cbd.png\",\"datePublished\":\"2023-03-29T09:11:21+00:00\",\"dateModified\":\"2025-07-28T10:32:53+00:00\",\"description\":\"Genie\u00dfe das beste CBD-E-Liquid mit diesem einfach nachf\u00fcllbaren und auslaufsicheren CBD-Pod dank der SSS-Technologie. 2 ml Fassungsverm\u00f6gen und h\u00f6chste Qualit\u00e4t.e a fugas gracias a la tecnolog\u00eda SSS. Capacidad de 2ml y m\u00e1xima calidad.\",\"breadcrumb\":{\"@id\":\"https:\/\/thetreecbd.com\/de\/cbd\/vaporesso-gtx-go80-fur-cbd#breadcrumb\"},\"inLanguage\":\"de\",\"potentialAction\":[{\"@type\":\"ReadAction\",\"target\":[\"https:\/\/thetreecbd.com\/de\/cbd\/vaporesso-gtx-go80-fur-cbd\"]}]},{\"@type\":\"ImageObject\",\"inLanguage\":\"de\",\"@id\":\"https:\/\/thetreecbd.com\/de\/cbd\/vaporesso-gtx-go80-fur-cbd#primaryimage\",\"url\":\"https:\/\/thetreecbd.com\/wp-content\/uploads\/2023\/11\/vaporesso-cbd.png\",\"contentUrl\":\"https:\/\/thetreecbd.com\/wp-content\/uploads\/2023\/11\/vaporesso-cbd.png\",\"width\":600,\"height\":720},{\"@type\":\"BreadcrumbList\",\"@id\":\"https:\/\/thetreecbd.com\/de\/cbd\/vaporesso-gtx-go80-fur-cbd#breadcrumb\",\"itemListElement\":[{\"@type\":\"ListItem\",\"position\":1,\"name\":\"The Tree\",\"item\":\"https:\/\/thetreecbd.com\/de\"},{\"@type\":\"ListItem\",\"position\":2,\"name\":\"CBD\",\"item\":\"https:\/\/thetreecbd.com\/es\/cbd\"},{\"@type\":\"ListItem\",\"position\":3,\"name\":\"CBD-Vaporizer\",\"item\":\"https:\/\/thetreecbd.com\/de\/cbd-vaporizer\"},{\"@type\":\"ListItem\",\"position\":4,\"name\":\"Vaporesso GTX GO80 f\u00fcr CBD\"}]},{\"@type\":\"WebSite\",\"@id\":\"https:\/\/thetreecbd.com\/de#website\",\"url\":\"https:\/\/thetreecbd.com\/de\",\"name\":\"The Tree CBD\",\"description\":\"Comprar CBD en Espa\u00f1a Online\",\"publisher\":{\"@id\":\"https:\/\/thetreecbd.com\/de#organization\"},\"potentialAction\":[{\"@type\":\"SearchAction\",\"target\":{\"@type\":\"EntryPoint\",\"urlTemplate\":\"https:\/\/thetreecbd.com\/de?s={search_term_string}\"},\"query-input\":{\"@type\":\"PropertyValueSpecification\",\"valueRequired\":true,\"valueName\":\"search_term_string\"}}],\"inLanguage\":\"de\"},{\"@type\":\"Organization\",\"@id\":\"https:\/\/thetreecbd.com\/de#organization\",\"name\":\"The Tree CBD\",\"url\":\"https:\/\/thetreecbd.com\/de\",\"logo\":{\"@type\":\"ImageObject\",\"inLanguage\":\"de\",\"@id\":\"https:\/\/thetreecbd.com\/de#\/schema\/logo\/image\/\",\"url\":\"https:\/\/thetreecbd.com\/wp-content\/uploads\/2022\/04\/logo-thetree.png\",\"contentUrl\":\"https:\/\/thetreecbd.com\/wp-content\/uploads\/2022\/04\/logo-thetree.png\",\"width\":172,\"height\":55,\"caption\":\"The Tree CBD\"},\"image\":{\"@id\":\"https:\/\/thetreecbd.com\/de#\/schema\/logo\/image\/\"},\"sameAs\":[\"https:\/\/www.facebook.com\/thetreeCBD\/\",\"https:\/\/x.com\/TheTreeCBD_EU\",\"https:\/\/www.instagram.com\/thetree.cbd\/\",\"https:\/\/es.trustpilot.com\/review\/thetreecbd.com\"]}]}<\/script>\n<!-- \/ Yoast SEO plugin. -->","yoast_head_json":{"title":"Vaporesso GTX GO80 f\u00fcr CBD | The Tree CBD","description":"Genie\u00dfe das beste CBD-E-Liquid mit diesem einfach nachf\u00fcllbaren und auslaufsicheren CBD-Pod dank der SSS-Technologie. 2 ml Fassungsverm\u00f6gen und h\u00f6chste Qualit\u00e4t.e a fugas gracias a la tecnolog\u00eda SSS. Capacidad de 2ml y m\u00e1xima calidad.","robots":{"index":"index","follow":"follow","max-snippet":"max-snippet:-1","max-image-preview":"max-image-preview:large","max-video-preview":"max-video-preview:-1"},"canonical":"https:\/\/thetreecbd.com\/de\/cbd\/vaporesso-gtx-go80-fur-cbd","og_locale":"de_DE","og_type":"article","og_title":"Vaporesso GTX GO80 f\u00fcr CBD | The Tree CBD","og_description":"Genie\u00dfe das beste CBD-E-Liquid mit diesem einfach nachf\u00fcllbaren und auslaufsicheren CBD-Pod dank der SSS-Technologie. 2 ml Fassungsverm\u00f6gen und h\u00f6chste Qualit\u00e4t.e a fugas gracias a la tecnolog\u00eda SSS. Capacidad de 2ml y m\u00e1xima calidad.","og_url":"https:\/\/thetreecbd.com\/de\/cbd\/vaporesso-gtx-go80-fur-cbd","og_site_name":"The Tree CBD","article_publisher":"https:\/\/www.facebook.com\/thetreeCBD\/","article_modified_time":"2025-07-28T10:32:53+00:00","og_image":[{"width":600,"height":720,"url":"https:\/\/thetreecbd.com\/wp-content\/uploads\/2023\/11\/vaporesso-cbd.png","type":"image\/png"}],"twitter_card":"summary_large_image","twitter_site":"@TheTreeCBD_EU","twitter_misc":{"Gesch\u00e4tzte Lesezeit":"2\u00a0Minuten"},"schema":{"@context":"https:\/\/schema.org","@graph":[{"@type":["WebPage","ItemPage"],"@id":"https:\/\/thetreecbd.com\/de\/cbd\/vaporesso-gtx-go80-fur-cbd","url":"https:\/\/thetreecbd.com\/de\/cbd\/vaporesso-gtx-go80-fur-cbd","name":"Vaporesso GTX GO80 f\u00fcr CBD | The Tree CBD","isPartOf":{"@id":"https:\/\/thetreecbd.com\/de#website"},"primaryImageOfPage":{"@id":"https:\/\/thetreecbd.com\/de\/cbd\/vaporesso-gtx-go80-fur-cbd#primaryimage"},"image":{"@id":"https:\/\/thetreecbd.com\/de\/cbd\/vaporesso-gtx-go80-fur-cbd#primaryimage"},"thumbnailUrl":"https:\/\/thetreecbd.com\/wp-content\/uploads\/2023\/11\/vaporesso-cbd.png","datePublished":"2023-03-29T09:11:21+00:00","dateModified":"2025-07-28T10:32:53+00:00","description":"Genie\u00dfe das beste CBD-E-Liquid mit diesem einfach nachf\u00fcllbaren und auslaufsicheren CBD-Pod dank der SSS-Technologie. 2 ml Fassungsverm\u00f6gen und h\u00f6chste Qualit\u00e4t.e a fugas gracias a la tecnolog\u00eda SSS. Capacidad de 2ml y m\u00e1xima calidad.","breadcrumb":{"@id":"https:\/\/thetreecbd.com\/de\/cbd\/vaporesso-gtx-go80-fur-cbd#breadcrumb"},"inLanguage":"de","potentialAction":[{"@type":"ReadAction","target":["https:\/\/thetreecbd.com\/de\/cbd\/vaporesso-gtx-go80-fur-cbd"]}]},{"@type":"ImageObject","inLanguage":"de","@id":"https:\/\/thetreecbd.com\/de\/cbd\/vaporesso-gtx-go80-fur-cbd#primaryimage","url":"https:\/\/thetreecbd.com\/wp-content\/uploads\/2023\/11\/vaporesso-cbd.png","contentUrl":"https:\/\/thetreecbd.com\/wp-content\/uploads\/2023\/11\/vaporesso-cbd.png","width":600,"height":720},{"@type":"BreadcrumbList","@id":"https:\/\/thetreecbd.com\/de\/cbd\/vaporesso-gtx-go80-fur-cbd#breadcrumb","itemListElement":[{"@type":"ListItem","position":1,"name":"The Tree","item":"https:\/\/thetreecbd.com\/de"},{"@type":"ListItem","position":2,"name":"CBD","item":"https:\/\/thetreecbd.com\/es\/cbd"},{"@type":"ListItem","position":3,"name":"CBD-Vaporizer","item":"https:\/\/thetreecbd.com\/de\/cbd-vaporizer"},{"@type":"ListItem","position":4,"name":"Vaporesso GTX GO80 f\u00fcr CBD"}]},{"@type":"WebSite","@id":"https:\/\/thetreecbd.com\/de#website","url":"https:\/\/thetreecbd.com\/de","name":"The Tree CBD","description":"Comprar CBD en Espa\u00f1a Online","publisher":{"@id":"https:\/\/thetreecbd.com\/de#organization"},"potentialAction":[{"@type":"SearchAction","target":{"@type":"EntryPoint","urlTemplate":"https:\/\/thetreecbd.com\/de?s={search_term_string}"},"query-input":{"@type":"PropertyValueSpecification","valueRequired":true,"valueName":"search_term_string"}}],"inLanguage":"de"},{"@type":"Organization","@id":"https:\/\/thetreecbd.com\/de#organization","name":"The Tree CBD","url":"https:\/\/thetreecbd.com\/de","logo":{"@type":"ImageObject","inLanguage":"de","@id":"https:\/\/thetreecbd.com\/de#\/schema\/logo\/image\/","url":"https:\/\/thetreecbd.com\/wp-content\/uploads\/2022\/04\/logo-thetree.png","contentUrl":"https:\/\/thetreecbd.com\/wp-content\/uploads\/2022\/04\/logo-thetree.png","width":172,"height":55,"caption":"The Tree CBD"},"image":{"@id":"https:\/\/thetreecbd.com\/de#\/schema\/logo\/image\/"},"sameAs":["https:\/\/www.facebook.com\/thetreeCBD\/","https:\/\/x.com\/TheTreeCBD_EU","https:\/\/www.instagram.com\/thetree.cbd\/","https:\/\/es.trustpilot.com\/review\/thetreecbd.com"]}]}},"_links":{"self":[{"href":"https:\/\/thetreecbd.com\/de\/wp-json\/wp\/v2\/product\/166300","targetHints":{"allow":["GET"]}}],"collection":[{"href":"https:\/\/thetreecbd.com\/de\/wp-json\/wp\/v2\/product"}],"about":[{"href":"https:\/\/thetreecbd.com\/de\/wp-json\/wp\/v2\/types\/product"}],"version-history":[{"count":0,"href":"https:\/\/thetreecbd.com\/de\/wp-json\/wp\/v2\/product\/166300\/revisions"}],"wp:featuredmedia":[{"embeddable":true,"href":"https:\/\/thetreecbd.com\/de\/wp-json\/wp\/v2\/media\/166301"}],"wp:attachment":[{"href":"https:\/\/thetreecbd.com\/de\/wp-json\/wp\/v2\/media?parent=166300"}],"wp:term":[{"taxonomy":"product_brand","embeddable":true,"href":"https:\/\/thetreecbd.com\/de\/wp-json\/wp\/v2\/product_brand?post=166300"}],"curies":[{"name":"wp","href":"https:\/\/api.w.org\/{rel}","templated":true}]}}