{"id":166304,"date":"2022-12-20T19:47:27","date_gmt":"2022-12-20T18:47:27","guid":{"rendered":"https:\/\/thetreecbd.com\/cbd\/vape-zkittlez-cbd"},"modified":"2022-12-20T19:47:27","modified_gmt":"2022-12-20T18:47:27","slug":"vape-zkittlez-cbd","status":"publish","type":"product","link":"https:\/\/thetreecbd.com\/de\/cbd\/vape-zkittlez-cbd","title":{"rendered":"Vape Zkittlez CBD"},"content":{"rendered":"<p data-start=\"72\" data-end=\"342\"><strong data-start=\"72\" data-end=\"102\">The Tree Zkittlez CBD Vape<\/strong> ist ein All-in-One, wiederaufladbarer und Einweg-Vaporizer, diskret und stilvoll. Seine Leistung sollte aufgrund seiner Gr\u00f6\u00dfe, des geringen Gewichts und des eleganten matten Finishs mit dem markanten Rautendesign nicht untersch\u00e4tzt werden.<\/p>\n<p data-start=\"344\" data-end=\"631\">Dieser CBD-Vape bietet etwa 800 Z\u00fcge und hat einen Tank mit 0,5 ml, gef\u00fcllt mit 85 % CBD-Destillat, was eine Gesamtmenge von 425 mg CBD pro Ger\u00e4t ergibt. Au\u00dferdem enth\u00e4lt dieses Produkt weder THC noch Nikotin, weshalb es keine psychoaktiven Wirkungen hat und absolut nicht s\u00fcchtig macht.<\/p>\n<p data-start=\"633\" data-end=\"871\">Dieser innovative Einweg-CBD-Vaporizer hat ein leicht zu greifendes Design, das schwer loszulassen ist. Er verf\u00fcgt \u00fcber ein integriertes, sichtbares \u00d6ltanksystem, das hohen Komfort bietet, damit du bis zum letzten Tropfen genie\u00dfen kannst.<\/p>\n<p data-start=\"873\" data-end=\"1187\">Unser Vape-Sortiment w\u00e4re ohne den Geschmack der bei unseren Kunden am meisten gesch\u00e4tzten und beliebtesten Bl\u00fcte, Zkittlez, nicht vollst\u00e4ndig. Diese Bl\u00fcte zeichnet sich durch ein starkes Aroma aus, das aus einer s\u00fc\u00dfen und tropischen Mischung von Fruchtaromen besteht \u2013 eine wahre Freude f\u00fcr Liebhaber s\u00fc\u00dfer D\u00fcfte.<\/p>\n<p data-start=\"1189\" data-end=\"1513\">Mit h\u00f6chster Priorit\u00e4t auf Sicherheit besteht die innere Struktur des \u201ePoche\u201c aus medizinischem Edelstahl 316L, wodurch dieses Produkt zu 100 % sicher ist. Dieser fortschrittliche Vaporizer verf\u00fcgt \u00fcber eine LED-Leuchte, die sich beim Inhalieren automatisch einschaltet. Du bist dabei, deinen gro\u00dfen Verb\u00fcndeten zu bekommen.<\/p>\n<p data-start=\"1515\" data-end=\"1839\">Angetrieben von einem eingebauten 350mAh Akku mit wiederaufladbarer Funktion eliminiert der \u201ePoche\u201c vollst\u00e4ndig das Risiko, w\u00e4hrend der Nutzung ohne Akku dazustehen \u2013 wie es bei vielen Einweg-Vapes der Fall ist, die ihren Akku vor dem \u00d6l leer haben. Das garantiert ein langanhaltendes Erlebnis ohne Verschwendung und Sorgen.<\/p>\n<h3 data-start=\"1846\" data-end=\"1897\">Eigenschaften des The Tree Zkittlez CBD Vapes<\/h3>\n<ul data-start=\"1898\" data-end=\"2297\">\n<li data-start=\"1898\" data-end=\"1923\">\n<p data-start=\"1900\" data-end=\"1923\">Tankkapazit\u00e4t: 0,5 ml<\/p>\n<\/li>\n<li data-start=\"1924\" data-end=\"1953\">\n<p data-start=\"1926\" data-end=\"1953\">Enth\u00e4lt 425 mg CBD (85 %)<\/p>\n<\/li>\n<li data-start=\"1954\" data-end=\"1972\">\n<p data-start=\"1956\" data-end=\"1972\">Zkittlez Aroma<\/p>\n<\/li>\n<li data-start=\"1973\" data-end=\"2001\">\n<p data-start=\"1975\" data-end=\"2001\">Sichtbares \u00d6ltank-Design<\/p>\n<\/li>\n<li data-start=\"2002\" data-end=\"2043\">\n<p data-start=\"2004\" data-end=\"2043\">Mundst\u00fcck aus lebensmittelechtem PCTG<\/p>\n<\/li>\n<li data-start=\"2044\" data-end=\"2096\">\n<p data-start=\"2046\" data-end=\"2096\">Innere Struktur aus medizinischem Edelstahl 316L<\/p>\n<\/li>\n<li data-start=\"2097\" data-end=\"2131\">\n<p data-start=\"2099\" data-end=\"2131\">Aktiviert sich beim Inhalieren<\/p>\n<\/li>\n<li data-start=\"2132\" data-end=\"2159\">\n<p data-start=\"2134\" data-end=\"2159\">Integrierte LED-Anzeige<\/p>\n<\/li>\n<li data-start=\"2160\" data-end=\"2188\">\n<p data-start=\"2162\" data-end=\"2188\">Gr\u00f6\u00dfe: 93,7 x 22 x 11 mm<\/p>\n<\/li>\n<li data-start=\"2189\" data-end=\"2216\">\n<p data-start=\"2191\" data-end=\"2216\">Eingebauter 350mAh Akku<\/p>\n<\/li>\n<li data-start=\"2217\" data-end=\"2252\">\n<p data-start=\"2219\" data-end=\"2252\">Garantiert THC- und nikotinfrei<\/p>\n<\/li>\n<li data-start=\"2253\" data-end=\"2297\">\n<p data-start=\"2255\" data-end=\"2297\">Ohne Alkohol und ohne tierische Extrakte<\/p>\n<\/li>\n<\/ul>\n<h3 data-start=\"2304\" data-end=\"2315\">Aroma<\/h3>\n<p data-start=\"2316\" data-end=\"2522\">Terpene finden sich in den meisten \u00e4therischen \u00d6len vieler Pflanzen, Blumen und Fr\u00fcchte und sind verantwortlich f\u00fcr Geruch und Geschmack. Cannabis verf\u00fcgt \u00fcber ein breites Terpenprofil. Aroma: Zkittlez CBD.<\/p>\n<h3 data-start=\"2529\" data-end=\"2541\">Format<\/h3>\n<p data-start=\"2542\" data-end=\"2749\">Der Einweg-CBD-Vaporizer von The Tree hat die Form eines elektronischen Zigarettensticks, passt in die Handfl\u00e4che, hat ein Rautendesign und einen sichtbaren \u00d6ltank, der ihm viel Stil und Diskretion verleiht.<\/p>\n<h3 data-start=\"2756\" data-end=\"2770\">Lagerung<\/h3>\n<p data-start=\"2771\" data-end=\"3043\">Der Einweg-CBD-Vaporizer von The Tree sollte an einem k\u00fchlen, trockenen Ort, gesch\u00fctzt vor Licht und starken Ger\u00fcchen, gelagert werden, um Kontaminationen zu vermeiden. Direkte Sonneneinstrahlung und Hitze sind zu vermeiden. Nach Gebrauch sollte das Ger\u00e4t entsorgt werden.<\/p>\n<h3 data-start=\"3050\" data-end=\"3072\">F\u00fcr wen ist das?<\/h3>\n<p data-start=\"3073\" data-end=\"3137\">Der Einweg-CBD-Vaporizer ist f\u00fcr Personen ab 18 Jahren bestimmt.<\/p>\n<h3 data-start=\"3144\" data-end=\"3169\">Sicherheitshinweise<\/h3>\n<p data-start=\"3170\" data-end=\"3351\">Bitte beachten: Der Einweg-CBD-Vaporizer ist nur f\u00fcr Erwachsene bestimmt. Nicht w\u00e4hrend Schwangerschaft oder Stillzeit verwenden. Au\u00dferhalb der Reichweite von Kindern aufbewahren.<\/p>\n<p data-start=\"3353\" data-end=\"3418\">Im Originalbeh\u00e4lter, verschlossen und richtig etikettiert lagern.<\/p>\n<p data-start=\"3420\" data-end=\"3465\">Bei Fragen stehen wir dir gern zur Verf\u00fcgung.<\/p>\n","protected":false},"excerpt":{"rendered":"<ul>\n<li>Tankkapazit\u00e4t: 0,5 ml.<\/li>\n<li>Enth\u00e4lt 425 mg CBD (85 %).<\/li>\n<li>Zkittlez-Aroma.<\/li>\n<li>Design mit sichtbarem \u00d6ltank.<\/li>\n<li>Mundst\u00fcck aus lebensmittelechtem PCTG.<\/li>\n<li>Innere Struktur aus medizinischem Edelstahl 316L.<\/li>\n<li>Aktiviert sich beim Inhalieren.<\/li>\n<li>Integrierte LED-Anzeige.<\/li>\n<li>Gr\u00f6\u00dfe: 93,7 x 22 x 11 mm.<\/li>\n<li>Eingebauter 350mAh Akku.<\/li>\n<li>Tankkapazit\u00e4t: 0,5 ml.<\/li>\n<li>Garantiert THC- und nikotinfrei.<\/li>\n<li>Ohne Alkohol und ohne tierische Extrakte.<\/li>\n<\/ul>\n","protected":false},"featured_media":166305,"template":"","meta":{"_acf_changed":false},"product_brand":[],"class_list":{"0":"post-166304","1":"product","2":"type-product","3":"status-publish","4":"has-post-thumbnail","6":"product_cat-cbd-angebote","7":"product_cat-cbd-vaporizer","8":"product_cat-einweg-cbd-vapes-pods","10":"first","11":"outofstock","12":"sale","13":"taxable","14":"shipping-taxable","15":"purchasable","16":"product-type-simple"},"acf":[],"yoast_head":"<!-- This site is optimized with the Yoast SEO plugin v26.3 - https:\/\/yoast.com\/wordpress\/plugins\/seo\/ -->\n<title>Vape Zkittlez CBD | The Tree CBD<\/title>\n<meta name=\"description\" content=\"Der Zkittlez CBD Vape von The Tree mit 85 % CBD! Ein wiederaufladbarer, wegwerfbarer, diskreter und stylischer Vape, um dein CBD maximal zu genie\u00dfen \u2013 ganz ohne THC.\" \/>\n<meta name=\"robots\" content=\"index, follow, max-snippet:-1, max-image-preview:large, max-video-preview:-1\" \/>\n<link rel=\"canonical\" href=\"https:\/\/thetreecbd.com\/de\/cbd\/vape-zkittlez-cbd\" \/>\n<meta property=\"og:locale\" content=\"de_DE\" \/>\n<meta property=\"og:type\" content=\"article\" \/>\n<meta property=\"og:title\" content=\"Vape Zkittlez CBD | The Tree CBD\" \/>\n<meta property=\"og:description\" content=\"Der Zkittlez CBD Vape von The Tree mit 85 % CBD! Ein wiederaufladbarer, wegwerfbarer, diskreter und stylischer Vape, um dein CBD maximal zu genie\u00dfen \u2013 ganz ohne THC.\" \/>\n<meta property=\"og:url\" content=\"https:\/\/thetreecbd.com\/de\/cbd\/vape-zkittlez-cbd\" \/>\n<meta property=\"og:site_name\" content=\"The Tree CBD\" \/>\n<meta property=\"article:publisher\" content=\"https:\/\/www.facebook.com\/thetreeCBD\/\" \/>\n<meta property=\"og:image\" content=\"https:\/\/thetreecbd.com\/wp-content\/uploads\/2023\/11\/vape-zkittlez-cbd.png\" \/>\n\t<meta property=\"og:image:width\" content=\"600\" \/>\n\t<meta property=\"og:image:height\" content=\"720\" \/>\n\t<meta property=\"og:image:type\" content=\"image\/png\" \/>\n<meta name=\"twitter:card\" content=\"summary_large_image\" \/>\n<meta name=\"twitter:site\" content=\"@TheTreeCBD_EU\" \/>\n<meta name=\"twitter:label1\" content=\"Gesch\u00e4tzte Lesezeit\" \/>\n\t<meta name=\"twitter:data1\" content=\"2\u00a0Minuten\" \/>\n<script type=\"application\/ld+json\" class=\"yoast-schema-graph\">{\"@context\":\"https:\/\/schema.org\",\"@graph\":[{\"@type\":[\"WebPage\",\"ItemPage\"],\"@id\":\"https:\/\/thetreecbd.com\/de\/cbd\/vape-zkittlez-cbd\",\"url\":\"https:\/\/thetreecbd.com\/de\/cbd\/vape-zkittlez-cbd\",\"name\":\"Vape Zkittlez CBD | The Tree CBD\",\"isPartOf\":{\"@id\":\"https:\/\/thetreecbd.com\/de#website\"},\"primaryImageOfPage\":{\"@id\":\"https:\/\/thetreecbd.com\/de\/cbd\/vape-zkittlez-cbd#primaryimage\"},\"image\":{\"@id\":\"https:\/\/thetreecbd.com\/de\/cbd\/vape-zkittlez-cbd#primaryimage\"},\"thumbnailUrl\":\"https:\/\/thetreecbd.com\/wp-content\/uploads\/2023\/11\/vape-zkittlez-cbd.png\",\"datePublished\":\"2022-12-20T18:47:27+00:00\",\"description\":\"Der Zkittlez CBD Vape von The Tree mit 85 % CBD! Ein wiederaufladbarer, wegwerfbarer, diskreter und stylischer Vape, um dein CBD maximal zu genie\u00dfen \u2013 ganz ohne THC.\",\"breadcrumb\":{\"@id\":\"https:\/\/thetreecbd.com\/de\/cbd\/vape-zkittlez-cbd#breadcrumb\"},\"inLanguage\":\"de\",\"potentialAction\":[{\"@type\":\"ReadAction\",\"target\":[\"https:\/\/thetreecbd.com\/de\/cbd\/vape-zkittlez-cbd\"]}]},{\"@type\":\"ImageObject\",\"inLanguage\":\"de\",\"@id\":\"https:\/\/thetreecbd.com\/de\/cbd\/vape-zkittlez-cbd#primaryimage\",\"url\":\"https:\/\/thetreecbd.com\/wp-content\/uploads\/2023\/11\/vape-zkittlez-cbd.png\",\"contentUrl\":\"https:\/\/thetreecbd.com\/wp-content\/uploads\/2023\/11\/vape-zkittlez-cbd.png\",\"width\":600,\"height\":720},{\"@type\":\"BreadcrumbList\",\"@id\":\"https:\/\/thetreecbd.com\/de\/cbd\/vape-zkittlez-cbd#breadcrumb\",\"itemListElement\":[{\"@type\":\"ListItem\",\"position\":1,\"name\":\"The Tree\",\"item\":\"https:\/\/thetreecbd.com\/de\"},{\"@type\":\"ListItem\",\"position\":2,\"name\":\"CBD\",\"item\":\"https:\/\/thetreecbd.com\/es\/cbd\"},{\"@type\":\"ListItem\",\"position\":3,\"name\":\"CBD-Vaporizer\",\"item\":\"https:\/\/thetreecbd.com\/de\/cbd-vaporizer\"},{\"@type\":\"ListItem\",\"position\":4,\"name\":\"Einweg-CBD-Vapes &amp; Pods\",\"item\":\"https:\/\/thetreecbd.com\/de\/cbd-vaporizer\/einweg-cbd-vapes-pods\"},{\"@type\":\"ListItem\",\"position\":5,\"name\":\"Vape Zkittlez CBD\"}]},{\"@type\":\"WebSite\",\"@id\":\"https:\/\/thetreecbd.com\/de#website\",\"url\":\"https:\/\/thetreecbd.com\/de\",\"name\":\"The Tree CBD\",\"description\":\"Comprar CBD en Espa\u00f1a Online\",\"publisher\":{\"@id\":\"https:\/\/thetreecbd.com\/de#organization\"},\"potentialAction\":[{\"@type\":\"SearchAction\",\"target\":{\"@type\":\"EntryPoint\",\"urlTemplate\":\"https:\/\/thetreecbd.com\/de?s={search_term_string}\"},\"query-input\":{\"@type\":\"PropertyValueSpecification\",\"valueRequired\":true,\"valueName\":\"search_term_string\"}}],\"inLanguage\":\"de\"},{\"@type\":\"Organization\",\"@id\":\"https:\/\/thetreecbd.com\/de#organization\",\"name\":\"The Tree CBD\",\"url\":\"https:\/\/thetreecbd.com\/de\",\"logo\":{\"@type\":\"ImageObject\",\"inLanguage\":\"de\",\"@id\":\"https:\/\/thetreecbd.com\/de#\/schema\/logo\/image\/\",\"url\":\"https:\/\/thetreecbd.com\/wp-content\/uploads\/2022\/04\/logo-thetree.png\",\"contentUrl\":\"https:\/\/thetreecbd.com\/wp-content\/uploads\/2022\/04\/logo-thetree.png\",\"width\":172,\"height\":55,\"caption\":\"The Tree CBD\"},\"image\":{\"@id\":\"https:\/\/thetreecbd.com\/de#\/schema\/logo\/image\/\"},\"sameAs\":[\"https:\/\/www.facebook.com\/thetreeCBD\/\",\"https:\/\/x.com\/TheTreeCBD_EU\",\"https:\/\/www.instagram.com\/thetree.cbd\/\",\"https:\/\/es.trustpilot.com\/review\/thetreecbd.com\"]}]}<\/script>\n<!-- \/ Yoast SEO plugin. -->","yoast_head_json":{"title":"Vape Zkittlez CBD | The Tree CBD","description":"Der Zkittlez CBD Vape von The Tree mit 85 % CBD! Ein wiederaufladbarer, wegwerfbarer, diskreter und stylischer Vape, um dein CBD maximal zu genie\u00dfen \u2013 ganz ohne THC.","robots":{"index":"index","follow":"follow","max-snippet":"max-snippet:-1","max-image-preview":"max-image-preview:large","max-video-preview":"max-video-preview:-1"},"canonical":"https:\/\/thetreecbd.com\/de\/cbd\/vape-zkittlez-cbd","og_locale":"de_DE","og_type":"article","og_title":"Vape Zkittlez CBD | The Tree CBD","og_description":"Der Zkittlez CBD Vape von The Tree mit 85 % CBD! Ein wiederaufladbarer, wegwerfbarer, diskreter und stylischer Vape, um dein CBD maximal zu genie\u00dfen \u2013 ganz ohne THC.","og_url":"https:\/\/thetreecbd.com\/de\/cbd\/vape-zkittlez-cbd","og_site_name":"The Tree CBD","article_publisher":"https:\/\/www.facebook.com\/thetreeCBD\/","og_image":[{"width":600,"height":720,"url":"https:\/\/thetreecbd.com\/wp-content\/uploads\/2023\/11\/vape-zkittlez-cbd.png","type":"image\/png"}],"twitter_card":"summary_large_image","twitter_site":"@TheTreeCBD_EU","twitter_misc":{"Gesch\u00e4tzte Lesezeit":"2\u00a0Minuten"},"schema":{"@context":"https:\/\/schema.org","@graph":[{"@type":["WebPage","ItemPage"],"@id":"https:\/\/thetreecbd.com\/de\/cbd\/vape-zkittlez-cbd","url":"https:\/\/thetreecbd.com\/de\/cbd\/vape-zkittlez-cbd","name":"Vape Zkittlez CBD | The Tree CBD","isPartOf":{"@id":"https:\/\/thetreecbd.com\/de#website"},"primaryImageOfPage":{"@id":"https:\/\/thetreecbd.com\/de\/cbd\/vape-zkittlez-cbd#primaryimage"},"image":{"@id":"https:\/\/thetreecbd.com\/de\/cbd\/vape-zkittlez-cbd#primaryimage"},"thumbnailUrl":"https:\/\/thetreecbd.com\/wp-content\/uploads\/2023\/11\/vape-zkittlez-cbd.png","datePublished":"2022-12-20T18:47:27+00:00","description":"Der Zkittlez CBD Vape von The Tree mit 85 % CBD! Ein wiederaufladbarer, wegwerfbarer, diskreter und stylischer Vape, um dein CBD maximal zu genie\u00dfen \u2013 ganz ohne THC.","breadcrumb":{"@id":"https:\/\/thetreecbd.com\/de\/cbd\/vape-zkittlez-cbd#breadcrumb"},"inLanguage":"de","potentialAction":[{"@type":"ReadAction","target":["https:\/\/thetreecbd.com\/de\/cbd\/vape-zkittlez-cbd"]}]},{"@type":"ImageObject","inLanguage":"de","@id":"https:\/\/thetreecbd.com\/de\/cbd\/vape-zkittlez-cbd#primaryimage","url":"https:\/\/thetreecbd.com\/wp-content\/uploads\/2023\/11\/vape-zkittlez-cbd.png","contentUrl":"https:\/\/thetreecbd.com\/wp-content\/uploads\/2023\/11\/vape-zkittlez-cbd.png","width":600,"height":720},{"@type":"BreadcrumbList","@id":"https:\/\/thetreecbd.com\/de\/cbd\/vape-zkittlez-cbd#breadcrumb","itemListElement":[{"@type":"ListItem","position":1,"name":"The Tree","item":"https:\/\/thetreecbd.com\/de"},{"@type":"ListItem","position":2,"name":"CBD","item":"https:\/\/thetreecbd.com\/es\/cbd"},{"@type":"ListItem","position":3,"name":"CBD-Vaporizer","item":"https:\/\/thetreecbd.com\/de\/cbd-vaporizer"},{"@type":"ListItem","position":4,"name":"Einweg-CBD-Vapes &amp; Pods","item":"https:\/\/thetreecbd.com\/de\/cbd-vaporizer\/einweg-cbd-vapes-pods"},{"@type":"ListItem","position":5,"name":"Vape Zkittlez CBD"}]},{"@type":"WebSite","@id":"https:\/\/thetreecbd.com\/de#website","url":"https:\/\/thetreecbd.com\/de","name":"The Tree CBD","description":"Comprar CBD en Espa\u00f1a Online","publisher":{"@id":"https:\/\/thetreecbd.com\/de#organization"},"potentialAction":[{"@type":"SearchAction","target":{"@type":"EntryPoint","urlTemplate":"https:\/\/thetreecbd.com\/de?s={search_term_string}"},"query-input":{"@type":"PropertyValueSpecification","valueRequired":true,"valueName":"search_term_string"}}],"inLanguage":"de"},{"@type":"Organization","@id":"https:\/\/thetreecbd.com\/de#organization","name":"The Tree CBD","url":"https:\/\/thetreecbd.com\/de","logo":{"@type":"ImageObject","inLanguage":"de","@id":"https:\/\/thetreecbd.com\/de#\/schema\/logo\/image\/","url":"https:\/\/thetreecbd.com\/wp-content\/uploads\/2022\/04\/logo-thetree.png","contentUrl":"https:\/\/thetreecbd.com\/wp-content\/uploads\/2022\/04\/logo-thetree.png","width":172,"height":55,"caption":"The Tree CBD"},"image":{"@id":"https:\/\/thetreecbd.com\/de#\/schema\/logo\/image\/"},"sameAs":["https:\/\/www.facebook.com\/thetreeCBD\/","https:\/\/x.com\/TheTreeCBD_EU","https:\/\/www.instagram.com\/thetree.cbd\/","https:\/\/es.trustpilot.com\/review\/thetreecbd.com"]}]}},"_links":{"self":[{"href":"https:\/\/thetreecbd.com\/de\/wp-json\/wp\/v2\/product\/166304","targetHints":{"allow":["GET"]}}],"collection":[{"href":"https:\/\/thetreecbd.com\/de\/wp-json\/wp\/v2\/product"}],"about":[{"href":"https:\/\/thetreecbd.com\/de\/wp-json\/wp\/v2\/types\/product"}],"version-history":[{"count":0,"href":"https:\/\/thetreecbd.com\/de\/wp-json\/wp\/v2\/product\/166304\/revisions"}],"wp:featuredmedia":[{"embeddable":true,"href":"https:\/\/thetreecbd.com\/de\/wp-json\/wp\/v2\/media\/166305"}],"wp:attachment":[{"href":"https:\/\/thetreecbd.com\/de\/wp-json\/wp\/v2\/media?parent=166304"}],"wp:term":[{"taxonomy":"product_brand","embeddable":true,"href":"https:\/\/thetreecbd.com\/de\/wp-json\/wp\/v2\/product_brand?post=166304"}],"curies":[{"name":"wp","href":"https:\/\/api.w.org\/{rel}","templated":true}]}}