{"id":166307,"date":"2022-12-20T19:13:50","date_gmt":"2022-12-20T18:13:50","guid":{"rendered":"https:\/\/thetreecbd.com\/cbd\/vape-royal-cheese-cbd"},"modified":"2022-12-20T19:13:50","modified_gmt":"2022-12-20T18:13:50","slug":"vape-royal-cheese-cbd","status":"publish","type":"product","link":"https:\/\/thetreecbd.com\/de\/cbd\/vape-royal-cheese-cbd","title":{"rendered":"Vape Royal Cheese CBD"},"content":{"rendered":"<p data-start=\"50\" data-end=\"307\">Der Royal Cheese CBD Vape von The Tree vereint alle Eigenschaften des perfekten Vaporizers: wiederaufladbar, wegwerfbar, leistungsstark, diskret, leicht und mit einem eleganten matten Finish. Zudem verleiht das Rautendesign ihm einen sehr pers\u00f6nlichen Stil.<\/p>\n<p data-start=\"309\" data-end=\"649\">Dieser CBD Vape verf\u00fcgt \u00fcber einen Tank mit 0,5 ml Fassungsverm\u00f6gen, gef\u00fcllt mit einem CBD-Destillat von 85 %, was einen Gesamtinhalt von 425 mg pro Vape bedeutet. Dieses Vape hat keine psychoaktiven Effekte und ist nicht s\u00fcchtig machend, da es weder THC noch Nikotin enth\u00e4lt. Es ist ein echter Genuss zum Wegwerfen und bietet ca. 800 Z\u00fcge.<\/p>\n<p data-start=\"651\" data-end=\"860\">Der Vape, vergleichbar mit einem Kunstwerk, bietet hohen Komfort, liegt gut in der Hand und f\u00e4llt schwer wieder loszulassen. Dank seines sichtbaren \u00d6ltanksystems kannst du bis zum letzten Tropfen CBD genie\u00dfen.<\/p>\n<p data-start=\"862\" data-end=\"1204\">Dieser diskrete und kompakte Vaporizer bietet das Aroma der unverkennbaren und innovativen Royal Cheese. Eine Bl\u00fcte, die sich unter den anspruchsvollsten Kunden einen besonderen Platz erobert hat. Sein charakteristischer Geruch nach Cheddar- oder Blauschimmelk\u00e4se mit w\u00fcrzigen und s\u00fc\u00df-sauren Noten macht diesen Vape zu einem der beliebtesten.<\/p>\n<p data-start=\"1206\" data-end=\"1510\">Mit Blick auf Sicherheit besteht die innere Struktur des \u201ePoche\u201c aus medizinischem Edelstahl 316L, was ein hohes Ma\u00df an Sicherheit garantiert. Das moderne Design des Ger\u00e4ts beinhaltet eine LED-Leuchte, die beim Inhalieren automatisch aktiviert wird. Es wurde geschaffen, um dein treuer Begleiter zu sein.<\/p>\n<p data-start=\"1512\" data-end=\"1803\">Angetrieben von einem integrierten 350 mAh Akku mit wiederaufladbarer Funktion hat \u201ePoche\u201c das Risiko beseitigt, w\u00e4hrend des Gebrauchs ohne Akku dazustehen \u2013 ein Problem vieler Wegwerf-Vapes, die oft vor dem \u00d6l leer sind. Das garantiert eine langlebige Nutzung ohne Verschwendung und Sorgen.<\/p>\n<p data-start=\"1805\" data-end=\"1864\"><strong data-start=\"1805\" data-end=\"1862\">Eigenschaften des Royal Cheese CBD Vapes von The Tree<\/strong><\/p>\n<ul data-start=\"1865\" data-end=\"2299\">\n<li data-start=\"1865\" data-end=\"1890\">\n<p data-start=\"1867\" data-end=\"1890\">Tankkapazit\u00e4t: 0,5 ml<\/p>\n<\/li>\n<li data-start=\"1891\" data-end=\"1920\">\n<p data-start=\"1893\" data-end=\"1920\">Enth\u00e4lt 425 mg CBD (85 %)<\/p>\n<\/li>\n<li data-start=\"1921\" data-end=\"1944\">\n<p data-start=\"1923\" data-end=\"1944\">Aroma: Royal Cheese<\/p>\n<\/li>\n<li data-start=\"1945\" data-end=\"1977\">\n<p data-start=\"1947\" data-end=\"1977\">Design mit sichtbarem \u00d6ltank<\/p>\n<\/li>\n<li data-start=\"1978\" data-end=\"2019\">\n<p data-start=\"1980\" data-end=\"2019\">Mundst\u00fcck aus lebensmittelechtem PCTG<\/p>\n<\/li>\n<li data-start=\"2020\" data-end=\"2072\">\n<p data-start=\"2022\" data-end=\"2072\">Innere Struktur aus medizinischem Edelstahl 316L<\/p>\n<\/li>\n<li data-start=\"2073\" data-end=\"2107\">\n<p data-start=\"2075\" data-end=\"2107\">Aktiviert sich beim Inhalieren<\/p>\n<\/li>\n<li data-start=\"2108\" data-end=\"2135\">\n<p data-start=\"2110\" data-end=\"2135\">Integrierte LED-Anzeige<\/p>\n<\/li>\n<li data-start=\"2136\" data-end=\"2163\">\n<p data-start=\"2138\" data-end=\"2163\">Ma\u00dfe: 93,7 x 22 x 11 mm<\/p>\n<\/li>\n<li data-start=\"2164\" data-end=\"2192\">\n<p data-start=\"2166\" data-end=\"2192\">Eingebauter 350 mAh Akku<\/p>\n<\/li>\n<li data-start=\"2193\" data-end=\"2218\">\n<p data-start=\"2195\" data-end=\"2218\">Tankkapazit\u00e4t: 0,5 ml<\/p>\n<\/li>\n<li data-start=\"2219\" data-end=\"2254\">\n<p data-start=\"2221\" data-end=\"2254\">Garantiert ohne THC und Nikotin<\/p>\n<\/li>\n<li data-start=\"2255\" data-end=\"2299\">\n<p data-start=\"2257\" data-end=\"2299\">Ohne Alkohol und ohne tierische Extrakte<\/p>\n<\/li>\n<\/ul>\n<p data-start=\"2301\" data-end=\"2498\"><strong data-start=\"2301\" data-end=\"2310\">Aroma<\/strong><br data-start=\"2310\" data-end=\"2313\" \/>Terpene finden sich in den meisten \u00e4therischen \u00d6len vieler Pflanzen, Blumen und Fr\u00fcchte und sind verantwortlich f\u00fcr Geruch und Geschmack. Im Cannabis gibt es ein breites Terpenprofil.<\/p>\n<p data-start=\"2500\" data-end=\"2525\">Aroma: Royal Cheese CBD<\/p>\n<p data-start=\"2527\" data-end=\"2742\"><strong data-start=\"2527\" data-end=\"2537\">Format<\/strong><br data-start=\"2537\" data-end=\"2540\" \/>Der wegwerfbare CBD Vaporizer von The Tree kommt in Form eines E-Zigaretten-Vapes, das in die Handfl\u00e4che passt, mit einem Rautendesign und sichtbarem \u00d6ltank, was ihm viel Stil und Diskretion verleiht.<\/p>\n<p data-start=\"2744\" data-end=\"3042\"><strong data-start=\"2744\" data-end=\"2760\">Aufbewahrung<\/strong><br data-start=\"2760\" data-end=\"2763\" \/>Der wegwerfbare CBD Vaporizer von The Tree sollte an einem k\u00fchlen, trockenen Ort, gesch\u00fctzt vor Licht und starken Ger\u00fcchen, gelagert werden, um jegliche Kontamination zu vermeiden. Direkte Sonneneinstrahlung und Hitze sind zu vermeiden. Nach Gebrauch sollte er entsorgt werden.<\/p>\n<p data-start=\"3044\" data-end=\"3146\"><strong data-start=\"3044\" data-end=\"3072\">F\u00fcr wen ist das Produkt?<\/strong><br data-start=\"3072\" data-end=\"3075\" \/>Der wegwerfbare CBD Vaporizer richtet sich an Personen \u00fcber 18 Jahre.<\/p>\n<p data-start=\"3148\" data-end=\"3350\"><strong data-start=\"3148\" data-end=\"3171\">Sicherheitshinweise<\/strong><br data-start=\"3171\" data-end=\"3174\" \/>Bitte beachten: Der wegwerfbare CBD Vaporizer ist ein Produkt f\u00fcr Erwachsene. Er sollte nicht w\u00e4hrend Schwangerschaft oder Stillzeit verwendet werden. Von Kindern fernhalten.<\/p>\n<p data-start=\"3352\" data-end=\"3433\">Im Originalbeh\u00e4lter verpackt, verschlossen und korrekt etikettiert aufbewahren.<\/p>\n<p data-start=\"3435\" data-end=\"3486\">Bei weiteren Fragen stehen wir gerne zur Verf\u00fcgung.<\/p>\n","protected":false},"excerpt":{"rendered":"<ul>\n<li>Tankkapazit\u00e4t: 0,5 ml<\/li>\n<li>Enth\u00e4lt 425 mg CBD (85 %)<\/li>\n<li>Aroma: Royal Cheese<\/li>\n<li>Design mit sichtbarem \u00d6ltank<\/li>\n<li>Mundst\u00fcck aus lebensmittelechtem PCTG<\/li>\n<li>Innere Struktur aus medizinischem Edelstahl 316L<\/li>\n<li>Aktiviert sich beim Inhalieren<\/li>\n<li>Integrierte LED-Anzeige<\/li>\n<li>Gr\u00f6\u00dfe: 93,7 x 22 x 11 mm<\/li>\n<li>Eingebauter 350 mAh Akku<\/li>\n<li>Tankkapazit\u00e4t: 0,5 ml<\/li>\n<li>Garantiert ohne THC und ohne Nikotin<\/li>\n<li>Ohne Alkohol und ohne tierische Extrakte<\/li>\n<\/ul>\n","protected":false},"featured_media":166308,"template":"","meta":{"_acf_changed":false},"product_brand":[],"class_list":{"0":"post-166307","1":"product","2":"type-product","3":"status-publish","4":"has-post-thumbnail","6":"product_cat-cbd-angebote","7":"product_cat-cbd-vaporizer","8":"product_cat-einweg-cbd-vapes-pods","10":"first","11":"instock","12":"sale","13":"taxable","14":"shipping-taxable","15":"purchasable","16":"product-type-simple"},"acf":[],"yoast_head":"<!-- This site is optimized with the Yoast SEO plugin v26.3 - https:\/\/yoast.com\/wordpress\/plugins\/seo\/ -->\n<title>Vape Royal Cheese CBD | The Tree CBD<\/title>\n<meta name=\"description\" content=\"Der Royal Cheese CBD Vape von The Tree ist ein wiederaufladbarer, Einweg-, diskreter und stylischer Vaporizer, um dein CBD maximal und ohne THC zu genie\u00dfen.\" \/>\n<meta name=\"robots\" content=\"index, follow, max-snippet:-1, max-image-preview:large, max-video-preview:-1\" \/>\n<link rel=\"canonical\" href=\"https:\/\/thetreecbd.com\/de\/cbd\/vape-royal-cheese-cbd\" \/>\n<meta property=\"og:locale\" content=\"de_DE\" \/>\n<meta property=\"og:type\" content=\"article\" \/>\n<meta property=\"og:title\" content=\"Vape Royal Cheese CBD | The Tree CBD\" \/>\n<meta property=\"og:description\" content=\"Der Royal Cheese CBD Vape von The Tree ist ein wiederaufladbarer, Einweg-, diskreter und stylischer Vaporizer, um dein CBD maximal und ohne THC zu genie\u00dfen.\" \/>\n<meta property=\"og:url\" content=\"https:\/\/thetreecbd.com\/de\/cbd\/vape-royal-cheese-cbd\" \/>\n<meta property=\"og:site_name\" content=\"The Tree CBD\" \/>\n<meta property=\"article:publisher\" content=\"https:\/\/www.facebook.com\/thetreeCBD\/\" \/>\n<meta property=\"og:image\" content=\"https:\/\/thetreecbd.com\/wp-content\/uploads\/2023\/11\/vape-royalcheese-cbd.png\" \/>\n\t<meta property=\"og:image:width\" content=\"600\" \/>\n\t<meta property=\"og:image:height\" content=\"720\" \/>\n\t<meta property=\"og:image:type\" content=\"image\/png\" \/>\n<meta name=\"twitter:card\" content=\"summary_large_image\" \/>\n<meta name=\"twitter:site\" content=\"@TheTreeCBD_EU\" \/>\n<meta name=\"twitter:label1\" content=\"Gesch\u00e4tzte Lesezeit\" \/>\n\t<meta name=\"twitter:data1\" content=\"2\u00a0Minuten\" \/>\n<script type=\"application\/ld+json\" class=\"yoast-schema-graph\">{\"@context\":\"https:\/\/schema.org\",\"@graph\":[{\"@type\":[\"WebPage\",\"ItemPage\"],\"@id\":\"https:\/\/thetreecbd.com\/de\/cbd\/vape-royal-cheese-cbd\",\"url\":\"https:\/\/thetreecbd.com\/de\/cbd\/vape-royal-cheese-cbd\",\"name\":\"Vape Royal Cheese CBD | The Tree CBD\",\"isPartOf\":{\"@id\":\"https:\/\/thetreecbd.com\/de#website\"},\"primaryImageOfPage\":{\"@id\":\"https:\/\/thetreecbd.com\/de\/cbd\/vape-royal-cheese-cbd#primaryimage\"},\"image\":{\"@id\":\"https:\/\/thetreecbd.com\/de\/cbd\/vape-royal-cheese-cbd#primaryimage\"},\"thumbnailUrl\":\"https:\/\/thetreecbd.com\/wp-content\/uploads\/2023\/11\/vape-royalcheese-cbd.png\",\"datePublished\":\"2022-12-20T18:13:50+00:00\",\"description\":\"Der Royal Cheese CBD Vape von The Tree ist ein wiederaufladbarer, Einweg-, diskreter und stylischer Vaporizer, um dein CBD maximal und ohne THC zu genie\u00dfen.\",\"breadcrumb\":{\"@id\":\"https:\/\/thetreecbd.com\/de\/cbd\/vape-royal-cheese-cbd#breadcrumb\"},\"inLanguage\":\"de\",\"potentialAction\":[{\"@type\":\"ReadAction\",\"target\":[\"https:\/\/thetreecbd.com\/de\/cbd\/vape-royal-cheese-cbd\"]}]},{\"@type\":\"ImageObject\",\"inLanguage\":\"de\",\"@id\":\"https:\/\/thetreecbd.com\/de\/cbd\/vape-royal-cheese-cbd#primaryimage\",\"url\":\"https:\/\/thetreecbd.com\/wp-content\/uploads\/2023\/11\/vape-royalcheese-cbd.png\",\"contentUrl\":\"https:\/\/thetreecbd.com\/wp-content\/uploads\/2023\/11\/vape-royalcheese-cbd.png\",\"width\":600,\"height\":720},{\"@type\":\"BreadcrumbList\",\"@id\":\"https:\/\/thetreecbd.com\/de\/cbd\/vape-royal-cheese-cbd#breadcrumb\",\"itemListElement\":[{\"@type\":\"ListItem\",\"position\":1,\"name\":\"The Tree\",\"item\":\"https:\/\/thetreecbd.com\/de\"},{\"@type\":\"ListItem\",\"position\":2,\"name\":\"CBD\",\"item\":\"https:\/\/thetreecbd.com\/es\/cbd\"},{\"@type\":\"ListItem\",\"position\":3,\"name\":\"CBD-Vaporizer\",\"item\":\"https:\/\/thetreecbd.com\/de\/cbd-vaporizer\"},{\"@type\":\"ListItem\",\"position\":4,\"name\":\"Einweg-CBD-Vapes &amp; Pods\",\"item\":\"https:\/\/thetreecbd.com\/de\/cbd-vaporizer\/einweg-cbd-vapes-pods\"},{\"@type\":\"ListItem\",\"position\":5,\"name\":\"Vape Royal Cheese CBD\"}]},{\"@type\":\"WebSite\",\"@id\":\"https:\/\/thetreecbd.com\/de#website\",\"url\":\"https:\/\/thetreecbd.com\/de\",\"name\":\"The Tree CBD\",\"description\":\"Comprar CBD en Espa\u00f1a Online\",\"publisher\":{\"@id\":\"https:\/\/thetreecbd.com\/de#organization\"},\"potentialAction\":[{\"@type\":\"SearchAction\",\"target\":{\"@type\":\"EntryPoint\",\"urlTemplate\":\"https:\/\/thetreecbd.com\/de?s={search_term_string}\"},\"query-input\":{\"@type\":\"PropertyValueSpecification\",\"valueRequired\":true,\"valueName\":\"search_term_string\"}}],\"inLanguage\":\"de\"},{\"@type\":\"Organization\",\"@id\":\"https:\/\/thetreecbd.com\/de#organization\",\"name\":\"The Tree CBD\",\"url\":\"https:\/\/thetreecbd.com\/de\",\"logo\":{\"@type\":\"ImageObject\",\"inLanguage\":\"de\",\"@id\":\"https:\/\/thetreecbd.com\/de#\/schema\/logo\/image\/\",\"url\":\"https:\/\/thetreecbd.com\/wp-content\/uploads\/2022\/04\/logo-thetree.png\",\"contentUrl\":\"https:\/\/thetreecbd.com\/wp-content\/uploads\/2022\/04\/logo-thetree.png\",\"width\":172,\"height\":55,\"caption\":\"The Tree CBD\"},\"image\":{\"@id\":\"https:\/\/thetreecbd.com\/de#\/schema\/logo\/image\/\"},\"sameAs\":[\"https:\/\/www.facebook.com\/thetreeCBD\/\",\"https:\/\/x.com\/TheTreeCBD_EU\",\"https:\/\/www.instagram.com\/thetree.cbd\/\",\"https:\/\/es.trustpilot.com\/review\/thetreecbd.com\"]}]}<\/script>\n<!-- \/ Yoast SEO plugin. -->","yoast_head_json":{"title":"Vape Royal Cheese CBD | The Tree CBD","description":"Der Royal Cheese CBD Vape von The Tree ist ein wiederaufladbarer, Einweg-, diskreter und stylischer Vaporizer, um dein CBD maximal und ohne THC zu genie\u00dfen.","robots":{"index":"index","follow":"follow","max-snippet":"max-snippet:-1","max-image-preview":"max-image-preview:large","max-video-preview":"max-video-preview:-1"},"canonical":"https:\/\/thetreecbd.com\/de\/cbd\/vape-royal-cheese-cbd","og_locale":"de_DE","og_type":"article","og_title":"Vape Royal Cheese CBD | The Tree CBD","og_description":"Der Royal Cheese CBD Vape von The Tree ist ein wiederaufladbarer, Einweg-, diskreter und stylischer Vaporizer, um dein CBD maximal und ohne THC zu genie\u00dfen.","og_url":"https:\/\/thetreecbd.com\/de\/cbd\/vape-royal-cheese-cbd","og_site_name":"The Tree CBD","article_publisher":"https:\/\/www.facebook.com\/thetreeCBD\/","og_image":[{"width":600,"height":720,"url":"https:\/\/thetreecbd.com\/wp-content\/uploads\/2023\/11\/vape-royalcheese-cbd.png","type":"image\/png"}],"twitter_card":"summary_large_image","twitter_site":"@TheTreeCBD_EU","twitter_misc":{"Gesch\u00e4tzte Lesezeit":"2\u00a0Minuten"},"schema":{"@context":"https:\/\/schema.org","@graph":[{"@type":["WebPage","ItemPage"],"@id":"https:\/\/thetreecbd.com\/de\/cbd\/vape-royal-cheese-cbd","url":"https:\/\/thetreecbd.com\/de\/cbd\/vape-royal-cheese-cbd","name":"Vape Royal Cheese CBD | The Tree CBD","isPartOf":{"@id":"https:\/\/thetreecbd.com\/de#website"},"primaryImageOfPage":{"@id":"https:\/\/thetreecbd.com\/de\/cbd\/vape-royal-cheese-cbd#primaryimage"},"image":{"@id":"https:\/\/thetreecbd.com\/de\/cbd\/vape-royal-cheese-cbd#primaryimage"},"thumbnailUrl":"https:\/\/thetreecbd.com\/wp-content\/uploads\/2023\/11\/vape-royalcheese-cbd.png","datePublished":"2022-12-20T18:13:50+00:00","description":"Der Royal Cheese CBD Vape von The Tree ist ein wiederaufladbarer, Einweg-, diskreter und stylischer Vaporizer, um dein CBD maximal und ohne THC zu genie\u00dfen.","breadcrumb":{"@id":"https:\/\/thetreecbd.com\/de\/cbd\/vape-royal-cheese-cbd#breadcrumb"},"inLanguage":"de","potentialAction":[{"@type":"ReadAction","target":["https:\/\/thetreecbd.com\/de\/cbd\/vape-royal-cheese-cbd"]}]},{"@type":"ImageObject","inLanguage":"de","@id":"https:\/\/thetreecbd.com\/de\/cbd\/vape-royal-cheese-cbd#primaryimage","url":"https:\/\/thetreecbd.com\/wp-content\/uploads\/2023\/11\/vape-royalcheese-cbd.png","contentUrl":"https:\/\/thetreecbd.com\/wp-content\/uploads\/2023\/11\/vape-royalcheese-cbd.png","width":600,"height":720},{"@type":"BreadcrumbList","@id":"https:\/\/thetreecbd.com\/de\/cbd\/vape-royal-cheese-cbd#breadcrumb","itemListElement":[{"@type":"ListItem","position":1,"name":"The Tree","item":"https:\/\/thetreecbd.com\/de"},{"@type":"ListItem","position":2,"name":"CBD","item":"https:\/\/thetreecbd.com\/es\/cbd"},{"@type":"ListItem","position":3,"name":"CBD-Vaporizer","item":"https:\/\/thetreecbd.com\/de\/cbd-vaporizer"},{"@type":"ListItem","position":4,"name":"Einweg-CBD-Vapes &amp; Pods","item":"https:\/\/thetreecbd.com\/de\/cbd-vaporizer\/einweg-cbd-vapes-pods"},{"@type":"ListItem","position":5,"name":"Vape Royal Cheese CBD"}]},{"@type":"WebSite","@id":"https:\/\/thetreecbd.com\/de#website","url":"https:\/\/thetreecbd.com\/de","name":"The Tree CBD","description":"Comprar CBD en Espa\u00f1a Online","publisher":{"@id":"https:\/\/thetreecbd.com\/de#organization"},"potentialAction":[{"@type":"SearchAction","target":{"@type":"EntryPoint","urlTemplate":"https:\/\/thetreecbd.com\/de?s={search_term_string}"},"query-input":{"@type":"PropertyValueSpecification","valueRequired":true,"valueName":"search_term_string"}}],"inLanguage":"de"},{"@type":"Organization","@id":"https:\/\/thetreecbd.com\/de#organization","name":"The Tree CBD","url":"https:\/\/thetreecbd.com\/de","logo":{"@type":"ImageObject","inLanguage":"de","@id":"https:\/\/thetreecbd.com\/de#\/schema\/logo\/image\/","url":"https:\/\/thetreecbd.com\/wp-content\/uploads\/2022\/04\/logo-thetree.png","contentUrl":"https:\/\/thetreecbd.com\/wp-content\/uploads\/2022\/04\/logo-thetree.png","width":172,"height":55,"caption":"The Tree CBD"},"image":{"@id":"https:\/\/thetreecbd.com\/de#\/schema\/logo\/image\/"},"sameAs":["https:\/\/www.facebook.com\/thetreeCBD\/","https:\/\/x.com\/TheTreeCBD_EU","https:\/\/www.instagram.com\/thetree.cbd\/","https:\/\/es.trustpilot.com\/review\/thetreecbd.com"]}]}},"_links":{"self":[{"href":"https:\/\/thetreecbd.com\/de\/wp-json\/wp\/v2\/product\/166307","targetHints":{"allow":["GET"]}}],"collection":[{"href":"https:\/\/thetreecbd.com\/de\/wp-json\/wp\/v2\/product"}],"about":[{"href":"https:\/\/thetreecbd.com\/de\/wp-json\/wp\/v2\/types\/product"}],"version-history":[{"count":0,"href":"https:\/\/thetreecbd.com\/de\/wp-json\/wp\/v2\/product\/166307\/revisions"}],"wp:featuredmedia":[{"embeddable":true,"href":"https:\/\/thetreecbd.com\/de\/wp-json\/wp\/v2\/media\/166308"}],"wp:attachment":[{"href":"https:\/\/thetreecbd.com\/de\/wp-json\/wp\/v2\/media?parent=166307"}],"wp:term":[{"taxonomy":"product_brand","embeddable":true,"href":"https:\/\/thetreecbd.com\/de\/wp-json\/wp\/v2\/product_brand?post=166307"}],"curies":[{"name":"wp","href":"https:\/\/api.w.org\/{rel}","templated":true}]}}