{"id":166309,"date":"2022-12-20T18:21:52","date_gmt":"2022-12-20T17:21:52","guid":{"rendered":"https:\/\/thetreecbd.com\/cbd\/vape-amnesia-cbd"},"modified":"2025-05-27T11:55:25","modified_gmt":"2025-05-27T09:55:25","slug":"vape-amnesia-cbd","status":"publish","type":"product","link":"https:\/\/thetreecbd.com\/de\/cbd\/vape-amnesia-cbd","title":{"rendered":"Vape Amnesia CBD"},"content":{"rendered":"<p data-start=\"98\" data-end=\"359\">Der Amnesia CBD Vape von The Tree ist ein All-in-One-Vaporizer, wiederaufladbar und Einweg, diskret und stylisch. Seine Leistung sollte trotz seiner Gr\u00f6\u00dfe, seines geringen Gewichts und des matten Finishs mit dem markanten Rautendesign nicht untersch\u00e4tzt werden.<\/p>\n<p data-start=\"361\" data-end=\"667\">Dieser CBD Vape hat einen Tank mit 0,5 ml, gef\u00fcllt mit einem 85% CBD-Destillat, was einem Gesamtgehalt von 425 mg pro Vape entspricht. Ein echter Einweg-Genuss, der dir rund 800 Z\u00fcge erm\u00f6glicht. Zudem ist er komplett frei von THC und Nikotin, wodurch er weder psychoaktive Wirkungen hat noch s\u00fcchtig macht.<\/p>\n<p data-start=\"669\" data-end=\"905\">Ein sch\u00f6nes Kunstwerk, das gut in der Hand liegt und schwer loszulassen ist. Der Amnesia CBD Vape von The Tree verf\u00fcgt \u00fcber ein integriertes Sicht\u00f6l-Tanksystem, das hohen Komfort bietet, damit du bis zum letzten Tropfen genie\u00dfen kannst.<\/p>\n<p data-start=\"907\" data-end=\"1194\">Was den Geschmack betrifft, so hat dieser Amnesia Vape \u2013 wie der Name schon verr\u00e4t \u2013 dieselben Eigenschaften wie die klassische Bl\u00fcte, die uns seit Beginn begleitet und st\u00e4ndig zu unseren Bestsellern geh\u00f6rt. Lass dich verf\u00fchren von seinem zitrusartigen, fruchtigen und aromatischen Duft.<\/p>\n<p data-start=\"1196\" data-end=\"1444\">Dieser Einweg-CBD-Vape hat ein elegantes Design, das das Halten und Greifen erleichtert. Und damit du bis zum letzten Tropfen genie\u00dfen kannst, ist der \u00d6ltank mit einem transparenten Fenster ausgestattet, sodass der F\u00fcllstand jederzeit sichtbar ist.<\/p>\n<p data-start=\"1446\" data-end=\"1729\">Mit gr\u00f6\u00dfter Sorgfalt ist die innere Struktur des \u201ePoche\u201c aus medizinischem Edelstahl 316L gefertigt, was ein hohes Ma\u00df an Sicherheit garantiert. Das moderne Design des Ger\u00e4ts integriert eine LED-Leuchte, die sich beim Inhalieren automatisch einschaltet. Es ist dein treuer Begleiter.<\/p>\n<p data-start=\"1731\" data-end=\"2051\">Angetrieben von einer integrierten 350-mAh-Batterie mit wiederaufladbarer Funktion hat \u201ePoche\u201c das Risiko, mitten im Gebrauch ohne Akku dazustehen, komplett eliminiert \u2013 ein Problem vieler Einweg-Vapes, deren Batterie vor dem \u00d6l leer ist. So wird ein langanhaltendes, sorgenfreies und m\u00fcllarmes Dampferlebnis garantiert.<\/p>\n<p data-start=\"2053\" data-end=\"2091\"><strong data-start=\"2053\" data-end=\"2091\">Eigenschaften des Amnesia CBD Vape<\/strong><\/p>\n<ul data-start=\"2093\" data-end=\"2525\">\n<li data-start=\"2093\" data-end=\"2118\">\n<p data-start=\"2095\" data-end=\"2118\">Tankkapazit\u00e4t: 0,5 ml<\/p>\n<\/li>\n<li data-start=\"2119\" data-end=\"2147\">\n<p data-start=\"2121\" data-end=\"2147\">Enth\u00e4lt 425 mg CBD (85%)<\/p>\n<\/li>\n<li data-start=\"2148\" data-end=\"2166\">\n<p data-start=\"2150\" data-end=\"2166\">Aroma: Amnesia<\/p>\n<\/li>\n<li data-start=\"2167\" data-end=\"2199\">\n<p data-start=\"2169\" data-end=\"2199\">Design mit sichtbarem \u00d6ltank<\/p>\n<\/li>\n<li data-start=\"2200\" data-end=\"2241\">\n<p data-start=\"2202\" data-end=\"2241\">Mundst\u00fcck aus lebensmittelechtem PCTG<\/p>\n<\/li>\n<li data-start=\"2242\" data-end=\"2294\">\n<p data-start=\"2244\" data-end=\"2294\">Innere Struktur aus medizinischem Edelstahl 316L<\/p>\n<\/li>\n<li data-start=\"2295\" data-end=\"2329\">\n<p data-start=\"2297\" data-end=\"2329\">Aktiviert sich beim Inhalieren<\/p>\n<\/li>\n<li data-start=\"2330\" data-end=\"2357\">\n<p data-start=\"2332\" data-end=\"2357\">Integrierte LED-Anzeige<\/p>\n<\/li>\n<li data-start=\"2358\" data-end=\"2385\">\n<p data-start=\"2360\" data-end=\"2385\">Ma\u00dfe: 93,7 x 22 x 11 mm<\/p>\n<\/li>\n<li data-start=\"2386\" data-end=\"2417\">\n<p data-start=\"2388\" data-end=\"2417\">Eingebaute 350 mAh Batterie<\/p>\n<\/li>\n<li data-start=\"2418\" data-end=\"2443\">\n<p data-start=\"2420\" data-end=\"2443\">Tankkapazit\u00e4t: 0,5 ml<\/p>\n<\/li>\n<li data-start=\"2444\" data-end=\"2479\">\n<p data-start=\"2446\" data-end=\"2479\">Garantiert ohne THC und Nikotin<\/p>\n<\/li>\n<li data-start=\"2480\" data-end=\"2525\">\n<p data-start=\"2482\" data-end=\"2525\">Frei von Alkohol und tierischen Extrakten<\/p>\n<\/li>\n<\/ul>\n<p data-start=\"2527\" data-end=\"2743\"><strong data-start=\"2527\" data-end=\"2536\">Aroma<\/strong><br data-start=\"2536\" data-end=\"2539\" \/>Terpene sind in den meisten \u00e4therischen \u00d6len vieler Pflanzen, Blumen und Fr\u00fcchte enthalten und verantwortlich f\u00fcr Geruch und Geschmack. Im Cannabis gibt es ein breites Terpenprofil.<br data-start=\"2720\" data-end=\"2723\" \/>Aroma: Amnesia CBD<\/p>\n<p data-start=\"2745\" data-end=\"2954\"><strong data-start=\"2745\" data-end=\"2755\">Format<\/strong><br data-start=\"2755\" data-end=\"2758\" \/>Der Einweg-CBD-Vape von The Tree hat die Form einer elektronischen Zigarette, die in die Handfl\u00e4che passt, mit einem Rautendesign und einem sichtbaren \u00d6ltank, der ihm Stil und Diskretion verleiht.<\/p>\n<p data-start=\"2956\" data-end=\"3238\"><strong data-start=\"2956\" data-end=\"2968\">Lagerung<\/strong><br data-start=\"2968\" data-end=\"2971\" \/>Der Einweg-CBD-Vape von The Tree sollte an einem k\u00fchlen, trockenen Ort, gesch\u00fctzt vor Licht und starken Ger\u00fcchen, gelagert werden, um jegliche Kontamination zu vermeiden. Direkte Sonneneinstrahlung und Hitze vermeiden. Nach Verbrauch muss das Produkt entsorgt werden.<\/p>\n<p data-start=\"3240\" data-end=\"3321\"><strong data-start=\"3240\" data-end=\"3259\">F\u00fcr wen ist er?<\/strong><br data-start=\"3259\" data-end=\"3262\" \/>Der Einweg-CBD-Vape richtet sich an Personen \u00fcber 18 Jahre.<\/p>\n<p data-start=\"3323\" data-end=\"3621\"><strong data-start=\"3323\" data-end=\"3346\">Sicherheitshinweise<\/strong><br data-start=\"3346\" data-end=\"3349\" \/>Bitte beachten Sie, dass der Einweg-CBD-Vape f\u00fcr Erwachsene bestimmt ist. Er sollte nicht w\u00e4hrend Schwangerschaft oder Stillzeit verwendet werden. Au\u00dferhalb der Reichweite von Kindern aufbewahren.<br data-start=\"3545\" data-end=\"3548\" \/>Im Originalbeh\u00e4lter, verschlossen und korrekt gekennzeichnet aufbewahren.<\/p>\n<p data-start=\"3623\" data-end=\"3681\">Bei weiteren Fragen z\u00f6gern Sie nicht, uns zu kontaktieren.<\/p>\n","protected":false},"excerpt":{"rendered":"<ul>\n<li>Tankkapazit\u00e4t: 0,5 ml.<\/li>\n<li>Enth\u00e4lt 425 mg CBD (85%).<\/li>\n<li>Geschmack: Amnesia.<\/li>\n<li>Design mit sichtbarem \u00d6ltank.<\/li>\n<li>Mundst\u00fcck aus lebensmittelechtem PCTG.<\/li>\n<li>Innere Struktur aus medizinischem Edelstahl 316L.<\/li>\n<li>Aktiviert sich beim Inhalieren.<\/li>\n<li>Integrierte LED-Anzeige.<\/li>\n<li>Gr\u00f6\u00dfe: 93,7 x 22 x 11 mm.<\/li>\n<li>Integrierte 350 mAh Batterie.<\/li>\n<li>Tankkapazit\u00e4t: 0,5 ml.<\/li>\n<li>Garantiert ohne THC und ohne Nikotin.<\/li>\n<li>Ohne Alkohol und tierische Extrakte.<\/li>\n<\/ul>\n","protected":false},"featured_media":166310,"template":"","meta":{"_acf_changed":false},"product_brand":[],"class_list":{"0":"post-166309","1":"product","2":"type-product","3":"status-publish","4":"has-post-thumbnail","6":"product_cat-cbd-angebote","7":"product_cat-cbd-vaporizer","8":"product_cat-einweg-cbd-vapes-pods","10":"first","11":"instock","12":"sale","13":"taxable","14":"shipping-taxable","15":"purchasable","16":"product-type-simple"},"acf":[],"yoast_head":"<!-- This site is optimized with the Yoast SEO plugin v26.3 - https:\/\/yoast.com\/wordpress\/plugins\/seo\/ -->\n<title>Vape Amnesia CBD | The Tree CBD<\/title>\n<meta name=\"description\" content=\"Der Amnesia CBD Vape mit 85 % CBD! Wiederaufladbar, Einweg, diskret und stilvoll, um dein CBD maximal zu genie\u00dfen. Ohne THC und ohne Nikotin!\" \/>\n<meta name=\"robots\" content=\"index, follow, max-snippet:-1, max-image-preview:large, max-video-preview:-1\" \/>\n<link rel=\"canonical\" href=\"https:\/\/thetreecbd.com\/de\/cbd\/vape-amnesia-cbd\" \/>\n<meta property=\"og:locale\" content=\"de_DE\" \/>\n<meta property=\"og:type\" content=\"article\" \/>\n<meta property=\"og:title\" content=\"Vape Amnesia CBD | The Tree CBD\" \/>\n<meta property=\"og:description\" content=\"Der Amnesia CBD Vape mit 85 % CBD! Wiederaufladbar, Einweg, diskret und stilvoll, um dein CBD maximal zu genie\u00dfen. Ohne THC und ohne Nikotin!\" \/>\n<meta property=\"og:url\" content=\"https:\/\/thetreecbd.com\/de\/cbd\/vape-amnesia-cbd\" \/>\n<meta property=\"og:site_name\" content=\"The Tree CBD\" \/>\n<meta property=\"article:publisher\" content=\"https:\/\/www.facebook.com\/thetreeCBD\/\" \/>\n<meta property=\"article:modified_time\" content=\"2025-05-27T09:55:25+00:00\" \/>\n<meta property=\"og:image\" content=\"https:\/\/thetreecbd.com\/wp-content\/uploads\/2023\/11\/vape-amnesia-cbd.png\" \/>\n\t<meta property=\"og:image:width\" content=\"600\" \/>\n\t<meta property=\"og:image:height\" content=\"720\" \/>\n\t<meta property=\"og:image:type\" content=\"image\/png\" \/>\n<meta name=\"twitter:card\" content=\"summary_large_image\" \/>\n<meta name=\"twitter:site\" content=\"@TheTreeCBD_EU\" \/>\n<meta name=\"twitter:label1\" content=\"Gesch\u00e4tzte Lesezeit\" \/>\n\t<meta name=\"twitter:data1\" content=\"3\u00a0Minuten\" \/>\n<script type=\"application\/ld+json\" class=\"yoast-schema-graph\">{\"@context\":\"https:\/\/schema.org\",\"@graph\":[{\"@type\":[\"WebPage\",\"ItemPage\"],\"@id\":\"https:\/\/thetreecbd.com\/de\/cbd\/vape-amnesia-cbd\",\"url\":\"https:\/\/thetreecbd.com\/de\/cbd\/vape-amnesia-cbd\",\"name\":\"Vape Amnesia CBD | The Tree CBD\",\"isPartOf\":{\"@id\":\"https:\/\/thetreecbd.com\/de#website\"},\"primaryImageOfPage\":{\"@id\":\"https:\/\/thetreecbd.com\/de\/cbd\/vape-amnesia-cbd#primaryimage\"},\"image\":{\"@id\":\"https:\/\/thetreecbd.com\/de\/cbd\/vape-amnesia-cbd#primaryimage\"},\"thumbnailUrl\":\"https:\/\/thetreecbd.com\/wp-content\/uploads\/2023\/11\/vape-amnesia-cbd.png\",\"datePublished\":\"2022-12-20T17:21:52+00:00\",\"dateModified\":\"2025-05-27T09:55:25+00:00\",\"description\":\"Der Amnesia CBD Vape mit 85 % CBD! Wiederaufladbar, Einweg, diskret und stilvoll, um dein CBD maximal zu genie\u00dfen. Ohne THC und ohne Nikotin!\",\"breadcrumb\":{\"@id\":\"https:\/\/thetreecbd.com\/de\/cbd\/vape-amnesia-cbd#breadcrumb\"},\"inLanguage\":\"de\",\"potentialAction\":[{\"@type\":\"ReadAction\",\"target\":[\"https:\/\/thetreecbd.com\/de\/cbd\/vape-amnesia-cbd\"]}]},{\"@type\":\"ImageObject\",\"inLanguage\":\"de\",\"@id\":\"https:\/\/thetreecbd.com\/de\/cbd\/vape-amnesia-cbd#primaryimage\",\"url\":\"https:\/\/thetreecbd.com\/wp-content\/uploads\/2023\/11\/vape-amnesia-cbd.png\",\"contentUrl\":\"https:\/\/thetreecbd.com\/wp-content\/uploads\/2023\/11\/vape-amnesia-cbd.png\",\"width\":600,\"height\":720},{\"@type\":\"BreadcrumbList\",\"@id\":\"https:\/\/thetreecbd.com\/de\/cbd\/vape-amnesia-cbd#breadcrumb\",\"itemListElement\":[{\"@type\":\"ListItem\",\"position\":1,\"name\":\"The Tree\",\"item\":\"https:\/\/thetreecbd.com\/de\"},{\"@type\":\"ListItem\",\"position\":2,\"name\":\"CBD\",\"item\":\"https:\/\/thetreecbd.com\/es\/cbd\"},{\"@type\":\"ListItem\",\"position\":3,\"name\":\"CBD-Vaporizer\",\"item\":\"https:\/\/thetreecbd.com\/de\/cbd-vaporizer\"},{\"@type\":\"ListItem\",\"position\":4,\"name\":\"Einweg-CBD-Vapes &amp; Pods\",\"item\":\"https:\/\/thetreecbd.com\/de\/cbd-vaporizer\/einweg-cbd-vapes-pods\"},{\"@type\":\"ListItem\",\"position\":5,\"name\":\"Vape Amnesia CBD\"}]},{\"@type\":\"WebSite\",\"@id\":\"https:\/\/thetreecbd.com\/de#website\",\"url\":\"https:\/\/thetreecbd.com\/de\",\"name\":\"The Tree CBD\",\"description\":\"Comprar CBD en Espa\u00f1a Online\",\"publisher\":{\"@id\":\"https:\/\/thetreecbd.com\/de#organization\"},\"potentialAction\":[{\"@type\":\"SearchAction\",\"target\":{\"@type\":\"EntryPoint\",\"urlTemplate\":\"https:\/\/thetreecbd.com\/de?s={search_term_string}\"},\"query-input\":{\"@type\":\"PropertyValueSpecification\",\"valueRequired\":true,\"valueName\":\"search_term_string\"}}],\"inLanguage\":\"de\"},{\"@type\":\"Organization\",\"@id\":\"https:\/\/thetreecbd.com\/de#organization\",\"name\":\"The Tree CBD\",\"url\":\"https:\/\/thetreecbd.com\/de\",\"logo\":{\"@type\":\"ImageObject\",\"inLanguage\":\"de\",\"@id\":\"https:\/\/thetreecbd.com\/de#\/schema\/logo\/image\/\",\"url\":\"https:\/\/thetreecbd.com\/wp-content\/uploads\/2022\/04\/logo-thetree.png\",\"contentUrl\":\"https:\/\/thetreecbd.com\/wp-content\/uploads\/2022\/04\/logo-thetree.png\",\"width\":172,\"height\":55,\"caption\":\"The Tree CBD\"},\"image\":{\"@id\":\"https:\/\/thetreecbd.com\/de#\/schema\/logo\/image\/\"},\"sameAs\":[\"https:\/\/www.facebook.com\/thetreeCBD\/\",\"https:\/\/x.com\/TheTreeCBD_EU\",\"https:\/\/www.instagram.com\/thetree.cbd\/\",\"https:\/\/es.trustpilot.com\/review\/thetreecbd.com\"]}]}<\/script>\n<!-- \/ Yoast SEO plugin. -->","yoast_head_json":{"title":"Vape Amnesia CBD | The Tree CBD","description":"Der Amnesia CBD Vape mit 85 % CBD! Wiederaufladbar, Einweg, diskret und stilvoll, um dein CBD maximal zu genie\u00dfen. Ohne THC und ohne Nikotin!","robots":{"index":"index","follow":"follow","max-snippet":"max-snippet:-1","max-image-preview":"max-image-preview:large","max-video-preview":"max-video-preview:-1"},"canonical":"https:\/\/thetreecbd.com\/de\/cbd\/vape-amnesia-cbd","og_locale":"de_DE","og_type":"article","og_title":"Vape Amnesia CBD | The Tree CBD","og_description":"Der Amnesia CBD Vape mit 85 % CBD! Wiederaufladbar, Einweg, diskret und stilvoll, um dein CBD maximal zu genie\u00dfen. Ohne THC und ohne Nikotin!","og_url":"https:\/\/thetreecbd.com\/de\/cbd\/vape-amnesia-cbd","og_site_name":"The Tree CBD","article_publisher":"https:\/\/www.facebook.com\/thetreeCBD\/","article_modified_time":"2025-05-27T09:55:25+00:00","og_image":[{"width":600,"height":720,"url":"https:\/\/thetreecbd.com\/wp-content\/uploads\/2023\/11\/vape-amnesia-cbd.png","type":"image\/png"}],"twitter_card":"summary_large_image","twitter_site":"@TheTreeCBD_EU","twitter_misc":{"Gesch\u00e4tzte Lesezeit":"3\u00a0Minuten"},"schema":{"@context":"https:\/\/schema.org","@graph":[{"@type":["WebPage","ItemPage"],"@id":"https:\/\/thetreecbd.com\/de\/cbd\/vape-amnesia-cbd","url":"https:\/\/thetreecbd.com\/de\/cbd\/vape-amnesia-cbd","name":"Vape Amnesia CBD | The Tree CBD","isPartOf":{"@id":"https:\/\/thetreecbd.com\/de#website"},"primaryImageOfPage":{"@id":"https:\/\/thetreecbd.com\/de\/cbd\/vape-amnesia-cbd#primaryimage"},"image":{"@id":"https:\/\/thetreecbd.com\/de\/cbd\/vape-amnesia-cbd#primaryimage"},"thumbnailUrl":"https:\/\/thetreecbd.com\/wp-content\/uploads\/2023\/11\/vape-amnesia-cbd.png","datePublished":"2022-12-20T17:21:52+00:00","dateModified":"2025-05-27T09:55:25+00:00","description":"Der Amnesia CBD Vape mit 85 % CBD! Wiederaufladbar, Einweg, diskret und stilvoll, um dein CBD maximal zu genie\u00dfen. Ohne THC und ohne Nikotin!","breadcrumb":{"@id":"https:\/\/thetreecbd.com\/de\/cbd\/vape-amnesia-cbd#breadcrumb"},"inLanguage":"de","potentialAction":[{"@type":"ReadAction","target":["https:\/\/thetreecbd.com\/de\/cbd\/vape-amnesia-cbd"]}]},{"@type":"ImageObject","inLanguage":"de","@id":"https:\/\/thetreecbd.com\/de\/cbd\/vape-amnesia-cbd#primaryimage","url":"https:\/\/thetreecbd.com\/wp-content\/uploads\/2023\/11\/vape-amnesia-cbd.png","contentUrl":"https:\/\/thetreecbd.com\/wp-content\/uploads\/2023\/11\/vape-amnesia-cbd.png","width":600,"height":720},{"@type":"BreadcrumbList","@id":"https:\/\/thetreecbd.com\/de\/cbd\/vape-amnesia-cbd#breadcrumb","itemListElement":[{"@type":"ListItem","position":1,"name":"The Tree","item":"https:\/\/thetreecbd.com\/de"},{"@type":"ListItem","position":2,"name":"CBD","item":"https:\/\/thetreecbd.com\/es\/cbd"},{"@type":"ListItem","position":3,"name":"CBD-Vaporizer","item":"https:\/\/thetreecbd.com\/de\/cbd-vaporizer"},{"@type":"ListItem","position":4,"name":"Einweg-CBD-Vapes &amp; Pods","item":"https:\/\/thetreecbd.com\/de\/cbd-vaporizer\/einweg-cbd-vapes-pods"},{"@type":"ListItem","position":5,"name":"Vape Amnesia CBD"}]},{"@type":"WebSite","@id":"https:\/\/thetreecbd.com\/de#website","url":"https:\/\/thetreecbd.com\/de","name":"The Tree CBD","description":"Comprar CBD en Espa\u00f1a Online","publisher":{"@id":"https:\/\/thetreecbd.com\/de#organization"},"potentialAction":[{"@type":"SearchAction","target":{"@type":"EntryPoint","urlTemplate":"https:\/\/thetreecbd.com\/de?s={search_term_string}"},"query-input":{"@type":"PropertyValueSpecification","valueRequired":true,"valueName":"search_term_string"}}],"inLanguage":"de"},{"@type":"Organization","@id":"https:\/\/thetreecbd.com\/de#organization","name":"The Tree CBD","url":"https:\/\/thetreecbd.com\/de","logo":{"@type":"ImageObject","inLanguage":"de","@id":"https:\/\/thetreecbd.com\/de#\/schema\/logo\/image\/","url":"https:\/\/thetreecbd.com\/wp-content\/uploads\/2022\/04\/logo-thetree.png","contentUrl":"https:\/\/thetreecbd.com\/wp-content\/uploads\/2022\/04\/logo-thetree.png","width":172,"height":55,"caption":"The Tree CBD"},"image":{"@id":"https:\/\/thetreecbd.com\/de#\/schema\/logo\/image\/"},"sameAs":["https:\/\/www.facebook.com\/thetreeCBD\/","https:\/\/x.com\/TheTreeCBD_EU","https:\/\/www.instagram.com\/thetree.cbd\/","https:\/\/es.trustpilot.com\/review\/thetreecbd.com"]}]}},"_links":{"self":[{"href":"https:\/\/thetreecbd.com\/de\/wp-json\/wp\/v2\/product\/166309","targetHints":{"allow":["GET"]}}],"collection":[{"href":"https:\/\/thetreecbd.com\/de\/wp-json\/wp\/v2\/product"}],"about":[{"href":"https:\/\/thetreecbd.com\/de\/wp-json\/wp\/v2\/types\/product"}],"version-history":[{"count":0,"href":"https:\/\/thetreecbd.com\/de\/wp-json\/wp\/v2\/product\/166309\/revisions"}],"wp:featuredmedia":[{"embeddable":true,"href":"https:\/\/thetreecbd.com\/de\/wp-json\/wp\/v2\/media\/166310"}],"wp:attachment":[{"href":"https:\/\/thetreecbd.com\/de\/wp-json\/wp\/v2\/media?parent=166309"}],"wp:term":[{"taxonomy":"product_brand","embeddable":true,"href":"https:\/\/thetreecbd.com\/de\/wp-json\/wp\/v2\/product_brand?post=166309"}],"curies":[{"name":"wp","href":"https:\/\/api.w.org\/{rel}","templated":true}]}}