{"id":166312,"date":"2022-12-20T19:36:29","date_gmt":"2022-12-20T18:36:29","guid":{"rendered":"https:\/\/thetreecbd.com\/cbd\/vape-sundae-driver-cbd"},"modified":"2022-12-20T19:36:29","modified_gmt":"2022-12-20T18:36:29","slug":"vape-sundae-driver-cbd","status":"publish","type":"product","link":"https:\/\/thetreecbd.com\/de\/cbd\/vape-sundae-driver-cbd","title":{"rendered":"Vape Sundae Driver CBD"},"content":{"rendered":"<p data-start=\"81\" data-end=\"343\">Der Sundae Driver CBD Vape von The Tree ist ein All-in-One-Vape, wiederaufladbar und Einweg, diskret und stilvoll. Seine Leistung sollte trotz seiner Gr\u00f6\u00dfe, seines geringen Gewichts und des matten Finishs mit dem markanten Rautendesign nicht untersch\u00e4tzt werden.<\/p>\n<p data-start=\"345\" data-end=\"662\">Dieser CBD Vape enth\u00e4lt weder THC noch Nikotin, daher hat er keine psychoaktiven Effekte und ist in keinem Fall abh\u00e4ngig machend. Er verf\u00fcgt \u00fcber einen 0,5 ml Tank, gef\u00fcllt mit einem 85 % CBD-Destillat, was einem Gesamtgehalt von 425 mg CBD pro Vape entspricht. Ein echter Einweg-Genuss, der dir etwa 800 Z\u00fcge bietet.<\/p>\n<p data-start=\"664\" data-end=\"1022\">Mit genau diesem Vape kannst du das Aroma der \u00fcppigen und k\u00f6stlichen Sorte Sundae Driver genie\u00dfen. Diese Sorte, die den zweiten Platz bei der Cosecha Cup belegte, ist leicht erkennbar durch ihren s\u00fc\u00dfen, cremigen, schokoladigen Geschmack mit einem leicht zuckrigen und fruchtigen Ausatem. Ein Aroma, das an ein s\u00fc\u00dfes Dessert mit Schokoladenst\u00fcckchen erinnert.<\/p>\n<p data-start=\"1024\" data-end=\"1218\">Dieses innovative Produkt verf\u00fcgt \u00fcber ein integriertes, sichtbares \u00d6l-Tanksystem, sodass der Einweg-CBD-Vape von The Tree hohen Komfort bietet, damit du bis zum letzten Tropfen genie\u00dfen kannst.<\/p>\n<p data-start=\"1220\" data-end=\"1529\">Mit h\u00f6chster Sorgfalt ist die innere Struktur des \u201ePoche\u201c aus medizinischem Edelstahl 316L gefertigt, was ein hohes Sicherheitsniveau garantiert. Das moderne Design des Vapes beinhaltet eine LED-Leuchte, die sich beim Inhalieren automatisch aktiviert. Es wurde entwickelt, um dein perfekter Begleiter zu sein.<\/p>\n<p data-start=\"1531\" data-end=\"1846\">Im Gegensatz zu anderen Einweg-Vapes, die mitten im Gebrauch leer werden, wird der The Tree CBD Vape von einem 350mAh Speicherakku angetrieben und verf\u00fcgt \u00fcber eine wiederaufladbare \u201ePoche\u201c-Funktion, die verhindert, dass der Akku vor dem \u00d6l leer wird. So wird eine langanhaltende, sorgenfreie Nutzung gew\u00e4hrleistet.<\/p>\n<p data-start=\"1848\" data-end=\"1907\"><strong data-start=\"1848\" data-end=\"1905\">Eigenschaften des Sundae Driver CBD Vape von The Tree<\/strong><\/p>\n<ul data-start=\"1908\" data-end=\"2342\">\n<li data-start=\"1908\" data-end=\"1933\">\n<p data-start=\"1910\" data-end=\"1933\">Tankkapazit\u00e4t: 0,5 ml<\/p>\n<\/li>\n<li data-start=\"1934\" data-end=\"1963\">\n<p data-start=\"1936\" data-end=\"1963\">Enth\u00e4lt 425 mg CBD (85 %)<\/p>\n<\/li>\n<li data-start=\"1964\" data-end=\"1988\">\n<p data-start=\"1966\" data-end=\"1988\">Aroma: Sundae Driver<\/p>\n<\/li>\n<li data-start=\"1989\" data-end=\"2021\">\n<p data-start=\"1991\" data-end=\"2021\">Design mit sichtbarem \u00d6ltank<\/p>\n<\/li>\n<li data-start=\"2022\" data-end=\"2063\">\n<p data-start=\"2024\" data-end=\"2063\">Mundst\u00fcck aus lebensmittelechtem PCTG<\/p>\n<\/li>\n<li data-start=\"2064\" data-end=\"2116\">\n<p data-start=\"2066\" data-end=\"2116\">Innere Struktur aus medizinischem Edelstahl 316L<\/p>\n<\/li>\n<li data-start=\"2117\" data-end=\"2148\">\n<p data-start=\"2119\" data-end=\"2148\">Aktivierung beim Inhalieren<\/p>\n<\/li>\n<li data-start=\"2149\" data-end=\"2176\">\n<p data-start=\"2151\" data-end=\"2176\">Integrierte LED-Anzeige<\/p>\n<\/li>\n<li data-start=\"2177\" data-end=\"2205\">\n<p data-start=\"2179\" data-end=\"2205\">Gr\u00f6\u00dfe: 93,7 x 22 x 11 mm<\/p>\n<\/li>\n<li data-start=\"2206\" data-end=\"2234\">\n<p data-start=\"2208\" data-end=\"2234\">Integrierter 350mAh Akku<\/p>\n<\/li>\n<li data-start=\"2235\" data-end=\"2260\">\n<p data-start=\"2237\" data-end=\"2260\">Tankkapazit\u00e4t: 0,5 ml<\/p>\n<\/li>\n<li data-start=\"2261\" data-end=\"2296\">\n<p data-start=\"2263\" data-end=\"2296\">Garantiert ohne THC und Nikotin<\/p>\n<\/li>\n<li data-start=\"2297\" data-end=\"2342\">\n<p data-start=\"2299\" data-end=\"2342\">Frei von Alkohol und tierischen Extrakten<\/p>\n<\/li>\n<\/ul>\n<p data-start=\"2344\" data-end=\"2560\"><strong data-start=\"2344\" data-end=\"2353\">Aroma<\/strong><br data-start=\"2353\" data-end=\"2356\" \/>Terpene findet man in den meisten \u00e4therischen \u00d6len vieler Pflanzen, Blumen und Fr\u00fcchte; sie sind verantwortlich f\u00fcr Geruch und Geschmack. Im Cannabis gibt es ein breites Terpenprofil. Aroma: Sundae Driver<\/p>\n<p data-start=\"2562\" data-end=\"2756\"><strong data-start=\"2562\" data-end=\"2572\">Format<\/strong><br data-start=\"2572\" data-end=\"2575\" \/>Der Einweg-CBD-Vape von The Tree ist in Form einer E-Zigarette, die in die Handfl\u00e4che passt, mit einem Rautendesign und sichtbarem \u00d6ltank, was ihm viel Stil und Diskretion verleiht.<\/p>\n<p data-start=\"2758\" data-end=\"3042\"><strong data-start=\"2758\" data-end=\"2770\">Lagerung<\/strong><br data-start=\"2770\" data-end=\"2773\" \/>Der Einweg-CBD-Vape von The Tree sollte an einem k\u00fchlen, trockenen Ort gelagert werden, gesch\u00fctzt vor Licht und starken Ger\u00fcchen, um jegliche Kontamination zu vermeiden. Direkte Sonneneinstrahlung und Hitze sind zu vermeiden. Nach Gebrauch ist das Produkt zu entsorgen.<\/p>\n<p data-start=\"3044\" data-end=\"3126\"><strong data-start=\"3044\" data-end=\"3063\">F\u00fcr wen ist es?<\/strong><br data-start=\"3063\" data-end=\"3066\" \/>Der Einweg-CBD-Vape ist f\u00fcr Personen \u00fcber 18 Jahre bestimmt.<\/p>\n<p data-start=\"3128\" data-end=\"3358\"><strong data-start=\"3128\" data-end=\"3156\">Sicherheitsinformationen<\/strong><br data-start=\"3156\" data-end=\"3159\" \/>Bitte beachten Sie, dass der Einweg-CBD-Vape ein Produkt f\u00fcr Erwachsene ist. Er sollte nicht w\u00e4hrend Schwangerschaft oder Stillzeit verwendet werden. Au\u00dferhalb der Reichweite von Kindern aufbewahren.<\/p>\n<p data-start=\"3360\" data-end=\"3442\">In der Originalverpackung, verschlossen und ordnungsgem\u00e4\u00df etikettiert aufbewahren.<\/p>\n<p data-start=\"3444\" data-end=\"3500\">Bei weiteren Fragen stehen wir Ihnen gern zur Verf\u00fcgung.<\/p>\n","protected":false},"excerpt":{"rendered":"<ul>\n<li data-start=\"66\" data-end=\"485\">Tankkapazit\u00e4t: 0,5 ml.<\/li>\n<li data-start=\"66\" data-end=\"485\">Enth\u00e4lt 425 mg CBD (85 %).<\/li>\n<li data-start=\"66\" data-end=\"485\">Aroma: Sundae Driver.<\/li>\n<li data-start=\"66\" data-end=\"485\">Design mit sichtbarem \u00d6ltank.<\/li>\n<li data-start=\"66\" data-end=\"485\">Mundst\u00fcck aus lebensmittelechtem PCTG.<\/li>\n<li data-start=\"66\" data-end=\"485\">Innere Struktur aus medizinischem Edelstahl 316L.<\/li>\n<li data-start=\"66\" data-end=\"485\">Aktivierung beim Inhalieren.<\/li>\n<li data-start=\"66\" data-end=\"485\">Integrierte LED-Anzeige.<\/li>\n<li data-start=\"66\" data-end=\"485\">Ma\u00dfe: 93,7 x 22 x 11 mm.<\/li>\n<li data-start=\"66\" data-end=\"485\">Integrierter 350 mAh Akku.<\/li>\n<li data-start=\"66\" data-end=\"485\">Tankkapazit\u00e4t: 0,5 ml.<\/li>\n<li data-start=\"66\" data-end=\"485\">Garantiert ohne THC und Nikotin.<\/li>\n<li data-start=\"66\" data-end=\"485\">Frei von Alkohol und tierischen Extrakten.<\/li>\n<\/ul>\n","protected":false},"featured_media":166313,"template":"","meta":{"_acf_changed":false},"product_brand":[],"class_list":{"0":"post-166312","1":"product","2":"type-product","3":"status-publish","4":"has-post-thumbnail","6":"product_cat-cbd-angebote","7":"product_cat-cbd-vaporizer","8":"product_cat-einweg-cbd-vapes-pods","10":"first","11":"outofstock","12":"sale","13":"taxable","14":"shipping-taxable","15":"purchasable","16":"product-type-simple"},"acf":[],"yoast_head":"<!-- This site is optimized with the Yoast SEO plugin v26.3 - https:\/\/yoast.com\/wordpress\/plugins\/seo\/ -->\n<title>Vape Sundae Driver CBD | The Tree CBD<\/title>\n<meta name=\"description\" content=\"Der Sundae Driver CBD Vape von The Tree mit 85 % CBD ist ein Einweg-Vape mit Stil, um dein CBD maximal und ganz ohne THC zu genie\u00dfen.\" \/>\n<meta name=\"robots\" content=\"index, follow, max-snippet:-1, max-image-preview:large, max-video-preview:-1\" \/>\n<link rel=\"canonical\" href=\"https:\/\/thetreecbd.com\/de\/cbd\/vape-sundae-driver-cbd\" \/>\n<meta property=\"og:locale\" content=\"de_DE\" \/>\n<meta property=\"og:type\" content=\"article\" \/>\n<meta property=\"og:title\" content=\"Vape Sundae Driver CBD | The Tree CBD\" \/>\n<meta property=\"og:description\" content=\"Der Sundae Driver CBD Vape von The Tree mit 85 % CBD ist ein Einweg-Vape mit Stil, um dein CBD maximal und ganz ohne THC zu genie\u00dfen.\" \/>\n<meta property=\"og:url\" content=\"https:\/\/thetreecbd.com\/de\/cbd\/vape-sundae-driver-cbd\" \/>\n<meta property=\"og:site_name\" content=\"The Tree CBD\" \/>\n<meta property=\"article:publisher\" content=\"https:\/\/www.facebook.com\/thetreeCBD\/\" \/>\n<meta property=\"og:image\" content=\"https:\/\/thetreecbd.com\/wp-content\/uploads\/2023\/11\/vape-sundae-driver-cbd.png\" \/>\n\t<meta property=\"og:image:width\" content=\"600\" \/>\n\t<meta property=\"og:image:height\" content=\"720\" \/>\n\t<meta property=\"og:image:type\" content=\"image\/png\" \/>\n<meta name=\"twitter:card\" content=\"summary_large_image\" \/>\n<meta name=\"twitter:site\" content=\"@TheTreeCBD_EU\" \/>\n<meta name=\"twitter:label1\" content=\"Gesch\u00e4tzte Lesezeit\" \/>\n\t<meta name=\"twitter:data1\" content=\"2\u00a0Minuten\" \/>\n<script type=\"application\/ld+json\" class=\"yoast-schema-graph\">{\"@context\":\"https:\/\/schema.org\",\"@graph\":[{\"@type\":[\"WebPage\",\"ItemPage\"],\"@id\":\"https:\/\/thetreecbd.com\/de\/cbd\/vape-sundae-driver-cbd\",\"url\":\"https:\/\/thetreecbd.com\/de\/cbd\/vape-sundae-driver-cbd\",\"name\":\"Vape Sundae Driver CBD | The Tree CBD\",\"isPartOf\":{\"@id\":\"https:\/\/thetreecbd.com\/de#website\"},\"primaryImageOfPage\":{\"@id\":\"https:\/\/thetreecbd.com\/de\/cbd\/vape-sundae-driver-cbd#primaryimage\"},\"image\":{\"@id\":\"https:\/\/thetreecbd.com\/de\/cbd\/vape-sundae-driver-cbd#primaryimage\"},\"thumbnailUrl\":\"https:\/\/thetreecbd.com\/wp-content\/uploads\/2023\/11\/vape-sundae-driver-cbd.png\",\"datePublished\":\"2022-12-20T18:36:29+00:00\",\"description\":\"Der Sundae Driver CBD Vape von The Tree mit 85 % CBD ist ein Einweg-Vape mit Stil, um dein CBD maximal und ganz ohne THC zu genie\u00dfen.\",\"breadcrumb\":{\"@id\":\"https:\/\/thetreecbd.com\/de\/cbd\/vape-sundae-driver-cbd#breadcrumb\"},\"inLanguage\":\"de\",\"potentialAction\":[{\"@type\":\"ReadAction\",\"target\":[\"https:\/\/thetreecbd.com\/de\/cbd\/vape-sundae-driver-cbd\"]}]},{\"@type\":\"ImageObject\",\"inLanguage\":\"de\",\"@id\":\"https:\/\/thetreecbd.com\/de\/cbd\/vape-sundae-driver-cbd#primaryimage\",\"url\":\"https:\/\/thetreecbd.com\/wp-content\/uploads\/2023\/11\/vape-sundae-driver-cbd.png\",\"contentUrl\":\"https:\/\/thetreecbd.com\/wp-content\/uploads\/2023\/11\/vape-sundae-driver-cbd.png\",\"width\":600,\"height\":720},{\"@type\":\"BreadcrumbList\",\"@id\":\"https:\/\/thetreecbd.com\/de\/cbd\/vape-sundae-driver-cbd#breadcrumb\",\"itemListElement\":[{\"@type\":\"ListItem\",\"position\":1,\"name\":\"The Tree\",\"item\":\"https:\/\/thetreecbd.com\/de\"},{\"@type\":\"ListItem\",\"position\":2,\"name\":\"CBD\",\"item\":\"https:\/\/thetreecbd.com\/es\/cbd\"},{\"@type\":\"ListItem\",\"position\":3,\"name\":\"CBD-Vaporizer\",\"item\":\"https:\/\/thetreecbd.com\/de\/cbd-vaporizer\"},{\"@type\":\"ListItem\",\"position\":4,\"name\":\"Einweg-CBD-Vapes &amp; Pods\",\"item\":\"https:\/\/thetreecbd.com\/de\/cbd-vaporizer\/einweg-cbd-vapes-pods\"},{\"@type\":\"ListItem\",\"position\":5,\"name\":\"Vape Sundae Driver CBD\"}]},{\"@type\":\"WebSite\",\"@id\":\"https:\/\/thetreecbd.com\/de#website\",\"url\":\"https:\/\/thetreecbd.com\/de\",\"name\":\"The Tree CBD\",\"description\":\"Comprar CBD en Espa\u00f1a Online\",\"publisher\":{\"@id\":\"https:\/\/thetreecbd.com\/de#organization\"},\"potentialAction\":[{\"@type\":\"SearchAction\",\"target\":{\"@type\":\"EntryPoint\",\"urlTemplate\":\"https:\/\/thetreecbd.com\/de?s={search_term_string}\"},\"query-input\":{\"@type\":\"PropertyValueSpecification\",\"valueRequired\":true,\"valueName\":\"search_term_string\"}}],\"inLanguage\":\"de\"},{\"@type\":\"Organization\",\"@id\":\"https:\/\/thetreecbd.com\/de#organization\",\"name\":\"The Tree CBD\",\"url\":\"https:\/\/thetreecbd.com\/de\",\"logo\":{\"@type\":\"ImageObject\",\"inLanguage\":\"de\",\"@id\":\"https:\/\/thetreecbd.com\/de#\/schema\/logo\/image\/\",\"url\":\"https:\/\/thetreecbd.com\/wp-content\/uploads\/2022\/04\/logo-thetree.png\",\"contentUrl\":\"https:\/\/thetreecbd.com\/wp-content\/uploads\/2022\/04\/logo-thetree.png\",\"width\":172,\"height\":55,\"caption\":\"The Tree CBD\"},\"image\":{\"@id\":\"https:\/\/thetreecbd.com\/de#\/schema\/logo\/image\/\"},\"sameAs\":[\"https:\/\/www.facebook.com\/thetreeCBD\/\",\"https:\/\/x.com\/TheTreeCBD_EU\",\"https:\/\/www.instagram.com\/thetree.cbd\/\",\"https:\/\/es.trustpilot.com\/review\/thetreecbd.com\"]}]}<\/script>\n<!-- \/ Yoast SEO plugin. -->","yoast_head_json":{"title":"Vape Sundae Driver CBD | The Tree CBD","description":"Der Sundae Driver CBD Vape von The Tree mit 85 % CBD ist ein Einweg-Vape mit Stil, um dein CBD maximal und ganz ohne THC zu genie\u00dfen.","robots":{"index":"index","follow":"follow","max-snippet":"max-snippet:-1","max-image-preview":"max-image-preview:large","max-video-preview":"max-video-preview:-1"},"canonical":"https:\/\/thetreecbd.com\/de\/cbd\/vape-sundae-driver-cbd","og_locale":"de_DE","og_type":"article","og_title":"Vape Sundae Driver CBD | The Tree CBD","og_description":"Der Sundae Driver CBD Vape von The Tree mit 85 % CBD ist ein Einweg-Vape mit Stil, um dein CBD maximal und ganz ohne THC zu genie\u00dfen.","og_url":"https:\/\/thetreecbd.com\/de\/cbd\/vape-sundae-driver-cbd","og_site_name":"The Tree CBD","article_publisher":"https:\/\/www.facebook.com\/thetreeCBD\/","og_image":[{"width":600,"height":720,"url":"https:\/\/thetreecbd.com\/wp-content\/uploads\/2023\/11\/vape-sundae-driver-cbd.png","type":"image\/png"}],"twitter_card":"summary_large_image","twitter_site":"@TheTreeCBD_EU","twitter_misc":{"Gesch\u00e4tzte Lesezeit":"2\u00a0Minuten"},"schema":{"@context":"https:\/\/schema.org","@graph":[{"@type":["WebPage","ItemPage"],"@id":"https:\/\/thetreecbd.com\/de\/cbd\/vape-sundae-driver-cbd","url":"https:\/\/thetreecbd.com\/de\/cbd\/vape-sundae-driver-cbd","name":"Vape Sundae Driver CBD | The Tree CBD","isPartOf":{"@id":"https:\/\/thetreecbd.com\/de#website"},"primaryImageOfPage":{"@id":"https:\/\/thetreecbd.com\/de\/cbd\/vape-sundae-driver-cbd#primaryimage"},"image":{"@id":"https:\/\/thetreecbd.com\/de\/cbd\/vape-sundae-driver-cbd#primaryimage"},"thumbnailUrl":"https:\/\/thetreecbd.com\/wp-content\/uploads\/2023\/11\/vape-sundae-driver-cbd.png","datePublished":"2022-12-20T18:36:29+00:00","description":"Der Sundae Driver CBD Vape von The Tree mit 85 % CBD ist ein Einweg-Vape mit Stil, um dein CBD maximal und ganz ohne THC zu genie\u00dfen.","breadcrumb":{"@id":"https:\/\/thetreecbd.com\/de\/cbd\/vape-sundae-driver-cbd#breadcrumb"},"inLanguage":"de","potentialAction":[{"@type":"ReadAction","target":["https:\/\/thetreecbd.com\/de\/cbd\/vape-sundae-driver-cbd"]}]},{"@type":"ImageObject","inLanguage":"de","@id":"https:\/\/thetreecbd.com\/de\/cbd\/vape-sundae-driver-cbd#primaryimage","url":"https:\/\/thetreecbd.com\/wp-content\/uploads\/2023\/11\/vape-sundae-driver-cbd.png","contentUrl":"https:\/\/thetreecbd.com\/wp-content\/uploads\/2023\/11\/vape-sundae-driver-cbd.png","width":600,"height":720},{"@type":"BreadcrumbList","@id":"https:\/\/thetreecbd.com\/de\/cbd\/vape-sundae-driver-cbd#breadcrumb","itemListElement":[{"@type":"ListItem","position":1,"name":"The Tree","item":"https:\/\/thetreecbd.com\/de"},{"@type":"ListItem","position":2,"name":"CBD","item":"https:\/\/thetreecbd.com\/es\/cbd"},{"@type":"ListItem","position":3,"name":"CBD-Vaporizer","item":"https:\/\/thetreecbd.com\/de\/cbd-vaporizer"},{"@type":"ListItem","position":4,"name":"Einweg-CBD-Vapes &amp; Pods","item":"https:\/\/thetreecbd.com\/de\/cbd-vaporizer\/einweg-cbd-vapes-pods"},{"@type":"ListItem","position":5,"name":"Vape Sundae Driver CBD"}]},{"@type":"WebSite","@id":"https:\/\/thetreecbd.com\/de#website","url":"https:\/\/thetreecbd.com\/de","name":"The Tree CBD","description":"Comprar CBD en Espa\u00f1a Online","publisher":{"@id":"https:\/\/thetreecbd.com\/de#organization"},"potentialAction":[{"@type":"SearchAction","target":{"@type":"EntryPoint","urlTemplate":"https:\/\/thetreecbd.com\/de?s={search_term_string}"},"query-input":{"@type":"PropertyValueSpecification","valueRequired":true,"valueName":"search_term_string"}}],"inLanguage":"de"},{"@type":"Organization","@id":"https:\/\/thetreecbd.com\/de#organization","name":"The Tree CBD","url":"https:\/\/thetreecbd.com\/de","logo":{"@type":"ImageObject","inLanguage":"de","@id":"https:\/\/thetreecbd.com\/de#\/schema\/logo\/image\/","url":"https:\/\/thetreecbd.com\/wp-content\/uploads\/2022\/04\/logo-thetree.png","contentUrl":"https:\/\/thetreecbd.com\/wp-content\/uploads\/2022\/04\/logo-thetree.png","width":172,"height":55,"caption":"The Tree CBD"},"image":{"@id":"https:\/\/thetreecbd.com\/de#\/schema\/logo\/image\/"},"sameAs":["https:\/\/www.facebook.com\/thetreeCBD\/","https:\/\/x.com\/TheTreeCBD_EU","https:\/\/www.instagram.com\/thetree.cbd\/","https:\/\/es.trustpilot.com\/review\/thetreecbd.com"]}]}},"_links":{"self":[{"href":"https:\/\/thetreecbd.com\/de\/wp-json\/wp\/v2\/product\/166312","targetHints":{"allow":["GET"]}}],"collection":[{"href":"https:\/\/thetreecbd.com\/de\/wp-json\/wp\/v2\/product"}],"about":[{"href":"https:\/\/thetreecbd.com\/de\/wp-json\/wp\/v2\/types\/product"}],"version-history":[{"count":0,"href":"https:\/\/thetreecbd.com\/de\/wp-json\/wp\/v2\/product\/166312\/revisions"}],"wp:featuredmedia":[{"embeddable":true,"href":"https:\/\/thetreecbd.com\/de\/wp-json\/wp\/v2\/media\/166313"}],"wp:attachment":[{"href":"https:\/\/thetreecbd.com\/de\/wp-json\/wp\/v2\/media?parent=166312"}],"wp:term":[{"taxonomy":"product_brand","embeddable":true,"href":"https:\/\/thetreecbd.com\/de\/wp-json\/wp\/v2\/product_brand?post=166312"}],"curies":[{"name":"wp","href":"https:\/\/api.w.org\/{rel}","templated":true}]}}