{"id":166316,"date":"2022-04-22T18:25:43","date_gmt":"2022-04-22T16:25:43","guid":{"rendered":"https:\/\/thetreecbd.com\/cbd\/e-liquid-critical"},"modified":"2025-07-28T13:10:57","modified_gmt":"2025-07-28T11:10:57","slug":"e-liquid-critical","status":"publish","type":"product","link":"https:\/\/thetreecbd.com\/de\/cbd\/e-liquid-critical","title":{"rendered":"E-liquid Critical"},"content":{"rendered":"<article class=\"text-token-text-primary w-full\" dir=\"auto\" data-testid=\"conversation-turn-114\" data-scroll-anchor=\"true\">\n<div class=\"text-base my-auto mx-auto py-5 [--thread-content-margin:--spacing(4)] @[37rem]:[--thread-content-margin:--spacing(6)] @[72rem]:[--thread-content-margin:--spacing(16)] px-(--thread-content-margin)\">\n<div class=\"[--thread-content-max-width:32rem] @[34rem]:[--thread-content-max-width:40rem] @[64rem]:[--thread-content-max-width:48rem] mx-auto flex max-w-(--thread-content-max-width) flex-1 text-base gap-4 md:gap-5 lg:gap-6 group\/turn-messages focus-visible:outline-hidden\" tabindex=\"-1\">\n<div class=\"group\/conversation-turn relative flex w-full min-w-0 flex-col agent-turn\">\n<div class=\"relative flex-col gap-1 md:gap-3\">\n<div class=\"flex max-w-full flex-col grow\">\n<div class=\"min-h-8 text-message relative flex w-full flex-col items-end gap-2 text-start break-words whitespace-normal [.text-message+&amp;]:mt-5\" dir=\"auto\" data-message-author-role=\"assistant\" data-message-id=\"10cb08a2-a646-405a-a18f-0286ec3aba82\" data-message-model-slug=\"gpt-4o\">\n<div class=\"flex w-full flex-col gap-1 empty:hidden first:pt-[3px]\">\n<div class=\"markdown prose dark:prose-invert w-full break-words dark\">\n<p data-start=\"74\" data-end=\"321\">Bei The Tree verstehen wir dein Bed\u00fcrfnis, CBD zu verdampfen \u2013 deshalb pr\u00e4sentieren wir dir unser Critical CBD E-Liquid mit 5 %, das die gleichen Vorteile wie unsere Vapes bietet, aber mit der M\u00f6glichkeit, dein eigenes Vape-Ger\u00e4t zu verwenden.<\/p>\n<p data-start=\"323\" data-end=\"1031\">Unsere CBD E-Liquids von The Tree enthalten ausschlie\u00dflich Wasser, Propylenglykol, pflanzliches Glycerin, Terpene und CBD-Extrakt, um dir den besten Geschmack und den reinsten Dampf zu bieten und gleichzeitig ein breites Anwendungsspektrum zu gew\u00e4hrleisten. Pflanzliches Glycerin ist ein Alkohol, was das Inhalieren sicher macht. Es handelt sich um eine farblose, ungiftige und geruchslose Fl\u00fcssigkeit mit leicht s\u00fc\u00dflichem Geschmack. Auch Propylenglykol ist ein Alkohol und nahezu geruchlos. Einer der Vorteile des Dampfens ist die Vielzahl m\u00f6glicher Geschmacksrichtungen \u2013 und das verdanken wir den Aromen. Die Fl\u00fcssigkeiten selbst haben kaum Eigengeschmack, daher werden ihnen Lebensmittelaromen zugesetzt.<\/p>\n<p data-start=\"1033\" data-end=\"1249\">Bei The Tree wissen wir, dass jeder Mensch einen anderen Stoffwechsel hat und wir alle \u00fcber ein einzigartiges Endocannabinoid-System verf\u00fcgen \u2013 deshalb reagiert jeder unterschiedlich auf verschiedene CBD-Dosierungen.<\/p>\n<p data-start=\"1251\" data-end=\"1515\">Dieses CBD E-Liquid bietet einen angenehmen, leichten und s\u00fc\u00dfen Geschmack, kombiniert mit einem sanften erdigen Nachgeschmack. Jede Flasche The Tree CBD E-Liquid enth\u00e4lt 10 ml mit einer Konzentration von 5 % CBD. Das entspricht insgesamt 500 mg CBD pro Fl\u00e4schchen.<\/p>\n<p data-start=\"1517\" data-end=\"1855\">Bei The Tree CBD haben wir das CBD E-Liquid mit 5 % speziell f\u00fcr die Verwendung mit jedem handels\u00fcblichen E-Zigaretten-Ger\u00e4t entwickelt. Sein Hanfaroma ist zu 100 % authentisch und original. Wie bei allen unseren Produkten liegt unser Fokus auf Qualit\u00e4t \u2013 deshalb pr\u00e4sentieren wir dir dieses exzellente E-Liquid mit 5 % CBD-Konzentration.<\/p>\n<p data-start=\"1857\" data-end=\"2126\">Zur Sicherung der Qualit\u00e4t lassen wir die CBD-Konzentration und Zusammensetzung jeder Charge von unabh\u00e4ngigen Laboren zertifizieren. CBD ist eine aus bestimmten Hanfsorten gewonnene Verbindung. Im Gegensatz zu THC hat es keine psychoaktiven oder halluzinogenen Effekte.<\/p>\n<p data-start=\"2128\" data-end=\"2226\">Dieses 5 % CBD E-Liquid von The Tree enth\u00e4lt kein THC und hat daher keine psychoaktiven Wirkungen.<\/p>\n<p data-start=\"2233\" data-end=\"2280\"><strong data-start=\"2233\" data-end=\"2280\">Merkmale des CBD E-Liquids 5 % von The Tree<\/strong><\/p>\n<ul data-start=\"2282\" data-end=\"2512\">\n<li data-start=\"2282\" data-end=\"2318\">\n<p data-start=\"2284\" data-end=\"2318\">Aus biologischem Hanf extrahiert<\/p>\n<\/li>\n<li data-start=\"2319\" data-end=\"2339\">\n<p data-start=\"2321\" data-end=\"2339\">CBD E-Liquid 5 %<\/p>\n<\/li>\n<li data-start=\"2340\" data-end=\"2363\">\n<p data-start=\"2342\" data-end=\"2363\">Terpen Critical 1 %<\/p>\n<\/li>\n<li data-start=\"2364\" data-end=\"2397\">\n<p data-start=\"2366\" data-end=\"2397\">Isoliertes CBD zum Verdampfen<\/p>\n<\/li>\n<li data-start=\"2398\" data-end=\"2413\">\n<p data-start=\"2400\" data-end=\"2413\">70VG \/ 30PG<\/p>\n<\/li>\n<li data-start=\"2414\" data-end=\"2454\">\n<p data-start=\"2416\" data-end=\"2454\">Garantiert ohne THC und ohne Nikotin<\/p>\n<\/li>\n<li data-start=\"2455\" data-end=\"2472\">\n<p data-start=\"2457\" data-end=\"2472\">10 ml Flasche<\/p>\n<\/li>\n<li data-start=\"2473\" data-end=\"2512\">\n<p data-start=\"2475\" data-end=\"2512\">Geeignet f\u00fcr Vegetarier und Veganer<\/p>\n<\/li>\n<\/ul>\n<p data-start=\"2519\" data-end=\"2666\"><strong data-start=\"2519\" data-end=\"2536\">Inhaltsstoffe<\/strong><br data-start=\"2536\" data-end=\"2539\" \/>Das 5 % CBD E-Liquid von The Tree enth\u00e4lt: Wasser, Propylenglykol-Aufguss, pflanzliches Glycerin und CBD aus Cannabis Sativa L.<\/p>\n<p data-start=\"2673\" data-end=\"2877\"><strong data-start=\"2673\" data-end=\"2686\">CBD Aroma<\/strong><br data-start=\"2686\" data-end=\"2689\" \/>Terpene finden sich in den meisten \u00e4therischen \u00d6len von Pflanzen, Blumen und Fr\u00fcchten \u2013 sie sind verantwortlich f\u00fcr Geruch und Geschmack. Auch in Cannabis gibt es ein breites Terpenprofil.<\/p>\n<p data-start=\"2879\" data-end=\"3150\">Das Critical E-Liquid hat einen klassischen Geschmack, da es aus der Kreuzung einer Afghani und einer Skunk stammt. Es weist Aromen von Nuss, Holz und Kiefer auf. Dank der Critical-Terpene (Aroma Critical) in der Formulierung entfaltet sich ein intensives, erdiges Aroma.<\/p>\n<p data-start=\"3157\" data-end=\"3340\"><strong data-start=\"3157\" data-end=\"3171\">Zielgruppe<\/strong><br data-start=\"3171\" data-end=\"3174\" \/>The Tree bringt sein neues CBD E-Liquid f\u00fcr alle Personen \u00fcber 18 Jahre auf den Markt. Sein einzigartiges Aroma macht selbst Skeptiker neugierig auf die Welt des CBD.<\/p>\n<p data-start=\"3347\" data-end=\"3583\"><strong data-start=\"3347\" data-end=\"3370\">Sicherheitshinweise<\/strong><br data-start=\"3370\" data-end=\"3373\" \/>Die Verwendung von CBD wird f\u00fcr schwangere oder stillende Frauen nicht empfohlen. Auch f\u00fcr Personen unter 18 Jahren ist es nicht geeignet. Nicht, weil es als gef\u00e4hrlich gilt, sondern weil es an Studien mangelt.<\/p>\n<p data-start=\"3585\" data-end=\"3855\">Die bereitgestellten Inhalte dienen ausschlie\u00dflich zu Informations- und Schulungszwecken und ersetzen in keiner Weise die medizinische Beratung durch einen Arzt oder Apotheker. Unsere Texte sind nicht zur eigenst\u00e4ndigen Diagnose oder Behandlung von Krankheiten bestimmt.<\/p>\n<p data-start=\"3857\" data-end=\"3911\">Z\u00f6gere nicht, uns bei weiteren Fragen zu kontaktieren.<\/p>\n<p data-start=\"3918\" data-end=\"4150\"><strong data-start=\"3918\" data-end=\"3930\">Lagerung<\/strong><br data-start=\"3930\" data-end=\"3933\" \/>Das 5 % CBD E-Liquid von The Tree sollte idealerweise k\u00fchl, trocken und vor Licht sowie starken Ger\u00fcchen gesch\u00fctzt aufbewahrt werden, um eine Kontamination zu vermeiden. Direkte Sonneneinstrahlung und Hitze vermeiden.<\/p>\n<p data-start=\"4152\" data-end=\"4236\"><strong data-start=\"4152\" data-end=\"4164\">Achtung:<\/strong> Die angegebene Haltbarkeit betr\u00e4gt drei Jahre bei sachgem\u00e4\u00dfer Lagerung.<\/p>\n<p data-start=\"4238\" data-end=\"4440\">Wir empfehlen, das E-Liquid von The Tree CBD an einem k\u00fchlen, trockenen Ort aufzubewahren, ohne direkte Sonneneinstrahlung \u2013 nicht im Auto oder an anderen hei\u00dfen Orten. Ideale Lagertemperatur: 15\u201325 \u00b0C.<\/p>\n<p data-start=\"4442\" data-end=\"4602\" data-is-last-node=\"\" data-is-only-node=\"\">Dank seiner kompakten Verpackung kannst du es \u00fcberallhin mitnehmen \u2013 ob auf Reisen oder unterwegs \u2013 damit du nie auf dein CBD verzichten musst, egal wo du bist.<\/p>\n<\/div>\n<\/div>\n<\/div>\n<\/div>\n<div class=\"flex justify-start\"><\/div>\n<div class=\"mt-3 w-full empty:hidden\">\n<div class=\"text-center\"><\/div>\n<\/div>\n<\/div>\n<div class=\"absolute\">\n<div class=\"flex items-center justify-center\"><\/div>\n<\/div>\n<\/div>\n<\/div>\n<\/div>\n<\/article>\n<div class=\"pointer-events-none h-px w-px\" aria-hidden=\"true\" data-edge=\"true\"><\/div>\n","protected":false},"excerpt":{"rendered":"<ul>\n<li data-start=\"56\" data-end=\"90\">Aus biologischem Hanf extrahiert<\/li>\n<li data-start=\"93\" data-end=\"111\">CBD E-Liquid 5\u202f%<\/li>\n<li data-start=\"114\" data-end=\"135\">Critical-Terpen 1\u202f%<\/li>\n<li data-start=\"138\" data-end=\"169\">Isoliertes CBD zum Verdampfen<\/li>\n<li data-start=\"172\" data-end=\"185\">70VG \/ 30PG<\/li>\n<li data-start=\"188\" data-end=\"226\">Garantiert ohne THC und ohne Nikotin<\/li>\n<li data-start=\"229\" data-end=\"244\">10\u202fml Flasche<\/li>\n<li data-start=\"247\" data-end=\"282\">Geeignet f\u00fcr Vegetarier und Veganer<\/li>\n<\/ul>\n","protected":false},"featured_media":166317,"template":"","meta":{"_acf_changed":false},"product_brand":[],"class_list":{"0":"post-166316","1":"product","2":"type-product","3":"status-publish","4":"has-post-thumbnail","6":"product_cat-cbd-angebote","7":"product_cat-cbd-e-liquids","8":"product_cat-produkte-mit-5-cbd","10":"first","11":"instock","12":"sale","13":"taxable","14":"shipping-taxable","15":"purchasable","16":"product-type-simple"},"acf":[],"yoast_head":"<!-- This site is optimized with the Yoast SEO plugin v26.3 - https:\/\/yoast.com\/wordpress\/plugins\/seo\/ -->\n<title>E-liquid Critical | The Tree CBD<\/title>\n<meta name=\"description\" content=\"CBD E-Liquid Critical mit 5\u202f% \u2013 bietet die gleichen Vorteile wie unsere Vapes, aber mit der M\u00f6glichkeit, deinen eigenen Vaporizer zu verwenden. Entdecke es jetzt!\" \/>\n<meta name=\"robots\" content=\"index, follow, max-snippet:-1, max-image-preview:large, max-video-preview:-1\" \/>\n<link rel=\"canonical\" href=\"https:\/\/thetreecbd.com\/de\/cbd\/e-liquid-critical\" \/>\n<meta property=\"og:locale\" content=\"de_DE\" \/>\n<meta property=\"og:type\" content=\"article\" \/>\n<meta property=\"og:title\" content=\"E-liquid Critical | The Tree CBD\" \/>\n<meta property=\"og:description\" content=\"CBD E-Liquid Critical mit 5\u202f% \u2013 bietet die gleichen Vorteile wie unsere Vapes, aber mit der M\u00f6glichkeit, deinen eigenen Vaporizer zu verwenden. Entdecke es jetzt!\" \/>\n<meta property=\"og:url\" content=\"https:\/\/thetreecbd.com\/de\/cbd\/e-liquid-critical\" \/>\n<meta property=\"og:site_name\" content=\"The Tree CBD\" \/>\n<meta property=\"article:publisher\" content=\"https:\/\/www.facebook.com\/thetreeCBD\/\" \/>\n<meta property=\"article:modified_time\" content=\"2025-07-28T11:10:57+00:00\" \/>\n<meta property=\"og:image\" content=\"https:\/\/thetreecbd.com\/wp-content\/uploads\/2022\/04\/GLUE-CRITICAL-compressed-scaled.jpg\" \/>\n\t<meta property=\"og:image:width\" content=\"1440\" \/>\n\t<meta property=\"og:image:height\" content=\"1920\" \/>\n\t<meta property=\"og:image:type\" content=\"image\/jpeg\" \/>\n<meta name=\"twitter:card\" content=\"summary_large_image\" \/>\n<meta name=\"twitter:site\" content=\"@TheTreeCBD_EU\" \/>\n<meta name=\"twitter:label1\" content=\"Gesch\u00e4tzte Lesezeit\" \/>\n\t<meta name=\"twitter:data1\" content=\"3\u00a0Minuten\" \/>\n<script type=\"application\/ld+json\" class=\"yoast-schema-graph\">{\"@context\":\"https:\/\/schema.org\",\"@graph\":[{\"@type\":[\"WebPage\",\"ItemPage\"],\"@id\":\"https:\/\/thetreecbd.com\/de\/cbd\/e-liquid-critical\",\"url\":\"https:\/\/thetreecbd.com\/de\/cbd\/e-liquid-critical\",\"name\":\"E-liquid Critical | The Tree CBD\",\"isPartOf\":{\"@id\":\"https:\/\/thetreecbd.com\/de#website\"},\"primaryImageOfPage\":{\"@id\":\"https:\/\/thetreecbd.com\/de\/cbd\/e-liquid-critical#primaryimage\"},\"image\":{\"@id\":\"https:\/\/thetreecbd.com\/de\/cbd\/e-liquid-critical#primaryimage\"},\"thumbnailUrl\":\"https:\/\/thetreecbd.com\/wp-content\/uploads\/2022\/04\/GLUE-CRITICAL-compressed-scaled.jpg\",\"datePublished\":\"2022-04-22T16:25:43+00:00\",\"dateModified\":\"2025-07-28T11:10:57+00:00\",\"description\":\"CBD E-Liquid Critical mit 5\u202f% \u2013 bietet die gleichen Vorteile wie unsere Vapes, aber mit der M\u00f6glichkeit, deinen eigenen Vaporizer zu verwenden. Entdecke es jetzt!\",\"breadcrumb\":{\"@id\":\"https:\/\/thetreecbd.com\/de\/cbd\/e-liquid-critical#breadcrumb\"},\"inLanguage\":\"de\",\"potentialAction\":[{\"@type\":\"ReadAction\",\"target\":[\"https:\/\/thetreecbd.com\/de\/cbd\/e-liquid-critical\"]}]},{\"@type\":\"ImageObject\",\"inLanguage\":\"de\",\"@id\":\"https:\/\/thetreecbd.com\/de\/cbd\/e-liquid-critical#primaryimage\",\"url\":\"https:\/\/thetreecbd.com\/wp-content\/uploads\/2022\/04\/GLUE-CRITICAL-compressed-scaled.jpg\",\"contentUrl\":\"https:\/\/thetreecbd.com\/wp-content\/uploads\/2022\/04\/GLUE-CRITICAL-compressed-scaled.jpg\",\"width\":1440,\"height\":1920},{\"@type\":\"BreadcrumbList\",\"@id\":\"https:\/\/thetreecbd.com\/de\/cbd\/e-liquid-critical#breadcrumb\",\"itemListElement\":[{\"@type\":\"ListItem\",\"position\":1,\"name\":\"The Tree\",\"item\":\"https:\/\/thetreecbd.com\/de\"},{\"@type\":\"ListItem\",\"position\":2,\"name\":\"CBD\",\"item\":\"https:\/\/thetreecbd.com\/es\/cbd\"},{\"@type\":\"ListItem\",\"position\":3,\"name\":\"CBD-Angebote\",\"item\":\"https:\/\/thetreecbd.com\/de\/cbd-angebote\"},{\"@type\":\"ListItem\",\"position\":4,\"name\":\"E-liquid Critical\"}]},{\"@type\":\"WebSite\",\"@id\":\"https:\/\/thetreecbd.com\/de#website\",\"url\":\"https:\/\/thetreecbd.com\/de\",\"name\":\"The Tree CBD\",\"description\":\"Comprar CBD en Espa\u00f1a Online\",\"publisher\":{\"@id\":\"https:\/\/thetreecbd.com\/de#organization\"},\"potentialAction\":[{\"@type\":\"SearchAction\",\"target\":{\"@type\":\"EntryPoint\",\"urlTemplate\":\"https:\/\/thetreecbd.com\/de?s={search_term_string}\"},\"query-input\":{\"@type\":\"PropertyValueSpecification\",\"valueRequired\":true,\"valueName\":\"search_term_string\"}}],\"inLanguage\":\"de\"},{\"@type\":\"Organization\",\"@id\":\"https:\/\/thetreecbd.com\/de#organization\",\"name\":\"The Tree CBD\",\"url\":\"https:\/\/thetreecbd.com\/de\",\"logo\":{\"@type\":\"ImageObject\",\"inLanguage\":\"de\",\"@id\":\"https:\/\/thetreecbd.com\/de#\/schema\/logo\/image\/\",\"url\":\"https:\/\/thetreecbd.com\/wp-content\/uploads\/2022\/04\/logo-thetree.png\",\"contentUrl\":\"https:\/\/thetreecbd.com\/wp-content\/uploads\/2022\/04\/logo-thetree.png\",\"width\":172,\"height\":55,\"caption\":\"The Tree CBD\"},\"image\":{\"@id\":\"https:\/\/thetreecbd.com\/de#\/schema\/logo\/image\/\"},\"sameAs\":[\"https:\/\/www.facebook.com\/thetreeCBD\/\",\"https:\/\/x.com\/TheTreeCBD_EU\",\"https:\/\/www.instagram.com\/thetree.cbd\/\",\"https:\/\/es.trustpilot.com\/review\/thetreecbd.com\"]}]}<\/script>\n<!-- \/ Yoast SEO plugin. -->","yoast_head_json":{"title":"E-liquid Critical | The Tree CBD","description":"CBD E-Liquid Critical mit 5\u202f% \u2013 bietet die gleichen Vorteile wie unsere Vapes, aber mit der M\u00f6glichkeit, deinen eigenen Vaporizer zu verwenden. Entdecke es jetzt!","robots":{"index":"index","follow":"follow","max-snippet":"max-snippet:-1","max-image-preview":"max-image-preview:large","max-video-preview":"max-video-preview:-1"},"canonical":"https:\/\/thetreecbd.com\/de\/cbd\/e-liquid-critical","og_locale":"de_DE","og_type":"article","og_title":"E-liquid Critical | The Tree CBD","og_description":"CBD E-Liquid Critical mit 5\u202f% \u2013 bietet die gleichen Vorteile wie unsere Vapes, aber mit der M\u00f6glichkeit, deinen eigenen Vaporizer zu verwenden. Entdecke es jetzt!","og_url":"https:\/\/thetreecbd.com\/de\/cbd\/e-liquid-critical","og_site_name":"The Tree CBD","article_publisher":"https:\/\/www.facebook.com\/thetreeCBD\/","article_modified_time":"2025-07-28T11:10:57+00:00","og_image":[{"width":1440,"height":1920,"url":"https:\/\/thetreecbd.com\/wp-content\/uploads\/2022\/04\/GLUE-CRITICAL-compressed-scaled.jpg","type":"image\/jpeg"}],"twitter_card":"summary_large_image","twitter_site":"@TheTreeCBD_EU","twitter_misc":{"Gesch\u00e4tzte Lesezeit":"3\u00a0Minuten"},"schema":{"@context":"https:\/\/schema.org","@graph":[{"@type":["WebPage","ItemPage"],"@id":"https:\/\/thetreecbd.com\/de\/cbd\/e-liquid-critical","url":"https:\/\/thetreecbd.com\/de\/cbd\/e-liquid-critical","name":"E-liquid Critical | The Tree CBD","isPartOf":{"@id":"https:\/\/thetreecbd.com\/de#website"},"primaryImageOfPage":{"@id":"https:\/\/thetreecbd.com\/de\/cbd\/e-liquid-critical#primaryimage"},"image":{"@id":"https:\/\/thetreecbd.com\/de\/cbd\/e-liquid-critical#primaryimage"},"thumbnailUrl":"https:\/\/thetreecbd.com\/wp-content\/uploads\/2022\/04\/GLUE-CRITICAL-compressed-scaled.jpg","datePublished":"2022-04-22T16:25:43+00:00","dateModified":"2025-07-28T11:10:57+00:00","description":"CBD E-Liquid Critical mit 5\u202f% \u2013 bietet die gleichen Vorteile wie unsere Vapes, aber mit der M\u00f6glichkeit, deinen eigenen Vaporizer zu verwenden. Entdecke es jetzt!","breadcrumb":{"@id":"https:\/\/thetreecbd.com\/de\/cbd\/e-liquid-critical#breadcrumb"},"inLanguage":"de","potentialAction":[{"@type":"ReadAction","target":["https:\/\/thetreecbd.com\/de\/cbd\/e-liquid-critical"]}]},{"@type":"ImageObject","inLanguage":"de","@id":"https:\/\/thetreecbd.com\/de\/cbd\/e-liquid-critical#primaryimage","url":"https:\/\/thetreecbd.com\/wp-content\/uploads\/2022\/04\/GLUE-CRITICAL-compressed-scaled.jpg","contentUrl":"https:\/\/thetreecbd.com\/wp-content\/uploads\/2022\/04\/GLUE-CRITICAL-compressed-scaled.jpg","width":1440,"height":1920},{"@type":"BreadcrumbList","@id":"https:\/\/thetreecbd.com\/de\/cbd\/e-liquid-critical#breadcrumb","itemListElement":[{"@type":"ListItem","position":1,"name":"The Tree","item":"https:\/\/thetreecbd.com\/de"},{"@type":"ListItem","position":2,"name":"CBD","item":"https:\/\/thetreecbd.com\/es\/cbd"},{"@type":"ListItem","position":3,"name":"CBD-Angebote","item":"https:\/\/thetreecbd.com\/de\/cbd-angebote"},{"@type":"ListItem","position":4,"name":"E-liquid Critical"}]},{"@type":"WebSite","@id":"https:\/\/thetreecbd.com\/de#website","url":"https:\/\/thetreecbd.com\/de","name":"The Tree CBD","description":"Comprar CBD en Espa\u00f1a Online","publisher":{"@id":"https:\/\/thetreecbd.com\/de#organization"},"potentialAction":[{"@type":"SearchAction","target":{"@type":"EntryPoint","urlTemplate":"https:\/\/thetreecbd.com\/de?s={search_term_string}"},"query-input":{"@type":"PropertyValueSpecification","valueRequired":true,"valueName":"search_term_string"}}],"inLanguage":"de"},{"@type":"Organization","@id":"https:\/\/thetreecbd.com\/de#organization","name":"The Tree CBD","url":"https:\/\/thetreecbd.com\/de","logo":{"@type":"ImageObject","inLanguage":"de","@id":"https:\/\/thetreecbd.com\/de#\/schema\/logo\/image\/","url":"https:\/\/thetreecbd.com\/wp-content\/uploads\/2022\/04\/logo-thetree.png","contentUrl":"https:\/\/thetreecbd.com\/wp-content\/uploads\/2022\/04\/logo-thetree.png","width":172,"height":55,"caption":"The Tree CBD"},"image":{"@id":"https:\/\/thetreecbd.com\/de#\/schema\/logo\/image\/"},"sameAs":["https:\/\/www.facebook.com\/thetreeCBD\/","https:\/\/x.com\/TheTreeCBD_EU","https:\/\/www.instagram.com\/thetree.cbd\/","https:\/\/es.trustpilot.com\/review\/thetreecbd.com"]}]}},"_links":{"self":[{"href":"https:\/\/thetreecbd.com\/de\/wp-json\/wp\/v2\/product\/166316","targetHints":{"allow":["GET"]}}],"collection":[{"href":"https:\/\/thetreecbd.com\/de\/wp-json\/wp\/v2\/product"}],"about":[{"href":"https:\/\/thetreecbd.com\/de\/wp-json\/wp\/v2\/types\/product"}],"version-history":[{"count":0,"href":"https:\/\/thetreecbd.com\/de\/wp-json\/wp\/v2\/product\/166316\/revisions"}],"wp:featuredmedia":[{"embeddable":true,"href":"https:\/\/thetreecbd.com\/de\/wp-json\/wp\/v2\/media\/166317"}],"wp:attachment":[{"href":"https:\/\/thetreecbd.com\/de\/wp-json\/wp\/v2\/media?parent=166316"}],"wp:term":[{"taxonomy":"product_brand","embeddable":true,"href":"https:\/\/thetreecbd.com\/de\/wp-json\/wp\/v2\/product_brand?post=166316"}],"curies":[{"name":"wp","href":"https:\/\/api.w.org\/{rel}","templated":true}]}}