{"id":166342,"date":"2022-04-22T18:26:25","date_gmt":"2022-04-22T16:26:25","guid":{"rendered":"https:\/\/thetreecbd.com\/cbd\/e-liquid-northern-lights"},"modified":"2025-07-28T12:52:01","modified_gmt":"2025-07-28T10:52:01","slug":"e-liquid-northern-lights","status":"publish","type":"product","link":"https:\/\/thetreecbd.com\/de\/cbd\/e-liquid-northern-lights","title":{"rendered":"E-liquid Northern Lights"},"content":{"rendered":"<p data-start=\"98\" data-end=\"345\"><strong data-start=\"98\" data-end=\"345\">Bei The Tree verstehen wir dein Bed\u00fcrfnis, CBD zu verdampfen. Deshalb bieten wir dir dieses 5\u202f%ige CBD E-Liquid Northern Lights an, das die gleichen Vorteile wie unsere Vapes bietet \u2013 mit der M\u00f6glichkeit, deinen eigenen Vaporizer zu verwenden.<\/strong><\/p>\n<p data-start=\"347\" data-end=\"976\">Unsere CBD E-Liquids von The Tree enthalten ausschlie\u00dflich Wasser, Propylenglykol, pflanzliches Glycerin, Terpene und CBD-Extrakt, um dir den besten Geschmack und den reinsten Dampf bei vielseitiger Anwendung zu bieten. Pflanzliches Glycerin ist ein Alkohol und somit beim Inhalieren sicher. Es ist eine farblose, ungiftige und geruchslose Fl\u00fcssigkeit mit leicht s\u00fc\u00dflichem Geschmack. Auch Propylenglykol ist ein Alkohol, nahezu geruchlos und ebenfalls unbedenklich. Ein gro\u00dfer Vorteil des Dampfens ist die Vielfalt an Aromen \u2013 denn die Fl\u00fcssigkeiten selbst haben kaum Geschmack, weshalb ihnen Lebensmittelaromen zugesetzt werden.<\/p>\n<p data-start=\"978\" data-end=\"1187\">Bei The Tree wissen wir, dass jeder Mensch einen anderen Stoffwechsel hat und \u00fcber ein einzigartiges Endocannabinoid-System verf\u00fcgt. Daher reagiert jede Person unterschiedlich auf verschiedene CBD-Dosierungen.<\/p>\n<p data-start=\"1189\" data-end=\"1430\">Dieses CBD E-Liquid hat einen angenehmen, leichten und s\u00fc\u00dfen Geschmack mit einem dezenten erdigen Nachgeschmack. Jede Flasche The Tree CBD E-Liquid enth\u00e4lt 10\u202fml mit einer CBD-Konzentration von 5\u202f%. Insgesamt enth\u00e4lt jede Flasche 500\u202fmg CBD.<\/p>\n<p data-start=\"1432\" data-end=\"1756\">Wir haben das 5\u202f%ige CBD E-Liquid von The Tree speziell f\u00fcr die Verwendung mit allen E-Zigaretten entwickelt. Sein Hanfaroma ist zu 100\u202f% authentisch und unverf\u00e4lscht. Wie bei all unseren Produkten ist es unser Anspruch, dir nur die besten CBD-Produkte anzubieten \u2013 darunter dieses hervorragende E-Liquid mit 5\u202f% CBD-Gehalt.<\/p>\n<p data-start=\"1758\" data-end=\"2065\">Um die Qualit\u00e4t unseres Angebots sicherzustellen, lassen wir die CBD-Konzentration und die Zusammensetzung jeder Charge von unabh\u00e4ngigen Laboren zertifizieren. CBD ist eine Verbindung, die aus speziellen Hanfsorten gewonnen wird. Im Gegensatz zu THC hat es keine psychoaktiven oder halluzinogenen Wirkungen.<\/p>\n<p data-start=\"2067\" data-end=\"2173\">Dieses 5\u202f%ige CBD E-Liquid von The Tree enth\u00e4lt <strong data-start=\"2115\" data-end=\"2127\">kein THC<\/strong> und hat daher <strong data-start=\"2142\" data-end=\"2172\">keine psychoaktive Wirkung<\/strong>.<\/p>\n<h3 data-start=\"2180\" data-end=\"2232\">Eigenschaften des CBD E-Liquids 5\u202f% von The Tree<\/h3>\n<ul data-start=\"2233\" data-end=\"2477\">\n<li data-start=\"2233\" data-end=\"2265\">\n<p data-start=\"2235\" data-end=\"2265\">Aus biologischem Hanfextrakt<\/p>\n<\/li>\n<li data-start=\"2266\" data-end=\"2290\">\n<p data-start=\"2268\" data-end=\"2290\">CBD E-Liquid mit 5\u202f%<\/p>\n<\/li>\n<li data-start=\"2291\" data-end=\"2322\">\n<p data-start=\"2293\" data-end=\"2322\">1\u202f% Northern Lights Terpene<\/p>\n<\/li>\n<li data-start=\"2323\" data-end=\"2359\">\n<p data-start=\"2325\" data-end=\"2359\">Reines CBD-Isolat zum Verdampfen<\/p>\n<\/li>\n<li data-start=\"2360\" data-end=\"2381\">\n<p data-start=\"2362\" data-end=\"2381\">70\u202f% VG \/ 30\u202f% PG<\/p>\n<\/li>\n<li data-start=\"2382\" data-end=\"2419\">\n<p data-start=\"2384\" data-end=\"2419\">Garantiert THC-frei &amp; nikotinfrei<\/p>\n<\/li>\n<li data-start=\"2420\" data-end=\"2437\">\n<p data-start=\"2422\" data-end=\"2437\">10\u202fml Flasche<\/p>\n<\/li>\n<li data-start=\"2438\" data-end=\"2477\">\n<p data-start=\"2440\" data-end=\"2477\">F\u00fcr Vegetarier und Veganer geeignet<\/p>\n<\/li>\n<\/ul>\n<h3 data-start=\"2484\" data-end=\"2503\">Inhaltsstoffe<\/h3>\n<p data-start=\"2504\" data-end=\"2637\">Das 5\u202f%ige CBD E-Liquid von The Tree enth\u00e4lt: Wasser, Propylenglykol-Infusion, pflanzliches Glycerin und CBD aus <em data-start=\"2617\" data-end=\"2637\">Cannabis Sativa L.<\/em><\/p>\n<h3 data-start=\"2644\" data-end=\"2676\">Aroma: CBD Northern Lights<\/h3>\n<p data-start=\"2677\" data-end=\"2861\">Terpene sind die Hauptbestandteile \u00e4therischer \u00d6le vieler Pflanzen, Blumen und Fr\u00fcchte \u2013 sie verleihen ihnen ihren Duft und Geschmack. Auch Cannabis weist ein breites Terpenprofil auf.<\/p>\n<p data-start=\"2863\" data-end=\"3103\">Das Northern Lights E-Liquid besitzt ein w\u00fcrziges, kr\u00e4uteriges Afghani-Aroma mit harzigen und holzigen Noten. Dank der zugesetzten Northern Lights-Terpene (Northern Lights Aroma) entfaltet sich ein intensives Aroma von Kiefer, Moos und Gas.<\/p>\n<h3 data-start=\"3110\" data-end=\"3126\">Zielgruppe<\/h3>\n<p data-start=\"3127\" data-end=\"3282\">The Tree pr\u00e4sentiert sein neues CBD E-Liquid f\u00fcr alle Personen \u00fcber 18 Jahre. Sein einzigartiger Duft macht sogar Skeptiker neugierig auf die Welt des CBD.<\/p>\n<h3 data-start=\"3289\" data-end=\"3313\">Sicherheitshinweis<\/h3>\n<p data-start=\"3314\" data-end=\"3547\">Die Verwendung von CBD wird nicht f\u00fcr schwangere oder stillende Frauen empfohlen. Ebenso ist die Anwendung f\u00fcr Personen unter 18 Jahren nicht empfohlen \u2013 nicht, weil es gef\u00e4hrlich w\u00e4re, sondern weil es an ausreichenden Studien fehlt.<\/p>\n<p data-start=\"3549\" data-end=\"3796\">Die bereitgestellten Inhalte dienen ausschlie\u00dflich Informations- und Schulungszwecken und ersetzen keinesfalls den medizinischen Rat eines Arztes oder Apothekers. Unsere Texte sind nicht zur Selbstdiagnose oder Behandlung von Krankheiten bestimmt.<\/p>\n<p data-start=\"3798\" data-end=\"3843\">Z\u00f6gere nicht, uns bei Fragen zu kontaktieren.<\/p>\n<h3 data-start=\"3850\" data-end=\"3864\">Lagerung<\/h3>\n<p data-start=\"3865\" data-end=\"4106\">Idealerweise sollte das 5\u202f%ige CBD E-Liquid von The Tree an einem k\u00fchlen, trockenen Ort aufbewahrt werden \u2013 fern von Licht und starken Ger\u00fcchen, um jegliche Verunreinigung zu vermeiden. Direkte Sonneneinstrahlung und Hitze sind zu vermeiden.<\/p>\n<p data-start=\"4108\" data-end=\"4181\"><strong data-start=\"4108\" data-end=\"4120\">Hinweis:<\/strong> Die Haltbarkeit betr\u00e4gt drei Jahre bei sachgem\u00e4\u00dfer Lagerung.<\/p>\n<p data-start=\"4183\" data-end=\"4459\">Wir empfehlen, das E-Liquid von The Tree CBD an einem k\u00fchlen, trockenen Ort und vor direkter Sonneneinstrahlung gesch\u00fctzt aufzubewahren. Nicht im Auto (z.\u202fB. Handschuhfach) oder an anderen Orten mit starker Hitze lagern. Die ideale Lagertemperatur liegt zwischen 15 und 25\u202f\u00b0C.<\/p>\n<p data-start=\"4461\" data-end=\"4590\">Dank der kompakten Verpackung kannst du es problemlos mitnehmen \u2013 ob auf Reisen oder unterwegs \u2013 so hast du dein CBD immer dabei.<\/p>\n","protected":false},"excerpt":{"rendered":"<ul>\n<li>Aus biologischem Hanfextrakt<\/li>\n<li>CBD E-Liquid mit 5\u202f%<\/li>\n<li>1\u202f% Northern Lights Terpene<\/li>\n<li>Reines CBD-Isolat zum Verdampfen<\/li>\n<li>70\u202f% VG \/ 30\u202f% PG<\/li>\n<li>Garantiert THC-frei &amp; nikotinfrei<\/li>\n<li>10\u202fml Flasche<\/li>\n<li>F\u00fcr Vegetarier und Veganer geeignet<\/li>\n<\/ul>\n","protected":false},"featured_media":166343,"template":"","meta":{"_acf_changed":false},"product_brand":[],"class_list":{"0":"post-166342","1":"product","2":"type-product","3":"status-publish","4":"has-post-thumbnail","6":"product_cat-cbd-angebote","7":"product_cat-cbd-e-liquids","8":"product_cat-produkte-mit-5-cbd","10":"first","11":"instock","12":"sale","13":"taxable","14":"shipping-taxable","15":"purchasable","16":"product-type-simple"},"acf":[],"yoast_head":"<!-- This site is optimized with the Yoast SEO plugin v26.3 - https:\/\/yoast.com\/wordpress\/plugins\/seo\/ -->\n<title>E-liquid Northern Lights | The Tree CBD<\/title>\n<meta name=\"description\" content=\"CBD E-Liquid Northern Lights 5 % mit den gleichen Vorteilen wie unsere Vapes, aber mit der M\u00f6glichkeit, es mit deinem eigenen Verdampfer zu nutzen. Entdecke es jetzt!\" \/>\n<meta name=\"robots\" content=\"index, follow, max-snippet:-1, max-image-preview:large, max-video-preview:-1\" \/>\n<link rel=\"canonical\" href=\"https:\/\/thetreecbd.com\/de\/cbd\/e-liquid-northern-lights\" \/>\n<meta property=\"og:locale\" content=\"de_DE\" \/>\n<meta property=\"og:type\" content=\"article\" \/>\n<meta property=\"og:title\" content=\"E-liquid Northern Lights | The Tree CBD\" \/>\n<meta property=\"og:description\" content=\"CBD E-Liquid Northern Lights 5 % mit den gleichen Vorteilen wie unsere Vapes, aber mit der M\u00f6glichkeit, es mit deinem eigenen Verdampfer zu nutzen. Entdecke es jetzt!\" \/>\n<meta property=\"og:url\" content=\"https:\/\/thetreecbd.com\/de\/cbd\/e-liquid-northern-lights\" \/>\n<meta property=\"og:site_name\" content=\"The Tree CBD\" \/>\n<meta property=\"article:publisher\" content=\"https:\/\/www.facebook.com\/thetreeCBD\/\" \/>\n<meta property=\"article:modified_time\" content=\"2025-07-28T10:52:01+00:00\" \/>\n<meta property=\"og:image\" content=\"https:\/\/thetreecbd.com\/wp-content\/uploads\/2022\/04\/GLUE-NORTHEN-LIGHTS-compressed-scaled.jpg\" \/>\n\t<meta property=\"og:image:width\" content=\"1440\" \/>\n\t<meta property=\"og:image:height\" content=\"1920\" \/>\n\t<meta property=\"og:image:type\" content=\"image\/jpeg\" \/>\n<meta name=\"twitter:card\" content=\"summary_large_image\" \/>\n<meta name=\"twitter:site\" content=\"@TheTreeCBD_EU\" \/>\n<meta name=\"twitter:label1\" content=\"Gesch\u00e4tzte Lesezeit\" \/>\n\t<meta name=\"twitter:data1\" content=\"3\u00a0Minuten\" \/>\n<script type=\"application\/ld+json\" class=\"yoast-schema-graph\">{\"@context\":\"https:\/\/schema.org\",\"@graph\":[{\"@type\":[\"WebPage\",\"ItemPage\"],\"@id\":\"https:\/\/thetreecbd.com\/de\/cbd\/e-liquid-northern-lights\",\"url\":\"https:\/\/thetreecbd.com\/de\/cbd\/e-liquid-northern-lights\",\"name\":\"E-liquid Northern Lights | The Tree CBD\",\"isPartOf\":{\"@id\":\"https:\/\/thetreecbd.com\/de#website\"},\"primaryImageOfPage\":{\"@id\":\"https:\/\/thetreecbd.com\/de\/cbd\/e-liquid-northern-lights#primaryimage\"},\"image\":{\"@id\":\"https:\/\/thetreecbd.com\/de\/cbd\/e-liquid-northern-lights#primaryimage\"},\"thumbnailUrl\":\"https:\/\/thetreecbd.com\/wp-content\/uploads\/2022\/04\/GLUE-NORTHEN-LIGHTS-compressed-scaled.jpg\",\"datePublished\":\"2022-04-22T16:26:25+00:00\",\"dateModified\":\"2025-07-28T10:52:01+00:00\",\"description\":\"CBD E-Liquid Northern Lights 5 % mit den gleichen Vorteilen wie unsere Vapes, aber mit der M\u00f6glichkeit, es mit deinem eigenen Verdampfer zu nutzen. Entdecke es jetzt!\",\"breadcrumb\":{\"@id\":\"https:\/\/thetreecbd.com\/de\/cbd\/e-liquid-northern-lights#breadcrumb\"},\"inLanguage\":\"de\",\"potentialAction\":[{\"@type\":\"ReadAction\",\"target\":[\"https:\/\/thetreecbd.com\/de\/cbd\/e-liquid-northern-lights\"]}]},{\"@type\":\"ImageObject\",\"inLanguage\":\"de\",\"@id\":\"https:\/\/thetreecbd.com\/de\/cbd\/e-liquid-northern-lights#primaryimage\",\"url\":\"https:\/\/thetreecbd.com\/wp-content\/uploads\/2022\/04\/GLUE-NORTHEN-LIGHTS-compressed-scaled.jpg\",\"contentUrl\":\"https:\/\/thetreecbd.com\/wp-content\/uploads\/2022\/04\/GLUE-NORTHEN-LIGHTS-compressed-scaled.jpg\",\"width\":1440,\"height\":1920},{\"@type\":\"BreadcrumbList\",\"@id\":\"https:\/\/thetreecbd.com\/de\/cbd\/e-liquid-northern-lights#breadcrumb\",\"itemListElement\":[{\"@type\":\"ListItem\",\"position\":1,\"name\":\"The Tree\",\"item\":\"https:\/\/thetreecbd.com\/de\"},{\"@type\":\"ListItem\",\"position\":2,\"name\":\"CBD\",\"item\":\"https:\/\/thetreecbd.com\/es\/cbd\"},{\"@type\":\"ListItem\",\"position\":3,\"name\":\"CBD-Angebote\",\"item\":\"https:\/\/thetreecbd.com\/de\/cbd-angebote\"},{\"@type\":\"ListItem\",\"position\":4,\"name\":\"E-liquid Northern Lights\"}]},{\"@type\":\"WebSite\",\"@id\":\"https:\/\/thetreecbd.com\/de#website\",\"url\":\"https:\/\/thetreecbd.com\/de\",\"name\":\"The Tree CBD\",\"description\":\"Comprar CBD en Espa\u00f1a Online\",\"publisher\":{\"@id\":\"https:\/\/thetreecbd.com\/de#organization\"},\"potentialAction\":[{\"@type\":\"SearchAction\",\"target\":{\"@type\":\"EntryPoint\",\"urlTemplate\":\"https:\/\/thetreecbd.com\/de?s={search_term_string}\"},\"query-input\":{\"@type\":\"PropertyValueSpecification\",\"valueRequired\":true,\"valueName\":\"search_term_string\"}}],\"inLanguage\":\"de\"},{\"@type\":\"Organization\",\"@id\":\"https:\/\/thetreecbd.com\/de#organization\",\"name\":\"The Tree CBD\",\"url\":\"https:\/\/thetreecbd.com\/de\",\"logo\":{\"@type\":\"ImageObject\",\"inLanguage\":\"de\",\"@id\":\"https:\/\/thetreecbd.com\/de#\/schema\/logo\/image\/\",\"url\":\"https:\/\/thetreecbd.com\/wp-content\/uploads\/2022\/04\/logo-thetree.png\",\"contentUrl\":\"https:\/\/thetreecbd.com\/wp-content\/uploads\/2022\/04\/logo-thetree.png\",\"width\":172,\"height\":55,\"caption\":\"The Tree CBD\"},\"image\":{\"@id\":\"https:\/\/thetreecbd.com\/de#\/schema\/logo\/image\/\"},\"sameAs\":[\"https:\/\/www.facebook.com\/thetreeCBD\/\",\"https:\/\/x.com\/TheTreeCBD_EU\",\"https:\/\/www.instagram.com\/thetree.cbd\/\",\"https:\/\/es.trustpilot.com\/review\/thetreecbd.com\"]}]}<\/script>\n<!-- \/ Yoast SEO plugin. -->","yoast_head_json":{"title":"E-liquid Northern Lights | The Tree CBD","description":"CBD E-Liquid Northern Lights 5 % mit den gleichen Vorteilen wie unsere Vapes, aber mit der M\u00f6glichkeit, es mit deinem eigenen Verdampfer zu nutzen. Entdecke es jetzt!","robots":{"index":"index","follow":"follow","max-snippet":"max-snippet:-1","max-image-preview":"max-image-preview:large","max-video-preview":"max-video-preview:-1"},"canonical":"https:\/\/thetreecbd.com\/de\/cbd\/e-liquid-northern-lights","og_locale":"de_DE","og_type":"article","og_title":"E-liquid Northern Lights | The Tree CBD","og_description":"CBD E-Liquid Northern Lights 5 % mit den gleichen Vorteilen wie unsere Vapes, aber mit der M\u00f6glichkeit, es mit deinem eigenen Verdampfer zu nutzen. Entdecke es jetzt!","og_url":"https:\/\/thetreecbd.com\/de\/cbd\/e-liquid-northern-lights","og_site_name":"The Tree CBD","article_publisher":"https:\/\/www.facebook.com\/thetreeCBD\/","article_modified_time":"2025-07-28T10:52:01+00:00","og_image":[{"width":1440,"height":1920,"url":"https:\/\/thetreecbd.com\/wp-content\/uploads\/2022\/04\/GLUE-NORTHEN-LIGHTS-compressed-scaled.jpg","type":"image\/jpeg"}],"twitter_card":"summary_large_image","twitter_site":"@TheTreeCBD_EU","twitter_misc":{"Gesch\u00e4tzte Lesezeit":"3\u00a0Minuten"},"schema":{"@context":"https:\/\/schema.org","@graph":[{"@type":["WebPage","ItemPage"],"@id":"https:\/\/thetreecbd.com\/de\/cbd\/e-liquid-northern-lights","url":"https:\/\/thetreecbd.com\/de\/cbd\/e-liquid-northern-lights","name":"E-liquid Northern Lights | The Tree CBD","isPartOf":{"@id":"https:\/\/thetreecbd.com\/de#website"},"primaryImageOfPage":{"@id":"https:\/\/thetreecbd.com\/de\/cbd\/e-liquid-northern-lights#primaryimage"},"image":{"@id":"https:\/\/thetreecbd.com\/de\/cbd\/e-liquid-northern-lights#primaryimage"},"thumbnailUrl":"https:\/\/thetreecbd.com\/wp-content\/uploads\/2022\/04\/GLUE-NORTHEN-LIGHTS-compressed-scaled.jpg","datePublished":"2022-04-22T16:26:25+00:00","dateModified":"2025-07-28T10:52:01+00:00","description":"CBD E-Liquid Northern Lights 5 % mit den gleichen Vorteilen wie unsere Vapes, aber mit der M\u00f6glichkeit, es mit deinem eigenen Verdampfer zu nutzen. Entdecke es jetzt!","breadcrumb":{"@id":"https:\/\/thetreecbd.com\/de\/cbd\/e-liquid-northern-lights#breadcrumb"},"inLanguage":"de","potentialAction":[{"@type":"ReadAction","target":["https:\/\/thetreecbd.com\/de\/cbd\/e-liquid-northern-lights"]}]},{"@type":"ImageObject","inLanguage":"de","@id":"https:\/\/thetreecbd.com\/de\/cbd\/e-liquid-northern-lights#primaryimage","url":"https:\/\/thetreecbd.com\/wp-content\/uploads\/2022\/04\/GLUE-NORTHEN-LIGHTS-compressed-scaled.jpg","contentUrl":"https:\/\/thetreecbd.com\/wp-content\/uploads\/2022\/04\/GLUE-NORTHEN-LIGHTS-compressed-scaled.jpg","width":1440,"height":1920},{"@type":"BreadcrumbList","@id":"https:\/\/thetreecbd.com\/de\/cbd\/e-liquid-northern-lights#breadcrumb","itemListElement":[{"@type":"ListItem","position":1,"name":"The Tree","item":"https:\/\/thetreecbd.com\/de"},{"@type":"ListItem","position":2,"name":"CBD","item":"https:\/\/thetreecbd.com\/es\/cbd"},{"@type":"ListItem","position":3,"name":"CBD-Angebote","item":"https:\/\/thetreecbd.com\/de\/cbd-angebote"},{"@type":"ListItem","position":4,"name":"E-liquid Northern Lights"}]},{"@type":"WebSite","@id":"https:\/\/thetreecbd.com\/de#website","url":"https:\/\/thetreecbd.com\/de","name":"The Tree CBD","description":"Comprar CBD en Espa\u00f1a Online","publisher":{"@id":"https:\/\/thetreecbd.com\/de#organization"},"potentialAction":[{"@type":"SearchAction","target":{"@type":"EntryPoint","urlTemplate":"https:\/\/thetreecbd.com\/de?s={search_term_string}"},"query-input":{"@type":"PropertyValueSpecification","valueRequired":true,"valueName":"search_term_string"}}],"inLanguage":"de"},{"@type":"Organization","@id":"https:\/\/thetreecbd.com\/de#organization","name":"The Tree CBD","url":"https:\/\/thetreecbd.com\/de","logo":{"@type":"ImageObject","inLanguage":"de","@id":"https:\/\/thetreecbd.com\/de#\/schema\/logo\/image\/","url":"https:\/\/thetreecbd.com\/wp-content\/uploads\/2022\/04\/logo-thetree.png","contentUrl":"https:\/\/thetreecbd.com\/wp-content\/uploads\/2022\/04\/logo-thetree.png","width":172,"height":55,"caption":"The Tree CBD"},"image":{"@id":"https:\/\/thetreecbd.com\/de#\/schema\/logo\/image\/"},"sameAs":["https:\/\/www.facebook.com\/thetreeCBD\/","https:\/\/x.com\/TheTreeCBD_EU","https:\/\/www.instagram.com\/thetree.cbd\/","https:\/\/es.trustpilot.com\/review\/thetreecbd.com"]}]}},"_links":{"self":[{"href":"https:\/\/thetreecbd.com\/de\/wp-json\/wp\/v2\/product\/166342","targetHints":{"allow":["GET"]}}],"collection":[{"href":"https:\/\/thetreecbd.com\/de\/wp-json\/wp\/v2\/product"}],"about":[{"href":"https:\/\/thetreecbd.com\/de\/wp-json\/wp\/v2\/types\/product"}],"version-history":[{"count":0,"href":"https:\/\/thetreecbd.com\/de\/wp-json\/wp\/v2\/product\/166342\/revisions"}],"wp:featuredmedia":[{"embeddable":true,"href":"https:\/\/thetreecbd.com\/de\/wp-json\/wp\/v2\/media\/166343"}],"wp:attachment":[{"href":"https:\/\/thetreecbd.com\/de\/wp-json\/wp\/v2\/media?parent=166342"}],"wp:term":[{"taxonomy":"product_brand","embeddable":true,"href":"https:\/\/thetreecbd.com\/de\/wp-json\/wp\/v2\/product_brand?post=166342"}],"curies":[{"name":"wp","href":"https:\/\/api.w.org\/{rel}","templated":true}]}}