{"id":166344,"date":"2022-04-22T18:27:02","date_gmt":"2022-04-22T16:27:02","guid":{"rendered":"https:\/\/thetreecbd.com\/cbd\/e-liquid-kali-mist"},"modified":"2025-07-15T11:43:08","modified_gmt":"2025-07-15T09:43:08","slug":"e-liquid-kali-mist","status":"publish","type":"product","link":"https:\/\/thetreecbd.com\/de\/cbd\/e-liquid-kali-mist","title":{"rendered":"E-liquid Kali Mist"},"content":{"rendered":"<p>Bei The Tree verstehen wir Ihren Wunsch, CBD zu verdampfen, deshalb bieten wir Ihnen dieses 5%ige Kali Mist CBD E-Liquid an, das die gleichen Vorteile wie unsere Vapes bietet, aber mit der M\u00f6glichkeit, es mit Ihrem eigenen Verdampfer zu verwenden. Unsere The Tree CBD E-Liquids enthalten ausschlie\u00dflich Wasser, Propylenglykol, pflanzliches Glycerin, Terpene und CBD-Extrakt, um Ihnen den besten Geschmack und den reinsten Dampf zu bieten und dabei eine breite Palette von Anwendungen zu erm\u00f6glichen. <b>Pflanzliches Glycerin<\/b> ist ein Alkohol, wodurch es sicher zum Inhalieren ist. Pflanzliches Glycerin ist eine farblose, ungiftige und geruchlose Fl\u00fcssigkeit, jedoch mit einem leicht s\u00fc\u00dfen Geschmack. <b>Propylenglykol<\/b> ist ein Alkohol, genau wie pflanzliches Glycerin, und ist ebenfalls nahezu geruchlos. Einer der Vorteile des Vapens ist die Vielfalt der m\u00f6glichen Geschmacksrichtungen, die wir genie\u00dfen k\u00f6nnen, und das ist den <b>Aromen<\/b> zu verdanken. Die Fl\u00fcssigkeiten haben an sich praktisch keinen Geschmack, weshalb ihnen Lebensmittelaromen zugesetzt werden. Bei The Tree wissen wir, dass jeder Mensch einen anderen Stoffwechsel hat und wir alle ein einzigartiges Endocannabinoid-System besitzen, weshalb jeder Mensch unterschiedlich auf verschiedene CBD-Dosierungen reagiert. Das Kali Mist CBD E-Liquid hat einen angenehmen, leichten und s\u00fc\u00dfen Geschmack kombiniert mit einem milden erdigen Nachgeschmack. Jede Flasche The Tree CBD E-Liquid enth\u00e4lt 10 ml mit einer Konzentration von 5% CBD. Insgesamt enth\u00e4lt jede Flasche 500 mg CBD. The Tree CBD hat das Kali Mist 5% CBD E-Liquid f\u00fcr die Verwendung mit jeder elektronischen Zigarette entwickelt. Sein Hanfaroma ist 100% authentisch und originell. Wie bei unserem gesamten Produktsortiment bringt Ihnen unser Engagement, die besten CBD-Produkte zu entwickeln, dieses hervorragende E-Liquid mit einer CBD-Konzentration von 5%. Um die Qualit\u00e4t unseres Angebots zu gew\u00e4hrleisten, zertifizieren wir die CBD-Konzentration und die Zusammensetzung jeder Charge in unabh\u00e4ngigen Laboren. CBD ist eine Verbindung, die aus spezifischen Hanfsorten gefunden und extrahiert wird. Im Gegensatz zu THC hat es keine psychoaktiven oder halluzinogenen Wirkungen. Dieses 5%ige CBD E-Liquid von The Tree enth\u00e4lt kein THC und hat daher keine psychoaktiven Wirkungen.<\/p>\n<p>&nbsp;<\/p>\n<h3>Eigenschaften des 5%igen Kali Mist CBD E-Liquids von The Tree<\/h3>\n<p>&nbsp;<\/p>\n<ul>\n<li>Aus biologischem Hanf extrahiert<\/li>\n<li>E-Liquid CBD 5%<\/li>\n<li>Kali Mist Terpen 1%<\/li>\n<li>CBD-Isolat zum Vapen<\/li>\n<li>70VG \/ 30PG<\/li>\n<li>Garantiert THC-frei und Nikotinfrei<\/li>\n<li>10ml Flasche<\/li>\n<li>F\u00fcr Vegetarier und Veganer geeignet<\/li>\n<\/ul>\n<p>&nbsp;<\/p>\n<h3>Inhaltsstoffe<\/h3>\n<p>&nbsp;<\/p>\n<p>Das 5%ige CBD E-Liquid von The Tree enth\u00e4lt: Wasser, Propylenglykol-Infusion, pflanzliches Glycerin und CBD aus <i>Cannabis Sativa L<\/i>.<\/p>\n<p>&nbsp;<\/p>\n<h3>Kali Mist CBD Aroma<\/h3>\n<p>&nbsp;<\/p>\n<p>Terpene finden sich in den meisten \u00e4therischen \u00d6len vieler Pflanzen, Blumen und Fr\u00fcchte; sie sind f\u00fcr Geruch und Geschmack verantwortlich. In Cannabis finden wir ein breites Terpenprofil. Das Kali Mist E-Liquid hat einen stechenden und fruchtigen Geschmack mit erdigen und zitrusartigen Noten, dank der in seiner Formulierung enthaltenen <b>Kali Mist Terpene<\/b> (Kali Mist Aroma) werden wir leicht einen Geschmack wie Waldfr\u00fcchte oder Kr\u00e4utertee erkennen.<\/p>\n<p>&nbsp;<\/p>\n<h3>Zielgruppe<\/h3>\n<p>&nbsp;<\/p>\n<p>The Tree bietet sein neues CBD E-Liquid f\u00fcr jede Person \u00fcber 18 Jahren an. Sein einzigartiges Aroma weckt selbst bei den Skeptischsten den Wunsch, in diese neue Welt des CBD einzutauchen.<\/p>\n<p>&nbsp;<\/p>\n<h3>Sicherheitsinformationen<\/h3>\n<p>&nbsp;<\/p>\n<p>Die Verwendung von CBD wird stillenden oder schwangeren Frauen nicht empfohlen. Es wird auch Minderj\u00e4hrigen unter 18 Jahren nicht empfohlen. Nicht, weil es als gef\u00e4hrlich angesehen wird, sondern weil es an Studien zu diesem Thema mangelt. Der bereitgestellte Inhalt dient ausschlie\u00dflich Informations- und Schulungszwecken und ersetzt in keiner Weise die medizinische Beratung durch einen Arzt oder Apotheker. Unsere Texte sind nicht zur eigenst\u00e4ndigen Diagnose und Behandlung von Krankheiten bestimmt. Z\u00f6gern Sie nicht, uns bei weiteren Fragen zu kontaktieren.<\/p>\n<p>&nbsp;<\/p>\n<h3>Lagerung<\/h3>\n<p>&nbsp;<\/p>\n<p>Idealerweise sollte das 5%ige CBD E-Liquid von The Tree an einem k\u00fchlen, trockenen Ort, gesch\u00fctzt vor Licht und starken Ger\u00fcchen, gelagert werden, um jegliche Art von Kontamination zu vermeiden. Direkte Sonneneinstrahlung und Hitze vermeiden. <b>Achtung<\/b>: Die angegebene Haltbarkeit betr\u00e4gt bei korrekter Lagerung drei Jahre. Wir empfehlen Ihnen, das E-Liquid von The Tree CBD an einem k\u00fchlen und trockenen Ort aufzubewahren, der keiner direkten Lichteinstrahlung ausgesetzt ist, und es nicht an Orten wie dem Handschuhfach des Autos oder anderen Orten zu lassen, wo sich viel Hitze konzentriert. Halten Sie es immer zwischen 15 und 25 \u00b0C. Dank seiner kleinen Verpackung k\u00f6nnen Sie es auf Reisen oder bei einem Spaziergang mitnehmen, sodass Sie Ihr CBD niemals vermissen werden, egal wohin Sie gehen.<\/p>\n","protected":false},"excerpt":{"rendered":"<ul>\n<li>Aus biologischem Hanf gewonnen<\/li>\n<li>CBD E-Liquid 5 %<\/li>\n<li>Terpen Kali Mist 1 %<\/li>\n<li>CBD-Isolat zum Verdampfen<\/li>\n<li>70 VG \/ 30 PG<\/li>\n<li>Garantiert THC- und nikotinfrei<\/li>\n<li>10 ml Flasche<\/li>\n<li>Geeignet f\u00fcr Vegetarier und Veganer<\/li>\n<\/ul>\n","protected":false},"featured_media":166345,"template":"","meta":{"_acf_changed":false},"product_brand":[],"class_list":{"0":"post-166344","1":"product","2":"type-product","3":"status-publish","4":"has-post-thumbnail","6":"product_cat-cbd-angebote","7":"product_cat-cbd-e-liquids","8":"product_cat-produkte-mit-5-cbd","10":"first","11":"instock","12":"sale","13":"taxable","14":"shipping-taxable","15":"purchasable","16":"product-type-simple"},"acf":[],"yoast_head":"<!-- This site is optimized with the Yoast SEO plugin v26.3 - https:\/\/yoast.com\/wordpress\/plugins\/seo\/ -->\n<title>E-liquid Kali Mist | The Tree CBD<\/title>\n<meta name=\"description\" content=\"CBD E-Liquid Kali Mist 5% mit den gleichen Vorteilen wie unsere Vapes, aber mit der M\u00f6glichkeit, es mit deinem eigenen Verdampfer zu nutzen. Entdecke es jetzt!\" \/>\n<meta name=\"robots\" content=\"index, follow, max-snippet:-1, max-image-preview:large, max-video-preview:-1\" \/>\n<link rel=\"canonical\" href=\"https:\/\/thetreecbd.com\/de\/cbd\/e-liquid-kali-mist\" \/>\n<meta property=\"og:locale\" content=\"de_DE\" \/>\n<meta property=\"og:type\" content=\"article\" \/>\n<meta property=\"og:title\" content=\"E-liquid Kali Mist | The Tree CBD\" \/>\n<meta property=\"og:description\" content=\"CBD E-Liquid Kali Mist 5% mit den gleichen Vorteilen wie unsere Vapes, aber mit der M\u00f6glichkeit, es mit deinem eigenen Verdampfer zu nutzen. Entdecke es jetzt!\" \/>\n<meta property=\"og:url\" content=\"https:\/\/thetreecbd.com\/de\/cbd\/e-liquid-kali-mist\" \/>\n<meta property=\"og:site_name\" content=\"The Tree CBD\" \/>\n<meta property=\"article:publisher\" content=\"https:\/\/www.facebook.com\/thetreeCBD\/\" \/>\n<meta property=\"article:modified_time\" content=\"2025-07-15T09:43:08+00:00\" \/>\n<meta property=\"og:image\" content=\"https:\/\/thetreecbd.com\/wp-content\/uploads\/2022\/04\/GLUE-CALI-MIST-compressed-scaled.jpg\" \/>\n\t<meta property=\"og:image:width\" content=\"1440\" \/>\n\t<meta property=\"og:image:height\" content=\"1920\" \/>\n\t<meta property=\"og:image:type\" content=\"image\/jpeg\" \/>\n<meta name=\"twitter:card\" content=\"summary_large_image\" \/>\n<meta name=\"twitter:site\" content=\"@TheTreeCBD_EU\" \/>\n<meta name=\"twitter:label1\" content=\"Gesch\u00e4tzte Lesezeit\" \/>\n\t<meta name=\"twitter:data1\" content=\"4\u00a0Minuten\" \/>\n<script type=\"application\/ld+json\" class=\"yoast-schema-graph\">{\"@context\":\"https:\/\/schema.org\",\"@graph\":[{\"@type\":[\"WebPage\",\"ItemPage\"],\"@id\":\"https:\/\/thetreecbd.com\/de\/cbd\/e-liquid-kali-mist\",\"url\":\"https:\/\/thetreecbd.com\/de\/cbd\/e-liquid-kali-mist\",\"name\":\"E-liquid Kali Mist | The Tree CBD\",\"isPartOf\":{\"@id\":\"https:\/\/thetreecbd.com\/de#website\"},\"primaryImageOfPage\":{\"@id\":\"https:\/\/thetreecbd.com\/de\/cbd\/e-liquid-kali-mist#primaryimage\"},\"image\":{\"@id\":\"https:\/\/thetreecbd.com\/de\/cbd\/e-liquid-kali-mist#primaryimage\"},\"thumbnailUrl\":\"https:\/\/thetreecbd.com\/wp-content\/uploads\/2022\/04\/GLUE-CALI-MIST-compressed-scaled.jpg\",\"datePublished\":\"2022-04-22T16:27:02+00:00\",\"dateModified\":\"2025-07-15T09:43:08+00:00\",\"description\":\"CBD E-Liquid Kali Mist 5% mit den gleichen Vorteilen wie unsere Vapes, aber mit der M\u00f6glichkeit, es mit deinem eigenen Verdampfer zu nutzen. Entdecke es jetzt!\",\"breadcrumb\":{\"@id\":\"https:\/\/thetreecbd.com\/de\/cbd\/e-liquid-kali-mist#breadcrumb\"},\"inLanguage\":\"de\",\"potentialAction\":[{\"@type\":\"ReadAction\",\"target\":[\"https:\/\/thetreecbd.com\/de\/cbd\/e-liquid-kali-mist\"]}]},{\"@type\":\"ImageObject\",\"inLanguage\":\"de\",\"@id\":\"https:\/\/thetreecbd.com\/de\/cbd\/e-liquid-kali-mist#primaryimage\",\"url\":\"https:\/\/thetreecbd.com\/wp-content\/uploads\/2022\/04\/GLUE-CALI-MIST-compressed-scaled.jpg\",\"contentUrl\":\"https:\/\/thetreecbd.com\/wp-content\/uploads\/2022\/04\/GLUE-CALI-MIST-compressed-scaled.jpg\",\"width\":1440,\"height\":1920},{\"@type\":\"BreadcrumbList\",\"@id\":\"https:\/\/thetreecbd.com\/de\/cbd\/e-liquid-kali-mist#breadcrumb\",\"itemListElement\":[{\"@type\":\"ListItem\",\"position\":1,\"name\":\"The Tree\",\"item\":\"https:\/\/thetreecbd.com\/de\"},{\"@type\":\"ListItem\",\"position\":2,\"name\":\"CBD\",\"item\":\"https:\/\/thetreecbd.com\/es\/cbd\"},{\"@type\":\"ListItem\",\"position\":3,\"name\":\"CBD-Angebote\",\"item\":\"https:\/\/thetreecbd.com\/de\/cbd-angebote\"},{\"@type\":\"ListItem\",\"position\":4,\"name\":\"E-liquid Kali Mist\"}]},{\"@type\":\"WebSite\",\"@id\":\"https:\/\/thetreecbd.com\/de#website\",\"url\":\"https:\/\/thetreecbd.com\/de\",\"name\":\"The Tree CBD\",\"description\":\"Comprar CBD en Espa\u00f1a Online\",\"publisher\":{\"@id\":\"https:\/\/thetreecbd.com\/de#organization\"},\"potentialAction\":[{\"@type\":\"SearchAction\",\"target\":{\"@type\":\"EntryPoint\",\"urlTemplate\":\"https:\/\/thetreecbd.com\/de?s={search_term_string}\"},\"query-input\":{\"@type\":\"PropertyValueSpecification\",\"valueRequired\":true,\"valueName\":\"search_term_string\"}}],\"inLanguage\":\"de\"},{\"@type\":\"Organization\",\"@id\":\"https:\/\/thetreecbd.com\/de#organization\",\"name\":\"The Tree CBD\",\"url\":\"https:\/\/thetreecbd.com\/de\",\"logo\":{\"@type\":\"ImageObject\",\"inLanguage\":\"de\",\"@id\":\"https:\/\/thetreecbd.com\/de#\/schema\/logo\/image\/\",\"url\":\"https:\/\/thetreecbd.com\/wp-content\/uploads\/2022\/04\/logo-thetree.png\",\"contentUrl\":\"https:\/\/thetreecbd.com\/wp-content\/uploads\/2022\/04\/logo-thetree.png\",\"width\":172,\"height\":55,\"caption\":\"The Tree CBD\"},\"image\":{\"@id\":\"https:\/\/thetreecbd.com\/de#\/schema\/logo\/image\/\"},\"sameAs\":[\"https:\/\/www.facebook.com\/thetreeCBD\/\",\"https:\/\/x.com\/TheTreeCBD_EU\",\"https:\/\/www.instagram.com\/thetree.cbd\/\",\"https:\/\/es.trustpilot.com\/review\/thetreecbd.com\"]}]}<\/script>\n<!-- \/ Yoast SEO plugin. -->","yoast_head_json":{"title":"E-liquid Kali Mist | The Tree CBD","description":"CBD E-Liquid Kali Mist 5% mit den gleichen Vorteilen wie unsere Vapes, aber mit der M\u00f6glichkeit, es mit deinem eigenen Verdampfer zu nutzen. Entdecke es jetzt!","robots":{"index":"index","follow":"follow","max-snippet":"max-snippet:-1","max-image-preview":"max-image-preview:large","max-video-preview":"max-video-preview:-1"},"canonical":"https:\/\/thetreecbd.com\/de\/cbd\/e-liquid-kali-mist","og_locale":"de_DE","og_type":"article","og_title":"E-liquid Kali Mist | The Tree CBD","og_description":"CBD E-Liquid Kali Mist 5% mit den gleichen Vorteilen wie unsere Vapes, aber mit der M\u00f6glichkeit, es mit deinem eigenen Verdampfer zu nutzen. Entdecke es jetzt!","og_url":"https:\/\/thetreecbd.com\/de\/cbd\/e-liquid-kali-mist","og_site_name":"The Tree CBD","article_publisher":"https:\/\/www.facebook.com\/thetreeCBD\/","article_modified_time":"2025-07-15T09:43:08+00:00","og_image":[{"width":1440,"height":1920,"url":"https:\/\/thetreecbd.com\/wp-content\/uploads\/2022\/04\/GLUE-CALI-MIST-compressed-scaled.jpg","type":"image\/jpeg"}],"twitter_card":"summary_large_image","twitter_site":"@TheTreeCBD_EU","twitter_misc":{"Gesch\u00e4tzte Lesezeit":"4\u00a0Minuten"},"schema":{"@context":"https:\/\/schema.org","@graph":[{"@type":["WebPage","ItemPage"],"@id":"https:\/\/thetreecbd.com\/de\/cbd\/e-liquid-kali-mist","url":"https:\/\/thetreecbd.com\/de\/cbd\/e-liquid-kali-mist","name":"E-liquid Kali Mist | The Tree CBD","isPartOf":{"@id":"https:\/\/thetreecbd.com\/de#website"},"primaryImageOfPage":{"@id":"https:\/\/thetreecbd.com\/de\/cbd\/e-liquid-kali-mist#primaryimage"},"image":{"@id":"https:\/\/thetreecbd.com\/de\/cbd\/e-liquid-kali-mist#primaryimage"},"thumbnailUrl":"https:\/\/thetreecbd.com\/wp-content\/uploads\/2022\/04\/GLUE-CALI-MIST-compressed-scaled.jpg","datePublished":"2022-04-22T16:27:02+00:00","dateModified":"2025-07-15T09:43:08+00:00","description":"CBD E-Liquid Kali Mist 5% mit den gleichen Vorteilen wie unsere Vapes, aber mit der M\u00f6glichkeit, es mit deinem eigenen Verdampfer zu nutzen. Entdecke es jetzt!","breadcrumb":{"@id":"https:\/\/thetreecbd.com\/de\/cbd\/e-liquid-kali-mist#breadcrumb"},"inLanguage":"de","potentialAction":[{"@type":"ReadAction","target":["https:\/\/thetreecbd.com\/de\/cbd\/e-liquid-kali-mist"]}]},{"@type":"ImageObject","inLanguage":"de","@id":"https:\/\/thetreecbd.com\/de\/cbd\/e-liquid-kali-mist#primaryimage","url":"https:\/\/thetreecbd.com\/wp-content\/uploads\/2022\/04\/GLUE-CALI-MIST-compressed-scaled.jpg","contentUrl":"https:\/\/thetreecbd.com\/wp-content\/uploads\/2022\/04\/GLUE-CALI-MIST-compressed-scaled.jpg","width":1440,"height":1920},{"@type":"BreadcrumbList","@id":"https:\/\/thetreecbd.com\/de\/cbd\/e-liquid-kali-mist#breadcrumb","itemListElement":[{"@type":"ListItem","position":1,"name":"The Tree","item":"https:\/\/thetreecbd.com\/de"},{"@type":"ListItem","position":2,"name":"CBD","item":"https:\/\/thetreecbd.com\/es\/cbd"},{"@type":"ListItem","position":3,"name":"CBD-Angebote","item":"https:\/\/thetreecbd.com\/de\/cbd-angebote"},{"@type":"ListItem","position":4,"name":"E-liquid Kali Mist"}]},{"@type":"WebSite","@id":"https:\/\/thetreecbd.com\/de#website","url":"https:\/\/thetreecbd.com\/de","name":"The Tree CBD","description":"Comprar CBD en Espa\u00f1a Online","publisher":{"@id":"https:\/\/thetreecbd.com\/de#organization"},"potentialAction":[{"@type":"SearchAction","target":{"@type":"EntryPoint","urlTemplate":"https:\/\/thetreecbd.com\/de?s={search_term_string}"},"query-input":{"@type":"PropertyValueSpecification","valueRequired":true,"valueName":"search_term_string"}}],"inLanguage":"de"},{"@type":"Organization","@id":"https:\/\/thetreecbd.com\/de#organization","name":"The Tree CBD","url":"https:\/\/thetreecbd.com\/de","logo":{"@type":"ImageObject","inLanguage":"de","@id":"https:\/\/thetreecbd.com\/de#\/schema\/logo\/image\/","url":"https:\/\/thetreecbd.com\/wp-content\/uploads\/2022\/04\/logo-thetree.png","contentUrl":"https:\/\/thetreecbd.com\/wp-content\/uploads\/2022\/04\/logo-thetree.png","width":172,"height":55,"caption":"The Tree CBD"},"image":{"@id":"https:\/\/thetreecbd.com\/de#\/schema\/logo\/image\/"},"sameAs":["https:\/\/www.facebook.com\/thetreeCBD\/","https:\/\/x.com\/TheTreeCBD_EU","https:\/\/www.instagram.com\/thetree.cbd\/","https:\/\/es.trustpilot.com\/review\/thetreecbd.com"]}]}},"_links":{"self":[{"href":"https:\/\/thetreecbd.com\/de\/wp-json\/wp\/v2\/product\/166344","targetHints":{"allow":["GET"]}}],"collection":[{"href":"https:\/\/thetreecbd.com\/de\/wp-json\/wp\/v2\/product"}],"about":[{"href":"https:\/\/thetreecbd.com\/de\/wp-json\/wp\/v2\/types\/product"}],"version-history":[{"count":0,"href":"https:\/\/thetreecbd.com\/de\/wp-json\/wp\/v2\/product\/166344\/revisions"}],"wp:featuredmedia":[{"embeddable":true,"href":"https:\/\/thetreecbd.com\/de\/wp-json\/wp\/v2\/media\/166345"}],"wp:attachment":[{"href":"https:\/\/thetreecbd.com\/de\/wp-json\/wp\/v2\/media?parent=166344"}],"wp:term":[{"taxonomy":"product_brand","embeddable":true,"href":"https:\/\/thetreecbd.com\/de\/wp-json\/wp\/v2\/product_brand?post=166344"}],"curies":[{"name":"wp","href":"https:\/\/api.w.org\/{rel}","templated":true}]}}