{"id":166346,"date":"2022-04-22T18:27:51","date_gmt":"2022-04-22T16:27:51","guid":{"rendered":"https:\/\/thetreecbd.com\/cbd\/e-liquid-gorilla-glue"},"modified":"2025-07-14T18:06:02","modified_gmt":"2025-07-14T16:06:02","slug":"e-liquid-gorilla-glue","status":"publish","type":"product","link":"https:\/\/thetreecbd.com\/de\/cbd\/e-liquid-gorilla-glue","title":{"rendered":"E-liquid Gorilla Glue"},"content":{"rendered":"<p>Okay, here&#8217;s the text translated into German, keeping the original formatting.<\/p>\n<hr \/>\n<p>At The Tree verstehen wir Ihren Wunsch, CBD zu verdampfen. Deshalb bieten wir Ihnen dieses <b>Gorilla Glue CBD E-Liquid 5%<\/b> an, das die gleichen Vorteile wie unsere Vapes bietet, aber mit der M\u00f6glichkeit, es mit Ihrem eigenen Vaporizer zu verwenden.<\/p>\n<p>Unsere <b>The Tree CBD E-Liquids<\/b> enthalten ausschlie\u00dflich Wasser, Propylenglykol, pflanzliches Glycerin, Terpene und CBD-Extrakt, um Ihnen den besten Geschmack und den reinsten Dampf zu bieten und dabei ein breites Anwendungsspektrum zu gew\u00e4hrleisten. <b>Pflanzliches Glycerin<\/b> ist ein Alkohol, wodurch es beim Inhalieren sicher ist. Pflanzliches Glycerin ist eine farblose, ungiftige und geruchlose Fl\u00fcssigkeit mit einem leicht s\u00fc\u00dfen Geschmack. <b>Propylenglykol<\/b> ist wie pflanzliches Glycerin ein Alkohol und ebenfalls fast geruchlos. Einer der Vorteile des Dampfens ist die Vielfalt der m\u00f6glichen Geschmacksrichtungen, die wir genie\u00dfen k\u00f6nnen, und das ist den <b>Aromen<\/b> zu verdanken. Die Fl\u00fcssigkeiten haben an sich praktisch keinen Geschmack, weshalb ihnen Lebensmittelaromen zugesetzt werden.<\/p>\n<p>Bei The Tree wissen wir, dass jeder Mensch einen anderen Stoffwechsel hat und wir alle ein einzigartiges Endocannabinoid-System besitzen. Aus diesem Grund reagiert jede Person unterschiedlich auf die verschiedenen CBD-Dosierungen.<\/p>\n<p>Das <b>Gorilla Glue CBD E-Liquid<\/b> hat einen angenehmen, leichten und s\u00fc\u00dfen Geschmack, kombiniert mit einem sanften, erdigen Nachgeschmack. Jede Flasche The Tree CBD E-Liquid enth\u00e4lt <b>10 ml mit einer Konzentration von 5% CBD<\/b>. Insgesamt enth\u00e4lt jede Flasche <b>500 mg CBD<\/b>.<\/p>\n<p>The Tree CBD hat das <b>CBD E-Liquid 5% f\u00fcr die Verwendung mit jeder elektronischen Zigarette<\/b> entwickelt. Sein Hanfaroma ist 100% authentisch und originell. Wie bei unserer gesamten Produktpalette spiegelt unser Engagement, die besten CBD-Produkte herzustellen, sich in diesem hervorragenden E-Liquid mit 5% CBD-Konzentration wider.<\/p>\n<p>Um die Qualit\u00e4t unseres Angebots zu gew\u00e4hrleisten, zertifizieren wir die CBD-Konzentration und die Zusammensetzung jeder Charge in <b>unabh\u00e4ngigen Laboren<\/b>. CBD ist eine Verbindung, die in spezifischen Hanfsorten gefunden und daraus extrahiert wird. Im Gegensatz zu THC hat es <b>keine psychoaktiven oder halluzinogenen Wirkungen<\/b>.<\/p>\n<p>Dieses <b>The Tree 5% CBD E-Liquid enth\u00e4lt kein THC<\/b> und hat daher keine psychoaktiven Wirkungen.<\/p>\n<p>&nbsp;<\/p>\n<h3>Eigenschaften von The Tree 5% CBD E-Liquid<\/h3>\n<p>&nbsp;<\/p>\n<ul>\n<li>Extrahiert aus <b>biologischem Hanf<\/b>.<\/li>\n<li><b>CBD E-Liquid 5%<\/b>.<\/li>\n<li>Terpen K\u00e4se 1%.<\/li>\n<li><b>CBD-Isolat<\/b> zum Verdampfen.<\/li>\n<li><b>70VG \/ 30PG<\/b>.<\/li>\n<li>Garantiert <b>THC-frei und Nikotinfrei<\/b>.<\/li>\n<li><b>10ml Flasche<\/b>.<\/li>\n<li><b>Geeignet f\u00fcr Vegetarier und Veganer<\/b>.<\/li>\n<\/ul>\n<p>&nbsp;<\/p>\n<h3>Inhaltsstoffe<\/h3>\n<p>&nbsp;<\/p>\n<p>Das The Tree 5% CBD E-Liquid enth\u00e4lt: Wasser, Propylenglykol-Infusion, pflanzliches Glycerin und CBD aus <i>Cannabis sativa L<\/i>.<\/p>\n<p>&nbsp;<\/p>\n<h3>CBD-Aroma<\/h3>\n<p>&nbsp;<\/p>\n<p>Terpene finden sich in den meisten \u00e4therischen \u00d6len vieler Pflanzen, Bl\u00fcten und Fr\u00fcchte; sie sind f\u00fcr Geruch und Geschmack verantwortlich. Im Cannabis finden wir ein breites Terpenprofil. Mit dem <b>Gorilla Glue E-Liquid<\/b> k\u00f6nnen Sie einen <b>erdigen und tiefen Geschmack mit einem klaren, nat\u00fcrlich stechenden Hinweis<\/b> genie\u00dfen, der an Kiefer erinnern k\u00f6nnte.<\/p>\n<p>&nbsp;<\/p>\n<h3>Zielgruppe<\/h3>\n<p>&nbsp;<\/p>\n<p>The Tree bietet sein neues CBD E-Liquid f\u00fcr Personen \u00fcber 18 Jahren an. Sein einzigartiges Aroma l\u00e4sst selbst die Skeptischsten in diese neue Welt des CBD eintauchen.<\/p>\n<p>&nbsp;<\/p>\n<h3>Sicherheitsinformationen<\/h3>\n<p>&nbsp;<\/p>\n<p>Bitte beachten Sie, dass das The Tree 5% CBD E-Liquid ein topisches Produkt ist. Es <b>sollte w\u00e4hrend der Schwangerschaft oder Stillzeit nicht verwendet werden<\/b>. Au\u00dferhalb der Reichweite von Kindern aufbewahren. Das \u00d6l kann eine gewisse Menge THC enthalten. Dies liegt selbstverst\u00e4ndlich <b>unter dem EU-Grenzwert von 0,2% THC<\/b>. Die bereitgestellten Inhalte dienen ausschlie\u00dflich Informations- und Schulungszwecken und ersetzen in keiner Weise die medizinische Beratung durch einen Arzt oder Apotheker. Unsere Texte sind <b>nicht zur eigenst\u00e4ndigen Diagnose und Behandlung von Krankheiten<\/b> bestimmt. Z\u00f6gern Sie nicht, uns bei weiteren Fragen zu kontaktieren.<\/p>\n<p>&nbsp;<\/p>\n<h3>Lagerung<\/h3>\n<p>&nbsp;<\/p>\n<p>Idealerweise sollte das The Tree 5% CBD E-Liquid an einem <b>k\u00fchlen und trockenen Ort<\/b> gelagert werden, gesch\u00fctzt vor Licht und starken Ger\u00fcchen, um jegliche Verunreinigung zu vermeiden. Direkte Sonneneinstrahlung und Hitze vermeiden. <b>Achtung<\/b>: Die angegebene Haltbarkeit betr\u00e4gt bei korrekter Lagerung drei Jahre. Wir empfehlen, das E-Liquid von The Tree CBD an einem k\u00fchlen und trockenen Ort aufzubewahren, der keiner direkten Lichteinwirkung ausgesetzt ist, und es nicht an Orten wie dem Handschuhfach des Autos oder anderen Orten, an denen sich viel W\u00e4rme konzentriert, zu lagern. Es sollte immer zwischen <b>15 und 25\u00baC<\/b> aufbewahrt werden. Dank seiner kleinen Verpackung k\u00f6nnen Sie es auf Reisen oder bei Spazierg\u00e4ngen mitnehmen, sodass Ihnen Ihr CBD nie ausgeht, wohin Sie auch gehen.<\/p>\n","protected":false},"excerpt":{"rendered":"<ul>\n<li>Aus biologischem Hanf gewonnen<\/li>\n<li>CBD E-Liquid 5 %<\/li>\n<li>Terpen Cheese 1 %<\/li>\n<li>CBD-Isolat zum Verdampfen<\/li>\n<li>70 VG \/ 30 PG<\/li>\n<li>Garantiert THC- und nikotinfrei<\/li>\n<li>10 ml Flasche<\/li>\n<li>F\u00fcr Vegetarier und Veganer geeignet<\/li>\n<\/ul>\n","protected":false},"featured_media":166347,"template":"","meta":{"_acf_changed":false},"product_brand":[],"class_list":{"0":"post-166346","1":"product","2":"type-product","3":"status-publish","4":"has-post-thumbnail","6":"product_cat-cbd-angebote","7":"product_cat-cbd-e-liquids","8":"product_cat-produkte-mit-5-cbd","10":"first","11":"instock","12":"sale","13":"taxable","14":"shipping-taxable","15":"purchasable","16":"product-type-simple"},"acf":[],"yoast_head":"<!-- This site is optimized with the Yoast SEO plugin v26.3 - https:\/\/yoast.com\/wordpress\/plugins\/seo\/ -->\n<title>E-liquid Gorilla Glue | The Tree CBD<\/title>\n<meta name=\"description\" content=\"CBD E-Liquid Gorilla Glue 5 % mit denselben Vorteilen wie unsere Vapes, aber mit der M\u00f6glichkeit, es mit deinem eigenen Vaporizer zu genie\u00dfen. Entdecke es jetzt!\" \/>\n<meta name=\"robots\" content=\"index, follow, max-snippet:-1, max-image-preview:large, max-video-preview:-1\" \/>\n<link rel=\"canonical\" href=\"https:\/\/thetreecbd.com\/de\/cbd\/e-liquid-gorilla-glue\" \/>\n<meta property=\"og:locale\" content=\"de_DE\" \/>\n<meta property=\"og:type\" content=\"article\" \/>\n<meta property=\"og:title\" content=\"E-liquid Gorilla Glue | The Tree CBD\" \/>\n<meta property=\"og:description\" content=\"CBD E-Liquid Gorilla Glue 5 % mit denselben Vorteilen wie unsere Vapes, aber mit der M\u00f6glichkeit, es mit deinem eigenen Vaporizer zu genie\u00dfen. Entdecke es jetzt!\" \/>\n<meta property=\"og:url\" content=\"https:\/\/thetreecbd.com\/de\/cbd\/e-liquid-gorilla-glue\" \/>\n<meta property=\"og:site_name\" content=\"The Tree CBD\" \/>\n<meta property=\"article:publisher\" content=\"https:\/\/www.facebook.com\/thetreeCBD\/\" \/>\n<meta property=\"article:modified_time\" content=\"2025-07-14T16:06:02+00:00\" \/>\n<meta property=\"og:image\" content=\"https:\/\/thetreecbd.com\/wp-content\/uploads\/2022\/04\/GLUE-GORILLA-compressed-scaled.jpg\" \/>\n\t<meta property=\"og:image:width\" content=\"1440\" \/>\n\t<meta property=\"og:image:height\" content=\"1920\" \/>\n\t<meta property=\"og:image:type\" content=\"image\/jpeg\" \/>\n<meta name=\"twitter:card\" content=\"summary_large_image\" \/>\n<meta name=\"twitter:site\" content=\"@TheTreeCBD_EU\" \/>\n<meta name=\"twitter:label1\" content=\"Gesch\u00e4tzte Lesezeit\" \/>\n\t<meta name=\"twitter:data1\" content=\"4\u00a0Minuten\" \/>\n<script type=\"application\/ld+json\" class=\"yoast-schema-graph\">{\"@context\":\"https:\/\/schema.org\",\"@graph\":[{\"@type\":[\"WebPage\",\"ItemPage\"],\"@id\":\"https:\/\/thetreecbd.com\/de\/cbd\/e-liquid-gorilla-glue\",\"url\":\"https:\/\/thetreecbd.com\/de\/cbd\/e-liquid-gorilla-glue\",\"name\":\"E-liquid Gorilla Glue | The Tree CBD\",\"isPartOf\":{\"@id\":\"https:\/\/thetreecbd.com\/de#website\"},\"primaryImageOfPage\":{\"@id\":\"https:\/\/thetreecbd.com\/de\/cbd\/e-liquid-gorilla-glue#primaryimage\"},\"image\":{\"@id\":\"https:\/\/thetreecbd.com\/de\/cbd\/e-liquid-gorilla-glue#primaryimage\"},\"thumbnailUrl\":\"https:\/\/thetreecbd.com\/wp-content\/uploads\/2022\/04\/GLUE-GORILLA-compressed-scaled.jpg\",\"datePublished\":\"2022-04-22T16:27:51+00:00\",\"dateModified\":\"2025-07-14T16:06:02+00:00\",\"description\":\"CBD E-Liquid Gorilla Glue 5 % mit denselben Vorteilen wie unsere Vapes, aber mit der M\u00f6glichkeit, es mit deinem eigenen Vaporizer zu genie\u00dfen. Entdecke es jetzt!\",\"breadcrumb\":{\"@id\":\"https:\/\/thetreecbd.com\/de\/cbd\/e-liquid-gorilla-glue#breadcrumb\"},\"inLanguage\":\"de\",\"potentialAction\":[{\"@type\":\"ReadAction\",\"target\":[\"https:\/\/thetreecbd.com\/de\/cbd\/e-liquid-gorilla-glue\"]}]},{\"@type\":\"ImageObject\",\"inLanguage\":\"de\",\"@id\":\"https:\/\/thetreecbd.com\/de\/cbd\/e-liquid-gorilla-glue#primaryimage\",\"url\":\"https:\/\/thetreecbd.com\/wp-content\/uploads\/2022\/04\/GLUE-GORILLA-compressed-scaled.jpg\",\"contentUrl\":\"https:\/\/thetreecbd.com\/wp-content\/uploads\/2022\/04\/GLUE-GORILLA-compressed-scaled.jpg\",\"width\":1440,\"height\":1920},{\"@type\":\"BreadcrumbList\",\"@id\":\"https:\/\/thetreecbd.com\/de\/cbd\/e-liquid-gorilla-glue#breadcrumb\",\"itemListElement\":[{\"@type\":\"ListItem\",\"position\":1,\"name\":\"The Tree\",\"item\":\"https:\/\/thetreecbd.com\/de\"},{\"@type\":\"ListItem\",\"position\":2,\"name\":\"CBD\",\"item\":\"https:\/\/thetreecbd.com\/es\/cbd\"},{\"@type\":\"ListItem\",\"position\":3,\"name\":\"CBD-Angebote\",\"item\":\"https:\/\/thetreecbd.com\/de\/cbd-angebote\"},{\"@type\":\"ListItem\",\"position\":4,\"name\":\"E-liquid Gorilla Glue\"}]},{\"@type\":\"WebSite\",\"@id\":\"https:\/\/thetreecbd.com\/de#website\",\"url\":\"https:\/\/thetreecbd.com\/de\",\"name\":\"The Tree CBD\",\"description\":\"Comprar CBD en Espa\u00f1a Online\",\"publisher\":{\"@id\":\"https:\/\/thetreecbd.com\/de#organization\"},\"potentialAction\":[{\"@type\":\"SearchAction\",\"target\":{\"@type\":\"EntryPoint\",\"urlTemplate\":\"https:\/\/thetreecbd.com\/de?s={search_term_string}\"},\"query-input\":{\"@type\":\"PropertyValueSpecification\",\"valueRequired\":true,\"valueName\":\"search_term_string\"}}],\"inLanguage\":\"de\"},{\"@type\":\"Organization\",\"@id\":\"https:\/\/thetreecbd.com\/de#organization\",\"name\":\"The Tree CBD\",\"url\":\"https:\/\/thetreecbd.com\/de\",\"logo\":{\"@type\":\"ImageObject\",\"inLanguage\":\"de\",\"@id\":\"https:\/\/thetreecbd.com\/de#\/schema\/logo\/image\/\",\"url\":\"https:\/\/thetreecbd.com\/wp-content\/uploads\/2022\/04\/logo-thetree.png\",\"contentUrl\":\"https:\/\/thetreecbd.com\/wp-content\/uploads\/2022\/04\/logo-thetree.png\",\"width\":172,\"height\":55,\"caption\":\"The Tree CBD\"},\"image\":{\"@id\":\"https:\/\/thetreecbd.com\/de#\/schema\/logo\/image\/\"},\"sameAs\":[\"https:\/\/www.facebook.com\/thetreeCBD\/\",\"https:\/\/x.com\/TheTreeCBD_EU\",\"https:\/\/www.instagram.com\/thetree.cbd\/\",\"https:\/\/es.trustpilot.com\/review\/thetreecbd.com\"]}]}<\/script>\n<!-- \/ Yoast SEO plugin. -->","yoast_head_json":{"title":"E-liquid Gorilla Glue | The Tree CBD","description":"CBD E-Liquid Gorilla Glue 5 % mit denselben Vorteilen wie unsere Vapes, aber mit der M\u00f6glichkeit, es mit deinem eigenen Vaporizer zu genie\u00dfen. Entdecke es jetzt!","robots":{"index":"index","follow":"follow","max-snippet":"max-snippet:-1","max-image-preview":"max-image-preview:large","max-video-preview":"max-video-preview:-1"},"canonical":"https:\/\/thetreecbd.com\/de\/cbd\/e-liquid-gorilla-glue","og_locale":"de_DE","og_type":"article","og_title":"E-liquid Gorilla Glue | The Tree CBD","og_description":"CBD E-Liquid Gorilla Glue 5 % mit denselben Vorteilen wie unsere Vapes, aber mit der M\u00f6glichkeit, es mit deinem eigenen Vaporizer zu genie\u00dfen. Entdecke es jetzt!","og_url":"https:\/\/thetreecbd.com\/de\/cbd\/e-liquid-gorilla-glue","og_site_name":"The Tree CBD","article_publisher":"https:\/\/www.facebook.com\/thetreeCBD\/","article_modified_time":"2025-07-14T16:06:02+00:00","og_image":[{"width":1440,"height":1920,"url":"https:\/\/thetreecbd.com\/wp-content\/uploads\/2022\/04\/GLUE-GORILLA-compressed-scaled.jpg","type":"image\/jpeg"}],"twitter_card":"summary_large_image","twitter_site":"@TheTreeCBD_EU","twitter_misc":{"Gesch\u00e4tzte Lesezeit":"4\u00a0Minuten"},"schema":{"@context":"https:\/\/schema.org","@graph":[{"@type":["WebPage","ItemPage"],"@id":"https:\/\/thetreecbd.com\/de\/cbd\/e-liquid-gorilla-glue","url":"https:\/\/thetreecbd.com\/de\/cbd\/e-liquid-gorilla-glue","name":"E-liquid Gorilla Glue | The Tree CBD","isPartOf":{"@id":"https:\/\/thetreecbd.com\/de#website"},"primaryImageOfPage":{"@id":"https:\/\/thetreecbd.com\/de\/cbd\/e-liquid-gorilla-glue#primaryimage"},"image":{"@id":"https:\/\/thetreecbd.com\/de\/cbd\/e-liquid-gorilla-glue#primaryimage"},"thumbnailUrl":"https:\/\/thetreecbd.com\/wp-content\/uploads\/2022\/04\/GLUE-GORILLA-compressed-scaled.jpg","datePublished":"2022-04-22T16:27:51+00:00","dateModified":"2025-07-14T16:06:02+00:00","description":"CBD E-Liquid Gorilla Glue 5 % mit denselben Vorteilen wie unsere Vapes, aber mit der M\u00f6glichkeit, es mit deinem eigenen Vaporizer zu genie\u00dfen. Entdecke es jetzt!","breadcrumb":{"@id":"https:\/\/thetreecbd.com\/de\/cbd\/e-liquid-gorilla-glue#breadcrumb"},"inLanguage":"de","potentialAction":[{"@type":"ReadAction","target":["https:\/\/thetreecbd.com\/de\/cbd\/e-liquid-gorilla-glue"]}]},{"@type":"ImageObject","inLanguage":"de","@id":"https:\/\/thetreecbd.com\/de\/cbd\/e-liquid-gorilla-glue#primaryimage","url":"https:\/\/thetreecbd.com\/wp-content\/uploads\/2022\/04\/GLUE-GORILLA-compressed-scaled.jpg","contentUrl":"https:\/\/thetreecbd.com\/wp-content\/uploads\/2022\/04\/GLUE-GORILLA-compressed-scaled.jpg","width":1440,"height":1920},{"@type":"BreadcrumbList","@id":"https:\/\/thetreecbd.com\/de\/cbd\/e-liquid-gorilla-glue#breadcrumb","itemListElement":[{"@type":"ListItem","position":1,"name":"The Tree","item":"https:\/\/thetreecbd.com\/de"},{"@type":"ListItem","position":2,"name":"CBD","item":"https:\/\/thetreecbd.com\/es\/cbd"},{"@type":"ListItem","position":3,"name":"CBD-Angebote","item":"https:\/\/thetreecbd.com\/de\/cbd-angebote"},{"@type":"ListItem","position":4,"name":"E-liquid Gorilla Glue"}]},{"@type":"WebSite","@id":"https:\/\/thetreecbd.com\/de#website","url":"https:\/\/thetreecbd.com\/de","name":"The Tree CBD","description":"Comprar CBD en Espa\u00f1a Online","publisher":{"@id":"https:\/\/thetreecbd.com\/de#organization"},"potentialAction":[{"@type":"SearchAction","target":{"@type":"EntryPoint","urlTemplate":"https:\/\/thetreecbd.com\/de?s={search_term_string}"},"query-input":{"@type":"PropertyValueSpecification","valueRequired":true,"valueName":"search_term_string"}}],"inLanguage":"de"},{"@type":"Organization","@id":"https:\/\/thetreecbd.com\/de#organization","name":"The Tree CBD","url":"https:\/\/thetreecbd.com\/de","logo":{"@type":"ImageObject","inLanguage":"de","@id":"https:\/\/thetreecbd.com\/de#\/schema\/logo\/image\/","url":"https:\/\/thetreecbd.com\/wp-content\/uploads\/2022\/04\/logo-thetree.png","contentUrl":"https:\/\/thetreecbd.com\/wp-content\/uploads\/2022\/04\/logo-thetree.png","width":172,"height":55,"caption":"The Tree CBD"},"image":{"@id":"https:\/\/thetreecbd.com\/de#\/schema\/logo\/image\/"},"sameAs":["https:\/\/www.facebook.com\/thetreeCBD\/","https:\/\/x.com\/TheTreeCBD_EU","https:\/\/www.instagram.com\/thetree.cbd\/","https:\/\/es.trustpilot.com\/review\/thetreecbd.com"]}]}},"_links":{"self":[{"href":"https:\/\/thetreecbd.com\/de\/wp-json\/wp\/v2\/product\/166346","targetHints":{"allow":["GET"]}}],"collection":[{"href":"https:\/\/thetreecbd.com\/de\/wp-json\/wp\/v2\/product"}],"about":[{"href":"https:\/\/thetreecbd.com\/de\/wp-json\/wp\/v2\/types\/product"}],"version-history":[{"count":0,"href":"https:\/\/thetreecbd.com\/de\/wp-json\/wp\/v2\/product\/166346\/revisions"}],"wp:featuredmedia":[{"embeddable":true,"href":"https:\/\/thetreecbd.com\/de\/wp-json\/wp\/v2\/media\/166347"}],"wp:attachment":[{"href":"https:\/\/thetreecbd.com\/de\/wp-json\/wp\/v2\/media?parent=166346"}],"wp:term":[{"taxonomy":"product_brand","embeddable":true,"href":"https:\/\/thetreecbd.com\/de\/wp-json\/wp\/v2\/product_brand?post=166346"}],"curies":[{"name":"wp","href":"https:\/\/api.w.org\/{rel}","templated":true}]}}