{"id":166349,"date":"2022-04-22T18:24:24","date_gmt":"2022-04-22T16:24:24","guid":{"rendered":"https:\/\/thetreecbd.com\/cbd\/e-liquid-cheese"},"modified":"2022-04-22T18:24:24","modified_gmt":"2022-04-22T16:24:24","slug":"e-liquid-cheese","status":"publish","type":"product","link":"https:\/\/thetreecbd.com\/de\/cbd\/e-liquid-cheese","title":{"rendered":"E-liquid Cheese"},"content":{"rendered":"<p data-start=\"126\" data-end=\"371\">Bei The Tree verstehen wir deinen Wunsch, CBD zu dampfen. Deshalb bieten wir dir dieses 5 % Cheese CBD E-Liquid an, das die gleichen Vorteile wie unsere Vapes enth\u00e4lt, jedoch mit der M\u00f6glichkeit, es mit deinem eigenen Vaporizer zu verwenden.<\/p>\n<p data-start=\"373\" data-end=\"1061\">Unsere CBD-E-Liquids von The Tree bestehen ausschlie\u00dflich aus Wasser, Propylenglykol, pflanzlichem Glycerin, Terpenen und CBD-Extrakt, um den besten Geschmack und den reinsten Dampf bei vielseitiger Anwendung zu gew\u00e4hrleisten. Pflanzliches Glycerin ist ein Alkohol, was es sicher macht, es zu inhalieren. Es ist eine farblose, ungiftige und geruchsneutrale Fl\u00fcssigkeit mit einem leicht s\u00fc\u00dfen Geschmack. Propylenglykol ist ebenfalls ein Alkohol und nahezu geruchlos. Einer der Vorteile des Dampfens ist die gro\u00dfe Vielfalt an m\u00f6glichen Geschmacksrichtungen, was den Aromen zu verdanken ist. Die Fl\u00fcssigkeiten haben von sich aus kaum Geschmack, weshalb Lebensmittelaromen hinzugef\u00fcgt werden.<\/p>\n<p data-start=\"1063\" data-end=\"1279\">Bei The Tree wissen wir, dass jeder Mensch einen unterschiedlichen Stoffwechsel hat und jeder ein einzigartiges Endocannabinoid-System besitzt. Deshalb reagiert jeder unterschiedlich auf verschiedene CBD-Dosierungen.<\/p>\n<p data-start=\"1281\" data-end=\"1521\">Dieses CBD-E-Liquid hat einen angenehmen, leichten und s\u00fc\u00dfen Geschmack mit einem sanften erdigen Nachgeschmack. Jede Flasche The Tree CBD E-Liquid enth\u00e4lt 10 ml mit einer Konzentration von 5 % CBD. Insgesamt enth\u00e4lt jede Flasche 500 mg CBD.<\/p>\n<p data-start=\"1523\" data-end=\"1842\">The Tree CBD hat das 5 % CBD E-Liquid f\u00fcr die Verwendung mit jedem E-Zigaretten-Ger\u00e4t entwickelt. Sein Hanfaroma ist 100 % authentisch und original. Wie bei all unseren Produkten verpflichtet sich The Tree, die besten CBD-Produkte herzustellen, und bietet dir dieses hervorragende E-Liquid mit 5 % CBD-Konzentration an.<\/p>\n<p data-start=\"1844\" data-end=\"2145\">Um die Qualit\u00e4t unseres Angebots sicherzustellen, zertifizieren wir die CBD-Konzentration und die Zusammensetzung jeder Charge in unabh\u00e4ngigen Laboren. CBD ist eine Verbindung, die aus spezifischen Hanfsorten extrahiert wird. Im Gegensatz zu THC hat es keine psychoaktiven oder halluzinogenen Effekte.<\/p>\n<p data-start=\"2147\" data-end=\"2245\">Dieses 5 % CBD E-Liquid von The Tree enth\u00e4lt kein THC und hat daher keine psychoaktiven Wirkungen.<\/p>\n<h3 data-start=\"2252\" data-end=\"2304\">Eigenschaften des 5 % CBD E-Liquids von The Tree<\/h3>\n<ul data-start=\"2305\" data-end=\"2526\">\n<li data-start=\"2305\" data-end=\"2341\">\n<p data-start=\"2307\" data-end=\"2341\">Aus biologischem Hanf extrahiert<\/p>\n<\/li>\n<li data-start=\"2342\" data-end=\"2362\">\n<p data-start=\"2344\" data-end=\"2362\">E-Liquid CBD 5 %<\/p>\n<\/li>\n<li data-start=\"2363\" data-end=\"2384\">\n<p data-start=\"2365\" data-end=\"2384\">Terpen Cheese 1 %<\/p>\n<\/li>\n<li data-start=\"2385\" data-end=\"2414\">\n<p data-start=\"2387\" data-end=\"2414\">CBD-Isolat zum Verdampfen<\/p>\n<\/li>\n<li data-start=\"2415\" data-end=\"2432\">\n<p data-start=\"2417\" data-end=\"2432\">70 VG \/ 30 PG<\/p>\n<\/li>\n<li data-start=\"2433\" data-end=\"2468\">\n<p data-start=\"2435\" data-end=\"2468\">Garantiert THC- und nikotinfrei<\/p>\n<\/li>\n<li data-start=\"2469\" data-end=\"2486\">\n<p data-start=\"2471\" data-end=\"2486\">10 ml Flasche<\/p>\n<\/li>\n<li data-start=\"2487\" data-end=\"2526\">\n<p data-start=\"2489\" data-end=\"2526\">F\u00fcr Vegetarier und Veganer geeignet<\/p>\n<\/li>\n<\/ul>\n<h3 data-start=\"2533\" data-end=\"2546\">Zutaten<\/h3>\n<p data-start=\"2547\" data-end=\"2666\">Das 5 % CBD E-Liquid von The Tree enth\u00e4lt: Wasser, Propylenglykol, pflanzliches Glycerin und CBD aus Cannabis sativa L.<\/p>\n<h3 data-start=\"2673\" data-end=\"2688\">CBD-Aroma<\/h3>\n<p data-start=\"2689\" data-end=\"2874\">Terpene kommen in den meisten \u00e4therischen \u00d6len vieler Pflanzen, Blumen und Fr\u00fcchte vor und sind verantwortlich f\u00fcr Geruch und Geschmack. Im Cannabis finden wir ein breites Terpenprofil.<\/p>\n<p data-start=\"2876\" data-end=\"3163\">Dieses Cheese-CBD E-Liquid hat einen s\u00fc\u00dfen und intensiven Skunk-Geschmack mit Noten von gereiftem K\u00e4se und Weihrauch. Dank der Cheese-Terpene (Cheese-Aroma) in der Formulierung nehmen wir vertraute D\u00fcfte wie Nuss, Erde und s\u00e4uerliche Noten wahr, \u00e4hnlich einem kr\u00e4ftigen Blauschimmelk\u00e4se.<\/p>\n<h3 data-start=\"3170\" data-end=\"3186\">Zielgruppe<\/h3>\n<p data-start=\"3187\" data-end=\"3362\">The Tree pr\u00e4sentiert sein neues CBD E-Liquid f\u00fcr alle Personen \u00fcber 18 Jahre. Sein einzigartiges Aroma macht es sogar Skeptikern leicht, sich in die Welt des CBD zu verlieben.<\/p>\n<h3 data-start=\"3369\" data-end=\"3394\">Sicherheitshinweise<\/h3>\n<p data-start=\"3395\" data-end=\"3585\">Die Verwendung von CBD wird stillenden oder schwangeren Frauen nicht empfohlen. Ebenso nicht f\u00fcr Personen unter 18 Jahren, nicht weil es als gef\u00e4hrlich gilt, sondern wegen fehlender Studien.<\/p>\n<p data-start=\"3587\" data-end=\"3836\">Die bereitgestellten Informationen dienen nur zu Informations- und Schulungszwecken und ersetzen keinesfalls medizinischen Rat von \u00c4rzten oder Apothekern. Unsere Texte sind nicht f\u00fcr eigenst\u00e4ndige Diagnosen oder Behandlungen von Krankheiten gedacht.<\/p>\n<p data-start=\"3838\" data-end=\"3883\">Bei Fragen z\u00f6gere nicht, uns zu kontaktieren.<\/p>\n<h3 data-start=\"3890\" data-end=\"3904\">Lagerung<\/h3>\n<p data-start=\"3905\" data-end=\"4136\">Das 5 % CBD E-Liquid von The Tree sollte idealerweise an einem k\u00fchlen, trockenen Ort, gesch\u00fctzt vor Licht und starken Ger\u00fcchen, gelagert werden, um Kontamination zu vermeiden. Direkte Sonneneinstrahlung und Hitze sind zu vermeiden.<\/p>\n<p data-start=\"4138\" data-end=\"4220\"><strong data-start=\"4138\" data-end=\"4150\">Hinweis:<\/strong> Die angegebene Haltbarkeit betr\u00e4gt drei Jahre bei richtiger Lagerung.<\/p>\n<p data-start=\"4222\" data-end=\"4479\">Wir empfehlen, das The Tree CBD E-Liquid an einem k\u00fchlen, trockenen Ort ohne direkte Lichteinstrahlung aufzubewahren und es nicht an Orten mit hoher Hitze, wie z. B. im Handschuhfach des Autos, zu lagern. Die optimale Temperatur liegt zwischen 15 und 25 \u00b0C.<\/p>\n<p data-start=\"4481\" data-end=\"4625\">Dank der kompakten Verpackung kannst du es problemlos auf Reisen oder beim Spaziergang mitnehmen, sodass dir dein CBD immer zur Verf\u00fcgung steht.<\/p>\n","protected":false},"excerpt":{"rendered":"<ul>\n<li>Aus biologischem Hanf extrahiert<\/li>\n<li>CBD E-Liquid 5 %<\/li>\n<li>Cheese-Terpen 1 %<\/li>\n<li>CBD-Isolat zum Verdampfen<\/li>\n<li>70 VG \/ 30 PG<\/li>\n<li>Garantiert THC- und nikotinfrei<\/li>\n<li>10 ml Flasche<\/li>\n<li>F\u00fcr Vegetarier und Veganer geeignet<\/li>\n<\/ul>\n","protected":false},"featured_media":166348,"template":"","meta":{"_acf_changed":false},"product_brand":[],"class_list":{"0":"post-166349","1":"product","2":"type-product","3":"status-publish","4":"has-post-thumbnail","6":"product_cat-cbd-angebote","7":"product_cat-cbd-e-liquids","8":"product_cat-produkte-mit-5-cbd","10":"first","11":"instock","12":"sale","13":"taxable","14":"shipping-taxable","15":"purchasable","16":"product-type-simple"},"acf":[],"yoast_head":"<!-- This site is optimized with the Yoast SEO plugin v26.3 - https:\/\/yoast.com\/wordpress\/plugins\/seo\/ -->\n<title>E-liquid Cheese | The Tree CBD<\/title>\n<meta name=\"description\" content=\"CBD E-Liquid Cheese 5 %, das die gleichen Vorteile wie unsere Vapes bietet, aber mit der M\u00f6glichkeit, es mit deinem eigenen Verdampfer zu verwenden. Entdecke es jetzt!\" \/>\n<meta name=\"robots\" content=\"index, follow, max-snippet:-1, max-image-preview:large, max-video-preview:-1\" \/>\n<link rel=\"canonical\" href=\"https:\/\/thetreecbd.com\/de\/cbd\/e-liquid-cheese\" \/>\n<meta property=\"og:locale\" content=\"de_DE\" \/>\n<meta property=\"og:type\" content=\"article\" \/>\n<meta property=\"og:title\" content=\"E-liquid Cheese | The Tree CBD\" \/>\n<meta property=\"og:description\" content=\"CBD E-Liquid Cheese 5 %, das die gleichen Vorteile wie unsere Vapes bietet, aber mit der M\u00f6glichkeit, es mit deinem eigenen Verdampfer zu verwenden. Entdecke es jetzt!\" \/>\n<meta property=\"og:url\" content=\"https:\/\/thetreecbd.com\/de\/cbd\/e-liquid-cheese\" \/>\n<meta property=\"og:site_name\" content=\"The Tree CBD\" \/>\n<meta property=\"article:publisher\" content=\"https:\/\/www.facebook.com\/thetreeCBD\/\" \/>\n<meta property=\"og:image\" content=\"https:\/\/thetreecbd.com\/wp-content\/uploads\/2022\/04\/GLUE-CHEESE-compressed-scaled.jpg\" \/>\n\t<meta property=\"og:image:width\" content=\"1440\" \/>\n\t<meta property=\"og:image:height\" content=\"1920\" \/>\n\t<meta property=\"og:image:type\" content=\"image\/jpeg\" \/>\n<meta name=\"twitter:card\" content=\"summary_large_image\" \/>\n<meta name=\"twitter:site\" content=\"@TheTreeCBD_EU\" \/>\n<meta name=\"twitter:label1\" content=\"Gesch\u00e4tzte Lesezeit\" \/>\n\t<meta name=\"twitter:data1\" content=\"3\u00a0Minuten\" \/>\n<script type=\"application\/ld+json\" class=\"yoast-schema-graph\">{\"@context\":\"https:\/\/schema.org\",\"@graph\":[{\"@type\":[\"WebPage\",\"ItemPage\"],\"@id\":\"https:\/\/thetreecbd.com\/de\/cbd\/e-liquid-cheese\",\"url\":\"https:\/\/thetreecbd.com\/de\/cbd\/e-liquid-cheese\",\"name\":\"E-liquid Cheese | The Tree CBD\",\"isPartOf\":{\"@id\":\"https:\/\/thetreecbd.com\/de#website\"},\"primaryImageOfPage\":{\"@id\":\"https:\/\/thetreecbd.com\/de\/cbd\/e-liquid-cheese#primaryimage\"},\"image\":{\"@id\":\"https:\/\/thetreecbd.com\/de\/cbd\/e-liquid-cheese#primaryimage\"},\"thumbnailUrl\":\"https:\/\/thetreecbd.com\/wp-content\/uploads\/2022\/04\/GLUE-CHEESE-compressed-scaled.jpg\",\"datePublished\":\"2022-04-22T16:24:24+00:00\",\"description\":\"CBD E-Liquid Cheese 5 %, das die gleichen Vorteile wie unsere Vapes bietet, aber mit der M\u00f6glichkeit, es mit deinem eigenen Verdampfer zu verwenden. Entdecke es jetzt!\",\"breadcrumb\":{\"@id\":\"https:\/\/thetreecbd.com\/de\/cbd\/e-liquid-cheese#breadcrumb\"},\"inLanguage\":\"de\",\"potentialAction\":[{\"@type\":\"ReadAction\",\"target\":[\"https:\/\/thetreecbd.com\/de\/cbd\/e-liquid-cheese\"]}]},{\"@type\":\"ImageObject\",\"inLanguage\":\"de\",\"@id\":\"https:\/\/thetreecbd.com\/de\/cbd\/e-liquid-cheese#primaryimage\",\"url\":\"https:\/\/thetreecbd.com\/wp-content\/uploads\/2022\/04\/GLUE-CHEESE-compressed-scaled.jpg\",\"contentUrl\":\"https:\/\/thetreecbd.com\/wp-content\/uploads\/2022\/04\/GLUE-CHEESE-compressed-scaled.jpg\",\"width\":1440,\"height\":1920,\"caption\":\"CHEESE\"},{\"@type\":\"BreadcrumbList\",\"@id\":\"https:\/\/thetreecbd.com\/de\/cbd\/e-liquid-cheese#breadcrumb\",\"itemListElement\":[{\"@type\":\"ListItem\",\"position\":1,\"name\":\"The Tree\",\"item\":\"https:\/\/thetreecbd.com\/de\"},{\"@type\":\"ListItem\",\"position\":2,\"name\":\"CBD\",\"item\":\"https:\/\/thetreecbd.com\/es\/cbd\"},{\"@type\":\"ListItem\",\"position\":3,\"name\":\"CBD-Angebote\",\"item\":\"https:\/\/thetreecbd.com\/de\/cbd-angebote\"},{\"@type\":\"ListItem\",\"position\":4,\"name\":\"E-liquid Cheese\"}]},{\"@type\":\"WebSite\",\"@id\":\"https:\/\/thetreecbd.com\/de#website\",\"url\":\"https:\/\/thetreecbd.com\/de\",\"name\":\"The Tree CBD\",\"description\":\"Comprar CBD en Espa\u00f1a Online\",\"publisher\":{\"@id\":\"https:\/\/thetreecbd.com\/de#organization\"},\"potentialAction\":[{\"@type\":\"SearchAction\",\"target\":{\"@type\":\"EntryPoint\",\"urlTemplate\":\"https:\/\/thetreecbd.com\/de?s={search_term_string}\"},\"query-input\":{\"@type\":\"PropertyValueSpecification\",\"valueRequired\":true,\"valueName\":\"search_term_string\"}}],\"inLanguage\":\"de\"},{\"@type\":\"Organization\",\"@id\":\"https:\/\/thetreecbd.com\/de#organization\",\"name\":\"The Tree CBD\",\"url\":\"https:\/\/thetreecbd.com\/de\",\"logo\":{\"@type\":\"ImageObject\",\"inLanguage\":\"de\",\"@id\":\"https:\/\/thetreecbd.com\/de#\/schema\/logo\/image\/\",\"url\":\"https:\/\/thetreecbd.com\/wp-content\/uploads\/2022\/04\/logo-thetree.png\",\"contentUrl\":\"https:\/\/thetreecbd.com\/wp-content\/uploads\/2022\/04\/logo-thetree.png\",\"width\":172,\"height\":55,\"caption\":\"The Tree CBD\"},\"image\":{\"@id\":\"https:\/\/thetreecbd.com\/de#\/schema\/logo\/image\/\"},\"sameAs\":[\"https:\/\/www.facebook.com\/thetreeCBD\/\",\"https:\/\/x.com\/TheTreeCBD_EU\",\"https:\/\/www.instagram.com\/thetree.cbd\/\",\"https:\/\/es.trustpilot.com\/review\/thetreecbd.com\"]}]}<\/script>\n<!-- \/ Yoast SEO plugin. -->","yoast_head_json":{"title":"E-liquid Cheese | The Tree CBD","description":"CBD E-Liquid Cheese 5 %, das die gleichen Vorteile wie unsere Vapes bietet, aber mit der M\u00f6glichkeit, es mit deinem eigenen Verdampfer zu verwenden. Entdecke es jetzt!","robots":{"index":"index","follow":"follow","max-snippet":"max-snippet:-1","max-image-preview":"max-image-preview:large","max-video-preview":"max-video-preview:-1"},"canonical":"https:\/\/thetreecbd.com\/de\/cbd\/e-liquid-cheese","og_locale":"de_DE","og_type":"article","og_title":"E-liquid Cheese | The Tree CBD","og_description":"CBD E-Liquid Cheese 5 %, das die gleichen Vorteile wie unsere Vapes bietet, aber mit der M\u00f6glichkeit, es mit deinem eigenen Verdampfer zu verwenden. Entdecke es jetzt!","og_url":"https:\/\/thetreecbd.com\/de\/cbd\/e-liquid-cheese","og_site_name":"The Tree CBD","article_publisher":"https:\/\/www.facebook.com\/thetreeCBD\/","og_image":[{"width":1440,"height":1920,"url":"https:\/\/thetreecbd.com\/wp-content\/uploads\/2022\/04\/GLUE-CHEESE-compressed-scaled.jpg","type":"image\/jpeg"}],"twitter_card":"summary_large_image","twitter_site":"@TheTreeCBD_EU","twitter_misc":{"Gesch\u00e4tzte Lesezeit":"3\u00a0Minuten"},"schema":{"@context":"https:\/\/schema.org","@graph":[{"@type":["WebPage","ItemPage"],"@id":"https:\/\/thetreecbd.com\/de\/cbd\/e-liquid-cheese","url":"https:\/\/thetreecbd.com\/de\/cbd\/e-liquid-cheese","name":"E-liquid Cheese | The Tree CBD","isPartOf":{"@id":"https:\/\/thetreecbd.com\/de#website"},"primaryImageOfPage":{"@id":"https:\/\/thetreecbd.com\/de\/cbd\/e-liquid-cheese#primaryimage"},"image":{"@id":"https:\/\/thetreecbd.com\/de\/cbd\/e-liquid-cheese#primaryimage"},"thumbnailUrl":"https:\/\/thetreecbd.com\/wp-content\/uploads\/2022\/04\/GLUE-CHEESE-compressed-scaled.jpg","datePublished":"2022-04-22T16:24:24+00:00","description":"CBD E-Liquid Cheese 5 %, das die gleichen Vorteile wie unsere Vapes bietet, aber mit der M\u00f6glichkeit, es mit deinem eigenen Verdampfer zu verwenden. Entdecke es jetzt!","breadcrumb":{"@id":"https:\/\/thetreecbd.com\/de\/cbd\/e-liquid-cheese#breadcrumb"},"inLanguage":"de","potentialAction":[{"@type":"ReadAction","target":["https:\/\/thetreecbd.com\/de\/cbd\/e-liquid-cheese"]}]},{"@type":"ImageObject","inLanguage":"de","@id":"https:\/\/thetreecbd.com\/de\/cbd\/e-liquid-cheese#primaryimage","url":"https:\/\/thetreecbd.com\/wp-content\/uploads\/2022\/04\/GLUE-CHEESE-compressed-scaled.jpg","contentUrl":"https:\/\/thetreecbd.com\/wp-content\/uploads\/2022\/04\/GLUE-CHEESE-compressed-scaled.jpg","width":1440,"height":1920,"caption":"CHEESE"},{"@type":"BreadcrumbList","@id":"https:\/\/thetreecbd.com\/de\/cbd\/e-liquid-cheese#breadcrumb","itemListElement":[{"@type":"ListItem","position":1,"name":"The Tree","item":"https:\/\/thetreecbd.com\/de"},{"@type":"ListItem","position":2,"name":"CBD","item":"https:\/\/thetreecbd.com\/es\/cbd"},{"@type":"ListItem","position":3,"name":"CBD-Angebote","item":"https:\/\/thetreecbd.com\/de\/cbd-angebote"},{"@type":"ListItem","position":4,"name":"E-liquid Cheese"}]},{"@type":"WebSite","@id":"https:\/\/thetreecbd.com\/de#website","url":"https:\/\/thetreecbd.com\/de","name":"The Tree CBD","description":"Comprar CBD en Espa\u00f1a Online","publisher":{"@id":"https:\/\/thetreecbd.com\/de#organization"},"potentialAction":[{"@type":"SearchAction","target":{"@type":"EntryPoint","urlTemplate":"https:\/\/thetreecbd.com\/de?s={search_term_string}"},"query-input":{"@type":"PropertyValueSpecification","valueRequired":true,"valueName":"search_term_string"}}],"inLanguage":"de"},{"@type":"Organization","@id":"https:\/\/thetreecbd.com\/de#organization","name":"The Tree CBD","url":"https:\/\/thetreecbd.com\/de","logo":{"@type":"ImageObject","inLanguage":"de","@id":"https:\/\/thetreecbd.com\/de#\/schema\/logo\/image\/","url":"https:\/\/thetreecbd.com\/wp-content\/uploads\/2022\/04\/logo-thetree.png","contentUrl":"https:\/\/thetreecbd.com\/wp-content\/uploads\/2022\/04\/logo-thetree.png","width":172,"height":55,"caption":"The Tree CBD"},"image":{"@id":"https:\/\/thetreecbd.com\/de#\/schema\/logo\/image\/"},"sameAs":["https:\/\/www.facebook.com\/thetreeCBD\/","https:\/\/x.com\/TheTreeCBD_EU","https:\/\/www.instagram.com\/thetree.cbd\/","https:\/\/es.trustpilot.com\/review\/thetreecbd.com"]}]}},"_links":{"self":[{"href":"https:\/\/thetreecbd.com\/de\/wp-json\/wp\/v2\/product\/166349","targetHints":{"allow":["GET"]}}],"collection":[{"href":"https:\/\/thetreecbd.com\/de\/wp-json\/wp\/v2\/product"}],"about":[{"href":"https:\/\/thetreecbd.com\/de\/wp-json\/wp\/v2\/types\/product"}],"version-history":[{"count":0,"href":"https:\/\/thetreecbd.com\/de\/wp-json\/wp\/v2\/product\/166349\/revisions"}],"wp:featuredmedia":[{"embeddable":true,"href":"https:\/\/thetreecbd.com\/de\/wp-json\/wp\/v2\/media\/166348"}],"wp:attachment":[{"href":"https:\/\/thetreecbd.com\/de\/wp-json\/wp\/v2\/media?parent=166349"}],"wp:term":[{"taxonomy":"product_brand","embeddable":true,"href":"https:\/\/thetreecbd.com\/de\/wp-json\/wp\/v2\/product_brand?post=166349"}],"curies":[{"name":"wp","href":"https:\/\/api.w.org\/{rel}","templated":true}]}}