{"id":166350,"date":"2023-07-19T17:32:53","date_gmt":"2023-07-19T15:32:53","guid":{"rendered":"https:\/\/thetreecbd.com\/cbd\/sweet-kase-ol-cbd-cbg-von-kase-o"},"modified":"2025-07-04T18:15:50","modified_gmt":"2025-07-04T16:15:50","slug":"sweet-kase-ol-cbd-cbg-von-kase-o","status":"publish","type":"product","link":"https:\/\/thetreecbd.com\/de\/cbd\/sweet-kase-ol-cbd-cbg-von-kase-o","title":{"rendered":"Sweet Kase \u00d6l: CBD + CBG von Kase.O"},"content":{"rendered":"<p data-start=\"104\" data-end=\"326\"><strong data-start=\"104\" data-end=\"326\">Bei The Tree CBD pr\u00e4sentieren wir Ihnen unser neues Sweet Kase 10% Full Spectrum \u00d6l. Ein hochwertiges Premium-CBD-\u00d6l, angereichert mit CBG, verfeinert mit der beruhigenden Essenz von Melisse und einem s\u00fc\u00dfen Honigaroma.<\/strong><\/p>\n<p data-start=\"328\" data-end=\"499\">Diese au\u00dfergew\u00f6hnliche Mischung vereint die Vorteile von CBD und CBG mit den entspannenden Eigenschaften der Melisse und schafft so ein wirklich au\u00dfergew\u00f6hnliches Produkt.<\/p>\n<p data-start=\"501\" data-end=\"836\">Das Sweet Kase CBD-\u00d6l mit CBG, Melisse und Honigaroma wurde in Zusammenarbeit mit Kase.O entwickelt. Der K\u00fcnstler Javier Ibarra brachte seine Vision und Leidenschaft f\u00fcr Gesundheit und allgemeines Wohlbefinden ein, verbunden mit seinem Engagement f\u00fcr nat\u00fcrliche und wirksame Produkte, die sich in jedem Aspekt dieses \u00d6ls widerspiegeln.<\/p>\n<p data-start=\"838\" data-end=\"1088\"><strong data-start=\"838\" data-end=\"1088\">Dieses Vollspektrum-CBD-\u00d6l bewahrt alle Bestandteile der Hanfbl\u00fcte und deren Eigenschaften, haupts\u00e4chlich Cannabidiol (CBD) 5 %, Cannabigerol (CBG) 5 % sowie geringere Anteile von CBF, CBN, CBC und \u00fcber 40 nat\u00fcrlich vorkommenden Terpenen im Hanf.<\/strong><\/p>\n<h3 data-start=\"1090\" data-end=\"1141\"><strong data-start=\"1094\" data-end=\"1139\">Bestandteile und Erscheinungsbild des \u00d6ls<\/strong><\/h3>\n<p data-start=\"1142\" data-end=\"1310\">Unser Sweet Kase CBD-\u00d6l von Kase.O und The Tree CBD verf\u00fcgt \u00fcber eine innovative Formel, die mehrere Wirkstoffe kombiniert, um ein unvergleichliches Erlebnis zu bieten.<\/p>\n<p data-start=\"1312\" data-end=\"1651\">Dieses exklusive CBD-\u00d6l mit CBG, Melisse und Honigaroma wird sorgf\u00e4ltig und pr\u00e4zise hergestellt, wobei modernste Extraktionsmethoden verwendet werden, um die Integrit\u00e4t der Cannabinoide und botanischen Inhaltsstoffe zu bewahren. Jede Charge wird von unabh\u00e4ngigen Laboren streng gepr\u00fcft, um Potenz, Reinheit und Sicherheit zu gew\u00e4hrleisten.<\/p>\n<p data-start=\"1653\" data-end=\"1830\">Da alle Pflanzenbestandteile erhalten bleiben und das \u00d6l gefiltert ist, besitzt es eine goldgelbe Farbe, \u00e4hnlich wie \u00d6l, wobei die Reinheit des Pflanzenextrakts erhalten bleibt.<\/p>\n<p data-start=\"1832\" data-end=\"1883\">Im Sweet Kase \u00d6l finden Sie folgende Inhaltsstoffe:<\/p>\n<h3 data-start=\"1885\" data-end=\"1922\"><strong data-start=\"1889\" data-end=\"1920\">Kombination von CBD und CBG<\/strong><\/h3>\n<p data-start=\"1923\" data-end=\"2338\">Mit Extrakten aus biologisch angebauten Hanfpflanzen bietet es eine Kombination aus zwei Hauptcannabinoiden: CBD, bekannt f\u00fcr seine nat\u00fcrlichen Eigenschaften, wirkt synergistisch mit CBG und schafft so eine kraftvolle Cannabinoidkombination mit einem verst\u00e4rkenden Entourage-Effekt. CBG, oft als \u201eMuttercannabinoid\u201c bezeichnet, bietet eine einzigartige Palette von Vorteilen, die die Eigenschaften von CBD erg\u00e4nzen.<\/p>\n<p data-start=\"2340\" data-end=\"2594\">Die Kombination von CBD (Cannabidiol) und CBG (Cannabigerol) kann die Wirkung beider Cannabinoide verst\u00e4rken. Obwohl weitere Forschung n\u00f6tig ist, wird angenommen, dass die Interaktion von CBD und CBG zus\u00e4tzliche Vorteile bei gemeinsamer Anwendung bietet.<\/p>\n<h3 data-start=\"2596\" data-end=\"2627\"><strong data-start=\"2600\" data-end=\"2625\">Die Kraft der Melisse<\/strong><\/h3>\n<p data-start=\"2628\" data-end=\"2865\">Die Zugabe von Melissenextrakt in unserer Formel verleiht diesem CBD- und CBG-\u00d6l eine zus\u00e4tzliche Ebene der Ruhe. Melisse, auch als Zitronenmelisse bekannt, wird seit Jahrhunderten zur F\u00f6rderung von Entspannung und Stressabbau verwendet.<\/p>\n<p data-start=\"2867\" data-end=\"3052\">Ihr beruhigendes Aroma kann helfen, eine ruhige und friedliche Atmosph\u00e4re zu schaffen, sodass Sie sich entspannen und inmitten der Anforderungen des Alltags Gleichgewicht finden k\u00f6nnen.<\/p>\n<h3 data-start=\"3054\" data-end=\"3103\"><strong data-start=\"3058\" data-end=\"3101\">Die beruhigende Wirkung des Honigaromas<\/strong><\/h3>\n<p data-start=\"3104\" data-end=\"3391\">Zur Abrundung der Mischung haben wir unser CBD- und CBG-\u00d6l mit dem k\u00f6stlichen Aroma von Honig verfeinert. Das s\u00fc\u00dfe, nat\u00fcrliche Honigaroma verleiht Ihrem Erlebnis mit dem Cannabinoid-\u00d6l eine genussvolle Note und macht das Sweet Kase \u00d6l zu einer wirklich angenehmen und aromatischen Reise.<\/p>\n<p data-start=\"3393\" data-end=\"3528\">Der reichhaltige Duft bleibt dezent erhalten, w\u00e4hrend Sie das \u00d6l verwenden, verbessert Ihre Sinne und hebt das gesamte Erlebnis hervor.<\/p>\n<p data-start=\"3530\" data-end=\"3714\">Der nat\u00fcrliche Bienenhonig hat im Laufe der Geschichte zahlreiche gesundheitsf\u00f6rdernde Eigenschaften bewiesen \u2013 nicht nur durch Verzehr, sondern auch durch das Einatmen des Honigdufts.<\/p>\n<h3 data-start=\"3716\" data-end=\"3749\"><strong data-start=\"3720\" data-end=\"3747\">Warum dieses \u00d6l w\u00e4hlen?<\/strong><\/h3>\n<p data-start=\"3750\" data-end=\"3853\">Wenn Sie eine potente CBD-Dosis ben\u00f6tigen, ist unsere Sweet Kase Formel mit 10 % CBD:CBG (1:1) perfekt.<\/p>\n<p data-start=\"3855\" data-end=\"4178\">Wir haben es speziell f\u00fcr diejenigen entwickelt, die bereits Erfahrung mit CBD haben und eine kraftvolle Wirkung suchen, die sie tags\u00fcber verwenden k\u00f6nnen \u2013 f\u00fcr alle, die eine L\u00f6sung suchen, die entspannt, bei der Konzentration hilft, beruhigt und Linderung verschafft, dabei aber aktiv bleibt, um den Alltag zu bew\u00e4ltigen.<\/p>\n<p data-start=\"4180\" data-end=\"4374\">Dank hochentwickelter CO\u2082-Extraktions- und Reinigungsverfahren sowie unabh\u00e4ngiger Tests enth\u00e4lt jede Flasche hochwertiges CBD, frei von Nebenwirkungen, Zusatzstoffen und k\u00fcnstlichen Chemikalien.<\/p>\n<p data-start=\"4376\" data-end=\"4553\">Unser \u00d6l stammt aus \u00f6kologischem Anbau, ist frei von Pestiziden und sch\u00e4dlichen Chemikalien, unterliegt strengen Qualit\u00e4tskontrollen und enth\u00e4lt 100 % pflanzliche Inhaltsstoffe.<\/p>\n<p data-start=\"4555\" data-end=\"4643\">Dieses \u00d6l enth\u00e4lt weniger als 0,2 % THC, ist nicht psychoaktiv und in ganz Europa legal.<\/p>\n<h3 data-start=\"4645\" data-end=\"4715\"><strong data-start=\"4649\" data-end=\"4713\">Eigenschaften des Sweet Kase CBD + CBG 10 % Vollspektrum-\u00d6ls<\/strong><\/h3>\n<ul data-start=\"4716\" data-end=\"5027\">\n<li data-start=\"4716\" data-end=\"4760\">\n<p data-start=\"4718\" data-end=\"4760\">5 % CBD pro Tropfen (2,5 mg pro Tropfen)<\/p>\n<\/li>\n<li data-start=\"4761\" data-end=\"4805\">\n<p data-start=\"4763\" data-end=\"4805\">5 % CBG pro Tropfen (2,5 mg pro Tropfen)<\/p>\n<\/li>\n<li data-start=\"4806\" data-end=\"4854\">\n<p data-start=\"4808\" data-end=\"4854\">1 % Melisse pro Tropfen (0,5 mg pro Tropfen)<\/p>\n<\/li>\n<li data-start=\"4855\" data-end=\"4865\">\n<p data-start=\"4857\" data-end=\"4865\">MCT-\u00d6l<\/p>\n<\/li>\n<li data-start=\"4866\" data-end=\"4880\">\n<p data-start=\"4868\" data-end=\"4880\">Honigaroma<\/p>\n<\/li>\n<li data-start=\"4881\" data-end=\"4904\">\n<p data-start=\"4883\" data-end=\"4904\">10 ml Dosierflasche<\/p>\n<\/li>\n<li data-start=\"4905\" data-end=\"4965\">\n<p data-start=\"4907\" data-end=\"4965\">\u00d6kologischer Anbau, frei von Pestiziden und Schadstoffen<\/p>\n<\/li>\n<li data-start=\"4966\" data-end=\"4999\">\n<p data-start=\"4968\" data-end=\"4999\">Enth\u00e4lt weniger als 0,2 % THC<\/p>\n<\/li>\n<li data-start=\"5000\" data-end=\"5027\">\n<p data-start=\"5002\" data-end=\"5027\">Zur topischen Anwendung<\/p>\n<\/li>\n<\/ul>\n<h3 data-start=\"5029\" data-end=\"5081\"><strong data-start=\"5033\" data-end=\"5079\">Inhaltsstoffe des Sweet Kase \u00d6ls by Kase.O<\/strong><\/h3>\n<p data-start=\"5082\" data-end=\"5144\">Cannabidiol, Cannabigerol, MCT-\u00d6l, Melissenextrakt, Honigaroma<\/p>\n<h3 data-start=\"5146\" data-end=\"5165\"><strong data-start=\"5150\" data-end=\"5163\">CBD-Aroma<\/strong><\/h3>\n<p data-start=\"5166\" data-end=\"5268\">Das Sweet Kase \u00d6l by Kase.O, in Zusammenarbeit mit The Tree CBD hergestellt, hat ein s\u00fc\u00dfes Honigaroma.<\/p>\n<p data-start=\"5270\" data-end=\"5411\">Dieses Honigaroma verbessert nicht nur das Erlebnis durch seinen Duft, sondern bringt auch die Vorteile und Eigenschaften von Honig mit sich.<\/p>\n<h3 data-start=\"5413\" data-end=\"5433\"><strong data-start=\"5417\" data-end=\"5431\">Zielgruppe<\/strong><\/h3>\n<p data-start=\"5434\" data-end=\"5675\">Das 10 % (1:1) CBD- und CBG-\u00d6l Sweet Kase enth\u00e4lt, wie der Name sagt, 10 % CBD im Gesamtprodukt. Diese Konzentration ist bei Personen mit Erfahrung im Umgang mit Cannabinoiden am gebr\u00e4uchlichsten und hat eine mittelstarke bis starke Wirkung.<\/p>\n<h3 data-start=\"5677\" data-end=\"5706\"><strong data-start=\"5681\" data-end=\"5704\">Sicherheitshinweise<\/strong><\/h3>\n<p data-start=\"5707\" data-end=\"5929\">Bitte beachten Sie, dass das 10 % (1:1) Vollspektrum Sweet Kase CBD- und CBG-\u00d6l nur zur topischen Anwendung bestimmt ist. Es sollte nicht w\u00e4hrend der Schwangerschaft oder Stillzeit verwendet werden. Von Kindern fernhalten.<\/p>\n<p data-start=\"5931\" data-end=\"6194\">Die bereitgestellten Informationen dienen nur zu Informations- und Schulungszwecken und ersetzen keinesfalls die medizinische Beratung durch einen Arzt oder Apotheker. Unsere Texte sind nicht f\u00fcr die eigenst\u00e4ndige Diagnose oder Behandlung von Krankheiten gedacht.<\/p>\n<p data-start=\"6196\" data-end=\"6247\">Bei Fragen k\u00f6nnen Sie sich jederzeit an uns wenden.<\/p>\n<h3 data-start=\"6249\" data-end=\"6267\"><strong data-start=\"6253\" data-end=\"6265\">Lagerung<\/strong><\/h3>\n<p data-start=\"6268\" data-end=\"6446\">Ideal lagern Sie das The Tree CBD-\u00d6l k\u00fchl, trocken und lichtgesch\u00fctzt, fern von starken Ger\u00fcchen, um Kontaminationen zu vermeiden. Direkte Sonneneinstrahlung und W\u00e4rme vermeiden.<\/p>\n<p data-start=\"6448\" data-end=\"6515\">An einem k\u00fchlen, trockenen Ort aufbewahren. Von Kindern fernhalten.<\/p>\n<p data-start=\"6517\" data-end=\"6601\"><strong data-start=\"6517\" data-end=\"6529\">Hinweis:<\/strong> Die angegebene Haltbarkeit betr\u00e4gt zwei Jahre bei sachgem\u00e4\u00dfer Lagerung.<\/p>\n","protected":false},"excerpt":{"rendered":"<ul>\n<li data-start=\"78\" data-end=\"386\"><strong data-start=\"78\" data-end=\"122\">5 % CBD pro Tropfen (2,5 mg pro Tropfen)<\/strong><\/li>\n<li data-start=\"78\" data-end=\"386\"><strong data-start=\"125\" data-end=\"169\">5 % CBG pro Tropfen (2,5 mg pro Tropfen)<\/strong><\/li>\n<li data-start=\"78\" data-end=\"386\"><strong data-start=\"172\" data-end=\"220\">1 % Melisse pro Tropfen (0,5 mg pro Tropfen)<\/strong><\/li>\n<li data-start=\"78\" data-end=\"386\"><strong data-start=\"223\" data-end=\"233\">MCT-\u00d6l<\/strong><\/li>\n<li data-start=\"78\" data-end=\"386\"><strong data-start=\"236\" data-end=\"250\">Honigaroma<\/strong><\/li>\n<li data-start=\"78\" data-end=\"386\"><strong data-start=\"253\" data-end=\"276\">10 ml Dosierflasche<\/strong><\/li>\n<li data-start=\"78\" data-end=\"386\">\u00d6kologischer Anbau, frei von Pestiziden und sch\u00e4dlichen<\/li>\n<li data-start=\"78\" data-end=\"386\">Chemikalien<\/li>\n<li data-start=\"78\" data-end=\"386\">Enth\u00e4lt weniger als 0,2 % THC<\/li>\n<\/ul>\n","protected":false},"featured_media":166352,"template":"","meta":{"_acf_changed":false},"product_brand":[],"class_list":{"0":"post-166350","1":"product","2":"type-product","3":"status-publish","4":"has-post-thumbnail","6":"product_cat-cbd-ol","7":"product_cat-cbd-ole-mit-10","8":"product_cat-cbd-schlaf","9":"product_cat-cbg-ole","10":"product_cat-produkte-mit-10-cbd","11":"product_cat-sweet-kase-cbd-de","12":"product_cat-vollspektrum","14":"first","15":"outofstock","16":"taxable","17":"shipping-taxable","18":"purchasable","19":"product-type-simple"},"acf":[],"yoast_head":"<!-- This site is optimized with the Yoast SEO plugin v26.3 - https:\/\/yoast.com\/wordpress\/plugins\/seo\/ -->\n<title>Sweet Kase \u00d6l: CBD + CBG von Kase.O | The Tree CBD<\/title>\n<meta name=\"description\" content=\"Kase.O \u00d6l mit 10 % in perfektem Gleichgewicht zwischen CBD und CBG. Honigaroma und Melissenkonzentrat f\u00fcr optimale Entspannung. Nicht verpassen!\" \/>\n<meta name=\"robots\" content=\"index, follow, max-snippet:-1, max-image-preview:large, max-video-preview:-1\" \/>\n<link rel=\"canonical\" href=\"https:\/\/thetreecbd.com\/de\/cbd\/sweet-kase-ol-cbd-cbg-von-kase-o\" \/>\n<meta property=\"og:locale\" content=\"de_DE\" \/>\n<meta property=\"og:type\" content=\"article\" \/>\n<meta property=\"og:title\" content=\"Sweet Kase \u00d6l: CBD + CBG von Kase.O | The Tree CBD\" \/>\n<meta property=\"og:description\" content=\"Kase.O \u00d6l mit 10 % in perfektem Gleichgewicht zwischen CBD und CBG. Honigaroma und Melissenkonzentrat f\u00fcr optimale Entspannung. Nicht verpassen!\" \/>\n<meta property=\"og:url\" content=\"https:\/\/thetreecbd.com\/de\/cbd\/sweet-kase-ol-cbd-cbg-von-kase-o\" \/>\n<meta property=\"og:site_name\" content=\"The Tree CBD\" \/>\n<meta property=\"article:publisher\" content=\"https:\/\/www.facebook.com\/thetreeCBD\/\" \/>\n<meta property=\"article:modified_time\" content=\"2025-07-04T16:15:50+00:00\" \/>\n<meta property=\"og:image\" content=\"https:\/\/thetreecbd.com\/wp-content\/uploads\/2023\/09\/aceite-sweet-kase-web.png\" \/>\n\t<meta property=\"og:image:width\" content=\"600\" \/>\n\t<meta property=\"og:image:height\" content=\"720\" \/>\n\t<meta property=\"og:image:type\" content=\"image\/png\" \/>\n<meta name=\"twitter:card\" content=\"summary_large_image\" \/>\n<meta name=\"twitter:site\" content=\"@TheTreeCBD_EU\" \/>\n<meta name=\"twitter:label1\" content=\"Gesch\u00e4tzte Lesezeit\" \/>\n\t<meta name=\"twitter:data1\" content=\"5\u00a0Minuten\" \/>\n<script type=\"application\/ld+json\" class=\"yoast-schema-graph\">{\"@context\":\"https:\/\/schema.org\",\"@graph\":[{\"@type\":[\"WebPage\",\"ItemPage\"],\"@id\":\"https:\/\/thetreecbd.com\/de\/cbd\/sweet-kase-ol-cbd-cbg-von-kase-o\",\"url\":\"https:\/\/thetreecbd.com\/de\/cbd\/sweet-kase-ol-cbd-cbg-von-kase-o\",\"name\":\"Sweet Kase \u00d6l: CBD + CBG von Kase.O | The Tree CBD\",\"isPartOf\":{\"@id\":\"https:\/\/thetreecbd.com\/de#website\"},\"primaryImageOfPage\":{\"@id\":\"https:\/\/thetreecbd.com\/de\/cbd\/sweet-kase-ol-cbd-cbg-von-kase-o#primaryimage\"},\"image\":{\"@id\":\"https:\/\/thetreecbd.com\/de\/cbd\/sweet-kase-ol-cbd-cbg-von-kase-o#primaryimage\"},\"thumbnailUrl\":\"https:\/\/thetreecbd.com\/wp-content\/uploads\/2023\/09\/aceite-sweet-kase-web.png\",\"datePublished\":\"2023-07-19T15:32:53+00:00\",\"dateModified\":\"2025-07-04T16:15:50+00:00\",\"description\":\"Kase.O \u00d6l mit 10 % in perfektem Gleichgewicht zwischen CBD und CBG. Honigaroma und Melissenkonzentrat f\u00fcr optimale Entspannung. Nicht verpassen!\",\"breadcrumb\":{\"@id\":\"https:\/\/thetreecbd.com\/de\/cbd\/sweet-kase-ol-cbd-cbg-von-kase-o#breadcrumb\"},\"inLanguage\":\"de\",\"potentialAction\":[{\"@type\":\"ReadAction\",\"target\":[\"https:\/\/thetreecbd.com\/de\/cbd\/sweet-kase-ol-cbd-cbg-von-kase-o\"]}]},{\"@type\":\"ImageObject\",\"inLanguage\":\"de\",\"@id\":\"https:\/\/thetreecbd.com\/de\/cbd\/sweet-kase-ol-cbd-cbg-von-kase-o#primaryimage\",\"url\":\"https:\/\/thetreecbd.com\/wp-content\/uploads\/2023\/09\/aceite-sweet-kase-web.png\",\"contentUrl\":\"https:\/\/thetreecbd.com\/wp-content\/uploads\/2023\/09\/aceite-sweet-kase-web.png\",\"width\":600,\"height\":720},{\"@type\":\"BreadcrumbList\",\"@id\":\"https:\/\/thetreecbd.com\/de\/cbd\/sweet-kase-ol-cbd-cbg-von-kase-o#breadcrumb\",\"itemListElement\":[{\"@type\":\"ListItem\",\"position\":1,\"name\":\"The Tree\",\"item\":\"https:\/\/thetreecbd.com\/de\"},{\"@type\":\"ListItem\",\"position\":2,\"name\":\"CBD\",\"item\":\"https:\/\/thetreecbd.com\/es\/cbd\"},{\"@type\":\"ListItem\",\"position\":3,\"name\":\"CBD-\u00d6l\",\"item\":\"https:\/\/thetreecbd.com\/de\/cbd-ol\"},{\"@type\":\"ListItem\",\"position\":4,\"name\":\"Sweet Kase \u00d6l: CBD + CBG von Kase.O\"}]},{\"@type\":\"WebSite\",\"@id\":\"https:\/\/thetreecbd.com\/de#website\",\"url\":\"https:\/\/thetreecbd.com\/de\",\"name\":\"The Tree CBD\",\"description\":\"Comprar CBD en Espa\u00f1a Online\",\"publisher\":{\"@id\":\"https:\/\/thetreecbd.com\/de#organization\"},\"potentialAction\":[{\"@type\":\"SearchAction\",\"target\":{\"@type\":\"EntryPoint\",\"urlTemplate\":\"https:\/\/thetreecbd.com\/de?s={search_term_string}\"},\"query-input\":{\"@type\":\"PropertyValueSpecification\",\"valueRequired\":true,\"valueName\":\"search_term_string\"}}],\"inLanguage\":\"de\"},{\"@type\":\"Organization\",\"@id\":\"https:\/\/thetreecbd.com\/de#organization\",\"name\":\"The Tree CBD\",\"url\":\"https:\/\/thetreecbd.com\/de\",\"logo\":{\"@type\":\"ImageObject\",\"inLanguage\":\"de\",\"@id\":\"https:\/\/thetreecbd.com\/de#\/schema\/logo\/image\/\",\"url\":\"https:\/\/thetreecbd.com\/wp-content\/uploads\/2022\/04\/logo-thetree.png\",\"contentUrl\":\"https:\/\/thetreecbd.com\/wp-content\/uploads\/2022\/04\/logo-thetree.png\",\"width\":172,\"height\":55,\"caption\":\"The Tree CBD\"},\"image\":{\"@id\":\"https:\/\/thetreecbd.com\/de#\/schema\/logo\/image\/\"},\"sameAs\":[\"https:\/\/www.facebook.com\/thetreeCBD\/\",\"https:\/\/x.com\/TheTreeCBD_EU\",\"https:\/\/www.instagram.com\/thetree.cbd\/\",\"https:\/\/es.trustpilot.com\/review\/thetreecbd.com\"]}]}<\/script>\n<!-- \/ Yoast SEO plugin. -->","yoast_head_json":{"title":"Sweet Kase \u00d6l: CBD + CBG von Kase.O | The Tree CBD","description":"Kase.O \u00d6l mit 10 % in perfektem Gleichgewicht zwischen CBD und CBG. Honigaroma und Melissenkonzentrat f\u00fcr optimale Entspannung. Nicht verpassen!","robots":{"index":"index","follow":"follow","max-snippet":"max-snippet:-1","max-image-preview":"max-image-preview:large","max-video-preview":"max-video-preview:-1"},"canonical":"https:\/\/thetreecbd.com\/de\/cbd\/sweet-kase-ol-cbd-cbg-von-kase-o","og_locale":"de_DE","og_type":"article","og_title":"Sweet Kase \u00d6l: CBD + CBG von Kase.O | The Tree CBD","og_description":"Kase.O \u00d6l mit 10 % in perfektem Gleichgewicht zwischen CBD und CBG. Honigaroma und Melissenkonzentrat f\u00fcr optimale Entspannung. Nicht verpassen!","og_url":"https:\/\/thetreecbd.com\/de\/cbd\/sweet-kase-ol-cbd-cbg-von-kase-o","og_site_name":"The Tree CBD","article_publisher":"https:\/\/www.facebook.com\/thetreeCBD\/","article_modified_time":"2025-07-04T16:15:50+00:00","og_image":[{"width":600,"height":720,"url":"https:\/\/thetreecbd.com\/wp-content\/uploads\/2023\/09\/aceite-sweet-kase-web.png","type":"image\/png"}],"twitter_card":"summary_large_image","twitter_site":"@TheTreeCBD_EU","twitter_misc":{"Gesch\u00e4tzte Lesezeit":"5\u00a0Minuten"},"schema":{"@context":"https:\/\/schema.org","@graph":[{"@type":["WebPage","ItemPage"],"@id":"https:\/\/thetreecbd.com\/de\/cbd\/sweet-kase-ol-cbd-cbg-von-kase-o","url":"https:\/\/thetreecbd.com\/de\/cbd\/sweet-kase-ol-cbd-cbg-von-kase-o","name":"Sweet Kase \u00d6l: CBD + CBG von Kase.O | The Tree CBD","isPartOf":{"@id":"https:\/\/thetreecbd.com\/de#website"},"primaryImageOfPage":{"@id":"https:\/\/thetreecbd.com\/de\/cbd\/sweet-kase-ol-cbd-cbg-von-kase-o#primaryimage"},"image":{"@id":"https:\/\/thetreecbd.com\/de\/cbd\/sweet-kase-ol-cbd-cbg-von-kase-o#primaryimage"},"thumbnailUrl":"https:\/\/thetreecbd.com\/wp-content\/uploads\/2023\/09\/aceite-sweet-kase-web.png","datePublished":"2023-07-19T15:32:53+00:00","dateModified":"2025-07-04T16:15:50+00:00","description":"Kase.O \u00d6l mit 10 % in perfektem Gleichgewicht zwischen CBD und CBG. Honigaroma und Melissenkonzentrat f\u00fcr optimale Entspannung. Nicht verpassen!","breadcrumb":{"@id":"https:\/\/thetreecbd.com\/de\/cbd\/sweet-kase-ol-cbd-cbg-von-kase-o#breadcrumb"},"inLanguage":"de","potentialAction":[{"@type":"ReadAction","target":["https:\/\/thetreecbd.com\/de\/cbd\/sweet-kase-ol-cbd-cbg-von-kase-o"]}]},{"@type":"ImageObject","inLanguage":"de","@id":"https:\/\/thetreecbd.com\/de\/cbd\/sweet-kase-ol-cbd-cbg-von-kase-o#primaryimage","url":"https:\/\/thetreecbd.com\/wp-content\/uploads\/2023\/09\/aceite-sweet-kase-web.png","contentUrl":"https:\/\/thetreecbd.com\/wp-content\/uploads\/2023\/09\/aceite-sweet-kase-web.png","width":600,"height":720},{"@type":"BreadcrumbList","@id":"https:\/\/thetreecbd.com\/de\/cbd\/sweet-kase-ol-cbd-cbg-von-kase-o#breadcrumb","itemListElement":[{"@type":"ListItem","position":1,"name":"The Tree","item":"https:\/\/thetreecbd.com\/de"},{"@type":"ListItem","position":2,"name":"CBD","item":"https:\/\/thetreecbd.com\/es\/cbd"},{"@type":"ListItem","position":3,"name":"CBD-\u00d6l","item":"https:\/\/thetreecbd.com\/de\/cbd-ol"},{"@type":"ListItem","position":4,"name":"Sweet Kase \u00d6l: CBD + CBG von Kase.O"}]},{"@type":"WebSite","@id":"https:\/\/thetreecbd.com\/de#website","url":"https:\/\/thetreecbd.com\/de","name":"The Tree CBD","description":"Comprar CBD en Espa\u00f1a Online","publisher":{"@id":"https:\/\/thetreecbd.com\/de#organization"},"potentialAction":[{"@type":"SearchAction","target":{"@type":"EntryPoint","urlTemplate":"https:\/\/thetreecbd.com\/de?s={search_term_string}"},"query-input":{"@type":"PropertyValueSpecification","valueRequired":true,"valueName":"search_term_string"}}],"inLanguage":"de"},{"@type":"Organization","@id":"https:\/\/thetreecbd.com\/de#organization","name":"The Tree CBD","url":"https:\/\/thetreecbd.com\/de","logo":{"@type":"ImageObject","inLanguage":"de","@id":"https:\/\/thetreecbd.com\/de#\/schema\/logo\/image\/","url":"https:\/\/thetreecbd.com\/wp-content\/uploads\/2022\/04\/logo-thetree.png","contentUrl":"https:\/\/thetreecbd.com\/wp-content\/uploads\/2022\/04\/logo-thetree.png","width":172,"height":55,"caption":"The Tree CBD"},"image":{"@id":"https:\/\/thetreecbd.com\/de#\/schema\/logo\/image\/"},"sameAs":["https:\/\/www.facebook.com\/thetreeCBD\/","https:\/\/x.com\/TheTreeCBD_EU","https:\/\/www.instagram.com\/thetree.cbd\/","https:\/\/es.trustpilot.com\/review\/thetreecbd.com"]}]}},"_links":{"self":[{"href":"https:\/\/thetreecbd.com\/de\/wp-json\/wp\/v2\/product\/166350","targetHints":{"allow":["GET"]}}],"collection":[{"href":"https:\/\/thetreecbd.com\/de\/wp-json\/wp\/v2\/product"}],"about":[{"href":"https:\/\/thetreecbd.com\/de\/wp-json\/wp\/v2\/types\/product"}],"version-history":[{"count":0,"href":"https:\/\/thetreecbd.com\/de\/wp-json\/wp\/v2\/product\/166350\/revisions"}],"wp:featuredmedia":[{"embeddable":true,"href":"https:\/\/thetreecbd.com\/de\/wp-json\/wp\/v2\/media\/166352"}],"wp:attachment":[{"href":"https:\/\/thetreecbd.com\/de\/wp-json\/wp\/v2\/media?parent=166350"}],"wp:term":[{"taxonomy":"product_brand","embeddable":true,"href":"https:\/\/thetreecbd.com\/de\/wp-json\/wp\/v2\/product_brand?post=166350"}],"curies":[{"name":"wp","href":"https:\/\/api.w.org\/{rel}","templated":true}]}}