{"id":166367,"date":"2023-09-04T16:31:16","date_gmt":"2023-09-04T14:31:16","guid":{"rendered":"https:\/\/thetreecbd.com\/cbd\/sweet-kase-infusion-hanftee-by-kase-o"},"modified":"2025-07-04T17:23:37","modified_gmt":"2025-07-04T15:23:37","slug":"sweet-kase-infusion-hanftee-by-kase-o","status":"publish","type":"product","link":"https:\/\/thetreecbd.com\/de\/cbd\/sweet-kase-infusion-hanftee-by-kase-o","title":{"rendered":"Sweet Kase Infusion: Hanftee by Kase.O"},"content":{"rendered":"<p data-start=\"93\" data-end=\"436\"><strong data-start=\"93\" data-end=\"189\">Tauche ein in eine Welt der Gelassenheit und Entspannung mit unserer Bio-Infusion Sweet Kase<\/strong>, einer besonderen Zusammenarbeit zwischen The Tree CBD und dem renommierten K\u00fcnstler Kase.O. Diese sorgf\u00e4ltig zusammengestellte Infusion vereint eine Auswahl hochwertiger nat\u00fcrlicher Zutaten, um dir einen Moment der Ruhe und Erholung zu schenken.<\/p>\n<p data-start=\"438\" data-end=\"847\"><strong data-start=\"438\" data-end=\"453\">Der Rooibos<\/strong>, bekannt f\u00fcr seine entspannenden Eigenschaften, wird mit <strong data-start=\"511\" data-end=\"519\">Hanf<\/strong> kombiniert \u2013 einer Pflanze mit au\u00dfergew\u00f6hnlichem Nutzen f\u00fcr das allgemeine Wohlbefinden. Gemeinsam bilden sie eine sanfte und wohltuende Basis, die dir hilft, den Alltagsstress loszulassen. <strong data-start=\"710\" data-end=\"747\">Kamille, Minze und Zitronenschale<\/strong> erg\u00e4nzen diese Mischung und sorgen bei jedem Schluck f\u00fcr ein beruhigendes und erfrischendes Gef\u00fchl.<\/p>\n<p data-start=\"849\" data-end=\"1156\">Um eine nat\u00fcrliche S\u00fc\u00dfe hinzuzuf\u00fcgen, haben wir <strong data-start=\"897\" data-end=\"912\">Apfelst\u00fccke<\/strong> integriert, die sich perfekt mit <strong data-start=\"946\" data-end=\"975\">S\u00fc\u00dfholz und Rosenbl\u00e4ttern<\/strong> verbinden und einen harmonischen Geschmacksausgleich schaffen. Diese Zutaten wurden sorgf\u00e4ltig ausgew\u00e4hlt, um Ruhe zu f\u00f6rdern und ein einzigartiges sensorisches Erlebnis zu bieten.<\/p>\n<p data-start=\"1158\" data-end=\"1460\">Unsere <strong data-start=\"1165\" data-end=\"1192\">Bio-Infusion Sweet Kase<\/strong> wird aus <strong data-start=\"1202\" data-end=\"1241\">100 % nachhaltig gewonnenen Zutaten<\/strong> hergestellt und ist <strong data-start=\"1262\" data-end=\"1289\">zertifiziert biologisch<\/strong>. Jede Komponente wurde verantwortungsvoll angebaut \u2013 ohne den Einsatz von Pestiziden oder sch\u00e4dlichen Chemikalien \u2013 um ihre Reinheit und nat\u00fcrlichen Vorteile zu bewahren.<\/p>\n<p data-start=\"1462\" data-end=\"1739\">Zur Verst\u00e4rkung der Qualit\u00e4t und Wirksamkeit unserer Zutaten haben wir ein <strong data-start=\"1537\" data-end=\"1558\">nat\u00fcrliches Aroma<\/strong> hinzugef\u00fcgt, das das Erlebnis dieser Infusion noch intensiviert. Jede Tasse h\u00fcllt dich in einen sanften, wohltuenden Duft und l\u00e4dt dich ein, dich einem erholsamen Traum hinzugeben.<\/p>\n<p data-start=\"1741\" data-end=\"2043\"><strong data-start=\"1741\" data-end=\"1830\">Genie\u00dfe die Bio-Infusion Sweet Kase von The Tree CBD und Kase.O vor dem Schlafengehen<\/strong>, um deinen Geist zu beruhigen und dich auf eine tiefe, regenerierende Ruhe vorzubereiten. Mit jedem Schluck wirst du in einen Zustand der Gelassenheit und des Wohlbefindens versetzt, der dir s\u00fc\u00dfe Tr\u00e4ume beschert.<\/p>\n<p data-start=\"2045\" data-end=\"2179\"><strong data-start=\"2045\" data-end=\"2077\">Entdecke die Kraft der Natur<\/strong> und schenke dir einen Moment der Ruhe mit unserer <strong data-start=\"2128\" data-end=\"2179\">Bio-Infusion Sweet Kase by The Tree und Kase.O.<\/strong><\/p>\n<h3 data-start=\"2186\" data-end=\"2241\"><strong data-start=\"2190\" data-end=\"2241\">Eigenschaften der Infusion Sweet Kase by Kase.O<\/strong><\/h3>\n<ul data-start=\"2242\" data-end=\"2419\">\n<li data-start=\"2242\" data-end=\"2290\">\n<p data-start=\"2244\" data-end=\"2290\">Entspannende Infusion mit Bio-Zertifizierung<\/p>\n<\/li>\n<li data-start=\"2291\" data-end=\"2307\">\n<p data-start=\"2293\" data-end=\"2307\">50 g Packung<\/p>\n<\/li>\n<li data-start=\"2308\" data-end=\"2419\">\n<p data-start=\"2310\" data-end=\"2419\"><strong data-start=\"2310\" data-end=\"2321\">Zutaten<\/strong>: Rooibos, Hanf, Kamille, Minze, Apfel, S\u00fc\u00dfholz, Zitronenschale, Rosenbl\u00e4tter, nat\u00fcrliches Aroma<\/p>\n<\/li>\n<\/ul>\n<h3 data-start=\"2426\" data-end=\"2477\"><strong data-start=\"2430\" data-end=\"2477\">Aroma der CBD-Infusion Sweet Kase By Kase.O<\/strong><\/h3>\n<p data-start=\"2479\" data-end=\"2793\">Das Aroma der Sweet Kase Infusion ist eine exquisite Kombination aus sanften und wohltuenden Noten, die dich mit einem warmen und entspannenden Gef\u00fchl umh\u00fcllen. Wenn du die Tasse an deine Nase f\u00fchrst, empf\u00e4ngt dich ein zarter <strong data-start=\"2705\" data-end=\"2719\">Blumenduft<\/strong> der <strong data-start=\"2724\" data-end=\"2740\">Rosenbl\u00e4tter<\/strong>, der eine elegante und verf\u00fchrerische Note verleiht.<\/p>\n<p data-start=\"2795\" data-end=\"3037\">Die s\u00fc\u00dfen und frischen <strong data-start=\"2818\" data-end=\"2858\">Nuancen von Apfel und Zitronenschale<\/strong> verschmelzen sanft und schaffen ein wohliges und belebendes Gef\u00fchl. <strong data-start=\"2927\" data-end=\"2948\">Kamille und Minze<\/strong> verleihen eine kr\u00e4uterige, erfrischende Note, die zum allgemeinen Wohlbefinden beitr\u00e4gt.<\/p>\n<p data-start=\"3039\" data-end=\"3276\"><strong data-start=\"3039\" data-end=\"3059\">Rooibos und Hanf<\/strong> bringen erdige, holzige Akzente mit, die an die Natur in ihrem reinsten Zustand erinnern. Auch die <strong data-start=\"3159\" data-end=\"3174\">S\u00fc\u00dfholznote<\/strong> ist wahrnehmbar und bringt eine dezente S\u00fc\u00dfe mit sich, die sich harmonisch in das Gesamtbild einf\u00fcgt.<\/p>\n<p data-start=\"3278\" data-end=\"3557\">Das <strong data-start=\"3282\" data-end=\"3315\">hinzugef\u00fcgte nat\u00fcrliche Aroma<\/strong> hebt das gesamte Dufterlebnis hervor, intensiviert die entspannenden und beruhigenden Eigenschaften der Infusion und sorgt f\u00fcr ein sanftes, aber unverkennbares Aroma, das bereits vor dem ersten Schluck ein Gef\u00fchl von Geborgenheit vermittelt.<\/p>\n<p data-start=\"3559\" data-end=\"3771\">Die Sweet Kase Infusion besitzt ein <strong data-start=\"3595\" data-end=\"3635\">subtiles und harmonisches Duftprofil<\/strong>, das Ruhe und Gelassenheit evoziert \u2013 perfekt, um abzuschalten und in eine entspannende und ausgleichende Sinneserfahrung einzutauchen.<\/p>\n<h3 data-start=\"3778\" data-end=\"3796\"><strong data-start=\"3782\" data-end=\"3796\">Zielgruppe<\/strong><\/h3>\n<p data-start=\"3798\" data-end=\"4062\">Die <strong data-start=\"3802\" data-end=\"3829\">Bio-Infusion Sweet Kase<\/strong> ist ideal f\u00fcr alle, die sich vor dem Schlafengehen einen Moment der Ruhe und Entspannung g\u00f6nnen m\u00f6chten. Sie ist besonders geeignet f\u00fcr Menschen, die ihre Schlafqualit\u00e4t verbessern und von <strong data-start=\"4019\" data-end=\"4041\">erholsamen Tr\u00e4umen<\/strong> profitieren m\u00f6chten.<\/p>\n<p data-start=\"4064\" data-end=\"4414\">Perfekt f\u00fcr alle, die unter <strong data-start=\"4092\" data-end=\"4118\">Stress oder Anspannung<\/strong> leiden und eine nat\u00fcrliche L\u00f6sung suchen, um den Geist zu beruhigen und sich auf eine ruhige Nacht vorzubereiten. Die sorgf\u00e4ltig ausgew\u00e4hlten Inhaltsstoffe wie <strong data-start=\"4279\" data-end=\"4290\">Kamille<\/strong> und <strong data-start=\"4295\" data-end=\"4304\">Minze<\/strong> haben beruhigende Eigenschaften, die helfen, Anspannung zu l\u00f6sen und ein Gef\u00fchl des Wohlbefindens zu f\u00f6rdern.<\/p>\n<p data-start=\"4416\" data-end=\"4635\">Diese Infusion eignet sich auch hervorragend f\u00fcr Genie\u00dfer, die abends gerne eine aromatische Tasse Tee trinken. Ihr sanftes, beruhigendes Aroma und der feine Geschmack schaffen einen Moment der Pause und Selbstf\u00fcrsorge.<\/p>\n<p data-start=\"4637\" data-end=\"4825\">Da es sich um eine <strong data-start=\"4656\" data-end=\"4704\">\u00f6kologische Infusion mit nat\u00fcrlichen Zutaten<\/strong> handelt, ist sie auch eine ausgezeichnete Wahl f\u00fcr Menschen, die Wert auf <strong data-start=\"4779\" data-end=\"4797\">Nachhaltigkeit<\/strong> und <strong data-start=\"4802\" data-end=\"4818\">Umweltschutz<\/strong> legen.<\/p>\n<p data-start=\"4827\" data-end=\"5083\">Diese Infusion l\u00e4dt dich dazu ein, dich vom hektischen Alltag zu l\u00f6sen und dir einen Moment <strong data-start=\"4919\" data-end=\"4944\">echter Selbstf\u00fcrsorge<\/strong> und Entspannung zu g\u00f6nnen \u2013 die perfekte Vorbereitung auf einen tiefen und erholsamen Schlaf, der dich am Morgen erfrischt erwachen l\u00e4sst.<\/p>\n<h3 data-start=\"5090\" data-end=\"5116\"><strong data-start=\"5094\" data-end=\"5116\">Sicherheitshinweis<\/strong><\/h3>\n<p data-start=\"5118\" data-end=\"5329\"><strong data-start=\"5118\" data-end=\"5168\">Licht beeintr\u00e4chtigt die Qualit\u00e4t von Kr\u00e4utern<\/strong>, daher ist es nicht empfehlenswert, sie in Glasbeh\u00e4ltern aufzubewahren \u2013 auch wenn sie dekorativ wirken. <strong data-start=\"5274\" data-end=\"5329\">Wir empfehlen eine Dose mit luftdichtem Verschluss.<\/strong><\/p>\n<p data-start=\"5331\" data-end=\"5520\">Am besten wird die Infusion in einem <strong data-start=\"5368\" data-end=\"5405\">luftdicht verschlossenen Beh\u00e4lter<\/strong> aufbewahrt, der das Eindringen von Ger\u00fcchen verhindert und die Mischung wirksam vor Feuchtigkeit und Luft sch\u00fctzt.<\/p>\n<h3 data-start=\"5527\" data-end=\"5543\"><strong data-start=\"5531\" data-end=\"5543\">Lagerung<\/strong><\/h3>\n<p data-start=\"5545\" data-end=\"5749\">Nach dem Kauf der Sweet Kase Infusion ist es wichtig, sie richtig zu lagern. <strong data-start=\"5622\" data-end=\"5678\">Am besten in einer luftdichten Dose (nicht aus Glas)<\/strong> an einem <strong data-start=\"5688\" data-end=\"5713\">k\u00fchlen, trockenen Ort<\/strong>, der frei von starken Ger\u00fcchen ist.<\/p>\n<p data-start=\"5751\" data-end=\"6031\">Die Sweet Kase Infusion sollte an einem <strong data-start=\"5791\" data-end=\"5836\">trockenen, sauberen Ort ohne Fremdger\u00fcche<\/strong> gelagert werden, um ihre <strong data-start=\"5862\" data-end=\"5892\">sensorischen Eigenschaften<\/strong> zu bewahren. Die Lagertemperatur sollte idealerweise <strong data-start=\"5946\" data-end=\"5966\">nicht \u00fcber 20 \u00b0C<\/strong> liegen \u2013 besonders in den w\u00e4rmeren Monaten ist darauf zu achten.<\/p>\n","protected":false},"excerpt":{"rendered":"<div class=\"flex max-w-full flex-col grow\">\n<div class=\"min-h-8 text-message relative flex w-full flex-col items-end gap-2 text-start break-words whitespace-normal [.text-message+&amp;]:mt-5\" dir=\"auto\" data-message-author-role=\"assistant\" data-message-id=\"86bb90e3-f877-41dc-9cd3-dee5b55f194a\" data-message-model-slug=\"gpt-4o\">\n<div class=\"flex w-full flex-col gap-1 empty:hidden first:pt-[3px]\">\n<div class=\"markdown prose dark:prose-invert w-full break-words dark\">\n<ul>\n<li data-start=\"38\" data-end=\"215\"><strong data-start=\"38\" data-end=\"86\">Entspannende Infusion mit Bio-Zertifizierung<\/strong><\/li>\n<li data-start=\"38\" data-end=\"215\"><strong data-start=\"89\" data-end=\"105\">50 g Packung<\/strong><\/li>\n<li data-start=\"38\" data-end=\"215\"><strong data-start=\"108\" data-end=\"120\">Zutaten:<\/strong> Rooibos, Hanf, Kamille, Minze, Apfel, S\u00fc\u00dfholz, Zitronenschale, Rosenbl\u00e4tter, nat\u00fcrliches Aroma<\/li>\n<\/ul>\n<\/div>\n<\/div>\n<\/div>\n<\/div>\n<div class=\"flex justify-start\">\n<div class=\"touch:-me-2 touch:-ms-3.5 -ms-2.5 -me-1 flex items-center p-1 select-none -mt-1 duration-[1.5s] focus-within:transition-none hover:transition-none pointer-events-none [mask-image:linear-gradient(to_right,black_33%,transparent_66%)] [mask-size:300%_100%] [mask-position:100%_0%] motion-safe:transition-[mask-position] group-hover\/turn-messages:pointer-events-auto group-hover\/turn-messages:[mask-position:0_0] group-focus-within\/turn-messages:pointer-events-auto group-focus-within\/turn-messages:[mask-position:0_0] has-data-[state=open]:pointer-events-auto has-data-[state=open]:[mask-position:0_0]\"><\/div>\n<\/div>\n<div class=\"mt-3 w-full empty:hidden\">\n<div class=\"text-center\">\n<div class=\"mx-auto\">\n<div>\n<div class=\"inline-flex rounded-xl border border-gray-100 dark:border-gray-700\">\n<div class=\"me-12 flex items-center px-4 py-3 text-start\">\n<div class=\"ms-4\">\n<div class=\"text-token-main-surface-primary-inverse text-sm font-semibold\"><\/div>\n<\/div>\n<\/div>\n<\/div>\n<\/div>\n<\/div>\n<\/div>\n<\/div>\n","protected":false},"featured_media":166371,"template":"","meta":{"_acf_changed":false},"product_brand":[],"class_list":{"0":"post-166367","1":"product","2":"type-product","3":"status-publish","4":"has-post-thumbnail","6":"product_cat-cbd-angebote","7":"product_cat-hanf-tees","8":"product_cat-lebensmittel","9":"product_cat-sweet-kase-cbd-de","11":"first","12":"instock","13":"sale","14":"taxable","15":"shipping-taxable","16":"purchasable","17":"product-type-simple"},"acf":[],"yoast_head":"<!-- This site is optimized with the Yoast SEO plugin v26.3 - https:\/\/yoast.com\/wordpress\/plugins\/seo\/ -->\n<title>Sweet Kase Infusion: Hanftee by Kase.O - The Tree CBD<\/title>\n<meta name=\"description\" content=\"Hanf-Infusion von Kase.O f\u00fcr v\u00f6llige Entspannung. Entdecke das Gleichgewicht von Sweet Kase zwischen Zitrusnoten und entspannenden Zutaten mit einem angenehmen Aroma.\" \/>\n<meta name=\"robots\" content=\"index, follow, max-snippet:-1, max-image-preview:large, max-video-preview:-1\" \/>\n<link rel=\"canonical\" href=\"https:\/\/thetreecbd.com\/de\/cbd\/sweet-kase-infusion-hanftee-by-kase-o\" \/>\n<meta property=\"og:locale\" content=\"de_DE\" \/>\n<meta property=\"og:type\" content=\"article\" \/>\n<meta property=\"og:title\" content=\"Sweet Kase Infusion: Hanftee by Kase.O - The Tree CBD\" \/>\n<meta property=\"og:description\" content=\"Hanf-Infusion von Kase.O f\u00fcr v\u00f6llige Entspannung. Entdecke das Gleichgewicht von Sweet Kase zwischen Zitrusnoten und entspannenden Zutaten mit einem angenehmen Aroma.\" \/>\n<meta property=\"og:url\" content=\"https:\/\/thetreecbd.com\/de\/cbd\/sweet-kase-infusion-hanftee-by-kase-o\" \/>\n<meta property=\"og:site_name\" content=\"The Tree CBD\" \/>\n<meta property=\"article:publisher\" content=\"https:\/\/www.facebook.com\/thetreeCBD\/\" \/>\n<meta property=\"article:modified_time\" content=\"2025-07-04T15:23:37+00:00\" \/>\n<meta property=\"og:image\" content=\"https:\/\/thetreecbd.com\/wp-content\/uploads\/2023\/09\/flor-sweet-kase-web.png\" \/>\n\t<meta property=\"og:image:width\" content=\"600\" \/>\n\t<meta property=\"og:image:height\" content=\"720\" \/>\n\t<meta property=\"og:image:type\" content=\"image\/png\" \/>\n<meta name=\"twitter:card\" content=\"summary_large_image\" \/>\n<meta name=\"twitter:site\" content=\"@TheTreeCBD_EU\" \/>\n<meta name=\"twitter:label1\" content=\"Gesch\u00e4tzte Lesezeit\" \/>\n\t<meta name=\"twitter:data1\" content=\"4\u00a0Minuten\" \/>\n<script type=\"application\/ld+json\" class=\"yoast-schema-graph\">{\"@context\":\"https:\/\/schema.org\",\"@graph\":[{\"@type\":[\"WebPage\",\"ItemPage\"],\"@id\":\"https:\/\/thetreecbd.com\/de\/cbd\/sweet-kase-infusion-hanftee-by-kase-o\",\"url\":\"https:\/\/thetreecbd.com\/de\/cbd\/sweet-kase-infusion-hanftee-by-kase-o\",\"name\":\"Sweet Kase Infusion: Hanftee by Kase.O - The Tree CBD\",\"isPartOf\":{\"@id\":\"https:\/\/thetreecbd.com\/de#website\"},\"primaryImageOfPage\":{\"@id\":\"https:\/\/thetreecbd.com\/de\/cbd\/sweet-kase-infusion-hanftee-by-kase-o#primaryimage\"},\"image\":{\"@id\":\"https:\/\/thetreecbd.com\/de\/cbd\/sweet-kase-infusion-hanftee-by-kase-o#primaryimage\"},\"thumbnailUrl\":\"https:\/\/thetreecbd.com\/wp-content\/uploads\/2023\/09\/flor-sweet-kase-web.png\",\"datePublished\":\"2023-09-04T14:31:16+00:00\",\"dateModified\":\"2025-07-04T15:23:37+00:00\",\"description\":\"Hanf-Infusion von Kase.O f\u00fcr v\u00f6llige Entspannung. Entdecke das Gleichgewicht von Sweet Kase zwischen Zitrusnoten und entspannenden Zutaten mit einem angenehmen Aroma.\",\"breadcrumb\":{\"@id\":\"https:\/\/thetreecbd.com\/de\/cbd\/sweet-kase-infusion-hanftee-by-kase-o#breadcrumb\"},\"inLanguage\":\"de\",\"potentialAction\":[{\"@type\":\"ReadAction\",\"target\":[\"https:\/\/thetreecbd.com\/de\/cbd\/sweet-kase-infusion-hanftee-by-kase-o\"]}]},{\"@type\":\"ImageObject\",\"inLanguage\":\"de\",\"@id\":\"https:\/\/thetreecbd.com\/de\/cbd\/sweet-kase-infusion-hanftee-by-kase-o#primaryimage\",\"url\":\"https:\/\/thetreecbd.com\/wp-content\/uploads\/2023\/09\/flor-sweet-kase-web.png\",\"contentUrl\":\"https:\/\/thetreecbd.com\/wp-content\/uploads\/2023\/09\/flor-sweet-kase-web.png\",\"width\":600,\"height\":720},{\"@type\":\"BreadcrumbList\",\"@id\":\"https:\/\/thetreecbd.com\/de\/cbd\/sweet-kase-infusion-hanftee-by-kase-o#breadcrumb\",\"itemListElement\":[{\"@type\":\"ListItem\",\"position\":1,\"name\":\"The Tree\",\"item\":\"https:\/\/thetreecbd.com\/de\"},{\"@type\":\"ListItem\",\"position\":2,\"name\":\"CBD\",\"item\":\"https:\/\/thetreecbd.com\/es\/cbd\"},{\"@type\":\"ListItem\",\"position\":3,\"name\":\"CBD-Angebote\",\"item\":\"https:\/\/thetreecbd.com\/de\/cbd-angebote\"},{\"@type\":\"ListItem\",\"position\":4,\"name\":\"Sweet Kase Infusion: Hanftee by Kase.O\"}]},{\"@type\":\"WebSite\",\"@id\":\"https:\/\/thetreecbd.com\/de#website\",\"url\":\"https:\/\/thetreecbd.com\/de\",\"name\":\"The Tree CBD\",\"description\":\"Comprar CBD en Espa\u00f1a Online\",\"publisher\":{\"@id\":\"https:\/\/thetreecbd.com\/de#organization\"},\"potentialAction\":[{\"@type\":\"SearchAction\",\"target\":{\"@type\":\"EntryPoint\",\"urlTemplate\":\"https:\/\/thetreecbd.com\/de?s={search_term_string}\"},\"query-input\":{\"@type\":\"PropertyValueSpecification\",\"valueRequired\":true,\"valueName\":\"search_term_string\"}}],\"inLanguage\":\"de\"},{\"@type\":\"Organization\",\"@id\":\"https:\/\/thetreecbd.com\/de#organization\",\"name\":\"The Tree CBD\",\"url\":\"https:\/\/thetreecbd.com\/de\",\"logo\":{\"@type\":\"ImageObject\",\"inLanguage\":\"de\",\"@id\":\"https:\/\/thetreecbd.com\/de#\/schema\/logo\/image\/\",\"url\":\"https:\/\/thetreecbd.com\/wp-content\/uploads\/2022\/04\/logo-thetree.png\",\"contentUrl\":\"https:\/\/thetreecbd.com\/wp-content\/uploads\/2022\/04\/logo-thetree.png\",\"width\":172,\"height\":55,\"caption\":\"The Tree CBD\"},\"image\":{\"@id\":\"https:\/\/thetreecbd.com\/de#\/schema\/logo\/image\/\"},\"sameAs\":[\"https:\/\/www.facebook.com\/thetreeCBD\/\",\"https:\/\/x.com\/TheTreeCBD_EU\",\"https:\/\/www.instagram.com\/thetree.cbd\/\",\"https:\/\/es.trustpilot.com\/review\/thetreecbd.com\"]}]}<\/script>\n<!-- \/ Yoast SEO plugin. -->","yoast_head_json":{"title":"Sweet Kase Infusion: Hanftee by Kase.O - The Tree CBD","description":"Hanf-Infusion von Kase.O f\u00fcr v\u00f6llige Entspannung. Entdecke das Gleichgewicht von Sweet Kase zwischen Zitrusnoten und entspannenden Zutaten mit einem angenehmen Aroma.","robots":{"index":"index","follow":"follow","max-snippet":"max-snippet:-1","max-image-preview":"max-image-preview:large","max-video-preview":"max-video-preview:-1"},"canonical":"https:\/\/thetreecbd.com\/de\/cbd\/sweet-kase-infusion-hanftee-by-kase-o","og_locale":"de_DE","og_type":"article","og_title":"Sweet Kase Infusion: Hanftee by Kase.O - The Tree CBD","og_description":"Hanf-Infusion von Kase.O f\u00fcr v\u00f6llige Entspannung. Entdecke das Gleichgewicht von Sweet Kase zwischen Zitrusnoten und entspannenden Zutaten mit einem angenehmen Aroma.","og_url":"https:\/\/thetreecbd.com\/de\/cbd\/sweet-kase-infusion-hanftee-by-kase-o","og_site_name":"The Tree CBD","article_publisher":"https:\/\/www.facebook.com\/thetreeCBD\/","article_modified_time":"2025-07-04T15:23:37+00:00","og_image":[{"width":600,"height":720,"url":"https:\/\/thetreecbd.com\/wp-content\/uploads\/2023\/09\/flor-sweet-kase-web.png","type":"image\/png"}],"twitter_card":"summary_large_image","twitter_site":"@TheTreeCBD_EU","twitter_misc":{"Gesch\u00e4tzte Lesezeit":"4\u00a0Minuten"},"schema":{"@context":"https:\/\/schema.org","@graph":[{"@type":["WebPage","ItemPage"],"@id":"https:\/\/thetreecbd.com\/de\/cbd\/sweet-kase-infusion-hanftee-by-kase-o","url":"https:\/\/thetreecbd.com\/de\/cbd\/sweet-kase-infusion-hanftee-by-kase-o","name":"Sweet Kase Infusion: Hanftee by Kase.O - The Tree CBD","isPartOf":{"@id":"https:\/\/thetreecbd.com\/de#website"},"primaryImageOfPage":{"@id":"https:\/\/thetreecbd.com\/de\/cbd\/sweet-kase-infusion-hanftee-by-kase-o#primaryimage"},"image":{"@id":"https:\/\/thetreecbd.com\/de\/cbd\/sweet-kase-infusion-hanftee-by-kase-o#primaryimage"},"thumbnailUrl":"https:\/\/thetreecbd.com\/wp-content\/uploads\/2023\/09\/flor-sweet-kase-web.png","datePublished":"2023-09-04T14:31:16+00:00","dateModified":"2025-07-04T15:23:37+00:00","description":"Hanf-Infusion von Kase.O f\u00fcr v\u00f6llige Entspannung. Entdecke das Gleichgewicht von Sweet Kase zwischen Zitrusnoten und entspannenden Zutaten mit einem angenehmen Aroma.","breadcrumb":{"@id":"https:\/\/thetreecbd.com\/de\/cbd\/sweet-kase-infusion-hanftee-by-kase-o#breadcrumb"},"inLanguage":"de","potentialAction":[{"@type":"ReadAction","target":["https:\/\/thetreecbd.com\/de\/cbd\/sweet-kase-infusion-hanftee-by-kase-o"]}]},{"@type":"ImageObject","inLanguage":"de","@id":"https:\/\/thetreecbd.com\/de\/cbd\/sweet-kase-infusion-hanftee-by-kase-o#primaryimage","url":"https:\/\/thetreecbd.com\/wp-content\/uploads\/2023\/09\/flor-sweet-kase-web.png","contentUrl":"https:\/\/thetreecbd.com\/wp-content\/uploads\/2023\/09\/flor-sweet-kase-web.png","width":600,"height":720},{"@type":"BreadcrumbList","@id":"https:\/\/thetreecbd.com\/de\/cbd\/sweet-kase-infusion-hanftee-by-kase-o#breadcrumb","itemListElement":[{"@type":"ListItem","position":1,"name":"The Tree","item":"https:\/\/thetreecbd.com\/de"},{"@type":"ListItem","position":2,"name":"CBD","item":"https:\/\/thetreecbd.com\/es\/cbd"},{"@type":"ListItem","position":3,"name":"CBD-Angebote","item":"https:\/\/thetreecbd.com\/de\/cbd-angebote"},{"@type":"ListItem","position":4,"name":"Sweet Kase Infusion: Hanftee by Kase.O"}]},{"@type":"WebSite","@id":"https:\/\/thetreecbd.com\/de#website","url":"https:\/\/thetreecbd.com\/de","name":"The Tree CBD","description":"Comprar CBD en Espa\u00f1a Online","publisher":{"@id":"https:\/\/thetreecbd.com\/de#organization"},"potentialAction":[{"@type":"SearchAction","target":{"@type":"EntryPoint","urlTemplate":"https:\/\/thetreecbd.com\/de?s={search_term_string}"},"query-input":{"@type":"PropertyValueSpecification","valueRequired":true,"valueName":"search_term_string"}}],"inLanguage":"de"},{"@type":"Organization","@id":"https:\/\/thetreecbd.com\/de#organization","name":"The Tree CBD","url":"https:\/\/thetreecbd.com\/de","logo":{"@type":"ImageObject","inLanguage":"de","@id":"https:\/\/thetreecbd.com\/de#\/schema\/logo\/image\/","url":"https:\/\/thetreecbd.com\/wp-content\/uploads\/2022\/04\/logo-thetree.png","contentUrl":"https:\/\/thetreecbd.com\/wp-content\/uploads\/2022\/04\/logo-thetree.png","width":172,"height":55,"caption":"The Tree CBD"},"image":{"@id":"https:\/\/thetreecbd.com\/de#\/schema\/logo\/image\/"},"sameAs":["https:\/\/www.facebook.com\/thetreeCBD\/","https:\/\/x.com\/TheTreeCBD_EU","https:\/\/www.instagram.com\/thetree.cbd\/","https:\/\/es.trustpilot.com\/review\/thetreecbd.com"]}]}},"_links":{"self":[{"href":"https:\/\/thetreecbd.com\/de\/wp-json\/wp\/v2\/product\/166367","targetHints":{"allow":["GET"]}}],"collection":[{"href":"https:\/\/thetreecbd.com\/de\/wp-json\/wp\/v2\/product"}],"about":[{"href":"https:\/\/thetreecbd.com\/de\/wp-json\/wp\/v2\/types\/product"}],"version-history":[{"count":0,"href":"https:\/\/thetreecbd.com\/de\/wp-json\/wp\/v2\/product\/166367\/revisions"}],"wp:featuredmedia":[{"embeddable":true,"href":"https:\/\/thetreecbd.com\/de\/wp-json\/wp\/v2\/media\/166371"}],"wp:attachment":[{"href":"https:\/\/thetreecbd.com\/de\/wp-json\/wp\/v2\/media?parent=166367"}],"wp:term":[{"taxonomy":"product_brand","embeddable":true,"href":"https:\/\/thetreecbd.com\/de\/wp-json\/wp\/v2\/product_brand?post=166367"}],"curies":[{"name":"wp","href":"https:\/\/api.w.org\/{rel}","templated":true}]}}