{"id":166432,"date":"2025-04-28T11:35:07","date_gmt":"2025-04-28T09:35:07","guid":{"rendered":"https:\/\/thetreecbd.com\/cbd\/fresh-kase-honig-hanfhonig"},"modified":"2025-09-04T17:00:12","modified_gmt":"2025-09-04T15:00:12","slug":"fresh-kase-hanfhonig","status":"publish","type":"product","link":"https:\/\/thetreecbd.com\/de\/cbd\/fresh-kase-hanfhonig","title":{"rendered":"Fresh Kase Hanfhonig"},"content":{"rendered":"<p data-start=\"98\" data-end=\"168\"><strong data-start=\"98\" data-end=\"168\">Fresh Kase Honig \u2013 Die perfekte Verbindung von Natur und Geschmack<\/strong><\/p>\n<p data-start=\"170\" data-end=\"449\">Entdecke den Fresh Kase Honig \u2013 ein einzigartiges Erlebnis, das in Zusammenarbeit mit dem K\u00fcnstler Kase.O und The Tree CBD entstanden ist. Dieser exquisite Honig wird aus \u00f6kologisch angebauten Wildblumen hergestellt und respektiert dabei die nat\u00fcrliche Umgebung in h\u00f6chstem Ma\u00dfe.<\/p>\n<p data-start=\"451\" data-end=\"754\">Angereichert mit Hanfsamen\u00f6l vereint er die n\u00e4hrstoffreichen Eigenschaften von Honig mit den Vorteilen des Hanfs und bietet einen milden, ausgewogenen Geschmack mit einem innovativen Touch. Mit seiner 250-Gramm-Verpackung ist er ideal, um besondere Momente auf gesunde und nachhaltige Weise zu vers\u00fc\u00dfen.<\/p>\n<p data-start=\"756\" data-end=\"1009\">Fresh Kase Honig ist mehr als nur ein Produkt \u2013 er ist eine Hommage an die Verbindung von Kunst, Natur und Wohlbefinden. Ein Honig, der f\u00fcr Authentizit\u00e4t und Kreativit\u00e4t steht \u2013 gedacht f\u00fcr alle, die bei jedem L\u00f6ffel Qualit\u00e4t und Einzigartigkeit suchen.<\/p>\n<p data-start=\"1011\" data-end=\"1220\"><strong data-start=\"1011\" data-end=\"1050\">Eigenschaften von Fresh Kase Honig:<\/strong><br data-start=\"1050\" data-end=\"1053\" \/><strong data-start=\"1053\" data-end=\"1065\">Zutaten:<\/strong> Bio-Wildblumenhonig und Hanfsamen\u00f6l<br data-start=\"1101\" data-end=\"1104\" \/><strong data-start=\"1104\" data-end=\"1117\">Herkunft:<\/strong> \u00d6kologischer und nachhaltiger Anbau<br data-start=\"1153\" data-end=\"1156\" \/><strong data-start=\"1156\" data-end=\"1168\">Gewicht:<\/strong> 250 Gramm<br data-start=\"1178\" data-end=\"1181\" \/><strong data-start=\"1181\" data-end=\"1220\">Sonderedition ausgew\u00e4hlt von Kase.O<\/strong><\/p>\n<p data-start=\"1222\" data-end=\"1280\">Mach deinen Tag zu einem Meisterwerk mit Fresh Kase Honig.<\/p>\n<hr data-start=\"1282\" data-end=\"1285\" \/>\n<p data-start=\"1287\" data-end=\"1472\"><strong data-start=\"1287\" data-end=\"1302\">Zielgruppe:<\/strong><br data-start=\"1302\" data-end=\"1305\" \/>Der Fresh Kase Honig richtet sich an Menschen, die Qualit\u00e4t, Nat\u00fcrlichkeit und Kreativit\u00e4t in den Produkten, die sie konsumieren, zu sch\u00e4tzen wissen. Er ist ideal f\u00fcr:<\/p>\n<ul data-start=\"1474\" data-end=\"2144\">\n<li data-start=\"1474\" data-end=\"1623\">\n<p data-start=\"1476\" data-end=\"1623\"><strong data-start=\"1476\" data-end=\"1517\">Liebhaber eines gesunden Lebensstils:<\/strong> F\u00fcr alle, die nat\u00fcrliche und \u00f6kologische Lebensmittel zur Unterst\u00fctzung ihres Wohlbefindens bevorzugen.<\/p>\n<\/li>\n<li data-start=\"1624\" data-end=\"1733\">\n<p data-start=\"1626\" data-end=\"1733\"><strong data-start=\"1626\" data-end=\"1651\">Bewusste Verbraucher:<\/strong> Menschen, die nachhaltig angebaute und umweltfreundliche Produkte priorisieren.<\/p>\n<\/li>\n<li data-start=\"1734\" data-end=\"1874\">\n<p data-start=\"1736\" data-end=\"1874\"><strong data-start=\"1736\" data-end=\"1756\">Fans von Kase.O:<\/strong> Anh\u00e4nger des K\u00fcnstlers, die durch dieses besondere Produkt eine Verbindung zu seiner Vision und seinem Stil suchen.<\/p>\n<\/li>\n<li data-start=\"1875\" data-end=\"2012\">\n<p data-start=\"1877\" data-end=\"2012\"><strong data-start=\"1877\" data-end=\"1901\">Geschmacksentdecker:<\/strong> F\u00fcr jene, die gerne innovative Kombinationen probieren \u2013 wie die Fusion von Wildblumenhonig mit Hanfsamen\u00f6l.<\/p>\n<\/li>\n<li data-start=\"2013\" data-end=\"2144\">\n<p data-start=\"2015\" data-end=\"2144\"><strong data-start=\"2015\" data-end=\"2054\">Liebhaber urbaner Kultur und Kunst:<\/strong> F\u00fcr alle, die Produkte sch\u00e4tzen, die Allt\u00e4gliches mit k\u00fcnstlerischem Ausdruck vereinen.<\/p>\n<\/li>\n<\/ul>\n<p data-start=\"2146\" data-end=\"2297\">Kurz gesagt: perfekt f\u00fcr alle, die einen hochwertigen Honig mit einer besonderen Note suchen \u2013 im Einklang mit bewussten und nachhaltigen Konsumwerten.<\/p>\n<hr data-start=\"2299\" data-end=\"2302\" \/>\n<p data-start=\"2304\" data-end=\"2330\"><strong data-start=\"2304\" data-end=\"2328\">Sicherheitshinweise:<\/strong><\/p>\n<ul data-start=\"2331\" data-end=\"2640\">\n<li data-start=\"2331\" data-end=\"2424\">\n<p data-start=\"2333\" data-end=\"2424\">Nicht geeignet f\u00fcr Kinder unter 1 Jahr \u2013 wegen des Risikos von Botulismus bei S\u00e4uglingen.<\/p>\n<\/li>\n<li data-start=\"2425\" data-end=\"2521\">\n<p data-start=\"2427\" data-end=\"2521\">Bei Allergien gegen Honig, Bienenprodukte oder Hanf konsultiere vor dem Verzehr deinen Arzt.<\/p>\n<\/li>\n<li data-start=\"2522\" data-end=\"2575\">\n<p data-start=\"2524\" data-end=\"2575\">Au\u00dferhalb der Reichweite von Kindern aufbewahren.<\/p>\n<\/li>\n<li data-start=\"2576\" data-end=\"2640\">\n<p data-start=\"2578\" data-end=\"2640\">In Ma\u00dfen im Rahmen einer ausgewogenen Ern\u00e4hrung konsumieren.<\/p>\n<\/li>\n<\/ul>\n<hr data-start=\"2642\" data-end=\"2645\" \/>\n<p data-start=\"2647\" data-end=\"2662\"><strong data-start=\"2647\" data-end=\"2660\">Lagerung:<\/strong><\/p>\n<ul data-start=\"2663\" data-end=\"2973\">\n<li data-start=\"2663\" data-end=\"2756\">\n<p data-start=\"2665\" data-end=\"2756\">K\u00fchl, trocken und lichtgesch\u00fctzt aufbewahren, um Geschmack und Eigenschaften zu erhalten.<\/p>\n<\/li>\n<li data-start=\"2757\" data-end=\"2869\">\n<p data-start=\"2759\" data-end=\"2869\">Extreme Temperaturen vermeiden. Nicht im K\u00fchlschrank lagern, da dies die Kristallisation beschleunigen kann.<\/p>\n<\/li>\n<li data-start=\"2870\" data-end=\"2973\">\n<p data-start=\"2872\" data-end=\"2973\">Verpackung nach jeder Verwendung gut verschlie\u00dfen, um Feuchtigkeit und Verunreinigung zu vermeiden.<\/p>\n<\/li>\n<\/ul>\n<p data-start=\"2975\" data-end=\"3173\"><strong data-start=\"2975\" data-end=\"2987\">Hinweis:<\/strong> Kristallisation ist ein nat\u00fcrlicher Vorgang und beeintr\u00e4chtigt die Qualit\u00e4t nicht. Bei Bedarf kann der Honig durch leichtes Erw\u00e4rmen im Wasserbad (max. 40 \u00b0C) wieder verfl\u00fcssigt werden.<\/p>\n","protected":false},"excerpt":{"rendered":"<ul>\n<li data-start=\"64\" data-end=\"296\"><strong data-start=\"64\" data-end=\"76\">Zutaten:<\/strong> Bio-Wildblumenhonig und Hanfsamen\u00f6l.<\/li>\n<li data-start=\"64\" data-end=\"296\"><strong data-start=\"116\" data-end=\"129\">Herkunft:<\/strong> \u00d6kologischer und nachhaltiger Anbau.<\/li>\n<li data-start=\"64\" data-end=\"296\"><strong data-start=\"169\" data-end=\"181\" data-is-only-node=\"\">Gewicht:<\/strong> 250 Gramm.<\/li>\n<li data-start=\"64\" data-end=\"296\"><strong data-start=\"195\" data-end=\"235\">Sonderedition ausgew\u00e4hlt von Kase.O.<\/strong><\/li>\n<\/ul>\n<p data-start=\"64\" data-end=\"296\"><br data-start=\"235\" data-end=\"238\" \/>Mach deinen Tag zu einem Meisterwerk mit Fresh Kase Honig.<\/p>\n","protected":false},"featured_media":166420,"template":"","meta":{"_acf_changed":false},"product_brand":[],"class_list":{"0":"post-166432","1":"product","2":"type-product","3":"status-publish","4":"has-post-thumbnail","6":"product_cat-cbd-angebote","7":"product_cat-fresh-kase-cbd-von-kase-o","8":"product_cat-lebensmittel","10":"first","11":"instock","12":"sale","13":"taxable","14":"shipping-taxable","15":"purchasable","16":"product-type-simple"},"acf":[],"yoast_head":"<!-- This site is optimized with the Yoast SEO plugin v26.3 - https:\/\/yoast.com\/wordpress\/plugins\/seo\/ -->\n<title>Fresh Kase Hanfhonig | The Tree CBD<\/title>\n<meta name=\"description\" content=\"Fresh Kase Honig: Bio-Wildblumenhonig mit Hanfsamen\u00f6l. Eine einzigartige Zusammenarbeit mit Kase.O \u2013 ideal f\u00fcr einen gesunden Lebensstil.\" \/>\n<meta name=\"robots\" content=\"index, follow, max-snippet:-1, max-image-preview:large, max-video-preview:-1\" \/>\n<link rel=\"canonical\" href=\"https:\/\/thetreecbd.com\/de\/cbd\/fresh-kase-hanfhonig\" \/>\n<meta property=\"og:locale\" content=\"de_DE\" \/>\n<meta property=\"og:type\" content=\"article\" \/>\n<meta property=\"og:title\" content=\"Fresh Kase Hanfhonig | The Tree CBD\" \/>\n<meta property=\"og:description\" content=\"Fresh Kase Honig: Bio-Wildblumenhonig mit Hanfsamen\u00f6l. Eine einzigartige Zusammenarbeit mit Kase.O \u2013 ideal f\u00fcr einen gesunden Lebensstil.\" \/>\n<meta property=\"og:url\" content=\"https:\/\/thetreecbd.com\/de\/cbd\/fresh-kase-hanfhonig\" \/>\n<meta property=\"og:site_name\" content=\"The Tree CBD\" \/>\n<meta property=\"article:publisher\" content=\"https:\/\/www.facebook.com\/thetreeCBD\/\" \/>\n<meta property=\"article:modified_time\" content=\"2025-09-04T15:00:12+00:00\" \/>\n<meta property=\"og:image\" content=\"https:\/\/thetreecbd.com\/wp-content\/uploads\/2024\/12\/KASE-O_0000s_0002_Layer-8.jpg\" \/>\n\t<meta property=\"og:image:width\" content=\"1080\" \/>\n\t<meta property=\"og:image:height\" content=\"1350\" \/>\n\t<meta property=\"og:image:type\" content=\"image\/jpeg\" \/>\n<meta name=\"twitter:card\" content=\"summary_large_image\" \/>\n<meta name=\"twitter:site\" content=\"@TheTreeCBD_EU\" \/>\n<meta name=\"twitter:label1\" content=\"Gesch\u00e4tzte Lesezeit\" \/>\n\t<meta name=\"twitter:data1\" content=\"2\u00a0Minuten\" \/>\n<script type=\"application\/ld+json\" class=\"yoast-schema-graph\">{\"@context\":\"https:\/\/schema.org\",\"@graph\":[{\"@type\":[\"WebPage\",\"ItemPage\"],\"@id\":\"https:\/\/thetreecbd.com\/de\/cbd\/fresh-kase-hanfhonig\",\"url\":\"https:\/\/thetreecbd.com\/de\/cbd\/fresh-kase-hanfhonig\",\"name\":\"Fresh Kase Hanfhonig | The Tree CBD\",\"isPartOf\":{\"@id\":\"https:\/\/thetreecbd.com\/de#website\"},\"primaryImageOfPage\":{\"@id\":\"https:\/\/thetreecbd.com\/de\/cbd\/fresh-kase-hanfhonig#primaryimage\"},\"image\":{\"@id\":\"https:\/\/thetreecbd.com\/de\/cbd\/fresh-kase-hanfhonig#primaryimage\"},\"thumbnailUrl\":\"https:\/\/thetreecbd.com\/wp-content\/uploads\/2024\/12\/KASE-O_0000s_0002_Layer-8.jpg\",\"datePublished\":\"2025-04-28T09:35:07+00:00\",\"dateModified\":\"2025-09-04T15:00:12+00:00\",\"description\":\"Fresh Kase Honig: Bio-Wildblumenhonig mit Hanfsamen\u00f6l. Eine einzigartige Zusammenarbeit mit Kase.O \u2013 ideal f\u00fcr einen gesunden Lebensstil.\",\"breadcrumb\":{\"@id\":\"https:\/\/thetreecbd.com\/de\/cbd\/fresh-kase-hanfhonig#breadcrumb\"},\"inLanguage\":\"de\",\"potentialAction\":[{\"@type\":\"ReadAction\",\"target\":[\"https:\/\/thetreecbd.com\/de\/cbd\/fresh-kase-hanfhonig\"]}]},{\"@type\":\"ImageObject\",\"inLanguage\":\"de\",\"@id\":\"https:\/\/thetreecbd.com\/de\/cbd\/fresh-kase-hanfhonig#primaryimage\",\"url\":\"https:\/\/thetreecbd.com\/wp-content\/uploads\/2024\/12\/KASE-O_0000s_0002_Layer-8.jpg\",\"contentUrl\":\"https:\/\/thetreecbd.com\/wp-content\/uploads\/2024\/12\/KASE-O_0000s_0002_Layer-8.jpg\",\"width\":1080,\"height\":1350},{\"@type\":\"BreadcrumbList\",\"@id\":\"https:\/\/thetreecbd.com\/de\/cbd\/fresh-kase-hanfhonig#breadcrumb\",\"itemListElement\":[{\"@type\":\"ListItem\",\"position\":1,\"name\":\"The Tree\",\"item\":\"https:\/\/thetreecbd.com\/de\"},{\"@type\":\"ListItem\",\"position\":2,\"name\":\"CBD\",\"item\":\"https:\/\/thetreecbd.com\/es\/cbd\"},{\"@type\":\"ListItem\",\"position\":3,\"name\":\"Fresh Kase CBD von Kase.O\",\"item\":\"https:\/\/thetreecbd.com\/de\/fresh-kase-cbd-von-kase-o\"},{\"@type\":\"ListItem\",\"position\":4,\"name\":\"Fresh Kase Hanfhonig\"}]},{\"@type\":\"WebSite\",\"@id\":\"https:\/\/thetreecbd.com\/de#website\",\"url\":\"https:\/\/thetreecbd.com\/de\",\"name\":\"The Tree CBD\",\"description\":\"Comprar CBD en Espa\u00f1a Online\",\"publisher\":{\"@id\":\"https:\/\/thetreecbd.com\/de#organization\"},\"potentialAction\":[{\"@type\":\"SearchAction\",\"target\":{\"@type\":\"EntryPoint\",\"urlTemplate\":\"https:\/\/thetreecbd.com\/de?s={search_term_string}\"},\"query-input\":{\"@type\":\"PropertyValueSpecification\",\"valueRequired\":true,\"valueName\":\"search_term_string\"}}],\"inLanguage\":\"de\"},{\"@type\":\"Organization\",\"@id\":\"https:\/\/thetreecbd.com\/de#organization\",\"name\":\"The Tree CBD\",\"url\":\"https:\/\/thetreecbd.com\/de\",\"logo\":{\"@type\":\"ImageObject\",\"inLanguage\":\"de\",\"@id\":\"https:\/\/thetreecbd.com\/de#\/schema\/logo\/image\/\",\"url\":\"https:\/\/thetreecbd.com\/wp-content\/uploads\/2022\/04\/logo-thetree.png\",\"contentUrl\":\"https:\/\/thetreecbd.com\/wp-content\/uploads\/2022\/04\/logo-thetree.png\",\"width\":172,\"height\":55,\"caption\":\"The Tree CBD\"},\"image\":{\"@id\":\"https:\/\/thetreecbd.com\/de#\/schema\/logo\/image\/\"},\"sameAs\":[\"https:\/\/www.facebook.com\/thetreeCBD\/\",\"https:\/\/x.com\/TheTreeCBD_EU\",\"https:\/\/www.instagram.com\/thetree.cbd\/\",\"https:\/\/es.trustpilot.com\/review\/thetreecbd.com\"]}]}<\/script>\n<!-- \/ Yoast SEO plugin. -->","yoast_head_json":{"title":"Fresh Kase Hanfhonig | The Tree CBD","description":"Fresh Kase Honig: Bio-Wildblumenhonig mit Hanfsamen\u00f6l. Eine einzigartige Zusammenarbeit mit Kase.O \u2013 ideal f\u00fcr einen gesunden Lebensstil.","robots":{"index":"index","follow":"follow","max-snippet":"max-snippet:-1","max-image-preview":"max-image-preview:large","max-video-preview":"max-video-preview:-1"},"canonical":"https:\/\/thetreecbd.com\/de\/cbd\/fresh-kase-hanfhonig","og_locale":"de_DE","og_type":"article","og_title":"Fresh Kase Hanfhonig | The Tree CBD","og_description":"Fresh Kase Honig: Bio-Wildblumenhonig mit Hanfsamen\u00f6l. Eine einzigartige Zusammenarbeit mit Kase.O \u2013 ideal f\u00fcr einen gesunden Lebensstil.","og_url":"https:\/\/thetreecbd.com\/de\/cbd\/fresh-kase-hanfhonig","og_site_name":"The Tree CBD","article_publisher":"https:\/\/www.facebook.com\/thetreeCBD\/","article_modified_time":"2025-09-04T15:00:12+00:00","og_image":[{"width":1080,"height":1350,"url":"https:\/\/thetreecbd.com\/wp-content\/uploads\/2024\/12\/KASE-O_0000s_0002_Layer-8.jpg","type":"image\/jpeg"}],"twitter_card":"summary_large_image","twitter_site":"@TheTreeCBD_EU","twitter_misc":{"Gesch\u00e4tzte Lesezeit":"2\u00a0Minuten"},"schema":{"@context":"https:\/\/schema.org","@graph":[{"@type":["WebPage","ItemPage"],"@id":"https:\/\/thetreecbd.com\/de\/cbd\/fresh-kase-hanfhonig","url":"https:\/\/thetreecbd.com\/de\/cbd\/fresh-kase-hanfhonig","name":"Fresh Kase Hanfhonig | The Tree CBD","isPartOf":{"@id":"https:\/\/thetreecbd.com\/de#website"},"primaryImageOfPage":{"@id":"https:\/\/thetreecbd.com\/de\/cbd\/fresh-kase-hanfhonig#primaryimage"},"image":{"@id":"https:\/\/thetreecbd.com\/de\/cbd\/fresh-kase-hanfhonig#primaryimage"},"thumbnailUrl":"https:\/\/thetreecbd.com\/wp-content\/uploads\/2024\/12\/KASE-O_0000s_0002_Layer-8.jpg","datePublished":"2025-04-28T09:35:07+00:00","dateModified":"2025-09-04T15:00:12+00:00","description":"Fresh Kase Honig: Bio-Wildblumenhonig mit Hanfsamen\u00f6l. Eine einzigartige Zusammenarbeit mit Kase.O \u2013 ideal f\u00fcr einen gesunden Lebensstil.","breadcrumb":{"@id":"https:\/\/thetreecbd.com\/de\/cbd\/fresh-kase-hanfhonig#breadcrumb"},"inLanguage":"de","potentialAction":[{"@type":"ReadAction","target":["https:\/\/thetreecbd.com\/de\/cbd\/fresh-kase-hanfhonig"]}]},{"@type":"ImageObject","inLanguage":"de","@id":"https:\/\/thetreecbd.com\/de\/cbd\/fresh-kase-hanfhonig#primaryimage","url":"https:\/\/thetreecbd.com\/wp-content\/uploads\/2024\/12\/KASE-O_0000s_0002_Layer-8.jpg","contentUrl":"https:\/\/thetreecbd.com\/wp-content\/uploads\/2024\/12\/KASE-O_0000s_0002_Layer-8.jpg","width":1080,"height":1350},{"@type":"BreadcrumbList","@id":"https:\/\/thetreecbd.com\/de\/cbd\/fresh-kase-hanfhonig#breadcrumb","itemListElement":[{"@type":"ListItem","position":1,"name":"The Tree","item":"https:\/\/thetreecbd.com\/de"},{"@type":"ListItem","position":2,"name":"CBD","item":"https:\/\/thetreecbd.com\/es\/cbd"},{"@type":"ListItem","position":3,"name":"Fresh Kase CBD von Kase.O","item":"https:\/\/thetreecbd.com\/de\/fresh-kase-cbd-von-kase-o"},{"@type":"ListItem","position":4,"name":"Fresh Kase Hanfhonig"}]},{"@type":"WebSite","@id":"https:\/\/thetreecbd.com\/de#website","url":"https:\/\/thetreecbd.com\/de","name":"The Tree CBD","description":"Comprar CBD en Espa\u00f1a Online","publisher":{"@id":"https:\/\/thetreecbd.com\/de#organization"},"potentialAction":[{"@type":"SearchAction","target":{"@type":"EntryPoint","urlTemplate":"https:\/\/thetreecbd.com\/de?s={search_term_string}"},"query-input":{"@type":"PropertyValueSpecification","valueRequired":true,"valueName":"search_term_string"}}],"inLanguage":"de"},{"@type":"Organization","@id":"https:\/\/thetreecbd.com\/de#organization","name":"The Tree CBD","url":"https:\/\/thetreecbd.com\/de","logo":{"@type":"ImageObject","inLanguage":"de","@id":"https:\/\/thetreecbd.com\/de#\/schema\/logo\/image\/","url":"https:\/\/thetreecbd.com\/wp-content\/uploads\/2022\/04\/logo-thetree.png","contentUrl":"https:\/\/thetreecbd.com\/wp-content\/uploads\/2022\/04\/logo-thetree.png","width":172,"height":55,"caption":"The Tree CBD"},"image":{"@id":"https:\/\/thetreecbd.com\/de#\/schema\/logo\/image\/"},"sameAs":["https:\/\/www.facebook.com\/thetreeCBD\/","https:\/\/x.com\/TheTreeCBD_EU","https:\/\/www.instagram.com\/thetree.cbd\/","https:\/\/es.trustpilot.com\/review\/thetreecbd.com"]}]}},"_links":{"self":[{"href":"https:\/\/thetreecbd.com\/de\/wp-json\/wp\/v2\/product\/166432","targetHints":{"allow":["GET"]}}],"collection":[{"href":"https:\/\/thetreecbd.com\/de\/wp-json\/wp\/v2\/product"}],"about":[{"href":"https:\/\/thetreecbd.com\/de\/wp-json\/wp\/v2\/types\/product"}],"version-history":[{"count":0,"href":"https:\/\/thetreecbd.com\/de\/wp-json\/wp\/v2\/product\/166432\/revisions"}],"wp:featuredmedia":[{"embeddable":true,"href":"https:\/\/thetreecbd.com\/de\/wp-json\/wp\/v2\/media\/166420"}],"wp:attachment":[{"href":"https:\/\/thetreecbd.com\/de\/wp-json\/wp\/v2\/media?parent=166432"}],"wp:term":[{"taxonomy":"product_brand","embeddable":true,"href":"https:\/\/thetreecbd.com\/de\/wp-json\/wp\/v2\/product_brand?post=166432"}],"curies":[{"name":"wp","href":"https:\/\/api.w.org\/{rel}","templated":true}]}}