{"id":166441,"date":"2025-04-28T10:20:50","date_gmt":"2025-04-28T08:20:50","guid":{"rendered":"https:\/\/thetreecbd.com\/cbd\/fresh-kase-gummies"},"modified":"2025-09-02T00:00:26","modified_gmt":"2025-09-01T22:00:26","slug":"fresh-kase-gummies","status":"publish","type":"product","link":"https:\/\/thetreecbd.com\/de\/cbd\/fresh-kase-gummies","title":{"rendered":"Fresh Kase Gummies"},"content":{"rendered":"<p data-start=\"73\" data-end=\"507\"><strong data-start=\"73\" data-end=\"143\">Fresh Kase Gummies \u2013 Nat\u00fcrliche Entspannung mit Melisse und Hanf\u00f6l<\/strong><br data-start=\"143\" data-end=\"146\" \/>Die Fresh Kase Gummies vereinen die beruhigenden Vorteile der Melisse mit den Eigenschaften von Hanf\u00f6l in einer k\u00f6stlichen Wassermelonen-Geschmacksformel. Diese Spezialedition, entstanden aus der Zusammenarbeit von The Tree CBD und Kase.O, wurde entwickelt, um dir auf nat\u00fcrliche und m\u00fchelose Weise Gleichgewicht, Gelassenheit und erholsamen Schlaf zu schenken.<\/p>\n<p data-start=\"509\" data-end=\"749\"><strong data-start=\"509\" data-end=\"539\">Nat\u00fcrliche und Bio-Zutaten<\/strong><br data-start=\"539\" data-end=\"542\" \/>Melisse (Melissa officinalis): Eine Pflanze, die f\u00fcr ihre entspannenden Eigenschaften bekannt ist und Stress abbaut sowie den Geist beruhigt. Traditionell verwendet zur F\u00f6rderung von Schlaf und innerer Ruhe.<\/p>\n<p data-start=\"751\" data-end=\"816\">Hanf\u00f6l: Unterst\u00fctzt das allgemeine Wohlbefinden und die Harmonie.<\/p>\n<p data-start=\"818\" data-end=\"934\">Wassermelonen-Geschmack: Erfrischend und fruchtig, verwandelt jede Gummib\u00e4rchen in ein kleines sinnliches Vergn\u00fcgen.<\/p>\n<p data-start=\"936\" data-end=\"1214\"><strong data-start=\"936\" data-end=\"965\">\u00d6kologisch und nachhaltig<\/strong><br data-start=\"965\" data-end=\"968\" \/>Bei The Tree CBD setzen wir uns f\u00fcr Qualit\u00e4t und Nachhaltigkeit ein. Die Fresh Kase Gummies werden aus Bio-Zutaten hergestellt, sind pestizidfrei und werden ohne Tierversuche produziert. Eine verantwortungsbewusste Wahl f\u00fcr dich und den Planeten.<\/p>\n<p data-start=\"1216\" data-end=\"1275\"><strong data-start=\"1216\" data-end=\"1273\">Eigenschaften der Fresh Kase Gummies von The Tree CBD<\/strong><\/p>\n<ul data-start=\"1276\" data-end=\"1400\">\n<li data-start=\"1276\" data-end=\"1310\">\n<p data-start=\"1278\" data-end=\"1310\">Bio-zertifizierte Hanf-Gummies<\/p>\n<\/li>\n<li data-start=\"1311\" data-end=\"1327\">\n<p data-start=\"1313\" data-end=\"1327\">Inhalt: 30 g<\/p>\n<\/li>\n<li data-start=\"1328\" data-end=\"1359\">\n<p data-start=\"1330\" data-end=\"1359\">Zutaten: Melisse und Hanf\u00f6l<\/p>\n<\/li>\n<li data-start=\"1360\" data-end=\"1378\">\n<p data-start=\"1362\" data-end=\"1378\">Ohne Pestizide<\/p>\n<\/li>\n<li data-start=\"1379\" data-end=\"1400\">\n<p data-start=\"1381\" data-end=\"1400\">Ohne Tierversuche<\/p>\n<\/li>\n<\/ul>\n<p data-start=\"1402\" data-end=\"1747\"><strong data-start=\"1402\" data-end=\"1448\">Aroma und Geschmack der Fresh Kase Gummies<\/strong><br data-start=\"1448\" data-end=\"1451\" \/>Melisse: Sanftes, kr\u00e4uteriges Profil mit zitrischen Noten, die Frische und Klarheit verleihen.<br data-start=\"1545\" data-end=\"1548\" \/>Hanf\u00f6l: Leicht ger\u00f6stete und erdige Noten, die den Geschmack ausbalancieren.<br data-start=\"1624\" data-end=\"1627\" \/>Wassermelone: S\u00fc\u00df und saftig, sorgt f\u00fcr ein erfrischendes, sommerliches Finish, das das Entspannungserlebnis abrundet.<\/p>\n<p data-start=\"1749\" data-end=\"1878\">Eine harmonische, feine und nat\u00fcrliche Mischung, perfekt f\u00fcr alle, die authentische und wohltuende Geschmacksrichtungen sch\u00e4tzen.<\/p>\n<p data-start=\"1880\" data-end=\"1953\"><strong data-start=\"1880\" data-end=\"1894\">Zielgruppe<\/strong><br data-start=\"1894\" data-end=\"1897\" \/>Die Fresh Kase Gummies sind gedacht f\u00fcr Menschen, die:<\/p>\n<ul data-start=\"1954\" data-end=\"2262\">\n<li data-start=\"1954\" data-end=\"2024\">\n<p data-start=\"1956\" data-end=\"2024\">sich auf nat\u00fcrliche Weise vor dem Schlafengehen entspannen m\u00f6chten<\/p>\n<\/li>\n<li data-start=\"2025\" data-end=\"2095\">\n<p data-start=\"2027\" data-end=\"2095\">den Alltagsstress mit einem Kr\u00e4uter- und Bio-Mittel lindern wollen<\/p>\n<\/li>\n<li data-start=\"2096\" data-end=\"2169\">\n<p data-start=\"2098\" data-end=\"2169\">angenehme sensorische Erlebnisse und ausgewogene Geschm\u00e4cker sch\u00e4tzen<\/p>\n<\/li>\n<li data-start=\"2170\" data-end=\"2262\">\n<p data-start=\"2172\" data-end=\"2262\">nachhaltige Produkte ohne Zusatzstoffe, Pestizide und tierische Inhaltsstoffe bevorzugen<\/p>\n<\/li>\n<\/ul>\n<p data-start=\"2264\" data-end=\"2458\"><strong data-start=\"2264\" data-end=\"2287\">Sicherheitshinweise<\/strong><br data-start=\"2287\" data-end=\"2290\" \/>Licht beeintr\u00e4chtigt das Produkt, daher wird empfohlen, es nicht in Glasbeh\u00e4ltern aufzubewahren, auch wenn diese dekorativ aussehen. Wir empfehlen eine luftdichte Dose.<\/p>\n<p data-start=\"2460\" data-end=\"2636\">Es ist besser, das Produkt in einem hermetisch verschlossenen Beh\u00e4lter aufzubewahren, um das Eindringen von Ger\u00fcchen zu verhindern und es vor Feuchtigkeit und Luft zu sch\u00fctzen.<\/p>\n<p data-start=\"2638\" data-end=\"2897\"><strong data-start=\"2638\" data-end=\"2667\">Lagerung und Aufbewahrung<\/strong><br data-start=\"2667\" data-end=\"2670\" \/>Bewahre die Gummib\u00e4rchen an einem k\u00fchlen, trockenen Ort fern von direktem Licht auf.<br data-start=\"2754\" data-end=\"2757\" \/>Vermeide Temperaturen \u00fcber 20 \u00b0C.<br data-start=\"2790\" data-end=\"2793\" \/>Lagere das Produkt in der original luftdichten Verpackung, um Frische, Textur und Geschmack zu erhalten.<\/p>\n","protected":false},"excerpt":{"rendered":"<p data-start=\"63\" data-end=\"428\">Die Fresh Kase Gummies vereinen die beruhigenden Vorteile der Melisse mit den Eigenschaften von Hanf\u00f6l in einer k\u00f6stlichen Formel mit Wassermelonen-Geschmack. Diese Spezialedition, entstanden aus der Zusammenarbeit von The Tree CBD und Kase.O, wurde entwickelt, um dir auf nat\u00fcrliche und m\u00fchelose Weise Gleichgewicht, Gelassenheit und erholsamen Schlaf zu schenken.<\/p>\n<p data-start=\"430\" data-end=\"557\">\u25cf Bio-zertifizierte Hanf-Gummies<br data-start=\"462\" data-end=\"465\" \/>\u25cf Inhalt: 30 g<br data-start=\"479\" data-end=\"482\" \/>\u25cf Zutaten: Melisse und Hanf\u00f6l<br data-start=\"511\" data-end=\"514\" \/>\u25cf Frei von Pestiziden<br data-start=\"535\" data-end=\"538\" data-is-only-node=\"\" \/>\u25cf Ohne Tierversuche<\/p>\n","protected":false},"featured_media":163795,"template":"","meta":{"_acf_changed":false},"product_brand":[],"class_list":{"0":"post-166441","1":"product","2":"type-product","3":"status-publish","4":"has-post-thumbnail","6":"product_cat-cbd-angebote","7":"product_cat-fresh-kase-cbd-von-kase-o","8":"product_cat-hanf-gummibarchen","9":"product_cat-lebensmittel","11":"first","12":"instock","13":"taxable","14":"shipping-taxable","15":"purchasable","16":"product-type-simple"},"acf":[],"yoast_head":"<!-- This site is optimized with the Yoast SEO plugin v26.3 - https:\/\/yoast.com\/wordpress\/plugins\/seo\/ -->\n<title>Fresh Kase Gummies - The Tree CBD<\/title>\n<meta name=\"description\" content=\"Genie\u00dfe unsere Hanf-Gummib\u00e4rchen mit Ashwagandha und Hanf\u00f6l. Eine perfekte Kombination nat\u00fcrlicher Zutaten mit einem k\u00f6stlichen Kr\u00e4utergeschmack. Ideal f\u00fcr jede Tageszeit. Probier sie aus!\" \/>\n<meta name=\"robots\" content=\"index, follow, max-snippet:-1, max-image-preview:large, max-video-preview:-1\" \/>\n<link rel=\"canonical\" href=\"https:\/\/thetreecbd.com\/de\/cbd\/fresh-kase-gummies\" \/>\n<meta property=\"og:locale\" content=\"de_DE\" \/>\n<meta property=\"og:type\" content=\"article\" \/>\n<meta property=\"og:title\" content=\"Fresh Kase Gummies - The Tree CBD\" \/>\n<meta property=\"og:description\" content=\"Genie\u00dfe unsere Hanf-Gummib\u00e4rchen mit Ashwagandha und Hanf\u00f6l. Eine perfekte Kombination nat\u00fcrlicher Zutaten mit einem k\u00f6stlichen Kr\u00e4utergeschmack. Ideal f\u00fcr jede Tageszeit. Probier sie aus!\" \/>\n<meta property=\"og:url\" content=\"https:\/\/thetreecbd.com\/de\/cbd\/fresh-kase-gummies\" \/>\n<meta property=\"og:site_name\" content=\"The Tree CBD\" \/>\n<meta property=\"article:publisher\" content=\"https:\/\/www.facebook.com\/thetreeCBD\/\" \/>\n<meta property=\"article:modified_time\" content=\"2025-09-01T22:00:26+00:00\" \/>\n<meta property=\"og:image\" content=\"https:\/\/thetreecbd.com\/wp-content\/uploads\/2025\/04\/Fresh-kase-gummies2.jpg\" \/>\n\t<meta property=\"og:image:width\" content=\"1080\" \/>\n\t<meta property=\"og:image:height\" content=\"1350\" \/>\n\t<meta property=\"og:image:type\" content=\"image\/jpeg\" \/>\n<meta name=\"twitter:card\" content=\"summary_large_image\" \/>\n<meta name=\"twitter:site\" content=\"@TheTreeCBD_EU\" \/>\n<meta name=\"twitter:label1\" content=\"Gesch\u00e4tzte Lesezeit\" \/>\n\t<meta name=\"twitter:data1\" content=\"2\u00a0Minuten\" \/>\n<script type=\"application\/ld+json\" class=\"yoast-schema-graph\">{\"@context\":\"https:\/\/schema.org\",\"@graph\":[{\"@type\":[\"WebPage\",\"ItemPage\"],\"@id\":\"https:\/\/thetreecbd.com\/de\/cbd\/fresh-kase-gummies\",\"url\":\"https:\/\/thetreecbd.com\/de\/cbd\/fresh-kase-gummies\",\"name\":\"Fresh Kase Gummies - The Tree CBD\",\"isPartOf\":{\"@id\":\"https:\/\/thetreecbd.com\/de#website\"},\"primaryImageOfPage\":{\"@id\":\"https:\/\/thetreecbd.com\/de\/cbd\/fresh-kase-gummies#primaryimage\"},\"image\":{\"@id\":\"https:\/\/thetreecbd.com\/de\/cbd\/fresh-kase-gummies#primaryimage\"},\"thumbnailUrl\":\"https:\/\/thetreecbd.com\/wp-content\/uploads\/2025\/04\/Fresh-kase-gummies2.jpg\",\"datePublished\":\"2025-04-28T08:20:50+00:00\",\"dateModified\":\"2025-09-01T22:00:26+00:00\",\"description\":\"Genie\u00dfe unsere Hanf-Gummib\u00e4rchen mit Ashwagandha und Hanf\u00f6l. Eine perfekte Kombination nat\u00fcrlicher Zutaten mit einem k\u00f6stlichen Kr\u00e4utergeschmack. Ideal f\u00fcr jede Tageszeit. Probier sie aus!\",\"breadcrumb\":{\"@id\":\"https:\/\/thetreecbd.com\/de\/cbd\/fresh-kase-gummies#breadcrumb\"},\"inLanguage\":\"de\",\"potentialAction\":[{\"@type\":\"ReadAction\",\"target\":[\"https:\/\/thetreecbd.com\/de\/cbd\/fresh-kase-gummies\"]}]},{\"@type\":\"ImageObject\",\"inLanguage\":\"de\",\"@id\":\"https:\/\/thetreecbd.com\/de\/cbd\/fresh-kase-gummies#primaryimage\",\"url\":\"https:\/\/thetreecbd.com\/wp-content\/uploads\/2025\/04\/Fresh-kase-gummies2.jpg\",\"contentUrl\":\"https:\/\/thetreecbd.com\/wp-content\/uploads\/2025\/04\/Fresh-kase-gummies2.jpg\",\"width\":1080,\"height\":1350},{\"@type\":\"BreadcrumbList\",\"@id\":\"https:\/\/thetreecbd.com\/de\/cbd\/fresh-kase-gummies#breadcrumb\",\"itemListElement\":[{\"@type\":\"ListItem\",\"position\":1,\"name\":\"The Tree\",\"item\":\"https:\/\/thetreecbd.com\/de\"},{\"@type\":\"ListItem\",\"position\":2,\"name\":\"CBD\",\"item\":\"https:\/\/thetreecbd.com\/es\/cbd\"},{\"@type\":\"ListItem\",\"position\":3,\"name\":\"Lebensmittel\",\"item\":\"https:\/\/thetreecbd.com\/de\/lebensmittel\"},{\"@type\":\"ListItem\",\"position\":4,\"name\":\"Hanf-Gummib\u00e4rchen\",\"item\":\"https:\/\/thetreecbd.com\/de\/lebensmittel\/hanf-gummibarchen\"},{\"@type\":\"ListItem\",\"position\":5,\"name\":\"Fresh Kase Gummies\"}]},{\"@type\":\"WebSite\",\"@id\":\"https:\/\/thetreecbd.com\/de#website\",\"url\":\"https:\/\/thetreecbd.com\/de\",\"name\":\"The Tree CBD\",\"description\":\"Comprar CBD en Espa\u00f1a Online\",\"publisher\":{\"@id\":\"https:\/\/thetreecbd.com\/de#organization\"},\"potentialAction\":[{\"@type\":\"SearchAction\",\"target\":{\"@type\":\"EntryPoint\",\"urlTemplate\":\"https:\/\/thetreecbd.com\/de?s={search_term_string}\"},\"query-input\":{\"@type\":\"PropertyValueSpecification\",\"valueRequired\":true,\"valueName\":\"search_term_string\"}}],\"inLanguage\":\"de\"},{\"@type\":\"Organization\",\"@id\":\"https:\/\/thetreecbd.com\/de#organization\",\"name\":\"The Tree CBD\",\"url\":\"https:\/\/thetreecbd.com\/de\",\"logo\":{\"@type\":\"ImageObject\",\"inLanguage\":\"de\",\"@id\":\"https:\/\/thetreecbd.com\/de#\/schema\/logo\/image\/\",\"url\":\"https:\/\/thetreecbd.com\/wp-content\/uploads\/2022\/04\/logo-thetree.png\",\"contentUrl\":\"https:\/\/thetreecbd.com\/wp-content\/uploads\/2022\/04\/logo-thetree.png\",\"width\":172,\"height\":55,\"caption\":\"The Tree CBD\"},\"image\":{\"@id\":\"https:\/\/thetreecbd.com\/de#\/schema\/logo\/image\/\"},\"sameAs\":[\"https:\/\/www.facebook.com\/thetreeCBD\/\",\"https:\/\/x.com\/TheTreeCBD_EU\",\"https:\/\/www.instagram.com\/thetree.cbd\/\",\"https:\/\/es.trustpilot.com\/review\/thetreecbd.com\"]}]}<\/script>\n<!-- \/ Yoast SEO plugin. -->","yoast_head_json":{"title":"Fresh Kase Gummies - The Tree CBD","description":"Genie\u00dfe unsere Hanf-Gummib\u00e4rchen mit Ashwagandha und Hanf\u00f6l. Eine perfekte Kombination nat\u00fcrlicher Zutaten mit einem k\u00f6stlichen Kr\u00e4utergeschmack. Ideal f\u00fcr jede Tageszeit. Probier sie aus!","robots":{"index":"index","follow":"follow","max-snippet":"max-snippet:-1","max-image-preview":"max-image-preview:large","max-video-preview":"max-video-preview:-1"},"canonical":"https:\/\/thetreecbd.com\/de\/cbd\/fresh-kase-gummies","og_locale":"de_DE","og_type":"article","og_title":"Fresh Kase Gummies - The Tree CBD","og_description":"Genie\u00dfe unsere Hanf-Gummib\u00e4rchen mit Ashwagandha und Hanf\u00f6l. Eine perfekte Kombination nat\u00fcrlicher Zutaten mit einem k\u00f6stlichen Kr\u00e4utergeschmack. Ideal f\u00fcr jede Tageszeit. Probier sie aus!","og_url":"https:\/\/thetreecbd.com\/de\/cbd\/fresh-kase-gummies","og_site_name":"The Tree CBD","article_publisher":"https:\/\/www.facebook.com\/thetreeCBD\/","article_modified_time":"2025-09-01T22:00:26+00:00","og_image":[{"width":1080,"height":1350,"url":"https:\/\/thetreecbd.com\/wp-content\/uploads\/2025\/04\/Fresh-kase-gummies2.jpg","type":"image\/jpeg"}],"twitter_card":"summary_large_image","twitter_site":"@TheTreeCBD_EU","twitter_misc":{"Gesch\u00e4tzte Lesezeit":"2\u00a0Minuten"},"schema":{"@context":"https:\/\/schema.org","@graph":[{"@type":["WebPage","ItemPage"],"@id":"https:\/\/thetreecbd.com\/de\/cbd\/fresh-kase-gummies","url":"https:\/\/thetreecbd.com\/de\/cbd\/fresh-kase-gummies","name":"Fresh Kase Gummies - The Tree CBD","isPartOf":{"@id":"https:\/\/thetreecbd.com\/de#website"},"primaryImageOfPage":{"@id":"https:\/\/thetreecbd.com\/de\/cbd\/fresh-kase-gummies#primaryimage"},"image":{"@id":"https:\/\/thetreecbd.com\/de\/cbd\/fresh-kase-gummies#primaryimage"},"thumbnailUrl":"https:\/\/thetreecbd.com\/wp-content\/uploads\/2025\/04\/Fresh-kase-gummies2.jpg","datePublished":"2025-04-28T08:20:50+00:00","dateModified":"2025-09-01T22:00:26+00:00","description":"Genie\u00dfe unsere Hanf-Gummib\u00e4rchen mit Ashwagandha und Hanf\u00f6l. Eine perfekte Kombination nat\u00fcrlicher Zutaten mit einem k\u00f6stlichen Kr\u00e4utergeschmack. Ideal f\u00fcr jede Tageszeit. Probier sie aus!","breadcrumb":{"@id":"https:\/\/thetreecbd.com\/de\/cbd\/fresh-kase-gummies#breadcrumb"},"inLanguage":"de","potentialAction":[{"@type":"ReadAction","target":["https:\/\/thetreecbd.com\/de\/cbd\/fresh-kase-gummies"]}]},{"@type":"ImageObject","inLanguage":"de","@id":"https:\/\/thetreecbd.com\/de\/cbd\/fresh-kase-gummies#primaryimage","url":"https:\/\/thetreecbd.com\/wp-content\/uploads\/2025\/04\/Fresh-kase-gummies2.jpg","contentUrl":"https:\/\/thetreecbd.com\/wp-content\/uploads\/2025\/04\/Fresh-kase-gummies2.jpg","width":1080,"height":1350},{"@type":"BreadcrumbList","@id":"https:\/\/thetreecbd.com\/de\/cbd\/fresh-kase-gummies#breadcrumb","itemListElement":[{"@type":"ListItem","position":1,"name":"The Tree","item":"https:\/\/thetreecbd.com\/de"},{"@type":"ListItem","position":2,"name":"CBD","item":"https:\/\/thetreecbd.com\/es\/cbd"},{"@type":"ListItem","position":3,"name":"Lebensmittel","item":"https:\/\/thetreecbd.com\/de\/lebensmittel"},{"@type":"ListItem","position":4,"name":"Hanf-Gummib\u00e4rchen","item":"https:\/\/thetreecbd.com\/de\/lebensmittel\/hanf-gummibarchen"},{"@type":"ListItem","position":5,"name":"Fresh Kase Gummies"}]},{"@type":"WebSite","@id":"https:\/\/thetreecbd.com\/de#website","url":"https:\/\/thetreecbd.com\/de","name":"The Tree CBD","description":"Comprar CBD en Espa\u00f1a Online","publisher":{"@id":"https:\/\/thetreecbd.com\/de#organization"},"potentialAction":[{"@type":"SearchAction","target":{"@type":"EntryPoint","urlTemplate":"https:\/\/thetreecbd.com\/de?s={search_term_string}"},"query-input":{"@type":"PropertyValueSpecification","valueRequired":true,"valueName":"search_term_string"}}],"inLanguage":"de"},{"@type":"Organization","@id":"https:\/\/thetreecbd.com\/de#organization","name":"The Tree CBD","url":"https:\/\/thetreecbd.com\/de","logo":{"@type":"ImageObject","inLanguage":"de","@id":"https:\/\/thetreecbd.com\/de#\/schema\/logo\/image\/","url":"https:\/\/thetreecbd.com\/wp-content\/uploads\/2022\/04\/logo-thetree.png","contentUrl":"https:\/\/thetreecbd.com\/wp-content\/uploads\/2022\/04\/logo-thetree.png","width":172,"height":55,"caption":"The Tree CBD"},"image":{"@id":"https:\/\/thetreecbd.com\/de#\/schema\/logo\/image\/"},"sameAs":["https:\/\/www.facebook.com\/thetreeCBD\/","https:\/\/x.com\/TheTreeCBD_EU","https:\/\/www.instagram.com\/thetree.cbd\/","https:\/\/es.trustpilot.com\/review\/thetreecbd.com"]}]}},"_links":{"self":[{"href":"https:\/\/thetreecbd.com\/de\/wp-json\/wp\/v2\/product\/166441","targetHints":{"allow":["GET"]}}],"collection":[{"href":"https:\/\/thetreecbd.com\/de\/wp-json\/wp\/v2\/product"}],"about":[{"href":"https:\/\/thetreecbd.com\/de\/wp-json\/wp\/v2\/types\/product"}],"version-history":[{"count":0,"href":"https:\/\/thetreecbd.com\/de\/wp-json\/wp\/v2\/product\/166441\/revisions"}],"wp:featuredmedia":[{"embeddable":true,"href":"https:\/\/thetreecbd.com\/de\/wp-json\/wp\/v2\/media\/163795"}],"wp:attachment":[{"href":"https:\/\/thetreecbd.com\/de\/wp-json\/wp\/v2\/media?parent=166441"}],"wp:term":[{"taxonomy":"product_brand","embeddable":true,"href":"https:\/\/thetreecbd.com\/de\/wp-json\/wp\/v2\/product_brand?post=166441"}],"curies":[{"name":"wp","href":"https:\/\/api.w.org\/{rel}","templated":true}]}}