{"id":166473,"date":"2024-02-19T15:31:09","date_gmt":"2024-02-19T14:31:09","guid":{"rendered":"https:\/\/thetreecbd.com\/cbd\/hanf-papier-zum-drehen-mit-filtern"},"modified":"2024-02-19T15:31:09","modified_gmt":"2024-02-19T14:31:09","slug":"hanf-papier-zum-drehen-mit-filtern","status":"publish","type":"product","link":"https:\/\/thetreecbd.com\/de\/cbd\/hanf-papier-zum-drehen-mit-filtern","title":{"rendered":"Hanf-Papier zum Drehen mit Filtern"},"content":{"rendered":"<p data-start=\"0\" data-end=\"214\"><strong data-start=\"0\" data-end=\"214\">Dieses Heftchen mit 32 Bl\u00e4ttchen enth\u00e4lt 32 Filtertips aus Karton und 32 ultrad\u00fcnne King Size Zigarettenpapiere mit Gummiarabikum-Klebeschicht. Ein perfektes Zubeh\u00f6r f\u00fcr deine CBD-Bl\u00fcten und dein CBD-Haschisch.<\/strong><\/p>\n<p data-start=\"216\" data-end=\"536\">Die Papers von The Tree CBD sind vollst\u00e4ndig nat\u00fcrliche Zigarettenpapiere, hergestellt aus ungebleichten Leinen- und Reispflanzenfasern \u2013 ohne Chlor oder chemisches Bleichmittel. Dadurch erhalten sie ihre hellbraune, kupfer\u00e4hnliche Farbe. Diese hybride Fasermischung ergibt ein ultrad\u00fcnnes, nahezu durchsichtiges Papier.<\/p>\n<p data-start=\"538\" data-end=\"705\"><strong data-start=\"538\" data-end=\"579\">Das King Size-Format von The Tree CBD<\/strong> ist so konzipiert, dass du alles Notwendige in einem einzigen Heftchen dabeihast \u2013 deine King Size Papers + Tips oder Filter.<\/p>\n<p data-start=\"707\" data-end=\"1018\" data-is-last-node=\"\" data-is-only-node=\"\">Die Papers von The Tree CBD haben eine Wasserzeichenpr\u00e4gung, die f\u00fcr einen gleichm\u00e4\u00dfigen Abbrand sorgt und ein ebenm\u00e4\u00dfigeres Rauchverhalten erm\u00f6glicht. Als Klebstoff wird nat\u00fcrlicher Hanfgummi verwendet \u2013 eine bewusste Wahl, die die Verbindung und das Engagement von The Tree CBD f\u00fcr Hanfprodukte unterstreicht.<\/p>\n","protected":false},"excerpt":{"rendered":"<p data-start=\"0\" data-end=\"164\"><strong data-start=\"0\" data-end=\"63\">Maximal transparentes, langsam brennendes Zigarettenpapier.<\/strong><br data-start=\"63\" data-end=\"66\" \/>Das Heftchen von The Tree CBD enth\u00e4lt <strong data-start=\"104\" data-end=\"161\">32 King Size Slim Papers und 32 Filtertips aus Karton<\/strong>.<\/p>\n<p data-start=\"166\" data-end=\"234\" data-is-last-node=\"\" data-is-only-node=\"\">Ideal f\u00fcr die <strong data-start=\"180\" data-end=\"233\">CBD-Bl\u00fcten und das CBD-Haschisch von The Tree CBD<\/strong>.<\/p>\n","protected":false},"featured_media":183246,"template":"","meta":{"_acf_changed":false},"product_brand":[],"class_list":{"0":"post-166473","1":"product","2":"type-product","3":"status-publish","4":"has-post-thumbnail","6":"product_cat-cbd-gadgets-zubehor","8":"first","9":"instock","10":"taxable","11":"shipping-taxable","12":"purchasable","13":"product-type-simple"},"acf":[],"yoast_head":"<!-- This site is optimized with the Yoast SEO plugin v26.3 - https:\/\/yoast.com\/wordpress\/plugins\/seo\/ -->\n<title>Hanf-Papier zum Drehen mit Filtern | The Tree CBD<\/title>\n<meta name=\"description\" content=\"Maximal transparentes, langsam brennendes Zigarettenpapier. Heftchen mit 32 King Size Slim Papers + 32 Filtertips aus Karton. Entdecke es bei The Tree CBD!\" \/>\n<meta name=\"robots\" content=\"index, follow, max-snippet:-1, max-image-preview:large, max-video-preview:-1\" \/>\n<link rel=\"canonical\" href=\"https:\/\/thetreecbd.com\/de\/cbd\/hanf-papier-zum-drehen-mit-filtern\" \/>\n<meta property=\"og:locale\" content=\"de_DE\" \/>\n<meta property=\"og:type\" content=\"article\" \/>\n<meta property=\"og:title\" content=\"Hanf-Papier zum Drehen mit Filtern | The Tree CBD\" \/>\n<meta property=\"og:description\" content=\"Maximal transparentes, langsam brennendes Zigarettenpapier. Heftchen mit 32 King Size Slim Papers + 32 Filtertips aus Karton. Entdecke es bei The Tree CBD!\" \/>\n<meta property=\"og:url\" content=\"https:\/\/thetreecbd.com\/de\/cbd\/hanf-papier-zum-drehen-mit-filtern\" \/>\n<meta property=\"og:site_name\" content=\"The Tree CBD\" \/>\n<meta property=\"article:publisher\" content=\"https:\/\/www.facebook.com\/thetreeCBD\/\" \/>\n<meta property=\"og:image\" content=\"https:\/\/thetreecbd.com\/wp-content\/uploads\/2024\/02\/smokingpaper-thetreecbd-1-web.jpg\" \/>\n\t<meta property=\"og:image:width\" content=\"1080\" \/>\n\t<meta property=\"og:image:height\" content=\"1350\" \/>\n\t<meta property=\"og:image:type\" content=\"image\/jpeg\" \/>\n<meta name=\"twitter:card\" content=\"summary_large_image\" \/>\n<meta name=\"twitter:site\" content=\"@TheTreeCBD_EU\" \/>\n<meta name=\"twitter:label1\" content=\"Gesch\u00e4tzte Lesezeit\" \/>\n\t<meta name=\"twitter:data1\" content=\"1\u00a0Minute\" \/>\n<script type=\"application\/ld+json\" class=\"yoast-schema-graph\">{\"@context\":\"https:\/\/schema.org\",\"@graph\":[{\"@type\":[\"WebPage\",\"ItemPage\"],\"@id\":\"https:\/\/thetreecbd.com\/de\/cbd\/hanf-papier-zum-drehen-mit-filtern\",\"url\":\"https:\/\/thetreecbd.com\/de\/cbd\/hanf-papier-zum-drehen-mit-filtern\",\"name\":\"Hanf-Papier zum Drehen mit Filtern | The Tree CBD\",\"isPartOf\":{\"@id\":\"https:\/\/thetreecbd.com\/de#website\"},\"primaryImageOfPage\":{\"@id\":\"https:\/\/thetreecbd.com\/de\/cbd\/hanf-papier-zum-drehen-mit-filtern#primaryimage\"},\"image\":{\"@id\":\"https:\/\/thetreecbd.com\/de\/cbd\/hanf-papier-zum-drehen-mit-filtern#primaryimage\"},\"thumbnailUrl\":\"https:\/\/thetreecbd.com\/wp-content\/uploads\/2024\/02\/smokingpaper-thetreecbd-1-web.jpg\",\"datePublished\":\"2024-02-19T14:31:09+00:00\",\"description\":\"Maximal transparentes, langsam brennendes Zigarettenpapier. Heftchen mit 32 King Size Slim Papers + 32 Filtertips aus Karton. Entdecke es bei The Tree CBD!\",\"breadcrumb\":{\"@id\":\"https:\/\/thetreecbd.com\/de\/cbd\/hanf-papier-zum-drehen-mit-filtern#breadcrumb\"},\"inLanguage\":\"de\",\"potentialAction\":[{\"@type\":\"ReadAction\",\"target\":[\"https:\/\/thetreecbd.com\/de\/cbd\/hanf-papier-zum-drehen-mit-filtern\"]}]},{\"@type\":\"ImageObject\",\"inLanguage\":\"de\",\"@id\":\"https:\/\/thetreecbd.com\/de\/cbd\/hanf-papier-zum-drehen-mit-filtern#primaryimage\",\"url\":\"https:\/\/thetreecbd.com\/wp-content\/uploads\/2024\/02\/smokingpaper-thetreecbd-1-web.jpg\",\"contentUrl\":\"https:\/\/thetreecbd.com\/wp-content\/uploads\/2024\/02\/smokingpaper-thetreecbd-1-web.jpg\",\"width\":1080,\"height\":1350},{\"@type\":\"BreadcrumbList\",\"@id\":\"https:\/\/thetreecbd.com\/de\/cbd\/hanf-papier-zum-drehen-mit-filtern#breadcrumb\",\"itemListElement\":[{\"@type\":\"ListItem\",\"position\":1,\"name\":\"The Tree\",\"item\":\"https:\/\/thetreecbd.com\/de\"},{\"@type\":\"ListItem\",\"position\":2,\"name\":\"CBD\",\"item\":\"https:\/\/thetreecbd.com\/es\/cbd\"},{\"@type\":\"ListItem\",\"position\":3,\"name\":\"CBD-Gadgets &amp; Zubeh\u00f6r\",\"item\":\"https:\/\/thetreecbd.com\/de\/cbd-gadgets-zubehor\"},{\"@type\":\"ListItem\",\"position\":4,\"name\":\"Hanf-Papier zum Drehen mit Filtern\"}]},{\"@type\":\"WebSite\",\"@id\":\"https:\/\/thetreecbd.com\/de#website\",\"url\":\"https:\/\/thetreecbd.com\/de\",\"name\":\"The Tree CBD\",\"description\":\"Comprar CBD en Espa\u00f1a Online\",\"publisher\":{\"@id\":\"https:\/\/thetreecbd.com\/de#organization\"},\"potentialAction\":[{\"@type\":\"SearchAction\",\"target\":{\"@type\":\"EntryPoint\",\"urlTemplate\":\"https:\/\/thetreecbd.com\/de?s={search_term_string}\"},\"query-input\":{\"@type\":\"PropertyValueSpecification\",\"valueRequired\":true,\"valueName\":\"search_term_string\"}}],\"inLanguage\":\"de\"},{\"@type\":\"Organization\",\"@id\":\"https:\/\/thetreecbd.com\/de#organization\",\"name\":\"The Tree CBD\",\"url\":\"https:\/\/thetreecbd.com\/de\",\"logo\":{\"@type\":\"ImageObject\",\"inLanguage\":\"de\",\"@id\":\"https:\/\/thetreecbd.com\/de#\/schema\/logo\/image\/\",\"url\":\"https:\/\/thetreecbd.com\/wp-content\/uploads\/2022\/04\/logo-thetree.png\",\"contentUrl\":\"https:\/\/thetreecbd.com\/wp-content\/uploads\/2022\/04\/logo-thetree.png\",\"width\":172,\"height\":55,\"caption\":\"The Tree CBD\"},\"image\":{\"@id\":\"https:\/\/thetreecbd.com\/de#\/schema\/logo\/image\/\"},\"sameAs\":[\"https:\/\/www.facebook.com\/thetreeCBD\/\",\"https:\/\/x.com\/TheTreeCBD_EU\",\"https:\/\/www.instagram.com\/thetree.cbd\/\",\"https:\/\/es.trustpilot.com\/review\/thetreecbd.com\"]}]}<\/script>\n<!-- \/ Yoast SEO plugin. -->","yoast_head_json":{"title":"Hanf-Papier zum Drehen mit Filtern | The Tree CBD","description":"Maximal transparentes, langsam brennendes Zigarettenpapier. Heftchen mit 32 King Size Slim Papers + 32 Filtertips aus Karton. Entdecke es bei The Tree CBD!","robots":{"index":"index","follow":"follow","max-snippet":"max-snippet:-1","max-image-preview":"max-image-preview:large","max-video-preview":"max-video-preview:-1"},"canonical":"https:\/\/thetreecbd.com\/de\/cbd\/hanf-papier-zum-drehen-mit-filtern","og_locale":"de_DE","og_type":"article","og_title":"Hanf-Papier zum Drehen mit Filtern | The Tree CBD","og_description":"Maximal transparentes, langsam brennendes Zigarettenpapier. Heftchen mit 32 King Size Slim Papers + 32 Filtertips aus Karton. Entdecke es bei The Tree CBD!","og_url":"https:\/\/thetreecbd.com\/de\/cbd\/hanf-papier-zum-drehen-mit-filtern","og_site_name":"The Tree CBD","article_publisher":"https:\/\/www.facebook.com\/thetreeCBD\/","og_image":[{"width":1080,"height":1350,"url":"https:\/\/thetreecbd.com\/wp-content\/uploads\/2024\/02\/smokingpaper-thetreecbd-1-web.jpg","type":"image\/jpeg"}],"twitter_card":"summary_large_image","twitter_site":"@TheTreeCBD_EU","twitter_misc":{"Gesch\u00e4tzte Lesezeit":"1\u00a0Minute"},"schema":{"@context":"https:\/\/schema.org","@graph":[{"@type":["WebPage","ItemPage"],"@id":"https:\/\/thetreecbd.com\/de\/cbd\/hanf-papier-zum-drehen-mit-filtern","url":"https:\/\/thetreecbd.com\/de\/cbd\/hanf-papier-zum-drehen-mit-filtern","name":"Hanf-Papier zum Drehen mit Filtern | The Tree CBD","isPartOf":{"@id":"https:\/\/thetreecbd.com\/de#website"},"primaryImageOfPage":{"@id":"https:\/\/thetreecbd.com\/de\/cbd\/hanf-papier-zum-drehen-mit-filtern#primaryimage"},"image":{"@id":"https:\/\/thetreecbd.com\/de\/cbd\/hanf-papier-zum-drehen-mit-filtern#primaryimage"},"thumbnailUrl":"https:\/\/thetreecbd.com\/wp-content\/uploads\/2024\/02\/smokingpaper-thetreecbd-1-web.jpg","datePublished":"2024-02-19T14:31:09+00:00","description":"Maximal transparentes, langsam brennendes Zigarettenpapier. Heftchen mit 32 King Size Slim Papers + 32 Filtertips aus Karton. Entdecke es bei The Tree CBD!","breadcrumb":{"@id":"https:\/\/thetreecbd.com\/de\/cbd\/hanf-papier-zum-drehen-mit-filtern#breadcrumb"},"inLanguage":"de","potentialAction":[{"@type":"ReadAction","target":["https:\/\/thetreecbd.com\/de\/cbd\/hanf-papier-zum-drehen-mit-filtern"]}]},{"@type":"ImageObject","inLanguage":"de","@id":"https:\/\/thetreecbd.com\/de\/cbd\/hanf-papier-zum-drehen-mit-filtern#primaryimage","url":"https:\/\/thetreecbd.com\/wp-content\/uploads\/2024\/02\/smokingpaper-thetreecbd-1-web.jpg","contentUrl":"https:\/\/thetreecbd.com\/wp-content\/uploads\/2024\/02\/smokingpaper-thetreecbd-1-web.jpg","width":1080,"height":1350},{"@type":"BreadcrumbList","@id":"https:\/\/thetreecbd.com\/de\/cbd\/hanf-papier-zum-drehen-mit-filtern#breadcrumb","itemListElement":[{"@type":"ListItem","position":1,"name":"The Tree","item":"https:\/\/thetreecbd.com\/de"},{"@type":"ListItem","position":2,"name":"CBD","item":"https:\/\/thetreecbd.com\/es\/cbd"},{"@type":"ListItem","position":3,"name":"CBD-Gadgets &amp; Zubeh\u00f6r","item":"https:\/\/thetreecbd.com\/de\/cbd-gadgets-zubehor"},{"@type":"ListItem","position":4,"name":"Hanf-Papier zum Drehen mit Filtern"}]},{"@type":"WebSite","@id":"https:\/\/thetreecbd.com\/de#website","url":"https:\/\/thetreecbd.com\/de","name":"The Tree CBD","description":"Comprar CBD en Espa\u00f1a Online","publisher":{"@id":"https:\/\/thetreecbd.com\/de#organization"},"potentialAction":[{"@type":"SearchAction","target":{"@type":"EntryPoint","urlTemplate":"https:\/\/thetreecbd.com\/de?s={search_term_string}"},"query-input":{"@type":"PropertyValueSpecification","valueRequired":true,"valueName":"search_term_string"}}],"inLanguage":"de"},{"@type":"Organization","@id":"https:\/\/thetreecbd.com\/de#organization","name":"The Tree CBD","url":"https:\/\/thetreecbd.com\/de","logo":{"@type":"ImageObject","inLanguage":"de","@id":"https:\/\/thetreecbd.com\/de#\/schema\/logo\/image\/","url":"https:\/\/thetreecbd.com\/wp-content\/uploads\/2022\/04\/logo-thetree.png","contentUrl":"https:\/\/thetreecbd.com\/wp-content\/uploads\/2022\/04\/logo-thetree.png","width":172,"height":55,"caption":"The Tree CBD"},"image":{"@id":"https:\/\/thetreecbd.com\/de#\/schema\/logo\/image\/"},"sameAs":["https:\/\/www.facebook.com\/thetreeCBD\/","https:\/\/x.com\/TheTreeCBD_EU","https:\/\/www.instagram.com\/thetree.cbd\/","https:\/\/es.trustpilot.com\/review\/thetreecbd.com"]}]}},"_links":{"self":[{"href":"https:\/\/thetreecbd.com\/de\/wp-json\/wp\/v2\/product\/166473","targetHints":{"allow":["GET"]}}],"collection":[{"href":"https:\/\/thetreecbd.com\/de\/wp-json\/wp\/v2\/product"}],"about":[{"href":"https:\/\/thetreecbd.com\/de\/wp-json\/wp\/v2\/types\/product"}],"version-history":[{"count":0,"href":"https:\/\/thetreecbd.com\/de\/wp-json\/wp\/v2\/product\/166473\/revisions"}],"wp:featuredmedia":[{"embeddable":true,"href":"https:\/\/thetreecbd.com\/de\/wp-json\/wp\/v2\/media\/183246"}],"wp:attachment":[{"href":"https:\/\/thetreecbd.com\/de\/wp-json\/wp\/v2\/media?parent=166473"}],"wp:term":[{"taxonomy":"product_brand","embeddable":true,"href":"https:\/\/thetreecbd.com\/de\/wp-json\/wp\/v2\/product_brand?post=166473"}],"curies":[{"name":"wp","href":"https:\/\/api.w.org\/{rel}","templated":true}]}}