{"id":166476,"date":"2024-02-14T12:16:43","date_gmt":"2024-02-14T11:16:43","guid":{"rendered":"https:\/\/thetreecbd.com\/cbd\/clipper-feuerzeug-the-tree-cbd"},"modified":"2024-02-14T12:16:43","modified_gmt":"2024-02-14T11:16:43","slug":"clipper-feuerzeug-the-tree-cbd","status":"publish","type":"product","link":"https:\/\/thetreecbd.com\/de\/cbd\/clipper-feuerzeug-the-tree-cbd","title":{"rendered":"Clipper-Feuerzeug The Tree CBD"},"content":{"rendered":"<article class=\"text-token-text-primary w-full\" dir=\"auto\" data-testid=\"conversation-turn-214\" data-scroll-anchor=\"true\">\n<div class=\"text-base my-auto mx-auto py-5 [--thread-content-margin:--spacing(4)] @[37rem]:[--thread-content-margin:--spacing(6)] @[72rem]:[--thread-content-margin:--spacing(16)] px-(--thread-content-margin)\">\n<div class=\"[--thread-content-max-width:32rem] @[34rem]:[--thread-content-max-width:40rem] @[64rem]:[--thread-content-max-width:48rem] mx-auto flex max-w-(--thread-content-max-width) flex-1 text-base gap-4 md:gap-5 lg:gap-6 group\/turn-messages focus-visible:outline-hidden\" tabindex=\"-1\">\n<div class=\"group\/conversation-turn relative flex w-full min-w-0 flex-col agent-turn\">\n<div class=\"relative flex-col gap-1 md:gap-3\">\n<div class=\"flex max-w-full flex-col grow\">\n<div class=\"min-h-8 text-message relative flex w-full flex-col items-end gap-2 text-start break-words whitespace-normal [.text-message+&amp;]:mt-5\" dir=\"auto\" data-message-author-role=\"assistant\" data-message-id=\"645e32e6-6547-44dc-a938-63e17efb4f49\" data-message-model-slug=\"gpt-4o\">\n<div class=\"flex w-full flex-col gap-1 empty:hidden first:pt-[3px]\">\n<div class=\"markdown prose dark:prose-invert w-full break-words dark\">\n<p data-start=\"0\" data-end=\"313\"><strong data-start=\"0\" data-end=\"51\">Entdecke das Clipper-Feuerzeug von The Tree CBD<\/strong> \u2013 dein perfekter Begleiter, um deine besonderen Momente mit Stil und Komfort zu entfachen. Dieses Feuerzeug wurde mit der bew\u00e4hrten Qualit\u00e4t und Zuverl\u00e4ssigkeit von Clipper entworfen und besitzt ein robustes, langlebiges Geh\u00e4use, das angenehm in der Hand liegt.<\/p>\n<p data-start=\"315\" data-end=\"655\">Mit dem markanten Logo von The Tree CBD und der bekannten Clipper-Qualit\u00e4t ist dieses Feuerzeug nicht nur funktional, sondern verleiht deinem Alltag auch eine stilvolle Note. Ideal zum Anz\u00fcnden von Zigaretten, Zigarren oder anderen Dingen \u2013 es ist nachf\u00fcllbar und verf\u00fcgt \u00fcber eine regulierbare Flamme, die sich deinen Bed\u00fcrfnissen anpasst.<\/p>\n<p data-start=\"657\" data-end=\"837\" data-is-last-node=\"\" data-is-only-node=\"\"><strong data-start=\"657\" data-end=\"737\">Mache jeden Moment unvergesslich mit dem Clipper-Feuerzeug von The Tree CBD!<\/strong> Perfekt kombinierbar mit unseren CBD-Bl\u00fcten oder CBD-Haschisch f\u00fcr ein rundum erf\u00fcllendes Erlebnis.<\/p>\n<\/div>\n<\/div>\n<\/div>\n<\/div>\n<div class=\"flex justify-start\"><\/div>\n<\/div>\n<div class=\"absolute\">\n<div class=\"flex items-center justify-center\"><\/div>\n<\/div>\n<\/div>\n<\/div>\n<\/div>\n<\/article>\n<div class=\"pointer-events-none h-px w-px\" aria-hidden=\"true\" data-edge=\"true\"><\/div>\n","protected":false},"excerpt":{"rendered":"<p><strong data-start=\"0\" data-end=\"63\" data-is-only-node=\"\">Personalisierter Clipper mit dem Branding von The Tree CBD.<\/strong> Dieses klassische Feuerzeug ist nachf\u00fcllbar und kommt in einem gl\u00e4nzend wei\u00dfen Finish mit gr\u00fcnen Akzenten. Achtung: Sobald du es verleihst, bekommst du es wahrscheinlich nicht zur\u00fcck!<\/p>\n","protected":false},"featured_media":183269,"template":"","meta":{"_acf_changed":false},"product_brand":[],"class_list":{"0":"post-166476","1":"product","2":"type-product","3":"status-publish","4":"has-post-thumbnail","6":"product_cat-cbd-gadgets-zubehor","8":"first","9":"instock","10":"taxable","11":"shipping-taxable","12":"purchasable","13":"product-type-simple"},"acf":[],"yoast_head":"<!-- This site is optimized with the Yoast SEO plugin v26.3 - https:\/\/yoast.com\/wordpress\/plugins\/seo\/ -->\n<title>Mechero Clipper - The Tree CBD<\/title>\n<meta name=\"description\" content=\"ChatGPT said: Hol dir dein Clipper-Feuerzeug zum CBD-Rauchen bei The Tree CBD. Qualit\u00e4t und Komfort f\u00fcr dein Erlebnis. Jetzt kaufen und in vollen Z\u00fcgen genie\u00dfen!\" \/>\n<meta name=\"robots\" content=\"index, follow, max-snippet:-1, max-image-preview:large, max-video-preview:-1\" \/>\n<link rel=\"canonical\" href=\"https:\/\/thetreecbd.com\/de\/cbd\/clipper-feuerzeug-the-tree-cbd\" \/>\n<meta property=\"og:locale\" content=\"de_DE\" \/>\n<meta property=\"og:type\" content=\"article\" \/>\n<meta property=\"og:title\" content=\"Mechero Clipper - The Tree CBD\" \/>\n<meta property=\"og:description\" content=\"ChatGPT said: Hol dir dein Clipper-Feuerzeug zum CBD-Rauchen bei The Tree CBD. Qualit\u00e4t und Komfort f\u00fcr dein Erlebnis. Jetzt kaufen und in vollen Z\u00fcgen genie\u00dfen!\" \/>\n<meta property=\"og:url\" content=\"https:\/\/thetreecbd.com\/de\/cbd\/clipper-feuerzeug-the-tree-cbd\" \/>\n<meta property=\"og:site_name\" content=\"The Tree CBD\" \/>\n<meta property=\"article:publisher\" content=\"https:\/\/www.facebook.com\/thetreeCBD\/\" \/>\n<meta property=\"og:image\" content=\"https:\/\/thetreecbd.com\/wp-content\/uploads\/2024\/02\/mechero-the-tree-cbd.png\" \/>\n\t<meta property=\"og:image:width\" content=\"600\" \/>\n\t<meta property=\"og:image:height\" content=\"720\" \/>\n\t<meta property=\"og:image:type\" content=\"image\/png\" \/>\n<meta name=\"twitter:card\" content=\"summary_large_image\" \/>\n<meta name=\"twitter:site\" content=\"@TheTreeCBD_EU\" \/>\n<meta name=\"twitter:label1\" content=\"Gesch\u00e4tzte Lesezeit\" \/>\n\t<meta name=\"twitter:data1\" content=\"1\u00a0Minute\" \/>\n<script type=\"application\/ld+json\" class=\"yoast-schema-graph\">{\"@context\":\"https:\/\/schema.org\",\"@graph\":[{\"@type\":[\"WebPage\",\"ItemPage\"],\"@id\":\"https:\/\/thetreecbd.com\/de\/cbd\/clipper-feuerzeug-the-tree-cbd\",\"url\":\"https:\/\/thetreecbd.com\/de\/cbd\/clipper-feuerzeug-the-tree-cbd\",\"name\":\"Mechero Clipper - The Tree CBD\",\"isPartOf\":{\"@id\":\"https:\/\/thetreecbd.com\/de#website\"},\"primaryImageOfPage\":{\"@id\":\"https:\/\/thetreecbd.com\/de\/cbd\/clipper-feuerzeug-the-tree-cbd#primaryimage\"},\"image\":{\"@id\":\"https:\/\/thetreecbd.com\/de\/cbd\/clipper-feuerzeug-the-tree-cbd#primaryimage\"},\"thumbnailUrl\":\"https:\/\/thetreecbd.com\/wp-content\/uploads\/2024\/02\/thetree3-web.jpg\",\"datePublished\":\"2024-02-14T11:16:43+00:00\",\"description\":\"ChatGPT said: Hol dir dein Clipper-Feuerzeug zum CBD-Rauchen bei The Tree CBD. Qualit\u00e4t und Komfort f\u00fcr dein Erlebnis. Jetzt kaufen und in vollen Z\u00fcgen genie\u00dfen!\",\"breadcrumb\":{\"@id\":\"https:\/\/thetreecbd.com\/de\/cbd\/clipper-feuerzeug-the-tree-cbd#breadcrumb\"},\"inLanguage\":\"de\",\"potentialAction\":[{\"@type\":\"ReadAction\",\"target\":[\"https:\/\/thetreecbd.com\/de\/cbd\/clipper-feuerzeug-the-tree-cbd\"]}]},{\"@type\":\"ImageObject\",\"inLanguage\":\"de\",\"@id\":\"https:\/\/thetreecbd.com\/de\/cbd\/clipper-feuerzeug-the-tree-cbd#primaryimage\",\"url\":\"https:\/\/thetreecbd.com\/wp-content\/uploads\/2024\/02\/thetree3-web.jpg\",\"contentUrl\":\"https:\/\/thetreecbd.com\/wp-content\/uploads\/2024\/02\/thetree3-web.jpg\",\"width\":1080,\"height\":1350},{\"@type\":\"BreadcrumbList\",\"@id\":\"https:\/\/thetreecbd.com\/de\/cbd\/clipper-feuerzeug-the-tree-cbd#breadcrumb\",\"itemListElement\":[{\"@type\":\"ListItem\",\"position\":1,\"name\":\"The Tree\",\"item\":\"https:\/\/thetreecbd.com\/de\"},{\"@type\":\"ListItem\",\"position\":2,\"name\":\"CBD\",\"item\":\"https:\/\/thetreecbd.com\/es\/cbd\"},{\"@type\":\"ListItem\",\"position\":3,\"name\":\"CBD-Gadgets &amp; Zubeh\u00f6r\",\"item\":\"https:\/\/thetreecbd.com\/de\/cbd-gadgets-zubehor\"},{\"@type\":\"ListItem\",\"position\":4,\"name\":\"Clipper-Feuerzeug The Tree CBD\"}]},{\"@type\":\"WebSite\",\"@id\":\"https:\/\/thetreecbd.com\/de#website\",\"url\":\"https:\/\/thetreecbd.com\/de\",\"name\":\"The Tree CBD\",\"description\":\"Comprar CBD en Espa\u00f1a Online\",\"publisher\":{\"@id\":\"https:\/\/thetreecbd.com\/de#organization\"},\"potentialAction\":[{\"@type\":\"SearchAction\",\"target\":{\"@type\":\"EntryPoint\",\"urlTemplate\":\"https:\/\/thetreecbd.com\/de?s={search_term_string}\"},\"query-input\":{\"@type\":\"PropertyValueSpecification\",\"valueRequired\":true,\"valueName\":\"search_term_string\"}}],\"inLanguage\":\"de\"},{\"@type\":\"Organization\",\"@id\":\"https:\/\/thetreecbd.com\/de#organization\",\"name\":\"The Tree CBD\",\"url\":\"https:\/\/thetreecbd.com\/de\",\"logo\":{\"@type\":\"ImageObject\",\"inLanguage\":\"de\",\"@id\":\"https:\/\/thetreecbd.com\/de#\/schema\/logo\/image\/\",\"url\":\"https:\/\/thetreecbd.com\/wp-content\/uploads\/2022\/04\/logo-thetree.png\",\"contentUrl\":\"https:\/\/thetreecbd.com\/wp-content\/uploads\/2022\/04\/logo-thetree.png\",\"width\":172,\"height\":55,\"caption\":\"The Tree CBD\"},\"image\":{\"@id\":\"https:\/\/thetreecbd.com\/de#\/schema\/logo\/image\/\"},\"sameAs\":[\"https:\/\/www.facebook.com\/thetreeCBD\/\",\"https:\/\/x.com\/TheTreeCBD_EU\",\"https:\/\/www.instagram.com\/thetree.cbd\/\",\"https:\/\/es.trustpilot.com\/review\/thetreecbd.com\"]}]}<\/script>\n<!-- \/ Yoast SEO plugin. -->","yoast_head_json":{"title":"Mechero Clipper - The Tree CBD","description":"ChatGPT said: Hol dir dein Clipper-Feuerzeug zum CBD-Rauchen bei The Tree CBD. Qualit\u00e4t und Komfort f\u00fcr dein Erlebnis. Jetzt kaufen und in vollen Z\u00fcgen genie\u00dfen!","robots":{"index":"index","follow":"follow","max-snippet":"max-snippet:-1","max-image-preview":"max-image-preview:large","max-video-preview":"max-video-preview:-1"},"canonical":"https:\/\/thetreecbd.com\/de\/cbd\/clipper-feuerzeug-the-tree-cbd","og_locale":"de_DE","og_type":"article","og_title":"Mechero Clipper - The Tree CBD","og_description":"ChatGPT said: Hol dir dein Clipper-Feuerzeug zum CBD-Rauchen bei The Tree CBD. Qualit\u00e4t und Komfort f\u00fcr dein Erlebnis. Jetzt kaufen und in vollen Z\u00fcgen genie\u00dfen!","og_url":"https:\/\/thetreecbd.com\/de\/cbd\/clipper-feuerzeug-the-tree-cbd","og_site_name":"The Tree CBD","article_publisher":"https:\/\/www.facebook.com\/thetreeCBD\/","og_image":[{"width":600,"height":720,"url":"https:\/\/thetreecbd.com\/wp-content\/uploads\/2024\/02\/mechero-the-tree-cbd.png","type":"image\/png"}],"twitter_card":"summary_large_image","twitter_site":"@TheTreeCBD_EU","twitter_misc":{"Gesch\u00e4tzte Lesezeit":"1\u00a0Minute"},"schema":{"@context":"https:\/\/schema.org","@graph":[{"@type":["WebPage","ItemPage"],"@id":"https:\/\/thetreecbd.com\/de\/cbd\/clipper-feuerzeug-the-tree-cbd","url":"https:\/\/thetreecbd.com\/de\/cbd\/clipper-feuerzeug-the-tree-cbd","name":"Mechero Clipper - The Tree CBD","isPartOf":{"@id":"https:\/\/thetreecbd.com\/de#website"},"primaryImageOfPage":{"@id":"https:\/\/thetreecbd.com\/de\/cbd\/clipper-feuerzeug-the-tree-cbd#primaryimage"},"image":{"@id":"https:\/\/thetreecbd.com\/de\/cbd\/clipper-feuerzeug-the-tree-cbd#primaryimage"},"thumbnailUrl":"https:\/\/thetreecbd.com\/wp-content\/uploads\/2024\/02\/thetree3-web.jpg","datePublished":"2024-02-14T11:16:43+00:00","description":"ChatGPT said: Hol dir dein Clipper-Feuerzeug zum CBD-Rauchen bei The Tree CBD. Qualit\u00e4t und Komfort f\u00fcr dein Erlebnis. Jetzt kaufen und in vollen Z\u00fcgen genie\u00dfen!","breadcrumb":{"@id":"https:\/\/thetreecbd.com\/de\/cbd\/clipper-feuerzeug-the-tree-cbd#breadcrumb"},"inLanguage":"de","potentialAction":[{"@type":"ReadAction","target":["https:\/\/thetreecbd.com\/de\/cbd\/clipper-feuerzeug-the-tree-cbd"]}]},{"@type":"ImageObject","inLanguage":"de","@id":"https:\/\/thetreecbd.com\/de\/cbd\/clipper-feuerzeug-the-tree-cbd#primaryimage","url":"https:\/\/thetreecbd.com\/wp-content\/uploads\/2024\/02\/thetree3-web.jpg","contentUrl":"https:\/\/thetreecbd.com\/wp-content\/uploads\/2024\/02\/thetree3-web.jpg","width":1080,"height":1350},{"@type":"BreadcrumbList","@id":"https:\/\/thetreecbd.com\/de\/cbd\/clipper-feuerzeug-the-tree-cbd#breadcrumb","itemListElement":[{"@type":"ListItem","position":1,"name":"The Tree","item":"https:\/\/thetreecbd.com\/de"},{"@type":"ListItem","position":2,"name":"CBD","item":"https:\/\/thetreecbd.com\/es\/cbd"},{"@type":"ListItem","position":3,"name":"CBD-Gadgets &amp; Zubeh\u00f6r","item":"https:\/\/thetreecbd.com\/de\/cbd-gadgets-zubehor"},{"@type":"ListItem","position":4,"name":"Clipper-Feuerzeug The Tree CBD"}]},{"@type":"WebSite","@id":"https:\/\/thetreecbd.com\/de#website","url":"https:\/\/thetreecbd.com\/de","name":"The Tree CBD","description":"Comprar CBD en Espa\u00f1a Online","publisher":{"@id":"https:\/\/thetreecbd.com\/de#organization"},"potentialAction":[{"@type":"SearchAction","target":{"@type":"EntryPoint","urlTemplate":"https:\/\/thetreecbd.com\/de?s={search_term_string}"},"query-input":{"@type":"PropertyValueSpecification","valueRequired":true,"valueName":"search_term_string"}}],"inLanguage":"de"},{"@type":"Organization","@id":"https:\/\/thetreecbd.com\/de#organization","name":"The Tree CBD","url":"https:\/\/thetreecbd.com\/de","logo":{"@type":"ImageObject","inLanguage":"de","@id":"https:\/\/thetreecbd.com\/de#\/schema\/logo\/image\/","url":"https:\/\/thetreecbd.com\/wp-content\/uploads\/2022\/04\/logo-thetree.png","contentUrl":"https:\/\/thetreecbd.com\/wp-content\/uploads\/2022\/04\/logo-thetree.png","width":172,"height":55,"caption":"The Tree CBD"},"image":{"@id":"https:\/\/thetreecbd.com\/de#\/schema\/logo\/image\/"},"sameAs":["https:\/\/www.facebook.com\/thetreeCBD\/","https:\/\/x.com\/TheTreeCBD_EU","https:\/\/www.instagram.com\/thetree.cbd\/","https:\/\/es.trustpilot.com\/review\/thetreecbd.com"]}]}},"_links":{"self":[{"href":"https:\/\/thetreecbd.com\/de\/wp-json\/wp\/v2\/product\/166476","targetHints":{"allow":["GET"]}}],"collection":[{"href":"https:\/\/thetreecbd.com\/de\/wp-json\/wp\/v2\/product"}],"about":[{"href":"https:\/\/thetreecbd.com\/de\/wp-json\/wp\/v2\/types\/product"}],"version-history":[{"count":0,"href":"https:\/\/thetreecbd.com\/de\/wp-json\/wp\/v2\/product\/166476\/revisions"}],"wp:featuredmedia":[{"embeddable":true,"href":"https:\/\/thetreecbd.com\/de\/wp-json\/wp\/v2\/media\/183269"}],"wp:attachment":[{"href":"https:\/\/thetreecbd.com\/de\/wp-json\/wp\/v2\/media?parent=166476"}],"wp:term":[{"taxonomy":"product_brand","embeddable":true,"href":"https:\/\/thetreecbd.com\/de\/wp-json\/wp\/v2\/product_brand?post=166476"}],"curies":[{"name":"wp","href":"https:\/\/api.w.org\/{rel}","templated":true}]}}