{"id":166483,"date":"2024-04-16T17:26:15","date_gmt":"2024-04-16T15:26:15","guid":{"rendered":"https:\/\/thetreecbd.com\/cbd\/pla-filter-100-recycelbar"},"modified":"2024-04-16T17:26:15","modified_gmt":"2024-04-16T15:26:15","slug":"pla-filter-100-recycelbar","status":"publish","type":"product","link":"https:\/\/thetreecbd.com\/de\/cbd\/pla-filter-100-recycelbar","title":{"rendered":"PLA-Filter, 100 % recycelbar"},"content":{"rendered":"<p data-start=\"0\" data-end=\"218\">Filter aus 100 % PLA, einem organischen Polymer mit por\u00f6ser und absorbierender Oberfl\u00e4che. Wiederverwendbar, waschbar und vollst\u00e4ndig biologisch abbaubar. Selbst beim Schmelzen werden keine giftigen D\u00e4mpfe freigesetzt.<\/p>\n<p data-start=\"220\" data-end=\"744\">PLA ist ein Biokunststoff, der aus erneuerbaren Quellen wie Mais oder Zuckerrohr gewonnen wird, was ihn vollst\u00e4ndig biologisch abbaubar und recycelbar macht. Diese Filter reduzieren nicht nur die Umweltbelastung, indem sie die Abh\u00e4ngigkeit von herk\u00f6mmlichen, erd\u00f6lbasierten Kunststoffen verringern, sondern bieten auch ein angenehmeres Geschmackserlebnis. Ihr effizientes Design und die F\u00e4higkeit, sich nach Gebrauch auf nat\u00fcrliche Weise zu zersetzen, machen sie zur verantwortungsvollen Wahl f\u00fcr umweltbewusste Verbraucher.<\/p>\n<p data-start=\"746\" data-end=\"860\" data-is-last-node=\"\" data-is-only-node=\"\">Diese Filterbox enth\u00e4lt eine vollst\u00e4ndige Auswahl an Farben und Formen. So hart wie Glas und so leicht wie Karton.<\/p>\n","protected":false},"excerpt":{"rendered":"<p>Kleine Schachtel mit 10 JanoFilters, gef\u00fcllt mit einer zuf\u00e4lligen Mischung aus 12 Originaldesigns, um deine Sessions zu verbessern.<\/p>\n","protected":false},"featured_media":166485,"template":"","meta":{"_acf_changed":false},"product_brand":[],"class_list":{"0":"post-166483","1":"product","2":"type-product","3":"status-publish","4":"has-post-thumbnail","6":"product_cat-cbd-gadgets-zubehor","8":"first","9":"outofstock","10":"taxable","11":"shipping-taxable","12":"purchasable","13":"product-type-simple"},"acf":[],"yoast_head":"<!-- This site is optimized with the Yoast SEO plugin v26.3 - https:\/\/yoast.com\/wordpress\/plugins\/seo\/ -->\n<title>Recycelbare und biologisch abbaubare Filter | The Tree CBD<\/title>\n<meta name=\"description\" content=\"Hol dir deine recycelbaren und biologisch abbaubaren Filter bei The Tree CBD f\u00fcr ein besseres Erlebnis bei deinen Sessions. Lass sie dir nicht entgehen!\" \/>\n<meta name=\"robots\" content=\"index, follow, max-snippet:-1, max-image-preview:large, max-video-preview:-1\" \/>\n<link rel=\"canonical\" href=\"https:\/\/thetreecbd.com\/de\/cbd\/pla-filter-100-recycelbar\" \/>\n<meta property=\"og:locale\" content=\"de_DE\" \/>\n<meta property=\"og:type\" content=\"article\" \/>\n<meta property=\"og:title\" content=\"Recycelbare und biologisch abbaubare Filter | The Tree CBD\" \/>\n<meta property=\"og:description\" content=\"Hol dir deine recycelbaren und biologisch abbaubaren Filter bei The Tree CBD f\u00fcr ein besseres Erlebnis bei deinen Sessions. Lass sie dir nicht entgehen!\" \/>\n<meta property=\"og:url\" content=\"https:\/\/thetreecbd.com\/de\/cbd\/pla-filter-100-recycelbar\" \/>\n<meta property=\"og:site_name\" content=\"The Tree CBD\" \/>\n<meta property=\"article:publisher\" content=\"https:\/\/www.facebook.com\/thetreeCBD\/\" \/>\n<meta property=\"og:image\" content=\"https:\/\/thetreecbd.com\/wp-content\/uploads\/2024\/04\/Disseny-sense-titol-45.png\" \/>\n\t<meta property=\"og:image:width\" content=\"600\" \/>\n\t<meta property=\"og:image:height\" content=\"720\" \/>\n\t<meta property=\"og:image:type\" content=\"image\/png\" \/>\n<meta name=\"twitter:card\" content=\"summary_large_image\" \/>\n<meta name=\"twitter:site\" content=\"@TheTreeCBD_EU\" \/>\n<meta name=\"twitter:label1\" content=\"Gesch\u00e4tzte Lesezeit\" \/>\n\t<meta name=\"twitter:data1\" content=\"1\u00a0Minute\" \/>\n<script type=\"application\/ld+json\" class=\"yoast-schema-graph\">{\"@context\":\"https:\/\/schema.org\",\"@graph\":[{\"@type\":[\"WebPage\",\"ItemPage\"],\"@id\":\"https:\/\/thetreecbd.com\/de\/cbd\/pla-filter-100-recycelbar\",\"url\":\"https:\/\/thetreecbd.com\/de\/cbd\/pla-filter-100-recycelbar\",\"name\":\"Recycelbare und biologisch abbaubare Filter | The Tree CBD\",\"isPartOf\":{\"@id\":\"https:\/\/thetreecbd.com\/de#website\"},\"primaryImageOfPage\":{\"@id\":\"https:\/\/thetreecbd.com\/de\/cbd\/pla-filter-100-recycelbar#primaryimage\"},\"image\":{\"@id\":\"https:\/\/thetreecbd.com\/de\/cbd\/pla-filter-100-recycelbar#primaryimage\"},\"thumbnailUrl\":\"https:\/\/thetreecbd.com\/wp-content\/uploads\/2024\/04\/Disseny-sense-titol-45.png\",\"datePublished\":\"2024-04-16T15:26:15+00:00\",\"description\":\"Hol dir deine recycelbaren und biologisch abbaubaren Filter bei The Tree CBD f\u00fcr ein besseres Erlebnis bei deinen Sessions. Lass sie dir nicht entgehen!\",\"breadcrumb\":{\"@id\":\"https:\/\/thetreecbd.com\/de\/cbd\/pla-filter-100-recycelbar#breadcrumb\"},\"inLanguage\":\"de\",\"potentialAction\":[{\"@type\":\"ReadAction\",\"target\":[\"https:\/\/thetreecbd.com\/de\/cbd\/pla-filter-100-recycelbar\"]}]},{\"@type\":\"ImageObject\",\"inLanguage\":\"de\",\"@id\":\"https:\/\/thetreecbd.com\/de\/cbd\/pla-filter-100-recycelbar#primaryimage\",\"url\":\"https:\/\/thetreecbd.com\/wp-content\/uploads\/2024\/04\/Disseny-sense-titol-45.png\",\"contentUrl\":\"https:\/\/thetreecbd.com\/wp-content\/uploads\/2024\/04\/Disseny-sense-titol-45.png\",\"width\":600,\"height\":720},{\"@type\":\"BreadcrumbList\",\"@id\":\"https:\/\/thetreecbd.com\/de\/cbd\/pla-filter-100-recycelbar#breadcrumb\",\"itemListElement\":[{\"@type\":\"ListItem\",\"position\":1,\"name\":\"The Tree\",\"item\":\"https:\/\/thetreecbd.com\/de\"},{\"@type\":\"ListItem\",\"position\":2,\"name\":\"CBD\",\"item\":\"https:\/\/thetreecbd.com\/es\/cbd\"},{\"@type\":\"ListItem\",\"position\":3,\"name\":\"CBD-Gadgets &amp; Zubeh\u00f6r\",\"item\":\"https:\/\/thetreecbd.com\/de\/cbd-gadgets-zubehor\"},{\"@type\":\"ListItem\",\"position\":4,\"name\":\"PLA-Filter, 100 % recycelbar\"}]},{\"@type\":\"WebSite\",\"@id\":\"https:\/\/thetreecbd.com\/de#website\",\"url\":\"https:\/\/thetreecbd.com\/de\",\"name\":\"The Tree CBD\",\"description\":\"Comprar CBD en Espa\u00f1a Online\",\"publisher\":{\"@id\":\"https:\/\/thetreecbd.com\/de#organization\"},\"potentialAction\":[{\"@type\":\"SearchAction\",\"target\":{\"@type\":\"EntryPoint\",\"urlTemplate\":\"https:\/\/thetreecbd.com\/de?s={search_term_string}\"},\"query-input\":{\"@type\":\"PropertyValueSpecification\",\"valueRequired\":true,\"valueName\":\"search_term_string\"}}],\"inLanguage\":\"de\"},{\"@type\":\"Organization\",\"@id\":\"https:\/\/thetreecbd.com\/de#organization\",\"name\":\"The Tree CBD\",\"url\":\"https:\/\/thetreecbd.com\/de\",\"logo\":{\"@type\":\"ImageObject\",\"inLanguage\":\"de\",\"@id\":\"https:\/\/thetreecbd.com\/de#\/schema\/logo\/image\/\",\"url\":\"https:\/\/thetreecbd.com\/wp-content\/uploads\/2022\/04\/logo-thetree.png\",\"contentUrl\":\"https:\/\/thetreecbd.com\/wp-content\/uploads\/2022\/04\/logo-thetree.png\",\"width\":172,\"height\":55,\"caption\":\"The Tree CBD\"},\"image\":{\"@id\":\"https:\/\/thetreecbd.com\/de#\/schema\/logo\/image\/\"},\"sameAs\":[\"https:\/\/www.facebook.com\/thetreeCBD\/\",\"https:\/\/x.com\/TheTreeCBD_EU\",\"https:\/\/www.instagram.com\/thetree.cbd\/\",\"https:\/\/es.trustpilot.com\/review\/thetreecbd.com\"]}]}<\/script>\n<!-- \/ Yoast SEO plugin. -->","yoast_head_json":{"title":"Recycelbare und biologisch abbaubare Filter | The Tree CBD","description":"Hol dir deine recycelbaren und biologisch abbaubaren Filter bei The Tree CBD f\u00fcr ein besseres Erlebnis bei deinen Sessions. Lass sie dir nicht entgehen!","robots":{"index":"index","follow":"follow","max-snippet":"max-snippet:-1","max-image-preview":"max-image-preview:large","max-video-preview":"max-video-preview:-1"},"canonical":"https:\/\/thetreecbd.com\/de\/cbd\/pla-filter-100-recycelbar","og_locale":"de_DE","og_type":"article","og_title":"Recycelbare und biologisch abbaubare Filter | The Tree CBD","og_description":"Hol dir deine recycelbaren und biologisch abbaubaren Filter bei The Tree CBD f\u00fcr ein besseres Erlebnis bei deinen Sessions. Lass sie dir nicht entgehen!","og_url":"https:\/\/thetreecbd.com\/de\/cbd\/pla-filter-100-recycelbar","og_site_name":"The Tree CBD","article_publisher":"https:\/\/www.facebook.com\/thetreeCBD\/","og_image":[{"width":600,"height":720,"url":"https:\/\/thetreecbd.com\/wp-content\/uploads\/2024\/04\/Disseny-sense-titol-45.png","type":"image\/png"}],"twitter_card":"summary_large_image","twitter_site":"@TheTreeCBD_EU","twitter_misc":{"Gesch\u00e4tzte Lesezeit":"1\u00a0Minute"},"schema":{"@context":"https:\/\/schema.org","@graph":[{"@type":["WebPage","ItemPage"],"@id":"https:\/\/thetreecbd.com\/de\/cbd\/pla-filter-100-recycelbar","url":"https:\/\/thetreecbd.com\/de\/cbd\/pla-filter-100-recycelbar","name":"Recycelbare und biologisch abbaubare Filter | The Tree CBD","isPartOf":{"@id":"https:\/\/thetreecbd.com\/de#website"},"primaryImageOfPage":{"@id":"https:\/\/thetreecbd.com\/de\/cbd\/pla-filter-100-recycelbar#primaryimage"},"image":{"@id":"https:\/\/thetreecbd.com\/de\/cbd\/pla-filter-100-recycelbar#primaryimage"},"thumbnailUrl":"https:\/\/thetreecbd.com\/wp-content\/uploads\/2024\/04\/Disseny-sense-titol-45.png","datePublished":"2024-04-16T15:26:15+00:00","description":"Hol dir deine recycelbaren und biologisch abbaubaren Filter bei The Tree CBD f\u00fcr ein besseres Erlebnis bei deinen Sessions. Lass sie dir nicht entgehen!","breadcrumb":{"@id":"https:\/\/thetreecbd.com\/de\/cbd\/pla-filter-100-recycelbar#breadcrumb"},"inLanguage":"de","potentialAction":[{"@type":"ReadAction","target":["https:\/\/thetreecbd.com\/de\/cbd\/pla-filter-100-recycelbar"]}]},{"@type":"ImageObject","inLanguage":"de","@id":"https:\/\/thetreecbd.com\/de\/cbd\/pla-filter-100-recycelbar#primaryimage","url":"https:\/\/thetreecbd.com\/wp-content\/uploads\/2024\/04\/Disseny-sense-titol-45.png","contentUrl":"https:\/\/thetreecbd.com\/wp-content\/uploads\/2024\/04\/Disseny-sense-titol-45.png","width":600,"height":720},{"@type":"BreadcrumbList","@id":"https:\/\/thetreecbd.com\/de\/cbd\/pla-filter-100-recycelbar#breadcrumb","itemListElement":[{"@type":"ListItem","position":1,"name":"The Tree","item":"https:\/\/thetreecbd.com\/de"},{"@type":"ListItem","position":2,"name":"CBD","item":"https:\/\/thetreecbd.com\/es\/cbd"},{"@type":"ListItem","position":3,"name":"CBD-Gadgets &amp; Zubeh\u00f6r","item":"https:\/\/thetreecbd.com\/de\/cbd-gadgets-zubehor"},{"@type":"ListItem","position":4,"name":"PLA-Filter, 100 % recycelbar"}]},{"@type":"WebSite","@id":"https:\/\/thetreecbd.com\/de#website","url":"https:\/\/thetreecbd.com\/de","name":"The Tree CBD","description":"Comprar CBD en Espa\u00f1a Online","publisher":{"@id":"https:\/\/thetreecbd.com\/de#organization"},"potentialAction":[{"@type":"SearchAction","target":{"@type":"EntryPoint","urlTemplate":"https:\/\/thetreecbd.com\/de?s={search_term_string}"},"query-input":{"@type":"PropertyValueSpecification","valueRequired":true,"valueName":"search_term_string"}}],"inLanguage":"de"},{"@type":"Organization","@id":"https:\/\/thetreecbd.com\/de#organization","name":"The Tree CBD","url":"https:\/\/thetreecbd.com\/de","logo":{"@type":"ImageObject","inLanguage":"de","@id":"https:\/\/thetreecbd.com\/de#\/schema\/logo\/image\/","url":"https:\/\/thetreecbd.com\/wp-content\/uploads\/2022\/04\/logo-thetree.png","contentUrl":"https:\/\/thetreecbd.com\/wp-content\/uploads\/2022\/04\/logo-thetree.png","width":172,"height":55,"caption":"The Tree CBD"},"image":{"@id":"https:\/\/thetreecbd.com\/de#\/schema\/logo\/image\/"},"sameAs":["https:\/\/www.facebook.com\/thetreeCBD\/","https:\/\/x.com\/TheTreeCBD_EU","https:\/\/www.instagram.com\/thetree.cbd\/","https:\/\/es.trustpilot.com\/review\/thetreecbd.com"]}]}},"_links":{"self":[{"href":"https:\/\/thetreecbd.com\/de\/wp-json\/wp\/v2\/product\/166483","targetHints":{"allow":["GET"]}}],"collection":[{"href":"https:\/\/thetreecbd.com\/de\/wp-json\/wp\/v2\/product"}],"about":[{"href":"https:\/\/thetreecbd.com\/de\/wp-json\/wp\/v2\/types\/product"}],"version-history":[{"count":0,"href":"https:\/\/thetreecbd.com\/de\/wp-json\/wp\/v2\/product\/166483\/revisions"}],"wp:featuredmedia":[{"embeddable":true,"href":"https:\/\/thetreecbd.com\/de\/wp-json\/wp\/v2\/media\/166485"}],"wp:attachment":[{"href":"https:\/\/thetreecbd.com\/de\/wp-json\/wp\/v2\/media?parent=166483"}],"wp:term":[{"taxonomy":"product_brand","embeddable":true,"href":"https:\/\/thetreecbd.com\/de\/wp-json\/wp\/v2\/product_brand?post=166483"}],"curies":[{"name":"wp","href":"https:\/\/api.w.org\/{rel}","templated":true}]}}