{"id":166515,"date":"2021-07-30T10:34:32","date_gmt":"2021-07-30T08:34:32","guid":{"rendered":"https:\/\/thetreecbd.com\/cbd\/solar-cbd-set-cbd-creme-after-sun"},"modified":"2021-07-30T10:34:32","modified_gmt":"2021-07-30T08:34:32","slug":"solar-cbd-set-cbd-creme-after-sun","status":"publish","type":"product","link":"https:\/\/thetreecbd.com\/de\/cbd\/solar-cbd-set-cbd-creme-after-sun","title":{"rendered":"Solar CBD Set: CBD-Creme + After Sun"},"content":{"rendered":"<p data-start=\"73\" data-end=\"467\"><strong data-start=\"73\" data-end=\"153\">The Tree CBD bringt dir das Solar CBD Set \u2013 unverzichtbar f\u00fcr diesen Sommer.<\/strong><br data-start=\"153\" data-end=\"156\" \/>In der hei\u00dfen Jahreszeit brauchen wir Schutz und Feuchtigkeit nach langen Stunden in der Sonne \u2013 und was gibt es Besseres als dieses Set daf\u00fcr? Beide Cremes enthalten Cannabidiol, einen nat\u00fcrlichen Wirkstoff aus Hanf, der pflegt, n\u00e4hrt und sch\u00fctzt. So werden sie zu deinen unverzichtbaren Cremes f\u00fcr den Sommer.<\/p>\n<p data-start=\"469\" data-end=\"765\"><strong data-start=\"469\" data-end=\"493\">Was enth\u00e4lt das Set?<\/strong><br data-start=\"493\" data-end=\"496\" \/>Damit du bestens vorbereitet bist, bieten wir dir das Set mit der CBD Sonnencreme LSF 30 und dem CBD After Sun an. Ein ideales Set, um den Sommer zu genie\u00dfen und dich gleichzeitig zu sch\u00fctzen, zu pflegen und von den Vorteilen des CBD zu profitieren \u2013 dank The Tree CBD.<\/p>\n<p data-start=\"767\" data-end=\"1301\">Die CBD Sonnencreme LSF 30 bietet hohen Schutz und sorgt f\u00fcr die Pflege der Haut durch die Vorteile von CBD \u2013 vorausgesetzt, sie wird richtig angewendet. Die Creme ist sehr einfach aufzutragen, hinterl\u00e4sst keine R\u00fcckst\u00e4nde und zieht schnell ein. Sie ist wasserfest, sch\u00fctzt also auch beim Baden, muss aber nach dem Abtrocknen mit dem Handtuch erneut aufgetragen werden. Die Formel enth\u00e4lt drei wesentliche Wirkstoffe, die der Haut optimalen Schutz, Feuchtigkeit und Pflege bieten: Hanfsamen\u00f6l, liposomale Sonnenfilter und Cannabidiol.<\/p>\n<p data-start=\"1303\" data-end=\"1465\">Ideal f\u00fcr empfindliche Haut. Enth\u00e4lt einen Komplex aus photoprotektiven Wirkstoffen, die optimalen Schutz vor UVB- und UVA-Strahlen (lang und kurz) gew\u00e4hrleisten.<\/p>\n<p data-start=\"1467\" data-end=\"1819\">Nach langen Sonnenstunden braucht die Haut auch Beruhigung und Pflege, um eine bessere Br\u00e4une zu erzielen. Das CBD After Sun mit Aloe Vera, Ringelblume und Arnika wird dein bester Begleiter im Sommer dank seiner beruhigenden Wirkung. Das komplett nat\u00fcrliche Produkt verhindert Hautsch\u00e4den und ist speziell entwickelt, um die Hautgesundheit zu bewahren.<\/p>\n<p data-start=\"1821\" data-end=\"2264\">W\u00e4hrend Aloe Vera die Haut befeuchtet, gl\u00e4ttet, regeneriert und abgestorbene Hautzellen entfernt, lindert Ringelblume Entz\u00fcndungen durch Sonneneinstrahlung, Arnika regt die Durchblutung an und beschleunigt die Regeneration, und CBD hilft, Schmerzen und Schwellungen zu reduzieren, f\u00f6rdert die Zellregeneration und tr\u00e4gt dank seiner starken feuchtigkeitsspendenden Eigenschaften dazu bei, Falten und unerw\u00fcnschte Hautver\u00e4nderungen zu vermeiden.<\/p>\n<p data-start=\"2266\" data-end=\"2288\"><strong data-start=\"2266\" data-end=\"2288\">Kein THC enthalten<\/strong><\/p>\n<p data-start=\"2295\" data-end=\"2433\"><strong data-start=\"2295\" data-end=\"2312\">Eigenschaften<\/strong><br data-start=\"2312\" data-end=\"2315\" \/>Ein ideales Set, um den Sommer zu genie\u00dfen, sich zu sch\u00fctzen, zu pflegen und von den Vorteilen des CBD zu profitieren.<\/p>\n<p data-start=\"2440\" data-end=\"2516\"><strong data-start=\"2440\" data-end=\"2476\">Inhaltsstoffe des Solar CBD Sets<\/strong><br data-start=\"2476\" data-end=\"2479\" \/>Das Set besteht aus zwei Produkten:<\/p>\n<ul data-start=\"2517\" data-end=\"2811\">\n<li data-start=\"2517\" data-end=\"2638\">\n<p data-start=\"2519\" data-end=\"2638\">Die CBD Sonnencreme LSF 30 bietet hohen Schutz und pflegt die Haut dank der Vorteile von CBD bei korrekter Anwendung.<\/p>\n<\/li>\n<li data-start=\"2639\" data-end=\"2811\">\n<p data-start=\"2641\" data-end=\"2811\">Das CBD After Sun mit Aloe Vera, Ringelblume und Arnika ist ein nat\u00fcrliches Produkt, das speziell zum Erhalt der Hautgesundheit entwickelt wurde und Hautsch\u00e4den vorbeugt.<\/p>\n<\/li>\n<\/ul>\n<p data-start=\"2818\" data-end=\"3015\"><strong data-start=\"2818\" data-end=\"2832\">Zielgruppe<\/strong><br data-start=\"2832\" data-end=\"2835\" \/>Dieses Set von The Tree CBD kann von vielen Menschen genutzt werden, vor allem von denen, die sich bewusst um ihre Haut k\u00fcmmern wollen \u2013 im Sommer oder zu jeder anderen Jahreszeit.<\/p>\n<p data-start=\"3017\" data-end=\"3046\">Dieses Set hilft dir dabei:<\/p>\n<ul data-start=\"3047\" data-end=\"3376\">\n<li data-start=\"3047\" data-end=\"3158\">\n<p data-start=\"3049\" data-end=\"3158\">Deine Br\u00e4une zu verbessern. Die Haut wechselt von gereizt und rot zu einer langanhaltenden, sch\u00f6nen Br\u00e4une.<\/p>\n<\/li>\n<li data-start=\"3159\" data-end=\"3209\">\n<p data-start=\"3161\" data-end=\"3209\">Die Br\u00e4une zu erhalten und l\u00e4nger zu bewahren.<\/p>\n<\/li>\n<li data-start=\"3210\" data-end=\"3242\">\n<p data-start=\"3212\" data-end=\"3242\">Schutz gegen Insektenstiche.<\/p>\n<\/li>\n<li data-start=\"3243\" data-end=\"3278\">\n<p data-start=\"3245\" data-end=\"3278\">F\u00fcr empfindliche Haut geeignet.<\/p>\n<\/li>\n<li data-start=\"3279\" data-end=\"3322\">\n<p data-start=\"3281\" data-end=\"3322\">Perfekt zur Behandlung von Sonnenbrand.<\/p>\n<\/li>\n<li data-start=\"3323\" data-end=\"3376\">\n<p data-start=\"3325\" data-end=\"3376\">Auch ideal f\u00fcr andere dermatologische Hautprobleme.<\/p>\n<\/li>\n<\/ul>\n<p data-start=\"3383\" data-end=\"3501\"><strong data-start=\"3383\" data-end=\"3406\">Sicherheitshinweise<\/strong><br data-start=\"3406\" data-end=\"3409\" \/>Beide Produkte sind nach dem \u00d6ffnen bis zu 12 Monate haltbar. Nicht einnehmen oder einatmen.<\/p>\n<p data-start=\"3508\" data-end=\"3623\"><strong data-start=\"3508\" data-end=\"3520\">Lagerung<\/strong><br data-start=\"3520\" data-end=\"3523\" \/>An einem trockenen Ort bei 8 bis 25 Grad lagern. Vor direkter Sonneneinstrahlung und Hitze sch\u00fctzen.<\/p>\n","protected":false},"excerpt":{"rendered":"<p data-start=\"56\" data-end=\"185\">Ein ideales Set, damit du den Sommer genie\u00dfen kannst, w\u00e4hrend du dich sch\u00fctzt, pflegst und von den Vorteilen des CBD profitierst.<\/p>\n<p data-start=\"187\" data-end=\"441\"><strong data-start=\"187\" data-end=\"224\">Inhaltsstoffe des Solar CBD Sets:<\/strong><br data-start=\"224\" data-end=\"227\" \/>Dieses Set besteht aus zwei Produkten. Zum einen die CBD Sonnencreme mit LSF 30, eine Creme mit hohem Schutz, die dank der Vorteile von CBD die Hautpflege gew\u00e4hrleistet \u2013 vorausgesetzt, sie wird richtig angewendet.<\/p>\n<p data-start=\"443\" data-end=\"630\">Zum anderen das CBD After Sun mit Aloe Vera, Ringelblume und Arnika, ein speziell entwickeltes Produkt zur Erhaltung der Hautgesundheit, vollkommen nat\u00fcrlich und das Hautsch\u00e4den vorbeugt.<\/p>\n","protected":false},"featured_media":166518,"template":"","meta":{"_acf_changed":false},"product_brand":[],"class_list":{"0":"post-166515","1":"product","2":"type-product","3":"status-publish","4":"has-post-thumbnail","6":"product_cat-cbd-cremes","7":"product_cat-cbd-pakete","9":"first","10":"outofstock","11":"sale","12":"taxable","13":"shipping-taxable","14":"purchasable","15":"product-type-simple"},"acf":[],"yoast_head":"<!-- This site is optimized with the Yoast SEO plugin v26.3 - https:\/\/yoast.com\/wordpress\/plugins\/seo\/ -->\n<title>Solar CBD Set: CBD-Creme + After Sun | The Tree CBD<\/title>\n<meta name=\"description\" content=\"Das Solar CBD Set. Genie\u00dfe den Sommer mit der SPF 30 Sonnencreme und dem CBD After Sun. Sch\u00fctze und pflege deine Haut und profitiere von allen Vorteilen des CBD.\" \/>\n<meta name=\"robots\" content=\"index, follow, max-snippet:-1, max-image-preview:large, max-video-preview:-1\" \/>\n<link rel=\"canonical\" href=\"https:\/\/thetreecbd.com\/de\/cbd\/solar-cbd-set-cbd-creme-after-sun\" \/>\n<meta property=\"og:locale\" content=\"de_DE\" \/>\n<meta property=\"og:type\" content=\"article\" \/>\n<meta property=\"og:title\" content=\"Solar CBD Set: CBD-Creme + After Sun | The Tree CBD\" \/>\n<meta property=\"og:description\" content=\"Das Solar CBD Set. Genie\u00dfe den Sommer mit der SPF 30 Sonnencreme und dem CBD After Sun. Sch\u00fctze und pflege deine Haut und profitiere von allen Vorteilen des CBD.\" \/>\n<meta property=\"og:url\" content=\"https:\/\/thetreecbd.com\/de\/cbd\/solar-cbd-set-cbd-creme-after-sun\" \/>\n<meta property=\"og:site_name\" content=\"The Tree CBD\" \/>\n<meta property=\"article:publisher\" content=\"https:\/\/www.facebook.com\/thetreeCBD\/\" \/>\n<meta property=\"og:image\" content=\"https:\/\/thetreecbd.com\/wp-content\/uploads\/2021\/07\/pack-solar-web.png\" \/>\n\t<meta property=\"og:image:width\" content=\"600\" \/>\n\t<meta property=\"og:image:height\" content=\"720\" \/>\n\t<meta property=\"og:image:type\" content=\"image\/png\" \/>\n<meta name=\"twitter:card\" content=\"summary_large_image\" \/>\n<meta name=\"twitter:site\" content=\"@TheTreeCBD_EU\" \/>\n<meta name=\"twitter:label1\" content=\"Gesch\u00e4tzte Lesezeit\" \/>\n\t<meta name=\"twitter:data1\" content=\"3\u00a0Minuten\" \/>\n<script type=\"application\/ld+json\" class=\"yoast-schema-graph\">{\"@context\":\"https:\/\/schema.org\",\"@graph\":[{\"@type\":[\"WebPage\",\"ItemPage\"],\"@id\":\"https:\/\/thetreecbd.com\/de\/cbd\/solar-cbd-set-cbd-creme-after-sun\",\"url\":\"https:\/\/thetreecbd.com\/de\/cbd\/solar-cbd-set-cbd-creme-after-sun\",\"name\":\"Solar CBD Set: CBD-Creme + After Sun | The Tree CBD\",\"isPartOf\":{\"@id\":\"https:\/\/thetreecbd.com\/de#website\"},\"primaryImageOfPage\":{\"@id\":\"https:\/\/thetreecbd.com\/de\/cbd\/solar-cbd-set-cbd-creme-after-sun#primaryimage\"},\"image\":{\"@id\":\"https:\/\/thetreecbd.com\/de\/cbd\/solar-cbd-set-cbd-creme-after-sun#primaryimage\"},\"thumbnailUrl\":\"https:\/\/thetreecbd.com\/wp-content\/uploads\/2021\/07\/pack-solar-web.png\",\"datePublished\":\"2021-07-30T08:34:32+00:00\",\"description\":\"Das Solar CBD Set. Genie\u00dfe den Sommer mit der SPF 30 Sonnencreme und dem CBD After Sun. Sch\u00fctze und pflege deine Haut und profitiere von allen Vorteilen des CBD.\",\"breadcrumb\":{\"@id\":\"https:\/\/thetreecbd.com\/de\/cbd\/solar-cbd-set-cbd-creme-after-sun#breadcrumb\"},\"inLanguage\":\"de\",\"potentialAction\":[{\"@type\":\"ReadAction\",\"target\":[\"https:\/\/thetreecbd.com\/de\/cbd\/solar-cbd-set-cbd-creme-after-sun\"]}]},{\"@type\":\"ImageObject\",\"inLanguage\":\"de\",\"@id\":\"https:\/\/thetreecbd.com\/de\/cbd\/solar-cbd-set-cbd-creme-after-sun#primaryimage\",\"url\":\"https:\/\/thetreecbd.com\/wp-content\/uploads\/2021\/07\/pack-solar-web.png\",\"contentUrl\":\"https:\/\/thetreecbd.com\/wp-content\/uploads\/2021\/07\/pack-solar-web.png\",\"width\":600,\"height\":720},{\"@type\":\"BreadcrumbList\",\"@id\":\"https:\/\/thetreecbd.com\/de\/cbd\/solar-cbd-set-cbd-creme-after-sun#breadcrumb\",\"itemListElement\":[{\"@type\":\"ListItem\",\"position\":1,\"name\":\"The Tree\",\"item\":\"https:\/\/thetreecbd.com\/de\"},{\"@type\":\"ListItem\",\"position\":2,\"name\":\"CBD\",\"item\":\"https:\/\/thetreecbd.com\/es\/cbd\"},{\"@type\":\"ListItem\",\"position\":3,\"name\":\"CBD-Kosmetik\",\"item\":\"https:\/\/thetreecbd.com\/de\/cbd-kosmetik\"},{\"@type\":\"ListItem\",\"position\":4,\"name\":\"CBD-Cremes\",\"item\":\"https:\/\/thetreecbd.com\/de\/cbd-kosmetik\/cbd-cremes\"},{\"@type\":\"ListItem\",\"position\":5,\"name\":\"Solar CBD Set: CBD-Creme + After Sun\"}]},{\"@type\":\"WebSite\",\"@id\":\"https:\/\/thetreecbd.com\/de#website\",\"url\":\"https:\/\/thetreecbd.com\/de\",\"name\":\"The Tree CBD\",\"description\":\"Comprar CBD en Espa\u00f1a Online\",\"publisher\":{\"@id\":\"https:\/\/thetreecbd.com\/de#organization\"},\"potentialAction\":[{\"@type\":\"SearchAction\",\"target\":{\"@type\":\"EntryPoint\",\"urlTemplate\":\"https:\/\/thetreecbd.com\/de?s={search_term_string}\"},\"query-input\":{\"@type\":\"PropertyValueSpecification\",\"valueRequired\":true,\"valueName\":\"search_term_string\"}}],\"inLanguage\":\"de\"},{\"@type\":\"Organization\",\"@id\":\"https:\/\/thetreecbd.com\/de#organization\",\"name\":\"The Tree CBD\",\"url\":\"https:\/\/thetreecbd.com\/de\",\"logo\":{\"@type\":\"ImageObject\",\"inLanguage\":\"de\",\"@id\":\"https:\/\/thetreecbd.com\/de#\/schema\/logo\/image\/\",\"url\":\"https:\/\/thetreecbd.com\/wp-content\/uploads\/2022\/04\/logo-thetree.png\",\"contentUrl\":\"https:\/\/thetreecbd.com\/wp-content\/uploads\/2022\/04\/logo-thetree.png\",\"width\":172,\"height\":55,\"caption\":\"The Tree CBD\"},\"image\":{\"@id\":\"https:\/\/thetreecbd.com\/de#\/schema\/logo\/image\/\"},\"sameAs\":[\"https:\/\/www.facebook.com\/thetreeCBD\/\",\"https:\/\/x.com\/TheTreeCBD_EU\",\"https:\/\/www.instagram.com\/thetree.cbd\/\",\"https:\/\/es.trustpilot.com\/review\/thetreecbd.com\"]}]}<\/script>\n<!-- \/ Yoast SEO plugin. -->","yoast_head_json":{"title":"Solar CBD Set: CBD-Creme + After Sun | The Tree CBD","description":"Das Solar CBD Set. Genie\u00dfe den Sommer mit der SPF 30 Sonnencreme und dem CBD After Sun. Sch\u00fctze und pflege deine Haut und profitiere von allen Vorteilen des CBD.","robots":{"index":"index","follow":"follow","max-snippet":"max-snippet:-1","max-image-preview":"max-image-preview:large","max-video-preview":"max-video-preview:-1"},"canonical":"https:\/\/thetreecbd.com\/de\/cbd\/solar-cbd-set-cbd-creme-after-sun","og_locale":"de_DE","og_type":"article","og_title":"Solar CBD Set: CBD-Creme + After Sun | The Tree CBD","og_description":"Das Solar CBD Set. Genie\u00dfe den Sommer mit der SPF 30 Sonnencreme und dem CBD After Sun. Sch\u00fctze und pflege deine Haut und profitiere von allen Vorteilen des CBD.","og_url":"https:\/\/thetreecbd.com\/de\/cbd\/solar-cbd-set-cbd-creme-after-sun","og_site_name":"The Tree CBD","article_publisher":"https:\/\/www.facebook.com\/thetreeCBD\/","og_image":[{"width":600,"height":720,"url":"https:\/\/thetreecbd.com\/wp-content\/uploads\/2021\/07\/pack-solar-web.png","type":"image\/png"}],"twitter_card":"summary_large_image","twitter_site":"@TheTreeCBD_EU","twitter_misc":{"Gesch\u00e4tzte Lesezeit":"3\u00a0Minuten"},"schema":{"@context":"https:\/\/schema.org","@graph":[{"@type":["WebPage","ItemPage"],"@id":"https:\/\/thetreecbd.com\/de\/cbd\/solar-cbd-set-cbd-creme-after-sun","url":"https:\/\/thetreecbd.com\/de\/cbd\/solar-cbd-set-cbd-creme-after-sun","name":"Solar CBD Set: CBD-Creme + After Sun | The Tree CBD","isPartOf":{"@id":"https:\/\/thetreecbd.com\/de#website"},"primaryImageOfPage":{"@id":"https:\/\/thetreecbd.com\/de\/cbd\/solar-cbd-set-cbd-creme-after-sun#primaryimage"},"image":{"@id":"https:\/\/thetreecbd.com\/de\/cbd\/solar-cbd-set-cbd-creme-after-sun#primaryimage"},"thumbnailUrl":"https:\/\/thetreecbd.com\/wp-content\/uploads\/2021\/07\/pack-solar-web.png","datePublished":"2021-07-30T08:34:32+00:00","description":"Das Solar CBD Set. Genie\u00dfe den Sommer mit der SPF 30 Sonnencreme und dem CBD After Sun. Sch\u00fctze und pflege deine Haut und profitiere von allen Vorteilen des CBD.","breadcrumb":{"@id":"https:\/\/thetreecbd.com\/de\/cbd\/solar-cbd-set-cbd-creme-after-sun#breadcrumb"},"inLanguage":"de","potentialAction":[{"@type":"ReadAction","target":["https:\/\/thetreecbd.com\/de\/cbd\/solar-cbd-set-cbd-creme-after-sun"]}]},{"@type":"ImageObject","inLanguage":"de","@id":"https:\/\/thetreecbd.com\/de\/cbd\/solar-cbd-set-cbd-creme-after-sun#primaryimage","url":"https:\/\/thetreecbd.com\/wp-content\/uploads\/2021\/07\/pack-solar-web.png","contentUrl":"https:\/\/thetreecbd.com\/wp-content\/uploads\/2021\/07\/pack-solar-web.png","width":600,"height":720},{"@type":"BreadcrumbList","@id":"https:\/\/thetreecbd.com\/de\/cbd\/solar-cbd-set-cbd-creme-after-sun#breadcrumb","itemListElement":[{"@type":"ListItem","position":1,"name":"The Tree","item":"https:\/\/thetreecbd.com\/de"},{"@type":"ListItem","position":2,"name":"CBD","item":"https:\/\/thetreecbd.com\/es\/cbd"},{"@type":"ListItem","position":3,"name":"CBD-Kosmetik","item":"https:\/\/thetreecbd.com\/de\/cbd-kosmetik"},{"@type":"ListItem","position":4,"name":"CBD-Cremes","item":"https:\/\/thetreecbd.com\/de\/cbd-kosmetik\/cbd-cremes"},{"@type":"ListItem","position":5,"name":"Solar CBD Set: CBD-Creme + After Sun"}]},{"@type":"WebSite","@id":"https:\/\/thetreecbd.com\/de#website","url":"https:\/\/thetreecbd.com\/de","name":"The Tree CBD","description":"Comprar CBD en Espa\u00f1a Online","publisher":{"@id":"https:\/\/thetreecbd.com\/de#organization"},"potentialAction":[{"@type":"SearchAction","target":{"@type":"EntryPoint","urlTemplate":"https:\/\/thetreecbd.com\/de?s={search_term_string}"},"query-input":{"@type":"PropertyValueSpecification","valueRequired":true,"valueName":"search_term_string"}}],"inLanguage":"de"},{"@type":"Organization","@id":"https:\/\/thetreecbd.com\/de#organization","name":"The Tree CBD","url":"https:\/\/thetreecbd.com\/de","logo":{"@type":"ImageObject","inLanguage":"de","@id":"https:\/\/thetreecbd.com\/de#\/schema\/logo\/image\/","url":"https:\/\/thetreecbd.com\/wp-content\/uploads\/2022\/04\/logo-thetree.png","contentUrl":"https:\/\/thetreecbd.com\/wp-content\/uploads\/2022\/04\/logo-thetree.png","width":172,"height":55,"caption":"The Tree CBD"},"image":{"@id":"https:\/\/thetreecbd.com\/de#\/schema\/logo\/image\/"},"sameAs":["https:\/\/www.facebook.com\/thetreeCBD\/","https:\/\/x.com\/TheTreeCBD_EU","https:\/\/www.instagram.com\/thetree.cbd\/","https:\/\/es.trustpilot.com\/review\/thetreecbd.com"]}]}},"_links":{"self":[{"href":"https:\/\/thetreecbd.com\/de\/wp-json\/wp\/v2\/product\/166515","targetHints":{"allow":["GET"]}}],"collection":[{"href":"https:\/\/thetreecbd.com\/de\/wp-json\/wp\/v2\/product"}],"about":[{"href":"https:\/\/thetreecbd.com\/de\/wp-json\/wp\/v2\/types\/product"}],"version-history":[{"count":0,"href":"https:\/\/thetreecbd.com\/de\/wp-json\/wp\/v2\/product\/166515\/revisions"}],"wp:featuredmedia":[{"embeddable":true,"href":"https:\/\/thetreecbd.com\/de\/wp-json\/wp\/v2\/media\/166518"}],"wp:attachment":[{"href":"https:\/\/thetreecbd.com\/de\/wp-json\/wp\/v2\/media?parent=166515"}],"wp:term":[{"taxonomy":"product_brand","embeddable":true,"href":"https:\/\/thetreecbd.com\/de\/wp-json\/wp\/v2\/product_brand?post=166515"}],"curies":[{"name":"wp","href":"https:\/\/api.w.org\/{rel}","templated":true}]}}