{"id":166534,"date":"2023-01-25T18:15:13","date_gmt":"2023-01-25T17:15:13","guid":{"rendered":"https:\/\/thetreecbd.com\/cbd\/packs-cbd-pack-cali-weed"},"modified":"2025-12-02T01:37:54","modified_gmt":"2025-12-02T00:37:54","slug":"packs-cbd-pack-cali-weed","status":"publish","type":"product","link":"https:\/\/thetreecbd.com\/de\/cbd\/packs-cbd-pack-cali-weed","title":{"rendered":"Pack Cali Weed: Zkittlez, Sundae Driver, Royal Cheese y Mac"},"content":{"rendered":"<p data-start=\"158\" data-end=\"201\"><strong data-start=\"158\" data-end=\"201\">CBD Cali Weed Pack \u2013 Unser Premium-Pack<\/strong><\/p>\n<p data-start=\"203\" data-end=\"603\">Das <strong data-start=\"207\" data-end=\"229\">CBD Cali Weed Pack<\/strong> ist zweifellos unser exklusivstes Set. Es enth\u00e4lt die repr\u00e4sentativsten Sorten der sogenannten <em data-start=\"325\" data-end=\"336\">Cali Weed<\/em>: <strong data-start=\"338\" data-end=\"387\">Zkittlez, Sundae Driver, Royal Cheese und Mac<\/strong>. Alle Sorten zeichnen sich durch einen speziellen Trim aus, der den Bl\u00fcten ein steinartiges Aussehen verleiht \u2013 das sogenannte \u201eCalifornia-Finish\u201c, das die Trichome besonders betont und somit das Aroma intensiviert.<\/p>\n<h3 data-start=\"605\" data-end=\"631\">Die enthaltenen Sorten<\/h3>\n<p data-start=\"633\" data-end=\"967\">Mit diesem Pack kannst du die <strong data-start=\"663\" data-end=\"688\">Bestsellerin Zkittlez<\/strong> genie\u00dfen \u2013 eine unverzichtbare Bl\u00fcte, die aufgrund ihres extrem hohen CBD-Gehalts von <strong data-start=\"775\" data-end=\"793\">bis zu 26,96\u202f%<\/strong> zur beliebtesten Sorte auf unserer Website geworden ist. Kompakte, harte, steinartige Buds mit einem s\u00fc\u00dflich-w\u00fcrzigen Aroma machen sie zum Liebling aller, die sie probieren.<\/p>\n<p data-start=\"969\" data-end=\"1246\"><strong data-start=\"969\" data-end=\"986\">Sundae Driver<\/strong> steht ihr in nichts nach. Diese cremige, schokoladige und s\u00fc\u00dfe Sorte mit fruchtiger, leicht zuckriger Ausatmung enth\u00e4lt <strong data-start=\"1107\" data-end=\"1137\">zwischen 20\u202f% und 23\u202f% CBD<\/strong>. Ihre steinartigen Bl\u00fcten gl\u00e4nzen mit Farbnuancen in Rot, Violett und Blau \u2013 ein echtes optisches Highlight.<\/p>\n<p data-start=\"1248\" data-end=\"1538\"><strong data-start=\"1248\" data-end=\"1264\">Royal Cheese<\/strong> bringt eine besondere Note in dieses Pack. Ihr intensives Aroma erinnert eindeutig an Cheddar oder Blauschimmelk\u00e4se mit w\u00fcrzigen und s\u00fc\u00df-sauren Nuancen. Mit einem CBD-Gehalt zwischen <strong data-start=\"1448\" data-end=\"1465\">14\u202f% und 16\u202f%<\/strong> wird sie schnell zum Lieblingsgew\u00fcrz \u2013 fast wie f\u00fcr deine Pasta gemacht!<\/p>\n<p data-start=\"1540\" data-end=\"1826\">Zum Abschluss darf die <strong data-start=\"1563\" data-end=\"1570\">Mac<\/strong> nicht fehlen \u2013 eine Wunderbl\u00fcte mit <strong data-start=\"1607\" data-end=\"1622\">14\u201316\u202f% CBD<\/strong>. MAC steht f\u00fcr <em data-start=\"1638\" data-end=\"1661\">Miracle Alien Cookies<\/em> und begeistert mit einem unverwechselbaren Keksaroma. Die s\u00fc\u00dfen, floralen Noten verbinden sich mit erdigen und gasartigen Untert\u00f6nen zu einem einzigartigen Bouquet.<\/p>\n<h3 data-start=\"1828\" data-end=\"1861\">100\u202f% nat\u00fcrlich \u2013 100\u202f% legal<\/h3>\n<p data-start=\"1863\" data-end=\"1976\">Alle Bl\u00fcten in diesem Pack werden <strong data-start=\"1897\" data-end=\"1907\">indoor<\/strong>, <strong data-start=\"1909\" data-end=\"1928\">100\u202f% nat\u00fcrlich<\/strong>, <strong data-start=\"1930\" data-end=\"1966\">ohne Zusatzstoffe oder Pestizide<\/strong> angebaut.<\/p>\n<p data-start=\"1978\" data-end=\"2095\">Mit einem <strong data-start=\"1988\" data-end=\"2019\">THC-Gehalt von unter 0,20\u202f%<\/strong> sind sie in ganz Europa legal und haben <strong data-start=\"2060\" data-end=\"2094\">keinerlei psychoaktive Wirkung<\/strong>.<\/p>\n<h3 data-start=\"2102\" data-end=\"2147\"><strong data-start=\"2106\" data-end=\"2147\">Eigenschaften des CBD Cali Weed Packs<\/strong><\/h3>\n<ul data-start=\"2149\" data-end=\"2388\">\n<li data-start=\"2149\" data-end=\"2176\">\n<p data-start=\"2151\" data-end=\"2176\">1x Zkittlez (2\u202fg \/ 5\u202fg)<\/p>\n<\/li>\n<li data-start=\"2177\" data-end=\"2209\">\n<p data-start=\"2179\" data-end=\"2209\">1x Sundae Driver (2\u202fg \/ 5\u202fg)<\/p>\n<\/li>\n<li data-start=\"2210\" data-end=\"2241\">\n<p data-start=\"2212\" data-end=\"2241\">1x Royal Cheese (2\u202fg \/ 5\u202fg)<\/p>\n<\/li>\n<li data-start=\"2242\" data-end=\"2264\">\n<p data-start=\"2244\" data-end=\"2264\">1x Mac (2\u202fg \/ 5\u202fg)<\/p>\n<\/li>\n<li data-start=\"2265\" data-end=\"2279\">\n<p data-start=\"2267\" data-end=\"2279\">Hanfbl\u00fcten<\/p>\n<\/li>\n<li data-start=\"2280\" data-end=\"2306\">\n<p data-start=\"2282\" data-end=\"2306\">Weniger als 0,20\u202f% THC<\/p>\n<\/li>\n<li data-start=\"2307\" data-end=\"2337\">\n<p data-start=\"2309\" data-end=\"2337\">Keine psychoaktive Wirkung<\/p>\n<\/li>\n<li data-start=\"2338\" data-end=\"2360\">\n<p data-start=\"2340\" data-end=\"2360\">Organisch angebaut<\/p>\n<\/li>\n<li data-start=\"2361\" data-end=\"2373\">\n<p data-start=\"2363\" data-end=\"2373\">GMO-frei<\/p>\n<\/li>\n<li data-start=\"2374\" data-end=\"2388\">\n<p data-start=\"2376\" data-end=\"2388\">Pestizidfrei<\/p>\n<\/li>\n<\/ul>\n<h3 data-start=\"2395\" data-end=\"2409\"><strong data-start=\"2399\" data-end=\"2409\">Inhalt<\/strong><\/h3>\n<p data-start=\"2411\" data-end=\"2637\">Dieses Pack besteht aus vier einzelnen Sorten: <strong data-start=\"2458\" data-end=\"2470\">Zkittlez<\/strong>, <strong data-start=\"2472\" data-end=\"2489\">Sundae Driver<\/strong>, <strong data-start=\"2491\" data-end=\"2507\">Royal Cheese<\/strong> und <strong data-start=\"2512\" data-end=\"2519\">Mac<\/strong>.<br data-start=\"2520\" data-end=\"2523\" \/>Du kannst zwischen der <strong data-start=\"2546\" data-end=\"2582\">kleinen Variante (2\u202fg pro Sorte)<\/strong> oder der <strong data-start=\"2592\" data-end=\"2629\">gr\u00f6\u00dferen Variante (5\u202fg pro Sorte)<\/strong> w\u00e4hlen.<\/p>\n<h3 data-start=\"2644\" data-end=\"2684\"><strong data-start=\"2648\" data-end=\"2684\">F\u00fcr wen ist dieses Pack gedacht?<\/strong><\/h3>\n<p data-start=\"2686\" data-end=\"2795\">Das <strong data-start=\"2690\" data-end=\"2712\">CBD Cali Weed Pack<\/strong> ist ideal f\u00fcr erfahrene Konsumenten, die <strong data-start=\"2754\" data-end=\"2787\">CBD-Bl\u00fcten in Spitzenqualit\u00e4t<\/strong> suchen.<\/p>\n<p data-start=\"2797\" data-end=\"2890\">Au\u00dferdem bietet das Set einen <strong data-start=\"2827\" data-end=\"2848\">10\u202f% Preisvorteil<\/strong> im Vergleich zum Einzelkauf der Produkte.<\/p>\n<h3 data-start=\"2897\" data-end=\"2924\"><strong data-start=\"2901\" data-end=\"2924\">Sicherheitshinweise<\/strong><\/h3>\n<p data-start=\"2926\" data-end=\"3374\">Dieses Produkt enth\u00e4lt <strong data-start=\"2949\" data-end=\"2992\">nicht-psychoaktive Hanfbl\u00fcten ohne Harz<\/strong>, die aus zertifiziertem Saatgut und <strong data-start=\"3029\" data-end=\"3050\">ohne Zusatzstoffe<\/strong> gez\u00fcchtet werden. Sie enthalten <strong data-start=\"3083\" data-end=\"3104\">maximal 0,2\u202f% THC<\/strong> oder einen <strong data-start=\"3116\" data-end=\"3147\">psychoaktiven Index unter 1<\/strong>. Es handelt sich um <strong data-start=\"3168\" data-end=\"3208\">ein Sammler-, Duft- und Deko-Produkt<\/strong>. Nicht zum Verzehr, Inhalieren oder zur therapeutischen Anwendung geeignet.<br data-start=\"3284\" data-end=\"3287\" \/><strong data-start=\"3287\" data-end=\"3324\">Nicht f\u00fcr Minderj\u00e4hrige geeignet.<\/strong> Au\u00dferhalb der Reichweite von Kindern aufbewahren.<\/p>\n<p data-start=\"3376\" data-end=\"3573\">Alle Informationen dienen ausschlie\u00dflich der <strong data-start=\"3421\" data-end=\"3449\">Information und Schulung<\/strong> und ersetzen <strong data-start=\"3463\" data-end=\"3493\">keinesfalls \u00e4rztlichen Rat<\/strong>. Unsere Texte sind <strong data-start=\"3513\" data-end=\"3563\">nicht zur Selbstdiagnose oder Selbstbehandlung<\/strong> bestimmt.<\/p>\n<p data-start=\"3575\" data-end=\"3608\">Bei Fragen kontaktiere uns gerne.<\/p>\n<h3 data-start=\"3615\" data-end=\"3631\"><strong data-start=\"3619\" data-end=\"3631\">Lagerung<\/strong><\/h3>\n<p data-start=\"3633\" data-end=\"3874\">Die CBD-Bl\u00fcten und Harze von The Tree sollten <strong data-start=\"3679\" data-end=\"3712\">k\u00fchl, trocken, lichtgesch\u00fctzt<\/strong> und fern von intensiven Ger\u00fcchen gelagert werden, um Verunreinigungen oder Qualit\u00e4tsverlust zu vermeiden.<br data-start=\"3818\" data-end=\"3821\" \/><strong data-start=\"3821\" data-end=\"3872\">Direkte Sonneneinstrahlung und W\u00e4rme vermeiden.<\/strong><\/p>\n<p data-start=\"3876\" data-end=\"3961\"><strong data-start=\"3876\" data-end=\"3888\">Hinweis:<\/strong> Die empfohlene Haltbarkeit betr\u00e4gt einen Monat bei sachgem\u00e4\u00dfer Lagerung.<\/p>\n","protected":false},"excerpt":{"rendered":"<ul>\n<li>1x Zkittlez (2\u202fg \/ 5\u202fg)<\/li>\n<li data-start=\"104\" data-end=\"339\">1x Sundae Driver (2\u202fg \/ 5\u202fg)<\/li>\n<li data-start=\"104\" data-end=\"339\">1x Royal Cheese (2\u202fg \/ 5\u202fg)<\/li>\n<li data-start=\"104\" data-end=\"339\">1x Mac (2\u202fg \/ 5\u202fg)<\/li>\n<li data-start=\"104\" data-end=\"339\">Hanfbl\u00fcten<\/li>\n<li data-start=\"104\" data-end=\"339\">Weniger als 0,20\u202f% THC<\/li>\n<li data-start=\"104\" data-end=\"339\">Keine psychoaktive Wirkung<\/li>\n<li data-start=\"104\" data-end=\"339\">Organisch angebaut<\/li>\n<li data-start=\"104\" data-end=\"339\">GMO-frei<\/li>\n<li data-start=\"104\" data-end=\"339\">Pestizidfrei<\/li>\n<\/ul>\n","protected":false},"featured_media":186126,"template":"","meta":{"_acf_changed":false},"product_brand":[],"class_list":{"0":"post-166534","1":"product","2":"type-product","3":"status-publish","4":"has-post-thumbnail","6":"product_cat-black-friday-cbd","7":"product_cat-bluten","8":"product_cat-cbd-pakete","9":"product_cat-produkte-mit-20-cbd","11":"first","12":"outofstock","13":"taxable","14":"shipping-taxable","15":"purchasable","16":"product-type-variable","17":"has-default-attributes"},"acf":[],"yoast_head":"<!-- This site is optimized with the Yoast SEO plugin v26.3 - https:\/\/yoast.com\/wordpress\/plugins\/seo\/ -->\n<title>Pack CBD Cali Weed | The Tree CBD<\/title>\n<meta name=\"description\" content=\"Das CBD Cali Weed Pack enth\u00e4lt unsere Sorten Zkittlez, Sundae Driver, Royal Cheese und Mac und erm\u00f6glicht es dir, sie zu einem sehr g\u00fcnstigen Preis auszuprobieren.\" \/>\n<meta name=\"robots\" content=\"index, follow, max-snippet:-1, max-image-preview:large, max-video-preview:-1\" \/>\n<link rel=\"canonical\" href=\"https:\/\/thetreecbd.com\/de\/cbd\/packs-cbd-pack-cali-weed\" \/>\n<meta property=\"og:locale\" content=\"de_DE\" \/>\n<meta property=\"og:type\" content=\"article\" \/>\n<meta property=\"og:title\" content=\"Pack CBD Cali Weed | The Tree CBD\" \/>\n<meta property=\"og:description\" content=\"Das CBD Cali Weed Pack enth\u00e4lt unsere Sorten Zkittlez, Sundae Driver, Royal Cheese und Mac und erm\u00f6glicht es dir, sie zu einem sehr g\u00fcnstigen Preis auszuprobieren.\" \/>\n<meta property=\"og:url\" content=\"https:\/\/thetreecbd.com\/de\/cbd\/packs-cbd-pack-cali-weed\" \/>\n<meta property=\"og:site_name\" content=\"The Tree CBD\" \/>\n<meta property=\"article:publisher\" content=\"https:\/\/www.facebook.com\/thetreeCBD\/\" \/>\n<meta property=\"article:modified_time\" content=\"2025-12-02T00:37:54+00:00\" \/>\n<meta property=\"og:image\" content=\"https:\/\/thetreecbd.com\/wp-content\/uploads\/2023\/01\/cali-weed-web.png\" \/>\n\t<meta property=\"og:image:width\" content=\"595\" \/>\n\t<meta property=\"og:image:height\" content=\"714\" \/>\n\t<meta property=\"og:image:type\" content=\"image\/png\" \/>\n<meta name=\"twitter:card\" content=\"summary_large_image\" \/>\n<meta name=\"twitter:site\" content=\"@TheTreeCBD_EU\" \/>\n<meta name=\"twitter:label1\" content=\"Gesch\u00e4tzte Lesezeit\" \/>\n\t<meta name=\"twitter:data1\" content=\"3\u00a0Minuten\" \/>\n<script type=\"application\/ld+json\" class=\"yoast-schema-graph\">{\"@context\":\"https:\/\/schema.org\",\"@graph\":[{\"@type\":[\"WebPage\",\"ItemPage\"],\"@id\":\"https:\/\/thetreecbd.com\/de\/cbd\/packs-cbd-pack-cali-weed\",\"url\":\"https:\/\/thetreecbd.com\/de\/cbd\/packs-cbd-pack-cali-weed\",\"name\":\"Pack CBD Cali Weed | The Tree CBD\",\"isPartOf\":{\"@id\":\"https:\/\/thetreecbd.com\/de#website\"},\"primaryImageOfPage\":{\"@id\":\"https:\/\/thetreecbd.com\/de\/cbd\/packs-cbd-pack-cali-weed#primaryimage\"},\"image\":{\"@id\":\"https:\/\/thetreecbd.com\/de\/cbd\/packs-cbd-pack-cali-weed#primaryimage\"},\"thumbnailUrl\":\"https:\/\/thetreecbd.com\/wp-content\/uploads\/2023\/01\/pack-calithetree-web.jpg\",\"datePublished\":\"2023-01-25T17:15:13+00:00\",\"dateModified\":\"2025-12-02T00:37:54+00:00\",\"description\":\"Das CBD Cali Weed Pack enth\u00e4lt unsere Sorten Zkittlez, Sundae Driver, Royal Cheese und Mac und erm\u00f6glicht es dir, sie zu einem sehr g\u00fcnstigen Preis auszuprobieren.\",\"breadcrumb\":{\"@id\":\"https:\/\/thetreecbd.com\/de\/cbd\/packs-cbd-pack-cali-weed#breadcrumb\"},\"inLanguage\":\"de\",\"potentialAction\":[{\"@type\":\"ReadAction\",\"target\":[\"https:\/\/thetreecbd.com\/de\/cbd\/packs-cbd-pack-cali-weed\"]}]},{\"@type\":\"ImageObject\",\"inLanguage\":\"de\",\"@id\":\"https:\/\/thetreecbd.com\/de\/cbd\/packs-cbd-pack-cali-weed#primaryimage\",\"url\":\"https:\/\/thetreecbd.com\/wp-content\/uploads\/2023\/01\/pack-calithetree-web.jpg\",\"contentUrl\":\"https:\/\/thetreecbd.com\/wp-content\/uploads\/2023\/01\/pack-calithetree-web.jpg\",\"width\":1080,\"height\":1350},{\"@type\":\"BreadcrumbList\",\"@id\":\"https:\/\/thetreecbd.com\/de\/cbd\/packs-cbd-pack-cali-weed#breadcrumb\",\"itemListElement\":[{\"@type\":\"ListItem\",\"position\":1,\"name\":\"The Tree\",\"item\":\"https:\/\/thetreecbd.com\/de\"},{\"@type\":\"ListItem\",\"position\":2,\"name\":\"CBD\",\"item\":\"https:\/\/thetreecbd.com\/es\/cbd\"},{\"@type\":\"ListItem\",\"position\":3,\"name\":\"Black Friday\",\"item\":\"https:\/\/thetreecbd.com\/de\/black-friday-cbd\"},{\"@type\":\"ListItem\",\"position\":4,\"name\":\"Pack Cali Weed: Zkittlez, Sundae Driver, Royal Cheese y Mac\"}]},{\"@type\":\"WebSite\",\"@id\":\"https:\/\/thetreecbd.com\/de#website\",\"url\":\"https:\/\/thetreecbd.com\/de\",\"name\":\"The Tree CBD\",\"description\":\"Comprar CBD en Espa\u00f1a Online\",\"publisher\":{\"@id\":\"https:\/\/thetreecbd.com\/de#organization\"},\"potentialAction\":[{\"@type\":\"SearchAction\",\"target\":{\"@type\":\"EntryPoint\",\"urlTemplate\":\"https:\/\/thetreecbd.com\/de?s={search_term_string}\"},\"query-input\":{\"@type\":\"PropertyValueSpecification\",\"valueRequired\":true,\"valueName\":\"search_term_string\"}}],\"inLanguage\":\"de\"},{\"@type\":\"Organization\",\"@id\":\"https:\/\/thetreecbd.com\/de#organization\",\"name\":\"The Tree CBD\",\"url\":\"https:\/\/thetreecbd.com\/de\",\"logo\":{\"@type\":\"ImageObject\",\"inLanguage\":\"de\",\"@id\":\"https:\/\/thetreecbd.com\/de#\/schema\/logo\/image\/\",\"url\":\"https:\/\/thetreecbd.com\/wp-content\/uploads\/2022\/04\/logo-thetree.png\",\"contentUrl\":\"https:\/\/thetreecbd.com\/wp-content\/uploads\/2022\/04\/logo-thetree.png\",\"width\":172,\"height\":55,\"caption\":\"The Tree CBD\"},\"image\":{\"@id\":\"https:\/\/thetreecbd.com\/de#\/schema\/logo\/image\/\"},\"sameAs\":[\"https:\/\/www.facebook.com\/thetreeCBD\/\",\"https:\/\/x.com\/TheTreeCBD_EU\",\"https:\/\/www.instagram.com\/thetree.cbd\/\",\"https:\/\/es.trustpilot.com\/review\/thetreecbd.com\"]}]}<\/script>\n<!-- \/ Yoast SEO plugin. -->","yoast_head_json":{"title":"Pack CBD Cali Weed | The Tree CBD","description":"Das CBD Cali Weed Pack enth\u00e4lt unsere Sorten Zkittlez, Sundae Driver, Royal Cheese und Mac und erm\u00f6glicht es dir, sie zu einem sehr g\u00fcnstigen Preis auszuprobieren.","robots":{"index":"index","follow":"follow","max-snippet":"max-snippet:-1","max-image-preview":"max-image-preview:large","max-video-preview":"max-video-preview:-1"},"canonical":"https:\/\/thetreecbd.com\/de\/cbd\/packs-cbd-pack-cali-weed","og_locale":"de_DE","og_type":"article","og_title":"Pack CBD Cali Weed | The Tree CBD","og_description":"Das CBD Cali Weed Pack enth\u00e4lt unsere Sorten Zkittlez, Sundae Driver, Royal Cheese und Mac und erm\u00f6glicht es dir, sie zu einem sehr g\u00fcnstigen Preis auszuprobieren.","og_url":"https:\/\/thetreecbd.com\/de\/cbd\/packs-cbd-pack-cali-weed","og_site_name":"The Tree CBD","article_publisher":"https:\/\/www.facebook.com\/thetreeCBD\/","article_modified_time":"2025-12-02T00:37:54+00:00","og_image":[{"width":595,"height":714,"url":"https:\/\/thetreecbd.com\/wp-content\/uploads\/2023\/01\/cali-weed-web.png","type":"image\/png"}],"twitter_card":"summary_large_image","twitter_site":"@TheTreeCBD_EU","twitter_misc":{"Gesch\u00e4tzte Lesezeit":"3\u00a0Minuten"},"schema":{"@context":"https:\/\/schema.org","@graph":[{"@type":["WebPage","ItemPage"],"@id":"https:\/\/thetreecbd.com\/de\/cbd\/packs-cbd-pack-cali-weed","url":"https:\/\/thetreecbd.com\/de\/cbd\/packs-cbd-pack-cali-weed","name":"Pack CBD Cali Weed | The Tree CBD","isPartOf":{"@id":"https:\/\/thetreecbd.com\/de#website"},"primaryImageOfPage":{"@id":"https:\/\/thetreecbd.com\/de\/cbd\/packs-cbd-pack-cali-weed#primaryimage"},"image":{"@id":"https:\/\/thetreecbd.com\/de\/cbd\/packs-cbd-pack-cali-weed#primaryimage"},"thumbnailUrl":"https:\/\/thetreecbd.com\/wp-content\/uploads\/2023\/01\/pack-calithetree-web.jpg","datePublished":"2023-01-25T17:15:13+00:00","dateModified":"2025-12-02T00:37:54+00:00","description":"Das CBD Cali Weed Pack enth\u00e4lt unsere Sorten Zkittlez, Sundae Driver, Royal Cheese und Mac und erm\u00f6glicht es dir, sie zu einem sehr g\u00fcnstigen Preis auszuprobieren.","breadcrumb":{"@id":"https:\/\/thetreecbd.com\/de\/cbd\/packs-cbd-pack-cali-weed#breadcrumb"},"inLanguage":"de","potentialAction":[{"@type":"ReadAction","target":["https:\/\/thetreecbd.com\/de\/cbd\/packs-cbd-pack-cali-weed"]}]},{"@type":"ImageObject","inLanguage":"de","@id":"https:\/\/thetreecbd.com\/de\/cbd\/packs-cbd-pack-cali-weed#primaryimage","url":"https:\/\/thetreecbd.com\/wp-content\/uploads\/2023\/01\/pack-calithetree-web.jpg","contentUrl":"https:\/\/thetreecbd.com\/wp-content\/uploads\/2023\/01\/pack-calithetree-web.jpg","width":1080,"height":1350},{"@type":"BreadcrumbList","@id":"https:\/\/thetreecbd.com\/de\/cbd\/packs-cbd-pack-cali-weed#breadcrumb","itemListElement":[{"@type":"ListItem","position":1,"name":"The Tree","item":"https:\/\/thetreecbd.com\/de"},{"@type":"ListItem","position":2,"name":"CBD","item":"https:\/\/thetreecbd.com\/es\/cbd"},{"@type":"ListItem","position":3,"name":"Black Friday","item":"https:\/\/thetreecbd.com\/de\/black-friday-cbd"},{"@type":"ListItem","position":4,"name":"Pack Cali Weed: Zkittlez, Sundae Driver, Royal Cheese y Mac"}]},{"@type":"WebSite","@id":"https:\/\/thetreecbd.com\/de#website","url":"https:\/\/thetreecbd.com\/de","name":"The Tree CBD","description":"Comprar CBD en Espa\u00f1a Online","publisher":{"@id":"https:\/\/thetreecbd.com\/de#organization"},"potentialAction":[{"@type":"SearchAction","target":{"@type":"EntryPoint","urlTemplate":"https:\/\/thetreecbd.com\/de?s={search_term_string}"},"query-input":{"@type":"PropertyValueSpecification","valueRequired":true,"valueName":"search_term_string"}}],"inLanguage":"de"},{"@type":"Organization","@id":"https:\/\/thetreecbd.com\/de#organization","name":"The Tree CBD","url":"https:\/\/thetreecbd.com\/de","logo":{"@type":"ImageObject","inLanguage":"de","@id":"https:\/\/thetreecbd.com\/de#\/schema\/logo\/image\/","url":"https:\/\/thetreecbd.com\/wp-content\/uploads\/2022\/04\/logo-thetree.png","contentUrl":"https:\/\/thetreecbd.com\/wp-content\/uploads\/2022\/04\/logo-thetree.png","width":172,"height":55,"caption":"The Tree CBD"},"image":{"@id":"https:\/\/thetreecbd.com\/de#\/schema\/logo\/image\/"},"sameAs":["https:\/\/www.facebook.com\/thetreeCBD\/","https:\/\/x.com\/TheTreeCBD_EU","https:\/\/www.instagram.com\/thetree.cbd\/","https:\/\/es.trustpilot.com\/review\/thetreecbd.com"]}]}},"_links":{"self":[{"href":"https:\/\/thetreecbd.com\/de\/wp-json\/wp\/v2\/product\/166534","targetHints":{"allow":["GET"]}}],"collection":[{"href":"https:\/\/thetreecbd.com\/de\/wp-json\/wp\/v2\/product"}],"about":[{"href":"https:\/\/thetreecbd.com\/de\/wp-json\/wp\/v2\/types\/product"}],"version-history":[{"count":0,"href":"https:\/\/thetreecbd.com\/de\/wp-json\/wp\/v2\/product\/166534\/revisions"}],"wp:featuredmedia":[{"embeddable":true,"href":"https:\/\/thetreecbd.com\/de\/wp-json\/wp\/v2\/media\/186126"}],"wp:attachment":[{"href":"https:\/\/thetreecbd.com\/de\/wp-json\/wp\/v2\/media?parent=166534"}],"wp:term":[{"taxonomy":"product_brand","embeddable":true,"href":"https:\/\/thetreecbd.com\/de\/wp-json\/wp\/v2\/product_brand?post=166534"}],"curies":[{"name":"wp","href":"https:\/\/api.w.org\/{rel}","templated":true}]}}