{"id":166546,"date":"2018-12-15T17:08:24","date_gmt":"2018-12-15T16:08:24","guid":{"rendered":"https:\/\/thetreecbd.com\/cbd\/cbd-pack-3-delikatessen-zkittlez-amnesia-cali-orange"},"modified":"2026-05-08T10:01:28","modified_gmt":"2026-05-08T08:01:28","slug":"cbd-pack-3-delikatessen-zkittlez-amnesia-cali-orange","status":"publish","type":"product","link":"https:\/\/thetreecbd.com\/de\/cbd\/cbd-pack-3-delikatessen-zkittlez-amnesia-cali-orange","title":{"rendered":"CBD-Pack \u201e3 Delikatessen\u201c: Zkittlez, Amnesia, Cali Orange"},"content":{"rendered":"<article class=\"text-token-text-primary w-full\" dir=\"auto\" data-testid=\"conversation-turn-284\" data-scroll-anchor=\"true\">\n<div class=\"text-base my-auto mx-auto py-5 [--thread-content-margin:--spacing(4)] @[37rem]:[--thread-content-margin:--spacing(6)] @[72rem]:[--thread-content-margin:--spacing(16)] px-(--thread-content-margin)\">\n<div class=\"[--thread-content-max-width:32rem] @[34rem]:[--thread-content-max-width:40rem] @[64rem]:[--thread-content-max-width:48rem] mx-auto flex max-w-(--thread-content-max-width) flex-1 text-base gap-4 md:gap-5 lg:gap-6 group\/turn-messages focus-visible:outline-hidden\" tabindex=\"-1\">\n<div class=\"group\/conversation-turn relative flex w-full min-w-0 flex-col agent-turn\">\n<div class=\"relative flex-col gap-1 md:gap-3\">\n<div class=\"flex max-w-full flex-col grow\">\n<div class=\"min-h-8 text-message relative flex w-full flex-col items-end gap-2 text-start break-words whitespace-normal [.text-message+&amp;]:mt-5\" dir=\"auto\" data-message-author-role=\"assistant\" data-message-id=\"5d6b509e-99e7-464d-bc30-0974ff5949b4\" data-message-model-slug=\"gpt-4o\">\n<div class=\"flex w-full flex-col gap-1 empty:hidden first:pt-[3px]\">\n<div class=\"markdown prose dark:prose-invert w-full break-words dark\">\n<p data-start=\"95\" data-end=\"156\"><strong data-start=\"95\" data-end=\"156\">CBD-Pack \u201e3 Delikatessen\u201c: Zkittlez, Amnesia, Cali Orange<\/strong><\/p>\n<p data-start=\"158\" data-end=\"362\">Das CBD-Pack \u201e3 Delikatessen\u201c enth\u00e4lt drei unserer besten Sorten \u2013 Amnesia, Zkittlez und Cali Orange CBD \u2013 und erm\u00f6glicht es dir, diese drei hochwertigen Sorten zu einem sehr g\u00fcnstigen Preis zu probieren.<\/p>\n<p data-start=\"364\" data-end=\"704\">Zum einen bieten unsere Cali Orange CBD-Bl\u00fcten kr\u00e4ftige, fruchtige, zitrusartige und s\u00e4uerliche Terpene, die diese Sorte besonders auszeichnen und sie zu einer der begehrtesten machen. Ihr au\u00dfergew\u00f6hnliches Aroma und der intensive Geschmack mit s\u00fc\u00dfen und w\u00fcrzigen Noten sowie kr\u00e4ftigen Zitrusfruchtnoten verleihen ihr K\u00f6rper und Intensit\u00e4t.<\/p>\n<p data-start=\"706\" data-end=\"1050\">Zum anderen findest du die Sorte Amnesia CBD \u2013 ein Muss f\u00fcr alle Trichomen-Liebhaber. Diese Pflanze ist in den letzten Tagen der Bl\u00fctezeit kaum anzufassen, ohne sich die Finger zu verkleben. Sie liefert ebenfalls zitrusartige, fruchtige und aromatische Aromen. Ihre entspannende Wirkung verdankt sie dem hohen CBD-Gehalt zwischen 21\u202f% und 23\u202f%.<\/p>\n<p data-start=\"1052\" data-end=\"1277\">Schlie\u00dflich enth\u00e4lt das Pack unsere Zkittlez CBD, mit dichten, runden und konischen Bl\u00fcten in leuchtendem Gr\u00fcn, orangefarbenen H\u00e4rchen und einer dicken Schicht Trichome. Die Bl\u00fcten sind besonders klebrig und stark aromatisch.<\/p>\n<p data-start=\"1279\" data-end=\"1402\">Alle unsere Produkte werden im Indoor-Anbau zu 100\u202f% nat\u00fcrlich kultiviert \u2013 ohne Zusatzstoffe oder Pestizide jeglicher Art.<\/p>\n<p data-start=\"1404\" data-end=\"1547\">Au\u00dferdem enthalten alle Sorten weniger als 0,20\u202f% THC und sind somit in ganz Europa vollst\u00e4ndig legal und haben keinerlei psychoaktive Wirkung.<\/p>\n<p data-start=\"1554\" data-end=\"1604\"><strong data-start=\"1554\" data-end=\"1602\">Eigenschaften des CBD-Packs \u201e3 Delikatessen\u201c<\/strong><\/p>\n<ul data-start=\"1605\" data-end=\"1823\">\n<li data-start=\"1605\" data-end=\"1632\">\n<p data-start=\"1607\" data-end=\"1632\">1\u00d7 Zkittlez (2\u202fg \/ 5\u202fg)<\/p>\n<\/li>\n<li data-start=\"1633\" data-end=\"1659\">\n<p data-start=\"1635\" data-end=\"1659\">1\u00d7 Amnesia (2\u202fg \/ 5\u202fg)<\/p>\n<\/li>\n<li data-start=\"1660\" data-end=\"1690\">\n<p data-start=\"1662\" data-end=\"1690\">1\u00d7 Cali Orange (2\u202fg \/ 5\u202fg)<\/p>\n<\/li>\n<li data-start=\"1691\" data-end=\"1705\">\n<p data-start=\"1693\" data-end=\"1705\">Hanfbl\u00fcten<\/p>\n<\/li>\n<li data-start=\"1706\" data-end=\"1732\">\n<p data-start=\"1708\" data-end=\"1732\">Weniger als 0,20\u202f% THC<\/p>\n<\/li>\n<li data-start=\"1733\" data-end=\"1763\">\n<p data-start=\"1735\" data-end=\"1763\">Keine psychoaktive Wirkung<\/p>\n<\/li>\n<li data-start=\"1764\" data-end=\"1786\">\n<p data-start=\"1766\" data-end=\"1786\">Organisch angebaut<\/p>\n<\/li>\n<li data-start=\"1787\" data-end=\"1799\">\n<p data-start=\"1789\" data-end=\"1799\">GMO-frei<\/p>\n<\/li>\n<li data-start=\"1800\" data-end=\"1823\">\n<p data-start=\"1802\" data-end=\"1823\">Frei von Pestiziden<\/p>\n<\/li>\n<\/ul>\n<p data-start=\"1830\" data-end=\"1976\"><strong data-start=\"1830\" data-end=\"1840\">Inhalt<\/strong><br data-start=\"1840\" data-end=\"1843\" \/>Dieses Pack enth\u00e4lt drei verschiedene Produkte: eine Packung Cali Orange CBD, eine Packung Zkittlez CBD und eine Packung Amnesia CBD.<\/p>\n<p data-start=\"1978\" data-end=\"2084\">Du kannst zwischen dem kleinen Format mit 2\u202fg Bl\u00fcten pro Sorte oder dem gr\u00f6\u00dferen Format mit je 5\u202fg w\u00e4hlen.<\/p>\n<p data-start=\"2091\" data-end=\"2279\"><strong data-start=\"2091\" data-end=\"2105\">Zielgruppe<\/strong><br data-start=\"2105\" data-end=\"2108\" \/>Das CBD-Pack \u201e3 Delikatessen\u201c eignet sich ideal f\u00fcr alle, die Wert auf h\u00f6chste Qualit\u00e4t legen, denn es vereint drei der begehrtesten und beliebtesten Sorten auf dem Markt.<\/p>\n<p data-start=\"2281\" data-end=\"2381\">Zudem erh\u00e4ltst du mit diesem Pack einen Preisvorteil von 10\u202f% gegen\u00fcber dem Einzelkauf der Produkte.<\/p>\n<p data-start=\"2388\" data-end=\"2651\"><strong data-start=\"2388\" data-end=\"2416\">Sicherheitsinformationen<\/strong><br data-start=\"2416\" data-end=\"2419\" \/>Die CBD-Bl\u00fcten und -Harze von The Tree sind ausschlie\u00dflich dekorative, sammel- und aromatische Produkte. Sie d\u00fcrfen nicht w\u00e4hrend der Schwangerschaft oder Stillzeit verwendet werden. Au\u00dferhalb der Reichweite von Kindern aufbewahren.<\/p>\n<p data-start=\"2653\" data-end=\"2786\">Unsere CBD-Bl\u00fcten k\u00f6nnen Spuren von THC enthalten. Diese liegen selbstverst\u00e4ndlich unter dem gesetzlichen EU-Grenzwert von 0,2\u202f% THC.<\/p>\n<p data-start=\"2788\" data-end=\"3060\">Die bereitgestellten Inhalte dienen ausschlie\u00dflich Informations- und Schulungszwecken und ersetzen keinesfalls die medizinische Beratung durch \u00c4rzt:innen oder Apotheker:innen. Unsere Texte sind nicht f\u00fcr die eigenst\u00e4ndige Diagnose oder Behandlung von Krankheiten bestimmt.<\/p>\n<p data-start=\"3062\" data-end=\"3116\">Z\u00f6gere nicht, uns bei weiteren Fragen zu kontaktieren.<\/p>\n<p data-start=\"3123\" data-end=\"3406\"><strong data-start=\"3123\" data-end=\"3135\">Lagerung<\/strong><br data-start=\"3135\" data-end=\"3138\" \/>Die CBD-Bl\u00fcten und -Harze von The Tree sollten idealerweise an einem k\u00fchlen, trockenen Ort gelagert werden, gesch\u00fctzt vor Licht und starken Ger\u00fcchen, um jegliche Verunreinigung oder Qualit\u00e4tsverlust zu vermeiden. Direkte Sonneneinstrahlung und Hitze sind zu vermeiden.<\/p>\n<p data-start=\"3408\" data-end=\"3487\" data-is-last-node=\"\" data-is-only-node=\"\"><strong data-start=\"3408\" data-end=\"3420\">Hinweis:<\/strong> Bei sachgem\u00e4\u00dfer Lagerung betr\u00e4gt die Haltbarkeit etwa einen Monat.<\/p>\n<\/div>\n<\/div>\n<\/div>\n<\/div>\n<div class=\"flex justify-start\">\n<div class=\"touch:-me-2 touch:-ms-3.5 -ms-2.5 -me-1 flex items-center p-1 select-none -mt-1 duration-[1.5s] focus-within:transition-none hover:transition-none pointer-events-none [mask-image:linear-gradient(to_right,black_33%,transparent_66%)] [mask-size:300%_100%] [mask-position:100%_0%] motion-safe:transition-[mask-position] group-hover\/turn-messages:pointer-events-auto group-hover\/turn-messages:[mask-position:0_0] group-focus-within\/turn-messages:pointer-events-auto group-focus-within\/turn-messages:[mask-position:0_0] has-data-[state=open]:pointer-events-auto has-data-[state=open]:[mask-position:0_0]\"><\/div>\n<\/div>\n<div class=\"mt-3 w-full empty:hidden\">\n<div class=\"text-center\"><\/div>\n<\/div>\n<\/div>\n<div class=\"absolute\">\n<div class=\"flex items-center justify-center\"><\/div>\n<\/div>\n<\/div>\n<\/div>\n<\/div>\n<\/article>\n<div class=\"pointer-events-none h-px w-px\" aria-hidden=\"true\" data-edge=\"true\"><\/div>\n","protected":false},"excerpt":{"rendered":"<ul>\n<li>1\u00d7 Zkittlez (2\u202fg \/ 5\u202fg)<\/li>\n<li>1\u00d7 Amnesia (2\u202fg \/ 5\u202fg)<\/li>\n<li>1\u00d7 Cali Orange (2\u202fg \/ 5\u202fg)<\/li>\n<li>Hanfbl\u00fcten<\/li>\n<li>Weniger als 0,20\u202f% <strong>THC<\/strong><\/li>\n<li>Keine psychoaktive Wirkung<\/li>\n<li>Organisch angebaut<\/li>\n<li>GMO-frei<\/li>\n<li>Frei von Pestiziden<\/li>\n<\/ul>\n","protected":false},"featured_media":186133,"template":"","meta":{"_acf_changed":false},"product_brand":[],"class_list":{"0":"post-166546","1":"product","2":"type-product","3":"status-publish","4":"has-post-thumbnail","6":"product_cat-bluten","7":"product_cat-cbd-pakete","9":"first","10":"outofstock","11":"sale","12":"taxable","13":"shipping-taxable","14":"purchasable","15":"product-type-variable"},"acf":[],"yoast_head":"<!-- This site is optimized with the Yoast SEO plugin v26.3 - https:\/\/yoast.com\/wordpress\/plugins\/seo\/ -->\n<title>CBD-Pack \u201e3 Delikatessen\u201c: Zkittlez, Amnesia, Cali Orange | The Tree CBD.<\/title>\n<meta name=\"description\" content=\"Das CBD-Pack \u201eDrei Delikatessen\u201c enth\u00e4lt drei unserer besten Sorten \u2013 Amnesia, Zkittlez und Cali Orange \u2013 und erm\u00f6glicht es dir, sie zu einem sehr g\u00fcnstigen Preis auszuprobieren.Das CBD-Pack \u201eDrei Delikatessen\u201c enth\u00e4lt drei unserer besten Sorten \u2013 Amnesia, Zkittlez und Cali Orange \u2013 und erm\u00f6glicht es dir, sie zu einem sehr g\u00fcnstigen Preis auszuprobieren.\" \/>\n<meta name=\"robots\" content=\"index, follow, max-snippet:-1, max-image-preview:large, max-video-preview:-1\" \/>\n<link rel=\"canonical\" href=\"https:\/\/thetreecbd.com\/de\/cbd\/cbd-pack-3-delikatessen-zkittlez-amnesia-cali-orange\" \/>\n<meta property=\"og:locale\" content=\"de_DE\" \/>\n<meta property=\"og:type\" content=\"article\" \/>\n<meta property=\"og:title\" content=\"CBD-Pack \u201e3 Delikatessen\u201c: Zkittlez, Amnesia, Cali Orange | The Tree CBD.\" \/>\n<meta property=\"og:description\" content=\"Das CBD-Pack \u201eDrei Delikatessen\u201c enth\u00e4lt drei unserer besten Sorten \u2013 Amnesia, Zkittlez und Cali Orange \u2013 und erm\u00f6glicht es dir, sie zu einem sehr g\u00fcnstigen Preis auszuprobieren.Das CBD-Pack \u201eDrei Delikatessen\u201c enth\u00e4lt drei unserer besten Sorten \u2013 Amnesia, Zkittlez und Cali Orange \u2013 und erm\u00f6glicht es dir, sie zu einem sehr g\u00fcnstigen Preis auszuprobieren.\" \/>\n<meta property=\"og:url\" content=\"https:\/\/thetreecbd.com\/de\/cbd\/cbd-pack-3-delikatessen-zkittlez-amnesia-cali-orange\" \/>\n<meta property=\"og:site_name\" content=\"The Tree CBD\" \/>\n<meta property=\"article:publisher\" content=\"https:\/\/www.facebook.com\/thetreeCBD\/\" \/>\n<meta property=\"article:modified_time\" content=\"2026-05-08T08:01:28+00:00\" \/>\n<meta property=\"og:image\" content=\"https:\/\/thetreecbd.com\/wp-content\/uploads\/2023\/06\/pack-3-delicias-cbd.png\" \/>\n\t<meta property=\"og:image:width\" content=\"600\" \/>\n\t<meta property=\"og:image:height\" content=\"720\" \/>\n\t<meta property=\"og:image:type\" content=\"image\/png\" \/>\n<meta name=\"twitter:card\" content=\"summary_large_image\" \/>\n<meta name=\"twitter:site\" content=\"@TheTreeCBD_EU\" \/>\n<meta name=\"twitter:label1\" content=\"Gesch\u00e4tzte Lesezeit\" \/>\n\t<meta name=\"twitter:data1\" content=\"2\u00a0Minuten\" \/>\n<script type=\"application\/ld+json\" class=\"yoast-schema-graph\">{\"@context\":\"https:\/\/schema.org\",\"@graph\":[{\"@type\":[\"WebPage\",\"ItemPage\"],\"@id\":\"https:\/\/thetreecbd.com\/de\/cbd\/cbd-pack-3-delikatessen-zkittlez-amnesia-cali-orange\",\"url\":\"https:\/\/thetreecbd.com\/de\/cbd\/cbd-pack-3-delikatessen-zkittlez-amnesia-cali-orange\",\"name\":\"CBD-Pack \u201e3 Delikatessen\u201c: Zkittlez, Amnesia, Cali Orange | The Tree CBD.\",\"isPartOf\":{\"@id\":\"https:\/\/thetreecbd.com\/de#website\"},\"primaryImageOfPage\":{\"@id\":\"https:\/\/thetreecbd.com\/de\/cbd\/cbd-pack-3-delikatessen-zkittlez-amnesia-cali-orange#primaryimage\"},\"image\":{\"@id\":\"https:\/\/thetreecbd.com\/de\/cbd\/cbd-pack-3-delikatessen-zkittlez-amnesia-cali-orange#primaryimage\"},\"thumbnailUrl\":\"https:\/\/thetreecbd.com\/wp-content\/uploads\/2018\/12\/3delicias-pack-thetree-web.jpg\",\"datePublished\":\"2018-12-15T16:08:24+00:00\",\"dateModified\":\"2026-05-08T08:01:28+00:00\",\"description\":\"Das CBD-Pack \u201eDrei Delikatessen\u201c enth\u00e4lt drei unserer besten Sorten \u2013 Amnesia, Zkittlez und Cali Orange \u2013 und erm\u00f6glicht es dir, sie zu einem sehr g\u00fcnstigen Preis auszuprobieren.Das CBD-Pack \u201eDrei Delikatessen\u201c enth\u00e4lt drei unserer besten Sorten \u2013 Amnesia, Zkittlez und Cali Orange \u2013 und erm\u00f6glicht es dir, sie zu einem sehr g\u00fcnstigen Preis auszuprobieren.\",\"breadcrumb\":{\"@id\":\"https:\/\/thetreecbd.com\/de\/cbd\/cbd-pack-3-delikatessen-zkittlez-amnesia-cali-orange#breadcrumb\"},\"inLanguage\":\"de\",\"potentialAction\":[{\"@type\":\"ReadAction\",\"target\":[\"https:\/\/thetreecbd.com\/de\/cbd\/cbd-pack-3-delikatessen-zkittlez-amnesia-cali-orange\"]}]},{\"@type\":\"ImageObject\",\"inLanguage\":\"de\",\"@id\":\"https:\/\/thetreecbd.com\/de\/cbd\/cbd-pack-3-delikatessen-zkittlez-amnesia-cali-orange#primaryimage\",\"url\":\"https:\/\/thetreecbd.com\/wp-content\/uploads\/2018\/12\/3delicias-pack-thetree-web.jpg\",\"contentUrl\":\"https:\/\/thetreecbd.com\/wp-content\/uploads\/2018\/12\/3delicias-pack-thetree-web.jpg\",\"width\":1080,\"height\":1350},{\"@type\":\"BreadcrumbList\",\"@id\":\"https:\/\/thetreecbd.com\/de\/cbd\/cbd-pack-3-delikatessen-zkittlez-amnesia-cali-orange#breadcrumb\",\"itemListElement\":[{\"@type\":\"ListItem\",\"position\":1,\"name\":\"The Tree\",\"item\":\"https:\/\/thetreecbd.com\/de\"},{\"@type\":\"ListItem\",\"position\":2,\"name\":\"CBD\",\"item\":\"https:\/\/thetreecbd.com\/es\/cbd\"},{\"@type\":\"ListItem\",\"position\":3,\"name\":\"CBD-Bl\u00fcten kaufen\",\"item\":\"https:\/\/thetreecbd.com\/de\/bluten\"},{\"@type\":\"ListItem\",\"position\":4,\"name\":\"CBD-Pack \u201e3 Delikatessen\u201c: Zkittlez, Amnesia, Cali Orange\"}]},{\"@type\":\"WebSite\",\"@id\":\"https:\/\/thetreecbd.com\/de#website\",\"url\":\"https:\/\/thetreecbd.com\/de\",\"name\":\"The Tree CBD\",\"description\":\"Comprar CBD en Espa\u00f1a Online\",\"publisher\":{\"@id\":\"https:\/\/thetreecbd.com\/de#organization\"},\"potentialAction\":[{\"@type\":\"SearchAction\",\"target\":{\"@type\":\"EntryPoint\",\"urlTemplate\":\"https:\/\/thetreecbd.com\/de?s={search_term_string}\"},\"query-input\":{\"@type\":\"PropertyValueSpecification\",\"valueRequired\":true,\"valueName\":\"search_term_string\"}}],\"inLanguage\":\"de\"},{\"@type\":\"Organization\",\"@id\":\"https:\/\/thetreecbd.com\/de#organization\",\"name\":\"The Tree CBD\",\"url\":\"https:\/\/thetreecbd.com\/de\",\"logo\":{\"@type\":\"ImageObject\",\"inLanguage\":\"de\",\"@id\":\"https:\/\/thetreecbd.com\/de#\/schema\/logo\/image\/\",\"url\":\"https:\/\/thetreecbd.com\/wp-content\/uploads\/2022\/04\/logo-thetree.png\",\"contentUrl\":\"https:\/\/thetreecbd.com\/wp-content\/uploads\/2022\/04\/logo-thetree.png\",\"width\":172,\"height\":55,\"caption\":\"The Tree CBD\"},\"image\":{\"@id\":\"https:\/\/thetreecbd.com\/de#\/schema\/logo\/image\/\"},\"sameAs\":[\"https:\/\/www.facebook.com\/thetreeCBD\/\",\"https:\/\/x.com\/TheTreeCBD_EU\",\"https:\/\/www.instagram.com\/thetree.cbd\/\",\"https:\/\/es.trustpilot.com\/review\/thetreecbd.com\"]}]}<\/script>\n<!-- \/ Yoast SEO plugin. -->","yoast_head_json":{"title":"CBD-Pack \u201e3 Delikatessen\u201c: Zkittlez, Amnesia, Cali Orange | The Tree CBD.","description":"Das CBD-Pack \u201eDrei Delikatessen\u201c enth\u00e4lt drei unserer besten Sorten \u2013 Amnesia, Zkittlez und Cali Orange \u2013 und erm\u00f6glicht es dir, sie zu einem sehr g\u00fcnstigen Preis auszuprobieren.Das CBD-Pack \u201eDrei Delikatessen\u201c enth\u00e4lt drei unserer besten Sorten \u2013 Amnesia, Zkittlez und Cali Orange \u2013 und erm\u00f6glicht es dir, sie zu einem sehr g\u00fcnstigen Preis auszuprobieren.","robots":{"index":"index","follow":"follow","max-snippet":"max-snippet:-1","max-image-preview":"max-image-preview:large","max-video-preview":"max-video-preview:-1"},"canonical":"https:\/\/thetreecbd.com\/de\/cbd\/cbd-pack-3-delikatessen-zkittlez-amnesia-cali-orange","og_locale":"de_DE","og_type":"article","og_title":"CBD-Pack \u201e3 Delikatessen\u201c: Zkittlez, Amnesia, Cali Orange | The Tree CBD.","og_description":"Das CBD-Pack \u201eDrei Delikatessen\u201c enth\u00e4lt drei unserer besten Sorten \u2013 Amnesia, Zkittlez und Cali Orange \u2013 und erm\u00f6glicht es dir, sie zu einem sehr g\u00fcnstigen Preis auszuprobieren.Das CBD-Pack \u201eDrei Delikatessen\u201c enth\u00e4lt drei unserer besten Sorten \u2013 Amnesia, Zkittlez und Cali Orange \u2013 und erm\u00f6glicht es dir, sie zu einem sehr g\u00fcnstigen Preis auszuprobieren.","og_url":"https:\/\/thetreecbd.com\/de\/cbd\/cbd-pack-3-delikatessen-zkittlez-amnesia-cali-orange","og_site_name":"The Tree CBD","article_publisher":"https:\/\/www.facebook.com\/thetreeCBD\/","article_modified_time":"2026-05-08T08:01:28+00:00","og_image":[{"width":600,"height":720,"url":"https:\/\/thetreecbd.com\/wp-content\/uploads\/2023\/06\/pack-3-delicias-cbd.png","type":"image\/png"}],"twitter_card":"summary_large_image","twitter_site":"@TheTreeCBD_EU","twitter_misc":{"Gesch\u00e4tzte Lesezeit":"2\u00a0Minuten"},"schema":{"@context":"https:\/\/schema.org","@graph":[{"@type":["WebPage","ItemPage"],"@id":"https:\/\/thetreecbd.com\/de\/cbd\/cbd-pack-3-delikatessen-zkittlez-amnesia-cali-orange","url":"https:\/\/thetreecbd.com\/de\/cbd\/cbd-pack-3-delikatessen-zkittlez-amnesia-cali-orange","name":"CBD-Pack \u201e3 Delikatessen\u201c: Zkittlez, Amnesia, Cali Orange | The Tree CBD.","isPartOf":{"@id":"https:\/\/thetreecbd.com\/de#website"},"primaryImageOfPage":{"@id":"https:\/\/thetreecbd.com\/de\/cbd\/cbd-pack-3-delikatessen-zkittlez-amnesia-cali-orange#primaryimage"},"image":{"@id":"https:\/\/thetreecbd.com\/de\/cbd\/cbd-pack-3-delikatessen-zkittlez-amnesia-cali-orange#primaryimage"},"thumbnailUrl":"https:\/\/thetreecbd.com\/wp-content\/uploads\/2018\/12\/3delicias-pack-thetree-web.jpg","datePublished":"2018-12-15T16:08:24+00:00","dateModified":"2026-05-08T08:01:28+00:00","description":"Das CBD-Pack \u201eDrei Delikatessen\u201c enth\u00e4lt drei unserer besten Sorten \u2013 Amnesia, Zkittlez und Cali Orange \u2013 und erm\u00f6glicht es dir, sie zu einem sehr g\u00fcnstigen Preis auszuprobieren.Das CBD-Pack \u201eDrei Delikatessen\u201c enth\u00e4lt drei unserer besten Sorten \u2013 Amnesia, Zkittlez und Cali Orange \u2013 und erm\u00f6glicht es dir, sie zu einem sehr g\u00fcnstigen Preis auszuprobieren.","breadcrumb":{"@id":"https:\/\/thetreecbd.com\/de\/cbd\/cbd-pack-3-delikatessen-zkittlez-amnesia-cali-orange#breadcrumb"},"inLanguage":"de","potentialAction":[{"@type":"ReadAction","target":["https:\/\/thetreecbd.com\/de\/cbd\/cbd-pack-3-delikatessen-zkittlez-amnesia-cali-orange"]}]},{"@type":"ImageObject","inLanguage":"de","@id":"https:\/\/thetreecbd.com\/de\/cbd\/cbd-pack-3-delikatessen-zkittlez-amnesia-cali-orange#primaryimage","url":"https:\/\/thetreecbd.com\/wp-content\/uploads\/2018\/12\/3delicias-pack-thetree-web.jpg","contentUrl":"https:\/\/thetreecbd.com\/wp-content\/uploads\/2018\/12\/3delicias-pack-thetree-web.jpg","width":1080,"height":1350},{"@type":"BreadcrumbList","@id":"https:\/\/thetreecbd.com\/de\/cbd\/cbd-pack-3-delikatessen-zkittlez-amnesia-cali-orange#breadcrumb","itemListElement":[{"@type":"ListItem","position":1,"name":"The Tree","item":"https:\/\/thetreecbd.com\/de"},{"@type":"ListItem","position":2,"name":"CBD","item":"https:\/\/thetreecbd.com\/es\/cbd"},{"@type":"ListItem","position":3,"name":"CBD-Bl\u00fcten kaufen","item":"https:\/\/thetreecbd.com\/de\/bluten"},{"@type":"ListItem","position":4,"name":"CBD-Pack \u201e3 Delikatessen\u201c: Zkittlez, Amnesia, Cali Orange"}]},{"@type":"WebSite","@id":"https:\/\/thetreecbd.com\/de#website","url":"https:\/\/thetreecbd.com\/de","name":"The Tree CBD","description":"Comprar CBD en Espa\u00f1a Online","publisher":{"@id":"https:\/\/thetreecbd.com\/de#organization"},"potentialAction":[{"@type":"SearchAction","target":{"@type":"EntryPoint","urlTemplate":"https:\/\/thetreecbd.com\/de?s={search_term_string}"},"query-input":{"@type":"PropertyValueSpecification","valueRequired":true,"valueName":"search_term_string"}}],"inLanguage":"de"},{"@type":"Organization","@id":"https:\/\/thetreecbd.com\/de#organization","name":"The Tree CBD","url":"https:\/\/thetreecbd.com\/de","logo":{"@type":"ImageObject","inLanguage":"de","@id":"https:\/\/thetreecbd.com\/de#\/schema\/logo\/image\/","url":"https:\/\/thetreecbd.com\/wp-content\/uploads\/2022\/04\/logo-thetree.png","contentUrl":"https:\/\/thetreecbd.com\/wp-content\/uploads\/2022\/04\/logo-thetree.png","width":172,"height":55,"caption":"The Tree CBD"},"image":{"@id":"https:\/\/thetreecbd.com\/de#\/schema\/logo\/image\/"},"sameAs":["https:\/\/www.facebook.com\/thetreeCBD\/","https:\/\/x.com\/TheTreeCBD_EU","https:\/\/www.instagram.com\/thetree.cbd\/","https:\/\/es.trustpilot.com\/review\/thetreecbd.com"]}]}},"_links":{"self":[{"href":"https:\/\/thetreecbd.com\/de\/wp-json\/wp\/v2\/product\/166546","targetHints":{"allow":["GET"]}}],"collection":[{"href":"https:\/\/thetreecbd.com\/de\/wp-json\/wp\/v2\/product"}],"about":[{"href":"https:\/\/thetreecbd.com\/de\/wp-json\/wp\/v2\/types\/product"}],"version-history":[{"count":0,"href":"https:\/\/thetreecbd.com\/de\/wp-json\/wp\/v2\/product\/166546\/revisions"}],"wp:featuredmedia":[{"embeddable":true,"href":"https:\/\/thetreecbd.com\/de\/wp-json\/wp\/v2\/media\/186133"}],"wp:attachment":[{"href":"https:\/\/thetreecbd.com\/de\/wp-json\/wp\/v2\/media?parent=166546"}],"wp:term":[{"taxonomy":"product_brand","embeddable":true,"href":"https:\/\/thetreecbd.com\/de\/wp-json\/wp\/v2\/product_brand?post=166546"}],"curies":[{"name":"wp","href":"https:\/\/api.w.org\/{rel}","templated":true}]}}