{"id":166553,"date":"2023-01-25T16:01:33","date_gmt":"2023-01-25T15:01:33","guid":{"rendered":"https:\/\/thetreecbd.com\/cbd\/indoor-bluten-pack-gelato-cali-orange-pistacho-und-lemon-tree"},"modified":"2025-12-02T01:37:51","modified_gmt":"2025-12-02T00:37:51","slug":"indoor-bluten-pack-gelato-cali-orange-pistacho-und-lemon-tree","status":"publish","type":"product","link":"https:\/\/thetreecbd.com\/de\/cbd\/indoor-bluten-pack-gelato-cali-orange-pistacho-und-lemon-tree","title":{"rendered":"Indoor-Bl\u00fcten-Pack: Gelato, Cali Orange, Pistacho und Lemon Tree"},"content":{"rendered":"<p>Das <b>CBD Indoor Bl\u00fcten-Paket<\/b> enth\u00e4lt unsere besten Indoor-Sorten. Ein Paket, das einige unserer Top-Bl\u00fcten enth\u00e4lt. Dieses Paket, das sich an diejenigen richtet, die eine Vorliebe f\u00fcr Indoor-Sorten haben, erm\u00f6glicht es Ihnen, die Sorten <b>Gelato, Cali Orange, Pistazie<\/b> und <b>Lemon Tree<\/b> zu genie\u00dfen. Sollte eine dieser Sorten nicht vorr\u00e4tig sein, wird sie durch eine gleichwertige oder h\u00f6herwertige Sorte ersetzt, wie zum Beispiel Cali Orange oder Malib\u00fa Exotic, weitere unserer begehrtesten Sorten.<\/p>\n<p>In diesem <b>CBD Indoor Bl\u00fcten-Paket<\/b> durfte eine der beliebtesten Bl\u00fcten unserer Kunden nicht fehlen: die <b>Gelato<\/b>, mit einem CBD-Anteil zwischen <b>10% und 12%<\/b>. Diese Sorte von h\u00f6chster Qualit\u00e4t bietet uns ein <b>cremiges Aroma mit s\u00fc\u00dfem, zitrusartigem und nat\u00fcrlichem Geschmack<\/b>, das an ein Dessert oder Eis erinnert, mit <b>Noten von Orange und s\u00fc\u00dfen Keksen<\/b>.<\/p>\n<p>Was bringen wir Ihnen? Die <b>Cali Orange<\/b>, mit einem CBD-Anteil zwischen <b>12% und 14%<\/b>, zeichnet sich durch <b>starke fruchtige, zitrusartige und s\u00e4uerliche Terpene<\/b> aus, was sie zu einer der begehrtesten Sorten macht, aufgrund ihres so unterschiedlichen Aromas und intensiven Geschmacks mit s\u00fc\u00dfen und w\u00fcrzigen Nuancen, starken Noten \u00e4hnlich denen von Zitrusfr\u00fcchten, die ihr K\u00f6rper und Intensit\u00e4t verleihen. Die <b>Pistazie<\/b> ist ebenfalls Teil dieses neuen Pakets. Eine weitere Klassikerin mit sehr hohen CBD-Prozents\u00e4tzen, zwischen <b>20% und 23%<\/b>, die ein <b>exotisches, trockenes und bitters\u00fc\u00dfes<\/b> Aroma bietet. Gl\u00e4nzende Bl\u00fcten, bedeckt mit einem feinen Reifschleier, ein gro\u00dfer Beweis f\u00fcr die hohe Qualit\u00e4t dieser Bl\u00fcte. Und schlie\u00dflich die <b>Lemon Tree<\/b>. Eine exklusive The Tree Bl\u00fcte, die sich an die anspruchsvollsten Kunden richtet. Mit einem CBD-Anteil zwischen <b>14% und 16%<\/b> bietet sie ein <b>zitrusartiges Aroma mit einem Geschmack von saurer Zitrone und s\u00fc\u00dfer Zitrone<\/b>. Ihr Geruch enth\u00e4lt neben dem Zitrusaroma auch einen s\u00fc\u00dfen Punkt, der an die Zitronenbl\u00fcte erinnert und diese Sorte einzigartig macht. Alle diese Bl\u00fcten werden <b>indoor<\/b> zu 100% nat\u00fcrlich angebaut, ohne <b>Zusatzstoffe<\/b> oder <b>Pestizide<\/b> jeglicher Art. Da sie weniger als <b>0,20% THC<\/b> enthalten, sind sie au\u00dferdem in ganz <b>Europa<\/b> vollst\u00e4ndig <b>legal<\/b> und haben keinerlei psychoaktive Wirkung.<\/p>\n<p>&nbsp;<\/p>\n<h3>Eigenschaften des CBD Indoor Pakets<\/h3>\n<p>&nbsp;<\/p>\n<ul>\n<li>1 <b>Gelato<\/b> (2gr \/ 5gr)<\/li>\n<li>1 <b>Cali Orange<\/b> (2gr \/ 5gr)<\/li>\n<li>1 <b>Pistazie<\/b> (2gr \/ 5gr)<\/li>\n<li>1 <b>Lemon Tree<\/b> (2gr \/ 5gr)<\/li>\n<li>Hanfbl\u00fcten<\/li>\n<li>Weniger als <b>0,20% THC<\/b><\/li>\n<li>Keine psychoaktiven Effekte<\/li>\n<li>Biologisch angebaut<\/li>\n<li>GMO-frei<\/li>\n<li>Pestizidfrei<\/li>\n<\/ul>\n<p>&nbsp;<\/p>\n<h3>Komponenten<\/h3>\n<p>&nbsp;<\/p>\n<p>Dieses Paket besteht aus 4 verschiedenen Elementen: einem Beutel Gelato, einem Beutel Cali Orange, einem Beutel Pistazie und einem Beutel Lemon Tree. Sie k\u00f6nnen es im kleinen Format mit 2-Gramm-Bl\u00fctenbeuteln oder im gr\u00f6\u00dferen Format mit 5-Gramm-Beuteln jeder im Paket enthaltenen Komponente w\u00e4hlen.<\/p>\n<p>&nbsp;<\/p>\n<h3>Zielgruppe<\/h3>\n<p>&nbsp;<\/p>\n<p>Das <b>CBD Indoor Paket<\/b> ist ideal f\u00fcr Anwender, die vor allem Qualit\u00e4t suchen. Dar\u00fcber hinaus bietet dieses Paket die M\u00f6glichkeit, diese Sorte zu einem reduzierten Preis zu erhalten, da es einen <b>10%igen Rabatt<\/b> im Vergleich zum Einzelkauf der Produkte darstellt.<\/p>\n<p>&nbsp;<\/p>\n<h3>Sicherheitsinformationen<\/h3>\n<p>&nbsp;<\/p>\n<p>Dieses Paket enth\u00e4lt nicht-psychoaktive Bl\u00fcten, die aus zertifizierten Samen gewonnen werden, ohne Zusatzstoffe, mit maximal <b>0,2% THC oder einem Psychoaktivit\u00e4tsindex unter 1<\/b>. Cannabis Typ Faser gem\u00e4\u00df UN-Handbuch ST\/NAR 40. Dies ist ein dekoratives, aromatisches und Sammelprodukt. Einnahme, Inhalation oder therapeutische Anwendung sind verboten. Das Unternehmen \u00fcbernimmt keine Verantwortung f\u00fcr eine Nutzung, die gegen das Gesetz oder diese Hinweise verst\u00f6\u00dft. Der Verkauf an Minderj\u00e4hrige ist verboten. Au\u00dferhalb der Reichweite von Kindern aufbewahren. Der bereitgestellte Inhalt dient ausschlie\u00dflich Informations- und Schulungszwecken und ersetzt in keiner Weise die medizinische Beratung durch einen Arzt oder Apotheker. Unsere Texte sind nicht zur eigenst\u00e4ndigen Diagnose und Behandlung von Krankheiten bestimmt. Z\u00f6gern Sie nicht, uns bei weiteren Fragen zu kontaktieren.<\/p>\n<p>&nbsp;<\/p>\n<h3>Lagerung<\/h3>\n<p>&nbsp;<\/p>\n<p>Idealerweise sollten die CBD-Bl\u00fcten und -Harze von The Tree an einem k\u00fchlen, trockenen Ort gelagert werden, gesch\u00fctzt vor Licht und starken Ger\u00fcchen, um jegliche Art von Kontamination und\/oder Degradation zu vermeiden. Direkte Sonneneinstrahlung und Hitze vermeiden. <b>Achtung<\/b>: Die angegebene Haltbarkeit betr\u00e4gt einen Monat bei korrekter Lagerung.<\/p>\n","protected":false},"excerpt":{"rendered":"<ul>\n<li>1\u00d7 Gelato (2\u202fg \/ 5\u202fg)<\/li>\n<li>1\u00d7 Cali Orange (2\u202fg \/ 5\u202fg)<\/li>\n<li>1\u00d7 Pistacho (2\u202fg \/ 5\u202fg)<\/li>\n<li>1\u00d7 Lemon Tree (2\u202fg \/ 5\u202fg)<\/li>\n<li>Hanfbl\u00fcten<\/li>\n<li>Weniger als 0,20\u202f% <strong>THC<\/strong><\/li>\n<li>Keine psychoaktive Wirkung<\/li>\n<li>Organisch angebaut<\/li>\n<li>GVO-frei<\/li>\n<li>Frei von Pestiziden<\/li>\n<\/ul>\n","protected":false},"featured_media":166560,"template":"","meta":{"_acf_changed":false},"product_brand":[],"class_list":{"0":"post-166553","1":"product","2":"type-product","3":"status-publish","4":"has-post-thumbnail","6":"product_cat-black-friday-cbd","7":"product_cat-bluten","8":"product_cat-cbd-pakete","9":"product_cat-produkte-mit-20-cbd","11":"first","12":"outofstock","13":"taxable","14":"shipping-taxable","15":"purchasable","16":"product-type-variable","17":"has-default-attributes"},"acf":[],"yoast_head":"<!-- This site is optimized with the Yoast SEO plugin v26.3 - https:\/\/yoast.com\/wordpress\/plugins\/seo\/ -->\n<title>Indoor-Bl\u00fcten-Pack<\/title>\n<meta name=\"description\" content=\"Das CBD Indoor-Pack enth\u00e4lt unsere besten Indoor-Sorten: Pistacho, Gelato, Cali Orange und Lemon Tree \u2013 und erm\u00f6glicht es dir, sie zu einem sehr g\u00fcnstigen Preis auszuprobieren.\" \/>\n<meta name=\"robots\" content=\"index, follow, max-snippet:-1, max-image-preview:large, max-video-preview:-1\" \/>\n<link rel=\"canonical\" href=\"https:\/\/thetreecbd.com\/de\/cbd\/indoor-bluten-pack-gelato-cali-orange-pistacho-und-lemon-tree\" \/>\n<meta property=\"og:locale\" content=\"de_DE\" \/>\n<meta property=\"og:type\" content=\"article\" \/>\n<meta property=\"og:title\" content=\"Indoor-Bl\u00fcten-Pack\" \/>\n<meta property=\"og:description\" content=\"Das CBD Indoor-Pack enth\u00e4lt unsere besten Indoor-Sorten: Pistacho, Gelato, Cali Orange und Lemon Tree \u2013 und erm\u00f6glicht es dir, sie zu einem sehr g\u00fcnstigen Preis auszuprobieren.\" \/>\n<meta property=\"og:url\" content=\"https:\/\/thetreecbd.com\/de\/cbd\/indoor-bluten-pack-gelato-cali-orange-pistacho-und-lemon-tree\" \/>\n<meta property=\"og:site_name\" content=\"The Tree CBD\" \/>\n<meta property=\"article:publisher\" content=\"https:\/\/www.facebook.com\/thetreeCBD\/\" \/>\n<meta property=\"article:modified_time\" content=\"2025-12-02T00:37:51+00:00\" \/>\n<meta property=\"og:image\" content=\"https:\/\/thetreecbd.com\/wp-content\/uploads\/2023\/01\/pack-indoor-web.png\" \/>\n\t<meta property=\"og:image:width\" content=\"595\" \/>\n\t<meta property=\"og:image:height\" content=\"714\" \/>\n\t<meta property=\"og:image:type\" content=\"image\/png\" \/>\n<meta name=\"twitter:card\" content=\"summary_large_image\" \/>\n<meta name=\"twitter:site\" content=\"@TheTreeCBD_EU\" \/>\n<meta name=\"twitter:label1\" content=\"Gesch\u00e4tzte Lesezeit\" \/>\n\t<meta name=\"twitter:data1\" content=\"3\u00a0Minuten\" \/>\n<script type=\"application\/ld+json\" class=\"yoast-schema-graph\">{\"@context\":\"https:\/\/schema.org\",\"@graph\":[{\"@type\":[\"WebPage\",\"ItemPage\"],\"@id\":\"https:\/\/thetreecbd.com\/de\/cbd\/indoor-bluten-pack-gelato-cali-orange-pistacho-und-lemon-tree\",\"url\":\"https:\/\/thetreecbd.com\/de\/cbd\/indoor-bluten-pack-gelato-cali-orange-pistacho-und-lemon-tree\",\"name\":\"Indoor-Bl\u00fcten-Pack\",\"isPartOf\":{\"@id\":\"https:\/\/thetreecbd.com\/de#website\"},\"primaryImageOfPage\":{\"@id\":\"https:\/\/thetreecbd.com\/de\/cbd\/indoor-bluten-pack-gelato-cali-orange-pistacho-und-lemon-tree#primaryimage\"},\"image\":{\"@id\":\"https:\/\/thetreecbd.com\/de\/cbd\/indoor-bluten-pack-gelato-cali-orange-pistacho-und-lemon-tree#primaryimage\"},\"thumbnailUrl\":\"https:\/\/thetreecbd.com\/wp-content\/uploads\/2023\/01\/pack-indoor-web.png\",\"datePublished\":\"2023-01-25T15:01:33+00:00\",\"dateModified\":\"2025-12-02T00:37:51+00:00\",\"description\":\"Das CBD Indoor-Pack enth\u00e4lt unsere besten Indoor-Sorten: Pistacho, Gelato, Cali Orange und Lemon Tree \u2013 und erm\u00f6glicht es dir, sie zu einem sehr g\u00fcnstigen Preis auszuprobieren.\",\"breadcrumb\":{\"@id\":\"https:\/\/thetreecbd.com\/de\/cbd\/indoor-bluten-pack-gelato-cali-orange-pistacho-und-lemon-tree#breadcrumb\"},\"inLanguage\":\"de\",\"potentialAction\":[{\"@type\":\"ReadAction\",\"target\":[\"https:\/\/thetreecbd.com\/de\/cbd\/indoor-bluten-pack-gelato-cali-orange-pistacho-und-lemon-tree\"]}]},{\"@type\":\"ImageObject\",\"inLanguage\":\"de\",\"@id\":\"https:\/\/thetreecbd.com\/de\/cbd\/indoor-bluten-pack-gelato-cali-orange-pistacho-und-lemon-tree#primaryimage\",\"url\":\"https:\/\/thetreecbd.com\/wp-content\/uploads\/2023\/01\/pack-indoor-web.png\",\"contentUrl\":\"https:\/\/thetreecbd.com\/wp-content\/uploads\/2023\/01\/pack-indoor-web.png\",\"width\":595,\"height\":714},{\"@type\":\"BreadcrumbList\",\"@id\":\"https:\/\/thetreecbd.com\/de\/cbd\/indoor-bluten-pack-gelato-cali-orange-pistacho-und-lemon-tree#breadcrumb\",\"itemListElement\":[{\"@type\":\"ListItem\",\"position\":1,\"name\":\"The Tree\",\"item\":\"https:\/\/thetreecbd.com\/de\"},{\"@type\":\"ListItem\",\"position\":2,\"name\":\"CBD\",\"item\":\"https:\/\/thetreecbd.com\/es\/cbd\"},{\"@type\":\"ListItem\",\"position\":3,\"name\":\"Black Friday\",\"item\":\"https:\/\/thetreecbd.com\/de\/black-friday-cbd\"},{\"@type\":\"ListItem\",\"position\":4,\"name\":\"Indoor-Bl\u00fcten-Pack: Gelato, Cali Orange, Pistacho und Lemon Tree\"}]},{\"@type\":\"WebSite\",\"@id\":\"https:\/\/thetreecbd.com\/de#website\",\"url\":\"https:\/\/thetreecbd.com\/de\",\"name\":\"The Tree CBD\",\"description\":\"Comprar CBD en Espa\u00f1a Online\",\"publisher\":{\"@id\":\"https:\/\/thetreecbd.com\/de#organization\"},\"potentialAction\":[{\"@type\":\"SearchAction\",\"target\":{\"@type\":\"EntryPoint\",\"urlTemplate\":\"https:\/\/thetreecbd.com\/de?s={search_term_string}\"},\"query-input\":{\"@type\":\"PropertyValueSpecification\",\"valueRequired\":true,\"valueName\":\"search_term_string\"}}],\"inLanguage\":\"de\"},{\"@type\":\"Organization\",\"@id\":\"https:\/\/thetreecbd.com\/de#organization\",\"name\":\"The Tree CBD\",\"url\":\"https:\/\/thetreecbd.com\/de\",\"logo\":{\"@type\":\"ImageObject\",\"inLanguage\":\"de\",\"@id\":\"https:\/\/thetreecbd.com\/de#\/schema\/logo\/image\/\",\"url\":\"https:\/\/thetreecbd.com\/wp-content\/uploads\/2022\/04\/logo-thetree.png\",\"contentUrl\":\"https:\/\/thetreecbd.com\/wp-content\/uploads\/2022\/04\/logo-thetree.png\",\"width\":172,\"height\":55,\"caption\":\"The Tree CBD\"},\"image\":{\"@id\":\"https:\/\/thetreecbd.com\/de#\/schema\/logo\/image\/\"},\"sameAs\":[\"https:\/\/www.facebook.com\/thetreeCBD\/\",\"https:\/\/x.com\/TheTreeCBD_EU\",\"https:\/\/www.instagram.com\/thetree.cbd\/\",\"https:\/\/es.trustpilot.com\/review\/thetreecbd.com\"]}]}<\/script>\n<!-- \/ Yoast SEO plugin. -->","yoast_head_json":{"title":"Indoor-Bl\u00fcten-Pack","description":"Das CBD Indoor-Pack enth\u00e4lt unsere besten Indoor-Sorten: Pistacho, Gelato, Cali Orange und Lemon Tree \u2013 und erm\u00f6glicht es dir, sie zu einem sehr g\u00fcnstigen Preis auszuprobieren.","robots":{"index":"index","follow":"follow","max-snippet":"max-snippet:-1","max-image-preview":"max-image-preview:large","max-video-preview":"max-video-preview:-1"},"canonical":"https:\/\/thetreecbd.com\/de\/cbd\/indoor-bluten-pack-gelato-cali-orange-pistacho-und-lemon-tree","og_locale":"de_DE","og_type":"article","og_title":"Indoor-Bl\u00fcten-Pack","og_description":"Das CBD Indoor-Pack enth\u00e4lt unsere besten Indoor-Sorten: Pistacho, Gelato, Cali Orange und Lemon Tree \u2013 und erm\u00f6glicht es dir, sie zu einem sehr g\u00fcnstigen Preis auszuprobieren.","og_url":"https:\/\/thetreecbd.com\/de\/cbd\/indoor-bluten-pack-gelato-cali-orange-pistacho-und-lemon-tree","og_site_name":"The Tree CBD","article_publisher":"https:\/\/www.facebook.com\/thetreeCBD\/","article_modified_time":"2025-12-02T00:37:51+00:00","og_image":[{"width":595,"height":714,"url":"https:\/\/thetreecbd.com\/wp-content\/uploads\/2023\/01\/pack-indoor-web.png","type":"image\/png"}],"twitter_card":"summary_large_image","twitter_site":"@TheTreeCBD_EU","twitter_misc":{"Gesch\u00e4tzte Lesezeit":"3\u00a0Minuten"},"schema":{"@context":"https:\/\/schema.org","@graph":[{"@type":["WebPage","ItemPage"],"@id":"https:\/\/thetreecbd.com\/de\/cbd\/indoor-bluten-pack-gelato-cali-orange-pistacho-und-lemon-tree","url":"https:\/\/thetreecbd.com\/de\/cbd\/indoor-bluten-pack-gelato-cali-orange-pistacho-und-lemon-tree","name":"Indoor-Bl\u00fcten-Pack","isPartOf":{"@id":"https:\/\/thetreecbd.com\/de#website"},"primaryImageOfPage":{"@id":"https:\/\/thetreecbd.com\/de\/cbd\/indoor-bluten-pack-gelato-cali-orange-pistacho-und-lemon-tree#primaryimage"},"image":{"@id":"https:\/\/thetreecbd.com\/de\/cbd\/indoor-bluten-pack-gelato-cali-orange-pistacho-und-lemon-tree#primaryimage"},"thumbnailUrl":"https:\/\/thetreecbd.com\/wp-content\/uploads\/2023\/01\/pack-indoor-web.png","datePublished":"2023-01-25T15:01:33+00:00","dateModified":"2025-12-02T00:37:51+00:00","description":"Das CBD Indoor-Pack enth\u00e4lt unsere besten Indoor-Sorten: Pistacho, Gelato, Cali Orange und Lemon Tree \u2013 und erm\u00f6glicht es dir, sie zu einem sehr g\u00fcnstigen Preis auszuprobieren.","breadcrumb":{"@id":"https:\/\/thetreecbd.com\/de\/cbd\/indoor-bluten-pack-gelato-cali-orange-pistacho-und-lemon-tree#breadcrumb"},"inLanguage":"de","potentialAction":[{"@type":"ReadAction","target":["https:\/\/thetreecbd.com\/de\/cbd\/indoor-bluten-pack-gelato-cali-orange-pistacho-und-lemon-tree"]}]},{"@type":"ImageObject","inLanguage":"de","@id":"https:\/\/thetreecbd.com\/de\/cbd\/indoor-bluten-pack-gelato-cali-orange-pistacho-und-lemon-tree#primaryimage","url":"https:\/\/thetreecbd.com\/wp-content\/uploads\/2023\/01\/pack-indoor-web.png","contentUrl":"https:\/\/thetreecbd.com\/wp-content\/uploads\/2023\/01\/pack-indoor-web.png","width":595,"height":714},{"@type":"BreadcrumbList","@id":"https:\/\/thetreecbd.com\/de\/cbd\/indoor-bluten-pack-gelato-cali-orange-pistacho-und-lemon-tree#breadcrumb","itemListElement":[{"@type":"ListItem","position":1,"name":"The Tree","item":"https:\/\/thetreecbd.com\/de"},{"@type":"ListItem","position":2,"name":"CBD","item":"https:\/\/thetreecbd.com\/es\/cbd"},{"@type":"ListItem","position":3,"name":"Black Friday","item":"https:\/\/thetreecbd.com\/de\/black-friday-cbd"},{"@type":"ListItem","position":4,"name":"Indoor-Bl\u00fcten-Pack: Gelato, Cali Orange, Pistacho und Lemon Tree"}]},{"@type":"WebSite","@id":"https:\/\/thetreecbd.com\/de#website","url":"https:\/\/thetreecbd.com\/de","name":"The Tree CBD","description":"Comprar CBD en Espa\u00f1a Online","publisher":{"@id":"https:\/\/thetreecbd.com\/de#organization"},"potentialAction":[{"@type":"SearchAction","target":{"@type":"EntryPoint","urlTemplate":"https:\/\/thetreecbd.com\/de?s={search_term_string}"},"query-input":{"@type":"PropertyValueSpecification","valueRequired":true,"valueName":"search_term_string"}}],"inLanguage":"de"},{"@type":"Organization","@id":"https:\/\/thetreecbd.com\/de#organization","name":"The Tree CBD","url":"https:\/\/thetreecbd.com\/de","logo":{"@type":"ImageObject","inLanguage":"de","@id":"https:\/\/thetreecbd.com\/de#\/schema\/logo\/image\/","url":"https:\/\/thetreecbd.com\/wp-content\/uploads\/2022\/04\/logo-thetree.png","contentUrl":"https:\/\/thetreecbd.com\/wp-content\/uploads\/2022\/04\/logo-thetree.png","width":172,"height":55,"caption":"The Tree CBD"},"image":{"@id":"https:\/\/thetreecbd.com\/de#\/schema\/logo\/image\/"},"sameAs":["https:\/\/www.facebook.com\/thetreeCBD\/","https:\/\/x.com\/TheTreeCBD_EU","https:\/\/www.instagram.com\/thetree.cbd\/","https:\/\/es.trustpilot.com\/review\/thetreecbd.com"]}]}},"_links":{"self":[{"href":"https:\/\/thetreecbd.com\/de\/wp-json\/wp\/v2\/product\/166553","targetHints":{"allow":["GET"]}}],"collection":[{"href":"https:\/\/thetreecbd.com\/de\/wp-json\/wp\/v2\/product"}],"about":[{"href":"https:\/\/thetreecbd.com\/de\/wp-json\/wp\/v2\/types\/product"}],"version-history":[{"count":0,"href":"https:\/\/thetreecbd.com\/de\/wp-json\/wp\/v2\/product\/166553\/revisions"}],"wp:featuredmedia":[{"embeddable":true,"href":"https:\/\/thetreecbd.com\/de\/wp-json\/wp\/v2\/media\/166560"}],"wp:attachment":[{"href":"https:\/\/thetreecbd.com\/de\/wp-json\/wp\/v2\/media?parent=166553"}],"wp:term":[{"taxonomy":"product_brand","embeddable":true,"href":"https:\/\/thetreecbd.com\/de\/wp-json\/wp\/v2\/product_brand?post=166553"}],"curies":[{"name":"wp","href":"https:\/\/api.w.org\/{rel}","templated":true}]}}