{"id":166563,"date":"2023-01-24T11:34:23","date_gmt":"2023-01-24T10:34:23","guid":{"rendered":"https:\/\/thetreecbd.com\/cbd\/packs-cbd-pack-greenhouse"},"modified":"2025-09-05T15:54:45","modified_gmt":"2025-09-05T13:54:45","slug":"packs-cbd-pack-greenhouse","status":"publish","type":"product","link":"https:\/\/thetreecbd.com\/de\/cbd\/packs-cbd-pack-greenhouse","title":{"rendered":"Pack Greenhouse: OG Kush, Orange Cookies, Strawberry und Skywalker OG"},"content":{"rendered":"<p>Das <b>CBD Greenhouse Bl\u00fcten-Paket<\/b> enth\u00e4lt unsere besten Gew\u00e4chshaus-Sorten. Ein Paket, das die k\u00f6stlichen <b>OG Kush, Orange Cookies, Strawberry<\/b> und <b>Skywalker OG<\/b> umfasst und sich an diejenigen richtet, die eine erschwinglichere Option suchen, ohne dabei auf Qualit\u00e4t verzichten zu wollen.<\/p>\n<h3>Was gibt es auf der Speisekarte?<\/h3>\n<p>Die <b>OG Kush<\/b> mit einem CBD-Anteil zwischen <b>10% und 11%<\/b> ist zweifellos ein Klassiker, der nie aus der Mode kommt. Diese Sorte mit gut geformten und runden Bl\u00fcten bietet uns ein <b>Aroma mit Noten von Erde, aromatischen Pflanzen und Holz<\/b>. Ihr Aroma ist eines der bemerkenswertesten Merkmale dieser Bl\u00fcte, eine Garantie f\u00fcr Intensit\u00e4t dank ihrer Mischung aus Holz, Zitronennoten und aromatischen Pflanzen. Zweitens bringt uns dieses <b>CBD Greenhouse Paket<\/b> die unvergleichliche <b>Orange Cookies<\/b>, eine Bl\u00fcte mit einem CBD-Anteil zwischen <b>10% und 12%<\/b> und einem kr\u00e4ftigen, umh\u00fcllenden Geruch. <b>Ein s\u00fc\u00dfes Zitrusaroma<\/b>, das an frisch geschnittene reine Orange erinnert. Im Allgemeinen hat diese CBD-Bl\u00fcte ein bitters\u00fc\u00dfes Aroma, das die S\u00e4ure der Orange mit Noten von Kush und die S\u00fc\u00dfe aus sanften, blumigen Erdt\u00f6nen mischt. Daher der Name: s\u00fc\u00df von den <i>Cookies<\/i> und sauer von der Zitrusfrucht. Die k\u00f6stliche <b>Strawberry<\/b> mit einem CBD-Anteil zwischen <b>10% und 12%<\/b> durfte in diesem Paket nicht fehlen. Diese Bl\u00fcte bietet uns ein umh\u00fcllendes, sehr <b>s\u00fc\u00dfes, frisches<\/b> und <b>fruchtiges<\/b> Aroma mit einem offensichtlichen Hauch von Erdbeere, was ihren Namen deutlich macht. Das Aussehen der Bl\u00fcte ist ein sehr dunkles Gr\u00fcn und apikal geformt, als Ergebnis der Anbautechnik der Pflanze. Und schlie\u00dflich k\u00f6nnen Sie in diesem Paket auch das CBD mit der <b>Skywalker OG<\/b> genie\u00dfen. Das <b>s\u00fc\u00dfe und erdige Aroma<\/b> zusammen mit ihrem <b>9,5% CBD-Anteil<\/b> machen diese Bl\u00fcte zu einer ausgezeichneten Option f\u00fcr jeden Moment. Es ist eine visuell sehr gut erkennbare Sorte dank ihrer <b>dichten, runden oder konischen, leuchtend gr\u00fcnen Bl\u00fcten<\/b> mit verbrannten orangefarbenen Haaren, die in eine dicke Trichomschicht eingebettet sind, wobei die Bl\u00fcten tendenziell klebriger und sehr aromatisch sind. Alle unsere Produkte werden <b>zu 100% nat\u00fcrlich<\/b> angebaut, ohne <b>Zusatzstoffe<\/b> oder <b>Pestizide<\/b> jeglicher Art. Da sie weniger als <b>0,20% THC<\/b> enthalten, sind sie au\u00dferdem in ganz <b>Europa<\/b> vollst\u00e4ndig <b>legal<\/b> und haben keinerlei psychoaktive Wirkung.<\/p>\n<p>&nbsp;<\/p>\n<h3>Eigenschaften des CBD Greenhouse Pakets<\/h3>\n<p>&nbsp;<\/p>\n<ul>\n<li>1 <b>OG Kush<\/b> (2gr \/ 5gr)<\/li>\n<li>1 <b>Orange Cookies<\/b> (2gr \/ 5gr)<\/li>\n<li>1 <b>Strawberry<\/b> (2gr \/ 5gr)<\/li>\n<li>1 <b>Skywalker OG<\/b> (2gr \/ 5gr)<\/li>\n<li>Hanfbl\u00fcten<\/li>\n<li>Weniger als <b>0,20% THC<\/b><\/li>\n<li>Keine psychoaktiven Effekte<\/li>\n<li>Biologisch angebaut<\/li>\n<li>GMO-frei<\/li>\n<li>Pestizidfrei<\/li>\n<\/ul>\n<p>&nbsp;<\/p>\n<h3>Komponenten des CBD Greenhouse Pakets<\/h3>\n<p>&nbsp;<\/p>\n<p>Dieses Paket besteht aus 4 verschiedenen Elementen: einem Beutel OG Kush, einem Beutel Orange Cookies, einem Beutel Strawberry und einem Beutel Skywalker OG. Sie k\u00f6nnen es im kleinen Format mit 2-Gramm-Bl\u00fctenbeuteln oder im gr\u00f6\u00dferen Format mit 5-Gramm-Beuteln jeder im Paket enthaltenen Komponente w\u00e4hlen.<\/p>\n<p>&nbsp;<\/p>\n<h3>Zielgruppe<\/h3>\n<p>&nbsp;<\/p>\n<p>Das <b>CBD Greenhouse Paket<\/b> ist ideal f\u00fcr Anwender, die eine erschwinglichere Option bevorzugen, ohne dabei auf Qualit\u00e4t verzichten zu wollen. Dar\u00fcber hinaus bietet dieses Paket die M\u00f6glichkeit, diese Sorte zu einem reduzierten Preis zu erhalten, da es einen <b>10%igen Rabatt<\/b> im Vergleich zum Einzelkauf der Produkte darstellt.<\/p>\n<p>&nbsp;<\/p>\n<h3>Sicherheitsinformationen<\/h3>\n<p>&nbsp;<\/p>\n<p>Dieses Paket enth\u00e4lt nicht-psychoaktive Hanfbl\u00fcten, die aus zertifizierten Samen gewonnen werden, ohne Zusatzstoffe, mit maximal <b>0,2% THC oder einem Psychoaktivit\u00e4tsindex unter 1<\/b>. Cannabis Typ Faser gem\u00e4\u00df UN-Handbuch ST\/NAR 40. Dies ist ein dekoratives, aromatisches und Sammelprodukt. Einnahme, Inhalation oder therapeutische Anwendung sind verboten. Das Unternehmen \u00fcbernimmt keine Verantwortung f\u00fcr eine Nutzung, die gegen das Gesetz oder diese Hinweise verst\u00f6\u00dft. Der Verkauf an Minderj\u00e4hrige ist verboten. Au\u00dferhalb der Reichweite von Kindern aufbewahren. Der bereitgestellte Inhalt dient ausschlie\u00dflich Informations- und Schulungszwecken und ersetzt in keiner Weise die medizinische Beratung durch einen Arzt oder Apotheker. Unsere Texte sind nicht zur eigenst\u00e4ndigen Diagnose und Behandlung von Krankheiten bestimmt. Z\u00f6gern Sie nicht, uns bei weiteren Fragen zu kontaktieren.<\/p>\n<p>&nbsp;<\/p>\n<h3>Lagerung<\/h3>\n<p>&nbsp;<\/p>\n<p>Idealerweise sollten die CBD-Bl\u00fcten und -Harze von The Tree an einem k\u00fchlen, trockenen Ort gelagert werden, gesch\u00fctzt vor Licht und starken Ger\u00fcchen, um jegliche Art von Kontamination und\/oder Degradation zu vermeiden. Direkte Sonneneinstrahlung und Hitze vermeiden.<\/p>\n<p><b>Achtung<\/b>: Die angegebene Haltbarkeit betr\u00e4gt einen Monat bei korrekter Lagerung.<\/p>\n","protected":false},"excerpt":{"rendered":"<ul>\n<li>1 OG Kush (2g \/ 5g)<\/li>\n<li>1 Orange Cookies (2g \/ 5g)<\/li>\n<li>1 Strawberry (2g \/ 5g)<\/li>\n<li>1 Skywalker OG (2g \/ 5g)<\/li>\n<li>Hanfbl\u00fcten<\/li>\n<li>Weniger als 0,20 % <strong>THC<\/strong><\/li>\n<li>Keine psychoaktive Wirkung<\/li>\n<li>Organisch angebaut<\/li>\n<li>GMO-frei<\/li>\n<li>Pestizidfrei<\/li>\n<\/ul>\n","protected":false},"featured_media":186141,"template":"","meta":{"_acf_changed":false},"product_brand":[],"class_list":{"0":"post-166563","1":"product","2":"type-product","3":"status-publish","4":"has-post-thumbnail","6":"product_cat-bluten","7":"product_cat-cbd-pakete","8":"product_cat-produkte-mit-10-cbd","10":"first","11":"outofstock","12":"taxable","13":"shipping-taxable","14":"purchasable","15":"product-type-variable","16":"has-default-attributes"},"acf":[],"yoast_head":"<!-- This site is optimized with the Yoast SEO plugin v26.3 - https:\/\/yoast.com\/wordpress\/plugins\/seo\/ -->\n<title>Pack CBD greenhouse | The Tree CBD<\/title>\n<meta name=\"description\" content=\"Das CBD Greenhouse Pack enth\u00e4lt unsere Gew\u00e4chshaus-Sorten OG Kush, Orange Cookies, Strawberry und Skywalker OG und erm\u00f6glicht dir, diese zu einem sehr erschwinglichen Preis zu probieren.\" \/>\n<meta name=\"robots\" content=\"index, follow, max-snippet:-1, max-image-preview:large, max-video-preview:-1\" \/>\n<link rel=\"canonical\" href=\"https:\/\/thetreecbd.com\/de\/cbd\/packs-cbd-pack-greenhouse\" \/>\n<meta property=\"og:locale\" content=\"de_DE\" \/>\n<meta property=\"og:type\" content=\"article\" \/>\n<meta property=\"og:title\" content=\"Pack CBD greenhouse | The Tree CBD\" \/>\n<meta property=\"og:description\" content=\"Das CBD Greenhouse Pack enth\u00e4lt unsere Gew\u00e4chshaus-Sorten OG Kush, Orange Cookies, Strawberry und Skywalker OG und erm\u00f6glicht dir, diese zu einem sehr erschwinglichen Preis zu probieren.\" \/>\n<meta property=\"og:url\" content=\"https:\/\/thetreecbd.com\/de\/cbd\/packs-cbd-pack-greenhouse\" \/>\n<meta property=\"og:site_name\" content=\"The Tree CBD\" \/>\n<meta property=\"article:publisher\" content=\"https:\/\/www.facebook.com\/thetreeCBD\/\" \/>\n<meta property=\"article:modified_time\" content=\"2025-09-05T13:54:45+00:00\" \/>\n<meta property=\"og:image\" content=\"https:\/\/thetreecbd.com\/wp-content\/uploads\/2023\/02\/pack-greenhouse-cbd-web.png\" \/>\n\t<meta property=\"og:image:width\" content=\"595\" \/>\n\t<meta property=\"og:image:height\" content=\"714\" \/>\n\t<meta property=\"og:image:type\" content=\"image\/png\" \/>\n<meta name=\"twitter:card\" content=\"summary_large_image\" \/>\n<meta name=\"twitter:site\" content=\"@TheTreeCBD_EU\" \/>\n<meta name=\"twitter:label1\" content=\"Gesch\u00e4tzte Lesezeit\" \/>\n\t<meta name=\"twitter:data1\" content=\"3\u00a0Minuten\" \/>\n<script type=\"application\/ld+json\" class=\"yoast-schema-graph\">{\"@context\":\"https:\/\/schema.org\",\"@graph\":[{\"@type\":[\"WebPage\",\"ItemPage\"],\"@id\":\"https:\/\/thetreecbd.com\/de\/cbd\/packs-cbd-pack-greenhouse\",\"url\":\"https:\/\/thetreecbd.com\/de\/cbd\/packs-cbd-pack-greenhouse\",\"name\":\"Pack CBD greenhouse | The Tree CBD\",\"isPartOf\":{\"@id\":\"https:\/\/thetreecbd.com\/de#website\"},\"primaryImageOfPage\":{\"@id\":\"https:\/\/thetreecbd.com\/de\/cbd\/packs-cbd-pack-greenhouse#primaryimage\"},\"image\":{\"@id\":\"https:\/\/thetreecbd.com\/de\/cbd\/packs-cbd-pack-greenhouse#primaryimage\"},\"thumbnailUrl\":\"https:\/\/thetreecbd.com\/wp-content\/uploads\/2023\/01\/greenhousex4-thetree-web.jpg\",\"datePublished\":\"2023-01-24T10:34:23+00:00\",\"dateModified\":\"2025-09-05T13:54:45+00:00\",\"description\":\"Das CBD Greenhouse Pack enth\u00e4lt unsere Gew\u00e4chshaus-Sorten OG Kush, Orange Cookies, Strawberry und Skywalker OG und erm\u00f6glicht dir, diese zu einem sehr erschwinglichen Preis zu probieren.\",\"breadcrumb\":{\"@id\":\"https:\/\/thetreecbd.com\/de\/cbd\/packs-cbd-pack-greenhouse#breadcrumb\"},\"inLanguage\":\"de\",\"potentialAction\":[{\"@type\":\"ReadAction\",\"target\":[\"https:\/\/thetreecbd.com\/de\/cbd\/packs-cbd-pack-greenhouse\"]}]},{\"@type\":\"ImageObject\",\"inLanguage\":\"de\",\"@id\":\"https:\/\/thetreecbd.com\/de\/cbd\/packs-cbd-pack-greenhouse#primaryimage\",\"url\":\"https:\/\/thetreecbd.com\/wp-content\/uploads\/2023\/01\/greenhousex4-thetree-web.jpg\",\"contentUrl\":\"https:\/\/thetreecbd.com\/wp-content\/uploads\/2023\/01\/greenhousex4-thetree-web.jpg\",\"width\":1080,\"height\":1350},{\"@type\":\"BreadcrumbList\",\"@id\":\"https:\/\/thetreecbd.com\/de\/cbd\/packs-cbd-pack-greenhouse#breadcrumb\",\"itemListElement\":[{\"@type\":\"ListItem\",\"position\":1,\"name\":\"The Tree\",\"item\":\"https:\/\/thetreecbd.com\/de\"},{\"@type\":\"ListItem\",\"position\":2,\"name\":\"CBD\",\"item\":\"https:\/\/thetreecbd.com\/es\/cbd\"},{\"@type\":\"ListItem\",\"position\":3,\"name\":\"CBD-Bl\u00fcten kaufen\",\"item\":\"https:\/\/thetreecbd.com\/de\/bluten\"},{\"@type\":\"ListItem\",\"position\":4,\"name\":\"Pack Greenhouse: OG Kush, Orange Cookies, Strawberry und Skywalker OG\"}]},{\"@type\":\"WebSite\",\"@id\":\"https:\/\/thetreecbd.com\/de#website\",\"url\":\"https:\/\/thetreecbd.com\/de\",\"name\":\"The Tree CBD\",\"description\":\"Comprar CBD en Espa\u00f1a Online\",\"publisher\":{\"@id\":\"https:\/\/thetreecbd.com\/de#organization\"},\"potentialAction\":[{\"@type\":\"SearchAction\",\"target\":{\"@type\":\"EntryPoint\",\"urlTemplate\":\"https:\/\/thetreecbd.com\/de?s={search_term_string}\"},\"query-input\":{\"@type\":\"PropertyValueSpecification\",\"valueRequired\":true,\"valueName\":\"search_term_string\"}}],\"inLanguage\":\"de\"},{\"@type\":\"Organization\",\"@id\":\"https:\/\/thetreecbd.com\/de#organization\",\"name\":\"The Tree CBD\",\"url\":\"https:\/\/thetreecbd.com\/de\",\"logo\":{\"@type\":\"ImageObject\",\"inLanguage\":\"de\",\"@id\":\"https:\/\/thetreecbd.com\/de#\/schema\/logo\/image\/\",\"url\":\"https:\/\/thetreecbd.com\/wp-content\/uploads\/2022\/04\/logo-thetree.png\",\"contentUrl\":\"https:\/\/thetreecbd.com\/wp-content\/uploads\/2022\/04\/logo-thetree.png\",\"width\":172,\"height\":55,\"caption\":\"The Tree CBD\"},\"image\":{\"@id\":\"https:\/\/thetreecbd.com\/de#\/schema\/logo\/image\/\"},\"sameAs\":[\"https:\/\/www.facebook.com\/thetreeCBD\/\",\"https:\/\/x.com\/TheTreeCBD_EU\",\"https:\/\/www.instagram.com\/thetree.cbd\/\",\"https:\/\/es.trustpilot.com\/review\/thetreecbd.com\"]}]}<\/script>\n<!-- \/ Yoast SEO plugin. -->","yoast_head_json":{"title":"Pack CBD greenhouse | The Tree CBD","description":"Das CBD Greenhouse Pack enth\u00e4lt unsere Gew\u00e4chshaus-Sorten OG Kush, Orange Cookies, Strawberry und Skywalker OG und erm\u00f6glicht dir, diese zu einem sehr erschwinglichen Preis zu probieren.","robots":{"index":"index","follow":"follow","max-snippet":"max-snippet:-1","max-image-preview":"max-image-preview:large","max-video-preview":"max-video-preview:-1"},"canonical":"https:\/\/thetreecbd.com\/de\/cbd\/packs-cbd-pack-greenhouse","og_locale":"de_DE","og_type":"article","og_title":"Pack CBD greenhouse | The Tree CBD","og_description":"Das CBD Greenhouse Pack enth\u00e4lt unsere Gew\u00e4chshaus-Sorten OG Kush, Orange Cookies, Strawberry und Skywalker OG und erm\u00f6glicht dir, diese zu einem sehr erschwinglichen Preis zu probieren.","og_url":"https:\/\/thetreecbd.com\/de\/cbd\/packs-cbd-pack-greenhouse","og_site_name":"The Tree CBD","article_publisher":"https:\/\/www.facebook.com\/thetreeCBD\/","article_modified_time":"2025-09-05T13:54:45+00:00","og_image":[{"width":595,"height":714,"url":"https:\/\/thetreecbd.com\/wp-content\/uploads\/2023\/02\/pack-greenhouse-cbd-web.png","type":"image\/png"}],"twitter_card":"summary_large_image","twitter_site":"@TheTreeCBD_EU","twitter_misc":{"Gesch\u00e4tzte Lesezeit":"3\u00a0Minuten"},"schema":{"@context":"https:\/\/schema.org","@graph":[{"@type":["WebPage","ItemPage"],"@id":"https:\/\/thetreecbd.com\/de\/cbd\/packs-cbd-pack-greenhouse","url":"https:\/\/thetreecbd.com\/de\/cbd\/packs-cbd-pack-greenhouse","name":"Pack CBD greenhouse | The Tree CBD","isPartOf":{"@id":"https:\/\/thetreecbd.com\/de#website"},"primaryImageOfPage":{"@id":"https:\/\/thetreecbd.com\/de\/cbd\/packs-cbd-pack-greenhouse#primaryimage"},"image":{"@id":"https:\/\/thetreecbd.com\/de\/cbd\/packs-cbd-pack-greenhouse#primaryimage"},"thumbnailUrl":"https:\/\/thetreecbd.com\/wp-content\/uploads\/2023\/01\/greenhousex4-thetree-web.jpg","datePublished":"2023-01-24T10:34:23+00:00","dateModified":"2025-09-05T13:54:45+00:00","description":"Das CBD Greenhouse Pack enth\u00e4lt unsere Gew\u00e4chshaus-Sorten OG Kush, Orange Cookies, Strawberry und Skywalker OG und erm\u00f6glicht dir, diese zu einem sehr erschwinglichen Preis zu probieren.","breadcrumb":{"@id":"https:\/\/thetreecbd.com\/de\/cbd\/packs-cbd-pack-greenhouse#breadcrumb"},"inLanguage":"de","potentialAction":[{"@type":"ReadAction","target":["https:\/\/thetreecbd.com\/de\/cbd\/packs-cbd-pack-greenhouse"]}]},{"@type":"ImageObject","inLanguage":"de","@id":"https:\/\/thetreecbd.com\/de\/cbd\/packs-cbd-pack-greenhouse#primaryimage","url":"https:\/\/thetreecbd.com\/wp-content\/uploads\/2023\/01\/greenhousex4-thetree-web.jpg","contentUrl":"https:\/\/thetreecbd.com\/wp-content\/uploads\/2023\/01\/greenhousex4-thetree-web.jpg","width":1080,"height":1350},{"@type":"BreadcrumbList","@id":"https:\/\/thetreecbd.com\/de\/cbd\/packs-cbd-pack-greenhouse#breadcrumb","itemListElement":[{"@type":"ListItem","position":1,"name":"The Tree","item":"https:\/\/thetreecbd.com\/de"},{"@type":"ListItem","position":2,"name":"CBD","item":"https:\/\/thetreecbd.com\/es\/cbd"},{"@type":"ListItem","position":3,"name":"CBD-Bl\u00fcten kaufen","item":"https:\/\/thetreecbd.com\/de\/bluten"},{"@type":"ListItem","position":4,"name":"Pack Greenhouse: OG Kush, Orange Cookies, Strawberry und Skywalker OG"}]},{"@type":"WebSite","@id":"https:\/\/thetreecbd.com\/de#website","url":"https:\/\/thetreecbd.com\/de","name":"The Tree CBD","description":"Comprar CBD en Espa\u00f1a Online","publisher":{"@id":"https:\/\/thetreecbd.com\/de#organization"},"potentialAction":[{"@type":"SearchAction","target":{"@type":"EntryPoint","urlTemplate":"https:\/\/thetreecbd.com\/de?s={search_term_string}"},"query-input":{"@type":"PropertyValueSpecification","valueRequired":true,"valueName":"search_term_string"}}],"inLanguage":"de"},{"@type":"Organization","@id":"https:\/\/thetreecbd.com\/de#organization","name":"The Tree CBD","url":"https:\/\/thetreecbd.com\/de","logo":{"@type":"ImageObject","inLanguage":"de","@id":"https:\/\/thetreecbd.com\/de#\/schema\/logo\/image\/","url":"https:\/\/thetreecbd.com\/wp-content\/uploads\/2022\/04\/logo-thetree.png","contentUrl":"https:\/\/thetreecbd.com\/wp-content\/uploads\/2022\/04\/logo-thetree.png","width":172,"height":55,"caption":"The Tree CBD"},"image":{"@id":"https:\/\/thetreecbd.com\/de#\/schema\/logo\/image\/"},"sameAs":["https:\/\/www.facebook.com\/thetreeCBD\/","https:\/\/x.com\/TheTreeCBD_EU","https:\/\/www.instagram.com\/thetree.cbd\/","https:\/\/es.trustpilot.com\/review\/thetreecbd.com"]}]}},"_links":{"self":[{"href":"https:\/\/thetreecbd.com\/de\/wp-json\/wp\/v2\/product\/166563","targetHints":{"allow":["GET"]}}],"collection":[{"href":"https:\/\/thetreecbd.com\/de\/wp-json\/wp\/v2\/product"}],"about":[{"href":"https:\/\/thetreecbd.com\/de\/wp-json\/wp\/v2\/types\/product"}],"version-history":[{"count":0,"href":"https:\/\/thetreecbd.com\/de\/wp-json\/wp\/v2\/product\/166563\/revisions"}],"wp:featuredmedia":[{"embeddable":true,"href":"https:\/\/thetreecbd.com\/de\/wp-json\/wp\/v2\/media\/186141"}],"wp:attachment":[{"href":"https:\/\/thetreecbd.com\/de\/wp-json\/wp\/v2\/media?parent=166563"}],"wp:term":[{"taxonomy":"product_brand","embeddable":true,"href":"https:\/\/thetreecbd.com\/de\/wp-json\/wp\/v2\/product_brand?post=166563"}],"curies":[{"name":"wp","href":"https:\/\/api.w.org\/{rel}","templated":true}]}}