{"id":166573,"date":"2023-01-24T11:02:58","date_gmt":"2023-01-24T10:02:58","guid":{"rendered":"https:\/\/thetreecbd.com\/cbd\/packs-cbd-pack-outdoor"},"modified":"2025-07-11T15:43:41","modified_gmt":"2025-07-11T13:43:41","slug":"packs-cbd-pack-outdoor","status":"publish","type":"product","link":"https:\/\/thetreecbd.com\/de\/cbd\/packs-cbd-pack-outdoor","title":{"rendered":"Pack Outdoor: Sweet Island Skunk, Super Boof y Matterhorn"},"content":{"rendered":"<p>Das <b>CBD Outdoor Paket<\/b> besteht aus 3 unserer beliebtesten Sorten f\u00fcr Personen, die eine g\u00fcnstigere Option suchen. Dieses <b>CBD Outdoor Paket<\/b>, das f\u00fcr jedes Budget geeignet ist, enth\u00e4lt unsere <b>Sweet Island Skunk, unsere Green Cure<\/b> und unsere <b>Matterhorn CBG<\/b>.<\/p>\n<p>&nbsp;<\/p>\n<h3>Was finden Sie in diesem Paket?<\/h3>\n<p>&nbsp;<\/p>\n<p>Die <b>Sweet Island Skunk<\/b>, mit einem CBD-Anteil zwischen <b>12% und 14%<\/b>, ist dank ihres Aromas, einer charakteristischen Mischung aus sauer und s\u00fc\u00df, leicht erkennbar. Das saure Aroma dieser Bl\u00fcte kann an Petroleum erinnern; w\u00e4hrend der s\u00fc\u00dfe Teil, wie der Name schon sagt, an Frischk\u00e4se erinnern k\u00f6nnte. Dar\u00fcber hinaus verl\u00e4uft das Aroma der Sweet Island Skunk in einen <b>cremig-s\u00fc\u00dfen Hauch<\/b>, der ihr K\u00f6rper und Intensit\u00e4t verleiht. Was das Aussehen der Bl\u00fcte betrifft, so finden wir schokoladige Nuancen mit erdigen, orangen und wei\u00dfen T\u00f6nen, wie die von Frischk\u00e4se.<\/p>\n<p>Innerhalb dieses <b>CBD Outdoor Pakets<\/b> k\u00f6nnen Sie auch die beliebte <b>Super Boof<\/b> genie\u00dfen. Mit <b>11% CBD<\/b> haben die Bl\u00fcten dieser Genetik ein intensives Aroma, in dem <b>fruchtige Nuancen<\/b>, insbesondere tropische Fr\u00fcchte, hervorstechen. Ihr intensiver Geruch erg\u00e4nzt zweifellos Ihr CBD-Erlebnis.<\/p>\n<p>Und zu guter Letzt k\u00f6nnen Sie in diesem Paket auch die <b>Matterhorn<\/b> probieren, die zwischen <b>12% und 14% CBG<\/b> enth\u00e4lt, mit silbrigen Trichomen, die die leuchtend gr\u00fcnen Hanfknospen bedecken. Eine neue und exklusive Sorte mit einem unverwechselbaren und milden <b>Aroma von Nuss und Gras<\/b>.<\/p>\n<p>Alle unsere Produkte werden <b>im Freien zu 100% nat\u00fcrlich<\/b> angebaut, ohne <b>Zusatzstoffe<\/b> oder <b>Pestizide<\/b> jeglicher Art. Da sie weniger als <b>0,20% THC<\/b> enthalten, sind sie au\u00dferdem in ganz <b>Europa<\/b> vollst\u00e4ndig <b>legal<\/b> und haben keinerlei psychoaktive Wirkung.<\/p>\n<p>&nbsp;<\/p>\n<h3>Eigenschaften des CBD Outdoor Pakets<\/h3>\n<p>&nbsp;<\/p>\n<ul>\n<li>1 <b>Sweet Island Skunk<\/b> (2gr \/ 5gr)<\/li>\n<li>1 <b>Super Boof<\/b> (3gr \/ 5gr)<\/li>\n<li>1 <b>Matterhorn<\/b> (3gr \/ 5gr)<\/li>\n<li>Hanfbl\u00fcten<\/li>\n<li>Weniger als <b>0,20% THC<\/b><\/li>\n<li>Keine psychoaktiven Effekte<\/li>\n<li>Biologisch angebaut<\/li>\n<li>GMO-frei<\/li>\n<li>Pestizidfrei<\/li>\n<\/ul>\n<p>&nbsp;<\/p>\n<h3>Komponenten des CBD Outdoor Pakets<\/h3>\n<p>&nbsp;<\/p>\n<p>Dieses Paket besteht aus 3 verschiedenen Elementen: einem Beutel Sweet Island Skunk, einem Beutel Green Cure und einem Beutel Matterhorn. Sie k\u00f6nnen es im kleinen Format mit 2-Gramm-Bl\u00fctenbeuteln oder im gr\u00f6\u00dferen Format mit 5-Gramm-Beuteln jeder im Paket enthaltenen Komponente w\u00e4hlen.<\/p>\n<p>&nbsp;<\/p>\n<h3>Zielgruppe<\/h3>\n<p>&nbsp;<\/p>\n<p>Das <b>CBD Outdoor Paket<\/b> ist ideal f\u00fcr Anwender, die eine erschwinglichere und auf ihr Budget abgestimmte Option bevorzugen. Dar\u00fcber hinaus bietet dieses Paket die M\u00f6glichkeit, diese Sorte zu einem reduzierten Preis zu erhalten, da es einen <b>10%igen Rabatt<\/b> im Vergleich zum Einzelkauf der Produkte darstellt.<\/p>\n<p>&nbsp;<\/p>\n<h3>Sicherheitsinformationen<\/h3>\n<p>&nbsp;<\/p>\n<p>Dieses Paket enth\u00e4lt nicht-psychoaktive Bl\u00fcten, die aus zertifizierten Samen gewonnen werden, ohne Zusatzstoffe, mit maximal <b>0,2% THC oder einem Psychoaktivit\u00e4tsindex unter 1<\/b>. Cannabis Typ Faser gem\u00e4\u00df UN-Handbuch ST\/NAR 40. Dies ist ein dekoratives, aromatisches und Sammelprodukt. Einnahme, Inhalation oder therapeutische Anwendung sind verboten. Das Unternehmen \u00fcbernimmt keine Verantwortung f\u00fcr eine Nutzung, die gegen das Gesetz oder diese Hinweise verst\u00f6\u00dft. Der Verkauf an Minderj\u00e4hrige ist verboten. Au\u00dferhalb der Reichweite von Kindern aufbewahren. Der bereitgestellte Inhalt dient ausschlie\u00dflich Informations- und Schulungszwecken und ersetzt in keiner Weise die medizinische Beratung durch einen Arzt oder Apotheker. Unsere Texte sind nicht zur eigenst\u00e4ndigen Diagnose und Behandlung von Krankheiten bestimmt. Z\u00f6gern Sie nicht, uns bei weiteren Fragen zu kontaktieren.<\/p>\n<p>&nbsp;<\/p>\n<h3>Lagerung<\/h3>\n<p>&nbsp;<\/p>\n<p>Idealweise sollten die CBD-Bl\u00fcten und -Harze von The Tree an einem k\u00fchlen, trockenen Ort gelagert werden, gesch\u00fctzt vor Licht und starken Ger\u00fcchen, um jegliche Art von Kontamination und\/oder Degradation zu vermeiden. Direkte Sonneneinstrahlung und Hitze vermeiden.<\/p>\n<p><b>Achtung<\/b>: Die angegebene Haltbarkeit betr\u00e4gt einen Monat bei korrekter Lagerung.<\/p>\n","protected":false},"excerpt":{"rendered":"<ul>\n<li>1 Sweet Island Skunk (2g \/ 5g)<\/li>\n<li>1 Super Boof (2g \/ 5g)<\/li>\n<li>1 Matterhorn (2g \/ 5g)<\/li>\n<li>Hanffloren<\/li>\n<li>Weniger als 0,20 % <strong>THC<\/strong><\/li>\n<li>Keine psychoaktive Wirkung<\/li>\n<li>Organisch angebaut<\/li>\n<li>GMO-frei<\/li>\n<li>Pestizidfrei<\/li>\n<\/ul>\n","protected":false},"featured_media":166577,"template":"","meta":{"_acf_changed":false},"product_brand":[],"class_list":{"0":"post-166573","1":"product","2":"type-product","3":"status-publish","4":"has-post-thumbnail","6":"product_cat-outdoor-anbau","7":"product_cat-bluten","8":"product_cat-cbd-pakete","9":"product_cat-produkte-mit-10-cbd","11":"first","12":"instock","13":"taxable","14":"shipping-taxable","15":"purchasable","16":"product-type-variable","17":"has-default-attributes"},"acf":[],"yoast_head":"<!-- This site is optimized with the Yoast SEO plugin v26.3 - https:\/\/yoast.com\/wordpress\/plugins\/seo\/ -->\n<title>Pack CBD outdoor | The Tree CBD<\/title>\n<meta name=\"description\" content=\"ChatGPT said: Das CBD Outdoor Pack enth\u00e4lt unsere Outdoor-Sorten Sweet Island Skunk, Green Cure und Matterhorn und erm\u00f6glicht dir, diese zu einem sehr erschwinglichen Preis zu probieren.\" \/>\n<meta name=\"robots\" content=\"index, follow, max-snippet:-1, max-image-preview:large, max-video-preview:-1\" \/>\n<link rel=\"canonical\" href=\"https:\/\/thetreecbd.com\/de\/cbd\/packs-cbd-pack-outdoor\" \/>\n<meta property=\"og:locale\" content=\"de_DE\" \/>\n<meta property=\"og:type\" content=\"article\" \/>\n<meta property=\"og:title\" content=\"Pack CBD outdoor | The Tree CBD\" \/>\n<meta property=\"og:description\" content=\"ChatGPT said: Das CBD Outdoor Pack enth\u00e4lt unsere Outdoor-Sorten Sweet Island Skunk, Green Cure und Matterhorn und erm\u00f6glicht dir, diese zu einem sehr erschwinglichen Preis zu probieren.\" \/>\n<meta property=\"og:url\" content=\"https:\/\/thetreecbd.com\/de\/cbd\/packs-cbd-pack-outdoor\" \/>\n<meta property=\"og:site_name\" content=\"The Tree CBD\" \/>\n<meta property=\"article:publisher\" content=\"https:\/\/www.facebook.com\/thetreeCBD\/\" \/>\n<meta property=\"article:modified_time\" content=\"2025-07-11T13:43:41+00:00\" \/>\n<meta property=\"og:image\" content=\"https:\/\/thetreecbd.com\/wp-content\/uploads\/2023\/12\/pack-outdoor-cbd.png\" \/>\n\t<meta property=\"og:image:width\" content=\"600\" \/>\n\t<meta property=\"og:image:height\" content=\"720\" \/>\n\t<meta property=\"og:image:type\" content=\"image\/png\" \/>\n<meta name=\"twitter:card\" content=\"summary_large_image\" \/>\n<meta name=\"twitter:site\" content=\"@TheTreeCBD_EU\" \/>\n<meta name=\"twitter:label1\" content=\"Gesch\u00e4tzte Lesezeit\" \/>\n\t<meta name=\"twitter:data1\" content=\"3\u00a0Minuten\" \/>\n<script type=\"application\/ld+json\" class=\"yoast-schema-graph\">{\"@context\":\"https:\/\/schema.org\",\"@graph\":[{\"@type\":[\"WebPage\",\"ItemPage\"],\"@id\":\"https:\/\/thetreecbd.com\/de\/cbd\/packs-cbd-pack-outdoor\",\"url\":\"https:\/\/thetreecbd.com\/de\/cbd\/packs-cbd-pack-outdoor\",\"name\":\"Pack CBD outdoor | The Tree CBD\",\"isPartOf\":{\"@id\":\"https:\/\/thetreecbd.com\/de#website\"},\"primaryImageOfPage\":{\"@id\":\"https:\/\/thetreecbd.com\/de\/cbd\/packs-cbd-pack-outdoor#primaryimage\"},\"image\":{\"@id\":\"https:\/\/thetreecbd.com\/de\/cbd\/packs-cbd-pack-outdoor#primaryimage\"},\"thumbnailUrl\":\"https:\/\/thetreecbd.com\/wp-content\/uploads\/2023\/12\/pack-outdoor-cbd.png\",\"datePublished\":\"2023-01-24T10:02:58+00:00\",\"dateModified\":\"2025-07-11T13:43:41+00:00\",\"description\":\"ChatGPT said: Das CBD Outdoor Pack enth\u00e4lt unsere Outdoor-Sorten Sweet Island Skunk, Green Cure und Matterhorn und erm\u00f6glicht dir, diese zu einem sehr erschwinglichen Preis zu probieren.\",\"breadcrumb\":{\"@id\":\"https:\/\/thetreecbd.com\/de\/cbd\/packs-cbd-pack-outdoor#breadcrumb\"},\"inLanguage\":\"de\",\"potentialAction\":[{\"@type\":\"ReadAction\",\"target\":[\"https:\/\/thetreecbd.com\/de\/cbd\/packs-cbd-pack-outdoor\"]}]},{\"@type\":\"ImageObject\",\"inLanguage\":\"de\",\"@id\":\"https:\/\/thetreecbd.com\/de\/cbd\/packs-cbd-pack-outdoor#primaryimage\",\"url\":\"https:\/\/thetreecbd.com\/wp-content\/uploads\/2023\/12\/pack-outdoor-cbd.png\",\"contentUrl\":\"https:\/\/thetreecbd.com\/wp-content\/uploads\/2023\/12\/pack-outdoor-cbd.png\",\"width\":600,\"height\":720},{\"@type\":\"BreadcrumbList\",\"@id\":\"https:\/\/thetreecbd.com\/de\/cbd\/packs-cbd-pack-outdoor#breadcrumb\",\"itemListElement\":[{\"@type\":\"ListItem\",\"position\":1,\"name\":\"The Tree\",\"item\":\"https:\/\/thetreecbd.com\/de\"},{\"@type\":\"ListItem\",\"position\":2,\"name\":\"CBD\",\"item\":\"https:\/\/thetreecbd.com\/es\/cbd\"},{\"@type\":\"ListItem\",\"position\":3,\"name\":\"CBD-Bl\u00fcten kaufen\",\"item\":\"https:\/\/thetreecbd.com\/de\/bluten\"},{\"@type\":\"ListItem\",\"position\":4,\"name\":\"Bl\u00fcten aus Outdoor-Anbau\",\"item\":\"https:\/\/thetreecbd.com\/de\/bluten\/outdoor-anbau\"},{\"@type\":\"ListItem\",\"position\":5,\"name\":\"Pack Outdoor: Sweet Island Skunk, Super Boof y Matterhorn\"}]},{\"@type\":\"WebSite\",\"@id\":\"https:\/\/thetreecbd.com\/de#website\",\"url\":\"https:\/\/thetreecbd.com\/de\",\"name\":\"The Tree CBD\",\"description\":\"Comprar CBD en Espa\u00f1a Online\",\"publisher\":{\"@id\":\"https:\/\/thetreecbd.com\/de#organization\"},\"potentialAction\":[{\"@type\":\"SearchAction\",\"target\":{\"@type\":\"EntryPoint\",\"urlTemplate\":\"https:\/\/thetreecbd.com\/de?s={search_term_string}\"},\"query-input\":{\"@type\":\"PropertyValueSpecification\",\"valueRequired\":true,\"valueName\":\"search_term_string\"}}],\"inLanguage\":\"de\"},{\"@type\":\"Organization\",\"@id\":\"https:\/\/thetreecbd.com\/de#organization\",\"name\":\"The Tree CBD\",\"url\":\"https:\/\/thetreecbd.com\/de\",\"logo\":{\"@type\":\"ImageObject\",\"inLanguage\":\"de\",\"@id\":\"https:\/\/thetreecbd.com\/de#\/schema\/logo\/image\/\",\"url\":\"https:\/\/thetreecbd.com\/wp-content\/uploads\/2022\/04\/logo-thetree.png\",\"contentUrl\":\"https:\/\/thetreecbd.com\/wp-content\/uploads\/2022\/04\/logo-thetree.png\",\"width\":172,\"height\":55,\"caption\":\"The Tree CBD\"},\"image\":{\"@id\":\"https:\/\/thetreecbd.com\/de#\/schema\/logo\/image\/\"},\"sameAs\":[\"https:\/\/www.facebook.com\/thetreeCBD\/\",\"https:\/\/x.com\/TheTreeCBD_EU\",\"https:\/\/www.instagram.com\/thetree.cbd\/\",\"https:\/\/es.trustpilot.com\/review\/thetreecbd.com\"]}]}<\/script>\n<!-- \/ Yoast SEO plugin. -->","yoast_head_json":{"title":"Pack CBD outdoor | The Tree CBD","description":"ChatGPT said: Das CBD Outdoor Pack enth\u00e4lt unsere Outdoor-Sorten Sweet Island Skunk, Green Cure und Matterhorn und erm\u00f6glicht dir, diese zu einem sehr erschwinglichen Preis zu probieren.","robots":{"index":"index","follow":"follow","max-snippet":"max-snippet:-1","max-image-preview":"max-image-preview:large","max-video-preview":"max-video-preview:-1"},"canonical":"https:\/\/thetreecbd.com\/de\/cbd\/packs-cbd-pack-outdoor","og_locale":"de_DE","og_type":"article","og_title":"Pack CBD outdoor | The Tree CBD","og_description":"ChatGPT said: Das CBD Outdoor Pack enth\u00e4lt unsere Outdoor-Sorten Sweet Island Skunk, Green Cure und Matterhorn und erm\u00f6glicht dir, diese zu einem sehr erschwinglichen Preis zu probieren.","og_url":"https:\/\/thetreecbd.com\/de\/cbd\/packs-cbd-pack-outdoor","og_site_name":"The Tree CBD","article_publisher":"https:\/\/www.facebook.com\/thetreeCBD\/","article_modified_time":"2025-07-11T13:43:41+00:00","og_image":[{"width":600,"height":720,"url":"https:\/\/thetreecbd.com\/wp-content\/uploads\/2023\/12\/pack-outdoor-cbd.png","type":"image\/png"}],"twitter_card":"summary_large_image","twitter_site":"@TheTreeCBD_EU","twitter_misc":{"Gesch\u00e4tzte Lesezeit":"3\u00a0Minuten"},"schema":{"@context":"https:\/\/schema.org","@graph":[{"@type":["WebPage","ItemPage"],"@id":"https:\/\/thetreecbd.com\/de\/cbd\/packs-cbd-pack-outdoor","url":"https:\/\/thetreecbd.com\/de\/cbd\/packs-cbd-pack-outdoor","name":"Pack CBD outdoor | The Tree CBD","isPartOf":{"@id":"https:\/\/thetreecbd.com\/de#website"},"primaryImageOfPage":{"@id":"https:\/\/thetreecbd.com\/de\/cbd\/packs-cbd-pack-outdoor#primaryimage"},"image":{"@id":"https:\/\/thetreecbd.com\/de\/cbd\/packs-cbd-pack-outdoor#primaryimage"},"thumbnailUrl":"https:\/\/thetreecbd.com\/wp-content\/uploads\/2023\/12\/pack-outdoor-cbd.png","datePublished":"2023-01-24T10:02:58+00:00","dateModified":"2025-07-11T13:43:41+00:00","description":"ChatGPT said: Das CBD Outdoor Pack enth\u00e4lt unsere Outdoor-Sorten Sweet Island Skunk, Green Cure und Matterhorn und erm\u00f6glicht dir, diese zu einem sehr erschwinglichen Preis zu probieren.","breadcrumb":{"@id":"https:\/\/thetreecbd.com\/de\/cbd\/packs-cbd-pack-outdoor#breadcrumb"},"inLanguage":"de","potentialAction":[{"@type":"ReadAction","target":["https:\/\/thetreecbd.com\/de\/cbd\/packs-cbd-pack-outdoor"]}]},{"@type":"ImageObject","inLanguage":"de","@id":"https:\/\/thetreecbd.com\/de\/cbd\/packs-cbd-pack-outdoor#primaryimage","url":"https:\/\/thetreecbd.com\/wp-content\/uploads\/2023\/12\/pack-outdoor-cbd.png","contentUrl":"https:\/\/thetreecbd.com\/wp-content\/uploads\/2023\/12\/pack-outdoor-cbd.png","width":600,"height":720},{"@type":"BreadcrumbList","@id":"https:\/\/thetreecbd.com\/de\/cbd\/packs-cbd-pack-outdoor#breadcrumb","itemListElement":[{"@type":"ListItem","position":1,"name":"The Tree","item":"https:\/\/thetreecbd.com\/de"},{"@type":"ListItem","position":2,"name":"CBD","item":"https:\/\/thetreecbd.com\/es\/cbd"},{"@type":"ListItem","position":3,"name":"CBD-Bl\u00fcten kaufen","item":"https:\/\/thetreecbd.com\/de\/bluten"},{"@type":"ListItem","position":4,"name":"Bl\u00fcten aus Outdoor-Anbau","item":"https:\/\/thetreecbd.com\/de\/bluten\/outdoor-anbau"},{"@type":"ListItem","position":5,"name":"Pack Outdoor: Sweet Island Skunk, Super Boof y Matterhorn"}]},{"@type":"WebSite","@id":"https:\/\/thetreecbd.com\/de#website","url":"https:\/\/thetreecbd.com\/de","name":"The Tree CBD","description":"Comprar CBD en Espa\u00f1a Online","publisher":{"@id":"https:\/\/thetreecbd.com\/de#organization"},"potentialAction":[{"@type":"SearchAction","target":{"@type":"EntryPoint","urlTemplate":"https:\/\/thetreecbd.com\/de?s={search_term_string}"},"query-input":{"@type":"PropertyValueSpecification","valueRequired":true,"valueName":"search_term_string"}}],"inLanguage":"de"},{"@type":"Organization","@id":"https:\/\/thetreecbd.com\/de#organization","name":"The Tree CBD","url":"https:\/\/thetreecbd.com\/de","logo":{"@type":"ImageObject","inLanguage":"de","@id":"https:\/\/thetreecbd.com\/de#\/schema\/logo\/image\/","url":"https:\/\/thetreecbd.com\/wp-content\/uploads\/2022\/04\/logo-thetree.png","contentUrl":"https:\/\/thetreecbd.com\/wp-content\/uploads\/2022\/04\/logo-thetree.png","width":172,"height":55,"caption":"The Tree CBD"},"image":{"@id":"https:\/\/thetreecbd.com\/de#\/schema\/logo\/image\/"},"sameAs":["https:\/\/www.facebook.com\/thetreeCBD\/","https:\/\/x.com\/TheTreeCBD_EU","https:\/\/www.instagram.com\/thetree.cbd\/","https:\/\/es.trustpilot.com\/review\/thetreecbd.com"]}]}},"_links":{"self":[{"href":"https:\/\/thetreecbd.com\/de\/wp-json\/wp\/v2\/product\/166573","targetHints":{"allow":["GET"]}}],"collection":[{"href":"https:\/\/thetreecbd.com\/de\/wp-json\/wp\/v2\/product"}],"about":[{"href":"https:\/\/thetreecbd.com\/de\/wp-json\/wp\/v2\/types\/product"}],"version-history":[{"count":0,"href":"https:\/\/thetreecbd.com\/de\/wp-json\/wp\/v2\/product\/166573\/revisions"}],"wp:featuredmedia":[{"embeddable":true,"href":"https:\/\/thetreecbd.com\/de\/wp-json\/wp\/v2\/media\/166577"}],"wp:attachment":[{"href":"https:\/\/thetreecbd.com\/de\/wp-json\/wp\/v2\/media?parent=166573"}],"wp:term":[{"taxonomy":"product_brand","embeddable":true,"href":"https:\/\/thetreecbd.com\/de\/wp-json\/wp\/v2\/product_brand?post=166573"}],"curies":[{"name":"wp","href":"https:\/\/api.w.org\/{rel}","templated":true}]}}