{"id":166586,"date":"2018-12-31T10:33:47","date_gmt":"2018-12-31T09:33:47","guid":{"rendered":"https:\/\/thetreecbd.com\/cbd\/cbd-ol-und-sportbalsam-pack"},"modified":"2025-11-13T11:22:17","modified_gmt":"2025-11-13T10:22:17","slug":"cbd-ol-und-sportbalsam-pack","status":"publish","type":"product","link":"https:\/\/thetreecbd.com\/de\/cbd\/cbd-ol-und-sportbalsam-pack","title":{"rendered":"CBD-\u00d6l- und Sportbalsam-Pack"},"content":{"rendered":"<article class=\"text-token-text-primary w-full\" dir=\"auto\" data-testid=\"conversation-turn-24\" data-scroll-anchor=\"true\">\n<div class=\"text-base my-auto mx-auto py-5 [--thread-content-margin:--spacing(4)] @[37rem]:[--thread-content-margin:--spacing(6)] @[72rem]:[--thread-content-margin:--spacing(16)] px-(--thread-content-margin)\">\n<div class=\"[--thread-content-max-width:32rem] @[34rem]:[--thread-content-max-width:40rem] @[64rem]:[--thread-content-max-width:48rem] mx-auto flex max-w-(--thread-content-max-width) flex-1 text-base gap-4 md:gap-5 lg:gap-6 group\/turn-messages focus-visible:outline-hidden\" tabindex=\"-1\">\n<div class=\"group\/conversation-turn relative flex w-full min-w-0 flex-col agent-turn\">\n<div class=\"relative flex-col gap-1 md:gap-3\">\n<div class=\"flex max-w-full flex-col grow\">\n<div class=\"min-h-8 text-message relative flex w-full flex-col items-end gap-2 text-start break-words whitespace-normal [.text-message+&amp;]:mt-5\" dir=\"auto\" data-message-author-role=\"assistant\" data-message-id=\"4ebbe599-a5c6-40ef-a88c-a10f44657e4f\" data-message-model-slug=\"gpt-4o\">\n<div class=\"flex w-full flex-col gap-1 empty:hidden first:pt-[3px]\">\n<div class=\"markdown prose dark:prose-invert w-full break-words dark\">\n<p data-start=\"0\" data-end=\"35\"><strong data-start=\"0\" data-end=\"35\">CBD-\u00d6l- und Sportbalsam-Packung<\/strong><\/p>\n<p data-start=\"37\" data-end=\"244\">Mit diesem CBD-Set aus \u00d6l und Balsam erh\u00e4ltst du unsere beiden Top-Produkte zur Entspannung: ein 5%iges CBD-\u00d6l und unseren Sportbalsam. Beide Produkte sind 100\u202f% nat\u00fcrlich und stammen aus \u00f6kologischem Anbau.<\/p>\n<p data-start=\"246\" data-end=\"520\">Der CBD-Sportbalsam basiert auf Hanf\u00f6l, das reich an Cannabisextrakt (CBD) ist, und sorgt mit seinen pflanzlichen Wirkstoffen f\u00fcr Linderung und Muskelentspannung. Die cremige Textur und der angenehme Duft nach Wintergr\u00fcn (Gaultheria) machen die Anwendung besonders angenehm.<\/p>\n<p data-start=\"522\" data-end=\"751\">Der Balsam kann auf jede K\u00f6rperstelle aufgetragen werden, die Entspannung und Pflege ben\u00f6tigt. Dank seiner Active-Gel-Formel zieht er schnell in die Haut ein und sorgt beim Einmassieren f\u00fcr ein sp\u00fcrbares Gef\u00fchl der Erleichterung.<\/p>\n<p data-start=\"753\" data-end=\"1202\">Au\u00dferdem enth\u00e4lt das Set unser 5%iges CBD-\u00d6l, das mit einem Breitspektrum-Extrakt aus Hanfbl\u00fcten hergestellt wird und die maximale Bandbreite an aktiven Hanfbestandteilen enth\u00e4lt. Es wird ohne L\u00f6sungsmittel und mit 100\u202f% pflanzlichen Inhaltsstoffen hergestellt. Das 5\u202f%-CBD-\u00d6l von The Tree CBD bietet eine moderate Cannabidiol-Konzentration \u2013 ideal zwischen unseren 2,5\u202f%- und 10\u202f%-\u00d6len. Es enth\u00e4lt kein THC und hat somit keine psychoaktive Wirkung.<\/p>\n<p data-start=\"1209\" data-end=\"1403\"><strong data-start=\"1209\" data-end=\"1252\">Merkmale der CBD-\u00d6l- und Balsam-Packung<\/strong><br data-start=\"1252\" data-end=\"1255\" \/>Dieses Set vereint unsere beiden beliebtesten Produkte zur Entspannung \u2013 ideal zur Erholung nach dem Sport oder zur Pflege von Muskeln und Gelenken.<\/p>\n<p data-start=\"1410\" data-end=\"1422\"><strong data-start=\"1410\" data-end=\"1420\">Inhalt<\/strong><\/p>\n<ul data-start=\"1423\" data-end=\"1608\">\n<li data-start=\"1423\" data-end=\"1532\">\n<p data-start=\"1425\" data-end=\"1532\">1x CBD-Sportbalsam, 100\u202fml<br data-start=\"1451\" data-end=\"1454\" \/><em data-start=\"1456\" data-end=\"1472\">Inhaltsstoffe:<\/em> Hanf\u00f6l, CO2-Hanfextrakt, Hyalurons\u00e4ure und Ringelblumen\u00f6l<\/p>\n<\/li>\n<li data-start=\"1533\" data-end=\"1608\">\n<p data-start=\"1535\" data-end=\"1608\">1x 5\u202f%-CBD-\u00d6l, 10\u202fml<br data-start=\"1555\" data-end=\"1558\" \/><em data-start=\"1560\" data-end=\"1576\">Inhaltsstoffe:<\/em> Hanfsamen\u00f6l und CO2-Hanfextrakt<\/p>\n<\/li>\n<\/ul>\n<p data-start=\"1615\" data-end=\"1815\"><strong data-start=\"1615\" data-end=\"1629\">Zielgruppe<\/strong><br data-start=\"1629\" data-end=\"1632\" \/>Dieses Set richtet sich an Anwender, die Muskelverspannungen lindern, ihren K\u00f6rper nach sportlicher Belastung regenerieren oder gezielt beanspruchte K\u00f6rperbereiche entspannen m\u00f6chten.<\/p>\n<p data-start=\"1817\" data-end=\"1919\">Zus\u00e4tzlich bietet das Set einen Preisvorteil von 10\u202f% im Vergleich zum Einzelkauf der beiden Produkte.<\/p>\n<p data-start=\"1926\" data-end=\"2177\"><strong data-start=\"1926\" data-end=\"1949\">Sicherheitshinweise<\/strong><br data-start=\"1949\" data-end=\"1952\" \/>Sowohl das 5\u202f%-CBD-\u00d6l von The Tree als auch der Sportbalsam sind ausschlie\u00dflich zur \u00e4u\u00dferlichen Anwendung bestimmt. Nicht verwenden w\u00e4hrend der Schwangerschaft oder Stillzeit. Au\u00dferhalb der Reichweite von Kindern aufbewahren.<\/p>\n<p data-start=\"2179\" data-end=\"2451\">Die bereitgestellten Informationen dienen ausschlie\u00dflich zu Informations- und Schulungszwecken und ersetzen keinesfalls die medizinische Beratung durch einen Arzt oder Apotheker. Unsere Texte sind nicht zur eigenst\u00e4ndigen Diagnose oder Behandlung von Krankheiten bestimmt.<\/p>\n<p data-start=\"2453\" data-end=\"2496\">Bei Fragen kontaktiere uns gerne jederzeit.<\/p>\n<p data-start=\"2503\" data-end=\"2717\"><strong data-start=\"2503\" data-end=\"2515\">Lagerung<\/strong><br data-start=\"2515\" data-end=\"2518\" \/>CBD-Produkte von The Tree sollten k\u00fchl, trocken und lichtgesch\u00fctzt gelagert werden. Vor direkter Sonneneinstrahlung und starken Ger\u00fcchen sch\u00fctzen, um Kontamination oder Qualit\u00e4tsverlust zu vermeiden.<\/p>\n<p data-start=\"2719\" data-end=\"2799\" data-is-last-node=\"\" data-is-only-node=\"\"><strong data-start=\"2719\" data-end=\"2731\">Hinweis:<\/strong> Bei sachgem\u00e4\u00dfer Lagerung betr\u00e4gt die Haltbarkeit bis zu zwei Jahre.<\/p>\n<\/div>\n<\/div>\n<\/div>\n<\/div>\n<div class=\"flex justify-start\">\n<div class=\"touch:-me-2 touch:-ms-3.5 -ms-2.5 -me-1 flex items-center p-1 select-none -mt-1 duration-[1.5s] focus-within:transition-none hover:transition-none pointer-events-none [mask-image:linear-gradient(to_right,black_33%,transparent_66%)] [mask-size:300%_100%] [mask-position:100%_0%] motion-safe:transition-[mask-position] group-hover\/turn-messages:pointer-events-auto group-hover\/turn-messages:[mask-position:0_0] group-focus-within\/turn-messages:pointer-events-auto group-focus-within\/turn-messages:[mask-position:0_0] has-data-[state=open]:pointer-events-auto has-data-[state=open]:[mask-position:0_0]\">\n<div class=\"flex items-center\"><\/div>\n<\/div>\n<\/div>\n<div class=\"mt-3 w-full empty:hidden\">\n<div class=\"text-center\"><\/div>\n<\/div>\n<\/div>\n<div class=\"absolute\">\n<div class=\"flex items-center justify-center\"><\/div>\n<\/div>\n<\/div>\n<\/div>\n<\/div>\n<\/article>\n<div class=\"pointer-events-none h-px w-px\" aria-hidden=\"true\" data-edge=\"true\"><\/div>\n","protected":false},"excerpt":{"rendered":"<p data-start=\"0\" data-end=\"42\"><strong data-start=\"0\" data-end=\"42\">CBD-\u00d6l- und Balsam-Set zur Entspannung<\/strong><\/p>\n<p data-start=\"44\" data-end=\"234\">Dieses CBD-Set aus \u00d6l und Balsam vereint unsere beiden Bestseller zur gezielten Entspannung \u2013 ideal nach sportlicher Bet\u00e4tigung oder zur Pflege und Linderung verspannter Muskeln und Gelenke.<\/p>\n<p data-start=\"241\" data-end=\"253\"><strong data-start=\"241\" data-end=\"251\">Inhalt<\/strong><\/p>\n<ul data-start=\"254\" data-end=\"443\" data-is-last-node=\"\" data-is-only-node=\"\">\n<li data-start=\"254\" data-end=\"365\">\n<p data-start=\"256\" data-end=\"365\"><strong data-start=\"256\" data-end=\"287\">1x CBD-Sportbalsam (100\u202fml)<\/strong><br data-start=\"287\" data-end=\"290\" \/><em data-start=\"292\" data-end=\"308\">Inhaltsstoffe:<\/em> Hanf\u00f6l, CO2-Hanfextrakt, Hyalurons\u00e4ure, Ringelblumen\u00f6l<\/p>\n<\/li>\n<li data-start=\"366\" data-end=\"443\" data-is-last-node=\"\">\n<p data-start=\"368\" data-end=\"443\" data-is-last-node=\"\"><strong data-start=\"368\" data-end=\"393\">1x CBD-\u00d6l 5\u202f% (10\u202fml)<\/strong><br data-start=\"393\" data-end=\"396\" \/><em data-start=\"398\" data-end=\"414\">Inhaltsstoffe:<\/em> Hanfsamen\u00f6l, CO2-Hanfextrakt<\/p>\n<\/li>\n<\/ul>\n","protected":false},"featured_media":166593,"template":"","meta":{"_acf_changed":false},"product_brand":[],"class_list":{"0":"post-166586","1":"product","2":"type-product","3":"status-publish","4":"has-post-thumbnail","6":"product_cat-cbd-ol","7":"product_cat-cbd-pakete","8":"product_cat-cbd-entzundungen","9":"product_cat-topische-cbd-kosmetikprodukte","11":"first","12":"outofstock","13":"taxable","14":"shipping-taxable","15":"purchasable","16":"product-type-simple"},"acf":[],"yoast_head":"<!-- This site is optimized with the Yoast SEO plugin v26.3 - https:\/\/yoast.com\/wordpress\/plugins\/seo\/ -->\n<title>CBD-\u00d6l- und Sportbalsam-Pack | The Tree CBD<\/title>\n<meta name=\"description\" content=\"CBD-Set aus \u00d6l und Sportbalsam Unsere Bestseller zur Entspannung \u2013 ideal nach dem Sport oder einem langen Arbeitstag.\" \/>\n<meta name=\"robots\" content=\"index, follow, max-snippet:-1, max-image-preview:large, max-video-preview:-1\" \/>\n<link rel=\"canonical\" href=\"https:\/\/thetreecbd.com\/de\/cbd\/cbd-ol-und-sportbalsam-pack\" \/>\n<meta property=\"og:locale\" content=\"de_DE\" \/>\n<meta property=\"og:type\" content=\"article\" \/>\n<meta property=\"og:title\" content=\"CBD-\u00d6l- und Sportbalsam-Pack | The Tree CBD\" \/>\n<meta property=\"og:description\" content=\"CBD-Set aus \u00d6l und Sportbalsam Unsere Bestseller zur Entspannung \u2013 ideal nach dem Sport oder einem langen Arbeitstag.\" \/>\n<meta property=\"og:url\" content=\"https:\/\/thetreecbd.com\/de\/cbd\/cbd-ol-und-sportbalsam-pack\" \/>\n<meta property=\"og:site_name\" content=\"The Tree CBD\" \/>\n<meta property=\"article:publisher\" content=\"https:\/\/www.facebook.com\/thetreeCBD\/\" \/>\n<meta property=\"article:modified_time\" content=\"2025-11-13T10:22:17+00:00\" \/>\n<meta property=\"og:image\" content=\"https:\/\/thetreecbd.com\/wp-content\/uploads\/2018\/12\/pack-aceite-balsamo-min.jpg\" \/>\n\t<meta property=\"og:image:width\" content=\"600\" \/>\n\t<meta property=\"og:image:height\" content=\"720\" \/>\n\t<meta property=\"og:image:type\" content=\"image\/jpeg\" \/>\n<meta name=\"twitter:card\" content=\"summary_large_image\" \/>\n<meta name=\"twitter:site\" content=\"@TheTreeCBD_EU\" \/>\n<meta name=\"twitter:label1\" content=\"Gesch\u00e4tzte Lesezeit\" \/>\n\t<meta name=\"twitter:data1\" content=\"2\u00a0Minuten\" \/>\n<script type=\"application\/ld+json\" class=\"yoast-schema-graph\">{\"@context\":\"https:\/\/schema.org\",\"@graph\":[{\"@type\":[\"WebPage\",\"ItemPage\"],\"@id\":\"https:\/\/thetreecbd.com\/de\/cbd\/cbd-ol-und-sportbalsam-pack\",\"url\":\"https:\/\/thetreecbd.com\/de\/cbd\/cbd-ol-und-sportbalsam-pack\",\"name\":\"CBD-\u00d6l- und Sportbalsam-Pack | The Tree CBD\",\"isPartOf\":{\"@id\":\"https:\/\/thetreecbd.com\/de#website\"},\"primaryImageOfPage\":{\"@id\":\"https:\/\/thetreecbd.com\/de\/cbd\/cbd-ol-und-sportbalsam-pack#primaryimage\"},\"image\":{\"@id\":\"https:\/\/thetreecbd.com\/de\/cbd\/cbd-ol-und-sportbalsam-pack#primaryimage\"},\"thumbnailUrl\":\"https:\/\/thetreecbd.com\/wp-content\/uploads\/2018\/12\/pack-aceite-balsamo-min.jpg\",\"datePublished\":\"2018-12-31T09:33:47+00:00\",\"dateModified\":\"2025-11-13T10:22:17+00:00\",\"description\":\"CBD-Set aus \u00d6l und Sportbalsam Unsere Bestseller zur Entspannung \u2013 ideal nach dem Sport oder einem langen Arbeitstag.\",\"breadcrumb\":{\"@id\":\"https:\/\/thetreecbd.com\/de\/cbd\/cbd-ol-und-sportbalsam-pack#breadcrumb\"},\"inLanguage\":\"de\",\"potentialAction\":[{\"@type\":\"ReadAction\",\"target\":[\"https:\/\/thetreecbd.com\/de\/cbd\/cbd-ol-und-sportbalsam-pack\"]}]},{\"@type\":\"ImageObject\",\"inLanguage\":\"de\",\"@id\":\"https:\/\/thetreecbd.com\/de\/cbd\/cbd-ol-und-sportbalsam-pack#primaryimage\",\"url\":\"https:\/\/thetreecbd.com\/wp-content\/uploads\/2018\/12\/pack-aceite-balsamo-min.jpg\",\"contentUrl\":\"https:\/\/thetreecbd.com\/wp-content\/uploads\/2018\/12\/pack-aceite-balsamo-min.jpg\",\"width\":600,\"height\":720},{\"@type\":\"BreadcrumbList\",\"@id\":\"https:\/\/thetreecbd.com\/de\/cbd\/cbd-ol-und-sportbalsam-pack#breadcrumb\",\"itemListElement\":[{\"@type\":\"ListItem\",\"position\":1,\"name\":\"The Tree\",\"item\":\"https:\/\/thetreecbd.com\/de\"},{\"@type\":\"ListItem\",\"position\":2,\"name\":\"CBD\",\"item\":\"https:\/\/thetreecbd.com\/es\/cbd\"},{\"@type\":\"ListItem\",\"position\":3,\"name\":\"CBD-Pakete\",\"item\":\"https:\/\/thetreecbd.com\/de\/cbd-pakete\"},{\"@type\":\"ListItem\",\"position\":4,\"name\":\"CBD-\u00d6l- und Sportbalsam-Pack\"}]},{\"@type\":\"WebSite\",\"@id\":\"https:\/\/thetreecbd.com\/de#website\",\"url\":\"https:\/\/thetreecbd.com\/de\",\"name\":\"The Tree CBD\",\"description\":\"Comprar CBD en Espa\u00f1a Online\",\"publisher\":{\"@id\":\"https:\/\/thetreecbd.com\/de#organization\"},\"potentialAction\":[{\"@type\":\"SearchAction\",\"target\":{\"@type\":\"EntryPoint\",\"urlTemplate\":\"https:\/\/thetreecbd.com\/de?s={search_term_string}\"},\"query-input\":{\"@type\":\"PropertyValueSpecification\",\"valueRequired\":true,\"valueName\":\"search_term_string\"}}],\"inLanguage\":\"de\"},{\"@type\":\"Organization\",\"@id\":\"https:\/\/thetreecbd.com\/de#organization\",\"name\":\"The Tree CBD\",\"url\":\"https:\/\/thetreecbd.com\/de\",\"logo\":{\"@type\":\"ImageObject\",\"inLanguage\":\"de\",\"@id\":\"https:\/\/thetreecbd.com\/de#\/schema\/logo\/image\/\",\"url\":\"https:\/\/thetreecbd.com\/wp-content\/uploads\/2022\/04\/logo-thetree.png\",\"contentUrl\":\"https:\/\/thetreecbd.com\/wp-content\/uploads\/2022\/04\/logo-thetree.png\",\"width\":172,\"height\":55,\"caption\":\"The Tree CBD\"},\"image\":{\"@id\":\"https:\/\/thetreecbd.com\/de#\/schema\/logo\/image\/\"},\"sameAs\":[\"https:\/\/www.facebook.com\/thetreeCBD\/\",\"https:\/\/x.com\/TheTreeCBD_EU\",\"https:\/\/www.instagram.com\/thetree.cbd\/\",\"https:\/\/es.trustpilot.com\/review\/thetreecbd.com\"]}]}<\/script>\n<!-- \/ Yoast SEO plugin. -->","yoast_head_json":{"title":"CBD-\u00d6l- und Sportbalsam-Pack | The Tree CBD","description":"CBD-Set aus \u00d6l und Sportbalsam Unsere Bestseller zur Entspannung \u2013 ideal nach dem Sport oder einem langen Arbeitstag.","robots":{"index":"index","follow":"follow","max-snippet":"max-snippet:-1","max-image-preview":"max-image-preview:large","max-video-preview":"max-video-preview:-1"},"canonical":"https:\/\/thetreecbd.com\/de\/cbd\/cbd-ol-und-sportbalsam-pack","og_locale":"de_DE","og_type":"article","og_title":"CBD-\u00d6l- und Sportbalsam-Pack | The Tree CBD","og_description":"CBD-Set aus \u00d6l und Sportbalsam Unsere Bestseller zur Entspannung \u2013 ideal nach dem Sport oder einem langen Arbeitstag.","og_url":"https:\/\/thetreecbd.com\/de\/cbd\/cbd-ol-und-sportbalsam-pack","og_site_name":"The Tree CBD","article_publisher":"https:\/\/www.facebook.com\/thetreeCBD\/","article_modified_time":"2025-11-13T10:22:17+00:00","og_image":[{"width":600,"height":720,"url":"https:\/\/thetreecbd.com\/wp-content\/uploads\/2018\/12\/pack-aceite-balsamo-min.jpg","type":"image\/jpeg"}],"twitter_card":"summary_large_image","twitter_site":"@TheTreeCBD_EU","twitter_misc":{"Gesch\u00e4tzte Lesezeit":"2\u00a0Minuten"},"schema":{"@context":"https:\/\/schema.org","@graph":[{"@type":["WebPage","ItemPage"],"@id":"https:\/\/thetreecbd.com\/de\/cbd\/cbd-ol-und-sportbalsam-pack","url":"https:\/\/thetreecbd.com\/de\/cbd\/cbd-ol-und-sportbalsam-pack","name":"CBD-\u00d6l- und Sportbalsam-Pack | The Tree CBD","isPartOf":{"@id":"https:\/\/thetreecbd.com\/de#website"},"primaryImageOfPage":{"@id":"https:\/\/thetreecbd.com\/de\/cbd\/cbd-ol-und-sportbalsam-pack#primaryimage"},"image":{"@id":"https:\/\/thetreecbd.com\/de\/cbd\/cbd-ol-und-sportbalsam-pack#primaryimage"},"thumbnailUrl":"https:\/\/thetreecbd.com\/wp-content\/uploads\/2018\/12\/pack-aceite-balsamo-min.jpg","datePublished":"2018-12-31T09:33:47+00:00","dateModified":"2025-11-13T10:22:17+00:00","description":"CBD-Set aus \u00d6l und Sportbalsam Unsere Bestseller zur Entspannung \u2013 ideal nach dem Sport oder einem langen Arbeitstag.","breadcrumb":{"@id":"https:\/\/thetreecbd.com\/de\/cbd\/cbd-ol-und-sportbalsam-pack#breadcrumb"},"inLanguage":"de","potentialAction":[{"@type":"ReadAction","target":["https:\/\/thetreecbd.com\/de\/cbd\/cbd-ol-und-sportbalsam-pack"]}]},{"@type":"ImageObject","inLanguage":"de","@id":"https:\/\/thetreecbd.com\/de\/cbd\/cbd-ol-und-sportbalsam-pack#primaryimage","url":"https:\/\/thetreecbd.com\/wp-content\/uploads\/2018\/12\/pack-aceite-balsamo-min.jpg","contentUrl":"https:\/\/thetreecbd.com\/wp-content\/uploads\/2018\/12\/pack-aceite-balsamo-min.jpg","width":600,"height":720},{"@type":"BreadcrumbList","@id":"https:\/\/thetreecbd.com\/de\/cbd\/cbd-ol-und-sportbalsam-pack#breadcrumb","itemListElement":[{"@type":"ListItem","position":1,"name":"The Tree","item":"https:\/\/thetreecbd.com\/de"},{"@type":"ListItem","position":2,"name":"CBD","item":"https:\/\/thetreecbd.com\/es\/cbd"},{"@type":"ListItem","position":3,"name":"CBD-Pakete","item":"https:\/\/thetreecbd.com\/de\/cbd-pakete"},{"@type":"ListItem","position":4,"name":"CBD-\u00d6l- und Sportbalsam-Pack"}]},{"@type":"WebSite","@id":"https:\/\/thetreecbd.com\/de#website","url":"https:\/\/thetreecbd.com\/de","name":"The Tree CBD","description":"Comprar CBD en Espa\u00f1a Online","publisher":{"@id":"https:\/\/thetreecbd.com\/de#organization"},"potentialAction":[{"@type":"SearchAction","target":{"@type":"EntryPoint","urlTemplate":"https:\/\/thetreecbd.com\/de?s={search_term_string}"},"query-input":{"@type":"PropertyValueSpecification","valueRequired":true,"valueName":"search_term_string"}}],"inLanguage":"de"},{"@type":"Organization","@id":"https:\/\/thetreecbd.com\/de#organization","name":"The Tree CBD","url":"https:\/\/thetreecbd.com\/de","logo":{"@type":"ImageObject","inLanguage":"de","@id":"https:\/\/thetreecbd.com\/de#\/schema\/logo\/image\/","url":"https:\/\/thetreecbd.com\/wp-content\/uploads\/2022\/04\/logo-thetree.png","contentUrl":"https:\/\/thetreecbd.com\/wp-content\/uploads\/2022\/04\/logo-thetree.png","width":172,"height":55,"caption":"The Tree CBD"},"image":{"@id":"https:\/\/thetreecbd.com\/de#\/schema\/logo\/image\/"},"sameAs":["https:\/\/www.facebook.com\/thetreeCBD\/","https:\/\/x.com\/TheTreeCBD_EU","https:\/\/www.instagram.com\/thetree.cbd\/","https:\/\/es.trustpilot.com\/review\/thetreecbd.com"]}]}},"_links":{"self":[{"href":"https:\/\/thetreecbd.com\/de\/wp-json\/wp\/v2\/product\/166586","targetHints":{"allow":["GET"]}}],"collection":[{"href":"https:\/\/thetreecbd.com\/de\/wp-json\/wp\/v2\/product"}],"about":[{"href":"https:\/\/thetreecbd.com\/de\/wp-json\/wp\/v2\/types\/product"}],"version-history":[{"count":0,"href":"https:\/\/thetreecbd.com\/de\/wp-json\/wp\/v2\/product\/166586\/revisions"}],"wp:featuredmedia":[{"embeddable":true,"href":"https:\/\/thetreecbd.com\/de\/wp-json\/wp\/v2\/media\/166593"}],"wp:attachment":[{"href":"https:\/\/thetreecbd.com\/de\/wp-json\/wp\/v2\/media?parent=166586"}],"wp:term":[{"taxonomy":"product_brand","embeddable":true,"href":"https:\/\/thetreecbd.com\/de\/wp-json\/wp\/v2\/product_brand?post=166586"}],"curies":[{"name":"wp","href":"https:\/\/api.w.org\/{rel}","templated":true}]}}