{"id":166594,"date":"2023-02-09T10:43:02","date_gmt":"2023-02-09T09:43:02","guid":{"rendered":"https:\/\/thetreecbd.com\/cbd\/pack-vaporesso-eliquid"},"modified":"2025-07-11T11:46:48","modified_gmt":"2025-07-11T09:46:48","slug":"pack-vaporesso-eliquid","status":"publish","type":"product","link":"https:\/\/thetreecbd.com\/de\/cbd\/pack-vaporesso-eliquid","title":{"rendered":"Pack Vaporesso e-liquid CBD"},"content":{"rendered":"<p>The Tree CBD pr\u00e4sentiert Ihnen dieses Set, bestehend aus einem <b>wiederaufladbaren Vape und einem unserer 5 E-Liquids zur Auswahl<\/b>. In diesem <b>Vaporesso E-Liquid-Set<\/b> finden Sie den Vape, der diesem Set seinen Namen gibt: das <b>Vaporesso GTX GO80 Pod Kit<\/b> zusammen mit dem E-Liquid Ihrer Wahl aus den folgenden Geschmacksrichtungen: Gorilla Glue, Kali Mist, Northern Lights, Critical und Cheese. Zweifellos die beste Art, diese innovativen E-Liquids <b>ohne THC und ohne Nikotin<\/b> zu genie\u00dfen. Dieser <b>Stift-Vape<\/b> verf\u00fcgt \u00fcber einen magnetischen GTX POD 26\/22, der <b>sofortiges Dampfen<\/b> erm\u00f6glicht. Dar\u00fcber hinaus bietet der Pod ein <b>Top-Filling-System und eine SSS-Technologie, die gegen Auslaufen und Versch\u00fctten resistent ist<\/b>, was einen einfachen und unkomplizierten F\u00fcllvorgang erm\u00f6glicht.<\/p>\n<hr \/>\n<p>&nbsp;<\/p>\n<h3>Neuheiten<\/h3>\n<p>&nbsp;<\/p>\n<p>Der Vape GTX GO unterst\u00fctzt die neue GTX Coil Serie. Er verf\u00fcgt \u00fcber einen leicht einstellbaren Luftstrom, einen <b>eingebauten 3.000-mAh-Akku mit einer maximalen Leistung von 45-60W<\/b> und eine <b>TYPE-C-Schnellladefunktion<\/b>. Das GTX GO bietet ein vollst\u00e4ndiges Dampferlebnis. Die E-Liquids, die dieses Set erg\u00e4nzen, werden auf Hanfbasis hergestellt und wurden f\u00fcr die Verwendung in E-Zigaretten entwickelt. <b>Jede E-Liquid-Flasche enth\u00e4lt 10 ml mit einer CBD-Konzentration von 5%<\/b>. Insgesamt enth\u00e4lt jede Flasche 500 mg CBD.<\/p>\n<p>Mit <b>Gorilla Glue<\/b> genie\u00dfen Sie einen <b>erdigen und tiefen Geschmack mit einem klaren, nat\u00fcrlichen, stechenden Hauch<\/b>, der an Kiefer erinnern k\u00f6nnte.<b>Kali Mist<\/b> hat einen <b>stechenden und fruchtigen Geschmack mit erdigen und zitrusartigen Noten<\/b>, dank der in seiner Formulierung enthaltenen Kali Mist Terpene (Kali Mist Aroma), werden Sie leicht einen Geschmack wie Waldfr\u00fcchte oder Kr\u00e4utertee erkennen.<b>Northern Lights<\/b> hat einen <b>w\u00fcrzigen und krautigen Afghani-artigen Geschmack mit harzigen und holzigen Noten<\/b>, dank der in seiner Formulierung enthaltenen Northern Lights Terpene (Northern Lights Aroma), k\u00f6nnen Sie den Duft von Kiefern, Moos und Gas wahrnehmen.<b>Critical<\/b> hat einen klassischen Geschmack, da es aus einer Kreuzung zwischen einer Afghani und einer Skunk stammt und <b>Nuss-, Holz- und Kiefernaromen<\/b> aufweist. Dank der in seiner Formulierung enthaltenen Critical Terpene (Critical Aroma) kann ein intensives und erdiges Aroma wahrgenommen werden. Dieses CBD E-Liquid mit dem Geschmack <b>Cheese<\/b> hat einen s\u00fc\u00dfen und intensiven Skunk-Geschmack mit <b>Noten von gereiftem K\u00e4se und Weihrauch<\/b>. Dank der in seiner Formulierung enthaltenen Cheese Terpene (Cheese Aroma) k\u00f6nnen wir bekannte Aromen wie Nuss, Erde und S\u00e4uren, \u00e4hnlich einem kr\u00e4ftigen Blauschimmelk\u00e4se, wahrnehmen.<\/p>\n<hr \/>\n<p>&nbsp;<\/p>\n<h3>Eigenschaften des Vaporesso GTX GO80 Vapes<\/h3>\n<p>&nbsp;<\/p>\n<ul>\n<li>Wiederaufladbarer Vape f\u00fcr CBD E-Liquid<\/li>\n<li>Top-F\u00fcllsystem<\/li>\n<li>Magnetischer Pod mit pr\u00e4ziser Luftstromregulierung<\/li>\n<li>Zufriedenheit mit einem Klick<\/li>\n<li>Hochgradig kompatibel mit GTX Coils<\/li>\n<li>SSS-Technologie f\u00fcr Auslaufschutz<\/li>\n<li>Gr\u00f6\u00dfe: 22 x 110,3 mm<\/li>\n<li>Akku: Integrierter 3000mAh<\/li>\n<li>Tankinhalt: 2ml<\/li>\n<li>Garantiert THC-frei und nikotinfrei.<\/li>\n<li>Ohne Alkohol, ohne tierische Extrakte.<\/li>\n<\/ul>\n<hr \/>\n<p>&nbsp;<\/p>\n<h3>Eigenschaften der E-Liquids<\/h3>\n<p>&nbsp;<\/p>\n<ul>\n<li>Aus biologisch angebautem Hanf gewonnen<\/li>\n<li>CBD E-Liquid 5%<\/li>\n<li>1% Terpen (von jeder Geschmacksrichtung).<\/li>\n<li>CBD-Isolat zum Dampfen<\/li>\n<li>70VG \/ 30PG<\/li>\n<li>Garantiert THC-frei und nikotinfrei<\/li>\n<li>10 ml Flasche<\/li>\n<li>F\u00fcr Vegetarier und Veganer geeignet<\/li>\n<\/ul>\n<hr \/>\n<p>&nbsp;<\/p>\n<h3>Inhalt des Vaporesso E-Liquid-Sets<\/h3>\n<p>&nbsp;<\/p>\n<ul>\n<li>1 E-Liquid zur Auswahl zwischen Gorilla Glue, Kali Mist, Northern Lights, Critical oder Cheese.<\/li>\n<li>1x Vaporesso GTX GO 80 Akku<\/li>\n<li>1x GTX Pod 22 (2ml)<\/li>\n<li>1x GTX 0.6\u03a9 Mesh Coil<\/li>\n<li>1x USB Typ-C Kabel<\/li>\n<li>1x Garantiekarte<\/li>\n<li>1x Benutzerhandbuch<\/li>\n<\/ul>\n<hr \/>\n<p>&nbsp;<\/p>\n<h3>Lagerung<\/h3>\n<p>&nbsp;<\/p>\n<p>Idealerweise sollte das <b>Vaporesso GTX GO80 Pod Kit<\/b> an einem k\u00fchlen, trockenen Ort gelagert werden, gesch\u00fctzt vor Licht und starken Ger\u00fcchen, um jegliche Art von Kontamination zu vermeiden. Direkte Sonneneinstrahlung und Hitze vermeiden. F\u00fcr weitere Informationen empfehlen wir, die Pflege- und Lagerungshinweise im Handbuch, das mit dem Kit geliefert wird, sorgf\u00e4ltig zu lesen. Die 5%igen CBD E-Liquids von The Tree sollten an einem k\u00fchlen, trockenen Ort gelagert werden, gesch\u00fctzt vor Licht und starken Ger\u00fcchen, um jegliche Art von Kontamination zu vermeiden. Direkte Sonneneinstrahlung und Hitze vermeiden.<b>Achtung<\/b>: Die angegebene Haltbarkeit f\u00fcr das E-Liquid betr\u00e4gt drei Jahre bei korrekter Lagerung.<\/p>\n<hr \/>\n<p>&nbsp;<\/p>\n<h3>F\u00fcr wen ist es gedacht?<\/h3>\n<p>&nbsp;<\/p>\n<p>Das Vaporesso-Set richtet sich an <b>alle Personen \u00fcber 18 Jahren, die die Option des Dampfens bevorzugen<\/b>.<\/p>\n<hr \/>\n<p>&nbsp;<\/p>\n<h3>Sicherheitsinformationen<\/h3>\n<p>&nbsp;<\/p>\n<p>Die Verwendung von CBD wird <b>stillenden oder schwangeren Frauen nicht empfohlen<\/b>. Sie wird auch <b>Minderj\u00e4hrigen unter 18 Jahren nicht empfohlen<\/b>. Dies liegt nicht daran, dass es als gef\u00e4hrlich angesehen wird, sondern daran, dass es an Studien zu diesem Thema mangelt. Der bereitgestellte Inhalt dient ausschlie\u00dflich Informations- und Schulungszwecken und ersetzt in keiner Weise die medizinische Beratung durch einen Arzt oder Apotheker. Unsere Texte sind nicht zur eigenst\u00e4ndigen Diagnose und Behandlung von Krankheiten bestimmt. Z\u00f6gern Sie nicht, uns bei weiteren Fragen zu kontaktieren.<\/p>\n","protected":false},"excerpt":{"rendered":"<ul>\n<li data-start=\"19\" data-end=\"125\">\n<p data-start=\"21\" data-end=\"125\">1x E-Liquid nach Wahl: Gorilla Glue, Kali Mist, Northern Lights, Critical oder Cheese (10\u202fml, 5\u202f% CBD)<\/p>\n<\/li>\n<li data-start=\"126\" data-end=\"157\">\n<p data-start=\"128\" data-end=\"157\">1x Vaporesso GTX GO 80 Akku<\/p>\n<\/li>\n<li data-start=\"158\" data-end=\"182\">\n<p data-start=\"160\" data-end=\"182\">1x GTX Pod 22 (2\u202fml)<\/p>\n<\/li>\n<li data-start=\"183\" data-end=\"209\">\n<p data-start=\"185\" data-end=\"209\">1x GTX 0.6\u202f\u03a9 Mesh Coil<\/p>\n<\/li>\n<li data-start=\"210\" data-end=\"232\">\n<p data-start=\"212\" data-end=\"232\">1x USB-C-Ladekabel<\/p>\n<\/li>\n<li data-start=\"233\" data-end=\"253\">\n<p data-start=\"235\" data-end=\"253\">1x Garantiekarte<\/p>\n<\/li>\n<li data-start=\"254\" data-end=\"275\" data-is-last-node=\"\">\n<p data-start=\"256\" data-end=\"275\" data-is-last-node=\"\">1x Benutzerhandbuch<\/p>\n<\/li>\n<\/ul>\n","protected":false},"featured_media":166595,"template":"","meta":{"_acf_changed":false},"product_brand":[],"class_list":{"0":"post-166594","1":"product","2":"type-product","3":"status-publish","4":"has-post-thumbnail","6":"product_cat-cbd-e-liquids","7":"product_cat-cbd-pakete","8":"product_cat-cbd-vaporizer","9":"product_cat-produkte-mit-5-cbd","10":"product_cat-wiederaufladbare-cbd-vapes","12":"first","13":"instock","14":"taxable","15":"shipping-taxable","16":"purchasable","17":"product-type-variable"},"acf":[],"yoast_head":"<!-- This site is optimized with the Yoast SEO plugin v26.3 - https:\/\/yoast.com\/wordpress\/plugins\/seo\/ -->\n<title>Pack Vaporesso e-liquid CBD | The Tree CBD<\/title>\n<meta name=\"description\" content=\"Mit diesem innovativen Set kannst du den Vaporesso GTX GO80 Vape zusammen mit einem unserer f\u00fcnf k\u00f6stlichen E-Liquids deiner Wahl genie\u00dfen.\" \/>\n<meta name=\"robots\" content=\"index, follow, max-snippet:-1, max-image-preview:large, max-video-preview:-1\" \/>\n<link rel=\"canonical\" href=\"https:\/\/thetreecbd.com\/de\/cbd\/pack-vaporesso-eliquid\" \/>\n<meta property=\"og:locale\" content=\"de_DE\" \/>\n<meta property=\"og:type\" content=\"article\" \/>\n<meta property=\"og:title\" content=\"Pack Vaporesso e-liquid CBD | The Tree CBD\" \/>\n<meta property=\"og:description\" content=\"Mit diesem innovativen Set kannst du den Vaporesso GTX GO80 Vape zusammen mit einem unserer f\u00fcnf k\u00f6stlichen E-Liquids deiner Wahl genie\u00dfen.\" \/>\n<meta property=\"og:url\" content=\"https:\/\/thetreecbd.com\/de\/cbd\/pack-vaporesso-eliquid\" \/>\n<meta property=\"og:site_name\" content=\"The Tree CBD\" \/>\n<meta property=\"article:publisher\" content=\"https:\/\/www.facebook.com\/thetreeCBD\/\" \/>\n<meta property=\"article:modified_time\" content=\"2025-07-11T09:46:48+00:00\" \/>\n<meta property=\"og:image\" content=\"https:\/\/thetreecbd.com\/wp-content\/uploads\/2023\/02\/pack-vaporesso-eliquid.png\" \/>\n\t<meta property=\"og:image:width\" content=\"595\" \/>\n\t<meta property=\"og:image:height\" content=\"714\" \/>\n\t<meta property=\"og:image:type\" content=\"image\/png\" \/>\n<meta name=\"twitter:card\" content=\"summary_large_image\" \/>\n<meta name=\"twitter:site\" content=\"@TheTreeCBD_EU\" \/>\n<meta name=\"twitter:label1\" content=\"Gesch\u00e4tzte Lesezeit\" \/>\n\t<meta name=\"twitter:data1\" content=\"4\u00a0Minuten\" \/>\n<script type=\"application\/ld+json\" class=\"yoast-schema-graph\">{\"@context\":\"https:\/\/schema.org\",\"@graph\":[{\"@type\":[\"WebPage\",\"ItemPage\"],\"@id\":\"https:\/\/thetreecbd.com\/de\/cbd\/pack-vaporesso-eliquid\",\"url\":\"https:\/\/thetreecbd.com\/de\/cbd\/pack-vaporesso-eliquid\",\"name\":\"Pack Vaporesso e-liquid CBD | The Tree CBD\",\"isPartOf\":{\"@id\":\"https:\/\/thetreecbd.com\/de#website\"},\"primaryImageOfPage\":{\"@id\":\"https:\/\/thetreecbd.com\/de\/cbd\/pack-vaporesso-eliquid#primaryimage\"},\"image\":{\"@id\":\"https:\/\/thetreecbd.com\/de\/cbd\/pack-vaporesso-eliquid#primaryimage\"},\"thumbnailUrl\":\"https:\/\/thetreecbd.com\/wp-content\/uploads\/2023\/02\/pack-vaporesso-eliquid.png\",\"datePublished\":\"2023-02-09T09:43:02+00:00\",\"dateModified\":\"2025-07-11T09:46:48+00:00\",\"description\":\"Mit diesem innovativen Set kannst du den Vaporesso GTX GO80 Vape zusammen mit einem unserer f\u00fcnf k\u00f6stlichen E-Liquids deiner Wahl genie\u00dfen.\",\"breadcrumb\":{\"@id\":\"https:\/\/thetreecbd.com\/de\/cbd\/pack-vaporesso-eliquid#breadcrumb\"},\"inLanguage\":\"de\",\"potentialAction\":[{\"@type\":\"ReadAction\",\"target\":[\"https:\/\/thetreecbd.com\/de\/cbd\/pack-vaporesso-eliquid\"]}]},{\"@type\":\"ImageObject\",\"inLanguage\":\"de\",\"@id\":\"https:\/\/thetreecbd.com\/de\/cbd\/pack-vaporesso-eliquid#primaryimage\",\"url\":\"https:\/\/thetreecbd.com\/wp-content\/uploads\/2023\/02\/pack-vaporesso-eliquid.png\",\"contentUrl\":\"https:\/\/thetreecbd.com\/wp-content\/uploads\/2023\/02\/pack-vaporesso-eliquid.png\",\"width\":595,\"height\":714},{\"@type\":\"BreadcrumbList\",\"@id\":\"https:\/\/thetreecbd.com\/de\/cbd\/pack-vaporesso-eliquid#breadcrumb\",\"itemListElement\":[{\"@type\":\"ListItem\",\"position\":1,\"name\":\"The Tree\",\"item\":\"https:\/\/thetreecbd.com\/de\"},{\"@type\":\"ListItem\",\"position\":2,\"name\":\"CBD\",\"item\":\"https:\/\/thetreecbd.com\/es\/cbd\"},{\"@type\":\"ListItem\",\"position\":3,\"name\":\"CBD-Pakete\",\"item\":\"https:\/\/thetreecbd.com\/de\/cbd-pakete\"},{\"@type\":\"ListItem\",\"position\":4,\"name\":\"Pack Vaporesso e-liquid CBD\"}]},{\"@type\":\"WebSite\",\"@id\":\"https:\/\/thetreecbd.com\/de#website\",\"url\":\"https:\/\/thetreecbd.com\/de\",\"name\":\"The Tree CBD\",\"description\":\"Comprar CBD en Espa\u00f1a Online\",\"publisher\":{\"@id\":\"https:\/\/thetreecbd.com\/de#organization\"},\"potentialAction\":[{\"@type\":\"SearchAction\",\"target\":{\"@type\":\"EntryPoint\",\"urlTemplate\":\"https:\/\/thetreecbd.com\/de?s={search_term_string}\"},\"query-input\":{\"@type\":\"PropertyValueSpecification\",\"valueRequired\":true,\"valueName\":\"search_term_string\"}}],\"inLanguage\":\"de\"},{\"@type\":\"Organization\",\"@id\":\"https:\/\/thetreecbd.com\/de#organization\",\"name\":\"The Tree CBD\",\"url\":\"https:\/\/thetreecbd.com\/de\",\"logo\":{\"@type\":\"ImageObject\",\"inLanguage\":\"de\",\"@id\":\"https:\/\/thetreecbd.com\/de#\/schema\/logo\/image\/\",\"url\":\"https:\/\/thetreecbd.com\/wp-content\/uploads\/2022\/04\/logo-thetree.png\",\"contentUrl\":\"https:\/\/thetreecbd.com\/wp-content\/uploads\/2022\/04\/logo-thetree.png\",\"width\":172,\"height\":55,\"caption\":\"The Tree CBD\"},\"image\":{\"@id\":\"https:\/\/thetreecbd.com\/de#\/schema\/logo\/image\/\"},\"sameAs\":[\"https:\/\/www.facebook.com\/thetreeCBD\/\",\"https:\/\/x.com\/TheTreeCBD_EU\",\"https:\/\/www.instagram.com\/thetree.cbd\/\",\"https:\/\/es.trustpilot.com\/review\/thetreecbd.com\"]}]}<\/script>\n<!-- \/ Yoast SEO plugin. -->","yoast_head_json":{"title":"Pack Vaporesso e-liquid CBD | The Tree CBD","description":"Mit diesem innovativen Set kannst du den Vaporesso GTX GO80 Vape zusammen mit einem unserer f\u00fcnf k\u00f6stlichen E-Liquids deiner Wahl genie\u00dfen.","robots":{"index":"index","follow":"follow","max-snippet":"max-snippet:-1","max-image-preview":"max-image-preview:large","max-video-preview":"max-video-preview:-1"},"canonical":"https:\/\/thetreecbd.com\/de\/cbd\/pack-vaporesso-eliquid","og_locale":"de_DE","og_type":"article","og_title":"Pack Vaporesso e-liquid CBD | The Tree CBD","og_description":"Mit diesem innovativen Set kannst du den Vaporesso GTX GO80 Vape zusammen mit einem unserer f\u00fcnf k\u00f6stlichen E-Liquids deiner Wahl genie\u00dfen.","og_url":"https:\/\/thetreecbd.com\/de\/cbd\/pack-vaporesso-eliquid","og_site_name":"The Tree CBD","article_publisher":"https:\/\/www.facebook.com\/thetreeCBD\/","article_modified_time":"2025-07-11T09:46:48+00:00","og_image":[{"width":595,"height":714,"url":"https:\/\/thetreecbd.com\/wp-content\/uploads\/2023\/02\/pack-vaporesso-eliquid.png","type":"image\/png"}],"twitter_card":"summary_large_image","twitter_site":"@TheTreeCBD_EU","twitter_misc":{"Gesch\u00e4tzte Lesezeit":"4\u00a0Minuten"},"schema":{"@context":"https:\/\/schema.org","@graph":[{"@type":["WebPage","ItemPage"],"@id":"https:\/\/thetreecbd.com\/de\/cbd\/pack-vaporesso-eliquid","url":"https:\/\/thetreecbd.com\/de\/cbd\/pack-vaporesso-eliquid","name":"Pack Vaporesso e-liquid CBD | The Tree CBD","isPartOf":{"@id":"https:\/\/thetreecbd.com\/de#website"},"primaryImageOfPage":{"@id":"https:\/\/thetreecbd.com\/de\/cbd\/pack-vaporesso-eliquid#primaryimage"},"image":{"@id":"https:\/\/thetreecbd.com\/de\/cbd\/pack-vaporesso-eliquid#primaryimage"},"thumbnailUrl":"https:\/\/thetreecbd.com\/wp-content\/uploads\/2023\/02\/pack-vaporesso-eliquid.png","datePublished":"2023-02-09T09:43:02+00:00","dateModified":"2025-07-11T09:46:48+00:00","description":"Mit diesem innovativen Set kannst du den Vaporesso GTX GO80 Vape zusammen mit einem unserer f\u00fcnf k\u00f6stlichen E-Liquids deiner Wahl genie\u00dfen.","breadcrumb":{"@id":"https:\/\/thetreecbd.com\/de\/cbd\/pack-vaporesso-eliquid#breadcrumb"},"inLanguage":"de","potentialAction":[{"@type":"ReadAction","target":["https:\/\/thetreecbd.com\/de\/cbd\/pack-vaporesso-eliquid"]}]},{"@type":"ImageObject","inLanguage":"de","@id":"https:\/\/thetreecbd.com\/de\/cbd\/pack-vaporesso-eliquid#primaryimage","url":"https:\/\/thetreecbd.com\/wp-content\/uploads\/2023\/02\/pack-vaporesso-eliquid.png","contentUrl":"https:\/\/thetreecbd.com\/wp-content\/uploads\/2023\/02\/pack-vaporesso-eliquid.png","width":595,"height":714},{"@type":"BreadcrumbList","@id":"https:\/\/thetreecbd.com\/de\/cbd\/pack-vaporesso-eliquid#breadcrumb","itemListElement":[{"@type":"ListItem","position":1,"name":"The Tree","item":"https:\/\/thetreecbd.com\/de"},{"@type":"ListItem","position":2,"name":"CBD","item":"https:\/\/thetreecbd.com\/es\/cbd"},{"@type":"ListItem","position":3,"name":"CBD-Pakete","item":"https:\/\/thetreecbd.com\/de\/cbd-pakete"},{"@type":"ListItem","position":4,"name":"Pack Vaporesso e-liquid CBD"}]},{"@type":"WebSite","@id":"https:\/\/thetreecbd.com\/de#website","url":"https:\/\/thetreecbd.com\/de","name":"The Tree CBD","description":"Comprar CBD en Espa\u00f1a Online","publisher":{"@id":"https:\/\/thetreecbd.com\/de#organization"},"potentialAction":[{"@type":"SearchAction","target":{"@type":"EntryPoint","urlTemplate":"https:\/\/thetreecbd.com\/de?s={search_term_string}"},"query-input":{"@type":"PropertyValueSpecification","valueRequired":true,"valueName":"search_term_string"}}],"inLanguage":"de"},{"@type":"Organization","@id":"https:\/\/thetreecbd.com\/de#organization","name":"The Tree CBD","url":"https:\/\/thetreecbd.com\/de","logo":{"@type":"ImageObject","inLanguage":"de","@id":"https:\/\/thetreecbd.com\/de#\/schema\/logo\/image\/","url":"https:\/\/thetreecbd.com\/wp-content\/uploads\/2022\/04\/logo-thetree.png","contentUrl":"https:\/\/thetreecbd.com\/wp-content\/uploads\/2022\/04\/logo-thetree.png","width":172,"height":55,"caption":"The Tree CBD"},"image":{"@id":"https:\/\/thetreecbd.com\/de#\/schema\/logo\/image\/"},"sameAs":["https:\/\/www.facebook.com\/thetreeCBD\/","https:\/\/x.com\/TheTreeCBD_EU","https:\/\/www.instagram.com\/thetree.cbd\/","https:\/\/es.trustpilot.com\/review\/thetreecbd.com"]}]}},"_links":{"self":[{"href":"https:\/\/thetreecbd.com\/de\/wp-json\/wp\/v2\/product\/166594","targetHints":{"allow":["GET"]}}],"collection":[{"href":"https:\/\/thetreecbd.com\/de\/wp-json\/wp\/v2\/product"}],"about":[{"href":"https:\/\/thetreecbd.com\/de\/wp-json\/wp\/v2\/types\/product"}],"version-history":[{"count":0,"href":"https:\/\/thetreecbd.com\/de\/wp-json\/wp\/v2\/product\/166594\/revisions"}],"wp:featuredmedia":[{"embeddable":true,"href":"https:\/\/thetreecbd.com\/de\/wp-json\/wp\/v2\/media\/166595"}],"wp:attachment":[{"href":"https:\/\/thetreecbd.com\/de\/wp-json\/wp\/v2\/media?parent=166594"}],"wp:term":[{"taxonomy":"product_brand","embeddable":true,"href":"https:\/\/thetreecbd.com\/de\/wp-json\/wp\/v2\/product_brand?post=166594"}],"curies":[{"name":"wp","href":"https:\/\/api.w.org\/{rel}","templated":true}]}}