{"id":166611,"date":"2024-01-23T17:45:37","date_gmt":"2024-01-23T16:45:37","guid":{"rendered":"https:\/\/thetreecbd.com\/cbd\/canna-calm-tee-hanftee-zum-schlafen"},"modified":"2024-01-23T17:45:37","modified_gmt":"2024-01-23T16:45:37","slug":"canna-calm-tee-hanftee-zum-schlafen","status":"publish","type":"product","link":"https:\/\/thetreecbd.com\/de\/cbd\/canna-calm-tee-hanftee-zum-schlafen","title":{"rendered":"Canna Calm Tee: Hanftee zum Schlafen"},"content":{"rendered":"<p data-start=\"90\" data-end=\"438\"><strong data-start=\"90\" data-end=\"438\">Tauche ein in eine Oase der Ruhe mit unserem Bio-Kr\u00e4utertee CannaCalm, einer au\u00dfergew\u00f6hnlichen Kreation von The Tree CBD. Dieser einzigartige Tee kombiniert sorgf\u00e4ltig Premium-Hanf mit den entspannenden Eigenschaften von Melisse und einer erfrischenden Note Zitrone \u2013 ein sinnliches Erlebnis, das deine Sinne verw\u00f6hnt und deinen Geist beruhigt.<\/strong><\/p>\n<h3 data-start=\"440\" data-end=\"499\">Nat\u00fcrliche und biologische Zutaten dieser Hanf-Infusion<\/h3>\n<ul data-start=\"500\" data-end=\"1742\">\n<li data-start=\"500\" data-end=\"798\">\n<p data-start=\"502\" data-end=\"798\"><strong data-start=\"502\" data-end=\"511\">Hanf:<\/strong> Nachhaltig und biologisch angebaut, liefert unser hochwertiger Hanf eine reiche Quelle von Hanffasern, die mit beruhigenden und stresslindernden Eigenschaften in Verbindung gebracht werden. Zudem bringt der Hanf erdige und sanfte Noten in die Infusion und schafft eine wohltuende Basis.<\/p>\n<\/li>\n<li data-start=\"799\" data-end=\"1085\">\n<p data-start=\"801\" data-end=\"1085\"><strong data-start=\"801\" data-end=\"813\">Melisse:<\/strong> Bekannt f\u00fcr ihre entspannenden Eigenschaften und ihr zartes Zitrusaroma, erg\u00e4nzt Melisse den Hanf perfekt und schafft eine Synergie, die Gelassenheit und Wohlbefinden f\u00f6rdert. Wir verwenden nachhaltig angebaute Melisse, um Reinheit und Frische jeder Tasse zu garantieren.<\/p>\n<\/li>\n<li data-start=\"1086\" data-end=\"1347\">\n<p data-start=\"1088\" data-end=\"1347\"><strong data-start=\"1088\" data-end=\"1100\">Zitrone:<\/strong> Die Zugabe von Zitrone verleiht nicht nur eine erfrischende Note, sondern auch einen belebenden, zitrusartigen Akzent. Diese lebhafte Zutat f\u00fcgt der Mischung eine zus\u00e4tzliche Geschmackstiefe hinzu und hebt das Genusserlebnis auf ein neues Niveau.<\/p>\n<\/li>\n<li data-start=\"1348\" data-end=\"1742\">\n<p data-start=\"1350\" data-end=\"1742\"><strong data-start=\"1350\" data-end=\"1360\">Minze:<\/strong> Mit ihrem frischen und belebenden Aroma bringt Minze nicht nur eine k\u00f6stliche Frische in die Infusion, sondern f\u00f6rdert auch die Verdauung und das allgemeine Wohlbefinden. Bekannt f\u00fcr ihre beruhigenden Eigenschaften und ihre F\u00e4higkeit, Magenbeschwerden zu lindern, rundet Minze das entspannende Erlebnis von CannaCalm ab und hinterl\u00e4sst ein erfrischendes und vitalisierendes Gef\u00fchl.<\/p>\n<\/li>\n<\/ul>\n<h3 data-start=\"1744\" data-end=\"1784\">Vorteile der Hanf-Infusion CannaCalm<\/h3>\n<ul data-start=\"1785\" data-end=\"2244\">\n<li data-start=\"1785\" data-end=\"1934\">\n<p data-start=\"1787\" data-end=\"1934\"><strong data-start=\"1787\" data-end=\"1802\">Beruhigend:<\/strong> Die Kombination aus Hanf und Melisse wirkt harmonisch und bietet beruhigende Eigenschaften, die Stress und Angst reduzieren helfen.<\/p>\n<\/li>\n<li data-start=\"1935\" data-end=\"2095\">\n<p data-start=\"1937\" data-end=\"2095\"><strong data-start=\"1937\" data-end=\"1953\">Erfrischend:<\/strong> Die Zitronennote sorgt f\u00fcr einen belebenden Frischekick, ideal um deine Sinne zu revitalisieren und dem Tag eine lebendige Note zu verleihen.<\/p>\n<\/li>\n<li data-start=\"2096\" data-end=\"2244\">\n<p data-start=\"2098\" data-end=\"2244\"><strong data-start=\"2098\" data-end=\"2112\">100 % Bio:<\/strong> Wir setzen auf Nachhaltigkeit \u2013 alle Zutaten stammen aus biologischem Anbau und garantieren ein reines, umweltfreundliches Produkt.<\/p>\n<\/li>\n<\/ul>\n<p data-start=\"2246\" data-end=\"2532\">Genie\u00dfe jeden Schluck CannaCalm als t\u00e4gliches Ritual, um innere Ruhe zu finden und dein nat\u00fcrliches Gleichgewicht wiederherzustellen. The Tree CBD l\u00e4dt dich ein, Wohlbefinden auf ganz neue Weise zu entdecken \u2013 mit diesem einzigartigen und k\u00f6stlichen Tee. Erlebe Harmonie in jeder Tasse!<\/p>\n<h3 data-start=\"2539\" data-end=\"2561\">Bio und Nachhaltig<\/h3>\n<p data-start=\"2562\" data-end=\"2835\">Alle Zutaten unserer Bio-Infusion ChillOut stammen aus biologischen und nachhaltigen Quellen. Wir sch\u00e4tzen die Gesundheit des Planeten genauso wie deine, daher verpflichten wir uns, dir ein Produkt anzubieten, das unsere ethischen und \u00f6kologischen Prinzipien widerspiegelt.<\/p>\n<h3 data-start=\"2842\" data-end=\"2887\">Eigenschaften der Hanf-Infusion CannaCalm<\/h3>\n<ul data-start=\"2888\" data-end=\"2977\">\n<li data-start=\"2888\" data-end=\"2917\">\n<p data-start=\"2890\" data-end=\"2917\">Entspannende Bio-Infusion<\/p>\n<\/li>\n<li data-start=\"2918\" data-end=\"2934\">\n<p data-start=\"2920\" data-end=\"2934\">Format: 50 g<\/p>\n<\/li>\n<li data-start=\"2935\" data-end=\"2977\">\n<p data-start=\"2937\" data-end=\"2977\">Zutaten: Hanf, Melisse, Zitrone, Minze<\/p>\n<\/li>\n<\/ul>\n<h3 data-start=\"2984\" data-end=\"3044\">Aroma und Geschmack der entspannenden Infusion CannaCalm<\/h3>\n<p data-start=\"3046\" data-end=\"3198\">Diese exquisite und feine Mischung von Zutaten entf\u00fchrt dich in ein Meer der Entspannung und Ruhe und bietet dir einen einzigartigen Geschmack und Duft.<\/p>\n<p data-start=\"3200\" data-end=\"3732\"><strong data-start=\"3200\" data-end=\"3232\">Aroma der Infusion CannaCalm<\/strong><br data-start=\"3232\" data-end=\"3235\" \/>Der Bio-Tee CannaCalm von The Tree CBD umh\u00fcllt deine Sinne mit einem faszinierenden und beruhigenden Duft. Beim \u00d6ffnen des Teebeutels empf\u00e4ngt dich eine harmonische Mischung aus erdigen Noten des Hanfs, akzentuiert durch die sanfte S\u00fc\u00dfe der Melisse. Das frische und zitrusartige Parfum der Zitrone entfaltet sich behutsam und f\u00fcgt eine erfrischende Dimension hinzu, die das sensorische Erlebnis vorbereitet. Das Aroma l\u00e4dt dich ein, schon vor dem ersten Schluck in eine Oase der Ruhe einzutauchen.<\/p>\n<p data-start=\"3734\" data-end=\"4172\"><strong data-start=\"3734\" data-end=\"3770\">Geschmack der Infusion CannaCalm<\/strong><br data-start=\"3770\" data-end=\"3773\" \/>CannaCalm bietet ein raffiniertes und ausgewogenes Geschmackserlebnis, das sich allm\u00e4hlich auf dem Gaumen entfaltet. Die Sanftheit des Hanfs bildet eine erdige und leicht krautige Basis, die sich perfekt mit der Melisse verbindet und eine subtil s\u00fc\u00dfe, florale Note beisteuert. Mit zunehmendem Genuss tritt die Zitrone mit ihrer hellen Frische hervor und hebt die Mischung auf ein neues Genussniveau.<\/p>\n<p data-start=\"4174\" data-end=\"4592\">Das Geschmacksprofil von CannaCalm ist mild, ohne zu \u00fcberw\u00e4ltigen, sodass jede Zutat auf einzigartige Weise erstrahlt. Die harmonische Kombination aus Hanf, Melisse und Zitrone schafft eine geschmackliche Symphonie, die zugleich entspannend und belebend wirkt. Diese Infusion ist eine k\u00f6stliche Einladung, die Nuancen der Natur mit jedem Schluck zu erkunden und dir ein einzigartiges, wohltuendes Erlebnis zu schenken.<\/p>\n<h3 data-start=\"4599\" data-end=\"4615\">Zielgruppe<\/h3>\n<p data-start=\"4616\" data-end=\"4836\">Die Bio-Infusion CannaCalm ist ideal f\u00fcr alle, die vor dem Schlafengehen einen Moment der Ruhe und Entspannung suchen. Besonders geeignet f\u00fcr Menschen, die ihre Schlafqualit\u00e4t verbessern und s\u00fc\u00dfe Tr\u00e4ume genie\u00dfen m\u00f6chten.<\/p>\n<p data-start=\"4838\" data-end=\"5185\">Sie ist perfekt f\u00fcr jene, die Stress oder Angst erleben und ein nat\u00fcrliches Mittel suchen, um den Geist zu beruhigen und sich auf eine erholsame Nacht vorzubereiten. Die sorgf\u00e4ltig ausgew\u00e4hlten Zutaten, wie Melisse und Minze, besitzen beruhigende Eigenschaften, die helfen, Spannungen abzubauen und ein Gef\u00fchl von Ruhe und Wohlbefinden zu f\u00f6rdern.<\/p>\n<p data-start=\"5187\" data-end=\"5451\">Die Infusion eignet sich auch f\u00fcr alle, die vor dem Einschlafen eine sinnliche Tee-Erfahrung suchen. Ihr sanfter, wohltuender Duft kombiniert mit der zarten Geschmacksf\u00fclle l\u00e4dt zu einer Pause und Reflexion ein und schafft eine Atmosph\u00e4re, die Entspannung f\u00f6rdert.<\/p>\n<p data-start=\"5453\" data-end=\"5651\">Da es sich um eine Bio-Infusion mit nat\u00fcrlichen Zutaten handelt, ist sie auch eine hervorragende Wahl f\u00fcr alle, die Wert auf Umweltschutz legen und nachhaltige, naturfreundliche Produkte bevorzugen.<\/p>\n<h3 data-start=\"5658\" data-end=\"5683\">Sicherheitshinweise<\/h3>\n<p data-start=\"5684\" data-end=\"5859\">Licht beeintr\u00e4chtigt die Kr\u00e4uter, daher ist es nicht empfehlenswert, die Infusion in Gl\u00e4sern aufzubewahren, auch wenn diese dekorativ sind. Wir empfehlen eine luftdichte Dose.<\/p>\n<p data-start=\"5861\" data-end=\"6011\">Am besten bewahrst du die Infusion in einem hermetisch verschlossenen Beh\u00e4lter auf, der jeglichen Geruch abh\u00e4lt und vor Feuchtigkeit und Luft sch\u00fctzt.<\/p>\n<h3 data-start=\"6018\" data-end=\"6032\">Lagerung<\/h3>\n<p data-start=\"6033\" data-end=\"6250\">Nach dem Kauf der Infusion CannaCalm ist es wichtig, sie richtig zu lagern. Am besten bewahrst du sie in einer luftdichten, nicht aus Glas bestehenden Dose an einem k\u00fchlen, trockenen Ort fern von starken Ger\u00fcchen auf.<\/p>\n<p data-start=\"6252\" data-end=\"6453\">Die Infusion sollte trocken, sauber und geruchsneutral gelagert werden, um ihre organoleptischen Eigenschaften zu erhalten. Wir empfehlen eine Temperatur unter 20 \u00b0C, besonders in den w\u00e4rmeren Monaten.<\/p>\n","protected":false},"excerpt":{"rendered":"<ul>\n<li data-start=\"64\" data-end=\"169\">Entspannender Kr\u00e4utertee mit Bio-Zertifizierung<\/li>\n<li data-start=\"64\" data-end=\"169\">Format: 50 g<\/li>\n<li data-start=\"64\" data-end=\"169\">Zutaten: Hanf, Melisse und Zitrone<\/li>\n<\/ul>\n","protected":false},"featured_media":166617,"template":"","meta":{"_acf_changed":false},"product_brand":[],"class_list":{"0":"post-166611","1":"product","2":"type-product","3":"status-publish","4":"has-post-thumbnail","6":"product_cat-cbd-angebote","7":"product_cat-hanf-tees","8":"product_cat-lebensmittel","10":"first","11":"instock","12":"sale","13":"taxable","14":"shipping-taxable","15":"purchasable","16":"product-type-simple"},"acf":[],"yoast_head":"<!-- This site is optimized with the Yoast SEO plugin v26.3 - https:\/\/yoast.com\/wordpress\/plugins\/seo\/ -->\n<title>Canna Calm Tee: Hanftee zum Schlafen | The Tree CBD<\/title>\n<meta name=\"description\" content=\"Entdecke den Hanftee Canna Calm. Unsere erlesenste Hanftee-Mischung zum Einschlafen. Mit nat\u00fcrlichen und biologischen Zutaten wie Melisse und Zitrone.\" \/>\n<meta name=\"robots\" content=\"index, follow, max-snippet:-1, max-image-preview:large, max-video-preview:-1\" \/>\n<link rel=\"canonical\" href=\"https:\/\/thetreecbd.com\/de\/cbd\/canna-calm-tee-hanftee-zum-schlafen\" \/>\n<meta property=\"og:locale\" content=\"de_DE\" \/>\n<meta property=\"og:type\" content=\"article\" \/>\n<meta property=\"og:title\" content=\"Canna Calm Tee: Hanftee zum Schlafen | The Tree CBD\" \/>\n<meta property=\"og:description\" content=\"Entdecke den Hanftee Canna Calm. Unsere erlesenste Hanftee-Mischung zum Einschlafen. Mit nat\u00fcrlichen und biologischen Zutaten wie Melisse und Zitrone.\" \/>\n<meta property=\"og:url\" content=\"https:\/\/thetreecbd.com\/de\/cbd\/canna-calm-tee-hanftee-zum-schlafen\" \/>\n<meta property=\"og:site_name\" content=\"The Tree CBD\" \/>\n<meta property=\"article:publisher\" content=\"https:\/\/www.facebook.com\/thetreeCBD\/\" \/>\n<meta property=\"og:image\" content=\"https:\/\/thetreecbd.com\/wp-content\/uploads\/2024\/03\/canna-calm-cenital-1.png\" \/>\n\t<meta property=\"og:image:width\" content=\"600\" \/>\n\t<meta property=\"og:image:height\" content=\"720\" \/>\n\t<meta property=\"og:image:type\" content=\"image\/png\" \/>\n<meta name=\"twitter:card\" content=\"summary_large_image\" \/>\n<meta name=\"twitter:site\" content=\"@TheTreeCBD_EU\" \/>\n<meta name=\"twitter:label1\" content=\"Gesch\u00e4tzte Lesezeit\" \/>\n\t<meta name=\"twitter:data1\" content=\"5\u00a0Minuten\" \/>\n<script type=\"application\/ld+json\" class=\"yoast-schema-graph\">{\"@context\":\"https:\/\/schema.org\",\"@graph\":[{\"@type\":[\"WebPage\",\"ItemPage\"],\"@id\":\"https:\/\/thetreecbd.com\/de\/cbd\/canna-calm-tee-hanftee-zum-schlafen\",\"url\":\"https:\/\/thetreecbd.com\/de\/cbd\/canna-calm-tee-hanftee-zum-schlafen\",\"name\":\"Canna Calm Tee: Hanftee zum Schlafen | The Tree CBD\",\"isPartOf\":{\"@id\":\"https:\/\/thetreecbd.com\/de#website\"},\"primaryImageOfPage\":{\"@id\":\"https:\/\/thetreecbd.com\/de\/cbd\/canna-calm-tee-hanftee-zum-schlafen#primaryimage\"},\"image\":{\"@id\":\"https:\/\/thetreecbd.com\/de\/cbd\/canna-calm-tee-hanftee-zum-schlafen#primaryimage\"},\"thumbnailUrl\":\"https:\/\/thetreecbd.com\/wp-content\/uploads\/2024\/03\/canna-calm-cenital-1.png\",\"datePublished\":\"2024-01-23T16:45:37+00:00\",\"description\":\"Entdecke den Hanftee Canna Calm. Unsere erlesenste Hanftee-Mischung zum Einschlafen. Mit nat\u00fcrlichen und biologischen Zutaten wie Melisse und Zitrone.\",\"breadcrumb\":{\"@id\":\"https:\/\/thetreecbd.com\/de\/cbd\/canna-calm-tee-hanftee-zum-schlafen#breadcrumb\"},\"inLanguage\":\"de\",\"potentialAction\":[{\"@type\":\"ReadAction\",\"target\":[\"https:\/\/thetreecbd.com\/de\/cbd\/canna-calm-tee-hanftee-zum-schlafen\"]}]},{\"@type\":\"ImageObject\",\"inLanguage\":\"de\",\"@id\":\"https:\/\/thetreecbd.com\/de\/cbd\/canna-calm-tee-hanftee-zum-schlafen#primaryimage\",\"url\":\"https:\/\/thetreecbd.com\/wp-content\/uploads\/2024\/03\/canna-calm-cenital-1.png\",\"contentUrl\":\"https:\/\/thetreecbd.com\/wp-content\/uploads\/2024\/03\/canna-calm-cenital-1.png\",\"width\":600,\"height\":720},{\"@type\":\"BreadcrumbList\",\"@id\":\"https:\/\/thetreecbd.com\/de\/cbd\/canna-calm-tee-hanftee-zum-schlafen#breadcrumb\",\"itemListElement\":[{\"@type\":\"ListItem\",\"position\":1,\"name\":\"The Tree\",\"item\":\"https:\/\/thetreecbd.com\/de\"},{\"@type\":\"ListItem\",\"position\":2,\"name\":\"CBD\",\"item\":\"https:\/\/thetreecbd.com\/es\/cbd\"},{\"@type\":\"ListItem\",\"position\":3,\"name\":\"CBD-Angebote\",\"item\":\"https:\/\/thetreecbd.com\/de\/cbd-angebote\"},{\"@type\":\"ListItem\",\"position\":4,\"name\":\"Canna Calm Tee: Hanftee zum Schlafen\"}]},{\"@type\":\"WebSite\",\"@id\":\"https:\/\/thetreecbd.com\/de#website\",\"url\":\"https:\/\/thetreecbd.com\/de\",\"name\":\"The Tree CBD\",\"description\":\"Comprar CBD en Espa\u00f1a Online\",\"publisher\":{\"@id\":\"https:\/\/thetreecbd.com\/de#organization\"},\"potentialAction\":[{\"@type\":\"SearchAction\",\"target\":{\"@type\":\"EntryPoint\",\"urlTemplate\":\"https:\/\/thetreecbd.com\/de?s={search_term_string}\"},\"query-input\":{\"@type\":\"PropertyValueSpecification\",\"valueRequired\":true,\"valueName\":\"search_term_string\"}}],\"inLanguage\":\"de\"},{\"@type\":\"Organization\",\"@id\":\"https:\/\/thetreecbd.com\/de#organization\",\"name\":\"The Tree CBD\",\"url\":\"https:\/\/thetreecbd.com\/de\",\"logo\":{\"@type\":\"ImageObject\",\"inLanguage\":\"de\",\"@id\":\"https:\/\/thetreecbd.com\/de#\/schema\/logo\/image\/\",\"url\":\"https:\/\/thetreecbd.com\/wp-content\/uploads\/2022\/04\/logo-thetree.png\",\"contentUrl\":\"https:\/\/thetreecbd.com\/wp-content\/uploads\/2022\/04\/logo-thetree.png\",\"width\":172,\"height\":55,\"caption\":\"The Tree CBD\"},\"image\":{\"@id\":\"https:\/\/thetreecbd.com\/de#\/schema\/logo\/image\/\"},\"sameAs\":[\"https:\/\/www.facebook.com\/thetreeCBD\/\",\"https:\/\/x.com\/TheTreeCBD_EU\",\"https:\/\/www.instagram.com\/thetree.cbd\/\",\"https:\/\/es.trustpilot.com\/review\/thetreecbd.com\"]}]}<\/script>\n<!-- \/ Yoast SEO plugin. -->","yoast_head_json":{"title":"Canna Calm Tee: Hanftee zum Schlafen | The Tree CBD","description":"Entdecke den Hanftee Canna Calm. Unsere erlesenste Hanftee-Mischung zum Einschlafen. Mit nat\u00fcrlichen und biologischen Zutaten wie Melisse und Zitrone.","robots":{"index":"index","follow":"follow","max-snippet":"max-snippet:-1","max-image-preview":"max-image-preview:large","max-video-preview":"max-video-preview:-1"},"canonical":"https:\/\/thetreecbd.com\/de\/cbd\/canna-calm-tee-hanftee-zum-schlafen","og_locale":"de_DE","og_type":"article","og_title":"Canna Calm Tee: Hanftee zum Schlafen | The Tree CBD","og_description":"Entdecke den Hanftee Canna Calm. Unsere erlesenste Hanftee-Mischung zum Einschlafen. Mit nat\u00fcrlichen und biologischen Zutaten wie Melisse und Zitrone.","og_url":"https:\/\/thetreecbd.com\/de\/cbd\/canna-calm-tee-hanftee-zum-schlafen","og_site_name":"The Tree CBD","article_publisher":"https:\/\/www.facebook.com\/thetreeCBD\/","og_image":[{"width":600,"height":720,"url":"https:\/\/thetreecbd.com\/wp-content\/uploads\/2024\/03\/canna-calm-cenital-1.png","type":"image\/png"}],"twitter_card":"summary_large_image","twitter_site":"@TheTreeCBD_EU","twitter_misc":{"Gesch\u00e4tzte Lesezeit":"5\u00a0Minuten"},"schema":{"@context":"https:\/\/schema.org","@graph":[{"@type":["WebPage","ItemPage"],"@id":"https:\/\/thetreecbd.com\/de\/cbd\/canna-calm-tee-hanftee-zum-schlafen","url":"https:\/\/thetreecbd.com\/de\/cbd\/canna-calm-tee-hanftee-zum-schlafen","name":"Canna Calm Tee: Hanftee zum Schlafen | The Tree CBD","isPartOf":{"@id":"https:\/\/thetreecbd.com\/de#website"},"primaryImageOfPage":{"@id":"https:\/\/thetreecbd.com\/de\/cbd\/canna-calm-tee-hanftee-zum-schlafen#primaryimage"},"image":{"@id":"https:\/\/thetreecbd.com\/de\/cbd\/canna-calm-tee-hanftee-zum-schlafen#primaryimage"},"thumbnailUrl":"https:\/\/thetreecbd.com\/wp-content\/uploads\/2024\/03\/canna-calm-cenital-1.png","datePublished":"2024-01-23T16:45:37+00:00","description":"Entdecke den Hanftee Canna Calm. Unsere erlesenste Hanftee-Mischung zum Einschlafen. Mit nat\u00fcrlichen und biologischen Zutaten wie Melisse und Zitrone.","breadcrumb":{"@id":"https:\/\/thetreecbd.com\/de\/cbd\/canna-calm-tee-hanftee-zum-schlafen#breadcrumb"},"inLanguage":"de","potentialAction":[{"@type":"ReadAction","target":["https:\/\/thetreecbd.com\/de\/cbd\/canna-calm-tee-hanftee-zum-schlafen"]}]},{"@type":"ImageObject","inLanguage":"de","@id":"https:\/\/thetreecbd.com\/de\/cbd\/canna-calm-tee-hanftee-zum-schlafen#primaryimage","url":"https:\/\/thetreecbd.com\/wp-content\/uploads\/2024\/03\/canna-calm-cenital-1.png","contentUrl":"https:\/\/thetreecbd.com\/wp-content\/uploads\/2024\/03\/canna-calm-cenital-1.png","width":600,"height":720},{"@type":"BreadcrumbList","@id":"https:\/\/thetreecbd.com\/de\/cbd\/canna-calm-tee-hanftee-zum-schlafen#breadcrumb","itemListElement":[{"@type":"ListItem","position":1,"name":"The Tree","item":"https:\/\/thetreecbd.com\/de"},{"@type":"ListItem","position":2,"name":"CBD","item":"https:\/\/thetreecbd.com\/es\/cbd"},{"@type":"ListItem","position":3,"name":"CBD-Angebote","item":"https:\/\/thetreecbd.com\/de\/cbd-angebote"},{"@type":"ListItem","position":4,"name":"Canna Calm Tee: Hanftee zum Schlafen"}]},{"@type":"WebSite","@id":"https:\/\/thetreecbd.com\/de#website","url":"https:\/\/thetreecbd.com\/de","name":"The Tree CBD","description":"Comprar CBD en Espa\u00f1a Online","publisher":{"@id":"https:\/\/thetreecbd.com\/de#organization"},"potentialAction":[{"@type":"SearchAction","target":{"@type":"EntryPoint","urlTemplate":"https:\/\/thetreecbd.com\/de?s={search_term_string}"},"query-input":{"@type":"PropertyValueSpecification","valueRequired":true,"valueName":"search_term_string"}}],"inLanguage":"de"},{"@type":"Organization","@id":"https:\/\/thetreecbd.com\/de#organization","name":"The Tree CBD","url":"https:\/\/thetreecbd.com\/de","logo":{"@type":"ImageObject","inLanguage":"de","@id":"https:\/\/thetreecbd.com\/de#\/schema\/logo\/image\/","url":"https:\/\/thetreecbd.com\/wp-content\/uploads\/2022\/04\/logo-thetree.png","contentUrl":"https:\/\/thetreecbd.com\/wp-content\/uploads\/2022\/04\/logo-thetree.png","width":172,"height":55,"caption":"The Tree CBD"},"image":{"@id":"https:\/\/thetreecbd.com\/de#\/schema\/logo\/image\/"},"sameAs":["https:\/\/www.facebook.com\/thetreeCBD\/","https:\/\/x.com\/TheTreeCBD_EU","https:\/\/www.instagram.com\/thetree.cbd\/","https:\/\/es.trustpilot.com\/review\/thetreecbd.com"]}]}},"_links":{"self":[{"href":"https:\/\/thetreecbd.com\/de\/wp-json\/wp\/v2\/product\/166611","targetHints":{"allow":["GET"]}}],"collection":[{"href":"https:\/\/thetreecbd.com\/de\/wp-json\/wp\/v2\/product"}],"about":[{"href":"https:\/\/thetreecbd.com\/de\/wp-json\/wp\/v2\/types\/product"}],"version-history":[{"count":0,"href":"https:\/\/thetreecbd.com\/de\/wp-json\/wp\/v2\/product\/166611\/revisions"}],"wp:featuredmedia":[{"embeddable":true,"href":"https:\/\/thetreecbd.com\/de\/wp-json\/wp\/v2\/media\/166617"}],"wp:attachment":[{"href":"https:\/\/thetreecbd.com\/de\/wp-json\/wp\/v2\/media?parent=166611"}],"wp:term":[{"taxonomy":"product_brand","embeddable":true,"href":"https:\/\/thetreecbd.com\/de\/wp-json\/wp\/v2\/product_brand?post=166611"}],"curies":[{"name":"wp","href":"https:\/\/api.w.org\/{rel}","templated":true}]}}