{"id":166618,"date":"2024-01-23T17:52:37","date_gmt":"2024-01-23T16:52:37","guid":{"rendered":"https:\/\/thetreecbd.com\/cbd\/chillout-tee-entspannender-hanftee"},"modified":"2024-01-23T17:52:37","modified_gmt":"2024-01-23T16:52:37","slug":"chillout-tee-entspannender-hanftee","status":"publish","type":"product","link":"https:\/\/thetreecbd.com\/de\/cbd\/chillout-tee-entspannender-hanftee","title":{"rendered":"ChillOut-Tee: Entspannender Hanftee"},"content":{"rendered":"<p data-start=\"124\" data-end=\"535\"><strong data-start=\"124\" data-end=\"222\">Entdecke die Bio-ChillOut-Infusion von The Tree CBD: Ein entspannendes und k\u00f6stliches Erlebnis<\/strong><br data-start=\"222\" data-end=\"225\" \/>Diese sorgf\u00e4ltig von The Tree CBD hergestellte ChillOut-Bio-Infusion bringt die perfekte Harmonie zwischen nat\u00fcrlichem Wohlbefinden und sinnlichem Genuss. Diese einzigartige, ausgewogene und beruhigende Mischung vereint sorgf\u00e4ltig ausgew\u00e4hlte Zutaten, um dir einen Moment der Ruhe und Gelassenheit zu schenken.<\/p>\n<h3 data-start=\"537\" data-end=\"578\">Nat\u00fcrliche und biologische Zutaten:<\/h3>\n<ul data-start=\"579\" data-end=\"1677\">\n<li data-start=\"579\" data-end=\"741\">\n<p data-start=\"581\" data-end=\"741\"><strong data-start=\"581\" data-end=\"593\">Rooibos:<\/strong> Herkunft S\u00fcdafrika. Dieses koffeinfreie Kraut bringt einen milden, erdigen Geschmack und ist reich an Antioxidantien, die die Gesundheit f\u00f6rdern.<\/p>\n<\/li>\n<li data-start=\"742\" data-end=\"872\">\n<p data-start=\"744\" data-end=\"872\"><strong data-start=\"744\" data-end=\"763\">Sultanarosinen:<\/strong> S\u00fc\u00df und saftig, verleihen sie der Infusion eine nat\u00fcrliche S\u00fc\u00dfe sowie wichtige Vitamine und Mineralstoffe.<\/p>\n<\/li>\n<li data-start=\"873\" data-end=\"1000\">\n<p data-start=\"875\" data-end=\"1000\"><strong data-start=\"875\" data-end=\"884\">Hanf:<\/strong> Bekannt f\u00fcr seine entspannenden Eigenschaften, tr\u00e4gt Hanf zu einer Atmosph\u00e4re der Ruhe und des Wohlbefindens bei.<\/p>\n<\/li>\n<li data-start=\"1001\" data-end=\"1150\">\n<p data-start=\"1003\" data-end=\"1150\"><strong data-start=\"1003\" data-end=\"1015\">S\u00fc\u00dfholz:<\/strong> Mit seiner nat\u00fcrlichen S\u00fc\u00dfe s\u00fc\u00dft es die Infusion und ist zugleich f\u00fcr seine entz\u00fcndungshemmenden und beruhigenden Wirkungen bekannt.<\/p>\n<\/li>\n<li data-start=\"1151\" data-end=\"1282\">\n<p data-start=\"1153\" data-end=\"1282\"><strong data-start=\"1153\" data-end=\"1165\">Kamille:<\/strong> Gesch\u00e4tzt f\u00fcr ihre beruhigenden Eigenschaften, verleiht Kamille eine sanfte, blumige Note, die die Sinne beruhigt.<\/p>\n<\/li>\n<li data-start=\"1283\" data-end=\"1408\">\n<p data-start=\"1285\" data-end=\"1408\"><strong data-start=\"1285\" data-end=\"1295\">Apfel:<\/strong> Sorgt f\u00fcr eine fruchtige, erfrischende Note, die die Mischung mit einem milden und saftigen Geschmack erg\u00e4nzt.<\/p>\n<\/li>\n<li data-start=\"1409\" data-end=\"1533\">\n<p data-start=\"1411\" data-end=\"1533\"><strong data-start=\"1411\" data-end=\"1429\">Orangenschale:<\/strong> Bringt eine lebhafte, zitronige Note, die Vitalit\u00e4t verleiht und das sensorische Erlebnis bereichert.<\/p>\n<\/li>\n<li data-start=\"1534\" data-end=\"1677\">\n<p data-start=\"1536\" data-end=\"1677\"><strong data-start=\"1536\" data-end=\"1553\">Rosenbl\u00e4tter:<\/strong> Neben ihrer optischen Eleganz verleihen Rosenbl\u00e4tter eine subtile blumige Nuance, die das Aroma und den Geschmack abrundet.<\/p>\n<\/li>\n<\/ul>\n<h3 data-start=\"1679\" data-end=\"1701\">Bio &amp; Nachhaltig<\/h3>\n<p data-start=\"1702\" data-end=\"1993\">Alle Zutaten unserer Bio-ChillOut-Infusion stammen aus organischem und nachhaltigem Anbau. Wir legen gro\u00dfen Wert auf den Schutz unseres Planeten, ebenso wie auf deine Gesundheit, und verpflichten uns, dir ein Produkt zu bieten, das unsere ethischen und \u00f6kologischen Prinzipien widerspiegelt.<\/p>\n<h3 data-start=\"2000\" data-end=\"2072\">Eigenschaften der entspannenden ChillOut-Infusion von The Tree CBD<\/h3>\n<ul data-start=\"2073\" data-end=\"2248\">\n<li data-start=\"2073\" data-end=\"2121\">\n<p data-start=\"2075\" data-end=\"2121\">Entspannende Infusion mit Bio-Zertifizierung<\/p>\n<\/li>\n<li data-start=\"2122\" data-end=\"2138\">\n<p data-start=\"2124\" data-end=\"2138\">Inhalt: 50 g<\/p>\n<\/li>\n<li data-start=\"2139\" data-end=\"2248\">\n<p data-start=\"2141\" data-end=\"2248\">Zutaten: Rooibos, Rosinen, Hanf, S\u00fc\u00dfholz, Kamille, Apfel, Orangenschale, Rosenbl\u00e4tter und nat\u00fcrliches Aroma<\/p>\n<\/li>\n<\/ul>\n<h3 data-start=\"2255\" data-end=\"2302\">Aroma und Geschmack der ChillOut-Infusion<\/h3>\n<p data-start=\"2303\" data-end=\"2452\">Diese exquisite und zarte Mischung entf\u00fchrt dich in ein Meer aus Entspannung und Ruhe und bietet dir ein einzigartiges Aroma- und Geschmackserlebnis.<\/p>\n<p data-start=\"2454\" data-end=\"2470\"><strong data-start=\"2454\" data-end=\"2468\">Geschmack:<\/strong><\/p>\n<ul data-start=\"2471\" data-end=\"3400\">\n<li data-start=\"2471\" data-end=\"2634\">\n<p data-start=\"2473\" data-end=\"2634\"><em data-start=\"2473\" data-end=\"2500\">Weicher, erdiger Rooibos:<\/em> Rooibos bildet die milde, erdige Basis und sorgt f\u00fcr ein wohltuendes Gef\u00fchl, das den Grundstein f\u00fcr das entspannende Erlebnis legt.<\/p>\n<\/li>\n<li data-start=\"2635\" data-end=\"2801\">\n<p data-start=\"2637\" data-end=\"2801\"><em data-start=\"2637\" data-end=\"2673\">Fruchtige S\u00fc\u00dfe der Sultanarosinen:<\/em> Die Rosinen f\u00fcgen eine nat\u00fcrliche, saftige S\u00fc\u00dfe hinzu und bringen fruchtige Noten ins Gleichgewicht, die den Gaumen erfreuen.<\/p>\n<\/li>\n<li data-start=\"2802\" data-end=\"2930\">\n<p data-start=\"2804\" data-end=\"2930\"><em data-start=\"2804\" data-end=\"2829\">Erfrischende Apfelnote:<\/em> Der Apfel erg\u00e4nzt mit Frische und verleiht dem Gesamtgeschmack eine knackige, belebende Dimension.<\/p>\n<\/li>\n<li data-start=\"2931\" data-end=\"3099\">\n<p data-start=\"2933\" data-end=\"3099\"><em data-start=\"2933\" data-end=\"2987\">Feine blumige Nuancen von Kamille und Rosenbl\u00e4ttern:<\/em> Kamille und Rosenbl\u00e4tter sorgen f\u00fcr eine subtile blumige Note, die das Geschmackserlebnis elegant verfeinert.<\/p>\n<\/li>\n<li data-start=\"3100\" data-end=\"3251\">\n<p data-start=\"3102\" data-end=\"3251\"><em data-start=\"3102\" data-end=\"3136\">Zitrusfrische der Orangenschale:<\/em> Die Orangenschale bringt eine lebhafte, zitronige Note, die die Sinne weckt und der Mischung Vitalit\u00e4t verleiht.<\/p>\n<\/li>\n<li data-start=\"3252\" data-end=\"3400\">\n<p data-start=\"3254\" data-end=\"3400\"><em data-start=\"3254\" data-end=\"3285\">Ausgewogenheit durch S\u00fc\u00dfholz:<\/em> Das S\u00fc\u00dfholz sorgt f\u00fcr Geschmackstiefe und eine intensive S\u00fc\u00dfe, die harmonisch mit den anderen Zutaten verschmilzt.<\/p>\n<\/li>\n<\/ul>\n<p data-start=\"3402\" data-end=\"3414\"><strong data-start=\"3402\" data-end=\"3412\">Aroma:<\/strong><\/p>\n<ul data-start=\"3415\" data-end=\"3874\">\n<li data-start=\"3415\" data-end=\"3556\">\n<p data-start=\"3417\" data-end=\"3556\"><em data-start=\"3417\" data-end=\"3440\">Beruhigende Hanfnote:<\/em> Das sanfte Hanfaroma verschmilzt mit dem Gesamtduft und schafft eine behagliche Atmosph\u00e4re, die zur Ruhe einl\u00e4dt.<\/p>\n<\/li>\n<li data-start=\"3557\" data-end=\"3709\">\n<p data-start=\"3559\" data-end=\"3709\"><em data-start=\"3559\" data-end=\"3588\">Florale und krautige Noten:<\/em> Rosenbl\u00e4tter und Kamille bringen ein florales und kr\u00e4uteriges Bouquet, das die Sinne mit eleganter Aromatik bezaubert.<\/p>\n<\/li>\n<li data-start=\"3710\" data-end=\"3874\">\n<p data-start=\"3712\" data-end=\"3874\"><em data-start=\"3712\" data-end=\"3741\">Saftige, fruchtige Akzente:<\/em> Apfel und Sultanarosinen liefern ein saftiges, fruchtiges Aroma, das den Genuss der Infusion schon vor dem ersten Schluck ank\u00fcndigt.<\/p>\n<\/li>\n<\/ul>\n<h3 data-start=\"3881\" data-end=\"3897\">Zielgruppe<\/h3>\n<p data-start=\"3898\" data-end=\"4135\">Die Bio-ChillOut-Infusion eignet sich perfekt f\u00fcr alle, die vor dem Schlafengehen einen Moment der Ruhe und Entspannung suchen. Sie ist besonders f\u00fcr Menschen geeignet, die ihre Schlafqualit\u00e4t verbessern und s\u00fc\u00dfe Tr\u00e4ume genie\u00dfen m\u00f6chten.<\/p>\n<p data-start=\"4137\" data-end=\"4472\">Ideal f\u00fcr jene, die Stress oder Angstzust\u00e4nde erleben und eine nat\u00fcrliche M\u00f6glichkeit suchen, den Geist zu beruhigen und sich auf eine erholsame Nachtruhe vorzubereiten. Die sorgf\u00e4ltig ausgew\u00e4hlten Zutaten wie Kamille und Minze wirken beruhigend, helfen Spannungen abzubauen und f\u00f6rdern einen Zustand von Gelassenheit und Wohlbefinden.<\/p>\n<p data-start=\"4474\" data-end=\"4755\">Die Infusion eignet sich auch f\u00fcr alle, die ein genussvolles sensorisches Erlebnis beim Trinken einer Tasse vor dem Schlafen w\u00fcnschen. Ihr sanftes, beruhigendes Aroma und die feinen Geschmacksnuancen laden zu einer Pause und Reflexion ein und schaffen eine entspannende Atmosph\u00e4re.<\/p>\n<p data-start=\"4757\" data-end=\"4962\">Da es sich um eine Bio-Infusion mit nat\u00fcrlichen Zutaten handelt, ist sie auch eine hervorragende Wahl f\u00fcr diejenigen, die Wert auf Umweltschutz legen und nachhaltige, naturvertr\u00e4gliche Produkte bevorzugen.<\/p>\n<h3 data-start=\"4969\" data-end=\"4994\">Sicherheitshinweise<\/h3>\n<p data-start=\"4995\" data-end=\"5169\">Licht sch\u00e4digt die Kr\u00e4uter, daher ist es nicht ratsam, die Infusion in Glasbeh\u00e4ltern aufzubewahren, auch wenn diese dekorativ wirken. Wir empfehlen eine luftdichte Metallbox.<\/p>\n<p data-start=\"5171\" data-end=\"5322\">Bewahre die Infusion am besten in einem hermetisch verschlossenen Beh\u00e4lter auf, der Ger\u00fcche fernh\u00e4lt und sie wirksam vor Feuchtigkeit und Luft sch\u00fctzt.<\/p>\n<h3 data-start=\"5329\" data-end=\"5343\">Lagerung<\/h3>\n<p data-start=\"5344\" data-end=\"5545\">Nach dem Kauf der ChillOut-Infusion ist es wichtig, sie richtig zu lagern. Am besten eignet sich eine luftdichte Dose, die nicht aus Glas ist, an einem k\u00fchlen, trockenen Ort, fern von starken Ger\u00fcchen.<\/p>\n<p data-start=\"5547\" data-end=\"5785\">Die ChillOut-Infusion sollte an einem sauberen, trockenen und geruchsfreien Platz gelagert werden, um ihre organoleptischen Eigenschaften zu bewahren. Die Temperatur sollte 20 \u00b0C nicht \u00fcberschreiten, besonders in den warmen Sommermonaten.<\/p>\n","protected":false},"excerpt":{"rendered":"<ul>\n<li>Entspannender Bio-Tee<\/li>\n<li>Inhalt: 50 g<\/li>\n<li>Zutaten: Rooibos, Rosinen, Hanf, S\u00fc\u00dfholz, Kamille, Apfel, Orangenschale, Rosenbl\u00e4tter und nat\u00fcrliches Aroma.<\/li>\n<\/ul>\n","protected":false},"featured_media":166624,"template":"","meta":{"_acf_changed":false},"product_brand":[],"class_list":{"0":"post-166618","1":"product","2":"type-product","3":"status-publish","4":"has-post-thumbnail","6":"product_cat-cbd-angebote","7":"product_cat-hanf-tees","8":"product_cat-lebensmittel","10":"first","11":"instock","12":"sale","13":"taxable","14":"shipping-taxable","15":"purchasable","16":"product-type-simple"},"acf":[],"yoast_head":"<!-- This site is optimized with the Yoast SEO plugin v26.3 - https:\/\/yoast.com\/wordpress\/plugins\/seo\/ -->\n<title>ChillOut-Tee: Entspannender Hanftee | The Tree CBD<\/title>\n<meta name=\"description\" content=\"Entdecke die Ruhe mit unserer ChillOut-Infusion, einem k\u00f6stlichen entspannenden Hanftee. Genie\u00dfe ruhige Momente mit The Tree CBD. Jetzt kaufen und Entspannung erleben!\" \/>\n<meta name=\"robots\" content=\"index, follow, max-snippet:-1, max-image-preview:large, max-video-preview:-1\" \/>\n<link rel=\"canonical\" href=\"https:\/\/thetreecbd.com\/de\/cbd\/chillout-tee-entspannender-hanftee\" \/>\n<meta property=\"og:locale\" content=\"de_DE\" \/>\n<meta property=\"og:type\" content=\"article\" \/>\n<meta property=\"og:title\" content=\"ChillOut-Tee: Entspannender Hanftee | The Tree CBD\" \/>\n<meta property=\"og:description\" content=\"Entdecke die Ruhe mit unserer ChillOut-Infusion, einem k\u00f6stlichen entspannenden Hanftee. Genie\u00dfe ruhige Momente mit The Tree CBD. Jetzt kaufen und Entspannung erleben!\" \/>\n<meta property=\"og:url\" content=\"https:\/\/thetreecbd.com\/de\/cbd\/chillout-tee-entspannender-hanftee\" \/>\n<meta property=\"og:site_name\" content=\"The Tree CBD\" \/>\n<meta property=\"article:publisher\" content=\"https:\/\/www.facebook.com\/thetreeCBD\/\" \/>\n<meta property=\"og:image\" content=\"https:\/\/thetreecbd.com\/wp-content\/uploads\/2024\/03\/chill-out-cenital-1.png\" \/>\n\t<meta property=\"og:image:width\" content=\"600\" \/>\n\t<meta property=\"og:image:height\" content=\"720\" \/>\n\t<meta property=\"og:image:type\" content=\"image\/png\" \/>\n<meta name=\"twitter:card\" content=\"summary_large_image\" \/>\n<meta name=\"twitter:site\" content=\"@TheTreeCBD_EU\" \/>\n<meta name=\"twitter:label1\" content=\"Gesch\u00e4tzte Lesezeit\" \/>\n\t<meta name=\"twitter:data1\" content=\"4\u00a0Minuten\" \/>\n<script type=\"application\/ld+json\" class=\"yoast-schema-graph\">{\"@context\":\"https:\/\/schema.org\",\"@graph\":[{\"@type\":[\"WebPage\",\"ItemPage\"],\"@id\":\"https:\/\/thetreecbd.com\/de\/cbd\/chillout-tee-entspannender-hanftee\",\"url\":\"https:\/\/thetreecbd.com\/de\/cbd\/chillout-tee-entspannender-hanftee\",\"name\":\"ChillOut-Tee: Entspannender Hanftee | The Tree CBD\",\"isPartOf\":{\"@id\":\"https:\/\/thetreecbd.com\/de#website\"},\"primaryImageOfPage\":{\"@id\":\"https:\/\/thetreecbd.com\/de\/cbd\/chillout-tee-entspannender-hanftee#primaryimage\"},\"image\":{\"@id\":\"https:\/\/thetreecbd.com\/de\/cbd\/chillout-tee-entspannender-hanftee#primaryimage\"},\"thumbnailUrl\":\"https:\/\/thetreecbd.com\/wp-content\/uploads\/2024\/03\/chill-out-cenital-1.png\",\"datePublished\":\"2024-01-23T16:52:37+00:00\",\"description\":\"Entdecke die Ruhe mit unserer ChillOut-Infusion, einem k\u00f6stlichen entspannenden Hanftee. Genie\u00dfe ruhige Momente mit The Tree CBD. Jetzt kaufen und Entspannung erleben!\",\"breadcrumb\":{\"@id\":\"https:\/\/thetreecbd.com\/de\/cbd\/chillout-tee-entspannender-hanftee#breadcrumb\"},\"inLanguage\":\"de\",\"potentialAction\":[{\"@type\":\"ReadAction\",\"target\":[\"https:\/\/thetreecbd.com\/de\/cbd\/chillout-tee-entspannender-hanftee\"]}]},{\"@type\":\"ImageObject\",\"inLanguage\":\"de\",\"@id\":\"https:\/\/thetreecbd.com\/de\/cbd\/chillout-tee-entspannender-hanftee#primaryimage\",\"url\":\"https:\/\/thetreecbd.com\/wp-content\/uploads\/2024\/03\/chill-out-cenital-1.png\",\"contentUrl\":\"https:\/\/thetreecbd.com\/wp-content\/uploads\/2024\/03\/chill-out-cenital-1.png\",\"width\":600,\"height\":720},{\"@type\":\"BreadcrumbList\",\"@id\":\"https:\/\/thetreecbd.com\/de\/cbd\/chillout-tee-entspannender-hanftee#breadcrumb\",\"itemListElement\":[{\"@type\":\"ListItem\",\"position\":1,\"name\":\"The Tree\",\"item\":\"https:\/\/thetreecbd.com\/de\"},{\"@type\":\"ListItem\",\"position\":2,\"name\":\"CBD\",\"item\":\"https:\/\/thetreecbd.com\/es\/cbd\"},{\"@type\":\"ListItem\",\"position\":3,\"name\":\"Lebensmittel\",\"item\":\"https:\/\/thetreecbd.com\/de\/lebensmittel\"},{\"@type\":\"ListItem\",\"position\":4,\"name\":\"ChillOut-Tee: Entspannender Hanftee\"}]},{\"@type\":\"WebSite\",\"@id\":\"https:\/\/thetreecbd.com\/de#website\",\"url\":\"https:\/\/thetreecbd.com\/de\",\"name\":\"The Tree CBD\",\"description\":\"Comprar CBD en Espa\u00f1a Online\",\"publisher\":{\"@id\":\"https:\/\/thetreecbd.com\/de#organization\"},\"potentialAction\":[{\"@type\":\"SearchAction\",\"target\":{\"@type\":\"EntryPoint\",\"urlTemplate\":\"https:\/\/thetreecbd.com\/de?s={search_term_string}\"},\"query-input\":{\"@type\":\"PropertyValueSpecification\",\"valueRequired\":true,\"valueName\":\"search_term_string\"}}],\"inLanguage\":\"de\"},{\"@type\":\"Organization\",\"@id\":\"https:\/\/thetreecbd.com\/de#organization\",\"name\":\"The Tree CBD\",\"url\":\"https:\/\/thetreecbd.com\/de\",\"logo\":{\"@type\":\"ImageObject\",\"inLanguage\":\"de\",\"@id\":\"https:\/\/thetreecbd.com\/de#\/schema\/logo\/image\/\",\"url\":\"https:\/\/thetreecbd.com\/wp-content\/uploads\/2022\/04\/logo-thetree.png\",\"contentUrl\":\"https:\/\/thetreecbd.com\/wp-content\/uploads\/2022\/04\/logo-thetree.png\",\"width\":172,\"height\":55,\"caption\":\"The Tree CBD\"},\"image\":{\"@id\":\"https:\/\/thetreecbd.com\/de#\/schema\/logo\/image\/\"},\"sameAs\":[\"https:\/\/www.facebook.com\/thetreeCBD\/\",\"https:\/\/x.com\/TheTreeCBD_EU\",\"https:\/\/www.instagram.com\/thetree.cbd\/\",\"https:\/\/es.trustpilot.com\/review\/thetreecbd.com\"]}]}<\/script>\n<!-- \/ Yoast SEO plugin. -->","yoast_head_json":{"title":"ChillOut-Tee: Entspannender Hanftee | The Tree CBD","description":"Entdecke die Ruhe mit unserer ChillOut-Infusion, einem k\u00f6stlichen entspannenden Hanftee. Genie\u00dfe ruhige Momente mit The Tree CBD. Jetzt kaufen und Entspannung erleben!","robots":{"index":"index","follow":"follow","max-snippet":"max-snippet:-1","max-image-preview":"max-image-preview:large","max-video-preview":"max-video-preview:-1"},"canonical":"https:\/\/thetreecbd.com\/de\/cbd\/chillout-tee-entspannender-hanftee","og_locale":"de_DE","og_type":"article","og_title":"ChillOut-Tee: Entspannender Hanftee | The Tree CBD","og_description":"Entdecke die Ruhe mit unserer ChillOut-Infusion, einem k\u00f6stlichen entspannenden Hanftee. Genie\u00dfe ruhige Momente mit The Tree CBD. Jetzt kaufen und Entspannung erleben!","og_url":"https:\/\/thetreecbd.com\/de\/cbd\/chillout-tee-entspannender-hanftee","og_site_name":"The Tree CBD","article_publisher":"https:\/\/www.facebook.com\/thetreeCBD\/","og_image":[{"width":600,"height":720,"url":"https:\/\/thetreecbd.com\/wp-content\/uploads\/2024\/03\/chill-out-cenital-1.png","type":"image\/png"}],"twitter_card":"summary_large_image","twitter_site":"@TheTreeCBD_EU","twitter_misc":{"Gesch\u00e4tzte Lesezeit":"4\u00a0Minuten"},"schema":{"@context":"https:\/\/schema.org","@graph":[{"@type":["WebPage","ItemPage"],"@id":"https:\/\/thetreecbd.com\/de\/cbd\/chillout-tee-entspannender-hanftee","url":"https:\/\/thetreecbd.com\/de\/cbd\/chillout-tee-entspannender-hanftee","name":"ChillOut-Tee: Entspannender Hanftee | The Tree CBD","isPartOf":{"@id":"https:\/\/thetreecbd.com\/de#website"},"primaryImageOfPage":{"@id":"https:\/\/thetreecbd.com\/de\/cbd\/chillout-tee-entspannender-hanftee#primaryimage"},"image":{"@id":"https:\/\/thetreecbd.com\/de\/cbd\/chillout-tee-entspannender-hanftee#primaryimage"},"thumbnailUrl":"https:\/\/thetreecbd.com\/wp-content\/uploads\/2024\/03\/chill-out-cenital-1.png","datePublished":"2024-01-23T16:52:37+00:00","description":"Entdecke die Ruhe mit unserer ChillOut-Infusion, einem k\u00f6stlichen entspannenden Hanftee. Genie\u00dfe ruhige Momente mit The Tree CBD. Jetzt kaufen und Entspannung erleben!","breadcrumb":{"@id":"https:\/\/thetreecbd.com\/de\/cbd\/chillout-tee-entspannender-hanftee#breadcrumb"},"inLanguage":"de","potentialAction":[{"@type":"ReadAction","target":["https:\/\/thetreecbd.com\/de\/cbd\/chillout-tee-entspannender-hanftee"]}]},{"@type":"ImageObject","inLanguage":"de","@id":"https:\/\/thetreecbd.com\/de\/cbd\/chillout-tee-entspannender-hanftee#primaryimage","url":"https:\/\/thetreecbd.com\/wp-content\/uploads\/2024\/03\/chill-out-cenital-1.png","contentUrl":"https:\/\/thetreecbd.com\/wp-content\/uploads\/2024\/03\/chill-out-cenital-1.png","width":600,"height":720},{"@type":"BreadcrumbList","@id":"https:\/\/thetreecbd.com\/de\/cbd\/chillout-tee-entspannender-hanftee#breadcrumb","itemListElement":[{"@type":"ListItem","position":1,"name":"The Tree","item":"https:\/\/thetreecbd.com\/de"},{"@type":"ListItem","position":2,"name":"CBD","item":"https:\/\/thetreecbd.com\/es\/cbd"},{"@type":"ListItem","position":3,"name":"Lebensmittel","item":"https:\/\/thetreecbd.com\/de\/lebensmittel"},{"@type":"ListItem","position":4,"name":"ChillOut-Tee: Entspannender Hanftee"}]},{"@type":"WebSite","@id":"https:\/\/thetreecbd.com\/de#website","url":"https:\/\/thetreecbd.com\/de","name":"The Tree CBD","description":"Comprar CBD en Espa\u00f1a Online","publisher":{"@id":"https:\/\/thetreecbd.com\/de#organization"},"potentialAction":[{"@type":"SearchAction","target":{"@type":"EntryPoint","urlTemplate":"https:\/\/thetreecbd.com\/de?s={search_term_string}"},"query-input":{"@type":"PropertyValueSpecification","valueRequired":true,"valueName":"search_term_string"}}],"inLanguage":"de"},{"@type":"Organization","@id":"https:\/\/thetreecbd.com\/de#organization","name":"The Tree CBD","url":"https:\/\/thetreecbd.com\/de","logo":{"@type":"ImageObject","inLanguage":"de","@id":"https:\/\/thetreecbd.com\/de#\/schema\/logo\/image\/","url":"https:\/\/thetreecbd.com\/wp-content\/uploads\/2022\/04\/logo-thetree.png","contentUrl":"https:\/\/thetreecbd.com\/wp-content\/uploads\/2022\/04\/logo-thetree.png","width":172,"height":55,"caption":"The Tree CBD"},"image":{"@id":"https:\/\/thetreecbd.com\/de#\/schema\/logo\/image\/"},"sameAs":["https:\/\/www.facebook.com\/thetreeCBD\/","https:\/\/x.com\/TheTreeCBD_EU","https:\/\/www.instagram.com\/thetree.cbd\/","https:\/\/es.trustpilot.com\/review\/thetreecbd.com"]}]}},"_links":{"self":[{"href":"https:\/\/thetreecbd.com\/de\/wp-json\/wp\/v2\/product\/166618","targetHints":{"allow":["GET"]}}],"collection":[{"href":"https:\/\/thetreecbd.com\/de\/wp-json\/wp\/v2\/product"}],"about":[{"href":"https:\/\/thetreecbd.com\/de\/wp-json\/wp\/v2\/types\/product"}],"version-history":[{"count":0,"href":"https:\/\/thetreecbd.com\/de\/wp-json\/wp\/v2\/product\/166618\/revisions"}],"wp:featuredmedia":[{"embeddable":true,"href":"https:\/\/thetreecbd.com\/de\/wp-json\/wp\/v2\/media\/166624"}],"wp:attachment":[{"href":"https:\/\/thetreecbd.com\/de\/wp-json\/wp\/v2\/media?parent=166618"}],"wp:term":[{"taxonomy":"product_brand","embeddable":true,"href":"https:\/\/thetreecbd.com\/de\/wp-json\/wp\/v2\/product_brand?post=166618"}],"curies":[{"name":"wp","href":"https:\/\/api.w.org\/{rel}","templated":true}]}}