{"id":166627,"date":"2024-01-23T13:45:03","date_gmt":"2024-01-23T12:45:03","guid":{"rendered":"https:\/\/thetreecbd.com\/cbd\/hemplicious-infusion-bio-hanftee"},"modified":"2024-01-23T13:45:03","modified_gmt":"2024-01-23T12:45:03","slug":"hemplicious-infusion-bio-hanftee","status":"publish","type":"product","link":"https:\/\/thetreecbd.com\/de\/cbd\/hemplicious-infusion-bio-hanftee","title":{"rendered":"HempLicious-Infusion: Bio-Hanftee"},"content":{"rendered":"<p data-start=\"121\" data-end=\"462\"><strong data-start=\"121\" data-end=\"462\">Tauche deinen Gaumen ein in eine einzigartige Reise mit dem Bio-Hanftee HempLicious von The Tree CBD, einer exquisiten Mischung, die sorgf\u00e4ltig nat\u00fcrliche und wohltuende Zutaten kombiniert. Dieser aufgegossene Tee f\u00e4ngt die Essenz des Hanfs ein, begleitet von einer sorgf\u00e4ltig ausgew\u00e4hlten Aromenvielfalt, die deine Sinne verw\u00f6hnen wird.<\/strong><\/p>\n<p data-start=\"464\" data-end=\"844\">Die Basis dieser innovativen Infusion bildet Hanf, bekannt f\u00fcr seine entspannenden und ausgleichenden Eigenschaften. Rooibos bringt seinen erdigen Geschmack und fruchtige Noten ein und schafft eine perfekte Harmonie mit den s\u00fc\u00dfen Sultaninen und dem saftigen Apfel. Kirschen verleihen eine lebendige Note, w\u00e4hrend Blaubeeren, reich an Antioxidantien, eine frische Explosion bieten.<\/p>\n<p data-start=\"846\" data-end=\"1079\">Die HempLicious-Infusion wird durch Hibiskus auf ein neues Niveau gehoben, der eine blumige und belebende Nuance hinzuf\u00fcgt. Abgerundet wird diese einzigartige Mischung durch Rosenbl\u00fcten, die eine zarte und romantische Note beitragen.<\/p>\n<p data-start=\"1081\" data-end=\"1331\">Dieser Tee ist nicht nur ein Genuss f\u00fcr die Sinne, sondern auch eine gesunde und nat\u00fcrliche Wahl. Jeder Schluck HempLicious ist ein umfassendes sinnliches Erlebnis, das f\u00fcr jene entworfen wurde, die Entspannung und Wohlbefinden in jeder Tasse suchen.<\/p>\n<p data-start=\"1333\" data-end=\"1624\"><strong data-start=\"1333\" data-end=\"1354\">Bio &amp; Nachhaltig:<\/strong><br data-start=\"1354\" data-end=\"1357\" \/>Alle Zutaten unserer Bio-Infusion ChillOut stammen aus biologischem und nachhaltigem Anbau. Wir sch\u00e4tzen die Gesundheit unseres Planeten ebenso wie deine und verpflichten uns, dir ein Produkt anzubieten, das unsere ethischen und \u00f6kologischen Prinzipien widerspiegelt.<\/p>\n<h3 data-start=\"1631\" data-end=\"1675\">Eigenschaften der HempLicious-Infusion<\/h3>\n<ul data-start=\"1676\" data-end=\"1847\">\n<li data-start=\"1676\" data-end=\"1720\">\n<p data-start=\"1678\" data-end=\"1720\">Entspannende Infusion mit Bio-Zertifikat<\/p>\n<\/li>\n<li data-start=\"1721\" data-end=\"1737\">\n<p data-start=\"1723\" data-end=\"1737\">Format: 50 g<\/p>\n<\/li>\n<li data-start=\"1738\" data-end=\"1847\">\n<p data-start=\"1740\" data-end=\"1847\">Zutaten: Hanf, Rooibos, Sultaninen, Apfel, Kirsche, Blaubeere, Hibiskus, Rosenbl\u00fcten und nat\u00fcrliches Aroma.<\/p>\n<\/li>\n<\/ul>\n<h3 data-start=\"1854\" data-end=\"1904\">Aroma der entspannenden HempLicious-Infusion<\/h3>\n<p data-start=\"1905\" data-end=\"2215\">Das Aroma der HempLicious-Infusion von The Tree CBD ist eine fesselnde Sinfonie von D\u00fcften, die sich harmonisch verweben und ein einzigartiges aromatisches Erlebnis schaffen. Beim Heranf\u00fchren der Tasse an deine Sinne begr\u00fc\u00dft dich eine sanfte, erdige Basis des Hanfs, die den wohltuenden Ton der Infusion setzt.<\/p>\n<p data-start=\"2217\" data-end=\"2515\">Im weiteren Verlauf entfalten sich die fruchtigen T\u00f6ne des Rooibos und die S\u00fc\u00dfe der Sultaninen und \u00c4pfel, die ein frisches und saftiges Bouquet bilden. Die Kirschen verleihen eine lebendige und saftige Note, w\u00e4hrend die Blaubeeren mit ihrer Frische und einem Hauch leichter S\u00e4ure die Sinne beleben.<\/p>\n<p data-start=\"2517\" data-end=\"2806\">Der Hibiskus weckt mit seiner charakteristischen blumigen Nuance das Aroma, verleiht einen exotischen und belebenden Touch. Schlie\u00dflich vervollst\u00e4ndigen Rosenbl\u00fcten das aromatische Erlebnis mit ihrem zarten und romantischen Duft und runden die Komposition dieser einzigartigen Infusion ab.<\/p>\n<p data-start=\"2808\" data-end=\"3086\">Insgesamt l\u00e4dt das Aroma von HempLicious zu einer sinnlichen Reise ein, bei der jede Komponente zu einem reichen und angenehmen olfaktorischen Erlebnis beitr\u00e4gt. Entdecke die Komplexit\u00e4t und Harmonie dieses nat\u00fcrlichen Duftes, der die k\u00f6stliche Erfahrung im Geschmack ank\u00fcndigt.<\/p>\n<h3 data-start=\"3093\" data-end=\"3109\">Zielgruppe<\/h3>\n<p data-start=\"3110\" data-end=\"3345\">Die Bio-HempLicious-Infusion ist perfekt f\u00fcr alle, die einen Moment der Ruhe und Entspannung vor dem Schlafengehen suchen. Sie wurde speziell f\u00fcr Menschen entwickelt, die ihre Schlafqualit\u00e4t verbessern und s\u00fc\u00dfe Tr\u00e4ume genie\u00dfen m\u00f6chten.<\/p>\n<p data-start=\"3347\" data-end=\"3671\">Ideal ist sie f\u00fcr Personen, die Stress oder Angst erleben und ein nat\u00fcrliches Mittel zur Beruhigung des Geistes suchen, um sich auf eine erholsame Nachtruhe vorzubereiten. Sorgf\u00e4ltig ausgew\u00e4hlte Zutaten wie Kamille und Minze wirken beruhigend, helfen Spannungen abzubauen und f\u00f6rdern einen Zustand von Ruhe und Wohlbefinden.<\/p>\n<p data-start=\"3673\" data-end=\"3980\">Die Infusion eignet sich auch f\u00fcr diejenigen, die beim Genuss einer Tasse Tee vor dem Schlafen eine sinnliche und angenehme Erfahrung suchen. Ihr sanftes, wohltuendes Aroma kombiniert mit der Feinheit der Aromen l\u00e4dt zu einer Pause und Reflexion ein und schafft eine Atmosph\u00e4re, die zur Entspannung einl\u00e4dt.<\/p>\n<p data-start=\"3982\" data-end=\"4161\">Au\u00dferdem ist die Bio-Infusion mit nat\u00fcrlichen Zutaten eine ausgezeichnete Wahl f\u00fcr Menschen, die Wert auf Umweltschutz legen und nachhaltige, naturfreundliche Produkte bevorzugen.<\/p>\n<h3 data-start=\"4168\" data-end=\"4193\">Sicherheitshinweise<\/h3>\n<p data-start=\"4194\" data-end=\"4375\">Licht sch\u00e4digt die Kr\u00e4uter, daher wird nicht empfohlen, die Infusion in Gl\u00e4sern zu lagern, auch wenn sie dort dekorativ aussehen. Wir empfehlen eine Dose mit luftdichtem Verschluss.<\/p>\n<p data-start=\"4377\" data-end=\"4537\">Es ist am besten, die Infusion in einem hermetisch verschlossenen Beh\u00e4lter aufzubewahren, um Ger\u00fcche fernzuhalten und sie vor Feuchtigkeit und Luft zu sch\u00fctzen.<\/p>\n<h3 data-start=\"4544\" data-end=\"4558\">Lagerung<\/h3>\n<p data-start=\"4559\" data-end=\"4780\">Nach dem Kauf der HempLicious-Infusion ist es wichtig, sie richtig zu lagern. Am besten bewahrt man sie in einer luftdichten Dose auf, die nicht aus Glas besteht, an einem k\u00fchlen, trockenen Ort, fern von starken Ger\u00fcchen.<\/p>\n<p data-start=\"4782\" data-end=\"5035\">Die Infusion sollte an einem trockenen, sauberen, geruchfreien Ort aufbewahrt werden, um sicherzustellen, dass sie ihre organoleptischen Eigenschaften beh\u00e4lt. Wir empfehlen, die Temperatur 20 \u00b0C nicht zu \u00fcberschreiten, besonders in den w\u00e4rmeren Monaten.<\/p>\n<p data-start=\"5042\" data-end=\"5126\" data-is-last-node=\"\" data-is-only-node=\"\">\n","protected":false},"excerpt":{"rendered":"<ul>\n<li data-start=\"66\" data-end=\"216\">Entspannender Bio-Tee<\/li>\n<li data-start=\"66\" data-end=\"216\">Format: 50 g<\/li>\n<li data-start=\"66\" data-end=\"216\">Zutaten: Hanf, Rooibos, Sultaninen, Apfel, Kirsche, Blaubeere, Hibiskus, Rosenbl\u00e4tter und nat\u00fcrliches Aroma<\/li>\n<\/ul>\n","protected":false},"featured_media":166632,"template":"","meta":{"_acf_changed":false},"product_brand":[],"class_list":{"0":"post-166627","1":"product","2":"type-product","3":"status-publish","4":"has-post-thumbnail","6":"product_cat-cbd-angebote","7":"product_cat-hanf-tees","8":"product_cat-lebensmittel","10":"first","11":"instock","12":"sale","13":"taxable","14":"shipping-taxable","15":"purchasable","16":"product-type-simple"},"acf":[],"yoast_head":"<!-- This site is optimized with the Yoast SEO plugin v26.3 - https:\/\/yoast.com\/wordpress\/plugins\/seo\/ -->\n<title>HempLicious-Infusion: Bio-Hanftee | The Tree CBD<\/title>\n<meta name=\"description\" content=\"Erlebe den reinen Geschmack der Natur mit unserer Bio-Hanf-Infusion HempLicious. Entdecke das perfekte Gleichgewicht in jedem Schluck. Jetzt bei The Tree CBD kaufen!\" \/>\n<meta name=\"robots\" content=\"index, follow, max-snippet:-1, max-image-preview:large, max-video-preview:-1\" \/>\n<link rel=\"canonical\" href=\"https:\/\/thetreecbd.com\/de\/cbd\/hemplicious-infusion-bio-hanftee\" \/>\n<meta property=\"og:locale\" content=\"de_DE\" \/>\n<meta property=\"og:type\" content=\"article\" \/>\n<meta property=\"og:title\" content=\"HempLicious-Infusion: Bio-Hanftee | The Tree CBD\" \/>\n<meta property=\"og:description\" content=\"Erlebe den reinen Geschmack der Natur mit unserer Bio-Hanf-Infusion HempLicious. Entdecke das perfekte Gleichgewicht in jedem Schluck. Jetzt bei The Tree CBD kaufen!\" \/>\n<meta property=\"og:url\" content=\"https:\/\/thetreecbd.com\/de\/cbd\/hemplicious-infusion-bio-hanftee\" \/>\n<meta property=\"og:site_name\" content=\"The Tree CBD\" \/>\n<meta property=\"article:publisher\" content=\"https:\/\/www.facebook.com\/thetreeCBD\/\" \/>\n<meta property=\"og:image\" content=\"https:\/\/thetreecbd.com\/wp-content\/uploads\/2024\/03\/hemp-licious-cenital-1.png\" \/>\n\t<meta property=\"og:image:width\" content=\"600\" \/>\n\t<meta property=\"og:image:height\" content=\"720\" \/>\n\t<meta property=\"og:image:type\" content=\"image\/png\" \/>\n<meta name=\"twitter:card\" content=\"summary_large_image\" \/>\n<meta name=\"twitter:site\" content=\"@TheTreeCBD_EU\" \/>\n<meta name=\"twitter:label1\" content=\"Gesch\u00e4tzte Lesezeit\" \/>\n\t<meta name=\"twitter:data1\" content=\"4\u00a0Minuten\" \/>\n<script type=\"application\/ld+json\" class=\"yoast-schema-graph\">{\"@context\":\"https:\/\/schema.org\",\"@graph\":[{\"@type\":[\"WebPage\",\"ItemPage\"],\"@id\":\"https:\/\/thetreecbd.com\/de\/cbd\/hemplicious-infusion-bio-hanftee\",\"url\":\"https:\/\/thetreecbd.com\/de\/cbd\/hemplicious-infusion-bio-hanftee\",\"name\":\"HempLicious-Infusion: Bio-Hanftee | The Tree CBD\",\"isPartOf\":{\"@id\":\"https:\/\/thetreecbd.com\/de#website\"},\"primaryImageOfPage\":{\"@id\":\"https:\/\/thetreecbd.com\/de\/cbd\/hemplicious-infusion-bio-hanftee#primaryimage\"},\"image\":{\"@id\":\"https:\/\/thetreecbd.com\/de\/cbd\/hemplicious-infusion-bio-hanftee#primaryimage\"},\"thumbnailUrl\":\"https:\/\/thetreecbd.com\/wp-content\/uploads\/2024\/03\/hemp-licious-cenital-1.png\",\"datePublished\":\"2024-01-23T12:45:03+00:00\",\"description\":\"Erlebe den reinen Geschmack der Natur mit unserer Bio-Hanf-Infusion HempLicious. Entdecke das perfekte Gleichgewicht in jedem Schluck. Jetzt bei The Tree CBD kaufen!\",\"breadcrumb\":{\"@id\":\"https:\/\/thetreecbd.com\/de\/cbd\/hemplicious-infusion-bio-hanftee#breadcrumb\"},\"inLanguage\":\"de\",\"potentialAction\":[{\"@type\":\"ReadAction\",\"target\":[\"https:\/\/thetreecbd.com\/de\/cbd\/hemplicious-infusion-bio-hanftee\"]}]},{\"@type\":\"ImageObject\",\"inLanguage\":\"de\",\"@id\":\"https:\/\/thetreecbd.com\/de\/cbd\/hemplicious-infusion-bio-hanftee#primaryimage\",\"url\":\"https:\/\/thetreecbd.com\/wp-content\/uploads\/2024\/03\/hemp-licious-cenital-1.png\",\"contentUrl\":\"https:\/\/thetreecbd.com\/wp-content\/uploads\/2024\/03\/hemp-licious-cenital-1.png\",\"width\":600,\"height\":720},{\"@type\":\"BreadcrumbList\",\"@id\":\"https:\/\/thetreecbd.com\/de\/cbd\/hemplicious-infusion-bio-hanftee#breadcrumb\",\"itemListElement\":[{\"@type\":\"ListItem\",\"position\":1,\"name\":\"The Tree\",\"item\":\"https:\/\/thetreecbd.com\/de\"},{\"@type\":\"ListItem\",\"position\":2,\"name\":\"CBD\",\"item\":\"https:\/\/thetreecbd.com\/es\/cbd\"},{\"@type\":\"ListItem\",\"position\":3,\"name\":\"Lebensmittel\",\"item\":\"https:\/\/thetreecbd.com\/de\/lebensmittel\"},{\"@type\":\"ListItem\",\"position\":4,\"name\":\"HempLicious-Infusion: Bio-Hanftee\"}]},{\"@type\":\"WebSite\",\"@id\":\"https:\/\/thetreecbd.com\/de#website\",\"url\":\"https:\/\/thetreecbd.com\/de\",\"name\":\"The Tree CBD\",\"description\":\"Comprar CBD en Espa\u00f1a Online\",\"publisher\":{\"@id\":\"https:\/\/thetreecbd.com\/de#organization\"},\"potentialAction\":[{\"@type\":\"SearchAction\",\"target\":{\"@type\":\"EntryPoint\",\"urlTemplate\":\"https:\/\/thetreecbd.com\/de?s={search_term_string}\"},\"query-input\":{\"@type\":\"PropertyValueSpecification\",\"valueRequired\":true,\"valueName\":\"search_term_string\"}}],\"inLanguage\":\"de\"},{\"@type\":\"Organization\",\"@id\":\"https:\/\/thetreecbd.com\/de#organization\",\"name\":\"The Tree CBD\",\"url\":\"https:\/\/thetreecbd.com\/de\",\"logo\":{\"@type\":\"ImageObject\",\"inLanguage\":\"de\",\"@id\":\"https:\/\/thetreecbd.com\/de#\/schema\/logo\/image\/\",\"url\":\"https:\/\/thetreecbd.com\/wp-content\/uploads\/2022\/04\/logo-thetree.png\",\"contentUrl\":\"https:\/\/thetreecbd.com\/wp-content\/uploads\/2022\/04\/logo-thetree.png\",\"width\":172,\"height\":55,\"caption\":\"The Tree CBD\"},\"image\":{\"@id\":\"https:\/\/thetreecbd.com\/de#\/schema\/logo\/image\/\"},\"sameAs\":[\"https:\/\/www.facebook.com\/thetreeCBD\/\",\"https:\/\/x.com\/TheTreeCBD_EU\",\"https:\/\/www.instagram.com\/thetree.cbd\/\",\"https:\/\/es.trustpilot.com\/review\/thetreecbd.com\"]}]}<\/script>\n<!-- \/ Yoast SEO plugin. -->","yoast_head_json":{"title":"HempLicious-Infusion: Bio-Hanftee | The Tree CBD","description":"Erlebe den reinen Geschmack der Natur mit unserer Bio-Hanf-Infusion HempLicious. Entdecke das perfekte Gleichgewicht in jedem Schluck. Jetzt bei The Tree CBD kaufen!","robots":{"index":"index","follow":"follow","max-snippet":"max-snippet:-1","max-image-preview":"max-image-preview:large","max-video-preview":"max-video-preview:-1"},"canonical":"https:\/\/thetreecbd.com\/de\/cbd\/hemplicious-infusion-bio-hanftee","og_locale":"de_DE","og_type":"article","og_title":"HempLicious-Infusion: Bio-Hanftee | The Tree CBD","og_description":"Erlebe den reinen Geschmack der Natur mit unserer Bio-Hanf-Infusion HempLicious. Entdecke das perfekte Gleichgewicht in jedem Schluck. Jetzt bei The Tree CBD kaufen!","og_url":"https:\/\/thetreecbd.com\/de\/cbd\/hemplicious-infusion-bio-hanftee","og_site_name":"The Tree CBD","article_publisher":"https:\/\/www.facebook.com\/thetreeCBD\/","og_image":[{"width":600,"height":720,"url":"https:\/\/thetreecbd.com\/wp-content\/uploads\/2024\/03\/hemp-licious-cenital-1.png","type":"image\/png"}],"twitter_card":"summary_large_image","twitter_site":"@TheTreeCBD_EU","twitter_misc":{"Gesch\u00e4tzte Lesezeit":"4\u00a0Minuten"},"schema":{"@context":"https:\/\/schema.org","@graph":[{"@type":["WebPage","ItemPage"],"@id":"https:\/\/thetreecbd.com\/de\/cbd\/hemplicious-infusion-bio-hanftee","url":"https:\/\/thetreecbd.com\/de\/cbd\/hemplicious-infusion-bio-hanftee","name":"HempLicious-Infusion: Bio-Hanftee | The Tree CBD","isPartOf":{"@id":"https:\/\/thetreecbd.com\/de#website"},"primaryImageOfPage":{"@id":"https:\/\/thetreecbd.com\/de\/cbd\/hemplicious-infusion-bio-hanftee#primaryimage"},"image":{"@id":"https:\/\/thetreecbd.com\/de\/cbd\/hemplicious-infusion-bio-hanftee#primaryimage"},"thumbnailUrl":"https:\/\/thetreecbd.com\/wp-content\/uploads\/2024\/03\/hemp-licious-cenital-1.png","datePublished":"2024-01-23T12:45:03+00:00","description":"Erlebe den reinen Geschmack der Natur mit unserer Bio-Hanf-Infusion HempLicious. Entdecke das perfekte Gleichgewicht in jedem Schluck. Jetzt bei The Tree CBD kaufen!","breadcrumb":{"@id":"https:\/\/thetreecbd.com\/de\/cbd\/hemplicious-infusion-bio-hanftee#breadcrumb"},"inLanguage":"de","potentialAction":[{"@type":"ReadAction","target":["https:\/\/thetreecbd.com\/de\/cbd\/hemplicious-infusion-bio-hanftee"]}]},{"@type":"ImageObject","inLanguage":"de","@id":"https:\/\/thetreecbd.com\/de\/cbd\/hemplicious-infusion-bio-hanftee#primaryimage","url":"https:\/\/thetreecbd.com\/wp-content\/uploads\/2024\/03\/hemp-licious-cenital-1.png","contentUrl":"https:\/\/thetreecbd.com\/wp-content\/uploads\/2024\/03\/hemp-licious-cenital-1.png","width":600,"height":720},{"@type":"BreadcrumbList","@id":"https:\/\/thetreecbd.com\/de\/cbd\/hemplicious-infusion-bio-hanftee#breadcrumb","itemListElement":[{"@type":"ListItem","position":1,"name":"The Tree","item":"https:\/\/thetreecbd.com\/de"},{"@type":"ListItem","position":2,"name":"CBD","item":"https:\/\/thetreecbd.com\/es\/cbd"},{"@type":"ListItem","position":3,"name":"Lebensmittel","item":"https:\/\/thetreecbd.com\/de\/lebensmittel"},{"@type":"ListItem","position":4,"name":"HempLicious-Infusion: Bio-Hanftee"}]},{"@type":"WebSite","@id":"https:\/\/thetreecbd.com\/de#website","url":"https:\/\/thetreecbd.com\/de","name":"The Tree CBD","description":"Comprar CBD en Espa\u00f1a Online","publisher":{"@id":"https:\/\/thetreecbd.com\/de#organization"},"potentialAction":[{"@type":"SearchAction","target":{"@type":"EntryPoint","urlTemplate":"https:\/\/thetreecbd.com\/de?s={search_term_string}"},"query-input":{"@type":"PropertyValueSpecification","valueRequired":true,"valueName":"search_term_string"}}],"inLanguage":"de"},{"@type":"Organization","@id":"https:\/\/thetreecbd.com\/de#organization","name":"The Tree CBD","url":"https:\/\/thetreecbd.com\/de","logo":{"@type":"ImageObject","inLanguage":"de","@id":"https:\/\/thetreecbd.com\/de#\/schema\/logo\/image\/","url":"https:\/\/thetreecbd.com\/wp-content\/uploads\/2022\/04\/logo-thetree.png","contentUrl":"https:\/\/thetreecbd.com\/wp-content\/uploads\/2022\/04\/logo-thetree.png","width":172,"height":55,"caption":"The Tree CBD"},"image":{"@id":"https:\/\/thetreecbd.com\/de#\/schema\/logo\/image\/"},"sameAs":["https:\/\/www.facebook.com\/thetreeCBD\/","https:\/\/x.com\/TheTreeCBD_EU","https:\/\/www.instagram.com\/thetree.cbd\/","https:\/\/es.trustpilot.com\/review\/thetreecbd.com"]}]}},"_links":{"self":[{"href":"https:\/\/thetreecbd.com\/de\/wp-json\/wp\/v2\/product\/166627","targetHints":{"allow":["GET"]}}],"collection":[{"href":"https:\/\/thetreecbd.com\/de\/wp-json\/wp\/v2\/product"}],"about":[{"href":"https:\/\/thetreecbd.com\/de\/wp-json\/wp\/v2\/types\/product"}],"version-history":[{"count":0,"href":"https:\/\/thetreecbd.com\/de\/wp-json\/wp\/v2\/product\/166627\/revisions"}],"wp:featuredmedia":[{"embeddable":true,"href":"https:\/\/thetreecbd.com\/de\/wp-json\/wp\/v2\/media\/166632"}],"wp:attachment":[{"href":"https:\/\/thetreecbd.com\/de\/wp-json\/wp\/v2\/media?parent=166627"}],"wp:term":[{"taxonomy":"product_brand","embeddable":true,"href":"https:\/\/thetreecbd.com\/de\/wp-json\/wp\/v2\/product_brand?post=166627"}],"curies":[{"name":"wp","href":"https:\/\/api.w.org\/{rel}","templated":true}]}}