{"id":167076,"date":"2025-05-30T16:51:39","date_gmt":"2025-05-30T14:51:39","guid":{"rendered":"https:\/\/thetreecbd.com\/?post_type=product&#038;p=167076"},"modified":"2025-06-27T15:38:51","modified_gmt":"2025-06-27T13:38:51","slug":"skywalker-og-cbd-pack-kaufe-2-und-erhalte-3","status":"publish","type":"product","link":"https:\/\/thetreecbd.com\/de\/cbd\/skywalker-og-cbd-pack-kaufe-2-und-erhalte-3","title":{"rendered":"Skywalker OG CBD Pack \u2013 Kaufe 2 und erhalte 3"},"content":{"rendered":"<p data-start=\"105\" data-end=\"401\">Bereite dich darauf vor, abzuheben mit dem <strong>Skywalker OG CBD Pack<\/strong>: ein Angebot f\u00fcr Liebhaber von hochwertigem Hanf. Beim Kauf von 2 Einheiten dieser erstklassigen Sorte schenken wir dir die dritte komplett gratis dazu. Eine perfekte Gelegenheit, mehr zu genie\u00dfen und dabei weniger zu bezahlen.<\/p>\n<p data-start=\"403\" data-end=\"599\">Skywalker OG CBD ist eine hybride Indica-Genetik, entstanden aus der Kreuzung von Blueberry und Mazar I Sharif, bekannt f\u00fcr ihr einzigartiges Aroma-Profil und ihr beeindruckendes Erscheinungsbild.<\/p>\n<p data-start=\"601\" data-end=\"643\"><strong data-start=\"601\" data-end=\"643\">Intensives Aroma, entspannende Wirkung<\/strong><\/p>\n<p data-start=\"645\" data-end=\"922\">Mit einem s\u00fc\u00dfen, erdigen und leicht fruchtigen Aroma entf\u00fchrt dich Skywalker OG CBD in eine andere sensorische Dimension. Die Kombination aus kr\u00e4uterigen und w\u00fcrzigen Noten, gepaart mit holzigen und fruchtigen Untert\u00f6nen, macht diese Bl\u00fcte zu einem Highlight in jeder Sammlung.<\/p>\n<p data-start=\"924\" data-end=\"1123\">Mit einem CBD-Gehalt von 9,5 % und einem Indica-Erbe (80 % Indica \/ 20 % Sativa) ist sie die ideale Wahl f\u00fcr alle, die ein tief entspannendes und sinnliches Erlebnis ohne psychoaktive Effekte suchen.<\/p>\n<p data-start=\"1125\" data-end=\"1168\"><strong data-start=\"1125\" data-end=\"1168\">Nat\u00fcrlicher Anbau, garantierte Qualit\u00e4t<\/strong><\/p>\n<p data-start=\"1170\" data-end=\"1422\">Wie alle unsere Bl\u00fcten wird Skywalker OG CBD biologisch im Gew\u00e4chshaus angebaut, ohne Pestizide, Zusatzstoffe oder gentechnisch ver\u00e4nderte Organismen. Legal in ganz Europa mit weniger als 0,20 % THC erf\u00fcllt sie alle Qualit\u00e4ts- und Sicherheitsstandards.<\/p>\n<hr data-start=\"1424\" data-end=\"1427\" \/>\n<h3 data-start=\"1429\" data-end=\"1473\">Eigenschaften des Skywalker OG CBD Packs<\/h3>\n<ul data-start=\"1475\" data-end=\"1768\">\n<li data-start=\"1475\" data-end=\"1534\">\n<p data-start=\"1477\" data-end=\"1534\">Enth\u00e4lt 3 Einheiten Skywalker OG (du zahlst nur f\u00fcr 2!)<\/p>\n<\/li>\n<li data-start=\"1535\" data-end=\"1548\">\n<p data-start=\"1537\" data-end=\"1548\">9,5 % CBD<\/p>\n<\/li>\n<li data-start=\"1549\" data-end=\"1575\">\n<p data-start=\"1551\" data-end=\"1575\">Weniger als 0,20 % THC<\/p>\n<\/li>\n<li data-start=\"1576\" data-end=\"1631\">\n<p data-start=\"1578\" data-end=\"1631\">Genetik: hybride Indica (80 % Indica \/ 20 % Sativa)<\/p>\n<\/li>\n<li data-start=\"1632\" data-end=\"1675\">\n<p data-start=\"1634\" data-end=\"1675\">Aroma: s\u00fc\u00df, erdig, kr\u00e4uterig und w\u00fcrzig<\/p>\n<\/li>\n<li data-start=\"1676\" data-end=\"1711\">\n<p data-start=\"1678\" data-end=\"1711\">Gew\u00e4chshausanbau ohne Pestizide<\/p>\n<\/li>\n<li data-start=\"1712\" data-end=\"1743\">\n<p data-start=\"1714\" data-end=\"1743\">Keine psychoaktiven Effekte<\/p>\n<\/li>\n<li data-start=\"1744\" data-end=\"1768\">\n<p data-start=\"1746\" data-end=\"1768\">Legal in ganz Europa<\/p>\n<\/li>\n<\/ul>\n<p data-start=\"1770\" data-end=\"1871\">Verpasse nicht dieses limitierte Angebot: Kaufe 2 und erhalte 3 Einheiten einer Bl\u00fcte, die alles hat.<\/p>\n<hr data-start=\"1873\" data-end=\"1876\" \/>\n<h3 data-start=\"1878\" data-end=\"1892\">Zielgruppe<\/h3>\n<p data-start=\"1894\" data-end=\"2103\">CBD-Bl\u00fcten aus dem Gew\u00e4chshaus sind perfekt f\u00fcr alle, die das beste Preis-Leistungs-Verh\u00e4ltnis suchen. Sie zeichnen sich durch eine satte gr\u00fcne Farbe und hohe Qualit\u00e4t aus und sind g\u00fcnstiger als Indoor-Bl\u00fcten.<\/p>\n<p data-start=\"2105\" data-end=\"2590\">Es gibt heutzutage sehr gut ausgestattete Gew\u00e4chsh\u00e4user, die genauso effektiv wie Indoor-Anbau sein k\u00f6nnen, ohne die F\u00e4higkeit zu verlieren, Sonnenlicht zu filtern. Mit zus\u00e4tzlicher Beleuchtung ist es m\u00f6glich, bis zu vier Zyklen pro Jahr zu kultivieren. Daher entscheiden sich immer mehr CBD-Z\u00fcchter f\u00fcr diese Zwischenl\u00f6sung, da sie das Klima kontrollieren k\u00f6nnen, die Sonnenstrahlen weniger sch\u00e4dlich f\u00fcr die Pflanze sind und die Produktion das ganze Jahr \u00fcber gesteigert werden kann.<\/p>\n<p data-start=\"2592\" data-end=\"2763\">Aus Sicht der K\u00e4ufer sind Gew\u00e4chshaus- oder Greenhouse-Bl\u00fcten, wie bereits erw\u00e4hnt, die beste Wahl f\u00fcr diejenigen, die eine hervorragende Qualit\u00e4t zum fairen Preis suchen.<\/p>\n<hr data-start=\"2765\" data-end=\"2768\" \/>\n<h3 data-start=\"2770\" data-end=\"2793\">Sicherheitshinweise<\/h3>\n<p data-start=\"2795\" data-end=\"3042\">Bitte beachten Sie, dass die CBD-Bl\u00fcten von The Tree als dekorative, sammelbare und aromatische Produkte gedacht sind. Sie sollten nicht w\u00e4hrend der Schwangerschaft oder Stillzeit verwendet werden. Au\u00dferhalb der Reichweite von Kindern aufbewahren.<\/p>\n<p data-start=\"3044\" data-end=\"3154\">Unsere CBD-Bl\u00fcten k\u00f6nnen geringe Mengen THC enthalten, die jedoch unter dem EU-Grenzwert von 0,2 % THC liegen.<\/p>\n<p data-start=\"3156\" data-end=\"3405\">Die bereitgestellten Informationen dienen nur zu Informations- und Schulungszwecken und ersetzen keinesfalls die \u00e4rztliche oder pharmazeutische Beratung. Unsere Texte sind nicht f\u00fcr die eigenst\u00e4ndige Diagnose oder Behandlung von Krankheiten gedacht.<\/p>\n<p data-start=\"3407\" data-end=\"3465\">Bei weiteren Fragen z\u00f6gern Sie nicht, uns zu kontaktieren.<\/p>\n<hr data-start=\"3467\" data-end=\"3470\" \/>\n<h3 data-start=\"3472\" data-end=\"3484\">Lagerung<\/h3>\n<p data-start=\"3486\" data-end=\"3714\">Ideal ist es, die CBD-Bl\u00fcten von The Tree an einem k\u00fchlen, trockenen Ort zu lagern, gesch\u00fctzt vor Licht und starken Ger\u00fcchen, um Kontaminationen oder Qualit\u00e4tsverlust zu vermeiden. Direkte Sonneneinstrahlung und Hitze vermeiden.<\/p>\n<p data-start=\"3716\" data-end=\"3799\"><strong data-start=\"3716\" data-end=\"3728\">Achtung:<\/strong> Die angegebene Haltbarkeit betr\u00e4gt bei richtiger Lagerung einen Monat.<\/p>\n","protected":false},"excerpt":{"rendered":"<article class=\"text-token-text-primary w-full\" dir=\"auto\" data-testid=\"conversation-turn-36\" data-scroll-anchor=\"true\">\n<div class=\"text-base my-auto mx-auto py-5 [--thread-content-margin:--spacing(4)] @[37rem]:[--thread-content-margin:--spacing(6)] @[72rem]:[--thread-content-margin:--spacing(16)] px-(--thread-content-margin)\">\n<div class=\"[--thread-content-max-width:32rem] @[34rem]:[--thread-content-max-width:40rem] @[64rem]:[--thread-content-max-width:48rem] mx-auto flex max-w-(--thread-content-max-width) flex-1 text-base gap-4 md:gap-5 lg:gap-6 group\/turn-messages focus-visible:outline-hidden\" tabindex=\"-1\">\n<div class=\"group\/conversation-turn relative flex w-full min-w-0 flex-col agent-turn\">\n<div class=\"relative flex-col gap-1 md:gap-3\">\n<div class=\"flex max-w-full flex-col grow\">\n<div class=\"min-h-8 text-message relative flex w-full flex-col items-end gap-2 text-start break-words whitespace-normal [.text-message+&amp;]:mt-5\" dir=\"auto\" data-message-author-role=\"assistant\" data-message-id=\"ef689de3-e8a1-487a-935f-8ee1899d768f\" data-message-model-slug=\"gpt-4-1-mini\">\n<div class=\"flex w-full flex-col gap-1 empty:hidden first:pt-[3px]\">\n<div class=\"markdown prose dark:prose-invert w-full break-words dark\">\n<p data-start=\"103\" data-end=\"147\"><strong data-start=\"103\" data-end=\"147\">Eigenschaften des Skywalker OG CBD Packs<\/strong><\/p>\n<ul data-start=\"149\" data-end=\"442\">\n<li data-start=\"149\" data-end=\"208\">\n<p data-start=\"151\" data-end=\"208\">Enth\u00e4lt 3 Einheiten Skywalker OG (du zahlst nur f\u00fcr 2!)<\/p>\n<\/li>\n<li data-start=\"209\" data-end=\"222\">\n<p data-start=\"211\" data-end=\"222\">9,5 % CBD<\/p>\n<\/li>\n<li data-start=\"223\" data-end=\"249\">\n<p data-start=\"225\" data-end=\"249\">Weniger als 0,20 % THC<\/p>\n<\/li>\n<li data-start=\"250\" data-end=\"305\">\n<p data-start=\"252\" data-end=\"305\">Genetik: hybride Indica (80 % Indica \/ 20 % Sativa)<\/p>\n<\/li>\n<li data-start=\"306\" data-end=\"349\">\n<p data-start=\"308\" data-end=\"349\">Aroma: s\u00fc\u00df, erdig, kr\u00e4uterig und w\u00fcrzig<\/p>\n<\/li>\n<li data-start=\"350\" data-end=\"385\">\n<p data-start=\"352\" data-end=\"385\">Gew\u00e4chshausanbau ohne Pestizide<\/p>\n<\/li>\n<li data-start=\"386\" data-end=\"417\">\n<p data-start=\"388\" data-end=\"417\">Keine psychoaktiven Effekte<\/p>\n<\/li>\n<li data-start=\"418\" data-end=\"442\">\n<p data-start=\"420\" data-end=\"442\">Legal in ganz Europa<\/p>\n<\/li>\n<\/ul>\n<\/div>\n<\/div>\n<\/div>\n<\/div>\n<\/div>\n<\/div>\n<\/div>\n<\/div>\n<\/article>\n","protected":false},"featured_media":186090,"template":"","meta":{"_acf_changed":false},"product_brand":[],"class_list":{"0":"post-167076","1":"product","2":"type-product","3":"status-publish","4":"has-post-thumbnail","6":"product_cat-gewachshaus","7":"product_cat-cbd-angebote","8":"product_cat-bluten","9":"product_cat-cbd-pakete","11":"first","12":"instock","13":"taxable","14":"shipping-taxable","15":"purchasable","16":"product-type-variable"},"acf":[],"yoast_head":"<!-- This site is optimized with the Yoast SEO plugin v26.3 - https:\/\/yoast.com\/wordpress\/plugins\/seo\/ -->\n<title>Skywalker OG CBD Pack \u2013 Kaufe 2 und erhalte 3 | The Tree CBD.<\/title>\n<meta name=\"description\" content=\"Mach dich bereit zum Abheben mit dem Skywalker OG CBD Pack: ein Angebot f\u00fcr Liebhaber von hochwertigem Hanf. Beim Kauf von 2 Einheiten dieser Sternensorte schenken wir dir die dritte komplett kostenlos dazu. Eine perfekte Gelegenheit, mehr zu genie\u00dfen und dabei weniger zu bezahlen.\" \/>\n<meta name=\"robots\" content=\"index, follow, max-snippet:-1, max-image-preview:large, max-video-preview:-1\" \/>\n<link rel=\"canonical\" href=\"https:\/\/thetreecbd.com\/de\/cbd\/skywalker-og-cbd-pack-kaufe-2-und-erhalte-3\" \/>\n<meta property=\"og:locale\" content=\"de_DE\" \/>\n<meta property=\"og:type\" content=\"article\" \/>\n<meta property=\"og:title\" content=\"Skywalker OG CBD Pack \u2013 Kaufe 2 und erhalte 3 | The Tree CBD.\" \/>\n<meta property=\"og:description\" content=\"Mach dich bereit zum Abheben mit dem Skywalker OG CBD Pack: ein Angebot f\u00fcr Liebhaber von hochwertigem Hanf. Beim Kauf von 2 Einheiten dieser Sternensorte schenken wir dir die dritte komplett kostenlos dazu. Eine perfekte Gelegenheit, mehr zu genie\u00dfen und dabei weniger zu bezahlen.\" \/>\n<meta property=\"og:url\" content=\"https:\/\/thetreecbd.com\/de\/cbd\/skywalker-og-cbd-pack-kaufe-2-und-erhalte-3\" \/>\n<meta property=\"og:site_name\" content=\"The Tree CBD\" \/>\n<meta property=\"article:publisher\" content=\"https:\/\/www.facebook.com\/thetreeCBD\/\" \/>\n<meta property=\"article:modified_time\" content=\"2025-06-27T13:38:51+00:00\" \/>\n<meta property=\"og:image\" content=\"https:\/\/thetreecbd.com\/wp-content\/uploads\/2025\/05\/sky-walker-pack.png\" \/>\n\t<meta property=\"og:image:width\" content=\"1080\" \/>\n\t<meta property=\"og:image:height\" content=\"1350\" \/>\n\t<meta property=\"og:image:type\" content=\"image\/png\" \/>\n<meta name=\"twitter:card\" content=\"summary_large_image\" \/>\n<meta name=\"twitter:site\" content=\"@TheTreeCBD_EU\" \/>\n<meta name=\"twitter:label1\" content=\"Gesch\u00e4tzte Lesezeit\" \/>\n\t<meta name=\"twitter:data1\" content=\"3\u00a0Minuten\" \/>\n<script type=\"application\/ld+json\" class=\"yoast-schema-graph\">{\"@context\":\"https:\/\/schema.org\",\"@graph\":[{\"@type\":[\"WebPage\",\"ItemPage\"],\"@id\":\"https:\/\/thetreecbd.com\/de\/cbd\/skywalker-og-cbd-pack-kaufe-2-und-erhalte-3\",\"url\":\"https:\/\/thetreecbd.com\/de\/cbd\/skywalker-og-cbd-pack-kaufe-2-und-erhalte-3\",\"name\":\"Skywalker OG CBD Pack \u2013 Kaufe 2 und erhalte 3 | The Tree CBD.\",\"isPartOf\":{\"@id\":\"https:\/\/thetreecbd.com\/de#website\"},\"primaryImageOfPage\":{\"@id\":\"https:\/\/thetreecbd.com\/de\/cbd\/skywalker-og-cbd-pack-kaufe-2-und-erhalte-3#primaryimage\"},\"image\":{\"@id\":\"https:\/\/thetreecbd.com\/de\/cbd\/skywalker-og-cbd-pack-kaufe-2-und-erhalte-3#primaryimage\"},\"thumbnailUrl\":\"https:\/\/thetreecbd.com\/wp-content\/uploads\/2025\/05\/packs-ogskywalker-thetree-web.jpg\",\"datePublished\":\"2025-05-30T14:51:39+00:00\",\"dateModified\":\"2025-06-27T13:38:51+00:00\",\"description\":\"Mach dich bereit zum Abheben mit dem Skywalker OG CBD Pack: ein Angebot f\u00fcr Liebhaber von hochwertigem Hanf. Beim Kauf von 2 Einheiten dieser Sternensorte schenken wir dir die dritte komplett kostenlos dazu. Eine perfekte Gelegenheit, mehr zu genie\u00dfen und dabei weniger zu bezahlen.\",\"breadcrumb\":{\"@id\":\"https:\/\/thetreecbd.com\/de\/cbd\/skywalker-og-cbd-pack-kaufe-2-und-erhalte-3#breadcrumb\"},\"inLanguage\":\"de\",\"potentialAction\":[{\"@type\":\"ReadAction\",\"target\":[\"https:\/\/thetreecbd.com\/de\/cbd\/skywalker-og-cbd-pack-kaufe-2-und-erhalte-3\"]}]},{\"@type\":\"ImageObject\",\"inLanguage\":\"de\",\"@id\":\"https:\/\/thetreecbd.com\/de\/cbd\/skywalker-og-cbd-pack-kaufe-2-und-erhalte-3#primaryimage\",\"url\":\"https:\/\/thetreecbd.com\/wp-content\/uploads\/2025\/05\/packs-ogskywalker-thetree-web.jpg\",\"contentUrl\":\"https:\/\/thetreecbd.com\/wp-content\/uploads\/2025\/05\/packs-ogskywalker-thetree-web.jpg\",\"width\":1080,\"height\":1350},{\"@type\":\"BreadcrumbList\",\"@id\":\"https:\/\/thetreecbd.com\/de\/cbd\/skywalker-og-cbd-pack-kaufe-2-und-erhalte-3#breadcrumb\",\"itemListElement\":[{\"@type\":\"ListItem\",\"position\":1,\"name\":\"The Tree\",\"item\":\"https:\/\/thetreecbd.com\/de\"},{\"@type\":\"ListItem\",\"position\":2,\"name\":\"CBD\",\"item\":\"https:\/\/thetreecbd.com\/es\/cbd\"},{\"@type\":\"ListItem\",\"position\":3,\"name\":\"CBD-Pakete\",\"item\":\"https:\/\/thetreecbd.com\/de\/cbd-pakete\"},{\"@type\":\"ListItem\",\"position\":4,\"name\":\"Skywalker OG CBD Pack \u2013 Kaufe 2 und erhalte 3\"}]},{\"@type\":\"WebSite\",\"@id\":\"https:\/\/thetreecbd.com\/de#website\",\"url\":\"https:\/\/thetreecbd.com\/de\",\"name\":\"The Tree CBD\",\"description\":\"Comprar CBD en Espa\u00f1a Online\",\"publisher\":{\"@id\":\"https:\/\/thetreecbd.com\/de#organization\"},\"potentialAction\":[{\"@type\":\"SearchAction\",\"target\":{\"@type\":\"EntryPoint\",\"urlTemplate\":\"https:\/\/thetreecbd.com\/de?s={search_term_string}\"},\"query-input\":{\"@type\":\"PropertyValueSpecification\",\"valueRequired\":true,\"valueName\":\"search_term_string\"}}],\"inLanguage\":\"de\"},{\"@type\":\"Organization\",\"@id\":\"https:\/\/thetreecbd.com\/de#organization\",\"name\":\"The Tree CBD\",\"url\":\"https:\/\/thetreecbd.com\/de\",\"logo\":{\"@type\":\"ImageObject\",\"inLanguage\":\"de\",\"@id\":\"https:\/\/thetreecbd.com\/de#\/schema\/logo\/image\/\",\"url\":\"https:\/\/thetreecbd.com\/wp-content\/uploads\/2022\/04\/logo-thetree.png\",\"contentUrl\":\"https:\/\/thetreecbd.com\/wp-content\/uploads\/2022\/04\/logo-thetree.png\",\"width\":172,\"height\":55,\"caption\":\"The Tree CBD\"},\"image\":{\"@id\":\"https:\/\/thetreecbd.com\/de#\/schema\/logo\/image\/\"},\"sameAs\":[\"https:\/\/www.facebook.com\/thetreeCBD\/\",\"https:\/\/x.com\/TheTreeCBD_EU\",\"https:\/\/www.instagram.com\/thetree.cbd\/\",\"https:\/\/es.trustpilot.com\/review\/thetreecbd.com\"]}]}<\/script>\n<!-- \/ Yoast SEO plugin. -->","yoast_head_json":{"title":"Skywalker OG CBD Pack \u2013 Kaufe 2 und erhalte 3 | The Tree CBD.","description":"Mach dich bereit zum Abheben mit dem Skywalker OG CBD Pack: ein Angebot f\u00fcr Liebhaber von hochwertigem Hanf. Beim Kauf von 2 Einheiten dieser Sternensorte schenken wir dir die dritte komplett kostenlos dazu. Eine perfekte Gelegenheit, mehr zu genie\u00dfen und dabei weniger zu bezahlen.","robots":{"index":"index","follow":"follow","max-snippet":"max-snippet:-1","max-image-preview":"max-image-preview:large","max-video-preview":"max-video-preview:-1"},"canonical":"https:\/\/thetreecbd.com\/de\/cbd\/skywalker-og-cbd-pack-kaufe-2-und-erhalte-3","og_locale":"de_DE","og_type":"article","og_title":"Skywalker OG CBD Pack \u2013 Kaufe 2 und erhalte 3 | The Tree CBD.","og_description":"Mach dich bereit zum Abheben mit dem Skywalker OG CBD Pack: ein Angebot f\u00fcr Liebhaber von hochwertigem Hanf. Beim Kauf von 2 Einheiten dieser Sternensorte schenken wir dir die dritte komplett kostenlos dazu. Eine perfekte Gelegenheit, mehr zu genie\u00dfen und dabei weniger zu bezahlen.","og_url":"https:\/\/thetreecbd.com\/de\/cbd\/skywalker-og-cbd-pack-kaufe-2-und-erhalte-3","og_site_name":"The Tree CBD","article_publisher":"https:\/\/www.facebook.com\/thetreeCBD\/","article_modified_time":"2025-06-27T13:38:51+00:00","og_image":[{"width":1080,"height":1350,"url":"https:\/\/thetreecbd.com\/wp-content\/uploads\/2025\/05\/sky-walker-pack.png","type":"image\/png"}],"twitter_card":"summary_large_image","twitter_site":"@TheTreeCBD_EU","twitter_misc":{"Gesch\u00e4tzte Lesezeit":"3\u00a0Minuten"},"schema":{"@context":"https:\/\/schema.org","@graph":[{"@type":["WebPage","ItemPage"],"@id":"https:\/\/thetreecbd.com\/de\/cbd\/skywalker-og-cbd-pack-kaufe-2-und-erhalte-3","url":"https:\/\/thetreecbd.com\/de\/cbd\/skywalker-og-cbd-pack-kaufe-2-und-erhalte-3","name":"Skywalker OG CBD Pack \u2013 Kaufe 2 und erhalte 3 | The Tree CBD.","isPartOf":{"@id":"https:\/\/thetreecbd.com\/de#website"},"primaryImageOfPage":{"@id":"https:\/\/thetreecbd.com\/de\/cbd\/skywalker-og-cbd-pack-kaufe-2-und-erhalte-3#primaryimage"},"image":{"@id":"https:\/\/thetreecbd.com\/de\/cbd\/skywalker-og-cbd-pack-kaufe-2-und-erhalte-3#primaryimage"},"thumbnailUrl":"https:\/\/thetreecbd.com\/wp-content\/uploads\/2025\/05\/packs-ogskywalker-thetree-web.jpg","datePublished":"2025-05-30T14:51:39+00:00","dateModified":"2025-06-27T13:38:51+00:00","description":"Mach dich bereit zum Abheben mit dem Skywalker OG CBD Pack: ein Angebot f\u00fcr Liebhaber von hochwertigem Hanf. Beim Kauf von 2 Einheiten dieser Sternensorte schenken wir dir die dritte komplett kostenlos dazu. Eine perfekte Gelegenheit, mehr zu genie\u00dfen und dabei weniger zu bezahlen.","breadcrumb":{"@id":"https:\/\/thetreecbd.com\/de\/cbd\/skywalker-og-cbd-pack-kaufe-2-und-erhalte-3#breadcrumb"},"inLanguage":"de","potentialAction":[{"@type":"ReadAction","target":["https:\/\/thetreecbd.com\/de\/cbd\/skywalker-og-cbd-pack-kaufe-2-und-erhalte-3"]}]},{"@type":"ImageObject","inLanguage":"de","@id":"https:\/\/thetreecbd.com\/de\/cbd\/skywalker-og-cbd-pack-kaufe-2-und-erhalte-3#primaryimage","url":"https:\/\/thetreecbd.com\/wp-content\/uploads\/2025\/05\/packs-ogskywalker-thetree-web.jpg","contentUrl":"https:\/\/thetreecbd.com\/wp-content\/uploads\/2025\/05\/packs-ogskywalker-thetree-web.jpg","width":1080,"height":1350},{"@type":"BreadcrumbList","@id":"https:\/\/thetreecbd.com\/de\/cbd\/skywalker-og-cbd-pack-kaufe-2-und-erhalte-3#breadcrumb","itemListElement":[{"@type":"ListItem","position":1,"name":"The Tree","item":"https:\/\/thetreecbd.com\/de"},{"@type":"ListItem","position":2,"name":"CBD","item":"https:\/\/thetreecbd.com\/es\/cbd"},{"@type":"ListItem","position":3,"name":"CBD-Pakete","item":"https:\/\/thetreecbd.com\/de\/cbd-pakete"},{"@type":"ListItem","position":4,"name":"Skywalker OG CBD Pack \u2013 Kaufe 2 und erhalte 3"}]},{"@type":"WebSite","@id":"https:\/\/thetreecbd.com\/de#website","url":"https:\/\/thetreecbd.com\/de","name":"The Tree CBD","description":"Comprar CBD en Espa\u00f1a Online","publisher":{"@id":"https:\/\/thetreecbd.com\/de#organization"},"potentialAction":[{"@type":"SearchAction","target":{"@type":"EntryPoint","urlTemplate":"https:\/\/thetreecbd.com\/de?s={search_term_string}"},"query-input":{"@type":"PropertyValueSpecification","valueRequired":true,"valueName":"search_term_string"}}],"inLanguage":"de"},{"@type":"Organization","@id":"https:\/\/thetreecbd.com\/de#organization","name":"The Tree CBD","url":"https:\/\/thetreecbd.com\/de","logo":{"@type":"ImageObject","inLanguage":"de","@id":"https:\/\/thetreecbd.com\/de#\/schema\/logo\/image\/","url":"https:\/\/thetreecbd.com\/wp-content\/uploads\/2022\/04\/logo-thetree.png","contentUrl":"https:\/\/thetreecbd.com\/wp-content\/uploads\/2022\/04\/logo-thetree.png","width":172,"height":55,"caption":"The Tree CBD"},"image":{"@id":"https:\/\/thetreecbd.com\/de#\/schema\/logo\/image\/"},"sameAs":["https:\/\/www.facebook.com\/thetreeCBD\/","https:\/\/x.com\/TheTreeCBD_EU","https:\/\/www.instagram.com\/thetree.cbd\/","https:\/\/es.trustpilot.com\/review\/thetreecbd.com"]}]}},"_links":{"self":[{"href":"https:\/\/thetreecbd.com\/de\/wp-json\/wp\/v2\/product\/167076","targetHints":{"allow":["GET"]}}],"collection":[{"href":"https:\/\/thetreecbd.com\/de\/wp-json\/wp\/v2\/product"}],"about":[{"href":"https:\/\/thetreecbd.com\/de\/wp-json\/wp\/v2\/types\/product"}],"version-history":[{"count":0,"href":"https:\/\/thetreecbd.com\/de\/wp-json\/wp\/v2\/product\/167076\/revisions"}],"wp:featuredmedia":[{"embeddable":true,"href":"https:\/\/thetreecbd.com\/de\/wp-json\/wp\/v2\/media\/186090"}],"wp:attachment":[{"href":"https:\/\/thetreecbd.com\/de\/wp-json\/wp\/v2\/media?parent=167076"}],"wp:term":[{"taxonomy":"product_brand","embeddable":true,"href":"https:\/\/thetreecbd.com\/de\/wp-json\/wp\/v2\/product_brand?post=167076"}],"curies":[{"name":"wp","href":"https:\/\/api.w.org\/{rel}","templated":true}]}}