{"id":167133,"date":"2025-05-30T17:22:19","date_gmt":"2025-05-30T15:22:19","guid":{"rendered":"https:\/\/thetreecbd.com\/?post_type=product&#038;p=167133"},"modified":"2025-06-27T14:11:39","modified_gmt":"2025-06-27T12:11:39","slug":"og-kush-cbd-pack-kaufe-2-und-erhalte-3","status":"publish","type":"product","link":"https:\/\/thetreecbd.com\/de\/cbd\/og-kush-cbd-pack-kaufe-2-und-erhalte-3","title":{"rendered":"OG Kush CBD Pack \u2013 Kaufe 2 und erhalte 3"},"content":{"rendered":"<p data-start=\"59\" data-end=\"293\"><strong data-start=\"59\" data-end=\"108\">Die Legende ist zur\u00fcck \u2013 jetzt im Sparformat.<\/strong><br data-start=\"108\" data-end=\"111\" \/>Mit diesem OG Kush CBD Pack bekommst du beim Kauf von 2 Einheiten die dritte geschenkt. Die perfekte Gelegenheit, mehr von dieser ikonischen Genetik zu genie\u00dfen, ohne mehr zu zahlen.<\/p>\n<p data-start=\"295\" data-end=\"506\">OG Kush CBD ist eine Kultvariet\u00e4t, die die nat\u00fcrliche Kraft der Kush-Genetik mit CBD-Werten zwischen 10 % und 11 % verbindet und ein tief aromatisches und entspannendes Erlebnis ohne psychoaktive Effekte bietet.<\/p>\n<p data-start=\"508\" data-end=\"569\"><strong data-start=\"508\" data-end=\"569\">Ein Aroma, das beeindruckt \u2013 ein Klassiker, der entspannt<\/strong><\/p>\n<p data-start=\"571\" data-end=\"897\">Diese Bl\u00fcte zeichnet sich durch ein intensives und komplexes Aromaprofil aus, das holzige, krautige und zitrische Noten mit w\u00fcrzigen Akzenten und einem leicht dieselartigen Unterton verbindet. OG Kush CBD ist bei anspruchsvollen Konsumenten sehr beliebt und ideal f\u00fcr Momente der Entspannung und des nat\u00fcrlichen Wohlbefindens.<\/p>\n<p data-start=\"899\" data-end=\"1158\">Optisch sind die Buds kompakt, harzig und in lebendigen Gr\u00fcnt\u00f6nen mit gut sichtbaren Stempeln. Eine ausgewogene Genetik mit Indica-Dominanz (60 % Indica \/ 40 % Sativa), perfekt f\u00fcr alle, die k\u00f6rperliche Entspannung suchen, ohne geistige Klarheit zu verlieren.<\/p>\n<p data-start=\"1160\" data-end=\"1206\"><strong data-start=\"1160\" data-end=\"1206\">Nat\u00fcrlicher Anbau und legal in ganz Europa<\/strong><\/p>\n<p data-start=\"1208\" data-end=\"1420\">Dieses OG Kush CBD wird zu 100 % nat\u00fcrlich im Innenanbau ohne Pestizide oder Zus\u00e4tze kultiviert. Mit einem THC-Gehalt von unter 0,20 % ist es ein v\u00f6llig legales Produkt in ganz Europa und wirkt nicht psychoaktiv.<\/p>\n<hr data-start=\"1422\" data-end=\"1425\" \/>\n<p data-start=\"1427\" data-end=\"1466\"><strong data-start=\"1427\" data-end=\"1466\">Eigenschaften des OG Kush CBD Packs<\/strong><\/p>\n<ul data-start=\"1468\" data-end=\"1778\">\n<li data-start=\"1468\" data-end=\"1522\">\n<p data-start=\"1470\" data-end=\"1522\">Enth\u00e4lt 3 Einheiten OG Kush CBD (du zahlst nur 2!)<\/p>\n<\/li>\n<li data-start=\"1523\" data-end=\"1538\">\n<p data-start=\"1525\" data-end=\"1538\">10\u201311 % CBD<\/p>\n<\/li>\n<li data-start=\"1539\" data-end=\"1559\">\n<p data-start=\"1541\" data-end=\"1559\">Unter 0,20 % THC<\/p>\n<\/li>\n<li data-start=\"1560\" data-end=\"1589\">\n<p data-start=\"1562\" data-end=\"1589\">Genetik: Kush x reine CBD<\/p>\n<\/li>\n<li data-start=\"1590\" data-end=\"1619\">\n<p data-start=\"1592\" data-end=\"1619\">60 % Indica \/ 40 % Sativa<\/p>\n<\/li>\n<li data-start=\"1620\" data-end=\"1679\">\n<p data-start=\"1622\" data-end=\"1679\">Aroma: holzig, krautig, zitrisch und leicht dieselartig<\/p>\n<\/li>\n<li data-start=\"1680\" data-end=\"1723\">\n<p data-start=\"1682\" data-end=\"1723\">Im Innenbereich ohne Pestizide angebaut<\/p>\n<\/li>\n<li data-start=\"1724\" data-end=\"1753\">\n<p data-start=\"1726\" data-end=\"1753\">Ohne psychoaktive Effekte<\/p>\n<\/li>\n<li data-start=\"1754\" data-end=\"1778\">\n<p data-start=\"1756\" data-end=\"1778\">Legal in ganz Europa<\/p>\n<\/li>\n<\/ul>\n<hr data-start=\"1780\" data-end=\"1783\" \/>\n<p data-start=\"1785\" data-end=\"1919\"><strong data-start=\"1785\" data-end=\"1919\">Hol dir dieses Pack und genie\u00dfe mehr von einer der ikonischsten Sorten der CBD-Welt. Kaufe 2 und erhalte 3 \u2013 nur bei The Tree CBD.<\/strong><\/p>\n<hr data-start=\"1921\" data-end=\"1924\" \/>\n<p data-start=\"1926\" data-end=\"1940\"><strong data-start=\"1926\" data-end=\"1940\">Zielgruppe<\/strong><\/p>\n<p data-start=\"1942\" data-end=\"2134\">Gew\u00e4chshaus-CBD-Bl\u00fcten sind ideal f\u00fcr alle, die das beste Preis-Leistungs-Verh\u00e4ltnis suchen, da sie eine sehr gr\u00fcne Farbe und gute Qualit\u00e4t bieten, dabei aber g\u00fcnstiger sind als Indoor-Bl\u00fcten.<\/p>\n<p data-start=\"2136\" data-end=\"2651\">Heutzutage gibt es sehr gut ausgestattete Gew\u00e4chsh\u00e4user, die genauso effektiv sein k\u00f6nnen wie der Indoor-Anbau, ohne die F\u00e4higkeit zu verlieren, Sonnenlicht zu filtern \u2013 oft mit zus\u00e4tzlicher Beleuchtung, um das Wachstum das ganze Jahr \u00fcber in bis zu vier Zyklen aufrechtzuerhalten. So entscheiden sich CBD-Z\u00fcchter immer h\u00e4ufiger f\u00fcr diese Zwischenl\u00f6sung, da sie das Klima kontrollieren k\u00f6nnen, die Sonneneinstrahlung f\u00fcr die Pflanzen weniger aggressiv ist und sie die Produktion das ganze Jahr \u00fcber steigern k\u00f6nnen.<\/p>\n<p data-start=\"2653\" data-end=\"2826\">Aus Sicht der K\u00e4ufer sind Gew\u00e4chshaus- oder \u201eGreenhouse\u201c-Bl\u00fcten, wie schon erw\u00e4hnt, die beste Wahl f\u00fcr diejenigen, die ein ausgezeichnetes Preis-Leistungs-Verh\u00e4ltnis suchen.<\/p>\n<hr data-start=\"2828\" data-end=\"2831\" \/>\n<p data-start=\"2833\" data-end=\"2856\"><strong data-start=\"2833\" data-end=\"2856\">Sicherheitshinweise<\/strong><\/p>\n<p data-start=\"2858\" data-end=\"3084\">Bitte beachten: Die CBD-Buds von The Tree sind ein dekoratives, sammelbares und aromatisches Produkt. Sie sollten nicht w\u00e4hrend Schwangerschaft oder Stillzeit verwendet werden. Au\u00dferhalb der Reichweite von Kindern aufbewahren.<\/p>\n<p data-start=\"3086\" data-end=\"3191\">Unsere CBD-Buds k\u00f6nnen geringe Mengen THC enthalten, nat\u00fcrlich unterhalb des EU-Grenzwerts von 0,2 % THC.<\/p>\n<p data-start=\"3193\" data-end=\"3461\">Die bereitgestellten Informationen dienen ausschlie\u00dflich zu Informations- und Schulungszwecken und ersetzen keinesfalls den medizinischen Rat eines Arztes oder Apothekers. Unsere Texte sind nicht f\u00fcr die eigenst\u00e4ndige Diagnose oder Behandlung von Krankheiten bestimmt.<\/p>\n<p data-start=\"3463\" data-end=\"3500\">Bei Fragen kontaktieren Sie uns gern.<\/p>\n<hr data-start=\"3502\" data-end=\"3505\" \/>\n<p data-start=\"3507\" data-end=\"3519\"><strong data-start=\"3507\" data-end=\"3519\">Lagerung<\/strong><\/p>\n<p data-start=\"3521\" data-end=\"3762\">Idealerweise sollten die CBD-Buds von The Tree an einem k\u00fchlen, trockenen Ort, gesch\u00fctzt vor Licht und starken Ger\u00fcchen, gelagert werden, um Kontaminationen und\/oder Qualit\u00e4tsverlust zu vermeiden. Direkte Sonneneinstrahlung und W\u00e4rme meiden.<\/p>\n<p data-start=\"3764\" data-end=\"3847\"><strong data-start=\"3764\" data-end=\"3776\">Achtung:<\/strong> Die angegebene Haltbarkeit betr\u00e4gt bei korrekter Lagerung einen Monat.<\/p>\n","protected":false},"excerpt":{"rendered":"<p data-start=\"89\" data-end=\"128\"><strong data-start=\"89\" data-end=\"128\">Eigenschaften des OG Kush CBD Packs<\/strong><\/p>\n<ul data-start=\"130\" data-end=\"440\">\n<li data-start=\"130\" data-end=\"184\">\n<p data-start=\"132\" data-end=\"184\">Enth\u00e4lt 3 Einheiten OG Kush CBD (du zahlst nur 2!)<\/p>\n<\/li>\n<li data-start=\"185\" data-end=\"200\">\n<p data-start=\"187\" data-end=\"200\">10\u201311 % CBD<\/p>\n<\/li>\n<li data-start=\"201\" data-end=\"221\">\n<p data-start=\"203\" data-end=\"221\">Unter 0,20 % THC<\/p>\n<\/li>\n<li data-start=\"222\" data-end=\"251\">\n<p data-start=\"224\" data-end=\"251\">Genetik: Kush x reine CBD<\/p>\n<\/li>\n<li data-start=\"252\" data-end=\"281\">\n<p data-start=\"254\" data-end=\"281\">60 % Indica \/ 40 % Sativa<\/p>\n<\/li>\n<li data-start=\"282\" data-end=\"341\">\n<p data-start=\"284\" data-end=\"341\">Aroma: holzig, krautig, zitrisch und leicht dieselartig<\/p>\n<\/li>\n<li data-start=\"342\" data-end=\"385\">\n<p data-start=\"344\" data-end=\"385\">Im Innenbereich ohne Pestizide angebaut<\/p>\n<\/li>\n<li data-start=\"386\" data-end=\"415\">\n<p data-start=\"388\" data-end=\"415\">Ohne psychoaktive Effekte<\/p>\n<\/li>\n<li data-start=\"416\" data-end=\"440\">\n<p data-start=\"418\" data-end=\"440\">Legal in ganz Europa<\/p>\n<\/li>\n<\/ul>\n","protected":false},"featured_media":167088,"template":"","meta":{"_acf_changed":false},"product_brand":[],"class_list":{"0":"post-167133","1":"product","2":"type-product","3":"status-publish","4":"has-post-thumbnail","6":"product_cat-gewachshaus","7":"product_cat-cbd-angebote","8":"product_cat-bluten","9":"product_cat-cbd-pakete","11":"first","12":"outofstock","13":"sale","14":"taxable","15":"shipping-taxable","16":"purchasable","17":"product-type-variable"},"acf":[],"yoast_head":"<!-- This site is optimized with the Yoast SEO plugin v26.3 - https:\/\/yoast.com\/wordpress\/plugins\/seo\/ -->\n<title>OG Kush CBD Pack \u2013 Kaufe 2 und erhalte 3PACK GREENHOUSE The Tree CBD.<\/title>\n<meta name=\"description\" content=\"Die Legende ist zur\u00fcck \u2013 jetzt als Sparangebot. Mit diesem OG Kush CBD Pack erh\u00e4ltst du beim Kauf von 2 Einheiten die dritte gratis dazu. Die perfekte Gelegenheit, mehr von dieser ikonischen Genetik zu genie\u00dfen, ohne mehr zu bezahlen. OG Kush CBD ist eine Kultsorte, die die nat\u00fcrliche Kraft der Kush-Genetik mit CBD-Gehalten zwischen 10 % und 11 % kombiniert und ein tief aromatisches und entspannendes Erlebnis ohne psychoaktive Effekte bietet.\" \/>\n<meta name=\"robots\" content=\"index, follow, max-snippet:-1, max-image-preview:large, max-video-preview:-1\" \/>\n<link rel=\"canonical\" href=\"https:\/\/thetreecbd.com\/de\/cbd\/og-kush-cbd-pack-kaufe-2-und-erhalte-3\" \/>\n<meta property=\"og:locale\" content=\"de_DE\" \/>\n<meta property=\"og:type\" content=\"article\" \/>\n<meta property=\"og:title\" content=\"OG Kush CBD Pack \u2013 Kaufe 2 und erhalte 3PACK GREENHOUSE The Tree CBD.\" \/>\n<meta property=\"og:description\" content=\"Die Legende ist zur\u00fcck \u2013 jetzt als Sparangebot. Mit diesem OG Kush CBD Pack erh\u00e4ltst du beim Kauf von 2 Einheiten die dritte gratis dazu. Die perfekte Gelegenheit, mehr von dieser ikonischen Genetik zu genie\u00dfen, ohne mehr zu bezahlen. OG Kush CBD ist eine Kultsorte, die die nat\u00fcrliche Kraft der Kush-Genetik mit CBD-Gehalten zwischen 10 % und 11 % kombiniert und ein tief aromatisches und entspannendes Erlebnis ohne psychoaktive Effekte bietet.\" \/>\n<meta property=\"og:url\" content=\"https:\/\/thetreecbd.com\/de\/cbd\/og-kush-cbd-pack-kaufe-2-und-erhalte-3\" \/>\n<meta property=\"og:site_name\" content=\"The Tree CBD\" \/>\n<meta property=\"article:publisher\" content=\"https:\/\/www.facebook.com\/thetreeCBD\/\" \/>\n<meta property=\"article:modified_time\" content=\"2025-06-27T12:11:39+00:00\" \/>\n<meta property=\"og:image\" content=\"https:\/\/thetreecbd.com\/wp-content\/uploads\/2025\/05\/og-kush.png\" \/>\n\t<meta property=\"og:image:width\" content=\"1080\" \/>\n\t<meta property=\"og:image:height\" content=\"1350\" \/>\n\t<meta property=\"og:image:type\" content=\"image\/png\" \/>\n<meta name=\"twitter:card\" content=\"summary_large_image\" \/>\n<meta name=\"twitter:site\" content=\"@TheTreeCBD_EU\" \/>\n<meta name=\"twitter:label1\" content=\"Gesch\u00e4tzte Lesezeit\" \/>\n\t<meta name=\"twitter:data1\" content=\"3\u00a0Minuten\" \/>\n<script type=\"application\/ld+json\" class=\"yoast-schema-graph\">{\"@context\":\"https:\/\/schema.org\",\"@graph\":[{\"@type\":[\"WebPage\",\"ItemPage\"],\"@id\":\"https:\/\/thetreecbd.com\/de\/cbd\/og-kush-cbd-pack-kaufe-2-und-erhalte-3\",\"url\":\"https:\/\/thetreecbd.com\/de\/cbd\/og-kush-cbd-pack-kaufe-2-und-erhalte-3\",\"name\":\"OG Kush CBD Pack \u2013 Kaufe 2 und erhalte 3PACK GREENHOUSE The Tree CBD.\",\"isPartOf\":{\"@id\":\"https:\/\/thetreecbd.com\/de#website\"},\"primaryImageOfPage\":{\"@id\":\"https:\/\/thetreecbd.com\/de\/cbd\/og-kush-cbd-pack-kaufe-2-und-erhalte-3#primaryimage\"},\"image\":{\"@id\":\"https:\/\/thetreecbd.com\/de\/cbd\/og-kush-cbd-pack-kaufe-2-und-erhalte-3#primaryimage\"},\"thumbnailUrl\":\"https:\/\/thetreecbd.com\/wp-content\/uploads\/2025\/05\/og-kush.png\",\"datePublished\":\"2025-05-30T15:22:19+00:00\",\"dateModified\":\"2025-06-27T12:11:39+00:00\",\"description\":\"Die Legende ist zur\u00fcck \u2013 jetzt als Sparangebot. Mit diesem OG Kush CBD Pack erh\u00e4ltst du beim Kauf von 2 Einheiten die dritte gratis dazu. Die perfekte Gelegenheit, mehr von dieser ikonischen Genetik zu genie\u00dfen, ohne mehr zu bezahlen. OG Kush CBD ist eine Kultsorte, die die nat\u00fcrliche Kraft der Kush-Genetik mit CBD-Gehalten zwischen 10 % und 11 % kombiniert und ein tief aromatisches und entspannendes Erlebnis ohne psychoaktive Effekte bietet.\",\"breadcrumb\":{\"@id\":\"https:\/\/thetreecbd.com\/de\/cbd\/og-kush-cbd-pack-kaufe-2-und-erhalte-3#breadcrumb\"},\"inLanguage\":\"de\",\"potentialAction\":[{\"@type\":\"ReadAction\",\"target\":[\"https:\/\/thetreecbd.com\/de\/cbd\/og-kush-cbd-pack-kaufe-2-und-erhalte-3\"]}]},{\"@type\":\"ImageObject\",\"inLanguage\":\"de\",\"@id\":\"https:\/\/thetreecbd.com\/de\/cbd\/og-kush-cbd-pack-kaufe-2-und-erhalte-3#primaryimage\",\"url\":\"https:\/\/thetreecbd.com\/wp-content\/uploads\/2025\/05\/og-kush.png\",\"contentUrl\":\"https:\/\/thetreecbd.com\/wp-content\/uploads\/2025\/05\/og-kush.png\",\"width\":1080,\"height\":1350},{\"@type\":\"BreadcrumbList\",\"@id\":\"https:\/\/thetreecbd.com\/de\/cbd\/og-kush-cbd-pack-kaufe-2-und-erhalte-3#breadcrumb\",\"itemListElement\":[{\"@type\":\"ListItem\",\"position\":1,\"name\":\"The Tree\",\"item\":\"https:\/\/thetreecbd.com\/de\"},{\"@type\":\"ListItem\",\"position\":2,\"name\":\"CBD\",\"item\":\"https:\/\/thetreecbd.com\/es\/cbd\"},{\"@type\":\"ListItem\",\"position\":3,\"name\":\"CBD-Pakete\",\"item\":\"https:\/\/thetreecbd.com\/de\/cbd-pakete\"},{\"@type\":\"ListItem\",\"position\":4,\"name\":\"OG Kush CBD Pack \u2013 Kaufe 2 und erhalte 3\"}]},{\"@type\":\"WebSite\",\"@id\":\"https:\/\/thetreecbd.com\/de#website\",\"url\":\"https:\/\/thetreecbd.com\/de\",\"name\":\"The Tree CBD\",\"description\":\"Comprar CBD en Espa\u00f1a Online\",\"publisher\":{\"@id\":\"https:\/\/thetreecbd.com\/de#organization\"},\"potentialAction\":[{\"@type\":\"SearchAction\",\"target\":{\"@type\":\"EntryPoint\",\"urlTemplate\":\"https:\/\/thetreecbd.com\/de?s={search_term_string}\"},\"query-input\":{\"@type\":\"PropertyValueSpecification\",\"valueRequired\":true,\"valueName\":\"search_term_string\"}}],\"inLanguage\":\"de\"},{\"@type\":\"Organization\",\"@id\":\"https:\/\/thetreecbd.com\/de#organization\",\"name\":\"The Tree CBD\",\"url\":\"https:\/\/thetreecbd.com\/de\",\"logo\":{\"@type\":\"ImageObject\",\"inLanguage\":\"de\",\"@id\":\"https:\/\/thetreecbd.com\/de#\/schema\/logo\/image\/\",\"url\":\"https:\/\/thetreecbd.com\/wp-content\/uploads\/2022\/04\/logo-thetree.png\",\"contentUrl\":\"https:\/\/thetreecbd.com\/wp-content\/uploads\/2022\/04\/logo-thetree.png\",\"width\":172,\"height\":55,\"caption\":\"The Tree CBD\"},\"image\":{\"@id\":\"https:\/\/thetreecbd.com\/de#\/schema\/logo\/image\/\"},\"sameAs\":[\"https:\/\/www.facebook.com\/thetreeCBD\/\",\"https:\/\/x.com\/TheTreeCBD_EU\",\"https:\/\/www.instagram.com\/thetree.cbd\/\",\"https:\/\/es.trustpilot.com\/review\/thetreecbd.com\"]}]}<\/script>\n<!-- \/ Yoast SEO plugin. -->","yoast_head_json":{"title":"OG Kush CBD Pack \u2013 Kaufe 2 und erhalte 3PACK GREENHOUSE The Tree CBD.","description":"Die Legende ist zur\u00fcck \u2013 jetzt als Sparangebot. Mit diesem OG Kush CBD Pack erh\u00e4ltst du beim Kauf von 2 Einheiten die dritte gratis dazu. Die perfekte Gelegenheit, mehr von dieser ikonischen Genetik zu genie\u00dfen, ohne mehr zu bezahlen. OG Kush CBD ist eine Kultsorte, die die nat\u00fcrliche Kraft der Kush-Genetik mit CBD-Gehalten zwischen 10 % und 11 % kombiniert und ein tief aromatisches und entspannendes Erlebnis ohne psychoaktive Effekte bietet.","robots":{"index":"index","follow":"follow","max-snippet":"max-snippet:-1","max-image-preview":"max-image-preview:large","max-video-preview":"max-video-preview:-1"},"canonical":"https:\/\/thetreecbd.com\/de\/cbd\/og-kush-cbd-pack-kaufe-2-und-erhalte-3","og_locale":"de_DE","og_type":"article","og_title":"OG Kush CBD Pack \u2013 Kaufe 2 und erhalte 3PACK GREENHOUSE The Tree CBD.","og_description":"Die Legende ist zur\u00fcck \u2013 jetzt als Sparangebot. Mit diesem OG Kush CBD Pack erh\u00e4ltst du beim Kauf von 2 Einheiten die dritte gratis dazu. Die perfekte Gelegenheit, mehr von dieser ikonischen Genetik zu genie\u00dfen, ohne mehr zu bezahlen. OG Kush CBD ist eine Kultsorte, die die nat\u00fcrliche Kraft der Kush-Genetik mit CBD-Gehalten zwischen 10 % und 11 % kombiniert und ein tief aromatisches und entspannendes Erlebnis ohne psychoaktive Effekte bietet.","og_url":"https:\/\/thetreecbd.com\/de\/cbd\/og-kush-cbd-pack-kaufe-2-und-erhalte-3","og_site_name":"The Tree CBD","article_publisher":"https:\/\/www.facebook.com\/thetreeCBD\/","article_modified_time":"2025-06-27T12:11:39+00:00","og_image":[{"width":1080,"height":1350,"url":"https:\/\/thetreecbd.com\/wp-content\/uploads\/2025\/05\/og-kush.png","type":"image\/png"}],"twitter_card":"summary_large_image","twitter_site":"@TheTreeCBD_EU","twitter_misc":{"Gesch\u00e4tzte Lesezeit":"3\u00a0Minuten"},"schema":{"@context":"https:\/\/schema.org","@graph":[{"@type":["WebPage","ItemPage"],"@id":"https:\/\/thetreecbd.com\/de\/cbd\/og-kush-cbd-pack-kaufe-2-und-erhalte-3","url":"https:\/\/thetreecbd.com\/de\/cbd\/og-kush-cbd-pack-kaufe-2-und-erhalte-3","name":"OG Kush CBD Pack \u2013 Kaufe 2 und erhalte 3PACK GREENHOUSE The Tree CBD.","isPartOf":{"@id":"https:\/\/thetreecbd.com\/de#website"},"primaryImageOfPage":{"@id":"https:\/\/thetreecbd.com\/de\/cbd\/og-kush-cbd-pack-kaufe-2-und-erhalte-3#primaryimage"},"image":{"@id":"https:\/\/thetreecbd.com\/de\/cbd\/og-kush-cbd-pack-kaufe-2-und-erhalte-3#primaryimage"},"thumbnailUrl":"https:\/\/thetreecbd.com\/wp-content\/uploads\/2025\/05\/og-kush.png","datePublished":"2025-05-30T15:22:19+00:00","dateModified":"2025-06-27T12:11:39+00:00","description":"Die Legende ist zur\u00fcck \u2013 jetzt als Sparangebot. Mit diesem OG Kush CBD Pack erh\u00e4ltst du beim Kauf von 2 Einheiten die dritte gratis dazu. Die perfekte Gelegenheit, mehr von dieser ikonischen Genetik zu genie\u00dfen, ohne mehr zu bezahlen. OG Kush CBD ist eine Kultsorte, die die nat\u00fcrliche Kraft der Kush-Genetik mit CBD-Gehalten zwischen 10 % und 11 % kombiniert und ein tief aromatisches und entspannendes Erlebnis ohne psychoaktive Effekte bietet.","breadcrumb":{"@id":"https:\/\/thetreecbd.com\/de\/cbd\/og-kush-cbd-pack-kaufe-2-und-erhalte-3#breadcrumb"},"inLanguage":"de","potentialAction":[{"@type":"ReadAction","target":["https:\/\/thetreecbd.com\/de\/cbd\/og-kush-cbd-pack-kaufe-2-und-erhalte-3"]}]},{"@type":"ImageObject","inLanguage":"de","@id":"https:\/\/thetreecbd.com\/de\/cbd\/og-kush-cbd-pack-kaufe-2-und-erhalte-3#primaryimage","url":"https:\/\/thetreecbd.com\/wp-content\/uploads\/2025\/05\/og-kush.png","contentUrl":"https:\/\/thetreecbd.com\/wp-content\/uploads\/2025\/05\/og-kush.png","width":1080,"height":1350},{"@type":"BreadcrumbList","@id":"https:\/\/thetreecbd.com\/de\/cbd\/og-kush-cbd-pack-kaufe-2-und-erhalte-3#breadcrumb","itemListElement":[{"@type":"ListItem","position":1,"name":"The Tree","item":"https:\/\/thetreecbd.com\/de"},{"@type":"ListItem","position":2,"name":"CBD","item":"https:\/\/thetreecbd.com\/es\/cbd"},{"@type":"ListItem","position":3,"name":"CBD-Pakete","item":"https:\/\/thetreecbd.com\/de\/cbd-pakete"},{"@type":"ListItem","position":4,"name":"OG Kush CBD Pack \u2013 Kaufe 2 und erhalte 3"}]},{"@type":"WebSite","@id":"https:\/\/thetreecbd.com\/de#website","url":"https:\/\/thetreecbd.com\/de","name":"The Tree CBD","description":"Comprar CBD en Espa\u00f1a Online","publisher":{"@id":"https:\/\/thetreecbd.com\/de#organization"},"potentialAction":[{"@type":"SearchAction","target":{"@type":"EntryPoint","urlTemplate":"https:\/\/thetreecbd.com\/de?s={search_term_string}"},"query-input":{"@type":"PropertyValueSpecification","valueRequired":true,"valueName":"search_term_string"}}],"inLanguage":"de"},{"@type":"Organization","@id":"https:\/\/thetreecbd.com\/de#organization","name":"The Tree CBD","url":"https:\/\/thetreecbd.com\/de","logo":{"@type":"ImageObject","inLanguage":"de","@id":"https:\/\/thetreecbd.com\/de#\/schema\/logo\/image\/","url":"https:\/\/thetreecbd.com\/wp-content\/uploads\/2022\/04\/logo-thetree.png","contentUrl":"https:\/\/thetreecbd.com\/wp-content\/uploads\/2022\/04\/logo-thetree.png","width":172,"height":55,"caption":"The Tree CBD"},"image":{"@id":"https:\/\/thetreecbd.com\/de#\/schema\/logo\/image\/"},"sameAs":["https:\/\/www.facebook.com\/thetreeCBD\/","https:\/\/x.com\/TheTreeCBD_EU","https:\/\/www.instagram.com\/thetree.cbd\/","https:\/\/es.trustpilot.com\/review\/thetreecbd.com"]}]}},"_links":{"self":[{"href":"https:\/\/thetreecbd.com\/de\/wp-json\/wp\/v2\/product\/167133","targetHints":{"allow":["GET"]}}],"collection":[{"href":"https:\/\/thetreecbd.com\/de\/wp-json\/wp\/v2\/product"}],"about":[{"href":"https:\/\/thetreecbd.com\/de\/wp-json\/wp\/v2\/types\/product"}],"version-history":[{"count":0,"href":"https:\/\/thetreecbd.com\/de\/wp-json\/wp\/v2\/product\/167133\/revisions"}],"wp:featuredmedia":[{"embeddable":true,"href":"https:\/\/thetreecbd.com\/de\/wp-json\/wp\/v2\/media\/167088"}],"wp:attachment":[{"href":"https:\/\/thetreecbd.com\/de\/wp-json\/wp\/v2\/media?parent=167133"}],"wp:term":[{"taxonomy":"product_brand","embeddable":true,"href":"https:\/\/thetreecbd.com\/de\/wp-json\/wp\/v2\/product_brand?post=167133"}],"curies":[{"name":"wp","href":"https:\/\/api.w.org\/{rel}","templated":true}]}}