{"id":168208,"date":"2025-06-12T16:39:51","date_gmt":"2025-06-12T14:39:51","guid":{"rendered":"https:\/\/thetreecbd.com\/cbd\/the-runtz-cbd-mini-blute"},"modified":"2025-06-27T13:36:26","modified_gmt":"2025-06-27T11:36:26","slug":"the-runtz-cbd-mini-blute","status":"publish","type":"product","link":"https:\/\/thetreecbd.com\/de\/cbd\/the-runtz-cbd-mini-blute","title":{"rendered":"The Runtz CBD Mini-Bl\u00fcte"},"content":{"rendered":"<p data-sourcepos=\"3:1-3:216\">Das Produkt <strong>The Runtz CBD Kleinbl\u00fcten<\/strong> ist eine der <strong>Neuheiten im Katalog<\/strong> von The Tree CBD mit einem attraktiven Preis f\u00fcr jeden Geldbeutel. Dieses Produkt vereint alle positiven Aspekte unserer Indoor-Genetik.<\/p>\n<p data-sourcepos=\"5:1-5:230\">In diesem Fall werden die <strong>kleinsten CBD-Bl\u00fcten und -Knospen<\/strong> aller legalen CBD-Cannabispflanzen gesammelt, um Ihnen ein Produkt mit der gleichen Qualit\u00e4t wie alle The Tree CBD-Sorten zu einem erschwinglicheren Preis anzubieten.<\/p>\n<p data-sourcepos=\"7:1-7:666\">Die CBD-Bl\u00fcte Runtz von The Tree CBD zeichnet sich durch ihr lebendiges und attraktives Aussehen aus. Die Knospen sind kompakt und dicht, was auf eine hohe Qualit\u00e4t und sorgf\u00e4ltige Kultivierung hinweist. Die Bl\u00fcten weisen eine Farbpalette auf, die von leuchtendem Gr\u00fcn bis zu dunkleren, fast violetten T\u00f6nen reicht, was ein Hinweis auf ihre vielf\u00e4ltige Genetik ist. Diese Farbpracht wird durch eine reichliche Schicht kristalliner Trichome erg\u00e4nzt, die der Bl\u00fcte ein frostiges und im Licht schimmerndes Aussehen verleihen. Die orange- bis dunkelroten Pistillen sind mit den Knospen verwoben und sorgen f\u00fcr einen visuellen Kontrast, der ihre Sch\u00f6nheit noch verst\u00e4rkt.<\/p>\n<p data-sourcepos=\"9:1-9:489\">Die CBD-Bl\u00fcte Runtz von The Tree CBD stammt aus einer <strong>au\u00dfergew\u00f6hnlichen Genetik<\/strong>, einer Kreuzung zwischen den Sorten <strong>Gelato und Zkittlez<\/strong>, zwei sehr bekannten und gesch\u00e4tzten Sorten in der Cannabiswelt. Diese genetische Kombination ist f\u00fcr die F\u00fclle ihrer organoleptischen Eigenschaften verantwortlich. Gelato tr\u00e4gt eine robuste Struktur und eine hohe Dichte an Trichomen bei, w\u00e4hrend Zkittlez mit ihrem einzigartigen Terpenprofil und ihrer beeindruckenden Geschmackspalette punktet.<\/p>\n<p data-sourcepos=\"11:1-11:481\">Die Runtz-Genetik ist bekannt f\u00fcr ihre Ausgewogenheit und die Komplexit\u00e4t, die sie den resultierenden Bl\u00fcten verleiht. Diese <strong>Hybridsorte kombiniert das Beste ihrer Eltern<\/strong>, indem sie eine dichte und harzige Knospenstruktur sowie ein Terpenprofil bietet, das von s\u00fc\u00df und fruchtig bis erdig und w\u00fcrzig reicht. Dieses Gleichgewicht macht die CBD-Bl\u00fcte Runtz nicht nur zu einem Genuss f\u00fcr Auge und Geruch, sondern auch zu einem Zeugnis der Kunst der Hybridisierung im Cannabisanbau.<\/p>\n<hr data-sourcepos=\"13:1-13:3\" \/>\n<h3 data-sourcepos=\"15:1-15:48\">Eigenschaften von legalem Runtz CBD Cannabis<\/h3>\n<ul data-sourcepos=\"17:1-26:0\">\n<li data-sourcepos=\"17:1-17:13\">Hanfknospen<\/li>\n<li data-sourcepos=\"18:1-18:27\">S\u00fc\u00dfe und fruchtige Aromen<\/li>\n<li data-sourcepos=\"19:1-19:28\">Weniger als <strong>0,20 % THC<\/strong><\/li>\n<li data-sourcepos=\"20:1-20:14\"><strong>18 % CBD<\/strong><\/li>\n<li data-sourcepos=\"21:1-21:32\">Genetik: <strong>Gelato x Zkittlez<\/strong><\/li>\n<li data-sourcepos=\"22:1-22:29\">Keine psychoaktiven Effekte<\/li>\n<li data-sourcepos=\"23:1-23:21\">Biologisch angebaut<\/li>\n<li data-sourcepos=\"24:1-24:10\">GMO-frei<\/li>\n<li data-sourcepos=\"25:1-26:0\">Pestizidfrei<\/li>\n<\/ul>\n<hr data-sourcepos=\"27:1-27:3\" \/>\n<h3 data-sourcepos=\"29:1-29:19\">Runtz CBD Aroma<\/h3>\n<p data-sourcepos=\"31:1-31:622\">Das aromatische Profil der CBD-Bl\u00fcte Runtz ist eine raffinierte Kombination aus S\u00fc\u00dfe und fruchtigen Noten, erg\u00e4nzt durch erdige und holzige Akzente dank ihres reichen Terpenprofils. Die Pr\u00e4senz von Caryophyllen verleiht eine w\u00fcrzige Basis, w\u00e4hrend Humulen zu erdigen und krautigen Noten beitr\u00e4gt. Linalool wiederum bringt eine florale und zitrusartige Nuance ein, die das Aroma auf delikate und komplexe Weise abrundet. Beim \u00d6ffnen eines Glases entfaltet sich ein Duft, der an tropische Fr\u00fcchte wie Mango und Ananas erinnert, mit einem cremigen und s\u00fc\u00dfen Hintergrund, der die anderen aromatischen Elemente perfekt erg\u00e4nzt.<\/p>\n<hr data-sourcepos=\"33:1-33:3\" \/>\n<h3 data-sourcepos=\"35:1-35:16\">Terpenprofil<\/h3>\n<p data-sourcepos=\"37:1-38:272\"><strong>Caryophyllen<\/strong> Caryophyllen ist ein Terpen, das h\u00e4ufig in vielen Pflanzen vorkommt, darunter schwarzer Pfeffer, Nelken und einige Cannabissorten. Es ist bekannt f\u00fcr sein w\u00fcrziges und holziges Aroma, das dem olfaktorischen Profil der CBD-Bl\u00fcte Runtz eine zus\u00e4tzliche Komplexit\u00e4t verleiht.<\/p>\n<ul data-sourcepos=\"40:1-42:0\">\n<li data-sourcepos=\"40:1-40:118\"><strong>Aroma:<\/strong> Caryophyllen bietet ein warmes und w\u00fcrziges Aroma, das oft als nelken- oder zimt\u00e4hnlich beschrieben wird.<\/li>\n<li data-sourcepos=\"41:1-42:0\"><strong>Eigenschaften:<\/strong> Dieses Terpen ist einzigartig, da es auch als Cannabinoid wirken kann, indem es an die CB2-Rezeptoren im Endocannabinoid-System bindet. Obwohl seine Eigenschaften in diesem Kontext nicht n\u00e4her beleuchtet werden, ist diese funktionale Dualit\u00e4t interessant.<\/li>\n<\/ul>\n<p data-sourcepos=\"43:1-44:188\"><strong>Humulen<\/strong> Humulen ist ein weiteres Terpen, das in der CBD-Bl\u00fcte Runtz reichlich vorhanden ist. Dieses Terpen ist auch im Hopfen, der bei der Bierherstellung verwendet wird, und im Salbei verbreitet.<\/p>\n<ul data-sourcepos=\"46:1-48:0\">\n<li data-sourcepos=\"46:1-46:139\"><strong>Aroma:<\/strong> Humulen hat ein erdiges und holziges Aroma mit einem Hauch von Gew\u00fcrzen, das das gesamte aromatische Profil der Sorte erg\u00e4nzt.<\/li>\n<li data-sourcepos=\"47:1-48:0\"><strong>Eigenschaften:<\/strong> Seine Pr\u00e4senz tr\u00e4gt zur Tiefe und Robustheit des Aromas der Bl\u00fcte bei und schafft ein Gleichgewicht zwischen den s\u00fc\u00dfen und fruchtigen Noten und einem eher erdigen und krautigen Hintergrund.<\/li>\n<\/ul>\n<p data-sourcepos=\"49:1-50:200\"><strong>Linalool<\/strong> Linalool ist ein Terpen, das weithin f\u00fcr seine Pr\u00e4senz in Lavendel und vielen aromatischen Blumen und Gew\u00fcrzen bekannt ist. Es ist eines der angenehmsten und sanftesten Terpene in Bezug auf das Aroma.<\/p>\n<ul data-sourcepos=\"52:1-54:0\">\n<li data-sourcepos=\"52:1-52:152\"><strong>Aroma:<\/strong> Linalool zeichnet sich durch seinen floralen und leicht zitrusartigen Duft aus, der an frischen Lavendel und sanfte Zitrusnuancen erinnert.<\/li>\n<li data-sourcepos=\"53:1-54:0\"><strong>Eigenschaften:<\/strong> Dieses Terpen bringt eine florale Note ein, die sich harmonisch mit den anderen in der CBD-Bl\u00fcte Runtz vorhandenen Terpenen verbindet und zu einem ausgewogenen und angenehmen Geruchserlebnis beitr\u00e4gt.<\/li>\n<\/ul>\n<hr data-sourcepos=\"55:1-55:3\" \/>\n<h3 data-sourcepos=\"57:1-57:14\">Zielgruppe<\/h3>\n<p data-sourcepos=\"59:1-59:203\">Indoor-Anbau-Bl\u00fcten sind f\u00fcr diejenigen gedacht, die eine Qualit\u00e4tsgarantie suchen, da der Indoor-Anbau die Schaffung homogener Bl\u00fcten mit einer gr\u00fcnen Farbe und einer hohen CBD-Konzentration erm\u00f6glicht.<\/p>\n<p data-sourcepos=\"61:1-61:197\">Der Indoor-Anbau ist zweifellos eine viel technischere Anbaumethode, bei der das Medium, in dem eine Pflanze w\u00e4chst, kontrolliert werden kann, um die vom Z\u00fcchter bevorzugten Ergebnisse zu erzielen.<\/p>\n<p data-sourcepos=\"63:1-63:306\">Es ist die bevorzugte Methode f\u00fcr medizinische Zwecke, da auf diese Weise die Kontrolle von Klima und Licht erreicht und das Produkt so weit wie m\u00f6glich standardisiert werden kann; man darf nicht vergessen, dass die Variabilit\u00e4t des CBD-Prozentsatzes und anderer Cannabinoide stark vom Anbauumfeld abh\u00e4ngt.<\/p>\n<p data-sourcepos=\"65:1-65:224\">Mit einer Klima- und N\u00e4hrstoffkontrolle, sowohl bei der Wurzelunterst\u00fctzung als auch bei den Lichtstunden, stellen wir sicher, dass das Produkt homogen ist und wir immer eine Qualit\u00e4tsgarantie mit Indoor-CBD-Bl\u00fcten erhalten.<\/p>\n<p data-sourcepos=\"67:1-67:227\">Aus Verbrauchersicht kann Indoor-Anbau aufgrund der zuvor genannten Qualit\u00e4tsgarantie besser sein, und Indoor-CBD-Bl\u00fcten sind auch f\u00fcr ihr Aussehen bekannt, das normalerweise harziger und von einer lebhafteren gr\u00fcnen Farbe ist.<\/p>\n<hr data-sourcepos=\"69:1-69:3\" \/>\n<h3 data-sourcepos=\"71:1-71:28\">Sicherheitsinformationen<\/h3>\n<p data-sourcepos=\"73:1-73:231\">Bitte beachten Sie, dass die CBD-Knospen von The Tree ein dekoratives, Sammler- und Aromaprodukt sind. Sie sollten nicht w\u00e4hrend der Schwangerschaft oder Stillzeit verwendet werden. Au\u00dferhalb der Reichweite von Kindern aufbewahren.<\/p>\n<p data-sourcepos=\"75:1-75:129\">Unsere CBD-Knospen k\u00f6nnen eine bestimmte Menge THC enthalten. Dies liegt selbstverst\u00e4ndlich unter dem EU-Grenzwert von 0,2 % THC.<\/p>\n<p data-sourcepos=\"77:1-77:265\">Der bereitgestellte Inhalt dient ausschlie\u00dflich zu Informations- und Schulungszwecken und ersetzt in keiner Weise die medizinische Beratung durch einen Arzt oder Apotheker. Unsere Texte sind nicht zur eigenst\u00e4ndigen Diagnose und Behandlung von Krankheiten bestimmt.<\/p>\n<p data-sourcepos=\"79:1-79:58\">Z\u00f6gern Sie nicht, uns bei weiteren Fragen zu kontaktieren.<\/p>\n<hr data-sourcepos=\"81:1-81:3\" \/>\n<h3 data-sourcepos=\"83:1-83:12\">Lagerung<\/h3>\n<p data-sourcepos=\"85:1-85:253\">Idealerweise sollten die CBD-Knospen von The Tree an einem k\u00fchlen und trockenen Ort gelagert werden, gesch\u00fctzt vor Licht und starken Ger\u00fcchen, um jegliche Art von Kontamination und\/oder Abbau zu vermeiden. Direkte Sonneneinstrahlung und Hitze vermeiden.<\/p>\n<p data-sourcepos=\"87:1-87:83\"><strong>Achtung:<\/strong> Die angegebene Haltbarkeit betr\u00e4gt einen Monat bei korrekter Lagerung.<\/p>\n","protected":false},"excerpt":{"rendered":"<ul>\n<li><strong>S\u00fc\u00dfe und fruchtige Aromen<\/strong><\/li>\n<li><strong>Weniger als 0,20 % THC<\/strong><\/li>\n<li><strong>18 % CBD<\/strong><\/li>\n<li><strong>Genetik: Gelato x Zkittlez<\/strong><\/li>\n<li><strong>Keine psychoaktiven Effekte<\/strong><\/li>\n<li><strong>Biologisch angebaut<\/strong><\/li>\n<li><strong>GMO-frei<\/strong><\/li>\n<li><strong>Pestizidfrei<\/strong><\/li>\n<\/ul>\n","protected":false},"featured_media":165258,"template":"","meta":{"_acf_changed":false},"product_brand":[],"class_list":{"0":"post-168208","1":"product","2":"type-product","3":"status-publish","4":"has-post-thumbnail","6":"product_cat-bluten","7":"product_cat-kleine-cbd-bluten-popcorn-buds","8":"product_cat-produkte-mit-10-cbd","10":"first","11":"instock","12":"taxable","13":"shipping-taxable","14":"purchasable","15":"product-type-variable"},"acf":[],"yoast_head":"<!-- This site is optimized with the Yoast SEO plugin v26.3 - https:\/\/yoast.com\/wordpress\/plugins\/seo\/ -->\n<title>The Runtz CBD Mini-Bl\u00fcte 18% CBD cannabis legal - The Tree CBD<\/title>\n<meta name=\"description\" content=\"Die CBD-Bl\u00fcte Runtz von The Tree CBD stammt aus einer au\u00dfergew\u00f6hnlichen Genetik und ist eine Kreuzung zwischen den Sorten Gelato und Zkittlez.\" \/>\n<meta name=\"robots\" content=\"index, follow, max-snippet:-1, max-image-preview:large, max-video-preview:-1\" \/>\n<link rel=\"canonical\" href=\"https:\/\/thetreecbd.com\/de\/cbd\/the-runtz-cbd-mini-blute\" \/>\n<meta property=\"og:locale\" content=\"de_DE\" \/>\n<meta property=\"og:type\" content=\"article\" \/>\n<meta property=\"og:title\" content=\"The Runtz CBD Mini-Bl\u00fcte 18% CBD cannabis legal - The Tree CBD\" \/>\n<meta property=\"og:description\" content=\"Die CBD-Bl\u00fcte Runtz von The Tree CBD stammt aus einer au\u00dfergew\u00f6hnlichen Genetik und ist eine Kreuzung zwischen den Sorten Gelato und Zkittlez.\" \/>\n<meta property=\"og:url\" content=\"https:\/\/thetreecbd.com\/de\/cbd\/the-runtz-cbd-mini-blute\" \/>\n<meta property=\"og:site_name\" content=\"The Tree CBD\" \/>\n<meta property=\"article:publisher\" content=\"https:\/\/www.facebook.com\/thetreeCBD\/\" \/>\n<meta property=\"article:modified_time\" content=\"2025-06-27T11:36:26+00:00\" \/>\n<meta property=\"og:image\" content=\"https:\/\/thetreecbd.com\/wp-content\/uploads\/2025\/01\/Malibu_Exotic_Heap_1.48.1-scaled-e1740645317417.jpeg\" \/>\n\t<meta property=\"og:image:width\" content=\"1152\" \/>\n\t<meta property=\"og:image:height\" content=\"1198\" \/>\n\t<meta property=\"og:image:type\" content=\"image\/jpeg\" \/>\n<meta name=\"twitter:card\" content=\"summary_large_image\" \/>\n<meta name=\"twitter:site\" content=\"@TheTreeCBD_EU\" \/>\n<meta name=\"twitter:label1\" content=\"Gesch\u00e4tzte Lesezeit\" \/>\n\t<meta name=\"twitter:data1\" content=\"5\u00a0Minuten\" \/>\n<script type=\"application\/ld+json\" class=\"yoast-schema-graph\">{\"@context\":\"https:\/\/schema.org\",\"@graph\":[{\"@type\":[\"WebPage\",\"ItemPage\"],\"@id\":\"https:\/\/thetreecbd.com\/de\/cbd\/the-runtz-cbd-mini-blute\",\"url\":\"https:\/\/thetreecbd.com\/de\/cbd\/the-runtz-cbd-mini-blute\",\"name\":\"The Runtz CBD Mini-Bl\u00fcte 18% CBD cannabis legal - The Tree CBD\",\"isPartOf\":{\"@id\":\"https:\/\/thetreecbd.com\/de#website\"},\"primaryImageOfPage\":{\"@id\":\"https:\/\/thetreecbd.com\/de\/cbd\/the-runtz-cbd-mini-blute#primaryimage\"},\"image\":{\"@id\":\"https:\/\/thetreecbd.com\/de\/cbd\/the-runtz-cbd-mini-blute#primaryimage\"},\"thumbnailUrl\":\"https:\/\/thetreecbd.com\/wp-content\/uploads\/2025\/01\/Malibu_Exotic_Heap_1.48.1-scaled-e1740645317417.jpeg\",\"datePublished\":\"2025-06-12T14:39:51+00:00\",\"dateModified\":\"2025-06-27T11:36:26+00:00\",\"description\":\"Die CBD-Bl\u00fcte Runtz von The Tree CBD stammt aus einer au\u00dfergew\u00f6hnlichen Genetik und ist eine Kreuzung zwischen den Sorten Gelato und Zkittlez.\",\"breadcrumb\":{\"@id\":\"https:\/\/thetreecbd.com\/de\/cbd\/the-runtz-cbd-mini-blute#breadcrumb\"},\"inLanguage\":\"de\",\"potentialAction\":[{\"@type\":\"ReadAction\",\"target\":[\"https:\/\/thetreecbd.com\/de\/cbd\/the-runtz-cbd-mini-blute\"]}]},{\"@type\":\"ImageObject\",\"inLanguage\":\"de\",\"@id\":\"https:\/\/thetreecbd.com\/de\/cbd\/the-runtz-cbd-mini-blute#primaryimage\",\"url\":\"https:\/\/thetreecbd.com\/wp-content\/uploads\/2025\/01\/Malibu_Exotic_Heap_1.48.1-scaled-e1740645317417.jpeg\",\"contentUrl\":\"https:\/\/thetreecbd.com\/wp-content\/uploads\/2025\/01\/Malibu_Exotic_Heap_1.48.1-scaled-e1740645317417.jpeg\",\"width\":1152,\"height\":1198},{\"@type\":\"BreadcrumbList\",\"@id\":\"https:\/\/thetreecbd.com\/de\/cbd\/the-runtz-cbd-mini-blute#breadcrumb\",\"itemListElement\":[{\"@type\":\"ListItem\",\"position\":1,\"name\":\"The Tree\",\"item\":\"https:\/\/thetreecbd.com\/de\"},{\"@type\":\"ListItem\",\"position\":2,\"name\":\"CBD\",\"item\":\"https:\/\/thetreecbd.com\/es\/cbd\"},{\"@type\":\"ListItem\",\"position\":3,\"name\":\"CBD-Bl\u00fcten kaufen\",\"item\":\"https:\/\/thetreecbd.com\/de\/bluten\"},{\"@type\":\"ListItem\",\"position\":4,\"name\":\"Kleine CBD-Bl\u00fcten &amp; Popcorn-Buds\",\"item\":\"https:\/\/thetreecbd.com\/de\/bluten\/kleine-cbd-bluten-popcorn-buds\"},{\"@type\":\"ListItem\",\"position\":5,\"name\":\"The Runtz CBD Mini-Bl\u00fcte\"}]},{\"@type\":\"WebSite\",\"@id\":\"https:\/\/thetreecbd.com\/de#website\",\"url\":\"https:\/\/thetreecbd.com\/de\",\"name\":\"The Tree CBD\",\"description\":\"Comprar CBD en Espa\u00f1a Online\",\"publisher\":{\"@id\":\"https:\/\/thetreecbd.com\/de#organization\"},\"potentialAction\":[{\"@type\":\"SearchAction\",\"target\":{\"@type\":\"EntryPoint\",\"urlTemplate\":\"https:\/\/thetreecbd.com\/de?s={search_term_string}\"},\"query-input\":{\"@type\":\"PropertyValueSpecification\",\"valueRequired\":true,\"valueName\":\"search_term_string\"}}],\"inLanguage\":\"de\"},{\"@type\":\"Organization\",\"@id\":\"https:\/\/thetreecbd.com\/de#organization\",\"name\":\"The Tree CBD\",\"url\":\"https:\/\/thetreecbd.com\/de\",\"logo\":{\"@type\":\"ImageObject\",\"inLanguage\":\"de\",\"@id\":\"https:\/\/thetreecbd.com\/de#\/schema\/logo\/image\/\",\"url\":\"https:\/\/thetreecbd.com\/wp-content\/uploads\/2022\/04\/logo-thetree.png\",\"contentUrl\":\"https:\/\/thetreecbd.com\/wp-content\/uploads\/2022\/04\/logo-thetree.png\",\"width\":172,\"height\":55,\"caption\":\"The Tree CBD\"},\"image\":{\"@id\":\"https:\/\/thetreecbd.com\/de#\/schema\/logo\/image\/\"},\"sameAs\":[\"https:\/\/www.facebook.com\/thetreeCBD\/\",\"https:\/\/x.com\/TheTreeCBD_EU\",\"https:\/\/www.instagram.com\/thetree.cbd\/\",\"https:\/\/es.trustpilot.com\/review\/thetreecbd.com\"]}]}<\/script>\n<!-- \/ Yoast SEO plugin. -->","yoast_head_json":{"title":"The Runtz CBD Mini-Bl\u00fcte 18% CBD cannabis legal - The Tree CBD","description":"Die CBD-Bl\u00fcte Runtz von The Tree CBD stammt aus einer au\u00dfergew\u00f6hnlichen Genetik und ist eine Kreuzung zwischen den Sorten Gelato und Zkittlez.","robots":{"index":"index","follow":"follow","max-snippet":"max-snippet:-1","max-image-preview":"max-image-preview:large","max-video-preview":"max-video-preview:-1"},"canonical":"https:\/\/thetreecbd.com\/de\/cbd\/the-runtz-cbd-mini-blute","og_locale":"de_DE","og_type":"article","og_title":"The Runtz CBD Mini-Bl\u00fcte 18% CBD cannabis legal - The Tree CBD","og_description":"Die CBD-Bl\u00fcte Runtz von The Tree CBD stammt aus einer au\u00dfergew\u00f6hnlichen Genetik und ist eine Kreuzung zwischen den Sorten Gelato und Zkittlez.","og_url":"https:\/\/thetreecbd.com\/de\/cbd\/the-runtz-cbd-mini-blute","og_site_name":"The Tree CBD","article_publisher":"https:\/\/www.facebook.com\/thetreeCBD\/","article_modified_time":"2025-06-27T11:36:26+00:00","og_image":[{"width":1152,"height":1198,"url":"https:\/\/thetreecbd.com\/wp-content\/uploads\/2025\/01\/Malibu_Exotic_Heap_1.48.1-scaled-e1740645317417.jpeg","type":"image\/jpeg"}],"twitter_card":"summary_large_image","twitter_site":"@TheTreeCBD_EU","twitter_misc":{"Gesch\u00e4tzte Lesezeit":"5\u00a0Minuten"},"schema":{"@context":"https:\/\/schema.org","@graph":[{"@type":["WebPage","ItemPage"],"@id":"https:\/\/thetreecbd.com\/de\/cbd\/the-runtz-cbd-mini-blute","url":"https:\/\/thetreecbd.com\/de\/cbd\/the-runtz-cbd-mini-blute","name":"The Runtz CBD Mini-Bl\u00fcte 18% CBD cannabis legal - The Tree CBD","isPartOf":{"@id":"https:\/\/thetreecbd.com\/de#website"},"primaryImageOfPage":{"@id":"https:\/\/thetreecbd.com\/de\/cbd\/the-runtz-cbd-mini-blute#primaryimage"},"image":{"@id":"https:\/\/thetreecbd.com\/de\/cbd\/the-runtz-cbd-mini-blute#primaryimage"},"thumbnailUrl":"https:\/\/thetreecbd.com\/wp-content\/uploads\/2025\/01\/Malibu_Exotic_Heap_1.48.1-scaled-e1740645317417.jpeg","datePublished":"2025-06-12T14:39:51+00:00","dateModified":"2025-06-27T11:36:26+00:00","description":"Die CBD-Bl\u00fcte Runtz von The Tree CBD stammt aus einer au\u00dfergew\u00f6hnlichen Genetik und ist eine Kreuzung zwischen den Sorten Gelato und Zkittlez.","breadcrumb":{"@id":"https:\/\/thetreecbd.com\/de\/cbd\/the-runtz-cbd-mini-blute#breadcrumb"},"inLanguage":"de","potentialAction":[{"@type":"ReadAction","target":["https:\/\/thetreecbd.com\/de\/cbd\/the-runtz-cbd-mini-blute"]}]},{"@type":"ImageObject","inLanguage":"de","@id":"https:\/\/thetreecbd.com\/de\/cbd\/the-runtz-cbd-mini-blute#primaryimage","url":"https:\/\/thetreecbd.com\/wp-content\/uploads\/2025\/01\/Malibu_Exotic_Heap_1.48.1-scaled-e1740645317417.jpeg","contentUrl":"https:\/\/thetreecbd.com\/wp-content\/uploads\/2025\/01\/Malibu_Exotic_Heap_1.48.1-scaled-e1740645317417.jpeg","width":1152,"height":1198},{"@type":"BreadcrumbList","@id":"https:\/\/thetreecbd.com\/de\/cbd\/the-runtz-cbd-mini-blute#breadcrumb","itemListElement":[{"@type":"ListItem","position":1,"name":"The Tree","item":"https:\/\/thetreecbd.com\/de"},{"@type":"ListItem","position":2,"name":"CBD","item":"https:\/\/thetreecbd.com\/es\/cbd"},{"@type":"ListItem","position":3,"name":"CBD-Bl\u00fcten kaufen","item":"https:\/\/thetreecbd.com\/de\/bluten"},{"@type":"ListItem","position":4,"name":"Kleine CBD-Bl\u00fcten &amp; Popcorn-Buds","item":"https:\/\/thetreecbd.com\/de\/bluten\/kleine-cbd-bluten-popcorn-buds"},{"@type":"ListItem","position":5,"name":"The Runtz CBD Mini-Bl\u00fcte"}]},{"@type":"WebSite","@id":"https:\/\/thetreecbd.com\/de#website","url":"https:\/\/thetreecbd.com\/de","name":"The Tree CBD","description":"Comprar CBD en Espa\u00f1a Online","publisher":{"@id":"https:\/\/thetreecbd.com\/de#organization"},"potentialAction":[{"@type":"SearchAction","target":{"@type":"EntryPoint","urlTemplate":"https:\/\/thetreecbd.com\/de?s={search_term_string}"},"query-input":{"@type":"PropertyValueSpecification","valueRequired":true,"valueName":"search_term_string"}}],"inLanguage":"de"},{"@type":"Organization","@id":"https:\/\/thetreecbd.com\/de#organization","name":"The Tree CBD","url":"https:\/\/thetreecbd.com\/de","logo":{"@type":"ImageObject","inLanguage":"de","@id":"https:\/\/thetreecbd.com\/de#\/schema\/logo\/image\/","url":"https:\/\/thetreecbd.com\/wp-content\/uploads\/2022\/04\/logo-thetree.png","contentUrl":"https:\/\/thetreecbd.com\/wp-content\/uploads\/2022\/04\/logo-thetree.png","width":172,"height":55,"caption":"The Tree CBD"},"image":{"@id":"https:\/\/thetreecbd.com\/de#\/schema\/logo\/image\/"},"sameAs":["https:\/\/www.facebook.com\/thetreeCBD\/","https:\/\/x.com\/TheTreeCBD_EU","https:\/\/www.instagram.com\/thetree.cbd\/","https:\/\/es.trustpilot.com\/review\/thetreecbd.com"]}]}},"_links":{"self":[{"href":"https:\/\/thetreecbd.com\/de\/wp-json\/wp\/v2\/product\/168208","targetHints":{"allow":["GET"]}}],"collection":[{"href":"https:\/\/thetreecbd.com\/de\/wp-json\/wp\/v2\/product"}],"about":[{"href":"https:\/\/thetreecbd.com\/de\/wp-json\/wp\/v2\/types\/product"}],"version-history":[{"count":0,"href":"https:\/\/thetreecbd.com\/de\/wp-json\/wp\/v2\/product\/168208\/revisions"}],"wp:featuredmedia":[{"embeddable":true,"href":"https:\/\/thetreecbd.com\/de\/wp-json\/wp\/v2\/media\/165258"}],"wp:attachment":[{"href":"https:\/\/thetreecbd.com\/de\/wp-json\/wp\/v2\/media?parent=168208"}],"wp:term":[{"taxonomy":"product_brand","embeddable":true,"href":"https:\/\/thetreecbd.com\/de\/wp-json\/wp\/v2\/product_brand?post=168208"}],"curies":[{"name":"wp","href":"https:\/\/api.w.org\/{rel}","templated":true}]}}